{"id":276222,"date":"2020-10-27T18:04:43","date_gmt":"2020-10-27T17:04:43","guid":{"rendered":"https:\/\/miomiorun.com\/prodotto\/cep-ultralight-low-cut-socks-donna\/"},"modified":"2026-04-22T12:24:21","modified_gmt":"2026-04-22T10:24:21","slug":"cep-ultralight-low-cut-socks-mujer","status":"publish","type":"product","link":"https:\/\/www.miomiorun.com\/es\/producto\/cep-ultralight-low-cut-socks-mujer\/","title":{"rendered":"Ultralight Low Cut Socks mujer"},"content":{"rendered":"<p>Gracias a su dise\u00f1o ajustado y a sus materiales de \u00faltima generaci\u00f3n, estos calcetines est\u00e1n pensados para reducir al m\u00ednimo el riesgo de ampollas, ofreci\u00e9ndote la m\u00e1xima comodidad incluso en las sesiones m\u00e1s intensas. El tejido ultrafino, ligero y altamente transpirable garantiza una gesti\u00f3n \u00f3ptima de la temperatura y la humedad, manteniendo los pies secos y frescos. El <strong>PERFIL ANTIDESLIZANTE<\/strong>, con sus laminillas en zigzag, garantiza un agarre perfecto al calzado para un control superior durante la carrera.<\/p>\n<h3>Descripci\u00f3n del producto<\/h3>\n<h4>Comodidad y rendimiento: calcetines Ultralight Socks Low Cut para mujer<\/h4>\n<p>Los calcetines Ultralight Low Cut son tu mejor aliado para los d\u00edas m\u00e1s calurosos. Perfectos tanto para los entrenamientos como para las carreras, estos calcetines ofrecen un ajuste anat\u00f3mico y compresivo que no solo reduce el riesgo de ampollas, sino que optimiza la comodidad y la sujeci\u00f3n. Gracias a su innovadora tecnolog\u00eda, te permiten concentrarte \u00fanicamente en correr y en tus objetivos.<\/p>\n<h4>Ideales para el verano<\/h4>\n<p>Dise\u00f1ados para climas c\u00e1lidos, estos calcetines ultraligeros son tan c\u00f3modos que casi ni los notar\u00e1s. Su tejido t\u00e9cnico avanzado mantiene tus pies frescos y secos, incluso en las rutas m\u00e1s largas. \u00a1Olv\u00eddate de la molestia de los pies acalorados y ve a por tu nueva marca personal!<\/p>\n<h4>Control total<\/h4>\n<p>Una pisada estable es sin\u00f3nimo de potencia y precisi\u00f3n. Gracias al <strong>PERFIL ANTIDESLIZANTE<\/strong>, las l\u00e1minas en zigzag garantizan un agarre \u00f3ptimo al calzado, mejorando la estabilidad y la transferencia de energ\u00eda en cada paso.<\/p>\n<h3>Materiales<\/h3>\n<ul>\n<li>84 % de poliamida<\/li>\n<li>16 % elastano<\/li>\n<\/ul>\n<p>\u00a1No te pierdas estos calcetines ideales para correr y p\u00eddelos hoy mismo!<\/p>\n","protected":false},"excerpt":{"rendered":"<ul>\n<li><strong>Prevenci\u00f3n de ampollas y comodidad \u00f3ptima<\/strong>: Su ajuste compresivo y anat\u00f3mico reduce al m\u00ednimo el riesgo de ampollas, incluso durante las carreras m\u00e1s intensas.<\/li>\n<li><strong>Materiales ultraligeros y transpirables<\/strong>: Perfectos para los d\u00edas calurosos, garantizan unos pies frescos y secos incluso tras kil\u00f3metros de carrera.<\/li>\n<li><strong>Control total en la zapatilla<\/strong>: El perfil antideslizante con laminillas en zigzag ofrece un agarre superior, mejorando la estabilidad y la potencia de la zancada.<\/li>\n<\/ul>\n","protected":false},"featured_media":230904,"template":"","meta":{"_acf_changed":false,"inline_featured_image":false},"product_brand":[],"product_cat":[24400,24401,24402],"product_tag":[23468,23666],"class_list":{"0":"post-276222","1":"product","2":"type-product","3":"status-publish","4":"has-post-thumbnail","6":"product_cat-calcetines","7":"product_cat-ropa-de-mujer","8":"product_cat-mujer","9":"product_tag-cep-es","10":"product_tag-cep-mujer","11":"pa_attivita-caminar","12":"pa_attivita-fitness-es","13":"pa_attivita-running-es","14":"pa_colore-ultralight-compr-socks-low-cut-light-w-es","15":"pa_colore-ultralight-low-cut-compression-socks-electric-pink-light-grey-es-2","16":"pa_marca-cep-es","17":"pa_sesso-mujer","18":"pa_size-34-37-es","19":"pa_size-37-40-es","21":"first","22":"instock","23":"sale","24":"taxable","25":"shipping-taxable","26":"purchasable","27":"product-type-variable","28":"wvs-archive-product-wrapper"},"acf":[],"yoast_head":"<!-- This site is optimized with the Yoast SEO plugin v26.8 - https:\/\/yoast.com\/product\/yoast-seo-wordpress\/ -->\n<title>Cep Ultralight Low Cut Socks mujer - Calcetines de running - MioMioRun<\/title>\n<meta name=\"description\" content=\"Calcetines Ultralight Low Cut para mujer: ligeros, transpirables y antideslizantes, perfectos para correr en verano y para un control \u00f3ptimo dentro de la zapatilla.\" \/>\n<meta name=\"robots\" content=\"index, follow, max-snippet:-1, max-image-preview:large, max-video-preview:-1\" \/>\n<link rel=\"canonical\" href=\"https:\/\/www.miomiorun.com\/es\/producto\/cep-ultralight-low-cut-socks-mujer\/\" \/>\n<meta property=\"og:locale\" content=\"es_ES\" \/>\n<meta property=\"og:type\" content=\"article\" \/>\n<meta property=\"og:title\" content=\"Cep Ultralight Low Cut Socks mujer - Calcetines de running - MioMioRun\" \/>\n<meta property=\"og:description\" content=\"Calcetines Ultralight Low Cut para mujer: ligeros, transpirables y antideslizantes, perfectos para correr en verano y para un control \u00f3ptimo dentro de la zapatilla.\" \/>\n<meta property=\"og:url\" content=\"https:\/\/www.miomiorun.com\/es\/producto\/cep-ultralight-low-cut-socks-mujer\/\" \/>\n<meta property=\"og:site_name\" content=\"MioMioRun\" \/>\n<meta property=\"article:publisher\" content=\"https:\/\/www.facebook.com\/miomiorun\/\" \/>\n<meta property=\"article:modified_time\" content=\"2026-04-22T10:24:21+00:00\" \/>\n<meta property=\"og:image\" content=\"https:\/\/www.miomiorun.com\/app\/uploads\/2020\/10\/cep-Ultralight-Low-Cut-Compression-WP4ALY.jpg\" \/>\n\t<meta property=\"og:image:width\" content=\"600\" \/>\n\t<meta property=\"og:image:height\" content=\"600\" \/>\n\t<meta property=\"og:image:type\" content=\"image\/jpeg\" \/>\n<meta name=\"twitter:card\" content=\"summary_large_image\" \/>\n<meta name=\"twitter:label1\" content=\"Est. reading time\" \/>\n\t<meta name=\"twitter:data1\" content=\"1 minute\" \/>\n<script type=\"application\/ld+json\" class=\"yoast-schema-graph\">{\"@context\":\"https:\/\/schema.org\",\"@graph\":[{\"@type\":\"WebPage\",\"@id\":\"https:\/\/www.miomiorun.com\/es\/producto\/cep-ultralight-low-cut-socks-mujer\/\",\"url\":\"https:\/\/www.miomiorun.com\/es\/producto\/cep-ultralight-low-cut-socks-mujer\/\",\"name\":\"Cep Ultralight Low Cut Socks mujer - Calcetines de running - MioMioRun\",\"isPartOf\":{\"@id\":\"https:\/\/www.miomiorun.com\/es\/#website\"},\"primaryImageOfPage\":{\"@id\":\"https:\/\/www.miomiorun.com\/es\/producto\/cep-ultralight-low-cut-socks-mujer\/#primaryimage\"},\"image\":{\"@id\":\"https:\/\/www.miomiorun.com\/es\/producto\/cep-ultralight-low-cut-socks-mujer\/#primaryimage\"},\"thumbnailUrl\":\"https:\/\/www.miomiorun.com\/app\/uploads\/2020\/10\/cep-Ultralight-Low-Cut-Compression-WP4ALY.jpg\",\"datePublished\":\"2020-10-27T17:04:43+00:00\",\"dateModified\":\"2026-04-22T10:24:21+00:00\",\"description\":\"Calcetines Ultralight Low Cut para mujer: ligeros, transpirables y antideslizantes, perfectos para correr en verano y para un control \u00f3ptimo dentro de la zapatilla.\",\"breadcrumb\":{\"@id\":\"https:\/\/www.miomiorun.com\/es\/producto\/cep-ultralight-low-cut-socks-mujer\/#breadcrumb\"},\"inLanguage\":\"es-ES\",\"potentialAction\":[{\"@type\":\"ReadAction\",\"target\":[\"https:\/\/www.miomiorun.com\/es\/producto\/cep-ultralight-low-cut-socks-mujer\/\"]}]},{\"@type\":\"ImageObject\",\"inLanguage\":\"es-ES\",\"@id\":\"https:\/\/www.miomiorun.com\/es\/producto\/cep-ultralight-low-cut-socks-mujer\/#primaryimage\",\"url\":\"https:\/\/www.miomiorun.com\/app\/uploads\/2020\/10\/cep-Ultralight-Low-Cut-Compression-WP4ALY.jpg\",\"contentUrl\":\"https:\/\/www.miomiorun.com\/app\/uploads\/2020\/10\/cep-Ultralight-Low-Cut-Compression-WP4ALY.jpg\",\"width\":600,\"height\":600,\"caption\":\"cep ultralight low compression socks\"},{\"@type\":\"BreadcrumbList\",\"@id\":\"https:\/\/www.miomiorun.com\/es\/producto\/cep-ultralight-low-cut-socks-mujer\/#breadcrumb\",\"itemListElement\":[{\"@type\":\"ListItem\",\"position\":1,\"name\":\"Home\",\"item\":\"https:\/\/www.miomiorun.com\/es\/\"},{\"@type\":\"ListItem\",\"position\":2,\"name\":\"Shop\",\"item\":\"https:\/\/www.miomiorun.com\/shop\/\"},{\"@type\":\"ListItem\",\"position\":3,\"name\":\"Ultralight Low Cut Socks mujer\"}]},{\"@type\":\"WebSite\",\"@id\":\"https:\/\/www.miomiorun.com\/es\/#website\",\"url\":\"https:\/\/www.miomiorun.com\/es\/\",\"name\":\"MioMioRun\",\"description\":\"Tienda 100% running y trail\",\"publisher\":{\"@id\":\"https:\/\/www.miomiorun.com\/es\/#organization\"},\"potentialAction\":[{\"@type\":\"SearchAction\",\"target\":{\"@type\":\"EntryPoint\",\"urlTemplate\":\"https:\/\/www.miomiorun.com\/es\/?s={search_term_string}\"},\"query-input\":{\"@type\":\"PropertyValueSpecification\",\"valueRequired\":true,\"valueName\":\"search_term_string\"}}],\"inLanguage\":\"es-ES\"},{\"@type\":\"Organization\",\"@id\":\"https:\/\/www.miomiorun.com\/es\/#organization\",\"name\":\"MioMio Run\",\"url\":\"https:\/\/www.miomiorun.com\/es\/\",\"logo\":{\"@type\":\"ImageObject\",\"inLanguage\":\"es-ES\",\"@id\":\"https:\/\/www.miomiorun.com\/es\/#\/schema\/logo\/image\/\",\"url\":\"https:\/\/www.miomiorun.com\/app\/uploads\/2019\/12\/logomio.png\",\"contentUrl\":\"https:\/\/www.miomiorun.com\/app\/uploads\/2019\/12\/logomio.png\",\"width\":115,\"height\":82,\"caption\":\"MioMio Run\"},\"image\":{\"@id\":\"https:\/\/www.miomiorun.com\/es\/#\/schema\/logo\/image\/\"},\"sameAs\":[\"https:\/\/www.facebook.com\/miomiorun\/\",\"https:\/\/www.instagram.com\/miomiorun\/\"]}]}<\/script>\n<!-- \/ Yoast SEO plugin. -->","yoast_head_json":{"title":"Cep Ultralight Low Cut Socks mujer - Calcetines de running - MioMioRun","description":"Calcetines Ultralight Low Cut para mujer: ligeros, transpirables y antideslizantes, perfectos para correr en verano y para un control \u00f3ptimo dentro de la zapatilla.","robots":{"index":"index","follow":"follow","max-snippet":"max-snippet:-1","max-image-preview":"max-image-preview:large","max-video-preview":"max-video-preview:-1"},"canonical":"https:\/\/www.miomiorun.com\/es\/producto\/cep-ultralight-low-cut-socks-mujer\/","og_locale":"es_ES","og_type":"article","og_title":"Cep Ultralight Low Cut Socks mujer - Calcetines de running - MioMioRun","og_description":"Calcetines Ultralight Low Cut para mujer: ligeros, transpirables y antideslizantes, perfectos para correr en verano y para un control \u00f3ptimo dentro de la zapatilla.","og_url":"https:\/\/www.miomiorun.com\/es\/producto\/cep-ultralight-low-cut-socks-mujer\/","og_site_name":"MioMioRun","article_publisher":"https:\/\/www.facebook.com\/miomiorun\/","article_modified_time":"2026-04-22T10:24:21+00:00","og_image":[{"width":600,"height":600,"url":"https:\/\/www.miomiorun.com\/app\/uploads\/2020\/10\/cep-Ultralight-Low-Cut-Compression-WP4ALY.jpg","type":"image\/jpeg"}],"twitter_card":"summary_large_image","twitter_misc":{"Est. reading time":"1 minute"},"schema":{"@context":"https:\/\/schema.org","@graph":[{"@type":"WebPage","@id":"https:\/\/www.miomiorun.com\/es\/producto\/cep-ultralight-low-cut-socks-mujer\/","url":"https:\/\/www.miomiorun.com\/es\/producto\/cep-ultralight-low-cut-socks-mujer\/","name":"Cep Ultralight Low Cut Socks mujer - Calcetines de running - MioMioRun","isPartOf":{"@id":"https:\/\/www.miomiorun.com\/es\/#website"},"primaryImageOfPage":{"@id":"https:\/\/www.miomiorun.com\/es\/producto\/cep-ultralight-low-cut-socks-mujer\/#primaryimage"},"image":{"@id":"https:\/\/www.miomiorun.com\/es\/producto\/cep-ultralight-low-cut-socks-mujer\/#primaryimage"},"thumbnailUrl":"https:\/\/www.miomiorun.com\/app\/uploads\/2020\/10\/cep-Ultralight-Low-Cut-Compression-WP4ALY.jpg","datePublished":"2020-10-27T17:04:43+00:00","dateModified":"2026-04-22T10:24:21+00:00","description":"Calcetines Ultralight Low Cut para mujer: ligeros, transpirables y antideslizantes, perfectos para correr en verano y para un control \u00f3ptimo dentro de la zapatilla.","breadcrumb":{"@id":"https:\/\/www.miomiorun.com\/es\/producto\/cep-ultralight-low-cut-socks-mujer\/#breadcrumb"},"inLanguage":"es-ES","potentialAction":[{"@type":"ReadAction","target":["https:\/\/www.miomiorun.com\/es\/producto\/cep-ultralight-low-cut-socks-mujer\/"]}]},{"@type":"ImageObject","inLanguage":"es-ES","@id":"https:\/\/www.miomiorun.com\/es\/producto\/cep-ultralight-low-cut-socks-mujer\/#primaryimage","url":"https:\/\/www.miomiorun.com\/app\/uploads\/2020\/10\/cep-Ultralight-Low-Cut-Compression-WP4ALY.jpg","contentUrl":"https:\/\/www.miomiorun.com\/app\/uploads\/2020\/10\/cep-Ultralight-Low-Cut-Compression-WP4ALY.jpg","width":600,"height":600,"caption":"cep ultralight low compression socks"},{"@type":"BreadcrumbList","@id":"https:\/\/www.miomiorun.com\/es\/producto\/cep-ultralight-low-cut-socks-mujer\/#breadcrumb","itemListElement":[{"@type":"ListItem","position":1,"name":"Home","item":"https:\/\/www.miomiorun.com\/es\/"},{"@type":"ListItem","position":2,"name":"Shop","item":"https:\/\/www.miomiorun.com\/shop\/"},{"@type":"ListItem","position":3,"name":"Ultralight Low Cut Socks mujer"}]},{"@type":"WebSite","@id":"https:\/\/www.miomiorun.com\/es\/#website","url":"https:\/\/www.miomiorun.com\/es\/","name":"MioMioRun","description":"Tienda 100% running y trail","publisher":{"@id":"https:\/\/www.miomiorun.com\/es\/#organization"},"potentialAction":[{"@type":"SearchAction","target":{"@type":"EntryPoint","urlTemplate":"https:\/\/www.miomiorun.com\/es\/?s={search_term_string}"},"query-input":{"@type":"PropertyValueSpecification","valueRequired":true,"valueName":"search_term_string"}}],"inLanguage":"es-ES"},{"@type":"Organization","@id":"https:\/\/www.miomiorun.com\/es\/#organization","name":"MioMio Run","url":"https:\/\/www.miomiorun.com\/es\/","logo":{"@type":"ImageObject","inLanguage":"es-ES","@id":"https:\/\/www.miomiorun.com\/es\/#\/schema\/logo\/image\/","url":"https:\/\/www.miomiorun.com\/app\/uploads\/2019\/12\/logomio.png","contentUrl":"https:\/\/www.miomiorun.com\/app\/uploads\/2019\/12\/logomio.png","width":115,"height":82,"caption":"MioMio Run"},"image":{"@id":"https:\/\/www.miomiorun.com\/es\/#\/schema\/logo\/image\/"},"sameAs":["https:\/\/www.facebook.com\/miomiorun\/","https:\/\/www.instagram.com\/miomiorun\/"]}]}},"_links":{"self":[{"href":"https:\/\/www.miomiorun.com\/es\/wp-json\/wp\/v2\/product\/276222","targetHints":{"allow":["GET"]}}],"collection":[{"href":"https:\/\/www.miomiorun.com\/es\/wp-json\/wp\/v2\/product"}],"about":[{"href":"https:\/\/www.miomiorun.com\/es\/wp-json\/wp\/v2\/types\/product"}],"wp:featuredmedia":[{"embeddable":true,"href":"https:\/\/www.miomiorun.com\/es\/wp-json\/wp\/v2\/media\/230904"}],"wp:attachment":[{"href":"https:\/\/www.miomiorun.com\/es\/wp-json\/wp\/v2\/media?parent=276222"}],"wp:term":[{"taxonomy":"product_brand","embeddable":true,"href":"https:\/\/www.miomiorun.com\/es\/wp-json\/wp\/v2\/product_brand?post=276222"},{"taxonomy":"product_cat","embeddable":true,"href":"https:\/\/www.miomiorun.com\/es\/wp-json\/wp\/v2\/product_cat?post=276222"},{"taxonomy":"product_tag","embeddable":true,"href":"https:\/\/www.miomiorun.com\/es\/wp-json\/wp\/v2\/product_tag?post=276222"}],"curies":[{"name":"wp","href":"https:\/\/api.w.org\/{rel}","templated":true}]}}