{"id":276177,"date":"2020-10-28T10:38:38","date_gmt":"2020-10-28T09:38:38","guid":{"rendered":"https:\/\/miomiorun.com\/prodotto\/cep-reflective-mid-cut-compression-socks-donna\/"},"modified":"2026-04-29T16:39:50","modified_gmt":"2026-04-29T14:39:50","slug":"cep-reflective-mid-cut-compression-socks-mujer","status":"publish","type":"product","link":"https:\/\/www.miomiorun.com\/es\/producto\/cep-reflective-mid-cut-compression-socks-mujer\/","title":{"rendered":"Reflective Mid Cut Socks mujer"},"content":{"rendered":"<p>Los calcetines reflectantes de compresi\u00f3n gradual para mujer de CEP ofrecen una visibilidad de 360 grados gracias a sus innovadores hilos. La compresi\u00f3n media espec\u00edfica sostiene el arco y el tobillo para prevenir lesiones y alivia las molestias causadas por la fascitis plantar y el dolor de pies. La plantilla acolchada, el dise\u00f1o ligero y el ajuste ce\u00f1ido sin costuras har\u00e1n que estos se conviertan en tus nuevos calcetines favoritos. Sea cual sea la hora del d\u00eda, corre con confianza, con protecci\u00f3n y sujeci\u00f3n en cada paso.<\/p>\n<p>Tecnolog\u00eda SMART Reflective &#8211; Innovador hilo reflectante de 360 grados para mayor visibilidad nocturna y seguridad<br \/>\nLa compresi\u00f3n espec\u00edfica alivia la hinchaz\u00f3n y el dolor al sujetar el arco y el tobillo<br \/>\nEl acolchado de alto rendimiento a lo largo de la planta del pie previene la formaci\u00f3n de ampollas<br \/>\nAltura de ca\u00f1a media; perfecto para todos los deportes y actividades o para el d\u00eda a d\u00eda<\/p>\n<p>Composici\u00f3n: 86 % poliamida, 14 % elastano<\/p>\n","protected":false},"excerpt":{"rendered":"<p>Los calcetines reflectantes de compresi\u00f3n gradual para mujer de CEP ofrecen una visibilidad de 360 grados gracias a sus innovadores hilos. La compresi\u00f3n media espec\u00edfica sostiene el arco y el tobillo para prevenir lesiones y alivia las molestias causadas por la fascitis plantar y el dolor de pies. La plantilla acolchada, el dise\u00f1o ligero y &hellip; <a href=\"https:\/\/www.miomiorun.com\/es\/producto\/cep-reflective-mid-cut-compression-socks-mujer\/\">Continued<\/a><\/p>\n","protected":false},"featured_media":230920,"template":"","meta":{"_acf_changed":false,"inline_featured_image":false},"product_brand":[],"product_cat":[24400,24401,24402],"product_tag":[23468,23666],"class_list":{"0":"post-276177","1":"product","2":"type-product","3":"status-publish","4":"has-post-thumbnail","6":"product_cat-calcetines","7":"product_cat-ropa-de-mujer","8":"product_cat-mujer","9":"product_tag-cep-es","10":"product_tag-cep-mujer","11":"pa_attivita-caminar","12":"pa_attivita-running-es","13":"pa_colore-reflective-comp-mid-cut-w-black-es","14":"pa_colore-reflective-mid-cut-compression-socks-light-rose-es","15":"pa_marca-cep-es","16":"pa_sesso-mujer","17":"pa_size-34-37-es","18":"pa_size-37-40-es","19":"pa_size-40-43-es","21":"first","22":"instock","23":"sale","24":"taxable","25":"shipping-taxable","26":"purchasable","27":"product-type-variable","28":"wvs-archive-product-wrapper"},"acf":[],"yoast_head":"<!-- This site is optimized with the Yoast SEO plugin v26.8 - https:\/\/yoast.com\/product\/yoast-seo-wordpress\/ -->\n<title>Cep Reflective Mid Cut Socks mujer - Calcetines de running - MioMioRun<\/title>\n<meta name=\"description\" content=\"Las medias reflectantes de compresi\u00f3n gradual para mujer de CEP ofrecen una visibilidad de 360 grados. Plantilla acolchada, dise\u00f1o ligero y ajuste ce\u00f1ido.\" \/>\n<meta name=\"robots\" content=\"index, follow, max-snippet:-1, max-image-preview:large, max-video-preview:-1\" \/>\n<link rel=\"canonical\" href=\"https:\/\/www.miomiorun.com\/es\/producto\/cep-reflective-mid-cut-compression-socks-mujer\/\" \/>\n<meta property=\"og:locale\" content=\"es_ES\" \/>\n<meta property=\"og:type\" content=\"article\" \/>\n<meta property=\"og:title\" content=\"Cep Reflective Mid Cut Socks mujer - Calcetines de running - MioMioRun\" \/>\n<meta property=\"og:description\" content=\"Las medias reflectantes de compresi\u00f3n gradual para mujer de CEP ofrecen una visibilidad de 360 grados. Plantilla acolchada, dise\u00f1o ligero y ajuste ce\u00f1ido.\" \/>\n<meta property=\"og:url\" content=\"https:\/\/www.miomiorun.com\/es\/producto\/cep-reflective-mid-cut-compression-socks-mujer\/\" \/>\n<meta property=\"og:site_name\" content=\"MioMioRun\" \/>\n<meta property=\"article:publisher\" content=\"https:\/\/www.facebook.com\/miomiorun\/\" \/>\n<meta property=\"article:modified_time\" content=\"2026-04-29T14:39:50+00:00\" \/>\n<meta property=\"og:image\" content=\"https:\/\/www.miomiorun.com\/app\/uploads\/2020\/10\/cep-Reflective-Mid-Cut-Compression-socks-WP4C1Z.jpg\" \/>\n\t<meta property=\"og:image:width\" content=\"600\" \/>\n\t<meta property=\"og:image:height\" content=\"600\" \/>\n\t<meta property=\"og:image:type\" content=\"image\/jpeg\" \/>\n<meta name=\"twitter:card\" content=\"summary_large_image\" \/>\n<meta name=\"twitter:label1\" content=\"Est. reading time\" \/>\n\t<meta name=\"twitter:data1\" content=\"1 minute\" \/>\n<script type=\"application\/ld+json\" class=\"yoast-schema-graph\">{\"@context\":\"https:\/\/schema.org\",\"@graph\":[{\"@type\":\"WebPage\",\"@id\":\"https:\/\/www.miomiorun.com\/es\/producto\/cep-reflective-mid-cut-compression-socks-mujer\/\",\"url\":\"https:\/\/www.miomiorun.com\/es\/producto\/cep-reflective-mid-cut-compression-socks-mujer\/\",\"name\":\"Cep Reflective Mid Cut Socks mujer - Calcetines de running - MioMioRun\",\"isPartOf\":{\"@id\":\"https:\/\/www.miomiorun.com\/es\/#website\"},\"primaryImageOfPage\":{\"@id\":\"https:\/\/www.miomiorun.com\/es\/producto\/cep-reflective-mid-cut-compression-socks-mujer\/#primaryimage\"},\"image\":{\"@id\":\"https:\/\/www.miomiorun.com\/es\/producto\/cep-reflective-mid-cut-compression-socks-mujer\/#primaryimage\"},\"thumbnailUrl\":\"https:\/\/www.miomiorun.com\/app\/uploads\/2020\/10\/cep-Reflective-Mid-Cut-Compression-socks-WP4C1Z.jpg\",\"datePublished\":\"2020-10-28T09:38:38+00:00\",\"dateModified\":\"2026-04-29T14:39:50+00:00\",\"description\":\"Las medias reflectantes de compresi\u00f3n gradual para mujer de CEP ofrecen una visibilidad de 360 grados. Plantilla acolchada, dise\u00f1o ligero y ajuste ce\u00f1ido.\",\"breadcrumb\":{\"@id\":\"https:\/\/www.miomiorun.com\/es\/producto\/cep-reflective-mid-cut-compression-socks-mujer\/#breadcrumb\"},\"inLanguage\":\"es-ES\",\"potentialAction\":[{\"@type\":\"ReadAction\",\"target\":[\"https:\/\/www.miomiorun.com\/es\/producto\/cep-reflective-mid-cut-compression-socks-mujer\/\"]}]},{\"@type\":\"ImageObject\",\"inLanguage\":\"es-ES\",\"@id\":\"https:\/\/www.miomiorun.com\/es\/producto\/cep-reflective-mid-cut-compression-socks-mujer\/#primaryimage\",\"url\":\"https:\/\/www.miomiorun.com\/app\/uploads\/2020\/10\/cep-Reflective-Mid-Cut-Compression-socks-WP4C1Z.jpg\",\"contentUrl\":\"https:\/\/www.miomiorun.com\/app\/uploads\/2020\/10\/cep-Reflective-Mid-Cut-Compression-socks-WP4C1Z.jpg\",\"width\":600,\"height\":600,\"caption\":\"cep reflective mid cut compression socks\"},{\"@type\":\"BreadcrumbList\",\"@id\":\"https:\/\/www.miomiorun.com\/es\/producto\/cep-reflective-mid-cut-compression-socks-mujer\/#breadcrumb\",\"itemListElement\":[{\"@type\":\"ListItem\",\"position\":1,\"name\":\"Home\",\"item\":\"https:\/\/www.miomiorun.com\/es\/\"},{\"@type\":\"ListItem\",\"position\":2,\"name\":\"Shop\",\"item\":\"https:\/\/www.miomiorun.com\/shop\/\"},{\"@type\":\"ListItem\",\"position\":3,\"name\":\"Reflective Mid Cut Socks mujer\"}]},{\"@type\":\"WebSite\",\"@id\":\"https:\/\/www.miomiorun.com\/es\/#website\",\"url\":\"https:\/\/www.miomiorun.com\/es\/\",\"name\":\"MioMioRun\",\"description\":\"Tienda 100% running y trail\",\"publisher\":{\"@id\":\"https:\/\/www.miomiorun.com\/es\/#organization\"},\"potentialAction\":[{\"@type\":\"SearchAction\",\"target\":{\"@type\":\"EntryPoint\",\"urlTemplate\":\"https:\/\/www.miomiorun.com\/es\/?s={search_term_string}\"},\"query-input\":{\"@type\":\"PropertyValueSpecification\",\"valueRequired\":true,\"valueName\":\"search_term_string\"}}],\"inLanguage\":\"es-ES\"},{\"@type\":\"Organization\",\"@id\":\"https:\/\/www.miomiorun.com\/es\/#organization\",\"name\":\"MioMio Run\",\"url\":\"https:\/\/www.miomiorun.com\/es\/\",\"logo\":{\"@type\":\"ImageObject\",\"inLanguage\":\"es-ES\",\"@id\":\"https:\/\/www.miomiorun.com\/es\/#\/schema\/logo\/image\/\",\"url\":\"https:\/\/www.miomiorun.com\/app\/uploads\/2019\/12\/logomio.png\",\"contentUrl\":\"https:\/\/www.miomiorun.com\/app\/uploads\/2019\/12\/logomio.png\",\"width\":115,\"height\":82,\"caption\":\"MioMio Run\"},\"image\":{\"@id\":\"https:\/\/www.miomiorun.com\/es\/#\/schema\/logo\/image\/\"},\"sameAs\":[\"https:\/\/www.facebook.com\/miomiorun\/\",\"https:\/\/www.instagram.com\/miomiorun\/\"]}]}<\/script>\n<!-- \/ Yoast SEO plugin. -->","yoast_head_json":{"title":"Cep Reflective Mid Cut Socks mujer - Calcetines de running - MioMioRun","description":"Las medias reflectantes de compresi\u00f3n gradual para mujer de CEP ofrecen una visibilidad de 360 grados. Plantilla acolchada, dise\u00f1o ligero y ajuste ce\u00f1ido.","robots":{"index":"index","follow":"follow","max-snippet":"max-snippet:-1","max-image-preview":"max-image-preview:large","max-video-preview":"max-video-preview:-1"},"canonical":"https:\/\/www.miomiorun.com\/es\/producto\/cep-reflective-mid-cut-compression-socks-mujer\/","og_locale":"es_ES","og_type":"article","og_title":"Cep Reflective Mid Cut Socks mujer - Calcetines de running - MioMioRun","og_description":"Las medias reflectantes de compresi\u00f3n gradual para mujer de CEP ofrecen una visibilidad de 360 grados. Plantilla acolchada, dise\u00f1o ligero y ajuste ce\u00f1ido.","og_url":"https:\/\/www.miomiorun.com\/es\/producto\/cep-reflective-mid-cut-compression-socks-mujer\/","og_site_name":"MioMioRun","article_publisher":"https:\/\/www.facebook.com\/miomiorun\/","article_modified_time":"2026-04-29T14:39:50+00:00","og_image":[{"width":600,"height":600,"url":"https:\/\/www.miomiorun.com\/app\/uploads\/2020\/10\/cep-Reflective-Mid-Cut-Compression-socks-WP4C1Z.jpg","type":"image\/jpeg"}],"twitter_card":"summary_large_image","twitter_misc":{"Est. reading time":"1 minute"},"schema":{"@context":"https:\/\/schema.org","@graph":[{"@type":"WebPage","@id":"https:\/\/www.miomiorun.com\/es\/producto\/cep-reflective-mid-cut-compression-socks-mujer\/","url":"https:\/\/www.miomiorun.com\/es\/producto\/cep-reflective-mid-cut-compression-socks-mujer\/","name":"Cep Reflective Mid Cut Socks mujer - Calcetines de running - MioMioRun","isPartOf":{"@id":"https:\/\/www.miomiorun.com\/es\/#website"},"primaryImageOfPage":{"@id":"https:\/\/www.miomiorun.com\/es\/producto\/cep-reflective-mid-cut-compression-socks-mujer\/#primaryimage"},"image":{"@id":"https:\/\/www.miomiorun.com\/es\/producto\/cep-reflective-mid-cut-compression-socks-mujer\/#primaryimage"},"thumbnailUrl":"https:\/\/www.miomiorun.com\/app\/uploads\/2020\/10\/cep-Reflective-Mid-Cut-Compression-socks-WP4C1Z.jpg","datePublished":"2020-10-28T09:38:38+00:00","dateModified":"2026-04-29T14:39:50+00:00","description":"Las medias reflectantes de compresi\u00f3n gradual para mujer de CEP ofrecen una visibilidad de 360 grados. Plantilla acolchada, dise\u00f1o ligero y ajuste ce\u00f1ido.","breadcrumb":{"@id":"https:\/\/www.miomiorun.com\/es\/producto\/cep-reflective-mid-cut-compression-socks-mujer\/#breadcrumb"},"inLanguage":"es-ES","potentialAction":[{"@type":"ReadAction","target":["https:\/\/www.miomiorun.com\/es\/producto\/cep-reflective-mid-cut-compression-socks-mujer\/"]}]},{"@type":"ImageObject","inLanguage":"es-ES","@id":"https:\/\/www.miomiorun.com\/es\/producto\/cep-reflective-mid-cut-compression-socks-mujer\/#primaryimage","url":"https:\/\/www.miomiorun.com\/app\/uploads\/2020\/10\/cep-Reflective-Mid-Cut-Compression-socks-WP4C1Z.jpg","contentUrl":"https:\/\/www.miomiorun.com\/app\/uploads\/2020\/10\/cep-Reflective-Mid-Cut-Compression-socks-WP4C1Z.jpg","width":600,"height":600,"caption":"cep reflective mid cut compression socks"},{"@type":"BreadcrumbList","@id":"https:\/\/www.miomiorun.com\/es\/producto\/cep-reflective-mid-cut-compression-socks-mujer\/#breadcrumb","itemListElement":[{"@type":"ListItem","position":1,"name":"Home","item":"https:\/\/www.miomiorun.com\/es\/"},{"@type":"ListItem","position":2,"name":"Shop","item":"https:\/\/www.miomiorun.com\/shop\/"},{"@type":"ListItem","position":3,"name":"Reflective Mid Cut Socks mujer"}]},{"@type":"WebSite","@id":"https:\/\/www.miomiorun.com\/es\/#website","url":"https:\/\/www.miomiorun.com\/es\/","name":"MioMioRun","description":"Tienda 100% running y trail","publisher":{"@id":"https:\/\/www.miomiorun.com\/es\/#organization"},"potentialAction":[{"@type":"SearchAction","target":{"@type":"EntryPoint","urlTemplate":"https:\/\/www.miomiorun.com\/es\/?s={search_term_string}"},"query-input":{"@type":"PropertyValueSpecification","valueRequired":true,"valueName":"search_term_string"}}],"inLanguage":"es-ES"},{"@type":"Organization","@id":"https:\/\/www.miomiorun.com\/es\/#organization","name":"MioMio Run","url":"https:\/\/www.miomiorun.com\/es\/","logo":{"@type":"ImageObject","inLanguage":"es-ES","@id":"https:\/\/www.miomiorun.com\/es\/#\/schema\/logo\/image\/","url":"https:\/\/www.miomiorun.com\/app\/uploads\/2019\/12\/logomio.png","contentUrl":"https:\/\/www.miomiorun.com\/app\/uploads\/2019\/12\/logomio.png","width":115,"height":82,"caption":"MioMio Run"},"image":{"@id":"https:\/\/www.miomiorun.com\/es\/#\/schema\/logo\/image\/"},"sameAs":["https:\/\/www.facebook.com\/miomiorun\/","https:\/\/www.instagram.com\/miomiorun\/"]}]}},"_links":{"self":[{"href":"https:\/\/www.miomiorun.com\/es\/wp-json\/wp\/v2\/product\/276177","targetHints":{"allow":["GET"]}}],"collection":[{"href":"https:\/\/www.miomiorun.com\/es\/wp-json\/wp\/v2\/product"}],"about":[{"href":"https:\/\/www.miomiorun.com\/es\/wp-json\/wp\/v2\/types\/product"}],"wp:featuredmedia":[{"embeddable":true,"href":"https:\/\/www.miomiorun.com\/es\/wp-json\/wp\/v2\/media\/230920"}],"wp:attachment":[{"href":"https:\/\/www.miomiorun.com\/es\/wp-json\/wp\/v2\/media?parent=276177"}],"wp:term":[{"taxonomy":"product_brand","embeddable":true,"href":"https:\/\/www.miomiorun.com\/es\/wp-json\/wp\/v2\/product_brand?post=276177"},{"taxonomy":"product_cat","embeddable":true,"href":"https:\/\/www.miomiorun.com\/es\/wp-json\/wp\/v2\/product_cat?post=276177"},{"taxonomy":"product_tag","embeddable":true,"href":"https:\/\/www.miomiorun.com\/es\/wp-json\/wp\/v2\/product_tag?post=276177"}],"curies":[{"name":"wp","href":"https:\/\/api.w.org\/{rel}","templated":true}]}}