{"id":276122,"date":"2020-10-29T09:36:50","date_gmt":"2020-10-29T08:36:50","guid":{"rendered":"https:\/\/miomiorun.com\/prodotto\/cep-80s-mid-cut-socks-donna\/"},"modified":"2026-04-29T16:42:42","modified_gmt":"2026-04-29T14:42:42","slug":"cep-80s-mid-cut-socks-mujer","status":"publish","type":"product","link":"https:\/\/www.miomiorun.com\/es\/producto\/cep-80s-mid-cut-socks-mujer\/","title":{"rendered":"80&#8217;s Mid Cut Socks mujer"},"content":{"rendered":"<p>Los a\u00f1os 80 han vuelto, pero con los calcetines deportivos de compresi\u00f3n para mujer l\u00edderes del sector. Inspirados en un estilo retro, ahora puedes sentirte m\u00e1s ligera al correr, aumentar la potencia de tus pies y poner a prueba tu resistencia. Unos calcetines deportivos cortos de compresi\u00f3n con acolchado anat\u00f3mico en la planta del pie y fibras de primera calidad que absorben la humedad: el look retro de los 80 nunca ha sido tan agradable.<\/p>\n<p>Compresi\u00f3n espec\u00edfica para aliviar la hinchaz\u00f3n y el dolor<br \/>\nEl acolchado de alto rendimiento a lo largo de la planta del pie previene la formaci\u00f3n de ampollas<br \/>\nEl sistema de regulaci\u00f3n clim\u00e1tica HEIQ refresca la piel durante la actividad<br \/>\nAltura de ca\u00f1a media; perfecto para todos los deportes y actividades<br \/>\nLos tejidos transpirables son resistentes y duraderos<br \/>\nLa compresi\u00f3n deportiva alivia el dolor de la fascitis plantar<\/p>\n<p>Nivel de compresi\u00f3n: 20-30 mmHg<\/p>\n<p>Composici\u00f3n: 88 % poliamida, 12 % elastano<\/p>\n","protected":false},"excerpt":{"rendered":"<p>Los a\u00f1os 80 han vuelto, pero con los calcetines deportivos de compresi\u00f3n para mujer l\u00edderes del sector. Inspirados en un estilo retro, ahora puedes sentirte m\u00e1s ligera al correr, aumentar la potencia de tus pies y poner a prueba tu resistencia. Unos calcetines deportivos cortos de compresi\u00f3n con acolchado anat\u00f3mico en la planta del pie &hellip; <a href=\"https:\/\/www.miomiorun.com\/es\/producto\/cep-80s-mid-cut-socks-mujer\/\">Continued<\/a><\/p>\n","protected":false},"featured_media":230938,"template":"","meta":{"_acf_changed":false,"inline_featured_image":false},"product_brand":[],"product_cat":[24400,24401,24402],"product_tag":[23468,23666],"class_list":{"0":"post-276122","1":"product","2":"type-product","3":"status-publish","4":"has-post-thumbnail","6":"product_cat-calcetines","7":"product_cat-ropa-de-mujer","8":"product_cat-mujer","9":"product_tag-cep-es","10":"product_tag-cep-mujer","11":"pa_attivita-caminar","12":"pa_attivita-running-es","13":"pa_colore-80s-mid-cut-compression-socks-black-white-es","14":"pa_marca-cep-es","15":"pa_sesso-mujer","16":"pa_size-37-40-es","17":"pa_size-40-43-es","19":"first","20":"instock","21":"sale","22":"taxable","23":"shipping-taxable","24":"purchasable","25":"product-type-variable","26":"wvs-archive-product-wrapper"},"acf":[],"yoast_head":"<!-- This site is optimized with the Yoast SEO plugin v26.8 - https:\/\/yoast.com\/product\/yoast-seo-wordpress\/ -->\n<title>Cep 80&#039;s Mid Cut Socks mujer - Calcetines de running - MioMioRun<\/title>\n<meta name=\"description\" content=\"Unos calcetines cortos deportivos de compresi\u00f3n con acolchado anat\u00f3mico en la planta del pie y fibras que absorben la humedad; el estilo de los a\u00f1os 80 nunca hab\u00eda sido tan c\u00f3modo\" \/>\n<meta name=\"robots\" content=\"index, follow, max-snippet:-1, max-image-preview:large, max-video-preview:-1\" \/>\n<link rel=\"canonical\" href=\"https:\/\/www.miomiorun.com\/es\/producto\/cep-80s-mid-cut-socks-mujer\/\" \/>\n<meta property=\"og:locale\" content=\"es_ES\" \/>\n<meta property=\"og:type\" content=\"article\" \/>\n<meta property=\"og:title\" content=\"Cep 80&#039;s Mid Cut Socks mujer - Calcetines de running - MioMioRun\" \/>\n<meta property=\"og:description\" content=\"Unos calcetines cortos deportivos de compresi\u00f3n con acolchado anat\u00f3mico en la planta del pie y fibras que absorben la humedad; el estilo de los a\u00f1os 80 nunca hab\u00eda sido tan c\u00f3modo\" \/>\n<meta property=\"og:url\" content=\"https:\/\/www.miomiorun.com\/es\/producto\/cep-80s-mid-cut-socks-mujer\/\" \/>\n<meta property=\"og:site_name\" content=\"MioMioRun\" \/>\n<meta property=\"article:publisher\" content=\"https:\/\/www.facebook.com\/miomiorun\/\" \/>\n<meta property=\"article:modified_time\" content=\"2026-04-29T14:42:42+00:00\" \/>\n<meta property=\"og:image\" content=\"https:\/\/www.miomiorun.com\/app\/uploads\/2020\/10\/cep-80s-Mid-Cut-Compression-Socks-WP4CBV.jpg\" \/>\n\t<meta property=\"og:image:width\" content=\"600\" \/>\n\t<meta property=\"og:image:height\" content=\"600\" \/>\n\t<meta property=\"og:image:type\" content=\"image\/jpeg\" \/>\n<meta name=\"twitter:card\" content=\"summary_large_image\" \/>\n<meta name=\"twitter:label1\" content=\"Est. reading time\" \/>\n\t<meta name=\"twitter:data1\" content=\"1 minute\" \/>\n<script type=\"application\/ld+json\" class=\"yoast-schema-graph\">{\"@context\":\"https:\/\/schema.org\",\"@graph\":[{\"@type\":\"WebPage\",\"@id\":\"https:\/\/www.miomiorun.com\/es\/producto\/cep-80s-mid-cut-socks-mujer\/\",\"url\":\"https:\/\/www.miomiorun.com\/es\/producto\/cep-80s-mid-cut-socks-mujer\/\",\"name\":\"Cep 80's Mid Cut Socks mujer - Calcetines de running - MioMioRun\",\"isPartOf\":{\"@id\":\"https:\/\/www.miomiorun.com\/es\/#website\"},\"primaryImageOfPage\":{\"@id\":\"https:\/\/www.miomiorun.com\/es\/producto\/cep-80s-mid-cut-socks-mujer\/#primaryimage\"},\"image\":{\"@id\":\"https:\/\/www.miomiorun.com\/es\/producto\/cep-80s-mid-cut-socks-mujer\/#primaryimage\"},\"thumbnailUrl\":\"https:\/\/www.miomiorun.com\/app\/uploads\/2020\/10\/cep-80s-Mid-Cut-Compression-Socks-WP4CBV.jpg\",\"datePublished\":\"2020-10-29T08:36:50+00:00\",\"dateModified\":\"2026-04-29T14:42:42+00:00\",\"description\":\"Unos calcetines cortos deportivos de compresi\u00f3n con acolchado anat\u00f3mico en la planta del pie y fibras que absorben la humedad; el estilo de los a\u00f1os 80 nunca hab\u00eda sido tan c\u00f3modo\",\"breadcrumb\":{\"@id\":\"https:\/\/www.miomiorun.com\/es\/producto\/cep-80s-mid-cut-socks-mujer\/#breadcrumb\"},\"inLanguage\":\"es-ES\",\"potentialAction\":[{\"@type\":\"ReadAction\",\"target\":[\"https:\/\/www.miomiorun.com\/es\/producto\/cep-80s-mid-cut-socks-mujer\/\"]}]},{\"@type\":\"ImageObject\",\"inLanguage\":\"es-ES\",\"@id\":\"https:\/\/www.miomiorun.com\/es\/producto\/cep-80s-mid-cut-socks-mujer\/#primaryimage\",\"url\":\"https:\/\/www.miomiorun.com\/app\/uploads\/2020\/10\/cep-80s-Mid-Cut-Compression-Socks-WP4CBV.jpg\",\"contentUrl\":\"https:\/\/www.miomiorun.com\/app\/uploads\/2020\/10\/cep-80s-Mid-Cut-Compression-Socks-WP4CBV.jpg\",\"width\":600,\"height\":600,\"caption\":\"cep 80s mid cut compression\"},{\"@type\":\"BreadcrumbList\",\"@id\":\"https:\/\/www.miomiorun.com\/es\/producto\/cep-80s-mid-cut-socks-mujer\/#breadcrumb\",\"itemListElement\":[{\"@type\":\"ListItem\",\"position\":1,\"name\":\"Home\",\"item\":\"https:\/\/www.miomiorun.com\/es\/\"},{\"@type\":\"ListItem\",\"position\":2,\"name\":\"Shop\",\"item\":\"https:\/\/www.miomiorun.com\/shop\/\"},{\"@type\":\"ListItem\",\"position\":3,\"name\":\"80&#8217;s Mid Cut Socks mujer\"}]},{\"@type\":\"WebSite\",\"@id\":\"https:\/\/www.miomiorun.com\/es\/#website\",\"url\":\"https:\/\/www.miomiorun.com\/es\/\",\"name\":\"MioMioRun\",\"description\":\"Tienda 100% running y trail\",\"publisher\":{\"@id\":\"https:\/\/www.miomiorun.com\/es\/#organization\"},\"potentialAction\":[{\"@type\":\"SearchAction\",\"target\":{\"@type\":\"EntryPoint\",\"urlTemplate\":\"https:\/\/www.miomiorun.com\/es\/?s={search_term_string}\"},\"query-input\":{\"@type\":\"PropertyValueSpecification\",\"valueRequired\":true,\"valueName\":\"search_term_string\"}}],\"inLanguage\":\"es-ES\"},{\"@type\":\"Organization\",\"@id\":\"https:\/\/www.miomiorun.com\/es\/#organization\",\"name\":\"MioMio Run\",\"url\":\"https:\/\/www.miomiorun.com\/es\/\",\"logo\":{\"@type\":\"ImageObject\",\"inLanguage\":\"es-ES\",\"@id\":\"https:\/\/www.miomiorun.com\/es\/#\/schema\/logo\/image\/\",\"url\":\"https:\/\/www.miomiorun.com\/app\/uploads\/2019\/12\/logomio.png\",\"contentUrl\":\"https:\/\/www.miomiorun.com\/app\/uploads\/2019\/12\/logomio.png\",\"width\":115,\"height\":82,\"caption\":\"MioMio Run\"},\"image\":{\"@id\":\"https:\/\/www.miomiorun.com\/es\/#\/schema\/logo\/image\/\"},\"sameAs\":[\"https:\/\/www.facebook.com\/miomiorun\/\",\"https:\/\/www.instagram.com\/miomiorun\/\"]}]}<\/script>\n<!-- \/ Yoast SEO plugin. -->","yoast_head_json":{"title":"Cep 80's Mid Cut Socks mujer - Calcetines de running - MioMioRun","description":"Unos calcetines cortos deportivos de compresi\u00f3n con acolchado anat\u00f3mico en la planta del pie y fibras que absorben la humedad; el estilo de los a\u00f1os 80 nunca hab\u00eda sido tan c\u00f3modo","robots":{"index":"index","follow":"follow","max-snippet":"max-snippet:-1","max-image-preview":"max-image-preview:large","max-video-preview":"max-video-preview:-1"},"canonical":"https:\/\/www.miomiorun.com\/es\/producto\/cep-80s-mid-cut-socks-mujer\/","og_locale":"es_ES","og_type":"article","og_title":"Cep 80's Mid Cut Socks mujer - Calcetines de running - MioMioRun","og_description":"Unos calcetines cortos deportivos de compresi\u00f3n con acolchado anat\u00f3mico en la planta del pie y fibras que absorben la humedad; el estilo de los a\u00f1os 80 nunca hab\u00eda sido tan c\u00f3modo","og_url":"https:\/\/www.miomiorun.com\/es\/producto\/cep-80s-mid-cut-socks-mujer\/","og_site_name":"MioMioRun","article_publisher":"https:\/\/www.facebook.com\/miomiorun\/","article_modified_time":"2026-04-29T14:42:42+00:00","og_image":[{"width":600,"height":600,"url":"https:\/\/www.miomiorun.com\/app\/uploads\/2020\/10\/cep-80s-Mid-Cut-Compression-Socks-WP4CBV.jpg","type":"image\/jpeg"}],"twitter_card":"summary_large_image","twitter_misc":{"Est. reading time":"1 minute"},"schema":{"@context":"https:\/\/schema.org","@graph":[{"@type":"WebPage","@id":"https:\/\/www.miomiorun.com\/es\/producto\/cep-80s-mid-cut-socks-mujer\/","url":"https:\/\/www.miomiorun.com\/es\/producto\/cep-80s-mid-cut-socks-mujer\/","name":"Cep 80's Mid Cut Socks mujer - Calcetines de running - MioMioRun","isPartOf":{"@id":"https:\/\/www.miomiorun.com\/es\/#website"},"primaryImageOfPage":{"@id":"https:\/\/www.miomiorun.com\/es\/producto\/cep-80s-mid-cut-socks-mujer\/#primaryimage"},"image":{"@id":"https:\/\/www.miomiorun.com\/es\/producto\/cep-80s-mid-cut-socks-mujer\/#primaryimage"},"thumbnailUrl":"https:\/\/www.miomiorun.com\/app\/uploads\/2020\/10\/cep-80s-Mid-Cut-Compression-Socks-WP4CBV.jpg","datePublished":"2020-10-29T08:36:50+00:00","dateModified":"2026-04-29T14:42:42+00:00","description":"Unos calcetines cortos deportivos de compresi\u00f3n con acolchado anat\u00f3mico en la planta del pie y fibras que absorben la humedad; el estilo de los a\u00f1os 80 nunca hab\u00eda sido tan c\u00f3modo","breadcrumb":{"@id":"https:\/\/www.miomiorun.com\/es\/producto\/cep-80s-mid-cut-socks-mujer\/#breadcrumb"},"inLanguage":"es-ES","potentialAction":[{"@type":"ReadAction","target":["https:\/\/www.miomiorun.com\/es\/producto\/cep-80s-mid-cut-socks-mujer\/"]}]},{"@type":"ImageObject","inLanguage":"es-ES","@id":"https:\/\/www.miomiorun.com\/es\/producto\/cep-80s-mid-cut-socks-mujer\/#primaryimage","url":"https:\/\/www.miomiorun.com\/app\/uploads\/2020\/10\/cep-80s-Mid-Cut-Compression-Socks-WP4CBV.jpg","contentUrl":"https:\/\/www.miomiorun.com\/app\/uploads\/2020\/10\/cep-80s-Mid-Cut-Compression-Socks-WP4CBV.jpg","width":600,"height":600,"caption":"cep 80s mid cut compression"},{"@type":"BreadcrumbList","@id":"https:\/\/www.miomiorun.com\/es\/producto\/cep-80s-mid-cut-socks-mujer\/#breadcrumb","itemListElement":[{"@type":"ListItem","position":1,"name":"Home","item":"https:\/\/www.miomiorun.com\/es\/"},{"@type":"ListItem","position":2,"name":"Shop","item":"https:\/\/www.miomiorun.com\/shop\/"},{"@type":"ListItem","position":3,"name":"80&#8217;s Mid Cut Socks mujer"}]},{"@type":"WebSite","@id":"https:\/\/www.miomiorun.com\/es\/#website","url":"https:\/\/www.miomiorun.com\/es\/","name":"MioMioRun","description":"Tienda 100% running y trail","publisher":{"@id":"https:\/\/www.miomiorun.com\/es\/#organization"},"potentialAction":[{"@type":"SearchAction","target":{"@type":"EntryPoint","urlTemplate":"https:\/\/www.miomiorun.com\/es\/?s={search_term_string}"},"query-input":{"@type":"PropertyValueSpecification","valueRequired":true,"valueName":"search_term_string"}}],"inLanguage":"es-ES"},{"@type":"Organization","@id":"https:\/\/www.miomiorun.com\/es\/#organization","name":"MioMio Run","url":"https:\/\/www.miomiorun.com\/es\/","logo":{"@type":"ImageObject","inLanguage":"es-ES","@id":"https:\/\/www.miomiorun.com\/es\/#\/schema\/logo\/image\/","url":"https:\/\/www.miomiorun.com\/app\/uploads\/2019\/12\/logomio.png","contentUrl":"https:\/\/www.miomiorun.com\/app\/uploads\/2019\/12\/logomio.png","width":115,"height":82,"caption":"MioMio Run"},"image":{"@id":"https:\/\/www.miomiorun.com\/es\/#\/schema\/logo\/image\/"},"sameAs":["https:\/\/www.facebook.com\/miomiorun\/","https:\/\/www.instagram.com\/miomiorun\/"]}]}},"_links":{"self":[{"href":"https:\/\/www.miomiorun.com\/es\/wp-json\/wp\/v2\/product\/276122","targetHints":{"allow":["GET"]}}],"collection":[{"href":"https:\/\/www.miomiorun.com\/es\/wp-json\/wp\/v2\/product"}],"about":[{"href":"https:\/\/www.miomiorun.com\/es\/wp-json\/wp\/v2\/types\/product"}],"wp:featuredmedia":[{"embeddable":true,"href":"https:\/\/www.miomiorun.com\/es\/wp-json\/wp\/v2\/media\/230938"}],"wp:attachment":[{"href":"https:\/\/www.miomiorun.com\/es\/wp-json\/wp\/v2\/media?parent=276122"}],"wp:term":[{"taxonomy":"product_brand","embeddable":true,"href":"https:\/\/www.miomiorun.com\/es\/wp-json\/wp\/v2\/product_brand?post=276122"},{"taxonomy":"product_cat","embeddable":true,"href":"https:\/\/www.miomiorun.com\/es\/wp-json\/wp\/v2\/product_cat?post=276122"},{"taxonomy":"product_tag","embeddable":true,"href":"https:\/\/www.miomiorun.com\/es\/wp-json\/wp\/v2\/product_tag?post=276122"}],"curies":[{"name":"wp","href":"https:\/\/api.w.org\/{rel}","templated":true}]}}