{"id":276117,"date":"2020-10-30T17:09:31","date_gmt":"2020-10-30T16:09:31","guid":{"rendered":"https:\/\/miomiorun.com\/prodotto\/montura-thermal-grild-pro-hoody-donna\/"},"modified":"2026-04-29T18:12:06","modified_gmt":"2026-04-29T16:12:06","slug":"montura-thermal-grild-pro-hoody-mujer","status":"publish","type":"product","link":"https:\/\/www.miomiorun.com\/es\/producto\/montura-thermal-grild-pro-hoody-mujer\/","title":{"rendered":"Thermal Grild Pro Hoody mujer"},"content":{"rendered":"<div class=\"product-attribute product-attribute-passion\">\n<p>Jersey de mujer con capucha. Tejido polar de poli\u00e9ster el\u00e1stico en cuatro direcciones con acabado de rizo en el rev\u00e9s en forma de \u00abrejilla\u00bb, alta protecci\u00f3n contra los rayos UV, parcialmente forrado con tejido de malla. Cremallera central delantera, bolsillos laterales con cremallera, bolsillo en el pecho con cremallera, capucha y bajo con ribete el\u00e1stico. Prenda ideal para diversas actividades al aire libre y de ocio.<\/p>\n<p class=\"product-weight\">Peso: 0,31 kg<\/p>\n<div class=\"product-info-main\">\n<div class=\"product-attribute-season\"><img loading=\"lazy\" decoding=\"async\" class=\"\" src=\"https:\/\/sow.montura.it\/pers\/Media\/Image\/caratteristiche\/climate3.png\" alt=\"Caldo\/Freddo\" width=\"115\" height=\"122\" \/><\/div>\n<div class=\"product-attribute-features\"><\/div>\n<div class=\"product-attribute product-attribute-passion\">\n<div class=\"attribute-label\">Actividades<\/div>\n<ul>\n<li>Escalada &#8211; Alpinismo<\/li>\n<li>Carrera &#8211; Fitness<\/li>\n<li>Esqu\u00ed &#8211; Esqu\u00ed de traves\u00eda<\/li>\n<li>Senderismo &#8211; Viaje<\/li>\n<\/ul>\n<\/div>\n<\/div>\n<div class=\"product info detailed\">\n<div class=\"product data items\" role=\"tablist\"><\/div>\n<\/div>\n<div id=\"materials\" class=\"data item content\" role=\"tabpanel\" data-role=\"content\" aria-labelledby=\"tab-label-materials\" aria-hidden=\"false\">\n<div class=\"product-materials-content\">\n<div class=\"texture-content secondary-texture\">\n<div class=\"content\">\n<div class=\"texture-text\">\n<div id=\"laundry\" class=\"data item content\" role=\"tabpanel\" data-role=\"content\" aria-labelledby=\"tab-label-laundry\" aria-hidden=\"false\">\n<div class=\"laundry-content\">\n<div class=\"laundry-sides-texture\">\n<p>&nbsp;<\/p>\n<\/div>\n<\/div>\n<\/div>\n<\/div>\n<\/div>\n<\/div>\n<\/div>\n<\/div>\n<\/div>\n","protected":false},"excerpt":{"rendered":"<p>Jersey de mujer con capucha. Tejido polar de poli\u00e9ster el\u00e1stico en cuatro direcciones con acabado de rizo en el rev\u00e9s en forma de \u00abrejilla\u00bb, alta protecci\u00f3n contra los rayos UV, parcialmente forrado con tejido de malla. Cremallera central delantera, bolsillos laterales con cremallera, bolsillo en el pecho con cremallera, capucha y bajo con ribete el\u00e1stico. &hellip; <a href=\"https:\/\/www.miomiorun.com\/es\/producto\/montura-thermal-grild-pro-hoody-mujer\/\">Continued<\/a><\/p>\n","protected":false},"featured_media":230816,"template":"","meta":{"_acf_changed":false,"inline_featured_image":false},"product_brand":[],"product_cat":[24396,24401,24402],"product_tag":[23513,23631],"class_list":{"0":"post-276117","1":"product","2":"type-product","3":"status-publish","4":"has-post-thumbnail","6":"product_cat-camisetas","7":"product_cat-ropa-de-mujer","8":"product_cat-mujer","9":"product_tag-montura-es","10":"product_tag-montura-mujer","11":"pa_attivita-caminar","12":"pa_attivita-outdoor-es","13":"pa_colore-thermalgrid-pro-hoody-maglia-w-blu-cenere-rosa-sugar-es","14":"pa_marca-montura-es","15":"pa_sesso-mujer","16":"pa_size-large-es","18":"first","19":"instock","20":"taxable","21":"shipping-taxable","22":"purchasable","23":"product-type-variable","24":"wvs-archive-product-wrapper"},"acf":[],"yoast_head":"<!-- This site is optimized with the Yoast SEO plugin v26.8 - https:\/\/yoast.com\/product\/yoast-seo-wordpress\/ -->\n<title>Montura Thermal Grild Pro Hoody mujer - Jersey de invierno - MioMioRun<\/title>\n<meta name=\"description\" content=\"Jersey de mujer con capucha. Tejido polar de poli\u00e9ster el\u00e1stico en cuatro direcciones con acabado de rizo en el rev\u00e9s en forma de \u00abcuadr\u00edcula\u00bb, alta protecci\u00f3n contra los rayos UV\" \/>\n<meta name=\"robots\" content=\"index, follow, max-snippet:-1, max-image-preview:large, max-video-preview:-1\" \/>\n<link rel=\"canonical\" href=\"https:\/\/www.miomiorun.com\/es\/producto\/montura-thermal-grild-pro-hoody-mujer\/\" \/>\n<meta property=\"og:locale\" content=\"es_ES\" \/>\n<meta property=\"og:type\" content=\"article\" \/>\n<meta property=\"og:title\" content=\"Montura Thermal Grild Pro Hoody mujer - Jersey de invierno - MioMioRun\" \/>\n<meta property=\"og:description\" content=\"Jersey de mujer con capucha. Tejido polar de poli\u00e9ster el\u00e1stico en cuatro direcciones con acabado de rizo en el rev\u00e9s en forma de \u00abcuadr\u00edcula\u00bb, alta protecci\u00f3n contra los rayos UV\" \/>\n<meta property=\"og:url\" content=\"https:\/\/www.miomiorun.com\/es\/producto\/montura-thermal-grild-pro-hoody-mujer\/\" \/>\n<meta property=\"og:site_name\" content=\"MioMioRun\" \/>\n<meta property=\"article:publisher\" content=\"https:\/\/www.facebook.com\/miomiorun\/\" \/>\n<meta property=\"article:modified_time\" content=\"2026-04-29T16:12:06+00:00\" \/>\n<meta property=\"og:image\" content=\"https:\/\/www.miomiorun.com\/app\/uploads\/2020\/10\/thermalgrid-ro-hoody-maglia-MMAP72W-8604.jpg\" \/>\n\t<meta property=\"og:image:width\" content=\"600\" \/>\n\t<meta property=\"og:image:height\" content=\"600\" \/>\n\t<meta property=\"og:image:type\" content=\"image\/jpeg\" \/>\n<meta name=\"twitter:card\" content=\"summary_large_image\" \/>\n<script type=\"application\/ld+json\" class=\"yoast-schema-graph\">{\"@context\":\"https:\/\/schema.org\",\"@graph\":[{\"@type\":\"WebPage\",\"@id\":\"https:\/\/www.miomiorun.com\/es\/producto\/montura-thermal-grild-pro-hoody-mujer\/\",\"url\":\"https:\/\/www.miomiorun.com\/es\/producto\/montura-thermal-grild-pro-hoody-mujer\/\",\"name\":\"Montura Thermal Grild Pro Hoody mujer - Jersey de invierno - MioMioRun\",\"isPartOf\":{\"@id\":\"https:\/\/www.miomiorun.com\/es\/#website\"},\"primaryImageOfPage\":{\"@id\":\"https:\/\/www.miomiorun.com\/es\/producto\/montura-thermal-grild-pro-hoody-mujer\/#primaryimage\"},\"image\":{\"@id\":\"https:\/\/www.miomiorun.com\/es\/producto\/montura-thermal-grild-pro-hoody-mujer\/#primaryimage\"},\"thumbnailUrl\":\"https:\/\/www.miomiorun.com\/app\/uploads\/2020\/10\/thermalgrid-ro-hoody-maglia-MMAP72W-8604.jpg\",\"datePublished\":\"2020-10-30T16:09:31+00:00\",\"dateModified\":\"2026-04-29T16:12:06+00:00\",\"description\":\"Jersey de mujer con capucha. Tejido polar de poli\u00e9ster el\u00e1stico en cuatro direcciones con acabado de rizo en el rev\u00e9s en forma de \u00abcuadr\u00edcula\u00bb, alta protecci\u00f3n contra los rayos UV\",\"breadcrumb\":{\"@id\":\"https:\/\/www.miomiorun.com\/es\/producto\/montura-thermal-grild-pro-hoody-mujer\/#breadcrumb\"},\"inLanguage\":\"es-ES\",\"potentialAction\":[{\"@type\":\"ReadAction\",\"target\":[\"https:\/\/www.miomiorun.com\/es\/producto\/montura-thermal-grild-pro-hoody-mujer\/\"]}]},{\"@type\":\"ImageObject\",\"inLanguage\":\"es-ES\",\"@id\":\"https:\/\/www.miomiorun.com\/es\/producto\/montura-thermal-grild-pro-hoody-mujer\/#primaryimage\",\"url\":\"https:\/\/www.miomiorun.com\/app\/uploads\/2020\/10\/thermalgrid-ro-hoody-maglia-MMAP72W-8604.jpg\",\"contentUrl\":\"https:\/\/www.miomiorun.com\/app\/uploads\/2020\/10\/thermalgrid-ro-hoody-maglia-MMAP72W-8604.jpg\",\"width\":600,\"height\":600,\"caption\":\"thermalgrid ro hood maglia\"},{\"@type\":\"BreadcrumbList\",\"@id\":\"https:\/\/www.miomiorun.com\/es\/producto\/montura-thermal-grild-pro-hoody-mujer\/#breadcrumb\",\"itemListElement\":[{\"@type\":\"ListItem\",\"position\":1,\"name\":\"Home\",\"item\":\"https:\/\/www.miomiorun.com\/es\/\"},{\"@type\":\"ListItem\",\"position\":2,\"name\":\"Shop\",\"item\":\"https:\/\/www.miomiorun.com\/shop\/\"},{\"@type\":\"ListItem\",\"position\":3,\"name\":\"Thermal Grild Pro Hoody mujer\"}]},{\"@type\":\"WebSite\",\"@id\":\"https:\/\/www.miomiorun.com\/es\/#website\",\"url\":\"https:\/\/www.miomiorun.com\/es\/\",\"name\":\"MioMioRun\",\"description\":\"Tienda 100% running y trail\",\"publisher\":{\"@id\":\"https:\/\/www.miomiorun.com\/es\/#organization\"},\"potentialAction\":[{\"@type\":\"SearchAction\",\"target\":{\"@type\":\"EntryPoint\",\"urlTemplate\":\"https:\/\/www.miomiorun.com\/es\/?s={search_term_string}\"},\"query-input\":{\"@type\":\"PropertyValueSpecification\",\"valueRequired\":true,\"valueName\":\"search_term_string\"}}],\"inLanguage\":\"es-ES\"},{\"@type\":\"Organization\",\"@id\":\"https:\/\/www.miomiorun.com\/es\/#organization\",\"name\":\"MioMio Run\",\"url\":\"https:\/\/www.miomiorun.com\/es\/\",\"logo\":{\"@type\":\"ImageObject\",\"inLanguage\":\"es-ES\",\"@id\":\"https:\/\/www.miomiorun.com\/es\/#\/schema\/logo\/image\/\",\"url\":\"https:\/\/www.miomiorun.com\/app\/uploads\/2019\/12\/logomio.png\",\"contentUrl\":\"https:\/\/www.miomiorun.com\/app\/uploads\/2019\/12\/logomio.png\",\"width\":115,\"height\":82,\"caption\":\"MioMio Run\"},\"image\":{\"@id\":\"https:\/\/www.miomiorun.com\/es\/#\/schema\/logo\/image\/\"},\"sameAs\":[\"https:\/\/www.facebook.com\/miomiorun\/\",\"https:\/\/www.instagram.com\/miomiorun\/\"]}]}<\/script>\n<!-- \/ Yoast SEO plugin. -->","yoast_head_json":{"title":"Montura Thermal Grild Pro Hoody mujer - Jersey de invierno - MioMioRun","description":"Jersey de mujer con capucha. Tejido polar de poli\u00e9ster el\u00e1stico en cuatro direcciones con acabado de rizo en el rev\u00e9s en forma de \u00abcuadr\u00edcula\u00bb, alta protecci\u00f3n contra los rayos UV","robots":{"index":"index","follow":"follow","max-snippet":"max-snippet:-1","max-image-preview":"max-image-preview:large","max-video-preview":"max-video-preview:-1"},"canonical":"https:\/\/www.miomiorun.com\/es\/producto\/montura-thermal-grild-pro-hoody-mujer\/","og_locale":"es_ES","og_type":"article","og_title":"Montura Thermal Grild Pro Hoody mujer - Jersey de invierno - MioMioRun","og_description":"Jersey de mujer con capucha. Tejido polar de poli\u00e9ster el\u00e1stico en cuatro direcciones con acabado de rizo en el rev\u00e9s en forma de \u00abcuadr\u00edcula\u00bb, alta protecci\u00f3n contra los rayos UV","og_url":"https:\/\/www.miomiorun.com\/es\/producto\/montura-thermal-grild-pro-hoody-mujer\/","og_site_name":"MioMioRun","article_publisher":"https:\/\/www.facebook.com\/miomiorun\/","article_modified_time":"2026-04-29T16:12:06+00:00","og_image":[{"width":600,"height":600,"url":"https:\/\/www.miomiorun.com\/app\/uploads\/2020\/10\/thermalgrid-ro-hoody-maglia-MMAP72W-8604.jpg","type":"image\/jpeg"}],"twitter_card":"summary_large_image","schema":{"@context":"https:\/\/schema.org","@graph":[{"@type":"WebPage","@id":"https:\/\/www.miomiorun.com\/es\/producto\/montura-thermal-grild-pro-hoody-mujer\/","url":"https:\/\/www.miomiorun.com\/es\/producto\/montura-thermal-grild-pro-hoody-mujer\/","name":"Montura Thermal Grild Pro Hoody mujer - Jersey de invierno - MioMioRun","isPartOf":{"@id":"https:\/\/www.miomiorun.com\/es\/#website"},"primaryImageOfPage":{"@id":"https:\/\/www.miomiorun.com\/es\/producto\/montura-thermal-grild-pro-hoody-mujer\/#primaryimage"},"image":{"@id":"https:\/\/www.miomiorun.com\/es\/producto\/montura-thermal-grild-pro-hoody-mujer\/#primaryimage"},"thumbnailUrl":"https:\/\/www.miomiorun.com\/app\/uploads\/2020\/10\/thermalgrid-ro-hoody-maglia-MMAP72W-8604.jpg","datePublished":"2020-10-30T16:09:31+00:00","dateModified":"2026-04-29T16:12:06+00:00","description":"Jersey de mujer con capucha. Tejido polar de poli\u00e9ster el\u00e1stico en cuatro direcciones con acabado de rizo en el rev\u00e9s en forma de \u00abcuadr\u00edcula\u00bb, alta protecci\u00f3n contra los rayos UV","breadcrumb":{"@id":"https:\/\/www.miomiorun.com\/es\/producto\/montura-thermal-grild-pro-hoody-mujer\/#breadcrumb"},"inLanguage":"es-ES","potentialAction":[{"@type":"ReadAction","target":["https:\/\/www.miomiorun.com\/es\/producto\/montura-thermal-grild-pro-hoody-mujer\/"]}]},{"@type":"ImageObject","inLanguage":"es-ES","@id":"https:\/\/www.miomiorun.com\/es\/producto\/montura-thermal-grild-pro-hoody-mujer\/#primaryimage","url":"https:\/\/www.miomiorun.com\/app\/uploads\/2020\/10\/thermalgrid-ro-hoody-maglia-MMAP72W-8604.jpg","contentUrl":"https:\/\/www.miomiorun.com\/app\/uploads\/2020\/10\/thermalgrid-ro-hoody-maglia-MMAP72W-8604.jpg","width":600,"height":600,"caption":"thermalgrid ro hood maglia"},{"@type":"BreadcrumbList","@id":"https:\/\/www.miomiorun.com\/es\/producto\/montura-thermal-grild-pro-hoody-mujer\/#breadcrumb","itemListElement":[{"@type":"ListItem","position":1,"name":"Home","item":"https:\/\/www.miomiorun.com\/es\/"},{"@type":"ListItem","position":2,"name":"Shop","item":"https:\/\/www.miomiorun.com\/shop\/"},{"@type":"ListItem","position":3,"name":"Thermal Grild Pro Hoody mujer"}]},{"@type":"WebSite","@id":"https:\/\/www.miomiorun.com\/es\/#website","url":"https:\/\/www.miomiorun.com\/es\/","name":"MioMioRun","description":"Tienda 100% running y trail","publisher":{"@id":"https:\/\/www.miomiorun.com\/es\/#organization"},"potentialAction":[{"@type":"SearchAction","target":{"@type":"EntryPoint","urlTemplate":"https:\/\/www.miomiorun.com\/es\/?s={search_term_string}"},"query-input":{"@type":"PropertyValueSpecification","valueRequired":true,"valueName":"search_term_string"}}],"inLanguage":"es-ES"},{"@type":"Organization","@id":"https:\/\/www.miomiorun.com\/es\/#organization","name":"MioMio Run","url":"https:\/\/www.miomiorun.com\/es\/","logo":{"@type":"ImageObject","inLanguage":"es-ES","@id":"https:\/\/www.miomiorun.com\/es\/#\/schema\/logo\/image\/","url":"https:\/\/www.miomiorun.com\/app\/uploads\/2019\/12\/logomio.png","contentUrl":"https:\/\/www.miomiorun.com\/app\/uploads\/2019\/12\/logomio.png","width":115,"height":82,"caption":"MioMio Run"},"image":{"@id":"https:\/\/www.miomiorun.com\/es\/#\/schema\/logo\/image\/"},"sameAs":["https:\/\/www.facebook.com\/miomiorun\/","https:\/\/www.instagram.com\/miomiorun\/"]}]}},"_links":{"self":[{"href":"https:\/\/www.miomiorun.com\/es\/wp-json\/wp\/v2\/product\/276117","targetHints":{"allow":["GET"]}}],"collection":[{"href":"https:\/\/www.miomiorun.com\/es\/wp-json\/wp\/v2\/product"}],"about":[{"href":"https:\/\/www.miomiorun.com\/es\/wp-json\/wp\/v2\/types\/product"}],"wp:featuredmedia":[{"embeddable":true,"href":"https:\/\/www.miomiorun.com\/es\/wp-json\/wp\/v2\/media\/230816"}],"wp:attachment":[{"href":"https:\/\/www.miomiorun.com\/es\/wp-json\/wp\/v2\/media?parent=276117"}],"wp:term":[{"taxonomy":"product_brand","embeddable":true,"href":"https:\/\/www.miomiorun.com\/es\/wp-json\/wp\/v2\/product_brand?post=276117"},{"taxonomy":"product_cat","embeddable":true,"href":"https:\/\/www.miomiorun.com\/es\/wp-json\/wp\/v2\/product_cat?post=276117"},{"taxonomy":"product_tag","embeddable":true,"href":"https:\/\/www.miomiorun.com\/es\/wp-json\/wp\/v2\/product_tag?post=276117"}],"curies":[{"name":"wp","href":"https:\/\/api.w.org\/{rel}","templated":true}]}}