{"id":276115,"date":"2020-10-29T10:00:08","date_gmt":"2020-10-29T09:00:08","guid":{"rendered":"https:\/\/miomiorun.com\/prodotto\/cep-recovery-pro-socks-uomo\/"},"modified":"2026-04-29T18:11:00","modified_gmt":"2026-04-29T16:11:00","slug":"cep-recovery-pro-socks-hombre","status":"publish","type":"product","link":"https:\/\/www.miomiorun.com\/es\/producto\/cep-recovery-pro-socks-hombre\/","title":{"rendered":"Recovery Pro Socks hombre"},"content":{"rendered":"<p>M\u00e1s alto, m\u00e1s r\u00e1pido, m\u00e1s lejos: gracias a la compresi\u00f3n media espec\u00edfica, podr\u00e1s optimizar tus carreras y recuperarte m\u00e1s r\u00e1pido tras un entrenamiento intenso. Los calcetines Recovery Pro para hombre son los calcetines de running ideales gracias a su ajuste perfecto, su efecto de compresi\u00f3n y su combinaci\u00f3n funcional de materiales. Y a\u00fan m\u00e1s: estos calcetines deportivos sacan lo mejor de ti en cuanto a comodidad, incluso en tu d\u00eda a d\u00eda entre entrenamientos.<\/p>\n<p>Compresi\u00f3n para mejorar la circulaci\u00f3n sangu\u00ednea y el aporte de nutrientes a los m\u00fasculos<br \/>\nLa presi\u00f3n espec\u00edfica en los pies, los tobillos y la parte inferior de las piernas mejora el transporte de ox\u00edgeno y la circulaci\u00f3n sangu\u00ednea, y optimiza el aporte de nutrientes. De este modo, podr\u00e1s aguantar m\u00e1s tiempo durante las sesiones de entrenamiento y recuperarte m\u00e1s r\u00e1pido. La compresi\u00f3n convierte a los calcetines Recovery Pro para hombre en compa\u00f1eros de viaje ideales, por ejemplo, en vuelos de larga distancia. Adem\u00e1s, hacen que las piernas se sientan notablemente m\u00e1s ligeras en el tiempo libre.<\/p>\n<p>Combinaci\u00f3n funcional de materiales<br \/>\nLos calcetines est\u00e1n fabricados en poliamida y con un alt\u00edsimo porcentaje de elastano. De este modo, evacuan la humedad de forma eficaz y garantizan una agradable sensaci\u00f3n de sequedad al caminar. Gracias a su elasticidad, los calcetines de running se ajustan perfectamente a los pies y las piernas. Esto evita los puntos de presi\u00f3n y previene la formaci\u00f3n de ampollas.<\/p>\n<p>Aguanta m\u00e1s tiempo y recup\u00e9rate m\u00e1s r\u00e1pido<br \/>\nSigue superando tus l\u00edmites durante el entrenamiento. Tus calcetines de running te ayudan a conseguirlo. Disfrutar\u00e1s de una sensaci\u00f3n constante de frescor en las piernas y estar\u00e1s en plena forma. La compresi\u00f3n favorece una recuperaci\u00f3n m\u00e1s r\u00e1pida de las piernas, \u00a1as\u00ed que estar\u00e1s listo enseguida para tu pr\u00f3xima carrera!<\/p>\n<p>Compra ya los calcetines de compresi\u00f3n Recovery Pro para hombre y disfruta de tu entrenamiento con una pisada ligera.<br \/>\nCaracter\u00edsticas destacadas:<\/p>\n<p>Con las medias de compresi\u00f3n Recovery Pro te recuperas m\u00e1s r\u00e1pido tras el esfuerzo, gracias a una mayor eliminaci\u00f3n de los productos de desecho.<br \/>\nSu dise\u00f1o anat\u00f3mico y una combinaci\u00f3n de materiales de alta calidad garantizan la m\u00e1xima comodidad.<br \/>\nLa presi\u00f3n activadora estimula la circulaci\u00f3n sangu\u00ednea, lo que proporciona una sensaci\u00f3n constante de frescor en la pierna.Caracter\u00edsticas de calidad<\/p>\n<p>Excelente ajuste anat\u00f3mico<br \/>\nMateriales de alta calidad y acabado superior para una m\u00e1xima durabilidad<br \/>\nMicrofibra para una mayor comodidad<br \/>\nCostura extra plana en la puntera<\/p>\n<p>Caracter\u00edsticas funcionales<\/p>\n<p>Control permanente de la temperatura<br \/>\nEfecto antibacteriano y antiolor<br \/>\nAcolchado anat\u00f3mico para el pie<\/p>\n<p>Material:<\/p>\n<p>63 % poliamida, 37 % elastano<\/p>\n","protected":false},"excerpt":{"rendered":"<p>M\u00e1s alto, m\u00e1s r\u00e1pido, m\u00e1s lejos: gracias a la compresi\u00f3n media espec\u00edfica, podr\u00e1s optimizar tus carreras y recuperarte m\u00e1s r\u00e1pido tras un entrenamiento intenso. Los calcetines Recovery Pro para hombre son los calcetines de running ideales gracias a su ajuste perfecto, su efecto de compresi\u00f3n y su combinaci\u00f3n funcional de materiales. Y a\u00fan m\u00e1s: estos &hellip; <a href=\"https:\/\/www.miomiorun.com\/es\/producto\/cep-recovery-pro-socks-hombre\/\">Continued<\/a><\/p>\n","protected":false},"featured_media":230940,"template":"","meta":{"_acf_changed":false,"inline_featured_image":false},"product_brand":[],"product_cat":[24462,24463,24464],"product_tag":[23468,23665],"class_list":{"0":"post-276115","1":"product","2":"type-product","3":"status-publish","4":"has-post-thumbnail","6":"product_cat-calcetines-es-2","7":"product_cat-ropa-de-hombre-es","8":"product_cat-hombre","9":"product_tag-cep-es","10":"product_tag-cep-hombre","11":"pa_attivita-lifestyle-es","12":"pa_circonferenza-polpaccio-32-38-es","13":"pa_circonferenza-polpaccio-39-44-es","14":"pa_colore-recovery-pro-compression-socks-black-es","15":"pa_marca-cep-es","16":"pa_sesso-hombre","18":"first","19":"instock","20":"sale","21":"taxable","22":"shipping-taxable","23":"purchasable","24":"product-type-variable","25":"wvs-archive-product-wrapper"},"acf":[],"yoast_head":"<!-- This site is optimized with the Yoast SEO plugin v26.8 - https:\/\/yoast.com\/product\/yoast-seo-wordpress\/ -->\n<title>Cep Recovery Pro Socks hombre - Calcetines para correr - MioMioRun<\/title>\n<meta name=\"description\" content=\"M\u00e1s alto, m\u00e1s r\u00e1pido, m\u00e1s lejos: con la compresi\u00f3n media espec\u00edfica, podr\u00e1s optimizar tus carreras y recuperarte m\u00e1s r\u00e1pido tras un entrenamiento intenso.\" \/>\n<meta name=\"robots\" content=\"index, follow, max-snippet:-1, max-image-preview:large, max-video-preview:-1\" \/>\n<link rel=\"canonical\" href=\"https:\/\/www.miomiorun.com\/es\/producto\/cep-recovery-pro-socks-hombre\/\" \/>\n<meta property=\"og:locale\" content=\"es_ES\" \/>\n<meta property=\"og:type\" content=\"article\" \/>\n<meta property=\"og:title\" content=\"Cep Recovery Pro Socks hombre - Calcetines para correr - MioMioRun\" \/>\n<meta property=\"og:description\" content=\"M\u00e1s alto, m\u00e1s r\u00e1pido, m\u00e1s lejos: con la compresi\u00f3n media espec\u00edfica, podr\u00e1s optimizar tus carreras y recuperarte m\u00e1s r\u00e1pido tras un entrenamiento intenso.\" \/>\n<meta property=\"og:url\" content=\"https:\/\/www.miomiorun.com\/es\/producto\/cep-recovery-pro-socks-hombre\/\" \/>\n<meta property=\"og:site_name\" content=\"MioMioRun\" \/>\n<meta property=\"article:publisher\" content=\"https:\/\/www.facebook.com\/miomiorun\/\" \/>\n<meta property=\"article:modified_time\" content=\"2026-04-29T16:11:00+00:00\" \/>\n<meta property=\"og:image\" content=\"https:\/\/www.miomiorun.com\/app\/uploads\/2020\/10\/cep-recovery-pro-compression-socks-WP505T.jpg\" \/>\n\t<meta property=\"og:image:width\" content=\"600\" \/>\n\t<meta property=\"og:image:height\" content=\"600\" \/>\n\t<meta property=\"og:image:type\" content=\"image\/jpeg\" \/>\n<meta name=\"twitter:card\" content=\"summary_large_image\" \/>\n<meta name=\"twitter:label1\" content=\"Est. reading time\" \/>\n\t<meta name=\"twitter:data1\" content=\"2 minutes\" \/>\n<script type=\"application\/ld+json\" class=\"yoast-schema-graph\">{\"@context\":\"https:\/\/schema.org\",\"@graph\":[{\"@type\":\"WebPage\",\"@id\":\"https:\/\/www.miomiorun.com\/es\/producto\/cep-recovery-pro-socks-hombre\/\",\"url\":\"https:\/\/www.miomiorun.com\/es\/producto\/cep-recovery-pro-socks-hombre\/\",\"name\":\"Cep Recovery Pro Socks hombre - Calcetines para correr - MioMioRun\",\"isPartOf\":{\"@id\":\"https:\/\/www.miomiorun.com\/es\/#website\"},\"primaryImageOfPage\":{\"@id\":\"https:\/\/www.miomiorun.com\/es\/producto\/cep-recovery-pro-socks-hombre\/#primaryimage\"},\"image\":{\"@id\":\"https:\/\/www.miomiorun.com\/es\/producto\/cep-recovery-pro-socks-hombre\/#primaryimage\"},\"thumbnailUrl\":\"https:\/\/www.miomiorun.com\/app\/uploads\/2020\/10\/cep-recovery-pro-compression-socks-WP505T.jpg\",\"datePublished\":\"2020-10-29T09:00:08+00:00\",\"dateModified\":\"2026-04-29T16:11:00+00:00\",\"description\":\"M\u00e1s alto, m\u00e1s r\u00e1pido, m\u00e1s lejos: con la compresi\u00f3n media espec\u00edfica, podr\u00e1s optimizar tus carreras y recuperarte m\u00e1s r\u00e1pido tras un entrenamiento intenso.\",\"breadcrumb\":{\"@id\":\"https:\/\/www.miomiorun.com\/es\/producto\/cep-recovery-pro-socks-hombre\/#breadcrumb\"},\"inLanguage\":\"es-ES\",\"potentialAction\":[{\"@type\":\"ReadAction\",\"target\":[\"https:\/\/www.miomiorun.com\/es\/producto\/cep-recovery-pro-socks-hombre\/\"]}]},{\"@type\":\"ImageObject\",\"inLanguage\":\"es-ES\",\"@id\":\"https:\/\/www.miomiorun.com\/es\/producto\/cep-recovery-pro-socks-hombre\/#primaryimage\",\"url\":\"https:\/\/www.miomiorun.com\/app\/uploads\/2020\/10\/cep-recovery-pro-compression-socks-WP505T.jpg\",\"contentUrl\":\"https:\/\/www.miomiorun.com\/app\/uploads\/2020\/10\/cep-recovery-pro-compression-socks-WP505T.jpg\",\"width\":600,\"height\":600,\"caption\":\"cep recovery pro compression\"},{\"@type\":\"BreadcrumbList\",\"@id\":\"https:\/\/www.miomiorun.com\/es\/producto\/cep-recovery-pro-socks-hombre\/#breadcrumb\",\"itemListElement\":[{\"@type\":\"ListItem\",\"position\":1,\"name\":\"Home\",\"item\":\"https:\/\/www.miomiorun.com\/es\/\"},{\"@type\":\"ListItem\",\"position\":2,\"name\":\"Shop\",\"item\":\"https:\/\/www.miomiorun.com\/shop\/\"},{\"@type\":\"ListItem\",\"position\":3,\"name\":\"Recovery Pro Socks hombre\"}]},{\"@type\":\"WebSite\",\"@id\":\"https:\/\/www.miomiorun.com\/es\/#website\",\"url\":\"https:\/\/www.miomiorun.com\/es\/\",\"name\":\"MioMioRun\",\"description\":\"Tienda 100% running y trail\",\"publisher\":{\"@id\":\"https:\/\/www.miomiorun.com\/es\/#organization\"},\"potentialAction\":[{\"@type\":\"SearchAction\",\"target\":{\"@type\":\"EntryPoint\",\"urlTemplate\":\"https:\/\/www.miomiorun.com\/es\/?s={search_term_string}\"},\"query-input\":{\"@type\":\"PropertyValueSpecification\",\"valueRequired\":true,\"valueName\":\"search_term_string\"}}],\"inLanguage\":\"es-ES\"},{\"@type\":\"Organization\",\"@id\":\"https:\/\/www.miomiorun.com\/es\/#organization\",\"name\":\"MioMio Run\",\"url\":\"https:\/\/www.miomiorun.com\/es\/\",\"logo\":{\"@type\":\"ImageObject\",\"inLanguage\":\"es-ES\",\"@id\":\"https:\/\/www.miomiorun.com\/es\/#\/schema\/logo\/image\/\",\"url\":\"https:\/\/www.miomiorun.com\/app\/uploads\/2019\/12\/logomio.png\",\"contentUrl\":\"https:\/\/www.miomiorun.com\/app\/uploads\/2019\/12\/logomio.png\",\"width\":115,\"height\":82,\"caption\":\"MioMio Run\"},\"image\":{\"@id\":\"https:\/\/www.miomiorun.com\/es\/#\/schema\/logo\/image\/\"},\"sameAs\":[\"https:\/\/www.facebook.com\/miomiorun\/\",\"https:\/\/www.instagram.com\/miomiorun\/\"]}]}<\/script>\n<!-- \/ Yoast SEO plugin. -->","yoast_head_json":{"title":"Cep Recovery Pro Socks hombre - Calcetines para correr - MioMioRun","description":"M\u00e1s alto, m\u00e1s r\u00e1pido, m\u00e1s lejos: con la compresi\u00f3n media espec\u00edfica, podr\u00e1s optimizar tus carreras y recuperarte m\u00e1s r\u00e1pido tras un entrenamiento intenso.","robots":{"index":"index","follow":"follow","max-snippet":"max-snippet:-1","max-image-preview":"max-image-preview:large","max-video-preview":"max-video-preview:-1"},"canonical":"https:\/\/www.miomiorun.com\/es\/producto\/cep-recovery-pro-socks-hombre\/","og_locale":"es_ES","og_type":"article","og_title":"Cep Recovery Pro Socks hombre - Calcetines para correr - MioMioRun","og_description":"M\u00e1s alto, m\u00e1s r\u00e1pido, m\u00e1s lejos: con la compresi\u00f3n media espec\u00edfica, podr\u00e1s optimizar tus carreras y recuperarte m\u00e1s r\u00e1pido tras un entrenamiento intenso.","og_url":"https:\/\/www.miomiorun.com\/es\/producto\/cep-recovery-pro-socks-hombre\/","og_site_name":"MioMioRun","article_publisher":"https:\/\/www.facebook.com\/miomiorun\/","article_modified_time":"2026-04-29T16:11:00+00:00","og_image":[{"width":600,"height":600,"url":"https:\/\/www.miomiorun.com\/app\/uploads\/2020\/10\/cep-recovery-pro-compression-socks-WP505T.jpg","type":"image\/jpeg"}],"twitter_card":"summary_large_image","twitter_misc":{"Est. reading time":"2 minutes"},"schema":{"@context":"https:\/\/schema.org","@graph":[{"@type":"WebPage","@id":"https:\/\/www.miomiorun.com\/es\/producto\/cep-recovery-pro-socks-hombre\/","url":"https:\/\/www.miomiorun.com\/es\/producto\/cep-recovery-pro-socks-hombre\/","name":"Cep Recovery Pro Socks hombre - Calcetines para correr - MioMioRun","isPartOf":{"@id":"https:\/\/www.miomiorun.com\/es\/#website"},"primaryImageOfPage":{"@id":"https:\/\/www.miomiorun.com\/es\/producto\/cep-recovery-pro-socks-hombre\/#primaryimage"},"image":{"@id":"https:\/\/www.miomiorun.com\/es\/producto\/cep-recovery-pro-socks-hombre\/#primaryimage"},"thumbnailUrl":"https:\/\/www.miomiorun.com\/app\/uploads\/2020\/10\/cep-recovery-pro-compression-socks-WP505T.jpg","datePublished":"2020-10-29T09:00:08+00:00","dateModified":"2026-04-29T16:11:00+00:00","description":"M\u00e1s alto, m\u00e1s r\u00e1pido, m\u00e1s lejos: con la compresi\u00f3n media espec\u00edfica, podr\u00e1s optimizar tus carreras y recuperarte m\u00e1s r\u00e1pido tras un entrenamiento intenso.","breadcrumb":{"@id":"https:\/\/www.miomiorun.com\/es\/producto\/cep-recovery-pro-socks-hombre\/#breadcrumb"},"inLanguage":"es-ES","potentialAction":[{"@type":"ReadAction","target":["https:\/\/www.miomiorun.com\/es\/producto\/cep-recovery-pro-socks-hombre\/"]}]},{"@type":"ImageObject","inLanguage":"es-ES","@id":"https:\/\/www.miomiorun.com\/es\/producto\/cep-recovery-pro-socks-hombre\/#primaryimage","url":"https:\/\/www.miomiorun.com\/app\/uploads\/2020\/10\/cep-recovery-pro-compression-socks-WP505T.jpg","contentUrl":"https:\/\/www.miomiorun.com\/app\/uploads\/2020\/10\/cep-recovery-pro-compression-socks-WP505T.jpg","width":600,"height":600,"caption":"cep recovery pro compression"},{"@type":"BreadcrumbList","@id":"https:\/\/www.miomiorun.com\/es\/producto\/cep-recovery-pro-socks-hombre\/#breadcrumb","itemListElement":[{"@type":"ListItem","position":1,"name":"Home","item":"https:\/\/www.miomiorun.com\/es\/"},{"@type":"ListItem","position":2,"name":"Shop","item":"https:\/\/www.miomiorun.com\/shop\/"},{"@type":"ListItem","position":3,"name":"Recovery Pro Socks hombre"}]},{"@type":"WebSite","@id":"https:\/\/www.miomiorun.com\/es\/#website","url":"https:\/\/www.miomiorun.com\/es\/","name":"MioMioRun","description":"Tienda 100% running y trail","publisher":{"@id":"https:\/\/www.miomiorun.com\/es\/#organization"},"potentialAction":[{"@type":"SearchAction","target":{"@type":"EntryPoint","urlTemplate":"https:\/\/www.miomiorun.com\/es\/?s={search_term_string}"},"query-input":{"@type":"PropertyValueSpecification","valueRequired":true,"valueName":"search_term_string"}}],"inLanguage":"es-ES"},{"@type":"Organization","@id":"https:\/\/www.miomiorun.com\/es\/#organization","name":"MioMio Run","url":"https:\/\/www.miomiorun.com\/es\/","logo":{"@type":"ImageObject","inLanguage":"es-ES","@id":"https:\/\/www.miomiorun.com\/es\/#\/schema\/logo\/image\/","url":"https:\/\/www.miomiorun.com\/app\/uploads\/2019\/12\/logomio.png","contentUrl":"https:\/\/www.miomiorun.com\/app\/uploads\/2019\/12\/logomio.png","width":115,"height":82,"caption":"MioMio Run"},"image":{"@id":"https:\/\/www.miomiorun.com\/es\/#\/schema\/logo\/image\/"},"sameAs":["https:\/\/www.facebook.com\/miomiorun\/","https:\/\/www.instagram.com\/miomiorun\/"]}]}},"_links":{"self":[{"href":"https:\/\/www.miomiorun.com\/es\/wp-json\/wp\/v2\/product\/276115","targetHints":{"allow":["GET"]}}],"collection":[{"href":"https:\/\/www.miomiorun.com\/es\/wp-json\/wp\/v2\/product"}],"about":[{"href":"https:\/\/www.miomiorun.com\/es\/wp-json\/wp\/v2\/types\/product"}],"wp:featuredmedia":[{"embeddable":true,"href":"https:\/\/www.miomiorun.com\/es\/wp-json\/wp\/v2\/media\/230940"}],"wp:attachment":[{"href":"https:\/\/www.miomiorun.com\/es\/wp-json\/wp\/v2\/media?parent=276115"}],"wp:term":[{"taxonomy":"product_brand","embeddable":true,"href":"https:\/\/www.miomiorun.com\/es\/wp-json\/wp\/v2\/product_brand?post=276115"},{"taxonomy":"product_cat","embeddable":true,"href":"https:\/\/www.miomiorun.com\/es\/wp-json\/wp\/v2\/product_cat?post=276115"},{"taxonomy":"product_tag","embeddable":true,"href":"https:\/\/www.miomiorun.com\/es\/wp-json\/wp\/v2\/product_tag?post=276115"}],"curies":[{"name":"wp","href":"https:\/\/api.w.org\/{rel}","templated":true}]}}