{"id":276019,"date":"2020-11-03T17:31:51","date_gmt":"2020-11-03T16:31:51","guid":{"rendered":"https:\/\/miomiorun.com\/prodotto\/aftershokz-openmove\/"},"modified":"2026-04-29T18:22:56","modified_gmt":"2026-04-29T16:22:56","slug":"aftershokz-openmove","status":"publish","type":"product","link":"https:\/\/www.miomiorun.com\/es\/producto\/aftershokz-openmove\/","title":{"rendered":"OpenMove"},"content":{"rendered":"<p><div class=\"vc-row container\"><div class=\"vc-column\"><div class=\"vc-column-text\"><\/p>\n<div class=\"\" data-more=\"true\">\n<p>AfterShokz presenta los nuevos auriculares inal\u00e1mbricos OpenMove con tecnolog\u00eda de conducci\u00f3n \u00f3sea. Ideales para el d\u00eda a d\u00eda o para practicar deporte en casa, en el gimnasio o en la ciudad, estos auriculares cuentan con un dise\u00f1o que deja las orejas libres, lo que permite escuchar tanto la m\u00fasica como el entorno.<\/p>\n<p>Con certificaci\u00f3n IP55, los AfterShokz OpenMove cuentan con un revestimiento de titanio resistente al agua, al sudor y a la humedad. Este revestimiento de titanio hace que estos auriculares sean extremadamente ligeros y flexibles (pesan solo 29 gramos), lo que proporciona una sensaci\u00f3n de comodidad constante.<\/p>\n<p>El emparejamiento por Bluetooth es f\u00e1cil e inmediato gracias a la tecnolog\u00eda Bluetooth 5.0, que garantiza una conexi\u00f3n sencilla y estable de hasta 10 metros y un emparejamiento multipunto. La bater\u00eda interna se recarga en unas dos horas, con el cable USB-C incluido, lo que garantiza una autonom\u00eda de hasta 6 horas de reproducci\u00f3n musical y conversaci\u00f3n, y 10 d\u00edas en modo de espera. Los OpenMove se recargan en solo 2 horas. Adem\u00e1s, los auriculares est\u00e1n equipados con dos micr\u00f3fonos para la atenuaci\u00f3n del ruido ambiental y la mejora de la voz durante las llamadas.<\/p>\n<p>TECNOLOG\u00cdA PREMIUM PITCH 2.0<br \/>\nLa excepcional calidad de sonido de los auriculares deportivos de AfterShokz est\u00e1 garantizada por Premium Pitch 2.0: esta tecnolog\u00eda se combina con los transductores de los auriculares para ofrecer una potente gama de sonidos con vibraciones m\u00ednimas y 3 modos de ecualizaci\u00f3n.<\/p>\n<p>TECNOLOG\u00cdA DE CONDUCCI\u00d3N \u00d3SEA<br \/>\nCon m\u00e1s de 500 patentes, AfterShokz puede definirse sin duda como pionera en la innovaci\u00f3n de los auriculares deportivos. Galardonados con importantes premios internacionales, como el Red Dot Design Award 2018, los auriculares de conducci\u00f3n \u00f3sea de AfterShokz son el complemento perfecto para quienes desean entrenar con seguridad, pero tambi\u00e9n son ideales para usar en casa o en la oficina, ya que permiten escuchar los sonidos del entorno y, al mismo tiempo, concentrarse al ritmo de la m\u00fasica gracias a su dise\u00f1o \u00abopen-ear\u00bb.<\/p>\n<p>O\u00edmos a trav\u00e9s de la conducci\u00f3n \u00f3sea mientras comemos, bebemos e incluso mientras hablamos: por eso nuestra voz suena diferente a cuando la escuchamos en una grabaci\u00f3n o en un v\u00eddeo. Tendemos a percibir nuestra voz m\u00e1s grave e intensa porque el cr\u00e1neo transmite las frecuencias bajas mejor que el aire.<br \/>\nAfterShokz aprovecha la conducci\u00f3n \u00f3sea natural integrando en sus auriculares inal\u00e1mbricos transductores electromec\u00e1nicos, que convierten los sonidos en vibraciones que se transmiten directamente al o\u00eddo interno a trav\u00e9s de los huesos del cr\u00e1neo, evitando as\u00ed el t\u00edmpano.<\/p>\n<table class=\"table table-bordered table-striped\" data-striping=\"1\">\n<tbody>\n<tr class=\"odd\">\n<td>Componentes incluidos<\/td>\n<td>CABLE DE CARGA, ESTUCHE, TAPONES<\/td>\n<\/tr>\n<tr class=\"even\">\n<td>Bluetooth<\/td>\n<td>S\u00cd<\/td>\n<\/tr>\n<tr class=\"odd\">\n<td>Conectividad y altavoces m\u00faltiples<\/td>\n<td>S\u00cd<\/td>\n<\/tr>\n<tr class=\"even\">\n<td>Resistente al polvo<\/td>\n<td>S\u00cd<\/td>\n<\/tr>\n<tr class=\"odd\">\n<td>Resistente al agua<\/td>\n<td>S\u00cd<\/td>\n<\/tr>\n<tr class=\"even\">\n<td>Bater\u00eda integrada<\/td>\n<td>S\u00cd<\/td>\n<\/tr>\n<tr class=\"odd\">\n<td>Duraci\u00f3n de la bater\u00eda<\/td>\n<td>6 h<\/td>\n<\/tr>\n<tr class=\"even\">\n<td>Micr\u00f3fono<\/td>\n<td>S\u00cd<\/td>\n<\/tr>\n<tr class=\"even\">\n<td>Bot\u00f3n de volumen<\/td>\n<td>S\u00cd<\/td>\n<\/tr>\n<tr class=\"odd\">\n<td>Bot\u00f3n de respuesta de llamada<\/td>\n<td>S\u00cd<\/td>\n<\/tr>\n<tr class=\"even\">\n<td>Resistente al sudor<\/td>\n<td>S\u00cd<\/td>\n<\/tr>\n<tr class=\"odd\">\n<td>Peso<\/td>\n<td>29 g<\/td>\n<\/tr>\n<\/tbody>\n<\/table>\n<\/div>\n<p><\/div><\/div><\/div><div class=\"vc-row container\"><div class=\"vc-column\"><\/div><\/div><\/p>\n","protected":false},"excerpt":{"rendered":"","protected":false},"featured_media":230948,"template":"","meta":{"_acf_changed":false,"inline_featured_image":false},"product_brand":[],"product_cat":[24205,24207],"product_tag":[23543],"class_list":{"0":"post-276019","1":"product","2":"type-product","3":"status-publish","4":"has-post-thumbnail","6":"product_cat-accesorios","7":"product_cat-auriculares","8":"product_tag-shokz-es","9":"pa_attivita-caminar","10":"pa_attivita-fitness-es","11":"pa_attivita-lifestyle-es","12":"pa_attivita-outdoor-es","13":"pa_attivita-running-es","14":"pa_attivita-trail-es","15":"pa_colore-openmove-alpine-white-es","16":"pa_colore-openmove-blue","17":"pa_colore-openmove-elevation-blue-es","18":"pa_colore-openmove-himalayan-pink-es","19":"pa_colore-openmove-slate-grey-es","20":"pa_marca-shokz-es","21":"pa_sesso-hombre","22":"pa_sesso-mujer","24":"first","25":"instock","26":"sale","27":"taxable","28":"shipping-taxable","29":"purchasable","30":"product-type-variable","31":"wvs-archive-product-wrapper"},"acf":[],"yoast_head":"<!-- This site is optimized with the Yoast SEO plugin v26.8 - https:\/\/yoast.com\/product\/yoast-seo-wordpress\/ -->\n<title>Shokz OpenMove - auriculares para correr - MioMioRun<\/title>\n<meta name=\"description\" content=\"Los nuevos auriculares inal\u00e1mbricos OpenMove con conducci\u00f3n \u00f3sea. Ideales para el d\u00eda a d\u00eda o para hacer deporte en casa, en el gimnasio o en la ciudad\" \/>\n<meta name=\"robots\" content=\"index, follow, max-snippet:-1, max-image-preview:large, max-video-preview:-1\" \/>\n<link rel=\"canonical\" href=\"https:\/\/www.miomiorun.com\/es\/producto\/aftershokz-openmove\/\" \/>\n<meta property=\"og:locale\" content=\"es_ES\" \/>\n<meta property=\"og:type\" content=\"article\" \/>\n<meta property=\"og:title\" content=\"Shokz OpenMove - auriculares para correr - MioMioRun\" \/>\n<meta property=\"og:description\" content=\"Los nuevos auriculares inal\u00e1mbricos OpenMove con conducci\u00f3n \u00f3sea. Ideales para el d\u00eda a d\u00eda o para hacer deporte en casa, en el gimnasio o en la ciudad\" \/>\n<meta property=\"og:url\" content=\"https:\/\/www.miomiorun.com\/es\/producto\/aftershokz-openmove\/\" \/>\n<meta property=\"og:site_name\" content=\"MioMioRun\" \/>\n<meta property=\"article:publisher\" content=\"https:\/\/www.facebook.com\/miomiorun\/\" \/>\n<meta property=\"article:modified_time\" content=\"2026-04-29T16:22:56+00:00\" \/>\n<meta property=\"og:image\" content=\"https:\/\/www.miomiorun.com\/app\/uploads\/2020\/11\/aftershokz-openmove-AS660-AW.jpg\" \/>\n\t<meta property=\"og:image:width\" content=\"600\" \/>\n\t<meta property=\"og:image:height\" content=\"600\" \/>\n\t<meta property=\"og:image:type\" content=\"image\/jpeg\" \/>\n<meta name=\"twitter:card\" content=\"summary_large_image\" \/>\n<meta name=\"twitter:label1\" content=\"Est. reading time\" \/>\n\t<meta name=\"twitter:data1\" content=\"3 minutes\" \/>\n<script type=\"application\/ld+json\" class=\"yoast-schema-graph\">{\"@context\":\"https:\/\/schema.org\",\"@graph\":[{\"@type\":\"WebPage\",\"@id\":\"https:\/\/www.miomiorun.com\/es\/producto\/aftershokz-openmove\/\",\"url\":\"https:\/\/www.miomiorun.com\/es\/producto\/aftershokz-openmove\/\",\"name\":\"Shokz OpenMove - auriculares para correr - MioMioRun\",\"isPartOf\":{\"@id\":\"https:\/\/www.miomiorun.com\/es\/#website\"},\"primaryImageOfPage\":{\"@id\":\"https:\/\/www.miomiorun.com\/es\/producto\/aftershokz-openmove\/#primaryimage\"},\"image\":{\"@id\":\"https:\/\/www.miomiorun.com\/es\/producto\/aftershokz-openmove\/#primaryimage\"},\"thumbnailUrl\":\"https:\/\/www.miomiorun.com\/app\/uploads\/2020\/11\/aftershokz-openmove-AS660-AW.jpg\",\"datePublished\":\"2020-11-03T16:31:51+00:00\",\"dateModified\":\"2026-04-29T16:22:56+00:00\",\"description\":\"Los nuevos auriculares inal\u00e1mbricos OpenMove con conducci\u00f3n \u00f3sea. Ideales para el d\u00eda a d\u00eda o para hacer deporte en casa, en el gimnasio o en la ciudad\",\"breadcrumb\":{\"@id\":\"https:\/\/www.miomiorun.com\/es\/producto\/aftershokz-openmove\/#breadcrumb\"},\"inLanguage\":\"es-ES\",\"potentialAction\":[{\"@type\":\"ReadAction\",\"target\":[\"https:\/\/www.miomiorun.com\/es\/producto\/aftershokz-openmove\/\"]}]},{\"@type\":\"ImageObject\",\"inLanguage\":\"es-ES\",\"@id\":\"https:\/\/www.miomiorun.com\/es\/producto\/aftershokz-openmove\/#primaryimage\",\"url\":\"https:\/\/www.miomiorun.com\/app\/uploads\/2020\/11\/aftershokz-openmove-AS660-AW.jpg\",\"contentUrl\":\"https:\/\/www.miomiorun.com\/app\/uploads\/2020\/11\/aftershokz-openmove-AS660-AW.jpg\",\"width\":600,\"height\":600,\"caption\":\"aftershokz openmove cuffie\"},{\"@type\":\"BreadcrumbList\",\"@id\":\"https:\/\/www.miomiorun.com\/es\/producto\/aftershokz-openmove\/#breadcrumb\",\"itemListElement\":[{\"@type\":\"ListItem\",\"position\":1,\"name\":\"Home\",\"item\":\"https:\/\/www.miomiorun.com\/es\/\"},{\"@type\":\"ListItem\",\"position\":2,\"name\":\"Shop\",\"item\":\"https:\/\/www.miomiorun.com\/shop\/\"},{\"@type\":\"ListItem\",\"position\":3,\"name\":\"OpenMove\"}]},{\"@type\":\"WebSite\",\"@id\":\"https:\/\/www.miomiorun.com\/es\/#website\",\"url\":\"https:\/\/www.miomiorun.com\/es\/\",\"name\":\"MioMioRun\",\"description\":\"Tienda 100% running y trail\",\"publisher\":{\"@id\":\"https:\/\/www.miomiorun.com\/es\/#organization\"},\"potentialAction\":[{\"@type\":\"SearchAction\",\"target\":{\"@type\":\"EntryPoint\",\"urlTemplate\":\"https:\/\/www.miomiorun.com\/es\/?s={search_term_string}\"},\"query-input\":{\"@type\":\"PropertyValueSpecification\",\"valueRequired\":true,\"valueName\":\"search_term_string\"}}],\"inLanguage\":\"es-ES\"},{\"@type\":\"Organization\",\"@id\":\"https:\/\/www.miomiorun.com\/es\/#organization\",\"name\":\"MioMio Run\",\"url\":\"https:\/\/www.miomiorun.com\/es\/\",\"logo\":{\"@type\":\"ImageObject\",\"inLanguage\":\"es-ES\",\"@id\":\"https:\/\/www.miomiorun.com\/es\/#\/schema\/logo\/image\/\",\"url\":\"https:\/\/www.miomiorun.com\/app\/uploads\/2019\/12\/logomio.png\",\"contentUrl\":\"https:\/\/www.miomiorun.com\/app\/uploads\/2019\/12\/logomio.png\",\"width\":115,\"height\":82,\"caption\":\"MioMio Run\"},\"image\":{\"@id\":\"https:\/\/www.miomiorun.com\/es\/#\/schema\/logo\/image\/\"},\"sameAs\":[\"https:\/\/www.facebook.com\/miomiorun\/\",\"https:\/\/www.instagram.com\/miomiorun\/\"]}]}<\/script>\n<!-- \/ Yoast SEO plugin. -->","yoast_head_json":{"title":"Shokz OpenMove - auriculares para correr - MioMioRun","description":"Los nuevos auriculares inal\u00e1mbricos OpenMove con conducci\u00f3n \u00f3sea. Ideales para el d\u00eda a d\u00eda o para hacer deporte en casa, en el gimnasio o en la ciudad","robots":{"index":"index","follow":"follow","max-snippet":"max-snippet:-1","max-image-preview":"max-image-preview:large","max-video-preview":"max-video-preview:-1"},"canonical":"https:\/\/www.miomiorun.com\/es\/producto\/aftershokz-openmove\/","og_locale":"es_ES","og_type":"article","og_title":"Shokz OpenMove - auriculares para correr - MioMioRun","og_description":"Los nuevos auriculares inal\u00e1mbricos OpenMove con conducci\u00f3n \u00f3sea. Ideales para el d\u00eda a d\u00eda o para hacer deporte en casa, en el gimnasio o en la ciudad","og_url":"https:\/\/www.miomiorun.com\/es\/producto\/aftershokz-openmove\/","og_site_name":"MioMioRun","article_publisher":"https:\/\/www.facebook.com\/miomiorun\/","article_modified_time":"2026-04-29T16:22:56+00:00","og_image":[{"width":600,"height":600,"url":"https:\/\/www.miomiorun.com\/app\/uploads\/2020\/11\/aftershokz-openmove-AS660-AW.jpg","type":"image\/jpeg"}],"twitter_card":"summary_large_image","twitter_misc":{"Est. reading time":"3 minutes"},"schema":{"@context":"https:\/\/schema.org","@graph":[{"@type":"WebPage","@id":"https:\/\/www.miomiorun.com\/es\/producto\/aftershokz-openmove\/","url":"https:\/\/www.miomiorun.com\/es\/producto\/aftershokz-openmove\/","name":"Shokz OpenMove - auriculares para correr - MioMioRun","isPartOf":{"@id":"https:\/\/www.miomiorun.com\/es\/#website"},"primaryImageOfPage":{"@id":"https:\/\/www.miomiorun.com\/es\/producto\/aftershokz-openmove\/#primaryimage"},"image":{"@id":"https:\/\/www.miomiorun.com\/es\/producto\/aftershokz-openmove\/#primaryimage"},"thumbnailUrl":"https:\/\/www.miomiorun.com\/app\/uploads\/2020\/11\/aftershokz-openmove-AS660-AW.jpg","datePublished":"2020-11-03T16:31:51+00:00","dateModified":"2026-04-29T16:22:56+00:00","description":"Los nuevos auriculares inal\u00e1mbricos OpenMove con conducci\u00f3n \u00f3sea. Ideales para el d\u00eda a d\u00eda o para hacer deporte en casa, en el gimnasio o en la ciudad","breadcrumb":{"@id":"https:\/\/www.miomiorun.com\/es\/producto\/aftershokz-openmove\/#breadcrumb"},"inLanguage":"es-ES","potentialAction":[{"@type":"ReadAction","target":["https:\/\/www.miomiorun.com\/es\/producto\/aftershokz-openmove\/"]}]},{"@type":"ImageObject","inLanguage":"es-ES","@id":"https:\/\/www.miomiorun.com\/es\/producto\/aftershokz-openmove\/#primaryimage","url":"https:\/\/www.miomiorun.com\/app\/uploads\/2020\/11\/aftershokz-openmove-AS660-AW.jpg","contentUrl":"https:\/\/www.miomiorun.com\/app\/uploads\/2020\/11\/aftershokz-openmove-AS660-AW.jpg","width":600,"height":600,"caption":"aftershokz openmove cuffie"},{"@type":"BreadcrumbList","@id":"https:\/\/www.miomiorun.com\/es\/producto\/aftershokz-openmove\/#breadcrumb","itemListElement":[{"@type":"ListItem","position":1,"name":"Home","item":"https:\/\/www.miomiorun.com\/es\/"},{"@type":"ListItem","position":2,"name":"Shop","item":"https:\/\/www.miomiorun.com\/shop\/"},{"@type":"ListItem","position":3,"name":"OpenMove"}]},{"@type":"WebSite","@id":"https:\/\/www.miomiorun.com\/es\/#website","url":"https:\/\/www.miomiorun.com\/es\/","name":"MioMioRun","description":"Tienda 100% running y trail","publisher":{"@id":"https:\/\/www.miomiorun.com\/es\/#organization"},"potentialAction":[{"@type":"SearchAction","target":{"@type":"EntryPoint","urlTemplate":"https:\/\/www.miomiorun.com\/es\/?s={search_term_string}"},"query-input":{"@type":"PropertyValueSpecification","valueRequired":true,"valueName":"search_term_string"}}],"inLanguage":"es-ES"},{"@type":"Organization","@id":"https:\/\/www.miomiorun.com\/es\/#organization","name":"MioMio Run","url":"https:\/\/www.miomiorun.com\/es\/","logo":{"@type":"ImageObject","inLanguage":"es-ES","@id":"https:\/\/www.miomiorun.com\/es\/#\/schema\/logo\/image\/","url":"https:\/\/www.miomiorun.com\/app\/uploads\/2019\/12\/logomio.png","contentUrl":"https:\/\/www.miomiorun.com\/app\/uploads\/2019\/12\/logomio.png","width":115,"height":82,"caption":"MioMio Run"},"image":{"@id":"https:\/\/www.miomiorun.com\/es\/#\/schema\/logo\/image\/"},"sameAs":["https:\/\/www.facebook.com\/miomiorun\/","https:\/\/www.instagram.com\/miomiorun\/"]}]}},"_links":{"self":[{"href":"https:\/\/www.miomiorun.com\/es\/wp-json\/wp\/v2\/product\/276019","targetHints":{"allow":["GET"]}}],"collection":[{"href":"https:\/\/www.miomiorun.com\/es\/wp-json\/wp\/v2\/product"}],"about":[{"href":"https:\/\/www.miomiorun.com\/es\/wp-json\/wp\/v2\/types\/product"}],"wp:featuredmedia":[{"embeddable":true,"href":"https:\/\/www.miomiorun.com\/es\/wp-json\/wp\/v2\/media\/230948"}],"wp:attachment":[{"href":"https:\/\/www.miomiorun.com\/es\/wp-json\/wp\/v2\/media?parent=276019"}],"wp:term":[{"taxonomy":"product_brand","embeddable":true,"href":"https:\/\/www.miomiorun.com\/es\/wp-json\/wp\/v2\/product_brand?post=276019"},{"taxonomy":"product_cat","embeddable":true,"href":"https:\/\/www.miomiorun.com\/es\/wp-json\/wp\/v2\/product_cat?post=276019"},{"taxonomy":"product_tag","embeddable":true,"href":"https:\/\/www.miomiorun.com\/es\/wp-json\/wp\/v2\/product_tag?post=276019"}],"curies":[{"name":"wp","href":"https:\/\/api.w.org\/{rel}","templated":true}]}}