{"id":276003,"date":"2020-11-04T11:56:12","date_gmt":"2020-11-04T10:56:12","guid":{"rendered":"https:\/\/miomiorun.com\/prodotto\/garmin-bilancia-index-smart-s2\/"},"modified":"2026-05-08T20:46:17","modified_gmt":"2026-05-08T18:46:17","slug":"garmin-bilancia-index-smart-s2","status":"publish","type":"product","link":"https:\/\/www.miomiorun.com\/es\/producto\/garmin-bilancia-index-smart-s2\/","title":{"rendered":"Bilancia Index Smart S2"},"content":{"rendered":"<p><div class=\"vc-row container\"><div class=\"vc-column\"><div class=\"vc-column-text\"><\/p>\n<h2>MUCHO M\u00c1S QUE UNA B\u00c1SCULA<\/h2>\n<p>Tanto para los deportistas que entrenan como para quienes simplemente buscan mantener su peso ideal, esta b\u00e1scula inteligente, m\u00e1s all\u00e1 de las simples mediciones de peso, ofrece una visi\u00f3n m\u00e1s integral de la salud en una pantalla a color de f\u00e1cil lectura.<\/p>\n<p>&nbsp;<\/p>\n<p><\/div> <\/div><\/div><div class=\"vc-row container\"><div class=\"vc-column\"><div class=\"vc-column-text\"><\/p>\n<p><img decoding=\"async\" class=\"app__feature__card__image\" src=\"https:\/\/static.garmincdn.com\/gdc\/Product_Pages\/ICONS\/body-precent.svg\" alt=\"\" \/><\/p>\n<p>Controla los valores de masa grasa, masa magra, masa \u00f3sea y agua corporal.<\/p>\n<p><\/div><\/div><div class=\"vc-column\"><div class=\"vc-column-text\"><\/p>\n<p><img decoding=\"async\" class=\"app__feature__card__image\" src=\"https:\/\/static.garmincdn.com\/gdc\/Product_Pages\/ICONS\/ANT_Wireless.svg\" alt=\"\" \/><\/p>\n<p>La conexi\u00f3n es sencilla gracias a la tecnolog\u00eda Wi-Fi\u00ae integrada y se conecta con la aplicaci\u00f3n Garmin Connect\u21221<\/p>\n<p><\/div><\/div><div class=\"vc-column\"><div class=\"vc-column-text\"><\/p>\n<p><img decoding=\"async\" class=\"app__feature__card__image\" src=\"https:\/\/static.garmincdn.com\/gdc\/Product_Pages\/ICONS\/Garmin_Connect.svg\" alt=\"\" \/><\/p>\n<p>Es importante tener todas las estad\u00edsticas \u00fatiles en un solo lugar.<\/p>\n<p><\/div><\/div><div class=\"vc-column\"><div class=\"vc-column-text\"><\/p>\n<p><img decoding=\"async\" class=\"app__feature__card__image\" src=\"https:\/\/static.garmincdn.com\/gdc\/Product_Pages\/ICONS\/16-users.svg\" alt=\"\" \/><\/p>\n<p>Reconoce hasta 16 usuarios.<\/p>\n<p><\/div><\/div><div class=\"vc-column\"><div class=\"vc-column-text\"><\/p>\n<p><img decoding=\"async\" class=\"app__feature__card__image\" src=\"https:\/\/static.garmincdn.com\/gdc\/Product_Pages\/ICONS\/Battery_Life.svg\" alt=\"\" \/><\/p>\n<p>Supervisa los datos hasta 9 meses sin cambiar las pilas.<\/p>\n<p><\/div><\/div><div class=\"vc-column\"><div class=\"vc-column-text\"><\/p>\n<p><img decoding=\"async\" class=\"app__feature__card__image\" src=\"https:\/\/static.garmincdn.com\/gdc\/Product_Pages\/ICONS\/Report.svg\" alt=\"\" \/><\/p>\n<p>Observa tu progreso a lo largo del tiempo y mant\u00e9n la motivaci\u00f3n.<\/p>\n<p><\/div><\/div><\/div><div class=\"vc-row container\"><div class=\"vc-column\"><div style=\"height:32px\" class=\"vc-empty-space\"><\/div><\/div><\/div><div class=\"vc-row container\"><div class=\"vc-column\"><div class=\"vc-column-text\"><\/p>\n<h3>PESO<\/h3>\n<p>Consulta tu peso y observa las diferencias entre un pesaje y otro.<\/p>\n<p><\/div><\/div><div class=\"vc-column\"><div class=\"vc-column-text\"><\/p>\n<h3>TENDENCIA<\/h3>\n<p>Descubre si tu peso ha variado en los \u00faltimos 30 d\u00edas. Realiza un seguimiento de tus mediciones a largo plazo en la aplicaci\u00f3n Garmin Connect.<\/p>\n<p><\/div><\/div><div class=\"vc-column\"><div class=\"vc-column-text\"><\/p>\n<h3>\u00cdNDICE DE MASA CORPORAL<\/h3>\n<p>Obt\u00e9n una medici\u00f3n precisa de la relaci\u00f3n entre masa y altura para saber si gozas de buena salud.<\/p>\n<p><\/div><\/div><div class=\"vc-column\"><div class=\"vc-column-text\"><\/p>\n<h3>MASA GRASA<\/h3>\n<p>Consulta qu\u00e9 porcentaje de tu masa est\u00e1 compuesto por grasa, grasa esencial y grasa de reserva.<\/p>\n<p><\/div><\/div><div class=\"vc-column\"><div class=\"vc-column-text\"><\/p>\n<h3>MASA MUSCULAR<\/h3>\n<p>Controla el fortalecimiento de los m\u00fasculos a trav\u00e9s del porcentaje de masa magra de tu cuerpo.<\/p>\n<p><\/div><\/div><div class=\"vc-column\"><div class=\"vc-column-text\"><\/p>\n<h3>MASA \u00d3SEA<\/h3>\n<p>Descubre qu\u00e9 parte de tu peso corresponde a masa \u00f3sea.<\/p>\n<p><\/div><\/div><\/div><div class=\"vc-row container\"><div class=\"vc-column\"><div style=\"height:32px\" class=\"vc-empty-space\"><\/div><\/div><\/div><div class=\"vc-row container\"><div class=\"vc-column\"><div class=\"vc-column-text\"><\/p>\n<h3>PORCENTAJE DE AGUA CORPORAL<\/h3>\n<p>Conoce qu\u00e9 porcentaje de tu masa total proviene de los l\u00edquidos; puede ser \u00fatil para saber tu nivel de hidrataci\u00f3n.<\/p>\n<p><\/div><\/div><div class=\"vc-column\"><div class=\"vc-column-text\"><\/p>\n<h3>OPCI\u00d3N SOLO PESO<\/h3>\n<p>Si deseas llevar un registro solo del peso, puedes desactivar cualquier otro dato de composici\u00f3n corporal que no desees registrar.<\/p>\n<p><\/div><\/div><div class=\"vc-column\"><div class=\"vc-column-text\"><\/p>\n<h3>M\u00daLTIPLES PESAGES DIARIOS<\/h3>\n<p>Te permite llevar un registro de los cambios en tu cuerpo a lo largo del d\u00eda mediante varios pesajes, tanto en la b\u00e1scula como en Garmin Connect.<\/p>\n<p><\/div><\/div> <div class=\"vc-column\"><div class=\"vc-column-text\"><\/p>\n<h3>CONECTIVIDAD WI-FI<\/h3>\n<p>Sincroniza f\u00e1cilmente las estad\u00edsticas con tu cuenta de Garmin Connect a trav\u00e9s de la conectividad Wi-Fi.<\/p>\n<p><\/div><\/div><div class=\"vc-column\"><div class=\"vc-column-text\"><\/p>\n<h3>APLICACI\u00d3N GARMIN CONNECT<\/h3>\n<p>Visualiza los datos y obt\u00e9n gr\u00e1ficos de tendencias relacionados con tu estado de salud.<\/p>\n<p><\/div><\/div><div class=\"vc-column\"><div class=\"vc-column-text\"><\/p>\n<h3>VISTA PERSONALIZABLE<\/h3>\n<p>Selecciona las estad\u00edsticas que deseas visualizar en Garmin Connect.<\/p>\n<p><\/div> <\/div><\/div><div class=\"vc-row container\"><div class=\"vc-column\"><div style=\"height:32px\" class=\"vc-empty-space\"><\/div><\/div><\/div><div class=\"vc-row container\"><div class=\"vc-column\"><div class=\"vc-column-text\"><\/p>\n<h3>DISE\u00d1O ELEGANTE<\/h3>\n<p>Consulta tus datos en una pantalla a color de alta resoluci\u00f3n y elige entre los colores Negro y Blanco.<\/p>\n<p><\/div><\/div><div class=\"vc-column\"><div class=\"vc-column-text\"><\/p>\n<h3>HASTA 16 USUARIOS<\/h3>\n<p>Crea hasta 16 perfiles de usuario para familiares, compa\u00f1eros de equipo o amigos y realiza un seguimiento de los objetivos y el progreso de cada uno. Cada usuario puede sincronizar y visualizar sus propios datos en Garmin Connect.<\/p>\n<p><\/div><\/div><div class=\"vc-column\"><div class=\"vc-column-text\"><\/p>\n<h3>DURACI\u00d3N DE LA BATER\u00cdA<\/h3>\n<p>Realiza un seguimiento de tus objetivos durante un m\u00e1ximo de 9 meses sin necesidad de cambiar la bater\u00eda.<\/p>\n<p><\/div><\/div><div class=\"vc-column\"><div class=\"vc-column-text\"><\/p>\n<h3>EL TIEMPO<\/h3>\n<p>El pr\u00e1ctico widget del tiempo muestra c\u00f3modamente las previsiones diarias para ayudarte a planificar tu d\u00eda.<\/p>\n<p><\/div><\/div><\/div><\/p>\n","protected":false},"excerpt":{"rendered":"","protected":false},"featured_media":230974,"template":"","meta":{"_acf_changed":false,"inline_featured_image":false},"product_brand":[],"product_cat":[24210,22536],"product_tag":[23481],"class_list":{"0":"post-276003","1":"product","2":"type-product","3":"status-publish","4":"has-post-thumbnail","6":"product_cat-fitness-es","7":"product_cat-garmin-es","8":"product_tag-garmin-es","9":"pa_colore-bilancia-index-smart-s2-black-es","10":"pa_colore-bilancia-index-smart-s2-white-es","11":"pa_marca-garmin-es","12":"pa_sesso-hombre","13":"pa_sesso-mujer","15":"first","16":"instock","17":"sale","18":"taxable","19":"shipping-taxable","20":"purchasable","21":"product-type-variable","22":"wvs-archive-product-wrapper"},"acf":[],"yoast_head":"<!-- This site is optimized with the Yoast SEO plugin v26.8 - https:\/\/yoast.com\/product\/yoast-seo-wordpress\/ -->\n<title>Garmin Bilancia Index Smart S2 - dispositivos Garmin- MioMioRun<\/title>\n<meta name=\"description\" content=\"Utiliza el dispositivo para actividades al aire libre, compatible con el ejercicio f\u00edsico en la calle o en senderos.\" \/>\n<meta name=\"robots\" content=\"index, follow, max-snippet:-1, max-image-preview:large, max-video-preview:-1\" \/>\n<link rel=\"canonical\" href=\"https:\/\/www.miomiorun.com\/es\/producto\/garmin-bilancia-index-smart-s2\/\" \/>\n<meta property=\"og:locale\" content=\"es_ES\" \/>\n<meta property=\"og:type\" content=\"article\" \/>\n<meta property=\"og:title\" content=\"Garmin Bilancia Index Smart S2 - dispositivos Garmin- MioMioRun\" \/>\n<meta property=\"og:description\" content=\"Utiliza el dispositivo para actividades al aire libre, compatible con el ejercicio f\u00edsico en la calle o en senderos.\" \/>\n<meta property=\"og:url\" content=\"https:\/\/www.miomiorun.com\/es\/producto\/garmin-bilancia-index-smart-s2\/\" \/>\n<meta property=\"og:site_name\" content=\"MioMioRun\" \/>\n<meta property=\"article:publisher\" content=\"https:\/\/www.facebook.com\/miomiorun\/\" \/>\n<meta property=\"article:modified_time\" content=\"2026-05-08T18:46:17+00:00\" \/>\n<meta property=\"og:image\" content=\"https:\/\/www.miomiorun.com\/app\/uploads\/2020\/11\/garmin-Bilancia-Index\u2122-Smart-S2-010-02294-12.jpg\" \/>\n\t<meta property=\"og:image:width\" content=\"600\" \/>\n\t<meta property=\"og:image:height\" content=\"600\" \/>\n\t<meta property=\"og:image:type\" content=\"image\/jpeg\" \/>\n<meta name=\"twitter:card\" content=\"summary_large_image\" \/>\n<meta name=\"twitter:label1\" content=\"Est. reading time\" \/>\n\t<meta name=\"twitter:data1\" content=\"4 minutes\" \/>\n<script type=\"application\/ld+json\" class=\"yoast-schema-graph\">{\"@context\":\"https:\/\/schema.org\",\"@graph\":[{\"@type\":\"WebPage\",\"@id\":\"https:\/\/www.miomiorun.com\/es\/producto\/garmin-bilancia-index-smart-s2\/\",\"url\":\"https:\/\/www.miomiorun.com\/es\/producto\/garmin-bilancia-index-smart-s2\/\",\"name\":\"Garmin Bilancia Index Smart S2 - dispositivos Garmin- MioMioRun\",\"isPartOf\":{\"@id\":\"https:\/\/www.miomiorun.com\/es\/#website\"},\"primaryImageOfPage\":{\"@id\":\"https:\/\/www.miomiorun.com\/es\/producto\/garmin-bilancia-index-smart-s2\/#primaryimage\"},\"image\":{\"@id\":\"https:\/\/www.miomiorun.com\/es\/producto\/garmin-bilancia-index-smart-s2\/#primaryimage\"},\"thumbnailUrl\":\"https:\/\/www.miomiorun.com\/app\/uploads\/2020\/11\/garmin-Bilancia-Index\u2122-Smart-S2-010-02294-12.jpg\",\"datePublished\":\"2020-11-04T10:56:12+00:00\",\"dateModified\":\"2026-05-08T18:46:17+00:00\",\"description\":\"Utiliza el dispositivo para actividades al aire libre, compatible con el ejercicio f\u00edsico en la calle o en senderos.\",\"breadcrumb\":{\"@id\":\"https:\/\/www.miomiorun.com\/es\/producto\/garmin-bilancia-index-smart-s2\/#breadcrumb\"},\"inLanguage\":\"es-ES\",\"potentialAction\":[{\"@type\":\"ReadAction\",\"target\":[\"https:\/\/www.miomiorun.com\/es\/producto\/garmin-bilancia-index-smart-s2\/\"]}]},{\"@type\":\"ImageObject\",\"inLanguage\":\"es-ES\",\"@id\":\"https:\/\/www.miomiorun.com\/es\/producto\/garmin-bilancia-index-smart-s2\/#primaryimage\",\"url\":\"https:\/\/www.miomiorun.com\/app\/uploads\/2020\/11\/garmin-Bilancia-Index\u2122-Smart-S2-010-02294-12.jpg\",\"contentUrl\":\"https:\/\/www.miomiorun.com\/app\/uploads\/2020\/11\/garmin-Bilancia-Index\u2122-Smart-S2-010-02294-12.jpg\",\"width\":600,\"height\":600,\"caption\":\"garmin bilancia index smart\"},{\"@type\":\"BreadcrumbList\",\"@id\":\"https:\/\/www.miomiorun.com\/es\/producto\/garmin-bilancia-index-smart-s2\/#breadcrumb\",\"itemListElement\":[{\"@type\":\"ListItem\",\"position\":1,\"name\":\"Home\",\"item\":\"https:\/\/www.miomiorun.com\/es\/\"},{\"@type\":\"ListItem\",\"position\":2,\"name\":\"Shop\",\"item\":\"https:\/\/www.miomiorun.com\/shop\/\"},{\"@type\":\"ListItem\",\"position\":3,\"name\":\"Bilancia Index Smart S2\"}]},{\"@type\":\"WebSite\",\"@id\":\"https:\/\/www.miomiorun.com\/es\/#website\",\"url\":\"https:\/\/www.miomiorun.com\/es\/\",\"name\":\"MioMioRun\",\"description\":\"Tienda 100% running y trail\",\"publisher\":{\"@id\":\"https:\/\/www.miomiorun.com\/es\/#organization\"},\"potentialAction\":[{\"@type\":\"SearchAction\",\"target\":{\"@type\":\"EntryPoint\",\"urlTemplate\":\"https:\/\/www.miomiorun.com\/es\/?s={search_term_string}\"},\"query-input\":{\"@type\":\"PropertyValueSpecification\",\"valueRequired\":true,\"valueName\":\"search_term_string\"}}],\"inLanguage\":\"es-ES\"},{\"@type\":\"Organization\",\"@id\":\"https:\/\/www.miomiorun.com\/es\/#organization\",\"name\":\"MioMio Run\",\"url\":\"https:\/\/www.miomiorun.com\/es\/\",\"logo\":{\"@type\":\"ImageObject\",\"inLanguage\":\"es-ES\",\"@id\":\"https:\/\/www.miomiorun.com\/es\/#\/schema\/logo\/image\/\",\"url\":\"https:\/\/www.miomiorun.com\/app\/uploads\/2019\/12\/logomio.png\",\"contentUrl\":\"https:\/\/www.miomiorun.com\/app\/uploads\/2019\/12\/logomio.png\",\"width\":115,\"height\":82,\"caption\":\"MioMio Run\"},\"image\":{\"@id\":\"https:\/\/www.miomiorun.com\/es\/#\/schema\/logo\/image\/\"},\"sameAs\":[\"https:\/\/www.facebook.com\/miomiorun\/\",\"https:\/\/www.instagram.com\/miomiorun\/\"]}]}<\/script>\n<!-- \/ Yoast SEO plugin. -->","yoast_head_json":{"title":"Garmin Bilancia Index Smart S2 - dispositivos Garmin- MioMioRun","description":"Utiliza el dispositivo para actividades al aire libre, compatible con el ejercicio f\u00edsico en la calle o en senderos.","robots":{"index":"index","follow":"follow","max-snippet":"max-snippet:-1","max-image-preview":"max-image-preview:large","max-video-preview":"max-video-preview:-1"},"canonical":"https:\/\/www.miomiorun.com\/es\/producto\/garmin-bilancia-index-smart-s2\/","og_locale":"es_ES","og_type":"article","og_title":"Garmin Bilancia Index Smart S2 - dispositivos Garmin- MioMioRun","og_description":"Utiliza el dispositivo para actividades al aire libre, compatible con el ejercicio f\u00edsico en la calle o en senderos.","og_url":"https:\/\/www.miomiorun.com\/es\/producto\/garmin-bilancia-index-smart-s2\/","og_site_name":"MioMioRun","article_publisher":"https:\/\/www.facebook.com\/miomiorun\/","article_modified_time":"2026-05-08T18:46:17+00:00","og_image":[{"width":600,"height":600,"url":"https:\/\/www.miomiorun.com\/app\/uploads\/2020\/11\/garmin-Bilancia-Index\u2122-Smart-S2-010-02294-12.jpg","type":"image\/jpeg"}],"twitter_card":"summary_large_image","twitter_misc":{"Est. reading time":"4 minutes"},"schema":{"@context":"https:\/\/schema.org","@graph":[{"@type":"WebPage","@id":"https:\/\/www.miomiorun.com\/es\/producto\/garmin-bilancia-index-smart-s2\/","url":"https:\/\/www.miomiorun.com\/es\/producto\/garmin-bilancia-index-smart-s2\/","name":"Garmin Bilancia Index Smart S2 - dispositivos Garmin- MioMioRun","isPartOf":{"@id":"https:\/\/www.miomiorun.com\/es\/#website"},"primaryImageOfPage":{"@id":"https:\/\/www.miomiorun.com\/es\/producto\/garmin-bilancia-index-smart-s2\/#primaryimage"},"image":{"@id":"https:\/\/www.miomiorun.com\/es\/producto\/garmin-bilancia-index-smart-s2\/#primaryimage"},"thumbnailUrl":"https:\/\/www.miomiorun.com\/app\/uploads\/2020\/11\/garmin-Bilancia-Index\u2122-Smart-S2-010-02294-12.jpg","datePublished":"2020-11-04T10:56:12+00:00","dateModified":"2026-05-08T18:46:17+00:00","description":"Utiliza el dispositivo para actividades al aire libre, compatible con el ejercicio f\u00edsico en la calle o en senderos.","breadcrumb":{"@id":"https:\/\/www.miomiorun.com\/es\/producto\/garmin-bilancia-index-smart-s2\/#breadcrumb"},"inLanguage":"es-ES","potentialAction":[{"@type":"ReadAction","target":["https:\/\/www.miomiorun.com\/es\/producto\/garmin-bilancia-index-smart-s2\/"]}]},{"@type":"ImageObject","inLanguage":"es-ES","@id":"https:\/\/www.miomiorun.com\/es\/producto\/garmin-bilancia-index-smart-s2\/#primaryimage","url":"https:\/\/www.miomiorun.com\/app\/uploads\/2020\/11\/garmin-Bilancia-Index\u2122-Smart-S2-010-02294-12.jpg","contentUrl":"https:\/\/www.miomiorun.com\/app\/uploads\/2020\/11\/garmin-Bilancia-Index\u2122-Smart-S2-010-02294-12.jpg","width":600,"height":600,"caption":"garmin bilancia index smart"},{"@type":"BreadcrumbList","@id":"https:\/\/www.miomiorun.com\/es\/producto\/garmin-bilancia-index-smart-s2\/#breadcrumb","itemListElement":[{"@type":"ListItem","position":1,"name":"Home","item":"https:\/\/www.miomiorun.com\/es\/"},{"@type":"ListItem","position":2,"name":"Shop","item":"https:\/\/www.miomiorun.com\/shop\/"},{"@type":"ListItem","position":3,"name":"Bilancia Index Smart S2"}]},{"@type":"WebSite","@id":"https:\/\/www.miomiorun.com\/es\/#website","url":"https:\/\/www.miomiorun.com\/es\/","name":"MioMioRun","description":"Tienda 100% running y trail","publisher":{"@id":"https:\/\/www.miomiorun.com\/es\/#organization"},"potentialAction":[{"@type":"SearchAction","target":{"@type":"EntryPoint","urlTemplate":"https:\/\/www.miomiorun.com\/es\/?s={search_term_string}"},"query-input":{"@type":"PropertyValueSpecification","valueRequired":true,"valueName":"search_term_string"}}],"inLanguage":"es-ES"},{"@type":"Organization","@id":"https:\/\/www.miomiorun.com\/es\/#organization","name":"MioMio Run","url":"https:\/\/www.miomiorun.com\/es\/","logo":{"@type":"ImageObject","inLanguage":"es-ES","@id":"https:\/\/www.miomiorun.com\/es\/#\/schema\/logo\/image\/","url":"https:\/\/www.miomiorun.com\/app\/uploads\/2019\/12\/logomio.png","contentUrl":"https:\/\/www.miomiorun.com\/app\/uploads\/2019\/12\/logomio.png","width":115,"height":82,"caption":"MioMio Run"},"image":{"@id":"https:\/\/www.miomiorun.com\/es\/#\/schema\/logo\/image\/"},"sameAs":["https:\/\/www.facebook.com\/miomiorun\/","https:\/\/www.instagram.com\/miomiorun\/"]}]}},"_links":{"self":[{"href":"https:\/\/www.miomiorun.com\/es\/wp-json\/wp\/v2\/product\/276003","targetHints":{"allow":["GET"]}}],"collection":[{"href":"https:\/\/www.miomiorun.com\/es\/wp-json\/wp\/v2\/product"}],"about":[{"href":"https:\/\/www.miomiorun.com\/es\/wp-json\/wp\/v2\/types\/product"}],"wp:featuredmedia":[{"embeddable":true,"href":"https:\/\/www.miomiorun.com\/es\/wp-json\/wp\/v2\/media\/230974"}],"wp:attachment":[{"href":"https:\/\/www.miomiorun.com\/es\/wp-json\/wp\/v2\/media?parent=276003"}],"wp:term":[{"taxonomy":"product_brand","embeddable":true,"href":"https:\/\/www.miomiorun.com\/es\/wp-json\/wp\/v2\/product_brand?post=276003"},{"taxonomy":"product_cat","embeddable":true,"href":"https:\/\/www.miomiorun.com\/es\/wp-json\/wp\/v2\/product_cat?post=276003"},{"taxonomy":"product_tag","embeddable":true,"href":"https:\/\/www.miomiorun.com\/es\/wp-json\/wp\/v2\/product_tag?post=276003"}],"curies":[{"name":"wp","href":"https:\/\/api.w.org\/{rel}","templated":true}]}}