{"id":275901,"date":"2020-07-01T18:54:03","date_gmt":"2020-07-01T16:54:03","guid":{"rendered":"https:\/\/miomiorun.com\/prodotto\/sidas-run-3feet-protect-low\/"},"modified":"2026-04-29T15:44:51","modified_gmt":"2026-04-29T13:44:51","slug":"sidas-run-3feet-protect-low","status":"publish","type":"product","link":"https:\/\/www.miomiorun.com\/es\/producto\/sidas-run-3feet-protect-low\/","title":{"rendered":"Run 3Feet Protect Low"},"content":{"rendered":"<div class=\"vc-row container\"><div class=\"vc-column\"><div class=\"vc-column-text\">Las plantillas 3Feet\u00ae Protect se adaptan a tu arco plantar bajo y est\u00e1n dise\u00f1adas para corredores que buscan la m\u00e1xima comodidad y protecci\u00f3n en cada paso.<\/p>\n<div class=\"col-md-10 col-md-offset-1\">\n<div class=\"rte\">\n<p>El gel del tal\u00f3n ofrece una amortiguaci\u00f3n excepcional y la secci\u00f3n de la parte delantera del pie favorece el retorno de energ\u00eda.<\/p>\n<p>Estas plantillas tienen una forma anat\u00f3mica que garantiza el soporte del pie, manteniendo los pies seguros mientras corres.<\/p>\n<p>&nbsp;<\/p>\n<p>Composici\u00f3n:<\/p>\n<ol>\n<li>Refuerzo en la parte media (EVA): estabiliza y controla la pisada.<\/li>\n<li>Cubierta superior Merrymesh: antideslizante<\/li>\n<li>Estructura de doble densidad: comodidad vertical<\/li>\n<li>Estructura del antepi\u00e9 (goma EVA): aumenta la propulsi\u00f3n.<\/li>\n<li>Almohadilla de gel en el tal\u00f3n: amortigua el impacto.<\/li>\n<li>Perforaciones: transpirabilidad<\/li>\n<\/ol>\n<p>&nbsp;<\/p>\n<\/div>\n<\/div>\n<p><\/div><\/div><div class=\"vc-column\"><div class=\"vc-column-text\">GU\u00cdA DE TALLAS<\/div><img loading=\"lazy\" decoding=\"async\" width=\"229\" height=\"938\" src=\"https:\/\/www.miomiorun.com\/app\/uploads\/2020\/06\/taglie.jpg\" class=\"vc-single-image  wvs-archive-product-image\" alt=\"taglie\" srcset=\"https:\/\/www.miomiorun.com\/app\/uploads\/2020\/06\/taglie.jpg 229w, https:\/\/www.miomiorun.com\/app\/uploads\/2020\/06\/taglie-73x300.jpg 73w\" sizes=\"auto, (max-width: 229px) 100vw, 229px\" \/><\/div><\/div>\n","protected":false},"excerpt":{"rendered":"","protected":false},"featured_media":230206,"template":"","meta":{"_acf_changed":false,"inline_featured_image":false},"product_brand":[],"product_cat":[24205,24428],"product_tag":[23541],"class_list":{"0":"post-275901","1":"product","2":"type-product","3":"status-publish","4":"has-post-thumbnail","6":"product_cat-accesorios","7":"product_cat-plantillas","8":"product_tag-sidas-es","9":"pa_attivita-caminar","10":"pa_attivita-outdoor-es","11":"pa_attivita-running-es","12":"pa_attivita-trail-es","13":"pa_marca-sidas-es","14":"pa_sesso-hombre","15":"pa_sesso-mujer","16":"pa_size-small-es","17":"pa_size-medium-es","18":"pa_size-large-es","19":"pa_size-extra-large-es","20":"pa_size-xxl-es","22":"first","23":"instock","24":"sale","25":"taxable","26":"shipping-taxable","27":"purchasable","28":"product-type-variable","29":"wvs-archive-product-wrapper"},"acf":[],"yoast_head":"<!-- This site is optimized with the Yoast SEO plugin v26.8 - https:\/\/yoast.com\/product\/yoast-seo-wordpress\/ -->\n<title>Sidas Run 3Feet Protect Low - Plantillas para correr - MioMioRun<\/title>\n<meta name=\"description\" content=\"Las plantillas 3Feet\u00ae Protect se adaptan a tu arco plantar bajo y est\u00e1n dise\u00f1adas para quienes buscan la m\u00e1xima comodidad y protecci\u00f3n en cada paso.\" \/>\n<meta name=\"robots\" content=\"index, follow, max-snippet:-1, max-image-preview:large, max-video-preview:-1\" \/>\n<link rel=\"canonical\" href=\"https:\/\/www.miomiorun.com\/es\/producto\/sidas-run-3feet-protect-low\/\" \/>\n<meta property=\"og:locale\" content=\"es_ES\" \/>\n<meta property=\"og:type\" content=\"article\" \/>\n<meta property=\"og:title\" content=\"Sidas Run 3Feet Protect Low - Plantillas para correr - MioMioRun\" \/>\n<meta property=\"og:description\" content=\"Las plantillas 3Feet\u00ae Protect se adaptan a tu arco plantar bajo y est\u00e1n dise\u00f1adas para quienes buscan la m\u00e1xima comodidad y protecci\u00f3n en cada paso.\" \/>\n<meta property=\"og:url\" content=\"https:\/\/www.miomiorun.com\/es\/producto\/sidas-run-3feet-protect-low\/\" \/>\n<meta property=\"og:site_name\" content=\"MioMioRun\" \/>\n<meta property=\"article:publisher\" content=\"https:\/\/www.facebook.com\/miomiorun\/\" \/>\n<meta property=\"article:modified_time\" content=\"2026-04-29T13:44:51+00:00\" \/>\n<meta property=\"og:image\" content=\"https:\/\/www.miomiorun.com\/app\/uploads\/2020\/07\/Sidas-RUN-3Feet\u00ae-PROTECT-LOW.jpg\" \/>\n\t<meta property=\"og:image:width\" content=\"600\" \/>\n\t<meta property=\"og:image:height\" content=\"600\" \/>\n\t<meta property=\"og:image:type\" content=\"image\/jpeg\" \/>\n<meta name=\"twitter:card\" content=\"summary_large_image\" \/>\n<meta name=\"twitter:label1\" content=\"Est. reading time\" \/>\n\t<meta name=\"twitter:data1\" content=\"1 minute\" \/>\n<script type=\"application\/ld+json\" class=\"yoast-schema-graph\">{\"@context\":\"https:\/\/schema.org\",\"@graph\":[{\"@type\":\"WebPage\",\"@id\":\"https:\/\/www.miomiorun.com\/es\/producto\/sidas-run-3feet-protect-low\/\",\"url\":\"https:\/\/www.miomiorun.com\/es\/producto\/sidas-run-3feet-protect-low\/\",\"name\":\"Sidas Run 3Feet Protect Low - Plantillas para correr - MioMioRun\",\"isPartOf\":{\"@id\":\"https:\/\/www.miomiorun.com\/es\/#website\"},\"primaryImageOfPage\":{\"@id\":\"https:\/\/www.miomiorun.com\/es\/producto\/sidas-run-3feet-protect-low\/#primaryimage\"},\"image\":{\"@id\":\"https:\/\/www.miomiorun.com\/es\/producto\/sidas-run-3feet-protect-low\/#primaryimage\"},\"thumbnailUrl\":\"https:\/\/www.miomiorun.com\/app\/uploads\/2020\/07\/Sidas-RUN-3Feet\u00ae-PROTECT-LOW.jpg\",\"datePublished\":\"2020-07-01T16:54:03+00:00\",\"dateModified\":\"2026-04-29T13:44:51+00:00\",\"description\":\"Las plantillas 3Feet\u00ae Protect se adaptan a tu arco plantar bajo y est\u00e1n dise\u00f1adas para quienes buscan la m\u00e1xima comodidad y protecci\u00f3n en cada paso.\",\"breadcrumb\":{\"@id\":\"https:\/\/www.miomiorun.com\/es\/producto\/sidas-run-3feet-protect-low\/#breadcrumb\"},\"inLanguage\":\"es-ES\",\"potentialAction\":[{\"@type\":\"ReadAction\",\"target\":[\"https:\/\/www.miomiorun.com\/es\/producto\/sidas-run-3feet-protect-low\/\"]}]},{\"@type\":\"ImageObject\",\"inLanguage\":\"es-ES\",\"@id\":\"https:\/\/www.miomiorun.com\/es\/producto\/sidas-run-3feet-protect-low\/#primaryimage\",\"url\":\"https:\/\/www.miomiorun.com\/app\/uploads\/2020\/07\/Sidas-RUN-3Feet\u00ae-PROTECT-LOW.jpg\",\"contentUrl\":\"https:\/\/www.miomiorun.com\/app\/uploads\/2020\/07\/Sidas-RUN-3Feet\u00ae-PROTECT-LOW.jpg\",\"width\":600,\"height\":600,\"caption\":\"Sidas-RUN-3Feet\u00ae-PROTECT-LOW\"},{\"@type\":\"BreadcrumbList\",\"@id\":\"https:\/\/www.miomiorun.com\/es\/producto\/sidas-run-3feet-protect-low\/#breadcrumb\",\"itemListElement\":[{\"@type\":\"ListItem\",\"position\":1,\"name\":\"Home\",\"item\":\"https:\/\/www.miomiorun.com\/es\/\"},{\"@type\":\"ListItem\",\"position\":2,\"name\":\"Shop\",\"item\":\"https:\/\/www.miomiorun.com\/shop\/\"},{\"@type\":\"ListItem\",\"position\":3,\"name\":\"Run 3Feet Protect Low\"}]},{\"@type\":\"WebSite\",\"@id\":\"https:\/\/www.miomiorun.com\/es\/#website\",\"url\":\"https:\/\/www.miomiorun.com\/es\/\",\"name\":\"MioMioRun\",\"description\":\"Tienda 100% running y trail\",\"publisher\":{\"@id\":\"https:\/\/www.miomiorun.com\/es\/#organization\"},\"potentialAction\":[{\"@type\":\"SearchAction\",\"target\":{\"@type\":\"EntryPoint\",\"urlTemplate\":\"https:\/\/www.miomiorun.com\/es\/?s={search_term_string}\"},\"query-input\":{\"@type\":\"PropertyValueSpecification\",\"valueRequired\":true,\"valueName\":\"search_term_string\"}}],\"inLanguage\":\"es-ES\"},{\"@type\":\"Organization\",\"@id\":\"https:\/\/www.miomiorun.com\/es\/#organization\",\"name\":\"MioMio Run\",\"url\":\"https:\/\/www.miomiorun.com\/es\/\",\"logo\":{\"@type\":\"ImageObject\",\"inLanguage\":\"es-ES\",\"@id\":\"https:\/\/www.miomiorun.com\/es\/#\/schema\/logo\/image\/\",\"url\":\"https:\/\/www.miomiorun.com\/app\/uploads\/2019\/12\/logomio.png\",\"contentUrl\":\"https:\/\/www.miomiorun.com\/app\/uploads\/2019\/12\/logomio.png\",\"width\":115,\"height\":82,\"caption\":\"MioMio Run\"},\"image\":{\"@id\":\"https:\/\/www.miomiorun.com\/es\/#\/schema\/logo\/image\/\"},\"sameAs\":[\"https:\/\/www.facebook.com\/miomiorun\/\",\"https:\/\/www.instagram.com\/miomiorun\/\"]}]}<\/script>\n<!-- \/ Yoast SEO plugin. -->","yoast_head_json":{"title":"Sidas Run 3Feet Protect Low - Plantillas para correr - MioMioRun","description":"Las plantillas 3Feet\u00ae Protect se adaptan a tu arco plantar bajo y est\u00e1n dise\u00f1adas para quienes buscan la m\u00e1xima comodidad y protecci\u00f3n en cada paso.","robots":{"index":"index","follow":"follow","max-snippet":"max-snippet:-1","max-image-preview":"max-image-preview:large","max-video-preview":"max-video-preview:-1"},"canonical":"https:\/\/www.miomiorun.com\/es\/producto\/sidas-run-3feet-protect-low\/","og_locale":"es_ES","og_type":"article","og_title":"Sidas Run 3Feet Protect Low - Plantillas para correr - MioMioRun","og_description":"Las plantillas 3Feet\u00ae Protect se adaptan a tu arco plantar bajo y est\u00e1n dise\u00f1adas para quienes buscan la m\u00e1xima comodidad y protecci\u00f3n en cada paso.","og_url":"https:\/\/www.miomiorun.com\/es\/producto\/sidas-run-3feet-protect-low\/","og_site_name":"MioMioRun","article_publisher":"https:\/\/www.facebook.com\/miomiorun\/","article_modified_time":"2026-04-29T13:44:51+00:00","og_image":[{"width":600,"height":600,"url":"https:\/\/www.miomiorun.com\/app\/uploads\/2020\/07\/Sidas-RUN-3Feet\u00ae-PROTECT-LOW.jpg","type":"image\/jpeg"}],"twitter_card":"summary_large_image","twitter_misc":{"Est. reading time":"1 minute"},"schema":{"@context":"https:\/\/schema.org","@graph":[{"@type":"WebPage","@id":"https:\/\/www.miomiorun.com\/es\/producto\/sidas-run-3feet-protect-low\/","url":"https:\/\/www.miomiorun.com\/es\/producto\/sidas-run-3feet-protect-low\/","name":"Sidas Run 3Feet Protect Low - Plantillas para correr - MioMioRun","isPartOf":{"@id":"https:\/\/www.miomiorun.com\/es\/#website"},"primaryImageOfPage":{"@id":"https:\/\/www.miomiorun.com\/es\/producto\/sidas-run-3feet-protect-low\/#primaryimage"},"image":{"@id":"https:\/\/www.miomiorun.com\/es\/producto\/sidas-run-3feet-protect-low\/#primaryimage"},"thumbnailUrl":"https:\/\/www.miomiorun.com\/app\/uploads\/2020\/07\/Sidas-RUN-3Feet\u00ae-PROTECT-LOW.jpg","datePublished":"2020-07-01T16:54:03+00:00","dateModified":"2026-04-29T13:44:51+00:00","description":"Las plantillas 3Feet\u00ae Protect se adaptan a tu arco plantar bajo y est\u00e1n dise\u00f1adas para quienes buscan la m\u00e1xima comodidad y protecci\u00f3n en cada paso.","breadcrumb":{"@id":"https:\/\/www.miomiorun.com\/es\/producto\/sidas-run-3feet-protect-low\/#breadcrumb"},"inLanguage":"es-ES","potentialAction":[{"@type":"ReadAction","target":["https:\/\/www.miomiorun.com\/es\/producto\/sidas-run-3feet-protect-low\/"]}]},{"@type":"ImageObject","inLanguage":"es-ES","@id":"https:\/\/www.miomiorun.com\/es\/producto\/sidas-run-3feet-protect-low\/#primaryimage","url":"https:\/\/www.miomiorun.com\/app\/uploads\/2020\/07\/Sidas-RUN-3Feet\u00ae-PROTECT-LOW.jpg","contentUrl":"https:\/\/www.miomiorun.com\/app\/uploads\/2020\/07\/Sidas-RUN-3Feet\u00ae-PROTECT-LOW.jpg","width":600,"height":600,"caption":"Sidas-RUN-3Feet\u00ae-PROTECT-LOW"},{"@type":"BreadcrumbList","@id":"https:\/\/www.miomiorun.com\/es\/producto\/sidas-run-3feet-protect-low\/#breadcrumb","itemListElement":[{"@type":"ListItem","position":1,"name":"Home","item":"https:\/\/www.miomiorun.com\/es\/"},{"@type":"ListItem","position":2,"name":"Shop","item":"https:\/\/www.miomiorun.com\/shop\/"},{"@type":"ListItem","position":3,"name":"Run 3Feet Protect Low"}]},{"@type":"WebSite","@id":"https:\/\/www.miomiorun.com\/es\/#website","url":"https:\/\/www.miomiorun.com\/es\/","name":"MioMioRun","description":"Tienda 100% running y trail","publisher":{"@id":"https:\/\/www.miomiorun.com\/es\/#organization"},"potentialAction":[{"@type":"SearchAction","target":{"@type":"EntryPoint","urlTemplate":"https:\/\/www.miomiorun.com\/es\/?s={search_term_string}"},"query-input":{"@type":"PropertyValueSpecification","valueRequired":true,"valueName":"search_term_string"}}],"inLanguage":"es-ES"},{"@type":"Organization","@id":"https:\/\/www.miomiorun.com\/es\/#organization","name":"MioMio Run","url":"https:\/\/www.miomiorun.com\/es\/","logo":{"@type":"ImageObject","inLanguage":"es-ES","@id":"https:\/\/www.miomiorun.com\/es\/#\/schema\/logo\/image\/","url":"https:\/\/www.miomiorun.com\/app\/uploads\/2019\/12\/logomio.png","contentUrl":"https:\/\/www.miomiorun.com\/app\/uploads\/2019\/12\/logomio.png","width":115,"height":82,"caption":"MioMio Run"},"image":{"@id":"https:\/\/www.miomiorun.com\/es\/#\/schema\/logo\/image\/"},"sameAs":["https:\/\/www.facebook.com\/miomiorun\/","https:\/\/www.instagram.com\/miomiorun\/"]}]}},"_links":{"self":[{"href":"https:\/\/www.miomiorun.com\/es\/wp-json\/wp\/v2\/product\/275901","targetHints":{"allow":["GET"]}}],"collection":[{"href":"https:\/\/www.miomiorun.com\/es\/wp-json\/wp\/v2\/product"}],"about":[{"href":"https:\/\/www.miomiorun.com\/es\/wp-json\/wp\/v2\/types\/product"}],"wp:featuredmedia":[{"embeddable":true,"href":"https:\/\/www.miomiorun.com\/es\/wp-json\/wp\/v2\/media\/230206"}],"wp:attachment":[{"href":"https:\/\/www.miomiorun.com\/es\/wp-json\/wp\/v2\/media?parent=275901"}],"wp:term":[{"taxonomy":"product_brand","embeddable":true,"href":"https:\/\/www.miomiorun.com\/es\/wp-json\/wp\/v2\/product_brand?post=275901"},{"taxonomy":"product_cat","embeddable":true,"href":"https:\/\/www.miomiorun.com\/es\/wp-json\/wp\/v2\/product_cat?post=275901"},{"taxonomy":"product_tag","embeddable":true,"href":"https:\/\/www.miomiorun.com\/es\/wp-json\/wp\/v2\/product_tag?post=275901"}],"curies":[{"name":"wp","href":"https:\/\/api.w.org\/{rel}","templated":true}]}}