{"id":275850,"date":"2020-07-02T17:54:36","date_gmt":"2020-07-02T15:54:36","guid":{"rendered":"https:\/\/miomiorun.com\/prodotto\/raidlight-activ-vest-6-litri-sacca-idrica-12l-donna\/"},"modified":"2026-04-29T15:52:44","modified_gmt":"2026-04-29T13:52:44","slug":"activ-vest-6-litros-bolsa-de-agua-12l-mujer","status":"publish","type":"product","link":"https:\/\/www.miomiorun.com\/es\/producto\/activ-vest-6-litros-bolsa-de-agua-12l-mujer\/","title":{"rendered":"Activ Vest 6 litros +  bolsa de agua 1,2L mujer"},"content":{"rendered":"<p>La Activ de 6 litros est\u00e1 llamada a convertirse en tu mochila favorita para el trail running. \u00a1Descubre todas sus caracter\u00edsticas, dise\u00f1adas para satisfacer tus necesidades! Su exclusivo dise\u00f1o tipo \u00abchaleco con sistema de hidrataci\u00f3n\u00bb garantiza una comodidad inigualable. Su capacidad total de 6 litros te permite llevar contigo todo el equipo y los accesorios que necesitas mientras corres.<\/p>\n<p>El eficaz sistema de sujeci\u00f3n y compresi\u00f3n mantiene la mochila pegada al cuerpo, lo que se traduce en una estabilidad excepcional. Los bolsillos espec\u00edficos para las botellas Raidlight EazyFlask o R-GO Bottle en las correas de los hombros optimizan su uso durante la carrera.<\/p>\n<p>El amplio compartimento horizontal para la bolsa de agua (1,2 litros) est\u00e1 dise\u00f1ado para limitar el movimiento durante el ejercicio y garantizar un f\u00e1cil acceso para el rellenado.<\/p>\n<table>\n<tbody>\n<tr>\n<td>Caracter\u00edsticas principales<\/td>\n<td>Forma anat\u00f3mica similar a un chaleco con sistema de ajuste FitLadder para mayor estabilidad y comodidad. Bolsillo de malla expandible en la parte trasera. La entrega incluye una bolsa de agua con capacidad de 1,2 litros<\/td>\n<\/tr>\n<tr>\n<td>Bolsillos<\/td>\n<td>8 bolsillos en total<\/td>\n<\/tr>\n<tr>\n<td>Sistema de hidrataci\u00f3n<\/td>\n<td>2 bolsillos delanteros el\u00e1sticos compatibles con las botellas EazyFlask y R-Go, bolsillo con cremallera en la parte inferior para acceder f\u00e1cilmente a la bolsa de agua Raidlight (1,2 litros). Gancho en el interior del bolsillo principal para el transporte vertical de las bolsas de agua.<\/td>\n<\/tr>\n<tr>\n<td>Sistema de cierre<\/td>\n<td>Correa pectoral de ajuste de altura,<\/td>\n<\/tr>\n<tr>\n<td>Portabastones<\/td>\n<td>Portabastones<\/td>\n<\/tr>\n<tr>\n<td>Seguridad<\/td>\n<td>Silbato y detalles reflectantes impresos de seguridad.<\/td>\n<\/tr>\n<tr>\n<td>Material exterior<\/td>\n<td>67 % poli\u00e9ster, 25 % nailon, 8 % spandex.<\/td>\n<\/tr>\n<\/tbody>\n<\/table>\n","protected":false},"excerpt":{"rendered":"<p><span style=\"font-weight: 400\">La Activ 6 litros est\u00e1 llamada a convertirse en tu mochila favorita para correr por monta\u00f1a. \u00a1Descubre todas sus caracter\u00edsticas, dise\u00f1adas para satisfacer tus necesidades! Su exclusivo dise\u00f1o tipo \u00abchaleco con sistema de hidrataci\u00f3n\u00bb garantiza una comodidad inigualable. Su capacidad total de 6 litros te permite llevar contigo todo el equipo y los accesorios que necesitas mientras corres.<\/span><\/p>\n","protected":false},"featured_media":230220,"template":"","meta":{"_acf_changed":false,"inline_featured_image":false},"product_brand":[],"product_cat":[24205,24408,24426],"product_tag":[23502,23633],"class_list":{"0":"post-275850","1":"product","2":"type-product","3":"status-publish","4":"has-post-thumbnail","6":"product_cat-accesorios","7":"product_cat-mochilas-es","8":"product_cat-mochilas-y-cinturones-es","9":"product_tag-raidlight-es","10":"product_tag-raidlight-mujer","11":"pa_attivita-outdoor-es","12":"pa_attivita-trail-es","13":"pa_marca-raidlight-es","14":"pa_sesso-mujer","16":"first","17":"instock","18":"sale","19":"taxable","20":"shipping-taxable","21":"purchasable","22":"product-type-simple"},"acf":[],"yoast_head":"<!-- This site is optimized with the Yoast SEO plugin v26.8 - https:\/\/yoast.com\/product\/yoast-seo-wordpress\/ -->\n<title>Raidlight Activ Vest 6 litros + bolsa de agua 1,2L mujer - mochilas de hidrataci\u00f3n para trail - MioMioRun<\/title>\n<meta name=\"description\" content=\"La Activ 6 litros est\u00e1 llamada a convertirse en tu mochila favorita para correr por monta\u00f1a. \u00a1Descubre todas las caracter\u00edsticas dise\u00f1adas para satisfacer tus necesidades!\" \/>\n<meta name=\"robots\" content=\"index, follow, max-snippet:-1, max-image-preview:large, max-video-preview:-1\" \/>\n<link rel=\"canonical\" href=\"https:\/\/www.miomiorun.com\/es\/producto\/activ-vest-6-litros-bolsa-de-agua-12l-mujer\/\" \/>\n<meta property=\"og:locale\" content=\"es_ES\" \/>\n<meta property=\"og:type\" content=\"article\" \/>\n<meta property=\"og:title\" content=\"Raidlight Activ Vest 6 litros + bolsa de agua 1,2L mujer - mochilas de hidrataci\u00f3n para trail - MioMioRun\" \/>\n<meta property=\"og:description\" content=\"La Activ 6 litros est\u00e1 llamada a convertirse en tu mochila favorita para correr por monta\u00f1a. \u00a1Descubre todas las caracter\u00edsticas dise\u00f1adas para satisfacer tus necesidades!\" \/>\n<meta property=\"og:url\" content=\"https:\/\/www.miomiorun.com\/es\/producto\/activ-vest-6-litros-bolsa-de-agua-12l-mujer\/\" \/>\n<meta property=\"og:site_name\" content=\"MioMioRun\" \/>\n<meta property=\"article:publisher\" content=\"https:\/\/www.facebook.com\/miomiorun\/\" \/>\n<meta property=\"article:modified_time\" content=\"2026-04-29T13:52:44+00:00\" \/>\n<meta property=\"og:image\" content=\"https:\/\/www.miomiorun.com\/app\/uploads\/2020\/07\/Raidlight-Zaino-Gilet-running-donna-Activ-6L-sacca-idrica-12L.jpg\" \/>\n\t<meta property=\"og:image:width\" content=\"600\" \/>\n\t<meta property=\"og:image:height\" content=\"600\" \/>\n\t<meta property=\"og:image:type\" content=\"image\/jpeg\" \/>\n<meta name=\"twitter:card\" content=\"summary_large_image\" \/>\n<meta name=\"twitter:label1\" content=\"Est. reading time\" \/>\n\t<meta name=\"twitter:data1\" content=\"1 minute\" \/>\n<script type=\"application\/ld+json\" class=\"yoast-schema-graph\">{\"@context\":\"https:\/\/schema.org\",\"@graph\":[{\"@type\":\"WebPage\",\"@id\":\"https:\/\/www.miomiorun.com\/es\/producto\/activ-vest-6-litros-bolsa-de-agua-12l-mujer\/\",\"url\":\"https:\/\/www.miomiorun.com\/es\/producto\/activ-vest-6-litros-bolsa-de-agua-12l-mujer\/\",\"name\":\"Raidlight Activ Vest 6 litros + bolsa de agua 1,2L mujer - mochilas de hidrataci\u00f3n para trail - MioMioRun\",\"isPartOf\":{\"@id\":\"https:\/\/www.miomiorun.com\/es\/#website\"},\"primaryImageOfPage\":{\"@id\":\"https:\/\/www.miomiorun.com\/es\/producto\/activ-vest-6-litros-bolsa-de-agua-12l-mujer\/#primaryimage\"},\"image\":{\"@id\":\"https:\/\/www.miomiorun.com\/es\/producto\/activ-vest-6-litros-bolsa-de-agua-12l-mujer\/#primaryimage\"},\"thumbnailUrl\":\"https:\/\/www.miomiorun.com\/app\/uploads\/2020\/07\/Raidlight-Zaino-Gilet-running-donna-Activ-6L-sacca-idrica-12L.jpg\",\"datePublished\":\"2020-07-02T15:54:36+00:00\",\"dateModified\":\"2026-04-29T13:52:44+00:00\",\"description\":\"La Activ 6 litros est\u00e1 llamada a convertirse en tu mochila favorita para correr por monta\u00f1a. \u00a1Descubre todas las caracter\u00edsticas dise\u00f1adas para satisfacer tus necesidades!\",\"breadcrumb\":{\"@id\":\"https:\/\/www.miomiorun.com\/es\/producto\/activ-vest-6-litros-bolsa-de-agua-12l-mujer\/#breadcrumb\"},\"inLanguage\":\"es-ES\",\"potentialAction\":[{\"@type\":\"ReadAction\",\"target\":[\"https:\/\/www.miomiorun.com\/es\/producto\/activ-vest-6-litros-bolsa-de-agua-12l-mujer\/\"]}]},{\"@type\":\"ImageObject\",\"inLanguage\":\"es-ES\",\"@id\":\"https:\/\/www.miomiorun.com\/es\/producto\/activ-vest-6-litros-bolsa-de-agua-12l-mujer\/#primaryimage\",\"url\":\"https:\/\/www.miomiorun.com\/app\/uploads\/2020\/07\/Raidlight-Zaino-Gilet-running-donna-Activ-6L-sacca-idrica-12L.jpg\",\"contentUrl\":\"https:\/\/www.miomiorun.com\/app\/uploads\/2020\/07\/Raidlight-Zaino-Gilet-running-donna-Activ-6L-sacca-idrica-12L.jpg\",\"width\":600,\"height\":600,\"caption\":\"Raidlight-Zaino-Gilet-running-donna-Activ-6L-+-sacca-idrica-1,2L\"},{\"@type\":\"BreadcrumbList\",\"@id\":\"https:\/\/www.miomiorun.com\/es\/producto\/activ-vest-6-litros-bolsa-de-agua-12l-mujer\/#breadcrumb\",\"itemListElement\":[{\"@type\":\"ListItem\",\"position\":1,\"name\":\"Home\",\"item\":\"https:\/\/www.miomiorun.com\/es\/\"},{\"@type\":\"ListItem\",\"position\":2,\"name\":\"Shop\",\"item\":\"https:\/\/www.miomiorun.com\/shop\/\"},{\"@type\":\"ListItem\",\"position\":3,\"name\":\"Activ Vest 6 litros + bolsa de agua 1,2L mujer\"}]},{\"@type\":\"WebSite\",\"@id\":\"https:\/\/www.miomiorun.com\/es\/#website\",\"url\":\"https:\/\/www.miomiorun.com\/es\/\",\"name\":\"MioMioRun\",\"description\":\"Tienda 100% running y trail\",\"publisher\":{\"@id\":\"https:\/\/www.miomiorun.com\/es\/#organization\"},\"potentialAction\":[{\"@type\":\"SearchAction\",\"target\":{\"@type\":\"EntryPoint\",\"urlTemplate\":\"https:\/\/www.miomiorun.com\/es\/?s={search_term_string}\"},\"query-input\":{\"@type\":\"PropertyValueSpecification\",\"valueRequired\":true,\"valueName\":\"search_term_string\"}}],\"inLanguage\":\"es-ES\"},{\"@type\":\"Organization\",\"@id\":\"https:\/\/www.miomiorun.com\/es\/#organization\",\"name\":\"MioMio Run\",\"url\":\"https:\/\/www.miomiorun.com\/es\/\",\"logo\":{\"@type\":\"ImageObject\",\"inLanguage\":\"es-ES\",\"@id\":\"https:\/\/www.miomiorun.com\/es\/#\/schema\/logo\/image\/\",\"url\":\"https:\/\/www.miomiorun.com\/app\/uploads\/2019\/12\/logomio.png\",\"contentUrl\":\"https:\/\/www.miomiorun.com\/app\/uploads\/2019\/12\/logomio.png\",\"width\":115,\"height\":82,\"caption\":\"MioMio Run\"},\"image\":{\"@id\":\"https:\/\/www.miomiorun.com\/es\/#\/schema\/logo\/image\/\"},\"sameAs\":[\"https:\/\/www.facebook.com\/miomiorun\/\",\"https:\/\/www.instagram.com\/miomiorun\/\"]}]}<\/script>\n<!-- \/ Yoast SEO plugin. -->","yoast_head_json":{"title":"Raidlight Activ Vest 6 litros + bolsa de agua 1,2L mujer - mochilas de hidrataci\u00f3n para trail - MioMioRun","description":"La Activ 6 litros est\u00e1 llamada a convertirse en tu mochila favorita para correr por monta\u00f1a. \u00a1Descubre todas las caracter\u00edsticas dise\u00f1adas para satisfacer tus necesidades!","robots":{"index":"index","follow":"follow","max-snippet":"max-snippet:-1","max-image-preview":"max-image-preview:large","max-video-preview":"max-video-preview:-1"},"canonical":"https:\/\/www.miomiorun.com\/es\/producto\/activ-vest-6-litros-bolsa-de-agua-12l-mujer\/","og_locale":"es_ES","og_type":"article","og_title":"Raidlight Activ Vest 6 litros + bolsa de agua 1,2L mujer - mochilas de hidrataci\u00f3n para trail - MioMioRun","og_description":"La Activ 6 litros est\u00e1 llamada a convertirse en tu mochila favorita para correr por monta\u00f1a. \u00a1Descubre todas las caracter\u00edsticas dise\u00f1adas para satisfacer tus necesidades!","og_url":"https:\/\/www.miomiorun.com\/es\/producto\/activ-vest-6-litros-bolsa-de-agua-12l-mujer\/","og_site_name":"MioMioRun","article_publisher":"https:\/\/www.facebook.com\/miomiorun\/","article_modified_time":"2026-04-29T13:52:44+00:00","og_image":[{"width":600,"height":600,"url":"https:\/\/www.miomiorun.com\/app\/uploads\/2020\/07\/Raidlight-Zaino-Gilet-running-donna-Activ-6L-sacca-idrica-12L.jpg","type":"image\/jpeg"}],"twitter_card":"summary_large_image","twitter_misc":{"Est. reading time":"1 minute"},"schema":{"@context":"https:\/\/schema.org","@graph":[{"@type":"WebPage","@id":"https:\/\/www.miomiorun.com\/es\/producto\/activ-vest-6-litros-bolsa-de-agua-12l-mujer\/","url":"https:\/\/www.miomiorun.com\/es\/producto\/activ-vest-6-litros-bolsa-de-agua-12l-mujer\/","name":"Raidlight Activ Vest 6 litros + bolsa de agua 1,2L mujer - mochilas de hidrataci\u00f3n para trail - MioMioRun","isPartOf":{"@id":"https:\/\/www.miomiorun.com\/es\/#website"},"primaryImageOfPage":{"@id":"https:\/\/www.miomiorun.com\/es\/producto\/activ-vest-6-litros-bolsa-de-agua-12l-mujer\/#primaryimage"},"image":{"@id":"https:\/\/www.miomiorun.com\/es\/producto\/activ-vest-6-litros-bolsa-de-agua-12l-mujer\/#primaryimage"},"thumbnailUrl":"https:\/\/www.miomiorun.com\/app\/uploads\/2020\/07\/Raidlight-Zaino-Gilet-running-donna-Activ-6L-sacca-idrica-12L.jpg","datePublished":"2020-07-02T15:54:36+00:00","dateModified":"2026-04-29T13:52:44+00:00","description":"La Activ 6 litros est\u00e1 llamada a convertirse en tu mochila favorita para correr por monta\u00f1a. \u00a1Descubre todas las caracter\u00edsticas dise\u00f1adas para satisfacer tus necesidades!","breadcrumb":{"@id":"https:\/\/www.miomiorun.com\/es\/producto\/activ-vest-6-litros-bolsa-de-agua-12l-mujer\/#breadcrumb"},"inLanguage":"es-ES","potentialAction":[{"@type":"ReadAction","target":["https:\/\/www.miomiorun.com\/es\/producto\/activ-vest-6-litros-bolsa-de-agua-12l-mujer\/"]}]},{"@type":"ImageObject","inLanguage":"es-ES","@id":"https:\/\/www.miomiorun.com\/es\/producto\/activ-vest-6-litros-bolsa-de-agua-12l-mujer\/#primaryimage","url":"https:\/\/www.miomiorun.com\/app\/uploads\/2020\/07\/Raidlight-Zaino-Gilet-running-donna-Activ-6L-sacca-idrica-12L.jpg","contentUrl":"https:\/\/www.miomiorun.com\/app\/uploads\/2020\/07\/Raidlight-Zaino-Gilet-running-donna-Activ-6L-sacca-idrica-12L.jpg","width":600,"height":600,"caption":"Raidlight-Zaino-Gilet-running-donna-Activ-6L-+-sacca-idrica-1,2L"},{"@type":"BreadcrumbList","@id":"https:\/\/www.miomiorun.com\/es\/producto\/activ-vest-6-litros-bolsa-de-agua-12l-mujer\/#breadcrumb","itemListElement":[{"@type":"ListItem","position":1,"name":"Home","item":"https:\/\/www.miomiorun.com\/es\/"},{"@type":"ListItem","position":2,"name":"Shop","item":"https:\/\/www.miomiorun.com\/shop\/"},{"@type":"ListItem","position":3,"name":"Activ Vest 6 litros + bolsa de agua 1,2L mujer"}]},{"@type":"WebSite","@id":"https:\/\/www.miomiorun.com\/es\/#website","url":"https:\/\/www.miomiorun.com\/es\/","name":"MioMioRun","description":"Tienda 100% running y trail","publisher":{"@id":"https:\/\/www.miomiorun.com\/es\/#organization"},"potentialAction":[{"@type":"SearchAction","target":{"@type":"EntryPoint","urlTemplate":"https:\/\/www.miomiorun.com\/es\/?s={search_term_string}"},"query-input":{"@type":"PropertyValueSpecification","valueRequired":true,"valueName":"search_term_string"}}],"inLanguage":"es-ES"},{"@type":"Organization","@id":"https:\/\/www.miomiorun.com\/es\/#organization","name":"MioMio Run","url":"https:\/\/www.miomiorun.com\/es\/","logo":{"@type":"ImageObject","inLanguage":"es-ES","@id":"https:\/\/www.miomiorun.com\/es\/#\/schema\/logo\/image\/","url":"https:\/\/www.miomiorun.com\/app\/uploads\/2019\/12\/logomio.png","contentUrl":"https:\/\/www.miomiorun.com\/app\/uploads\/2019\/12\/logomio.png","width":115,"height":82,"caption":"MioMio Run"},"image":{"@id":"https:\/\/www.miomiorun.com\/es\/#\/schema\/logo\/image\/"},"sameAs":["https:\/\/www.facebook.com\/miomiorun\/","https:\/\/www.instagram.com\/miomiorun\/"]}]}},"_links":{"self":[{"href":"https:\/\/www.miomiorun.com\/es\/wp-json\/wp\/v2\/product\/275850","targetHints":{"allow":["GET"]}}],"collection":[{"href":"https:\/\/www.miomiorun.com\/es\/wp-json\/wp\/v2\/product"}],"about":[{"href":"https:\/\/www.miomiorun.com\/es\/wp-json\/wp\/v2\/types\/product"}],"wp:featuredmedia":[{"embeddable":true,"href":"https:\/\/www.miomiorun.com\/es\/wp-json\/wp\/v2\/media\/230220"}],"wp:attachment":[{"href":"https:\/\/www.miomiorun.com\/es\/wp-json\/wp\/v2\/media?parent=275850"}],"wp:term":[{"taxonomy":"product_brand","embeddable":true,"href":"https:\/\/www.miomiorun.com\/es\/wp-json\/wp\/v2\/product_brand?post=275850"},{"taxonomy":"product_cat","embeddable":true,"href":"https:\/\/www.miomiorun.com\/es\/wp-json\/wp\/v2\/product_cat?post=275850"},{"taxonomy":"product_tag","embeddable":true,"href":"https:\/\/www.miomiorun.com\/es\/wp-json\/wp\/v2\/product_tag?post=275850"}],"curies":[{"name":"wp","href":"https:\/\/api.w.org\/{rel}","templated":true}]}}