{"id":275844,"date":"2020-07-02T18:22:51","date_gmt":"2020-07-02T16:22:51","guid":{"rendered":"https:\/\/miomiorun.com\/prodotto\/raidlight-poncho-di-emergenza\/"},"modified":"2026-04-29T15:55:35","modified_gmt":"2026-04-29T13:55:35","slug":"raidlight-poncho-de-emergencia","status":"publish","type":"product","link":"https:\/\/www.miomiorun.com\/es\/producto\/raidlight-poncho-de-emergencia\/","title":{"rendered":"Poncho de emergencia"},"content":{"rendered":"<p>Este poncho de emergencia de Raidlight puede utilizarse para hacer frente a los problemas que surgen con la lluvia. Es ligero y se adapta a todo tipo de complexiones gracias a un peque\u00f1o cord\u00f3n en la capucha. Atenci\u00f3n: este producto es un complemento, no sustituye a una chaqueta impermeable, si fuera necesaria, para las salidas a la monta\u00f1a.<\/p>\n","protected":false},"excerpt":{"rendered":"<p>Este poncho de emergencia de Raidlight puede utilizarse para hacer frente a los problemas que surgen con la lluvia. Es ligero y se adapta a todo tipo de complexiones gracias a un peque\u00f1o cord\u00f3n en la capucha. Atenci\u00f3n: este producto es un complemento, no sustituye a una chaqueta impermeable, si fuera necesaria, para las salidas &hellip; <a href=\"https:\/\/www.miomiorun.com\/es\/producto\/raidlight-poncho-de-emergencia\/\">Continued<\/a><\/p>\n","protected":false},"featured_media":230226,"template":"","meta":{"_acf_changed":false,"inline_featured_image":false},"product_brand":[],"product_cat":[24205,24419],"product_tag":[23502],"class_list":{"0":"post-275844","1":"product","2":"type-product","3":"status-publish","4":"has-post-thumbnail","6":"product_cat-accesorios","7":"product_cat-varios","8":"product_tag-raidlight-es","9":"pa_attivita-outdoor-es","10":"pa_attivita-running-es","11":"pa_attivita-trail-es","12":"pa_marca-runner-tape-es","13":"pa_sesso-hombre","14":"pa_sesso-mujer","16":"first","17":"instock","18":"taxable","19":"shipping-taxable","20":"purchasable","21":"product-type-simple"},"acf":[],"yoast_head":"<!-- This site is optimized with the Yoast SEO plugin v26.8 - https:\/\/yoast.com\/product\/yoast-seo-wordpress\/ -->\n<title>Raidlight Poncho de emergencia - Accesorios para correr - MioMioRun<\/title>\n<meta name=\"description\" content=\"Este poncho de emergencia de Raidlight sirve para hacer frente a los problemas que surgen con la lluvia. Es ligero y se adapta a todo tipo de complexiones.\" \/>\n<meta name=\"robots\" content=\"index, follow, max-snippet:-1, max-image-preview:large, max-video-preview:-1\" \/>\n<link rel=\"canonical\" href=\"https:\/\/www.miomiorun.com\/es\/producto\/raidlight-poncho-de-emergencia\/\" \/>\n<meta property=\"og:locale\" content=\"es_ES\" \/>\n<meta property=\"og:type\" content=\"article\" \/>\n<meta property=\"og:title\" content=\"Raidlight Poncho de emergencia - Accesorios para correr - MioMioRun\" \/>\n<meta property=\"og:description\" content=\"Este poncho de emergencia de Raidlight sirve para hacer frente a los problemas que surgen con la lluvia. Es ligero y se adapta a todo tipo de complexiones.\" \/>\n<meta property=\"og:url\" content=\"https:\/\/www.miomiorun.com\/es\/producto\/raidlight-poncho-de-emergencia\/\" \/>\n<meta property=\"og:site_name\" content=\"MioMioRun\" \/>\n<meta property=\"article:publisher\" content=\"https:\/\/www.facebook.com\/miomiorun\/\" \/>\n<meta property=\"article:modified_time\" content=\"2026-04-29T13:55:35+00:00\" \/>\n<meta property=\"og:image\" content=\"https:\/\/www.miomiorun.com\/app\/uploads\/2020\/07\/Raidlight-poncho-demergenza.jpg\" \/>\n\t<meta property=\"og:image:width\" content=\"600\" \/>\n\t<meta property=\"og:image:height\" content=\"600\" \/>\n\t<meta property=\"og:image:type\" content=\"image\/jpeg\" \/>\n<meta name=\"twitter:card\" content=\"summary_large_image\" \/>\n<script type=\"application\/ld+json\" class=\"yoast-schema-graph\">{\"@context\":\"https:\/\/schema.org\",\"@graph\":[{\"@type\":\"WebPage\",\"@id\":\"https:\/\/www.miomiorun.com\/es\/producto\/raidlight-poncho-de-emergencia\/\",\"url\":\"https:\/\/www.miomiorun.com\/es\/producto\/raidlight-poncho-de-emergencia\/\",\"name\":\"Raidlight Poncho de emergencia - Accesorios para correr - MioMioRun\",\"isPartOf\":{\"@id\":\"https:\/\/www.miomiorun.com\/es\/#website\"},\"primaryImageOfPage\":{\"@id\":\"https:\/\/www.miomiorun.com\/es\/producto\/raidlight-poncho-de-emergencia\/#primaryimage\"},\"image\":{\"@id\":\"https:\/\/www.miomiorun.com\/es\/producto\/raidlight-poncho-de-emergencia\/#primaryimage\"},\"thumbnailUrl\":\"https:\/\/www.miomiorun.com\/app\/uploads\/2020\/07\/Raidlight-poncho-demergenza.jpg\",\"datePublished\":\"2020-07-02T16:22:51+00:00\",\"dateModified\":\"2026-04-29T13:55:35+00:00\",\"description\":\"Este poncho de emergencia de Raidlight sirve para hacer frente a los problemas que surgen con la lluvia. Es ligero y se adapta a todo tipo de complexiones.\",\"breadcrumb\":{\"@id\":\"https:\/\/www.miomiorun.com\/es\/producto\/raidlight-poncho-de-emergencia\/#breadcrumb\"},\"inLanguage\":\"es-ES\",\"potentialAction\":[{\"@type\":\"ReadAction\",\"target\":[\"https:\/\/www.miomiorun.com\/es\/producto\/raidlight-poncho-de-emergencia\/\"]}]},{\"@type\":\"ImageObject\",\"inLanguage\":\"es-ES\",\"@id\":\"https:\/\/www.miomiorun.com\/es\/producto\/raidlight-poncho-de-emergencia\/#primaryimage\",\"url\":\"https:\/\/www.miomiorun.com\/app\/uploads\/2020\/07\/Raidlight-poncho-demergenza.jpg\",\"contentUrl\":\"https:\/\/www.miomiorun.com\/app\/uploads\/2020\/07\/Raidlight-poncho-demergenza.jpg\",\"width\":600,\"height\":600,\"caption\":\"Raidlight-poncho-d'emergenza\"},{\"@type\":\"BreadcrumbList\",\"@id\":\"https:\/\/www.miomiorun.com\/es\/producto\/raidlight-poncho-de-emergencia\/#breadcrumb\",\"itemListElement\":[{\"@type\":\"ListItem\",\"position\":1,\"name\":\"Home\",\"item\":\"https:\/\/www.miomiorun.com\/es\/\"},{\"@type\":\"ListItem\",\"position\":2,\"name\":\"Shop\",\"item\":\"https:\/\/www.miomiorun.com\/shop\/\"},{\"@type\":\"ListItem\",\"position\":3,\"name\":\"Poncho de emergencia\"}]},{\"@type\":\"WebSite\",\"@id\":\"https:\/\/www.miomiorun.com\/es\/#website\",\"url\":\"https:\/\/www.miomiorun.com\/es\/\",\"name\":\"MioMioRun\",\"description\":\"Tienda 100% running y trail\",\"publisher\":{\"@id\":\"https:\/\/www.miomiorun.com\/es\/#organization\"},\"potentialAction\":[{\"@type\":\"SearchAction\",\"target\":{\"@type\":\"EntryPoint\",\"urlTemplate\":\"https:\/\/www.miomiorun.com\/es\/?s={search_term_string}\"},\"query-input\":{\"@type\":\"PropertyValueSpecification\",\"valueRequired\":true,\"valueName\":\"search_term_string\"}}],\"inLanguage\":\"es-ES\"},{\"@type\":\"Organization\",\"@id\":\"https:\/\/www.miomiorun.com\/es\/#organization\",\"name\":\"MioMio Run\",\"url\":\"https:\/\/www.miomiorun.com\/es\/\",\"logo\":{\"@type\":\"ImageObject\",\"inLanguage\":\"es-ES\",\"@id\":\"https:\/\/www.miomiorun.com\/es\/#\/schema\/logo\/image\/\",\"url\":\"https:\/\/www.miomiorun.com\/app\/uploads\/2019\/12\/logomio.png\",\"contentUrl\":\"https:\/\/www.miomiorun.com\/app\/uploads\/2019\/12\/logomio.png\",\"width\":115,\"height\":82,\"caption\":\"MioMio Run\"},\"image\":{\"@id\":\"https:\/\/www.miomiorun.com\/es\/#\/schema\/logo\/image\/\"},\"sameAs\":[\"https:\/\/www.facebook.com\/miomiorun\/\",\"https:\/\/www.instagram.com\/miomiorun\/\"]}]}<\/script>\n<!-- \/ Yoast SEO plugin. -->","yoast_head_json":{"title":"Raidlight Poncho de emergencia - Accesorios para correr - MioMioRun","description":"Este poncho de emergencia de Raidlight sirve para hacer frente a los problemas que surgen con la lluvia. Es ligero y se adapta a todo tipo de complexiones.","robots":{"index":"index","follow":"follow","max-snippet":"max-snippet:-1","max-image-preview":"max-image-preview:large","max-video-preview":"max-video-preview:-1"},"canonical":"https:\/\/www.miomiorun.com\/es\/producto\/raidlight-poncho-de-emergencia\/","og_locale":"es_ES","og_type":"article","og_title":"Raidlight Poncho de emergencia - Accesorios para correr - MioMioRun","og_description":"Este poncho de emergencia de Raidlight sirve para hacer frente a los problemas que surgen con la lluvia. Es ligero y se adapta a todo tipo de complexiones.","og_url":"https:\/\/www.miomiorun.com\/es\/producto\/raidlight-poncho-de-emergencia\/","og_site_name":"MioMioRun","article_publisher":"https:\/\/www.facebook.com\/miomiorun\/","article_modified_time":"2026-04-29T13:55:35+00:00","og_image":[{"width":600,"height":600,"url":"https:\/\/www.miomiorun.com\/app\/uploads\/2020\/07\/Raidlight-poncho-demergenza.jpg","type":"image\/jpeg"}],"twitter_card":"summary_large_image","schema":{"@context":"https:\/\/schema.org","@graph":[{"@type":"WebPage","@id":"https:\/\/www.miomiorun.com\/es\/producto\/raidlight-poncho-de-emergencia\/","url":"https:\/\/www.miomiorun.com\/es\/producto\/raidlight-poncho-de-emergencia\/","name":"Raidlight Poncho de emergencia - Accesorios para correr - MioMioRun","isPartOf":{"@id":"https:\/\/www.miomiorun.com\/es\/#website"},"primaryImageOfPage":{"@id":"https:\/\/www.miomiorun.com\/es\/producto\/raidlight-poncho-de-emergencia\/#primaryimage"},"image":{"@id":"https:\/\/www.miomiorun.com\/es\/producto\/raidlight-poncho-de-emergencia\/#primaryimage"},"thumbnailUrl":"https:\/\/www.miomiorun.com\/app\/uploads\/2020\/07\/Raidlight-poncho-demergenza.jpg","datePublished":"2020-07-02T16:22:51+00:00","dateModified":"2026-04-29T13:55:35+00:00","description":"Este poncho de emergencia de Raidlight sirve para hacer frente a los problemas que surgen con la lluvia. Es ligero y se adapta a todo tipo de complexiones.","breadcrumb":{"@id":"https:\/\/www.miomiorun.com\/es\/producto\/raidlight-poncho-de-emergencia\/#breadcrumb"},"inLanguage":"es-ES","potentialAction":[{"@type":"ReadAction","target":["https:\/\/www.miomiorun.com\/es\/producto\/raidlight-poncho-de-emergencia\/"]}]},{"@type":"ImageObject","inLanguage":"es-ES","@id":"https:\/\/www.miomiorun.com\/es\/producto\/raidlight-poncho-de-emergencia\/#primaryimage","url":"https:\/\/www.miomiorun.com\/app\/uploads\/2020\/07\/Raidlight-poncho-demergenza.jpg","contentUrl":"https:\/\/www.miomiorun.com\/app\/uploads\/2020\/07\/Raidlight-poncho-demergenza.jpg","width":600,"height":600,"caption":"Raidlight-poncho-d'emergenza"},{"@type":"BreadcrumbList","@id":"https:\/\/www.miomiorun.com\/es\/producto\/raidlight-poncho-de-emergencia\/#breadcrumb","itemListElement":[{"@type":"ListItem","position":1,"name":"Home","item":"https:\/\/www.miomiorun.com\/es\/"},{"@type":"ListItem","position":2,"name":"Shop","item":"https:\/\/www.miomiorun.com\/shop\/"},{"@type":"ListItem","position":3,"name":"Poncho de emergencia"}]},{"@type":"WebSite","@id":"https:\/\/www.miomiorun.com\/es\/#website","url":"https:\/\/www.miomiorun.com\/es\/","name":"MioMioRun","description":"Tienda 100% running y trail","publisher":{"@id":"https:\/\/www.miomiorun.com\/es\/#organization"},"potentialAction":[{"@type":"SearchAction","target":{"@type":"EntryPoint","urlTemplate":"https:\/\/www.miomiorun.com\/es\/?s={search_term_string}"},"query-input":{"@type":"PropertyValueSpecification","valueRequired":true,"valueName":"search_term_string"}}],"inLanguage":"es-ES"},{"@type":"Organization","@id":"https:\/\/www.miomiorun.com\/es\/#organization","name":"MioMio Run","url":"https:\/\/www.miomiorun.com\/es\/","logo":{"@type":"ImageObject","inLanguage":"es-ES","@id":"https:\/\/www.miomiorun.com\/es\/#\/schema\/logo\/image\/","url":"https:\/\/www.miomiorun.com\/app\/uploads\/2019\/12\/logomio.png","contentUrl":"https:\/\/www.miomiorun.com\/app\/uploads\/2019\/12\/logomio.png","width":115,"height":82,"caption":"MioMio Run"},"image":{"@id":"https:\/\/www.miomiorun.com\/es\/#\/schema\/logo\/image\/"},"sameAs":["https:\/\/www.facebook.com\/miomiorun\/","https:\/\/www.instagram.com\/miomiorun\/"]}]}},"_links":{"self":[{"href":"https:\/\/www.miomiorun.com\/es\/wp-json\/wp\/v2\/product\/275844","targetHints":{"allow":["GET"]}}],"collection":[{"href":"https:\/\/www.miomiorun.com\/es\/wp-json\/wp\/v2\/product"}],"about":[{"href":"https:\/\/www.miomiorun.com\/es\/wp-json\/wp\/v2\/types\/product"}],"wp:featuredmedia":[{"embeddable":true,"href":"https:\/\/www.miomiorun.com\/es\/wp-json\/wp\/v2\/media\/230226"}],"wp:attachment":[{"href":"https:\/\/www.miomiorun.com\/es\/wp-json\/wp\/v2\/media?parent=275844"}],"wp:term":[{"taxonomy":"product_brand","embeddable":true,"href":"https:\/\/www.miomiorun.com\/es\/wp-json\/wp\/v2\/product_brand?post=275844"},{"taxonomy":"product_cat","embeddable":true,"href":"https:\/\/www.miomiorun.com\/es\/wp-json\/wp\/v2\/product_cat?post=275844"},{"taxonomy":"product_tag","embeddable":true,"href":"https:\/\/www.miomiorun.com\/es\/wp-json\/wp\/v2\/product_tag?post=275844"}],"curies":[{"name":"wp","href":"https:\/\/api.w.org\/{rel}","templated":true}]}}