{"id":275835,"date":"2020-08-22T16:25:15","date_gmt":"2020-08-22T14:25:15","guid":{"rendered":"https:\/\/miomiorun.com\/prodotto\/craft-vent-racing-shorts-donna\/"},"modified":"2026-04-29T15:58:55","modified_gmt":"2026-04-29T13:58:55","slug":"craft-vent-racing-shorts-mujer","status":"publish","type":"product","link":"https:\/\/www.miomiorun.com\/es\/producto\/craft-vent-racing-shorts-mujer\/","title":{"rendered":"Vent Racing Shorts mujer"},"content":{"rendered":"<p>Pantalones cortos de running ligeros para una carrera intensa el d\u00eda de la competici\u00f3n.<\/p>\n<p>Los Vent Racing Shorts son unos pantalones cortos de running ligeros dise\u00f1ados para una carrera intensa el d\u00eda de la competici\u00f3n. Estos pantalones cortos de alta tecnolog\u00eda est\u00e1n confeccionados en poli\u00e9ster el\u00e1stico reciclado y cuentan con paneles laterales de malla Nanoweight para una ventilaci\u00f3n y una regulaci\u00f3n de la temperatura corporal excepcionales. El calzoncillo interior el\u00e1stico garantiza un ajuste \u00f3ptimo y una excelente evacuaci\u00f3n de la humedad.<\/p>\n<p>\u2022 Poli\u00e9ster el\u00e1stico ligero reciclado<br \/>\n\u2022 Paneles laterales de malla Nanoweight<br \/>\n\u2022 Banda reflectante en los laterales<br \/>\n\u2022 Calzoncillo interior el\u00e1stico<br \/>\n\u2022 Bolsillo trasero oculto con cremallera para guardar objetos de forma segura<br \/>\n\u2022 Cintura el\u00e1stica con cord\u00f3n ajustable<br \/>\n\u2022 Ribete el\u00e1stico en la parte trasera de la cintura<\/p>\n<h2>Caracter\u00edsticas del producto<\/h2>\n<h4>Tejido<\/h4>\n<p>Cuerpo: 90 % poli\u00e9ster reciclado, 10 % elastano. Forro: 100 % poli\u00e9ster<\/p>\n<h4>Ligero<\/h4>\n<p>Material ultraligero que ofrece una sensaci\u00f3n de desafiar la gravedad.<\/p>\n<h4>Transporte de la humedad<\/h4>\n<p>Transfiere la humedad de la piel al exterior de la prenda y te mantiene fresco y seco durante los entrenamientos intensos.<\/p>\n<h4>Secado r\u00e1pido<\/h4>\n<p>Tejido de secado r\u00e1pido que aleja la humedad de la piel y te mantiene fresco durante los entrenamientos en los que se suda mucho.<\/p>\n","protected":false},"excerpt":{"rendered":"<p>Pantalones cortos de running ligeros para una carrera intensa el d\u00eda de la competici\u00f3n. Los Vent Racing Shorts son unos pantalones cortos de running ligeros dise\u00f1ados para una carrera intensa el d\u00eda de la competici\u00f3n. Estos pantalones cortos de alta tecnolog\u00eda est\u00e1n confeccionados en poli\u00e9ster el\u00e1stico reciclado y cuentan con paneles laterales de malla Nanoweight &hellip; <a href=\"https:\/\/www.miomiorun.com\/es\/producto\/craft-vent-racing-shorts-mujer\/\">Continued<\/a><\/p>\n","protected":false},"featured_media":230348,"template":"","meta":{"_acf_changed":false,"inline_featured_image":false},"product_brand":[],"product_cat":[24395,24401,24402],"product_tag":[23553,23659],"class_list":{"0":"post-275835","1":"product","2":"type-product","3":"status-publish","4":"has-post-thumbnail","6":"product_cat-pantalones-cortos","7":"product_cat-ropa-de-mujer","8":"product_cat-mujer","9":"product_tag-craft-es","10":"product_tag-craft-mujer","11":"pa_attivita-running-es","12":"pa_marca-craft-es","13":"pa_sesso-mujer","14":"pa_size-medium-es","15":"pa_size-large-es","17":"first","18":"instock","19":"sale","20":"taxable","21":"shipping-taxable","22":"purchasable","23":"product-type-variable","24":"wvs-archive-product-wrapper"},"acf":[],"yoast_head":"<!-- This site is optimized with the Yoast SEO plugin v26.8 - https:\/\/yoast.com\/product\/yoast-seo-wordpress\/ -->\n<title>Craft Vent Racing Shorts mujer - Pantalones cortos para mujer - MioMioRun<\/title>\n<meta name=\"description\" content=\"Los pantalones cortos Vent Racing Shorts son unos pantalones cortos de running ligeros de poli\u00e9ster, dise\u00f1ados para correr a un ritmo intenso el d\u00eda de la carrera.\" \/>\n<meta name=\"robots\" content=\"index, follow, max-snippet:-1, max-image-preview:large, max-video-preview:-1\" \/>\n<link rel=\"canonical\" href=\"https:\/\/www.miomiorun.com\/es\/producto\/craft-vent-racing-shorts-mujer\/\" \/>\n<meta property=\"og:locale\" content=\"es_ES\" \/>\n<meta property=\"og:type\" content=\"article\" \/>\n<meta property=\"og:title\" content=\"Craft Vent Racing Shorts mujer - Pantalones cortos para mujer - MioMioRun\" \/>\n<meta property=\"og:description\" content=\"Los pantalones cortos Vent Racing Shorts son unos pantalones cortos de running ligeros de poli\u00e9ster, dise\u00f1ados para correr a un ritmo intenso el d\u00eda de la carrera.\" \/>\n<meta property=\"og:url\" content=\"https:\/\/www.miomiorun.com\/es\/producto\/craft-vent-racing-shorts-mujer\/\" \/>\n<meta property=\"og:site_name\" content=\"MioMioRun\" \/>\n<meta property=\"article:publisher\" content=\"https:\/\/www.facebook.com\/miomiorun\/\" \/>\n<meta property=\"article:modified_time\" content=\"2026-04-29T13:58:55+00:00\" \/>\n<meta property=\"og:image\" content=\"https:\/\/www.miomiorun.com\/app\/uploads\/2020\/08\/Vent-racing-shorts-W-1908706-999000.jpg\" \/>\n\t<meta property=\"og:image:width\" content=\"600\" \/>\n\t<meta property=\"og:image:height\" content=\"600\" \/>\n\t<meta property=\"og:image:type\" content=\"image\/jpeg\" \/>\n<meta name=\"twitter:card\" content=\"summary_large_image\" \/>\n<meta name=\"twitter:label1\" content=\"Est. reading time\" \/>\n\t<meta name=\"twitter:data1\" content=\"1 minute\" \/>\n<script type=\"application\/ld+json\" class=\"yoast-schema-graph\">{\"@context\":\"https:\/\/schema.org\",\"@graph\":[{\"@type\":\"WebPage\",\"@id\":\"https:\/\/www.miomiorun.com\/es\/producto\/craft-vent-racing-shorts-mujer\/\",\"url\":\"https:\/\/www.miomiorun.com\/es\/producto\/craft-vent-racing-shorts-mujer\/\",\"name\":\"Craft Vent Racing Shorts mujer - Pantalones cortos para mujer - MioMioRun\",\"isPartOf\":{\"@id\":\"https:\/\/www.miomiorun.com\/es\/#website\"},\"primaryImageOfPage\":{\"@id\":\"https:\/\/www.miomiorun.com\/es\/producto\/craft-vent-racing-shorts-mujer\/#primaryimage\"},\"image\":{\"@id\":\"https:\/\/www.miomiorun.com\/es\/producto\/craft-vent-racing-shorts-mujer\/#primaryimage\"},\"thumbnailUrl\":\"https:\/\/www.miomiorun.com\/app\/uploads\/2020\/08\/Vent-racing-shorts-W-1908706-999000.jpg\",\"datePublished\":\"2020-08-22T14:25:15+00:00\",\"dateModified\":\"2026-04-29T13:58:55+00:00\",\"description\":\"Los pantalones cortos Vent Racing Shorts son unos pantalones cortos de running ligeros de poli\u00e9ster, dise\u00f1ados para correr a un ritmo intenso el d\u00eda de la carrera.\",\"breadcrumb\":{\"@id\":\"https:\/\/www.miomiorun.com\/es\/producto\/craft-vent-racing-shorts-mujer\/#breadcrumb\"},\"inLanguage\":\"es-ES\",\"potentialAction\":[{\"@type\":\"ReadAction\",\"target\":[\"https:\/\/www.miomiorun.com\/es\/producto\/craft-vent-racing-shorts-mujer\/\"]}]},{\"@type\":\"ImageObject\",\"inLanguage\":\"es-ES\",\"@id\":\"https:\/\/www.miomiorun.com\/es\/producto\/craft-vent-racing-shorts-mujer\/#primaryimage\",\"url\":\"https:\/\/www.miomiorun.com\/app\/uploads\/2020\/08\/Vent-racing-shorts-W-1908706-999000.jpg\",\"contentUrl\":\"https:\/\/www.miomiorun.com\/app\/uploads\/2020\/08\/Vent-racing-shorts-W-1908706-999000.jpg\",\"width\":600,\"height\":600,\"caption\":\"Vent-racing-shorts-W-1908706-999000\"},{\"@type\":\"BreadcrumbList\",\"@id\":\"https:\/\/www.miomiorun.com\/es\/producto\/craft-vent-racing-shorts-mujer\/#breadcrumb\",\"itemListElement\":[{\"@type\":\"ListItem\",\"position\":1,\"name\":\"Home\",\"item\":\"https:\/\/www.miomiorun.com\/es\/\"},{\"@type\":\"ListItem\",\"position\":2,\"name\":\"Shop\",\"item\":\"https:\/\/www.miomiorun.com\/shop\/\"},{\"@type\":\"ListItem\",\"position\":3,\"name\":\"Vent Racing Shorts mujer\"}]},{\"@type\":\"WebSite\",\"@id\":\"https:\/\/www.miomiorun.com\/es\/#website\",\"url\":\"https:\/\/www.miomiorun.com\/es\/\",\"name\":\"MioMioRun\",\"description\":\"Tienda 100% running y trail\",\"publisher\":{\"@id\":\"https:\/\/www.miomiorun.com\/es\/#organization\"},\"potentialAction\":[{\"@type\":\"SearchAction\",\"target\":{\"@type\":\"EntryPoint\",\"urlTemplate\":\"https:\/\/www.miomiorun.com\/es\/?s={search_term_string}\"},\"query-input\":{\"@type\":\"PropertyValueSpecification\",\"valueRequired\":true,\"valueName\":\"search_term_string\"}}],\"inLanguage\":\"es-ES\"},{\"@type\":\"Organization\",\"@id\":\"https:\/\/www.miomiorun.com\/es\/#organization\",\"name\":\"MioMio Run\",\"url\":\"https:\/\/www.miomiorun.com\/es\/\",\"logo\":{\"@type\":\"ImageObject\",\"inLanguage\":\"es-ES\",\"@id\":\"https:\/\/www.miomiorun.com\/es\/#\/schema\/logo\/image\/\",\"url\":\"https:\/\/www.miomiorun.com\/app\/uploads\/2019\/12\/logomio.png\",\"contentUrl\":\"https:\/\/www.miomiorun.com\/app\/uploads\/2019\/12\/logomio.png\",\"width\":115,\"height\":82,\"caption\":\"MioMio Run\"},\"image\":{\"@id\":\"https:\/\/www.miomiorun.com\/es\/#\/schema\/logo\/image\/\"},\"sameAs\":[\"https:\/\/www.facebook.com\/miomiorun\/\",\"https:\/\/www.instagram.com\/miomiorun\/\"]}]}<\/script>\n<!-- \/ Yoast SEO plugin. -->","yoast_head_json":{"title":"Craft Vent Racing Shorts mujer - Pantalones cortos para mujer - MioMioRun","description":"Los pantalones cortos Vent Racing Shorts son unos pantalones cortos de running ligeros de poli\u00e9ster, dise\u00f1ados para correr a un ritmo intenso el d\u00eda de la carrera.","robots":{"index":"index","follow":"follow","max-snippet":"max-snippet:-1","max-image-preview":"max-image-preview:large","max-video-preview":"max-video-preview:-1"},"canonical":"https:\/\/www.miomiorun.com\/es\/producto\/craft-vent-racing-shorts-mujer\/","og_locale":"es_ES","og_type":"article","og_title":"Craft Vent Racing Shorts mujer - Pantalones cortos para mujer - MioMioRun","og_description":"Los pantalones cortos Vent Racing Shorts son unos pantalones cortos de running ligeros de poli\u00e9ster, dise\u00f1ados para correr a un ritmo intenso el d\u00eda de la carrera.","og_url":"https:\/\/www.miomiorun.com\/es\/producto\/craft-vent-racing-shorts-mujer\/","og_site_name":"MioMioRun","article_publisher":"https:\/\/www.facebook.com\/miomiorun\/","article_modified_time":"2026-04-29T13:58:55+00:00","og_image":[{"width":600,"height":600,"url":"https:\/\/www.miomiorun.com\/app\/uploads\/2020\/08\/Vent-racing-shorts-W-1908706-999000.jpg","type":"image\/jpeg"}],"twitter_card":"summary_large_image","twitter_misc":{"Est. reading time":"1 minute"},"schema":{"@context":"https:\/\/schema.org","@graph":[{"@type":"WebPage","@id":"https:\/\/www.miomiorun.com\/es\/producto\/craft-vent-racing-shorts-mujer\/","url":"https:\/\/www.miomiorun.com\/es\/producto\/craft-vent-racing-shorts-mujer\/","name":"Craft Vent Racing Shorts mujer - Pantalones cortos para mujer - MioMioRun","isPartOf":{"@id":"https:\/\/www.miomiorun.com\/es\/#website"},"primaryImageOfPage":{"@id":"https:\/\/www.miomiorun.com\/es\/producto\/craft-vent-racing-shorts-mujer\/#primaryimage"},"image":{"@id":"https:\/\/www.miomiorun.com\/es\/producto\/craft-vent-racing-shorts-mujer\/#primaryimage"},"thumbnailUrl":"https:\/\/www.miomiorun.com\/app\/uploads\/2020\/08\/Vent-racing-shorts-W-1908706-999000.jpg","datePublished":"2020-08-22T14:25:15+00:00","dateModified":"2026-04-29T13:58:55+00:00","description":"Los pantalones cortos Vent Racing Shorts son unos pantalones cortos de running ligeros de poli\u00e9ster, dise\u00f1ados para correr a un ritmo intenso el d\u00eda de la carrera.","breadcrumb":{"@id":"https:\/\/www.miomiorun.com\/es\/producto\/craft-vent-racing-shorts-mujer\/#breadcrumb"},"inLanguage":"es-ES","potentialAction":[{"@type":"ReadAction","target":["https:\/\/www.miomiorun.com\/es\/producto\/craft-vent-racing-shorts-mujer\/"]}]},{"@type":"ImageObject","inLanguage":"es-ES","@id":"https:\/\/www.miomiorun.com\/es\/producto\/craft-vent-racing-shorts-mujer\/#primaryimage","url":"https:\/\/www.miomiorun.com\/app\/uploads\/2020\/08\/Vent-racing-shorts-W-1908706-999000.jpg","contentUrl":"https:\/\/www.miomiorun.com\/app\/uploads\/2020\/08\/Vent-racing-shorts-W-1908706-999000.jpg","width":600,"height":600,"caption":"Vent-racing-shorts-W-1908706-999000"},{"@type":"BreadcrumbList","@id":"https:\/\/www.miomiorun.com\/es\/producto\/craft-vent-racing-shorts-mujer\/#breadcrumb","itemListElement":[{"@type":"ListItem","position":1,"name":"Home","item":"https:\/\/www.miomiorun.com\/es\/"},{"@type":"ListItem","position":2,"name":"Shop","item":"https:\/\/www.miomiorun.com\/shop\/"},{"@type":"ListItem","position":3,"name":"Vent Racing Shorts mujer"}]},{"@type":"WebSite","@id":"https:\/\/www.miomiorun.com\/es\/#website","url":"https:\/\/www.miomiorun.com\/es\/","name":"MioMioRun","description":"Tienda 100% running y trail","publisher":{"@id":"https:\/\/www.miomiorun.com\/es\/#organization"},"potentialAction":[{"@type":"SearchAction","target":{"@type":"EntryPoint","urlTemplate":"https:\/\/www.miomiorun.com\/es\/?s={search_term_string}"},"query-input":{"@type":"PropertyValueSpecification","valueRequired":true,"valueName":"search_term_string"}}],"inLanguage":"es-ES"},{"@type":"Organization","@id":"https:\/\/www.miomiorun.com\/es\/#organization","name":"MioMio Run","url":"https:\/\/www.miomiorun.com\/es\/","logo":{"@type":"ImageObject","inLanguage":"es-ES","@id":"https:\/\/www.miomiorun.com\/es\/#\/schema\/logo\/image\/","url":"https:\/\/www.miomiorun.com\/app\/uploads\/2019\/12\/logomio.png","contentUrl":"https:\/\/www.miomiorun.com\/app\/uploads\/2019\/12\/logomio.png","width":115,"height":82,"caption":"MioMio Run"},"image":{"@id":"https:\/\/www.miomiorun.com\/es\/#\/schema\/logo\/image\/"},"sameAs":["https:\/\/www.facebook.com\/miomiorun\/","https:\/\/www.instagram.com\/miomiorun\/"]}]}},"_links":{"self":[{"href":"https:\/\/www.miomiorun.com\/es\/wp-json\/wp\/v2\/product\/275835","targetHints":{"allow":["GET"]}}],"collection":[{"href":"https:\/\/www.miomiorun.com\/es\/wp-json\/wp\/v2\/product"}],"about":[{"href":"https:\/\/www.miomiorun.com\/es\/wp-json\/wp\/v2\/types\/product"}],"wp:featuredmedia":[{"embeddable":true,"href":"https:\/\/www.miomiorun.com\/es\/wp-json\/wp\/v2\/media\/230348"}],"wp:attachment":[{"href":"https:\/\/www.miomiorun.com\/es\/wp-json\/wp\/v2\/media?parent=275835"}],"wp:term":[{"taxonomy":"product_brand","embeddable":true,"href":"https:\/\/www.miomiorun.com\/es\/wp-json\/wp\/v2\/product_brand?post=275835"},{"taxonomy":"product_cat","embeddable":true,"href":"https:\/\/www.miomiorun.com\/es\/wp-json\/wp\/v2\/product_cat?post=275835"},{"taxonomy":"product_tag","embeddable":true,"href":"https:\/\/www.miomiorun.com\/es\/wp-json\/wp\/v2\/product_tag?post=275835"}],"curies":[{"name":"wp","href":"https:\/\/api.w.org\/{rel}","templated":true}]}}