{"id":275817,"date":"2020-09-02T10:09:38","date_gmt":"2020-09-02T08:09:38","guid":{"rendered":"https:\/\/miomiorun.com\/prodotto\/craft-active-intensity-cn-ls-uomo\/"},"modified":"2026-04-29T16:00:58","modified_gmt":"2026-04-29T14:00:58","slug":"craft-active-intensity-cn-ls-hombre","status":"publish","type":"product","link":"https:\/\/www.miomiorun.com\/es\/producto\/craft-active-intensity-cn-ls-hombre\/","title":{"rendered":"Active Intensity CN LS hombre"},"content":{"rendered":"<p>Active Intensity es una camiseta interior innovadora que ofrece un rendimiento excelente durante actividades intensas en condiciones clim\u00e1ticas que van de templadas a fr\u00edas. El tejido funcional y el\u00e1stico, junto con el dise\u00f1o sin costuras, las zonas de presi\u00f3n adaptadas al cuerpo y el corte atl\u00e9tico, garantizan una \u00f3ptima regulaci\u00f3n de la temperatura corporal y una gran comodidad. La elecci\u00f3n perfecta para los aficionados al deporte, Active Intensity Crew Neck funciona de manera excelente para entrenamientos de alta intensidad como el esqu\u00ed de fondo, el running y el ciclismo. Adem\u00e1s, la camiseta funciona perfectamente como prenda \u00fanica y puede combinarse con la mayor\u00eda de nuestras mallas.<\/p>\n<p>\u2022 Transporte de la humedad altamente eficiente<br \/>\n\u2022 Dise\u00f1o Bodymap<br \/>\n\u2022 Confecci\u00f3n sin costuras<\/p>\n<h2>Caracter\u00edsticas del producto<\/h2>\n<h4>Tejido<\/h4>\n<p>55 % poli\u00e9ster reciclado, 45 % poliamida<\/p>\n<h4>Transporte de la humedad<\/h4>\n<p>Transfiere la humedad de la piel al exterior de la prenda y te mantiene fresco y seco durante los entrenamientos intensos.<\/p>\n<h4>Perfecto<\/h4>\n<p>Dise\u00f1o sin costuras que elimina las rozaduras y ofrece un tacto suave.<\/p>\n<h4>S\u00e9 activo<\/h4>\n<p>Be Active ofrece una gesti\u00f3n \u00f3ptima de la temperatura durante los entrenamientos en condiciones de fr\u00edo moderado a fr\u00edo.<\/p>\n","protected":false},"excerpt":{"rendered":"<p>Active Intensity es una camiseta interior innovadora que ofrece un rendimiento excelente durante actividades intensas en condiciones clim\u00e1ticas que van de templadas a fr\u00edas. El tejido funcional y el\u00e1stico, junto con el dise\u00f1o sin costuras, las zonas de presi\u00f3n adaptadas al cuerpo y el corte atl\u00e9tico, garantizan una \u00f3ptima regulaci\u00f3n de la temperatura corporal y &hellip; <a href=\"https:\/\/www.miomiorun.com\/es\/producto\/craft-active-intensity-cn-ls-hombre\/\">Continued<\/a><\/p>\n","protected":false},"featured_media":230414,"template":"","meta":{"_acf_changed":false,"inline_featured_image":false},"product_brand":[],"product_cat":[24463,24459,24464],"product_tag":[23553,23663],"class_list":{"0":"post-275817","1":"product","2":"type-product","3":"status-publish","4":"has-post-thumbnail","6":"product_cat-ropa-de-hombre-es","7":"product_cat-ropa-interior-es-2","8":"product_cat-hombre","9":"product_tag-craft-es","10":"product_tag-craft-hombre","11":"pa_attivita-caminar","12":"pa_attivita-outdoor-es","13":"pa_attivita-running-es","14":"pa_attivita-trail-es","15":"pa_colore-active-intensity-cn-ls-m-black-es","16":"pa_colore-active-intensity-cn-ls-m-black-blue-es","17":"pa_marca-craft-es","18":"pa_sesso-hombre","19":"pa_size-small-es","20":"pa_size-medium-es","21":"pa_size-large-es","22":"pa_size-extra-large-es","24":"first","25":"instock","26":"sale","27":"taxable","28":"shipping-taxable","29":"purchasable","30":"product-type-variable","31":"wvs-archive-product-wrapper"},"acf":[],"yoast_head":"<!-- This site is optimized with the Yoast SEO plugin v26.8 - https:\/\/yoast.com\/product\/yoast-seo-wordpress\/ -->\n<title>Craft Active Intensity CN LS hombre - Camiseta t\u00e9rmica - MioMioRun.com<\/title>\n<meta name=\"description\" content=\"Active Intensity es una camiseta interior innovadora que ofrece un rendimiento excelente durante actividades intensas en condiciones clim\u00e1ticas que van de templadas a fr\u00edas.\" \/>\n<meta name=\"robots\" content=\"index, follow, max-snippet:-1, max-image-preview:large, max-video-preview:-1\" \/>\n<link rel=\"canonical\" href=\"https:\/\/www.miomiorun.com\/es\/producto\/craft-active-intensity-cn-ls-hombre\/\" \/>\n<meta property=\"og:locale\" content=\"es_ES\" \/>\n<meta property=\"og:type\" content=\"article\" \/>\n<meta property=\"og:title\" content=\"Craft Active Intensity CN LS hombre - Camiseta t\u00e9rmica - MioMioRun.com\" \/>\n<meta property=\"og:description\" content=\"Active Intensity es una camiseta interior innovadora que ofrece un rendimiento excelente durante actividades intensas en condiciones clim\u00e1ticas que van de templadas a fr\u00edas.\" \/>\n<meta property=\"og:url\" content=\"https:\/\/www.miomiorun.com\/es\/producto\/craft-active-intensity-cn-ls-hombre\/\" \/>\n<meta property=\"og:site_name\" content=\"MioMioRun\" \/>\n<meta property=\"article:publisher\" content=\"https:\/\/www.facebook.com\/miomiorun\/\" \/>\n<meta property=\"article:modified_time\" content=\"2026-04-29T14:00:58+00:00\" \/>\n<meta property=\"og:image\" content=\"https:\/\/www.miomiorun.com\/app\/uploads\/2020\/09\/Active-Intensity-CN-LS-1907933-999995.jpg\" \/>\n\t<meta property=\"og:image:width\" content=\"600\" \/>\n\t<meta property=\"og:image:height\" content=\"600\" \/>\n\t<meta property=\"og:image:type\" content=\"image\/jpeg\" \/>\n<meta name=\"twitter:card\" content=\"summary_large_image\" \/>\n<meta name=\"twitter:label1\" content=\"Est. reading time\" \/>\n\t<meta name=\"twitter:data1\" content=\"1 minute\" \/>\n<script type=\"application\/ld+json\" class=\"yoast-schema-graph\">{\"@context\":\"https:\/\/schema.org\",\"@graph\":[{\"@type\":\"WebPage\",\"@id\":\"https:\/\/www.miomiorun.com\/es\/producto\/craft-active-intensity-cn-ls-hombre\/\",\"url\":\"https:\/\/www.miomiorun.com\/es\/producto\/craft-active-intensity-cn-ls-hombre\/\",\"name\":\"Craft Active Intensity CN LS hombre - Camiseta t\u00e9rmica - MioMioRun.com\",\"isPartOf\":{\"@id\":\"https:\/\/www.miomiorun.com\/es\/#website\"},\"primaryImageOfPage\":{\"@id\":\"https:\/\/www.miomiorun.com\/es\/producto\/craft-active-intensity-cn-ls-hombre\/#primaryimage\"},\"image\":{\"@id\":\"https:\/\/www.miomiorun.com\/es\/producto\/craft-active-intensity-cn-ls-hombre\/#primaryimage\"},\"thumbnailUrl\":\"https:\/\/www.miomiorun.com\/app\/uploads\/2020\/09\/Active-Intensity-CN-LS-1907933-999995.jpg\",\"datePublished\":\"2020-09-02T08:09:38+00:00\",\"dateModified\":\"2026-04-29T14:00:58+00:00\",\"description\":\"Active Intensity es una camiseta interior innovadora que ofrece un rendimiento excelente durante actividades intensas en condiciones clim\u00e1ticas que van de templadas a fr\u00edas.\",\"breadcrumb\":{\"@id\":\"https:\/\/www.miomiorun.com\/es\/producto\/craft-active-intensity-cn-ls-hombre\/#breadcrumb\"},\"inLanguage\":\"es-ES\",\"potentialAction\":[{\"@type\":\"ReadAction\",\"target\":[\"https:\/\/www.miomiorun.com\/es\/producto\/craft-active-intensity-cn-ls-hombre\/\"]}]},{\"@type\":\"ImageObject\",\"inLanguage\":\"es-ES\",\"@id\":\"https:\/\/www.miomiorun.com\/es\/producto\/craft-active-intensity-cn-ls-hombre\/#primaryimage\",\"url\":\"https:\/\/www.miomiorun.com\/app\/uploads\/2020\/09\/Active-Intensity-CN-LS-1907933-999995.jpg\",\"contentUrl\":\"https:\/\/www.miomiorun.com\/app\/uploads\/2020\/09\/Active-Intensity-CN-LS-1907933-999995.jpg\",\"width\":600,\"height\":600,\"caption\":\"Active-Intensity-CN-LS-1907933-999995\"},{\"@type\":\"BreadcrumbList\",\"@id\":\"https:\/\/www.miomiorun.com\/es\/producto\/craft-active-intensity-cn-ls-hombre\/#breadcrumb\",\"itemListElement\":[{\"@type\":\"ListItem\",\"position\":1,\"name\":\"Home\",\"item\":\"https:\/\/www.miomiorun.com\/es\/\"},{\"@type\":\"ListItem\",\"position\":2,\"name\":\"Shop\",\"item\":\"https:\/\/www.miomiorun.com\/shop\/\"},{\"@type\":\"ListItem\",\"position\":3,\"name\":\"Active Intensity CN LS hombre\"}]},{\"@type\":\"WebSite\",\"@id\":\"https:\/\/www.miomiorun.com\/es\/#website\",\"url\":\"https:\/\/www.miomiorun.com\/es\/\",\"name\":\"MioMioRun\",\"description\":\"Tienda 100% running y trail\",\"publisher\":{\"@id\":\"https:\/\/www.miomiorun.com\/es\/#organization\"},\"potentialAction\":[{\"@type\":\"SearchAction\",\"target\":{\"@type\":\"EntryPoint\",\"urlTemplate\":\"https:\/\/www.miomiorun.com\/es\/?s={search_term_string}\"},\"query-input\":{\"@type\":\"PropertyValueSpecification\",\"valueRequired\":true,\"valueName\":\"search_term_string\"}}],\"inLanguage\":\"es-ES\"},{\"@type\":\"Organization\",\"@id\":\"https:\/\/www.miomiorun.com\/es\/#organization\",\"name\":\"MioMio Run\",\"url\":\"https:\/\/www.miomiorun.com\/es\/\",\"logo\":{\"@type\":\"ImageObject\",\"inLanguage\":\"es-ES\",\"@id\":\"https:\/\/www.miomiorun.com\/es\/#\/schema\/logo\/image\/\",\"url\":\"https:\/\/www.miomiorun.com\/app\/uploads\/2019\/12\/logomio.png\",\"contentUrl\":\"https:\/\/www.miomiorun.com\/app\/uploads\/2019\/12\/logomio.png\",\"width\":115,\"height\":82,\"caption\":\"MioMio Run\"},\"image\":{\"@id\":\"https:\/\/www.miomiorun.com\/es\/#\/schema\/logo\/image\/\"},\"sameAs\":[\"https:\/\/www.facebook.com\/miomiorun\/\",\"https:\/\/www.instagram.com\/miomiorun\/\"]}]}<\/script>\n<!-- \/ Yoast SEO plugin. -->","yoast_head_json":{"title":"Craft Active Intensity CN LS hombre - Camiseta t\u00e9rmica - MioMioRun.com","description":"Active Intensity es una camiseta interior innovadora que ofrece un rendimiento excelente durante actividades intensas en condiciones clim\u00e1ticas que van de templadas a fr\u00edas.","robots":{"index":"index","follow":"follow","max-snippet":"max-snippet:-1","max-image-preview":"max-image-preview:large","max-video-preview":"max-video-preview:-1"},"canonical":"https:\/\/www.miomiorun.com\/es\/producto\/craft-active-intensity-cn-ls-hombre\/","og_locale":"es_ES","og_type":"article","og_title":"Craft Active Intensity CN LS hombre - Camiseta t\u00e9rmica - MioMioRun.com","og_description":"Active Intensity es una camiseta interior innovadora que ofrece un rendimiento excelente durante actividades intensas en condiciones clim\u00e1ticas que van de templadas a fr\u00edas.","og_url":"https:\/\/www.miomiorun.com\/es\/producto\/craft-active-intensity-cn-ls-hombre\/","og_site_name":"MioMioRun","article_publisher":"https:\/\/www.facebook.com\/miomiorun\/","article_modified_time":"2026-04-29T14:00:58+00:00","og_image":[{"width":600,"height":600,"url":"https:\/\/www.miomiorun.com\/app\/uploads\/2020\/09\/Active-Intensity-CN-LS-1907933-999995.jpg","type":"image\/jpeg"}],"twitter_card":"summary_large_image","twitter_misc":{"Est. reading time":"1 minute"},"schema":{"@context":"https:\/\/schema.org","@graph":[{"@type":"WebPage","@id":"https:\/\/www.miomiorun.com\/es\/producto\/craft-active-intensity-cn-ls-hombre\/","url":"https:\/\/www.miomiorun.com\/es\/producto\/craft-active-intensity-cn-ls-hombre\/","name":"Craft Active Intensity CN LS hombre - Camiseta t\u00e9rmica - MioMioRun.com","isPartOf":{"@id":"https:\/\/www.miomiorun.com\/es\/#website"},"primaryImageOfPage":{"@id":"https:\/\/www.miomiorun.com\/es\/producto\/craft-active-intensity-cn-ls-hombre\/#primaryimage"},"image":{"@id":"https:\/\/www.miomiorun.com\/es\/producto\/craft-active-intensity-cn-ls-hombre\/#primaryimage"},"thumbnailUrl":"https:\/\/www.miomiorun.com\/app\/uploads\/2020\/09\/Active-Intensity-CN-LS-1907933-999995.jpg","datePublished":"2020-09-02T08:09:38+00:00","dateModified":"2026-04-29T14:00:58+00:00","description":"Active Intensity es una camiseta interior innovadora que ofrece un rendimiento excelente durante actividades intensas en condiciones clim\u00e1ticas que van de templadas a fr\u00edas.","breadcrumb":{"@id":"https:\/\/www.miomiorun.com\/es\/producto\/craft-active-intensity-cn-ls-hombre\/#breadcrumb"},"inLanguage":"es-ES","potentialAction":[{"@type":"ReadAction","target":["https:\/\/www.miomiorun.com\/es\/producto\/craft-active-intensity-cn-ls-hombre\/"]}]},{"@type":"ImageObject","inLanguage":"es-ES","@id":"https:\/\/www.miomiorun.com\/es\/producto\/craft-active-intensity-cn-ls-hombre\/#primaryimage","url":"https:\/\/www.miomiorun.com\/app\/uploads\/2020\/09\/Active-Intensity-CN-LS-1907933-999995.jpg","contentUrl":"https:\/\/www.miomiorun.com\/app\/uploads\/2020\/09\/Active-Intensity-CN-LS-1907933-999995.jpg","width":600,"height":600,"caption":"Active-Intensity-CN-LS-1907933-999995"},{"@type":"BreadcrumbList","@id":"https:\/\/www.miomiorun.com\/es\/producto\/craft-active-intensity-cn-ls-hombre\/#breadcrumb","itemListElement":[{"@type":"ListItem","position":1,"name":"Home","item":"https:\/\/www.miomiorun.com\/es\/"},{"@type":"ListItem","position":2,"name":"Shop","item":"https:\/\/www.miomiorun.com\/shop\/"},{"@type":"ListItem","position":3,"name":"Active Intensity CN LS hombre"}]},{"@type":"WebSite","@id":"https:\/\/www.miomiorun.com\/es\/#website","url":"https:\/\/www.miomiorun.com\/es\/","name":"MioMioRun","description":"Tienda 100% running y trail","publisher":{"@id":"https:\/\/www.miomiorun.com\/es\/#organization"},"potentialAction":[{"@type":"SearchAction","target":{"@type":"EntryPoint","urlTemplate":"https:\/\/www.miomiorun.com\/es\/?s={search_term_string}"},"query-input":{"@type":"PropertyValueSpecification","valueRequired":true,"valueName":"search_term_string"}}],"inLanguage":"es-ES"},{"@type":"Organization","@id":"https:\/\/www.miomiorun.com\/es\/#organization","name":"MioMio Run","url":"https:\/\/www.miomiorun.com\/es\/","logo":{"@type":"ImageObject","inLanguage":"es-ES","@id":"https:\/\/www.miomiorun.com\/es\/#\/schema\/logo\/image\/","url":"https:\/\/www.miomiorun.com\/app\/uploads\/2019\/12\/logomio.png","contentUrl":"https:\/\/www.miomiorun.com\/app\/uploads\/2019\/12\/logomio.png","width":115,"height":82,"caption":"MioMio Run"},"image":{"@id":"https:\/\/www.miomiorun.com\/es\/#\/schema\/logo\/image\/"},"sameAs":["https:\/\/www.facebook.com\/miomiorun\/","https:\/\/www.instagram.com\/miomiorun\/"]}]}},"_links":{"self":[{"href":"https:\/\/www.miomiorun.com\/es\/wp-json\/wp\/v2\/product\/275817","targetHints":{"allow":["GET"]}}],"collection":[{"href":"https:\/\/www.miomiorun.com\/es\/wp-json\/wp\/v2\/product"}],"about":[{"href":"https:\/\/www.miomiorun.com\/es\/wp-json\/wp\/v2\/types\/product"}],"wp:featuredmedia":[{"embeddable":true,"href":"https:\/\/www.miomiorun.com\/es\/wp-json\/wp\/v2\/media\/230414"}],"wp:attachment":[{"href":"https:\/\/www.miomiorun.com\/es\/wp-json\/wp\/v2\/media?parent=275817"}],"wp:term":[{"taxonomy":"product_brand","embeddable":true,"href":"https:\/\/www.miomiorun.com\/es\/wp-json\/wp\/v2\/product_brand?post=275817"},{"taxonomy":"product_cat","embeddable":true,"href":"https:\/\/www.miomiorun.com\/es\/wp-json\/wp\/v2\/product_cat?post=275817"},{"taxonomy":"product_tag","embeddable":true,"href":"https:\/\/www.miomiorun.com\/es\/wp-json\/wp\/v2\/product_tag?post=275817"}],"curies":[{"name":"wp","href":"https:\/\/api.w.org\/{rel}","templated":true}]}}