{"id":275772,"date":"2020-09-05T15:59:12","date_gmt":"2020-09-05T13:59:12","guid":{"rendered":"https:\/\/miomiorun.com\/prodotto\/uyn-running-alpha-singlet-uomo\/"},"modified":"2026-04-29T16:07:13","modified_gmt":"2026-04-29T14:07:13","slug":"uyn-running-alpha-singlet-hombre","status":"publish","type":"product","link":"https:\/\/www.miomiorun.com\/es\/producto\/uyn-running-alpha-singlet-hombre\/","title":{"rendered":"Running Alpha singlet hombre"},"content":{"rendered":"<div id=\"tab-description\" class=\"tab-pane active\" role=\"tabpanel\">\n<div class=\"tab-custom\">\n<div class=\"tab-custom-inner-max content-wysiwyg\">\n<p>\u00bfQuieres rendir al m\u00e1ximo cuando hace mucho calor? Por eso, UYN\u00ae ha creado la camiseta Alpha Running Singlet. Ajustada y c\u00f3moda, garantiza la m\u00e1xima transpirabilidad y comodidad en cada metro.<\/p>\n<\/div>\n<div class=\"tab-custom-inner-max content-wysiwyg\">\n<div class=\"product-line\">\n<p><img decoding=\"async\" class=\"line-image\" src=\"https:\/\/www.uynsports.com\/media\/wysiwyg\/lines\/resized-height-35\/logo-alpha.jpg\" alt=\"UN ATLETA, UN OBIETTIVO\"><\/p>\n<h3>UN ATLETA, UN OBJETIVO<\/h3>\n<p>Correr es libertad. Solo existen la carretera y el atleta. Su motivaci\u00f3n, sus objetivos, sus decisiones. UYN\u00ae le ofrece toda la libertad posible. La colecci\u00f3n ALPHA Running permite la m\u00e1xima libertad de movimiento. Creada para atletas con grandes objetivos.<\/p>\n<\/div>\n<\/div>\n<\/div>\n<\/div>\n<p>&nbsp;<\/p>\n<div class=\"tab-custom-inner-max content-wysiwyg\">\n<div class=\"product-line\">\n<div id=\"tab-technology\" class=\"tab-pane active\" role=\"tabpanel\">\n<div class=\"tab-custom\">\n<div class=\"tab-items\">\n<div class=\"row\">\n<div class=\"col-xs-12 col-sm-4\">\n<div class=\"tab-item\">\n<div class=\"media media-md\">\n<div class=\"media-left\"><img loading=\"lazy\" decoding=\"async\" class=\"\" src=\"https:\/\/images.prismic.io\/uynsports\/558d27668629dc0d13a92787903add7452ef943d_coolvent.jpg?auto=compress,format\" alt=\"Coolvent\" width=\"88\" height=\"88\"><\/div>\n<div class=\"media-body\">\n<div class=\"title\">Coolvent<\/div>\n<p>El concepto Coolvent es sin\u00f3nimo de confort absoluto. Se basa en la estructura abierta del tejido: la superficie interior est\u00e1 atravesada por canales que favorecen un flujo constante de aire. Absorbe r\u00e1pidamente el sudor, refresca el cuerpo durante la actividad f\u00edsica y mantiene la piel siempre seca.<\/p>\n<\/div>\n<\/div>\n<\/div>\n<\/div>\n<div class=\"col-xs-12 col-sm-4\">\n<div class=\"tab-item\">\n<div class=\"media media-md\"><\/div>\n<\/div>\n<\/div>\n<div class=\"col-xs-12 col-sm-4\">\n<div class=\"tab-item\">\n<div class=\"media media-md\"><\/div>\n<\/div>\n<\/div>\n<div class=\"col-xs-12 col-sm-4\">\n<div class=\"tab-item\">\n<div class=\"media media-md\">\n<div class=\"media-left\"><img loading=\"lazy\" decoding=\"async\" class=\"\" src=\"https:\/\/images.prismic.io\/uynsports\/4aa9ee299293b2a0a42d8c38f2dd934260f726b5_t-hexagon.png?auto=compress,format\" alt=\"T-Hexagon\" width=\"88\" height=\"88\"><\/div>\n<div class=\"media-body\">\n<div class=\"title\">T-Hexagon<\/div>\n<p>La estructura hexagonal 3D del tejido permite una regulaci\u00f3n perfecta de la temperatura corporal. En la zona abdominal, la estructura es m\u00e1s gruesa para garantizar un mejor aislamiento y estabilidad, mientras que se vuelve m\u00e1s fina en la zona del pecho para favorecer la transpiraci\u00f3n y la evaporaci\u00f3n del sudor.<\/p>\n<div class=\"media-body\">\n<h4 class=\"title\">MATERIAL<\/h4>\n<div><\/div>\n<p>COMPOSICI\u00d3N: 49 % POLIAMIDA, 47 % POLI\u00c9STER, 3 % ELASTANO, 1 % POLIPROPILENO<\/p>\n<\/div>\n<\/div>\n<\/div>\n<\/div>\n<\/div>\n<\/div>\n<\/div>\n<\/div>\n<\/div>\n<\/div>\n<\/div>\n","protected":false},"excerpt":{"rendered":"<p>\u00bfQuieres rendir al m\u00e1ximo cuando hace mucho calor? Por eso, UYN\u00ae ha creado la camiseta Alpha Running Singlet. Ajustada y c\u00f3moda, garantiza la m\u00e1xima transpirabilidad y comodidad en cada metro. UN ATLETA, UN OBJETIVO Correr es libertad. Solo existen la carretera y el atleta. Su motivaci\u00f3n, sus objetivos, sus decisiones. UYN\u00ae le ofrece toda la &hellip; <a href=\"https:\/\/www.miomiorun.com\/es\/producto\/uyn-running-alpha-singlet-hombre\/\">Continued<\/a><\/p>\n","protected":false},"featured_media":230458,"template":"","meta":{"_acf_changed":false,"inline_featured_image":false},"product_brand":[],"product_cat":[24463,24459,24464],"product_tag":[23525,23572],"class_list":{"0":"post-275772","1":"product","2":"type-product","3":"status-publish","4":"has-post-thumbnail","6":"product_cat-ropa-de-hombre-es","7":"product_cat-ropa-interior-es-2","8":"product_cat-hombre","9":"product_tag-uyn-es","10":"product_tag-uyn-hombre","11":"pa_attivita-running-es","12":"pa_marca-uyn-es","13":"pa_sesso-hombre","14":"pa_size-small-es","15":"pa_size-medium-es","17":"first","18":"instock","19":"sale","20":"taxable","21":"shipping-taxable","22":"purchasable","23":"product-type-variable","24":"wvs-archive-product-wrapper"},"acf":[],"yoast_head":"<!-- This site is optimized with the Yoast SEO plugin v26.8 - https:\/\/yoast.com\/product\/yoast-seo-wordpress\/ -->\n<title>Uyn Running Alpha singlet hombre - Ropa interior t\u00e9rmica - MioMioRun.com<\/title>\n<meta name=\"description\" content=\"\u00bfEl m\u00e1ximo rendimiento con el calor? La camiseta sin mangas Alpha Running de UYN\u00ae es ajustada y c\u00f3moda, y garantiza la m\u00e1xima transpirabilidad y comodidad en cada metro.\" \/>\n<meta name=\"robots\" content=\"index, follow, max-snippet:-1, max-image-preview:large, max-video-preview:-1\" \/>\n<link rel=\"canonical\" href=\"https:\/\/www.miomiorun.com\/es\/producto\/uyn-running-alpha-singlet-hombre\/\" \/>\n<meta property=\"og:locale\" content=\"es_ES\" \/>\n<meta property=\"og:type\" content=\"article\" \/>\n<meta property=\"og:title\" content=\"Uyn Running Alpha singlet hombre - Ropa interior t\u00e9rmica - MioMioRun.com\" \/>\n<meta property=\"og:description\" content=\"\u00bfEl m\u00e1ximo rendimiento con el calor? La camiseta sin mangas Alpha Running de UYN\u00ae es ajustada y c\u00f3moda, y garantiza la m\u00e1xima transpirabilidad y comodidad en cada metro.\" \/>\n<meta property=\"og:url\" content=\"https:\/\/www.miomiorun.com\/es\/producto\/uyn-running-alpha-singlet-hombre\/\" \/>\n<meta property=\"og:site_name\" content=\"MioMioRun\" \/>\n<meta property=\"article:publisher\" content=\"https:\/\/www.facebook.com\/miomiorun\/\" \/>\n<meta property=\"article:modified_time\" content=\"2026-04-29T14:07:13+00:00\" \/>\n<meta property=\"og:image\" content=\"https:\/\/www.miomiorun.com\/app\/uploads\/2020\/09\/Uyn-M-running-Alpha-singlet-J188.jpg\" \/>\n\t<meta property=\"og:image:width\" content=\"600\" \/>\n\t<meta property=\"og:image:height\" content=\"600\" \/>\n\t<meta property=\"og:image:type\" content=\"image\/jpeg\" \/>\n<meta name=\"twitter:card\" content=\"summary_large_image\" \/>\n<meta name=\"twitter:label1\" content=\"Est. reading time\" \/>\n\t<meta name=\"twitter:data1\" content=\"1 minute\" \/>\n<script type=\"application\/ld+json\" class=\"yoast-schema-graph\">{\"@context\":\"https:\/\/schema.org\",\"@graph\":[{\"@type\":\"WebPage\",\"@id\":\"https:\/\/www.miomiorun.com\/es\/producto\/uyn-running-alpha-singlet-hombre\/\",\"url\":\"https:\/\/www.miomiorun.com\/es\/producto\/uyn-running-alpha-singlet-hombre\/\",\"name\":\"Uyn Running Alpha singlet hombre - Ropa interior t\u00e9rmica - MioMioRun.com\",\"isPartOf\":{\"@id\":\"https:\/\/www.miomiorun.com\/es\/#website\"},\"primaryImageOfPage\":{\"@id\":\"https:\/\/www.miomiorun.com\/es\/producto\/uyn-running-alpha-singlet-hombre\/#primaryimage\"},\"image\":{\"@id\":\"https:\/\/www.miomiorun.com\/es\/producto\/uyn-running-alpha-singlet-hombre\/#primaryimage\"},\"thumbnailUrl\":\"https:\/\/www.miomiorun.com\/app\/uploads\/2020\/09\/Uyn-M-running-Alpha-singlet-J188.jpg\",\"datePublished\":\"2020-09-05T13:59:12+00:00\",\"dateModified\":\"2026-04-29T14:07:13+00:00\",\"description\":\"\u00bfEl m\u00e1ximo rendimiento con el calor? La camiseta sin mangas Alpha Running de UYN\u00ae es ajustada y c\u00f3moda, y garantiza la m\u00e1xima transpirabilidad y comodidad en cada metro.\",\"breadcrumb\":{\"@id\":\"https:\/\/www.miomiorun.com\/es\/producto\/uyn-running-alpha-singlet-hombre\/#breadcrumb\"},\"inLanguage\":\"es-ES\",\"potentialAction\":[{\"@type\":\"ReadAction\",\"target\":[\"https:\/\/www.miomiorun.com\/es\/producto\/uyn-running-alpha-singlet-hombre\/\"]}]},{\"@type\":\"ImageObject\",\"inLanguage\":\"es-ES\",\"@id\":\"https:\/\/www.miomiorun.com\/es\/producto\/uyn-running-alpha-singlet-hombre\/#primaryimage\",\"url\":\"https:\/\/www.miomiorun.com\/app\/uploads\/2020\/09\/Uyn-M-running-Alpha-singlet-J188.jpg\",\"contentUrl\":\"https:\/\/www.miomiorun.com\/app\/uploads\/2020\/09\/Uyn-M-running-Alpha-singlet-J188.jpg\",\"width\":600,\"height\":600,\"caption\":\"Uyn-M-running-Alpha-singlet-J188\"},{\"@type\":\"BreadcrumbList\",\"@id\":\"https:\/\/www.miomiorun.com\/es\/producto\/uyn-running-alpha-singlet-hombre\/#breadcrumb\",\"itemListElement\":[{\"@type\":\"ListItem\",\"position\":1,\"name\":\"Home\",\"item\":\"https:\/\/www.miomiorun.com\/es\/\"},{\"@type\":\"ListItem\",\"position\":2,\"name\":\"Shop\",\"item\":\"https:\/\/www.miomiorun.com\/shop\/\"},{\"@type\":\"ListItem\",\"position\":3,\"name\":\"Running Alpha singlet hombre\"}]},{\"@type\":\"WebSite\",\"@id\":\"https:\/\/www.miomiorun.com\/es\/#website\",\"url\":\"https:\/\/www.miomiorun.com\/es\/\",\"name\":\"MioMioRun\",\"description\":\"Tienda 100% running y trail\",\"publisher\":{\"@id\":\"https:\/\/www.miomiorun.com\/es\/#organization\"},\"potentialAction\":[{\"@type\":\"SearchAction\",\"target\":{\"@type\":\"EntryPoint\",\"urlTemplate\":\"https:\/\/www.miomiorun.com\/es\/?s={search_term_string}\"},\"query-input\":{\"@type\":\"PropertyValueSpecification\",\"valueRequired\":true,\"valueName\":\"search_term_string\"}}],\"inLanguage\":\"es-ES\"},{\"@type\":\"Organization\",\"@id\":\"https:\/\/www.miomiorun.com\/es\/#organization\",\"name\":\"MioMio Run\",\"url\":\"https:\/\/www.miomiorun.com\/es\/\",\"logo\":{\"@type\":\"ImageObject\",\"inLanguage\":\"es-ES\",\"@id\":\"https:\/\/www.miomiorun.com\/es\/#\/schema\/logo\/image\/\",\"url\":\"https:\/\/www.miomiorun.com\/app\/uploads\/2019\/12\/logomio.png\",\"contentUrl\":\"https:\/\/www.miomiorun.com\/app\/uploads\/2019\/12\/logomio.png\",\"width\":115,\"height\":82,\"caption\":\"MioMio Run\"},\"image\":{\"@id\":\"https:\/\/www.miomiorun.com\/es\/#\/schema\/logo\/image\/\"},\"sameAs\":[\"https:\/\/www.facebook.com\/miomiorun\/\",\"https:\/\/www.instagram.com\/miomiorun\/\"]}]}<\/script>\n<!-- \/ Yoast SEO plugin. -->","yoast_head_json":{"title":"Uyn Running Alpha singlet hombre - Ropa interior t\u00e9rmica - MioMioRun.com","description":"\u00bfEl m\u00e1ximo rendimiento con el calor? La camiseta sin mangas Alpha Running de UYN\u00ae es ajustada y c\u00f3moda, y garantiza la m\u00e1xima transpirabilidad y comodidad en cada metro.","robots":{"index":"index","follow":"follow","max-snippet":"max-snippet:-1","max-image-preview":"max-image-preview:large","max-video-preview":"max-video-preview:-1"},"canonical":"https:\/\/www.miomiorun.com\/es\/producto\/uyn-running-alpha-singlet-hombre\/","og_locale":"es_ES","og_type":"article","og_title":"Uyn Running Alpha singlet hombre - Ropa interior t\u00e9rmica - MioMioRun.com","og_description":"\u00bfEl m\u00e1ximo rendimiento con el calor? La camiseta sin mangas Alpha Running de UYN\u00ae es ajustada y c\u00f3moda, y garantiza la m\u00e1xima transpirabilidad y comodidad en cada metro.","og_url":"https:\/\/www.miomiorun.com\/es\/producto\/uyn-running-alpha-singlet-hombre\/","og_site_name":"MioMioRun","article_publisher":"https:\/\/www.facebook.com\/miomiorun\/","article_modified_time":"2026-04-29T14:07:13+00:00","og_image":[{"width":600,"height":600,"url":"https:\/\/www.miomiorun.com\/app\/uploads\/2020\/09\/Uyn-M-running-Alpha-singlet-J188.jpg","type":"image\/jpeg"}],"twitter_card":"summary_large_image","twitter_misc":{"Est. reading time":"1 minute"},"schema":{"@context":"https:\/\/schema.org","@graph":[{"@type":"WebPage","@id":"https:\/\/www.miomiorun.com\/es\/producto\/uyn-running-alpha-singlet-hombre\/","url":"https:\/\/www.miomiorun.com\/es\/producto\/uyn-running-alpha-singlet-hombre\/","name":"Uyn Running Alpha singlet hombre - Ropa interior t\u00e9rmica - MioMioRun.com","isPartOf":{"@id":"https:\/\/www.miomiorun.com\/es\/#website"},"primaryImageOfPage":{"@id":"https:\/\/www.miomiorun.com\/es\/producto\/uyn-running-alpha-singlet-hombre\/#primaryimage"},"image":{"@id":"https:\/\/www.miomiorun.com\/es\/producto\/uyn-running-alpha-singlet-hombre\/#primaryimage"},"thumbnailUrl":"https:\/\/www.miomiorun.com\/app\/uploads\/2020\/09\/Uyn-M-running-Alpha-singlet-J188.jpg","datePublished":"2020-09-05T13:59:12+00:00","dateModified":"2026-04-29T14:07:13+00:00","description":"\u00bfEl m\u00e1ximo rendimiento con el calor? La camiseta sin mangas Alpha Running de UYN\u00ae es ajustada y c\u00f3moda, y garantiza la m\u00e1xima transpirabilidad y comodidad en cada metro.","breadcrumb":{"@id":"https:\/\/www.miomiorun.com\/es\/producto\/uyn-running-alpha-singlet-hombre\/#breadcrumb"},"inLanguage":"es-ES","potentialAction":[{"@type":"ReadAction","target":["https:\/\/www.miomiorun.com\/es\/producto\/uyn-running-alpha-singlet-hombre\/"]}]},{"@type":"ImageObject","inLanguage":"es-ES","@id":"https:\/\/www.miomiorun.com\/es\/producto\/uyn-running-alpha-singlet-hombre\/#primaryimage","url":"https:\/\/www.miomiorun.com\/app\/uploads\/2020\/09\/Uyn-M-running-Alpha-singlet-J188.jpg","contentUrl":"https:\/\/www.miomiorun.com\/app\/uploads\/2020\/09\/Uyn-M-running-Alpha-singlet-J188.jpg","width":600,"height":600,"caption":"Uyn-M-running-Alpha-singlet-J188"},{"@type":"BreadcrumbList","@id":"https:\/\/www.miomiorun.com\/es\/producto\/uyn-running-alpha-singlet-hombre\/#breadcrumb","itemListElement":[{"@type":"ListItem","position":1,"name":"Home","item":"https:\/\/www.miomiorun.com\/es\/"},{"@type":"ListItem","position":2,"name":"Shop","item":"https:\/\/www.miomiorun.com\/shop\/"},{"@type":"ListItem","position":3,"name":"Running Alpha singlet hombre"}]},{"@type":"WebSite","@id":"https:\/\/www.miomiorun.com\/es\/#website","url":"https:\/\/www.miomiorun.com\/es\/","name":"MioMioRun","description":"Tienda 100% running y trail","publisher":{"@id":"https:\/\/www.miomiorun.com\/es\/#organization"},"potentialAction":[{"@type":"SearchAction","target":{"@type":"EntryPoint","urlTemplate":"https:\/\/www.miomiorun.com\/es\/?s={search_term_string}"},"query-input":{"@type":"PropertyValueSpecification","valueRequired":true,"valueName":"search_term_string"}}],"inLanguage":"es-ES"},{"@type":"Organization","@id":"https:\/\/www.miomiorun.com\/es\/#organization","name":"MioMio Run","url":"https:\/\/www.miomiorun.com\/es\/","logo":{"@type":"ImageObject","inLanguage":"es-ES","@id":"https:\/\/www.miomiorun.com\/es\/#\/schema\/logo\/image\/","url":"https:\/\/www.miomiorun.com\/app\/uploads\/2019\/12\/logomio.png","contentUrl":"https:\/\/www.miomiorun.com\/app\/uploads\/2019\/12\/logomio.png","width":115,"height":82,"caption":"MioMio Run"},"image":{"@id":"https:\/\/www.miomiorun.com\/es\/#\/schema\/logo\/image\/"},"sameAs":["https:\/\/www.facebook.com\/miomiorun\/","https:\/\/www.instagram.com\/miomiorun\/"]}]}},"_links":{"self":[{"href":"https:\/\/www.miomiorun.com\/es\/wp-json\/wp\/v2\/product\/275772","targetHints":{"allow":["GET"]}}],"collection":[{"href":"https:\/\/www.miomiorun.com\/es\/wp-json\/wp\/v2\/product"}],"about":[{"href":"https:\/\/www.miomiorun.com\/es\/wp-json\/wp\/v2\/types\/product"}],"wp:featuredmedia":[{"embeddable":true,"href":"https:\/\/www.miomiorun.com\/es\/wp-json\/wp\/v2\/media\/230458"}],"wp:attachment":[{"href":"https:\/\/www.miomiorun.com\/es\/wp-json\/wp\/v2\/media?parent=275772"}],"wp:term":[{"taxonomy":"product_brand","embeddable":true,"href":"https:\/\/www.miomiorun.com\/es\/wp-json\/wp\/v2\/product_brand?post=275772"},{"taxonomy":"product_cat","embeddable":true,"href":"https:\/\/www.miomiorun.com\/es\/wp-json\/wp\/v2\/product_cat?post=275772"},{"taxonomy":"product_tag","embeddable":true,"href":"https:\/\/www.miomiorun.com\/es\/wp-json\/wp\/v2\/product_tag?post=275772"}],"curies":[{"name":"wp","href":"https:\/\/api.w.org\/{rel}","templated":true}]}}