{"id":275724,"date":"2020-09-29T11:45:55","date_gmt":"2020-09-29T09:45:55","guid":{"rendered":"https:\/\/miomiorun.com\/prodotto\/nathan-run-laces\/"},"modified":"2026-04-29T16:14:55","modified_gmt":"2026-04-29T14:14:55","slug":"nathan-cordones-para-correr","status":"publish","type":"product","link":"https:\/\/www.miomiorun.com\/es\/producto\/nathan-cordones-para-correr\/","title":{"rendered":"Cordones para correr"},"content":{"rendered":"<p><span style=\"font-weight: 400\">Los cordones Run Laces de Nathan, de alto rendimiento, son ultraadherentes, el\u00e1sticos y f\u00e1ciles y r\u00e1pidos de usar. Mientras que los cordones normales de las zapatillas suelen aflojarse solos, los cordones Run Laces permanecen exactamente donde t\u00fa quieres. Al calzarte las zapatillas, ya no tendr\u00e1s que preocuparte de si el cord\u00f3n est\u00e1 demasiado apretado o demasiado flojo. Basta con ajustarlos una sola vez. La soluci\u00f3n ideal no solo para corredores o triatletas que quieren ahorrar tiempo en la zona de transici\u00f3n, sino tambi\u00e9n para excursionistas, ni\u00f1os y personas mayores.<\/span><\/p>\n<div class=\"elementor-element elementor-element-89d76f1 elementor-column elementor-col-50 elementor-inner-column\" data-id=\"89d76f1\" data-element_type=\"column\">\n<div class=\"elementor-column-wrap elementor-element-populated\">\n<div class=\"elementor-widget-wrap\">\n<div class=\"elementor-element elementor-element-b1edc53 elementor-widget elementor-widget-heading\" data-id=\"b1edc53\" data-element_type=\"widget\" data-widget_type=\"heading.default\">\n<div class=\"elementor-widget-container\">\n<h3 class=\"elementor-heading-title elementor-size-default\">Los cordones superseguros, ultraajustados y el\u00e1sticos son la soluci\u00f3n ideal para atarse las zapatillas sin cordones.<\/h3>\n<\/div>\n<\/div>\n<div class=\"elementor-element elementor-element-1303bb0 elementor-icon-list--layout-traditional elementor-widget elementor-widget-icon-list\" data-id=\"1303bb0\" data-element_type=\"widget\" data-widget_type=\"icon-list.default\">\n<div class=\"elementor-widget-container\">\n<ul class=\"elementor-icon-list-items\">\n<li class=\"elementor-icon-list-item\"><i class=\"far fa-check-circle\" aria-hidden=\"true\" data-wg-notranslate=\"\"><\/i> <span class=\"elementor-icon-list-text\">El exclusivo sistema de fijaci\u00f3n mantiene los cordones seguros y ajustados. <\/span><\/li>\n<li class=\"elementor-icon-list-item\"><i class=\"far fa-check-circle\" aria-hidden=\"true\" data-wg-notranslate=\"\"><\/i> <span class=\"elementor-icon-list-text\">La configuraci\u00f3n inicial es r\u00e1pida y los ajustes del cord\u00f3n son f\u00e1ciles.<\/span><\/li>\n<\/ul>\n<\/div>\n<\/div>\n<\/div>\n<\/div>\n<\/div>\n","protected":false},"excerpt":{"rendered":"<p><span style=\"font-weight: 400\">\u00a1Dale un toque de color a tus zapatos con estos cordones!<\/span><\/p>\n","protected":false},"featured_media":230616,"template":"","meta":{"_acf_changed":false,"inline_featured_image":false},"product_brand":[],"product_cat":[24205,24218],"product_tag":[23510],"class_list":{"0":"post-275724","1":"product","2":"type-product","3":"status-publish","4":"has-post-thumbnail","6":"product_cat-accesorios","7":"product_cat-cordones","8":"product_tag-nathan-es","9":"pa_attivita-caminar","10":"pa_attivita-outdoor-es","11":"pa_attivita-running-es","12":"pa_attivita-trail-es","13":"pa_colore-run-laces-black-es","14":"pa_colore-run-laces-blue-es","15":"pa_colore-run-laces-green-apple-es","16":"pa_colore-run-laces-orange-es","17":"pa_colore-run-laces-pink-es","18":"pa_colore-run-laces-surf-the-web-es","19":"pa_colore-run-laces-white-es","20":"pa_colore-run-laces-yellow-es","21":"pa_marca-nathan-es","22":"pa_sesso-hombre","23":"pa_sesso-mujer","25":"first","26":"instock","27":"sale","28":"taxable","29":"shipping-taxable","30":"purchasable","31":"product-type-variable","32":"wvs-archive-product-wrapper"},"acf":[],"yoast_head":"<!-- This site is optimized with the Yoast SEO plugin v26.8 - https:\/\/yoast.com\/product\/yoast-seo-wordpress\/ -->\n<title>Nathan Cordones para correr - Cordones para correr - MioMioRun .com<\/title>\n<meta name=\"description\" content=\"\u00a1Dale un toque de color a tus zapatillas con estos cordones! Ideales para corredores, excursionistas, triatletas, ni\u00f1os y personas mayores.\" \/>\n<meta name=\"robots\" content=\"index, follow, max-snippet:-1, max-image-preview:large, max-video-preview:-1\" \/>\n<link rel=\"canonical\" href=\"https:\/\/www.miomiorun.com\/es\/producto\/nathan-cordones-para-correr\/\" \/>\n<meta property=\"og:locale\" content=\"es_ES\" \/>\n<meta property=\"og:type\" content=\"article\" \/>\n<meta property=\"og:title\" content=\"Nathan Cordones para correr - Cordones para correr - MioMioRun .com\" \/>\n<meta property=\"og:description\" content=\"\u00a1Dale un toque de color a tus zapatillas con estos cordones! Ideales para corredores, excursionistas, triatletas, ni\u00f1os y personas mayores.\" \/>\n<meta property=\"og:url\" content=\"https:\/\/www.miomiorun.com\/es\/producto\/nathan-cordones-para-correr\/\" \/>\n<meta property=\"og:site_name\" content=\"MioMioRun\" \/>\n<meta property=\"article:publisher\" content=\"https:\/\/www.facebook.com\/miomiorun\/\" \/>\n<meta property=\"article:modified_time\" content=\"2026-04-29T14:14:55+00:00\" \/>\n<meta property=\"og:image\" content=\"https:\/\/www.miomiorun.com\/app\/uploads\/2020\/09\/nathan-run-laces-green.jpg\" \/>\n\t<meta property=\"og:image:width\" content=\"600\" \/>\n\t<meta property=\"og:image:height\" content=\"600\" \/>\n\t<meta property=\"og:image:type\" content=\"image\/jpeg\" \/>\n<meta name=\"twitter:card\" content=\"summary_large_image\" \/>\n<meta name=\"twitter:label1\" content=\"Est. reading time\" \/>\n\t<meta name=\"twitter:data1\" content=\"1 minute\" \/>\n<script type=\"application\/ld+json\" class=\"yoast-schema-graph\">{\"@context\":\"https:\/\/schema.org\",\"@graph\":[{\"@type\":\"WebPage\",\"@id\":\"https:\/\/www.miomiorun.com\/es\/producto\/nathan-cordones-para-correr\/\",\"url\":\"https:\/\/www.miomiorun.com\/es\/producto\/nathan-cordones-para-correr\/\",\"name\":\"Nathan Cordones para correr - Cordones para correr - MioMioRun .com\",\"isPartOf\":{\"@id\":\"https:\/\/www.miomiorun.com\/es\/#website\"},\"primaryImageOfPage\":{\"@id\":\"https:\/\/www.miomiorun.com\/es\/producto\/nathan-cordones-para-correr\/#primaryimage\"},\"image\":{\"@id\":\"https:\/\/www.miomiorun.com\/es\/producto\/nathan-cordones-para-correr\/#primaryimage\"},\"thumbnailUrl\":\"https:\/\/www.miomiorun.com\/app\/uploads\/2020\/09\/nathan-run-laces-green.jpg\",\"datePublished\":\"2020-09-29T09:45:55+00:00\",\"dateModified\":\"2026-04-29T14:14:55+00:00\",\"description\":\"\u00a1Dale un toque de color a tus zapatillas con estos cordones! Ideales para corredores, excursionistas, triatletas, ni\u00f1os y personas mayores.\",\"breadcrumb\":{\"@id\":\"https:\/\/www.miomiorun.com\/es\/producto\/nathan-cordones-para-correr\/#breadcrumb\"},\"inLanguage\":\"es-ES\",\"potentialAction\":[{\"@type\":\"ReadAction\",\"target\":[\"https:\/\/www.miomiorun.com\/es\/producto\/nathan-cordones-para-correr\/\"]}]},{\"@type\":\"ImageObject\",\"inLanguage\":\"es-ES\",\"@id\":\"https:\/\/www.miomiorun.com\/es\/producto\/nathan-cordones-para-correr\/#primaryimage\",\"url\":\"https:\/\/www.miomiorun.com\/app\/uploads\/2020\/09\/nathan-run-laces-green.jpg\",\"contentUrl\":\"https:\/\/www.miomiorun.com\/app\/uploads\/2020\/09\/nathan-run-laces-green.jpg\",\"width\":600,\"height\":600,\"caption\":\"nathan-run-laces-green\"},{\"@type\":\"BreadcrumbList\",\"@id\":\"https:\/\/www.miomiorun.com\/es\/producto\/nathan-cordones-para-correr\/#breadcrumb\",\"itemListElement\":[{\"@type\":\"ListItem\",\"position\":1,\"name\":\"Home\",\"item\":\"https:\/\/www.miomiorun.com\/es\/\"},{\"@type\":\"ListItem\",\"position\":2,\"name\":\"Shop\",\"item\":\"https:\/\/www.miomiorun.com\/shop\/\"},{\"@type\":\"ListItem\",\"position\":3,\"name\":\"Cordones para correr\"}]},{\"@type\":\"WebSite\",\"@id\":\"https:\/\/www.miomiorun.com\/es\/#website\",\"url\":\"https:\/\/www.miomiorun.com\/es\/\",\"name\":\"MioMioRun\",\"description\":\"Tienda 100% running y trail\",\"publisher\":{\"@id\":\"https:\/\/www.miomiorun.com\/es\/#organization\"},\"potentialAction\":[{\"@type\":\"SearchAction\",\"target\":{\"@type\":\"EntryPoint\",\"urlTemplate\":\"https:\/\/www.miomiorun.com\/es\/?s={search_term_string}\"},\"query-input\":{\"@type\":\"PropertyValueSpecification\",\"valueRequired\":true,\"valueName\":\"search_term_string\"}}],\"inLanguage\":\"es-ES\"},{\"@type\":\"Organization\",\"@id\":\"https:\/\/www.miomiorun.com\/es\/#organization\",\"name\":\"MioMio Run\",\"url\":\"https:\/\/www.miomiorun.com\/es\/\",\"logo\":{\"@type\":\"ImageObject\",\"inLanguage\":\"es-ES\",\"@id\":\"https:\/\/www.miomiorun.com\/es\/#\/schema\/logo\/image\/\",\"url\":\"https:\/\/www.miomiorun.com\/app\/uploads\/2019\/12\/logomio.png\",\"contentUrl\":\"https:\/\/www.miomiorun.com\/app\/uploads\/2019\/12\/logomio.png\",\"width\":115,\"height\":82,\"caption\":\"MioMio Run\"},\"image\":{\"@id\":\"https:\/\/www.miomiorun.com\/es\/#\/schema\/logo\/image\/\"},\"sameAs\":[\"https:\/\/www.facebook.com\/miomiorun\/\",\"https:\/\/www.instagram.com\/miomiorun\/\"]}]}<\/script>\n<!-- \/ Yoast SEO plugin. -->","yoast_head_json":{"title":"Nathan Cordones para correr - Cordones para correr - MioMioRun .com","description":"\u00a1Dale un toque de color a tus zapatillas con estos cordones! Ideales para corredores, excursionistas, triatletas, ni\u00f1os y personas mayores.","robots":{"index":"index","follow":"follow","max-snippet":"max-snippet:-1","max-image-preview":"max-image-preview:large","max-video-preview":"max-video-preview:-1"},"canonical":"https:\/\/www.miomiorun.com\/es\/producto\/nathan-cordones-para-correr\/","og_locale":"es_ES","og_type":"article","og_title":"Nathan Cordones para correr - Cordones para correr - MioMioRun .com","og_description":"\u00a1Dale un toque de color a tus zapatillas con estos cordones! Ideales para corredores, excursionistas, triatletas, ni\u00f1os y personas mayores.","og_url":"https:\/\/www.miomiorun.com\/es\/producto\/nathan-cordones-para-correr\/","og_site_name":"MioMioRun","article_publisher":"https:\/\/www.facebook.com\/miomiorun\/","article_modified_time":"2026-04-29T14:14:55+00:00","og_image":[{"width":600,"height":600,"url":"https:\/\/www.miomiorun.com\/app\/uploads\/2020\/09\/nathan-run-laces-green.jpg","type":"image\/jpeg"}],"twitter_card":"summary_large_image","twitter_misc":{"Est. reading time":"1 minute"},"schema":{"@context":"https:\/\/schema.org","@graph":[{"@type":"WebPage","@id":"https:\/\/www.miomiorun.com\/es\/producto\/nathan-cordones-para-correr\/","url":"https:\/\/www.miomiorun.com\/es\/producto\/nathan-cordones-para-correr\/","name":"Nathan Cordones para correr - Cordones para correr - MioMioRun .com","isPartOf":{"@id":"https:\/\/www.miomiorun.com\/es\/#website"},"primaryImageOfPage":{"@id":"https:\/\/www.miomiorun.com\/es\/producto\/nathan-cordones-para-correr\/#primaryimage"},"image":{"@id":"https:\/\/www.miomiorun.com\/es\/producto\/nathan-cordones-para-correr\/#primaryimage"},"thumbnailUrl":"https:\/\/www.miomiorun.com\/app\/uploads\/2020\/09\/nathan-run-laces-green.jpg","datePublished":"2020-09-29T09:45:55+00:00","dateModified":"2026-04-29T14:14:55+00:00","description":"\u00a1Dale un toque de color a tus zapatillas con estos cordones! Ideales para corredores, excursionistas, triatletas, ni\u00f1os y personas mayores.","breadcrumb":{"@id":"https:\/\/www.miomiorun.com\/es\/producto\/nathan-cordones-para-correr\/#breadcrumb"},"inLanguage":"es-ES","potentialAction":[{"@type":"ReadAction","target":["https:\/\/www.miomiorun.com\/es\/producto\/nathan-cordones-para-correr\/"]}]},{"@type":"ImageObject","inLanguage":"es-ES","@id":"https:\/\/www.miomiorun.com\/es\/producto\/nathan-cordones-para-correr\/#primaryimage","url":"https:\/\/www.miomiorun.com\/app\/uploads\/2020\/09\/nathan-run-laces-green.jpg","contentUrl":"https:\/\/www.miomiorun.com\/app\/uploads\/2020\/09\/nathan-run-laces-green.jpg","width":600,"height":600,"caption":"nathan-run-laces-green"},{"@type":"BreadcrumbList","@id":"https:\/\/www.miomiorun.com\/es\/producto\/nathan-cordones-para-correr\/#breadcrumb","itemListElement":[{"@type":"ListItem","position":1,"name":"Home","item":"https:\/\/www.miomiorun.com\/es\/"},{"@type":"ListItem","position":2,"name":"Shop","item":"https:\/\/www.miomiorun.com\/shop\/"},{"@type":"ListItem","position":3,"name":"Cordones para correr"}]},{"@type":"WebSite","@id":"https:\/\/www.miomiorun.com\/es\/#website","url":"https:\/\/www.miomiorun.com\/es\/","name":"MioMioRun","description":"Tienda 100% running y trail","publisher":{"@id":"https:\/\/www.miomiorun.com\/es\/#organization"},"potentialAction":[{"@type":"SearchAction","target":{"@type":"EntryPoint","urlTemplate":"https:\/\/www.miomiorun.com\/es\/?s={search_term_string}"},"query-input":{"@type":"PropertyValueSpecification","valueRequired":true,"valueName":"search_term_string"}}],"inLanguage":"es-ES"},{"@type":"Organization","@id":"https:\/\/www.miomiorun.com\/es\/#organization","name":"MioMio Run","url":"https:\/\/www.miomiorun.com\/es\/","logo":{"@type":"ImageObject","inLanguage":"es-ES","@id":"https:\/\/www.miomiorun.com\/es\/#\/schema\/logo\/image\/","url":"https:\/\/www.miomiorun.com\/app\/uploads\/2019\/12\/logomio.png","contentUrl":"https:\/\/www.miomiorun.com\/app\/uploads\/2019\/12\/logomio.png","width":115,"height":82,"caption":"MioMio Run"},"image":{"@id":"https:\/\/www.miomiorun.com\/es\/#\/schema\/logo\/image\/"},"sameAs":["https:\/\/www.facebook.com\/miomiorun\/","https:\/\/www.instagram.com\/miomiorun\/"]}]}},"_links":{"self":[{"href":"https:\/\/www.miomiorun.com\/es\/wp-json\/wp\/v2\/product\/275724","targetHints":{"allow":["GET"]}}],"collection":[{"href":"https:\/\/www.miomiorun.com\/es\/wp-json\/wp\/v2\/product"}],"about":[{"href":"https:\/\/www.miomiorun.com\/es\/wp-json\/wp\/v2\/types\/product"}],"wp:featuredmedia":[{"embeddable":true,"href":"https:\/\/www.miomiorun.com\/es\/wp-json\/wp\/v2\/media\/230616"}],"wp:attachment":[{"href":"https:\/\/www.miomiorun.com\/es\/wp-json\/wp\/v2\/media?parent=275724"}],"wp:term":[{"taxonomy":"product_brand","embeddable":true,"href":"https:\/\/www.miomiorun.com\/es\/wp-json\/wp\/v2\/product_brand?post=275724"},{"taxonomy":"product_cat","embeddable":true,"href":"https:\/\/www.miomiorun.com\/es\/wp-json\/wp\/v2\/product_cat?post=275724"},{"taxonomy":"product_tag","embeddable":true,"href":"https:\/\/www.miomiorun.com\/es\/wp-json\/wp\/v2\/product_tag?post=275724"}],"curies":[{"name":"wp","href":"https:\/\/api.w.org\/{rel}","templated":true}]}}