{"id":275693,"date":"2020-09-29T18:59:11","date_gmt":"2020-09-29T16:59:11","guid":{"rendered":"https:\/\/miomiorun.com\/prodotto\/nathan-hammerhead-532-ml\/"},"modified":"2026-04-29T16:16:07","modified_gmt":"2026-04-29T14:16:07","slug":"nathan-hammerhead-532-ml","status":"publish","type":"product","link":"https:\/\/www.miomiorun.com\/es\/producto\/nathan-hammerhead-532-ml\/","title":{"rendered":"HammerHead 532 ml botella"},"content":{"rendered":"<p>El aislamiento innovador se une al robusto dise\u00f1o redondo y cuadrado en estas atrevidas y elegantes botellas de acero con triple aislamiento.<br \/>\nNo aptas para el lavavajillas.<\/p>\n<ul>\n<li>Acero inoxidable 18\/8 de doble pared aislada<\/li>\n<li>Mantiene los l\u00edquidos fr\u00edos durante 35 horas y calientes durante 15 horas<\/li>\n<li>Sin condensaci\u00f3n ni sudoraci\u00f3n<\/li>\n<li>Aislamiento triple para la retenci\u00f3n del calor<\/li>\n<li>Tapa aislante de boca ancha para llenar y limpiar<\/li>\n<li>Tapa aislante de boca estrecha para beber a sorbos<\/li>\n<li>Base antideslizante de TPE<\/li>\n<li>Sin BPA y sin plomo<\/li>\n<\/ul>\n","protected":false},"excerpt":{"rendered":"<p>El aislamiento innovador se une al robusto dise\u00f1o redondo y cuadrado en estas atrevidas y elegantes botellas de acero con triple aislamiento. No aptas para el lavavajillas. Acero inoxidable 18\/8 de doble pared aislada Mantiene los l\u00edquidos fr\u00edos durante 35 horas y calientes durante 15 horas Sin condensaci\u00f3n ni sudoraci\u00f3n Aislamiento triple para la retenci\u00f3n &hellip; <a href=\"https:\/\/www.miomiorun.com\/es\/producto\/nathan-hammerhead-532-ml\/\">Continued<\/a><\/p>\n","protected":false},"featured_media":230638,"template":"","meta":{"_acf_changed":false,"inline_featured_image":false},"product_brand":[],"product_cat":[24205,24217,24216],"product_tag":[23510],"class_list":{"0":"post-275693","1":"product","2":"type-product","3":"status-publish","4":"has-post-thumbnail","6":"product_cat-accesorios","7":"product_cat-frascos","8":"product_cat-hidratacion","9":"product_tag-nathan-es","10":"pa_attivita-outdoor-es","11":"pa_colore-hammerhead-532ml-black-es","12":"pa_colore-hammerhead-532ml-sangria-es","13":"pa_marca-nathan-es","14":"pa_sesso-hombre","15":"pa_sesso-mujer","17":"first","18":"instock","19":"sale","20":"taxable","21":"shipping-taxable","22":"purchasable","23":"product-type-variable","24":"wvs-archive-product-wrapper"},"acf":[],"yoast_head":"<!-- This site is optimized with the Yoast SEO plugin v26.8 - https:\/\/yoast.com\/product\/yoast-seo-wordpress\/ -->\n<title>Nathan HammerHead 532 ml botella - botella - MioMioRun.com<\/title>\n<meta name=\"description\" content=\"El aislamiento innovador se combina con el robusto dise\u00f1o redondo y cuadrado en estas atrevidas y elegantes botellas de acero con triple aislamiento.\" \/>\n<meta name=\"robots\" content=\"index, follow, max-snippet:-1, max-image-preview:large, max-video-preview:-1\" \/>\n<link rel=\"canonical\" href=\"https:\/\/www.miomiorun.com\/es\/producto\/nathan-hammerhead-532-ml\/\" \/>\n<meta property=\"og:locale\" content=\"es_ES\" \/>\n<meta property=\"og:type\" content=\"article\" \/>\n<meta property=\"og:title\" content=\"Nathan HammerHead 532 ml botella - botella - MioMioRun.com\" \/>\n<meta property=\"og:description\" content=\"El aislamiento innovador se combina con el robusto dise\u00f1o redondo y cuadrado en estas atrevidas y elegantes botellas de acero con triple aislamiento.\" \/>\n<meta property=\"og:url\" content=\"https:\/\/www.miomiorun.com\/es\/producto\/nathan-hammerhead-532-ml\/\" \/>\n<meta property=\"og:site_name\" content=\"MioMioRun\" \/>\n<meta property=\"article:publisher\" content=\"https:\/\/www.facebook.com\/miomiorun\/\" \/>\n<meta property=\"article:modified_time\" content=\"2026-04-29T14:16:07+00:00\" \/>\n<meta property=\"og:image\" content=\"https:\/\/www.miomiorun.com\/app\/uploads\/2020\/09\/Nathan-HammerHead-532ml-black.jpg\" \/>\n\t<meta property=\"og:image:width\" content=\"600\" \/>\n\t<meta property=\"og:image:height\" content=\"600\" \/>\n\t<meta property=\"og:image:type\" content=\"image\/jpeg\" \/>\n<meta name=\"twitter:card\" content=\"summary_large_image\" \/>\n<script type=\"application\/ld+json\" class=\"yoast-schema-graph\">{\"@context\":\"https:\/\/schema.org\",\"@graph\":[{\"@type\":\"WebPage\",\"@id\":\"https:\/\/www.miomiorun.com\/es\/producto\/nathan-hammerhead-532-ml\/\",\"url\":\"https:\/\/www.miomiorun.com\/es\/producto\/nathan-hammerhead-532-ml\/\",\"name\":\"Nathan HammerHead 532 ml botella - botella - MioMioRun.com\",\"isPartOf\":{\"@id\":\"https:\/\/www.miomiorun.com\/es\/#website\"},\"primaryImageOfPage\":{\"@id\":\"https:\/\/www.miomiorun.com\/es\/producto\/nathan-hammerhead-532-ml\/#primaryimage\"},\"image\":{\"@id\":\"https:\/\/www.miomiorun.com\/es\/producto\/nathan-hammerhead-532-ml\/#primaryimage\"},\"thumbnailUrl\":\"https:\/\/www.miomiorun.com\/app\/uploads\/2020\/09\/Nathan-HammerHead-532ml-black.jpg\",\"datePublished\":\"2020-09-29T16:59:11+00:00\",\"dateModified\":\"2026-04-29T14:16:07+00:00\",\"description\":\"El aislamiento innovador se combina con el robusto dise\u00f1o redondo y cuadrado en estas atrevidas y elegantes botellas de acero con triple aislamiento.\",\"breadcrumb\":{\"@id\":\"https:\/\/www.miomiorun.com\/es\/producto\/nathan-hammerhead-532-ml\/#breadcrumb\"},\"inLanguage\":\"es-ES\",\"potentialAction\":[{\"@type\":\"ReadAction\",\"target\":[\"https:\/\/www.miomiorun.com\/es\/producto\/nathan-hammerhead-532-ml\/\"]}]},{\"@type\":\"ImageObject\",\"inLanguage\":\"es-ES\",\"@id\":\"https:\/\/www.miomiorun.com\/es\/producto\/nathan-hammerhead-532-ml\/#primaryimage\",\"url\":\"https:\/\/www.miomiorun.com\/app\/uploads\/2020\/09\/Nathan-HammerHead-532ml-black.jpg\",\"contentUrl\":\"https:\/\/www.miomiorun.com\/app\/uploads\/2020\/09\/Nathan-HammerHead-532ml-black.jpg\",\"width\":600,\"height\":600,\"caption\":\"Nathan-HammerHead-532ml-black\"},{\"@type\":\"BreadcrumbList\",\"@id\":\"https:\/\/www.miomiorun.com\/es\/producto\/nathan-hammerhead-532-ml\/#breadcrumb\",\"itemListElement\":[{\"@type\":\"ListItem\",\"position\":1,\"name\":\"Home\",\"item\":\"https:\/\/www.miomiorun.com\/es\/\"},{\"@type\":\"ListItem\",\"position\":2,\"name\":\"Shop\",\"item\":\"https:\/\/www.miomiorun.com\/shop\/\"},{\"@type\":\"ListItem\",\"position\":3,\"name\":\"HammerHead 532 ml botella\"}]},{\"@type\":\"WebSite\",\"@id\":\"https:\/\/www.miomiorun.com\/es\/#website\",\"url\":\"https:\/\/www.miomiorun.com\/es\/\",\"name\":\"MioMioRun\",\"description\":\"Tienda 100% running y trail\",\"publisher\":{\"@id\":\"https:\/\/www.miomiorun.com\/es\/#organization\"},\"potentialAction\":[{\"@type\":\"SearchAction\",\"target\":{\"@type\":\"EntryPoint\",\"urlTemplate\":\"https:\/\/www.miomiorun.com\/es\/?s={search_term_string}\"},\"query-input\":{\"@type\":\"PropertyValueSpecification\",\"valueRequired\":true,\"valueName\":\"search_term_string\"}}],\"inLanguage\":\"es-ES\"},{\"@type\":\"Organization\",\"@id\":\"https:\/\/www.miomiorun.com\/es\/#organization\",\"name\":\"MioMio Run\",\"url\":\"https:\/\/www.miomiorun.com\/es\/\",\"logo\":{\"@type\":\"ImageObject\",\"inLanguage\":\"es-ES\",\"@id\":\"https:\/\/www.miomiorun.com\/es\/#\/schema\/logo\/image\/\",\"url\":\"https:\/\/www.miomiorun.com\/app\/uploads\/2019\/12\/logomio.png\",\"contentUrl\":\"https:\/\/www.miomiorun.com\/app\/uploads\/2019\/12\/logomio.png\",\"width\":115,\"height\":82,\"caption\":\"MioMio Run\"},\"image\":{\"@id\":\"https:\/\/www.miomiorun.com\/es\/#\/schema\/logo\/image\/\"},\"sameAs\":[\"https:\/\/www.facebook.com\/miomiorun\/\",\"https:\/\/www.instagram.com\/miomiorun\/\"]}]}<\/script>\n<!-- \/ Yoast SEO plugin. -->","yoast_head_json":{"title":"Nathan HammerHead 532 ml botella - botella - MioMioRun.com","description":"El aislamiento innovador se combina con el robusto dise\u00f1o redondo y cuadrado en estas atrevidas y elegantes botellas de acero con triple aislamiento.","robots":{"index":"index","follow":"follow","max-snippet":"max-snippet:-1","max-image-preview":"max-image-preview:large","max-video-preview":"max-video-preview:-1"},"canonical":"https:\/\/www.miomiorun.com\/es\/producto\/nathan-hammerhead-532-ml\/","og_locale":"es_ES","og_type":"article","og_title":"Nathan HammerHead 532 ml botella - botella - MioMioRun.com","og_description":"El aislamiento innovador se combina con el robusto dise\u00f1o redondo y cuadrado en estas atrevidas y elegantes botellas de acero con triple aislamiento.","og_url":"https:\/\/www.miomiorun.com\/es\/producto\/nathan-hammerhead-532-ml\/","og_site_name":"MioMioRun","article_publisher":"https:\/\/www.facebook.com\/miomiorun\/","article_modified_time":"2026-04-29T14:16:07+00:00","og_image":[{"width":600,"height":600,"url":"https:\/\/www.miomiorun.com\/app\/uploads\/2020\/09\/Nathan-HammerHead-532ml-black.jpg","type":"image\/jpeg"}],"twitter_card":"summary_large_image","schema":{"@context":"https:\/\/schema.org","@graph":[{"@type":"WebPage","@id":"https:\/\/www.miomiorun.com\/es\/producto\/nathan-hammerhead-532-ml\/","url":"https:\/\/www.miomiorun.com\/es\/producto\/nathan-hammerhead-532-ml\/","name":"Nathan HammerHead 532 ml botella - botella - MioMioRun.com","isPartOf":{"@id":"https:\/\/www.miomiorun.com\/es\/#website"},"primaryImageOfPage":{"@id":"https:\/\/www.miomiorun.com\/es\/producto\/nathan-hammerhead-532-ml\/#primaryimage"},"image":{"@id":"https:\/\/www.miomiorun.com\/es\/producto\/nathan-hammerhead-532-ml\/#primaryimage"},"thumbnailUrl":"https:\/\/www.miomiorun.com\/app\/uploads\/2020\/09\/Nathan-HammerHead-532ml-black.jpg","datePublished":"2020-09-29T16:59:11+00:00","dateModified":"2026-04-29T14:16:07+00:00","description":"El aislamiento innovador se combina con el robusto dise\u00f1o redondo y cuadrado en estas atrevidas y elegantes botellas de acero con triple aislamiento.","breadcrumb":{"@id":"https:\/\/www.miomiorun.com\/es\/producto\/nathan-hammerhead-532-ml\/#breadcrumb"},"inLanguage":"es-ES","potentialAction":[{"@type":"ReadAction","target":["https:\/\/www.miomiorun.com\/es\/producto\/nathan-hammerhead-532-ml\/"]}]},{"@type":"ImageObject","inLanguage":"es-ES","@id":"https:\/\/www.miomiorun.com\/es\/producto\/nathan-hammerhead-532-ml\/#primaryimage","url":"https:\/\/www.miomiorun.com\/app\/uploads\/2020\/09\/Nathan-HammerHead-532ml-black.jpg","contentUrl":"https:\/\/www.miomiorun.com\/app\/uploads\/2020\/09\/Nathan-HammerHead-532ml-black.jpg","width":600,"height":600,"caption":"Nathan-HammerHead-532ml-black"},{"@type":"BreadcrumbList","@id":"https:\/\/www.miomiorun.com\/es\/producto\/nathan-hammerhead-532-ml\/#breadcrumb","itemListElement":[{"@type":"ListItem","position":1,"name":"Home","item":"https:\/\/www.miomiorun.com\/es\/"},{"@type":"ListItem","position":2,"name":"Shop","item":"https:\/\/www.miomiorun.com\/shop\/"},{"@type":"ListItem","position":3,"name":"HammerHead 532 ml botella"}]},{"@type":"WebSite","@id":"https:\/\/www.miomiorun.com\/es\/#website","url":"https:\/\/www.miomiorun.com\/es\/","name":"MioMioRun","description":"Tienda 100% running y trail","publisher":{"@id":"https:\/\/www.miomiorun.com\/es\/#organization"},"potentialAction":[{"@type":"SearchAction","target":{"@type":"EntryPoint","urlTemplate":"https:\/\/www.miomiorun.com\/es\/?s={search_term_string}"},"query-input":{"@type":"PropertyValueSpecification","valueRequired":true,"valueName":"search_term_string"}}],"inLanguage":"es-ES"},{"@type":"Organization","@id":"https:\/\/www.miomiorun.com\/es\/#organization","name":"MioMio Run","url":"https:\/\/www.miomiorun.com\/es\/","logo":{"@type":"ImageObject","inLanguage":"es-ES","@id":"https:\/\/www.miomiorun.com\/es\/#\/schema\/logo\/image\/","url":"https:\/\/www.miomiorun.com\/app\/uploads\/2019\/12\/logomio.png","contentUrl":"https:\/\/www.miomiorun.com\/app\/uploads\/2019\/12\/logomio.png","width":115,"height":82,"caption":"MioMio Run"},"image":{"@id":"https:\/\/www.miomiorun.com\/es\/#\/schema\/logo\/image\/"},"sameAs":["https:\/\/www.facebook.com\/miomiorun\/","https:\/\/www.instagram.com\/miomiorun\/"]}]}},"_links":{"self":[{"href":"https:\/\/www.miomiorun.com\/es\/wp-json\/wp\/v2\/product\/275693","targetHints":{"allow":["GET"]}}],"collection":[{"href":"https:\/\/www.miomiorun.com\/es\/wp-json\/wp\/v2\/product"}],"about":[{"href":"https:\/\/www.miomiorun.com\/es\/wp-json\/wp\/v2\/types\/product"}],"wp:featuredmedia":[{"embeddable":true,"href":"https:\/\/www.miomiorun.com\/es\/wp-json\/wp\/v2\/media\/230638"}],"wp:attachment":[{"href":"https:\/\/www.miomiorun.com\/es\/wp-json\/wp\/v2\/media?parent=275693"}],"wp:term":[{"taxonomy":"product_brand","embeddable":true,"href":"https:\/\/www.miomiorun.com\/es\/wp-json\/wp\/v2\/product_brand?post=275693"},{"taxonomy":"product_cat","embeddable":true,"href":"https:\/\/www.miomiorun.com\/es\/wp-json\/wp\/v2\/product_cat?post=275693"},{"taxonomy":"product_tag","embeddable":true,"href":"https:\/\/www.miomiorun.com\/es\/wp-json\/wp\/v2\/product_tag?post=275693"}],"curies":[{"name":"wp","href":"https:\/\/api.w.org\/{rel}","templated":true}]}}