{"id":275679,"date":"2020-09-30T17:26:28","date_gmt":"2020-09-30T15:26:28","guid":{"rendered":"https:\/\/miomiorun.com\/prodotto\/nathan-saferrun-ripcord\/"},"modified":"2026-04-29T16:18:08","modified_gmt":"2026-04-29T14:18:08","slug":"nathan-saferrun-ripcord","status":"publish","type":"product","link":"https:\/\/www.miomiorun.com\/es\/producto\/nathan-saferrun-ripcord\/","title":{"rendered":"SaferRun Ripcord"},"content":{"rendered":"<p>La alarma personal SaferRun Ripcord Siren es un dispositivo del tama\u00f1o de un pulgar que emite un sonido en caso de emergencia. Basta con tirar de una leng\u00fceta para que suene una alarma de 120 dB que indica que el corredor est\u00e1 en peligro, tan fuerte como la sirena de una ambulancia y audible a m\u00e1s de 180 metros. Este peque\u00f1o sistema de alarma act\u00faa como elemento disuasorio y puede alertar a otras personas en caso de accidente.<\/p>\n<div class=\"elementor-element elementor-element-501e720 elementor-column elementor-col-50 elementor-inner-column\" data-id=\"501e720\" data-element_type=\"column\">\n<div class=\"elementor-column-wrap elementor-element-populated\">\n<div class=\"elementor-widget-wrap\">\n<div class=\"elementor-element elementor-element-d87518f elementor-widget elementor-widget-heading\" data-id=\"d87518f\" data-element_type=\"widget\" data-widget_type=\"heading.default\">\n<div class=\"elementor-widget-container\">\n<h3 class=\"elementor-heading-title elementor-size-default\">\u00a1Tu peque\u00f1o guardaespaldas personal! \u00a1Muy ruidoso, f\u00e1cil de usar y r\u00e1pido!<\/h3>\n<\/div>\n<\/div>\n<div class=\"elementor-element elementor-element-675b9bd elementor-icon-list--layout-traditional elementor-widget elementor-widget-icon-list\" data-id=\"675b9bd\" data-element_type=\"widget\" data-widget_type=\"icon-list.default\">\n<div class=\"elementor-widget-container\">\n<ul class=\"elementor-icon-list-items\">\n<li class=\"elementor-icon-list-item\"><i class=\"far fa-check-circle\" aria-hidden=\"true\" data-wg-notranslate=\"\"><\/i> <span class=\"elementor-icon-list-text\">Clip de seguridad para correr, caminar, hacer senderismo, montar en bicicleta o incluso dar un paseo por la ciudad, y mucho m\u00e1s<\/span><\/li>\n<li class=\"elementor-icon-list-item\"><i class=\"far fa-check-circle\" aria-hidden=\"true\" data-wg-notranslate=\"\"><\/i> <span class=\"elementor-icon-list-text\">Alarma personal de 120 dB: audible a m\u00e1s de 180 metros<\/span><\/li>\n<li class=\"elementor-icon-list-item\"><i class=\"far fa-check-circle\" aria-hidden=\"true\" data-wg-notranslate=\"\"><\/i> <span class=\"elementor-icon-list-text\">\u00a1Reutilizable y muy f\u00e1cil de usar! \u00a1Pod\u00e9is probarlo y aprender a utilizarlo antes de tener que hacerlo!<\/span><\/li>\n<li class=\"elementor-icon-list-item\"><i class=\"far fa-check-circle\" aria-hidden=\"true\" data-wg-notranslate=\"\"><\/i> <span class=\"elementor-icon-list-text\">Tira de la cuerda para activarla si te sientes inc\u00f3modo o en caso de emergencia, con el fin de avisar a los dem\u00e1s de tu situaci\u00f3n. Ap\u00e1gala y vuelve a utilizarla si es necesario.<\/span><\/li>\n<\/ul>\n<\/div>\n<\/div>\n<\/div>\n<\/div>\n<\/div>\n","protected":false},"excerpt":{"rendered":"<p>La alarma personal SaferRun Ripcord Siren es un dispositivo del tama\u00f1o de un pulgar que emite un sonido en caso de emergencia. Basta con tirar de una leng\u00fceta para que suene una alarma de 120 dB que indica que el corredor est\u00e1 en peligro, tan fuerte como la sirena de una ambulancia y audible a &hellip; <a href=\"https:\/\/www.miomiorun.com\/es\/producto\/nathan-saferrun-ripcord\/\">Continued<\/a><\/p>\n","protected":false},"featured_media":230642,"template":"","meta":{"_acf_changed":false,"inline_featured_image":false},"product_brand":[],"product_cat":[24205,24419],"product_tag":[23510],"class_list":{"0":"post-275679","1":"product","2":"type-product","3":"status-publish","4":"has-post-thumbnail","6":"product_cat-accesorios","7":"product_cat-varios","8":"product_tag-nathan-es","9":"pa_attivita-caminar","10":"pa_attivita-outdoor-es","11":"pa_attivita-running-es","12":"pa_attivita-trail-es","13":"pa_marca-nathan-es","14":"pa_sesso-hombre","15":"pa_sesso-mujer","17":"first","18":"instock","19":"sale","20":"taxable","21":"shipping-taxable","22":"purchasable","23":"product-type-simple"},"acf":[],"yoast_head":"<!-- This site is optimized with the Yoast SEO plugin v26.8 - https:\/\/yoast.com\/product\/yoast-seo-wordpress\/ -->\n<title>Nathan SaferRun Ripcord - Accesorios para correr - MioMioRun<\/title>\n<meta name=\"description\" content=\"La alarma personal SaferRun Ripcord Siren es un dispositivo del tama\u00f1o de un pulgar que emite un sonido en caso de emergencia.\" \/>\n<meta name=\"robots\" content=\"index, follow, max-snippet:-1, max-image-preview:large, max-video-preview:-1\" \/>\n<link rel=\"canonical\" href=\"https:\/\/www.miomiorun.com\/es\/producto\/nathan-saferrun-ripcord\/\" \/>\n<meta property=\"og:locale\" content=\"es_ES\" \/>\n<meta property=\"og:type\" content=\"article\" \/>\n<meta property=\"og:title\" content=\"Nathan SaferRun Ripcord - Accesorios para correr - MioMioRun\" \/>\n<meta property=\"og:description\" content=\"La alarma personal SaferRun Ripcord Siren es un dispositivo del tama\u00f1o de un pulgar que emite un sonido en caso de emergencia.\" \/>\n<meta property=\"og:url\" content=\"https:\/\/www.miomiorun.com\/es\/producto\/nathan-saferrun-ripcord\/\" \/>\n<meta property=\"og:site_name\" content=\"MioMioRun\" \/>\n<meta property=\"article:publisher\" content=\"https:\/\/www.facebook.com\/miomiorun\/\" \/>\n<meta property=\"article:modified_time\" content=\"2026-04-29T14:18:08+00:00\" \/>\n<meta property=\"og:image\" content=\"https:\/\/www.miomiorun.com\/app\/uploads\/2020\/09\/nathan-Ripcord-Alarm.jpg\" \/>\n\t<meta property=\"og:image:width\" content=\"600\" \/>\n\t<meta property=\"og:image:height\" content=\"600\" \/>\n\t<meta property=\"og:image:type\" content=\"image\/jpeg\" \/>\n<meta name=\"twitter:card\" content=\"summary_large_image\" \/>\n<meta name=\"twitter:label1\" content=\"Est. reading time\" \/>\n\t<meta name=\"twitter:data1\" content=\"1 minute\" \/>\n<script type=\"application\/ld+json\" class=\"yoast-schema-graph\">{\"@context\":\"https:\/\/schema.org\",\"@graph\":[{\"@type\":\"WebPage\",\"@id\":\"https:\/\/www.miomiorun.com\/es\/producto\/nathan-saferrun-ripcord\/\",\"url\":\"https:\/\/www.miomiorun.com\/es\/producto\/nathan-saferrun-ripcord\/\",\"name\":\"Nathan SaferRun Ripcord - Accesorios para correr - MioMioRun\",\"isPartOf\":{\"@id\":\"https:\/\/www.miomiorun.com\/es\/#website\"},\"primaryImageOfPage\":{\"@id\":\"https:\/\/www.miomiorun.com\/es\/producto\/nathan-saferrun-ripcord\/#primaryimage\"},\"image\":{\"@id\":\"https:\/\/www.miomiorun.com\/es\/producto\/nathan-saferrun-ripcord\/#primaryimage\"},\"thumbnailUrl\":\"https:\/\/www.miomiorun.com\/app\/uploads\/2020\/09\/nathan-Ripcord-Alarm.jpg\",\"datePublished\":\"2020-09-30T15:26:28+00:00\",\"dateModified\":\"2026-04-29T14:18:08+00:00\",\"description\":\"La alarma personal SaferRun Ripcord Siren es un dispositivo del tama\u00f1o de un pulgar que emite un sonido en caso de emergencia.\",\"breadcrumb\":{\"@id\":\"https:\/\/www.miomiorun.com\/es\/producto\/nathan-saferrun-ripcord\/#breadcrumb\"},\"inLanguage\":\"es-ES\",\"potentialAction\":[{\"@type\":\"ReadAction\",\"target\":[\"https:\/\/www.miomiorun.com\/es\/producto\/nathan-saferrun-ripcord\/\"]}]},{\"@type\":\"ImageObject\",\"inLanguage\":\"es-ES\",\"@id\":\"https:\/\/www.miomiorun.com\/es\/producto\/nathan-saferrun-ripcord\/#primaryimage\",\"url\":\"https:\/\/www.miomiorun.com\/app\/uploads\/2020\/09\/nathan-Ripcord-Alarm.jpg\",\"contentUrl\":\"https:\/\/www.miomiorun.com\/app\/uploads\/2020\/09\/nathan-Ripcord-Alarm.jpg\",\"width\":600,\"height\":600,\"caption\":\"nathan-Ripcord-Alarm\"},{\"@type\":\"BreadcrumbList\",\"@id\":\"https:\/\/www.miomiorun.com\/es\/producto\/nathan-saferrun-ripcord\/#breadcrumb\",\"itemListElement\":[{\"@type\":\"ListItem\",\"position\":1,\"name\":\"Home\",\"item\":\"https:\/\/www.miomiorun.com\/es\/\"},{\"@type\":\"ListItem\",\"position\":2,\"name\":\"Shop\",\"item\":\"https:\/\/www.miomiorun.com\/shop\/\"},{\"@type\":\"ListItem\",\"position\":3,\"name\":\"SaferRun Ripcord\"}]},{\"@type\":\"WebSite\",\"@id\":\"https:\/\/www.miomiorun.com\/es\/#website\",\"url\":\"https:\/\/www.miomiorun.com\/es\/\",\"name\":\"MioMioRun\",\"description\":\"Tienda 100% running y trail\",\"publisher\":{\"@id\":\"https:\/\/www.miomiorun.com\/es\/#organization\"},\"potentialAction\":[{\"@type\":\"SearchAction\",\"target\":{\"@type\":\"EntryPoint\",\"urlTemplate\":\"https:\/\/www.miomiorun.com\/es\/?s={search_term_string}\"},\"query-input\":{\"@type\":\"PropertyValueSpecification\",\"valueRequired\":true,\"valueName\":\"search_term_string\"}}],\"inLanguage\":\"es-ES\"},{\"@type\":\"Organization\",\"@id\":\"https:\/\/www.miomiorun.com\/es\/#organization\",\"name\":\"MioMio Run\",\"url\":\"https:\/\/www.miomiorun.com\/es\/\",\"logo\":{\"@type\":\"ImageObject\",\"inLanguage\":\"es-ES\",\"@id\":\"https:\/\/www.miomiorun.com\/es\/#\/schema\/logo\/image\/\",\"url\":\"https:\/\/www.miomiorun.com\/app\/uploads\/2019\/12\/logomio.png\",\"contentUrl\":\"https:\/\/www.miomiorun.com\/app\/uploads\/2019\/12\/logomio.png\",\"width\":115,\"height\":82,\"caption\":\"MioMio Run\"},\"image\":{\"@id\":\"https:\/\/www.miomiorun.com\/es\/#\/schema\/logo\/image\/\"},\"sameAs\":[\"https:\/\/www.facebook.com\/miomiorun\/\",\"https:\/\/www.instagram.com\/miomiorun\/\"]}]}<\/script>\n<!-- \/ Yoast SEO plugin. -->","yoast_head_json":{"title":"Nathan SaferRun Ripcord - Accesorios para correr - MioMioRun","description":"La alarma personal SaferRun Ripcord Siren es un dispositivo del tama\u00f1o de un pulgar que emite un sonido en caso de emergencia.","robots":{"index":"index","follow":"follow","max-snippet":"max-snippet:-1","max-image-preview":"max-image-preview:large","max-video-preview":"max-video-preview:-1"},"canonical":"https:\/\/www.miomiorun.com\/es\/producto\/nathan-saferrun-ripcord\/","og_locale":"es_ES","og_type":"article","og_title":"Nathan SaferRun Ripcord - Accesorios para correr - MioMioRun","og_description":"La alarma personal SaferRun Ripcord Siren es un dispositivo del tama\u00f1o de un pulgar que emite un sonido en caso de emergencia.","og_url":"https:\/\/www.miomiorun.com\/es\/producto\/nathan-saferrun-ripcord\/","og_site_name":"MioMioRun","article_publisher":"https:\/\/www.facebook.com\/miomiorun\/","article_modified_time":"2026-04-29T14:18:08+00:00","og_image":[{"width":600,"height":600,"url":"https:\/\/www.miomiorun.com\/app\/uploads\/2020\/09\/nathan-Ripcord-Alarm.jpg","type":"image\/jpeg"}],"twitter_card":"summary_large_image","twitter_misc":{"Est. reading time":"1 minute"},"schema":{"@context":"https:\/\/schema.org","@graph":[{"@type":"WebPage","@id":"https:\/\/www.miomiorun.com\/es\/producto\/nathan-saferrun-ripcord\/","url":"https:\/\/www.miomiorun.com\/es\/producto\/nathan-saferrun-ripcord\/","name":"Nathan SaferRun Ripcord - Accesorios para correr - MioMioRun","isPartOf":{"@id":"https:\/\/www.miomiorun.com\/es\/#website"},"primaryImageOfPage":{"@id":"https:\/\/www.miomiorun.com\/es\/producto\/nathan-saferrun-ripcord\/#primaryimage"},"image":{"@id":"https:\/\/www.miomiorun.com\/es\/producto\/nathan-saferrun-ripcord\/#primaryimage"},"thumbnailUrl":"https:\/\/www.miomiorun.com\/app\/uploads\/2020\/09\/nathan-Ripcord-Alarm.jpg","datePublished":"2020-09-30T15:26:28+00:00","dateModified":"2026-04-29T14:18:08+00:00","description":"La alarma personal SaferRun Ripcord Siren es un dispositivo del tama\u00f1o de un pulgar que emite un sonido en caso de emergencia.","breadcrumb":{"@id":"https:\/\/www.miomiorun.com\/es\/producto\/nathan-saferrun-ripcord\/#breadcrumb"},"inLanguage":"es-ES","potentialAction":[{"@type":"ReadAction","target":["https:\/\/www.miomiorun.com\/es\/producto\/nathan-saferrun-ripcord\/"]}]},{"@type":"ImageObject","inLanguage":"es-ES","@id":"https:\/\/www.miomiorun.com\/es\/producto\/nathan-saferrun-ripcord\/#primaryimage","url":"https:\/\/www.miomiorun.com\/app\/uploads\/2020\/09\/nathan-Ripcord-Alarm.jpg","contentUrl":"https:\/\/www.miomiorun.com\/app\/uploads\/2020\/09\/nathan-Ripcord-Alarm.jpg","width":600,"height":600,"caption":"nathan-Ripcord-Alarm"},{"@type":"BreadcrumbList","@id":"https:\/\/www.miomiorun.com\/es\/producto\/nathan-saferrun-ripcord\/#breadcrumb","itemListElement":[{"@type":"ListItem","position":1,"name":"Home","item":"https:\/\/www.miomiorun.com\/es\/"},{"@type":"ListItem","position":2,"name":"Shop","item":"https:\/\/www.miomiorun.com\/shop\/"},{"@type":"ListItem","position":3,"name":"SaferRun Ripcord"}]},{"@type":"WebSite","@id":"https:\/\/www.miomiorun.com\/es\/#website","url":"https:\/\/www.miomiorun.com\/es\/","name":"MioMioRun","description":"Tienda 100% running y trail","publisher":{"@id":"https:\/\/www.miomiorun.com\/es\/#organization"},"potentialAction":[{"@type":"SearchAction","target":{"@type":"EntryPoint","urlTemplate":"https:\/\/www.miomiorun.com\/es\/?s={search_term_string}"},"query-input":{"@type":"PropertyValueSpecification","valueRequired":true,"valueName":"search_term_string"}}],"inLanguage":"es-ES"},{"@type":"Organization","@id":"https:\/\/www.miomiorun.com\/es\/#organization","name":"MioMio Run","url":"https:\/\/www.miomiorun.com\/es\/","logo":{"@type":"ImageObject","inLanguage":"es-ES","@id":"https:\/\/www.miomiorun.com\/es\/#\/schema\/logo\/image\/","url":"https:\/\/www.miomiorun.com\/app\/uploads\/2019\/12\/logomio.png","contentUrl":"https:\/\/www.miomiorun.com\/app\/uploads\/2019\/12\/logomio.png","width":115,"height":82,"caption":"MioMio Run"},"image":{"@id":"https:\/\/www.miomiorun.com\/es\/#\/schema\/logo\/image\/"},"sameAs":["https:\/\/www.facebook.com\/miomiorun\/","https:\/\/www.instagram.com\/miomiorun\/"]}]}},"_links":{"self":[{"href":"https:\/\/www.miomiorun.com\/es\/wp-json\/wp\/v2\/product\/275679","targetHints":{"allow":["GET"]}}],"collection":[{"href":"https:\/\/www.miomiorun.com\/es\/wp-json\/wp\/v2\/product"}],"about":[{"href":"https:\/\/www.miomiorun.com\/es\/wp-json\/wp\/v2\/types\/product"}],"wp:featuredmedia":[{"embeddable":true,"href":"https:\/\/www.miomiorun.com\/es\/wp-json\/wp\/v2\/media\/230642"}],"wp:attachment":[{"href":"https:\/\/www.miomiorun.com\/es\/wp-json\/wp\/v2\/media?parent=275679"}],"wp:term":[{"taxonomy":"product_brand","embeddable":true,"href":"https:\/\/www.miomiorun.com\/es\/wp-json\/wp\/v2\/product_brand?post=275679"},{"taxonomy":"product_cat","embeddable":true,"href":"https:\/\/www.miomiorun.com\/es\/wp-json\/wp\/v2\/product_cat?post=275679"},{"taxonomy":"product_tag","embeddable":true,"href":"https:\/\/www.miomiorun.com\/es\/wp-json\/wp\/v2\/product_tag?post=275679"}],"curies":[{"name":"wp","href":"https:\/\/api.w.org\/{rel}","templated":true}]}}