{"id":275672,"date":"2020-09-18T10:52:30","date_gmt":"2020-09-18T08:52:30","guid":{"rendered":"https:\/\/miomiorun.com\/prodotto\/la-sportiva-uragano-gtx-uomo\/"},"modified":"2026-04-22T16:31:41","modified_gmt":"2026-04-22T14:31:41","slug":"la-sportiva-uragano-gtx-hombre","status":"publish","type":"product","link":"https:\/\/www.miomiorun.com\/es\/producto\/la-sportiva-uragano-gtx-hombre\/","title":{"rendered":"Uragano GTX hombre"},"content":{"rendered":"<div class=\"vc-row container\"><div class=\"vc-column\"><div class=\"vc-column-text\"><\/p>\n<p><strong>Especificaciones t\u00e9cnicas<\/strong><\/p>\n<p>Categor\u00eda: amortiguaci\u00f3n superior<br \/>\nDesnivel: 10 mm<br \/>\nPeso: 350 g<br \/>\nIdeal para: amantes del running y el senderismo de monta\u00f1a que buscan un modelo vers\u00e1til capaz de garantizar tracci\u00f3n, protecci\u00f3n, impermeabilidad y comodidad, tanto en distancias largas como medias.<br \/>\nPeso del deportista: 70-80 kg<br \/>\nRitmo de carrera: medio-lento (&gt;5,00 min\/km)<br \/>\n<a href=\"https:\/\/miomiorun.com\/guida-alle-specifiche-tecniche\/\">Gu\u00eda de especificaciones t\u00e9cnicas<\/a><\/p>\n<p><\/div><\/div><div class=\"vc-column\"><div class=\"vc-column-text\">Calzado impermeable con polaina integrada, dise\u00f1ado para competiciones de Winter Running. Especialmente indicadas para su uso en terrenos todoterreno nevados y helados, est\u00e1n pensadas para todos los corredores de trail que necesitan un producto para competir en los meses de invierno.<br \/>\nLa suela adherente permite afrontar mejor las superficies resbaladizas y mantener el agarre en terrenos blandos o helados gracias a los tacos pronunciados y a la compatibilidad con los clavos extra\u00edbles AT-Grip Spike. La polaina repelente al agua Sock-Shield Gaiter\u2122 protege contra la entrada de piedras y barro, y el sistema de cordones integrado, r\u00e1pido e intuitivo, con bolsillo oculto para los cordones, agiliza las operaciones de calzado. El sistema de cordones est\u00e1 integrado en la estructura de la parte superior interna: esta soluci\u00f3n permite ajustar el volumen y el nivel de sujeci\u00f3n del calzado al pie para una carrera precisa y estable incluso en los tramos transversales. La ausencia total de costuras externas y la membrana superflexible, impermeable y transpirable de Gore-Tex hacen de Uragano el calzado perfecto para correr en invierno, destinado a los corredores de monta\u00f1a que se adentran en el mundo de las carreras de trail en invierno.<\/p>\n<p><b>Empeine:<\/b><br \/>\nmalla \u00fanica repelente al agua y resistente a la abrasi\u00f3n con estampado por sublimaci\u00f3n + Sock-Shield Gaiter\u2122<br \/>\n<b>Forro:<\/b><br \/>\nGore\u00ae Flex Construction<br \/>\n<b>Plantilla:<\/b><br \/>\nOrtholite Mountain Running Ergonomic 4 mm<br \/>\n<b>Entresuela:<\/b><br \/>\nMEMlex EVA inyectado con inserto estabilizador<br \/>\n<b>Suela:<\/b><br \/>\nMezcla FriXion AT compatible con clavos extra\u00edbles AT Grip Spikes<\/div><\/div><\/div>\n","protected":false},"excerpt":{"rendered":"","protected":false},"featured_media":230534,"template":"","meta":{"_acf_changed":false,"inline_featured_image":false},"product_brand":[],"product_cat":[24454,24451],"product_tag":[23598,23600],"class_list":{"0":"post-275672","1":"product","2":"type-product","3":"status-publish","4":"has-post-thumbnail","6":"product_cat-calzado-para-hombre","7":"product_cat-trail-es-3","8":"product_tag-la-sportiva-es","9":"product_tag-la-sportiva-hombre","10":"pa_attivita-outdoor-es","11":"pa_attivita-trail-es","12":"pa_colore-uragano-gtx-black-yellow-es","13":"pa_marca-la-sportiva-es","14":"pa_sesso-hombre","15":"pa_size-42-es","16":"pa_size-43-5-es","17":"pa_size-44-5-es","18":"pa_size-45-es","19":"pa_size-45-5-es","20":"pa_size-46-5-es","22":"first","23":"instock","24":"sale","25":"taxable","26":"shipping-taxable","27":"purchasable","28":"product-type-variable","29":"wvs-archive-product-wrapper"},"acf":[],"yoast_head":"<!-- This site is optimized with the Yoast SEO plugin v26.8 - https:\/\/yoast.com\/product\/yoast-seo-wordpress\/ -->\n<title>La sportiva Uragano GTX hombre - zapatillas de trail para hombre - MioMioRun<\/title>\n<meta name=\"description\" content=\"Descubre las La Sportiva Tempesta GTX para hombre en MioMioRun.com, unas zapatillas con polaina integrada para correr en invierno, dise\u00f1adas para competiciones durante los meses de invierno.\" \/>\n<meta name=\"robots\" content=\"index, follow, max-snippet:-1, max-image-preview:large, max-video-preview:-1\" \/>\n<link rel=\"canonical\" href=\"https:\/\/www.miomiorun.com\/es\/producto\/la-sportiva-uragano-gtx-hombre\/\" \/>\n<meta property=\"og:locale\" content=\"es_ES\" \/>\n<meta property=\"og:type\" content=\"article\" \/>\n<meta property=\"og:title\" content=\"La sportiva Uragano GTX hombre - zapatillas de trail para hombre - MioMioRun\" \/>\n<meta property=\"og:description\" content=\"Descubre las La Sportiva Tempesta GTX para hombre en MioMioRun.com, unas zapatillas con polaina integrada para correr en invierno, dise\u00f1adas para competiciones durante los meses de invierno.\" \/>\n<meta property=\"og:url\" content=\"https:\/\/www.miomiorun.com\/es\/producto\/la-sportiva-uragano-gtx-hombre\/\" \/>\n<meta property=\"og:site_name\" content=\"MioMioRun\" \/>\n<meta property=\"article:publisher\" content=\"https:\/\/www.facebook.com\/miomiorun\/\" \/>\n<meta property=\"article:modified_time\" content=\"2026-04-22T14:31:41+00:00\" \/>\n<meta property=\"og:image\" content=\"https:\/\/www.miomiorun.com\/app\/uploads\/2020\/09\/la-sportiva-uragano-GTX-36H999100.jpg\" \/>\n\t<meta property=\"og:image:width\" content=\"600\" \/>\n\t<meta property=\"og:image:height\" content=\"600\" \/>\n\t<meta property=\"og:image:type\" content=\"image\/jpeg\" \/>\n<meta name=\"twitter:card\" content=\"summary_large_image\" \/>\n<meta name=\"twitter:label1\" content=\"Est. reading time\" \/>\n\t<meta name=\"twitter:data1\" content=\"2 minutes\" \/>\n<script type=\"application\/ld+json\" class=\"yoast-schema-graph\">{\"@context\":\"https:\/\/schema.org\",\"@graph\":[{\"@type\":\"WebPage\",\"@id\":\"https:\/\/www.miomiorun.com\/es\/producto\/la-sportiva-uragano-gtx-hombre\/\",\"url\":\"https:\/\/www.miomiorun.com\/es\/producto\/la-sportiva-uragano-gtx-hombre\/\",\"name\":\"La sportiva Uragano GTX hombre - zapatillas de trail para hombre - MioMioRun\",\"isPartOf\":{\"@id\":\"https:\/\/www.miomiorun.com\/es\/#website\"},\"primaryImageOfPage\":{\"@id\":\"https:\/\/www.miomiorun.com\/es\/producto\/la-sportiva-uragano-gtx-hombre\/#primaryimage\"},\"image\":{\"@id\":\"https:\/\/www.miomiorun.com\/es\/producto\/la-sportiva-uragano-gtx-hombre\/#primaryimage\"},\"thumbnailUrl\":\"https:\/\/www.miomiorun.com\/app\/uploads\/2020\/09\/la-sportiva-uragano-GTX-36H999100.jpg\",\"datePublished\":\"2020-09-18T08:52:30+00:00\",\"dateModified\":\"2026-04-22T14:31:41+00:00\",\"description\":\"Descubre las La Sportiva Tempesta GTX para hombre en MioMioRun.com, unas zapatillas con polaina integrada para correr en invierno, dise\u00f1adas para competiciones durante los meses de invierno.\",\"breadcrumb\":{\"@id\":\"https:\/\/www.miomiorun.com\/es\/producto\/la-sportiva-uragano-gtx-hombre\/#breadcrumb\"},\"inLanguage\":\"es-ES\",\"potentialAction\":[{\"@type\":\"ReadAction\",\"target\":[\"https:\/\/www.miomiorun.com\/es\/producto\/la-sportiva-uragano-gtx-hombre\/\"]}]},{\"@type\":\"ImageObject\",\"inLanguage\":\"es-ES\",\"@id\":\"https:\/\/www.miomiorun.com\/es\/producto\/la-sportiva-uragano-gtx-hombre\/#primaryimage\",\"url\":\"https:\/\/www.miomiorun.com\/app\/uploads\/2020\/09\/la-sportiva-uragano-GTX-36H999100.jpg\",\"contentUrl\":\"https:\/\/www.miomiorun.com\/app\/uploads\/2020\/09\/la-sportiva-uragano-GTX-36H999100.jpg\",\"width\":600,\"height\":600,\"caption\":\"la-sportiva-uragano-GTX-36H999100\"},{\"@type\":\"BreadcrumbList\",\"@id\":\"https:\/\/www.miomiorun.com\/es\/producto\/la-sportiva-uragano-gtx-hombre\/#breadcrumb\",\"itemListElement\":[{\"@type\":\"ListItem\",\"position\":1,\"name\":\"Home\",\"item\":\"https:\/\/www.miomiorun.com\/es\/\"},{\"@type\":\"ListItem\",\"position\":2,\"name\":\"Shop\",\"item\":\"https:\/\/www.miomiorun.com\/shop\/\"},{\"@type\":\"ListItem\",\"position\":3,\"name\":\"Uragano GTX hombre\"}]},{\"@type\":\"WebSite\",\"@id\":\"https:\/\/www.miomiorun.com\/es\/#website\",\"url\":\"https:\/\/www.miomiorun.com\/es\/\",\"name\":\"MioMioRun\",\"description\":\"Tienda 100% running y trail\",\"publisher\":{\"@id\":\"https:\/\/www.miomiorun.com\/es\/#organization\"},\"potentialAction\":[{\"@type\":\"SearchAction\",\"target\":{\"@type\":\"EntryPoint\",\"urlTemplate\":\"https:\/\/www.miomiorun.com\/es\/?s={search_term_string}\"},\"query-input\":{\"@type\":\"PropertyValueSpecification\",\"valueRequired\":true,\"valueName\":\"search_term_string\"}}],\"inLanguage\":\"es-ES\"},{\"@type\":\"Organization\",\"@id\":\"https:\/\/www.miomiorun.com\/es\/#organization\",\"name\":\"MioMio Run\",\"url\":\"https:\/\/www.miomiorun.com\/es\/\",\"logo\":{\"@type\":\"ImageObject\",\"inLanguage\":\"es-ES\",\"@id\":\"https:\/\/www.miomiorun.com\/es\/#\/schema\/logo\/image\/\",\"url\":\"https:\/\/www.miomiorun.com\/app\/uploads\/2019\/12\/logomio.png\",\"contentUrl\":\"https:\/\/www.miomiorun.com\/app\/uploads\/2019\/12\/logomio.png\",\"width\":115,\"height\":82,\"caption\":\"MioMio Run\"},\"image\":{\"@id\":\"https:\/\/www.miomiorun.com\/es\/#\/schema\/logo\/image\/\"},\"sameAs\":[\"https:\/\/www.facebook.com\/miomiorun\/\",\"https:\/\/www.instagram.com\/miomiorun\/\"]}]}<\/script>\n<!-- \/ Yoast SEO plugin. -->","yoast_head_json":{"title":"La sportiva Uragano GTX hombre - zapatillas de trail para hombre - MioMioRun","description":"Descubre las La Sportiva Tempesta GTX para hombre en MioMioRun.com, unas zapatillas con polaina integrada para correr en invierno, dise\u00f1adas para competiciones durante los meses de invierno.","robots":{"index":"index","follow":"follow","max-snippet":"max-snippet:-1","max-image-preview":"max-image-preview:large","max-video-preview":"max-video-preview:-1"},"canonical":"https:\/\/www.miomiorun.com\/es\/producto\/la-sportiva-uragano-gtx-hombre\/","og_locale":"es_ES","og_type":"article","og_title":"La sportiva Uragano GTX hombre - zapatillas de trail para hombre - MioMioRun","og_description":"Descubre las La Sportiva Tempesta GTX para hombre en MioMioRun.com, unas zapatillas con polaina integrada para correr en invierno, dise\u00f1adas para competiciones durante los meses de invierno.","og_url":"https:\/\/www.miomiorun.com\/es\/producto\/la-sportiva-uragano-gtx-hombre\/","og_site_name":"MioMioRun","article_publisher":"https:\/\/www.facebook.com\/miomiorun\/","article_modified_time":"2026-04-22T14:31:41+00:00","og_image":[{"width":600,"height":600,"url":"https:\/\/www.miomiorun.com\/app\/uploads\/2020\/09\/la-sportiva-uragano-GTX-36H999100.jpg","type":"image\/jpeg"}],"twitter_card":"summary_large_image","twitter_misc":{"Est. reading time":"2 minutes"},"schema":{"@context":"https:\/\/schema.org","@graph":[{"@type":"WebPage","@id":"https:\/\/www.miomiorun.com\/es\/producto\/la-sportiva-uragano-gtx-hombre\/","url":"https:\/\/www.miomiorun.com\/es\/producto\/la-sportiva-uragano-gtx-hombre\/","name":"La sportiva Uragano GTX hombre - zapatillas de trail para hombre - MioMioRun","isPartOf":{"@id":"https:\/\/www.miomiorun.com\/es\/#website"},"primaryImageOfPage":{"@id":"https:\/\/www.miomiorun.com\/es\/producto\/la-sportiva-uragano-gtx-hombre\/#primaryimage"},"image":{"@id":"https:\/\/www.miomiorun.com\/es\/producto\/la-sportiva-uragano-gtx-hombre\/#primaryimage"},"thumbnailUrl":"https:\/\/www.miomiorun.com\/app\/uploads\/2020\/09\/la-sportiva-uragano-GTX-36H999100.jpg","datePublished":"2020-09-18T08:52:30+00:00","dateModified":"2026-04-22T14:31:41+00:00","description":"Descubre las La Sportiva Tempesta GTX para hombre en MioMioRun.com, unas zapatillas con polaina integrada para correr en invierno, dise\u00f1adas para competiciones durante los meses de invierno.","breadcrumb":{"@id":"https:\/\/www.miomiorun.com\/es\/producto\/la-sportiva-uragano-gtx-hombre\/#breadcrumb"},"inLanguage":"es-ES","potentialAction":[{"@type":"ReadAction","target":["https:\/\/www.miomiorun.com\/es\/producto\/la-sportiva-uragano-gtx-hombre\/"]}]},{"@type":"ImageObject","inLanguage":"es-ES","@id":"https:\/\/www.miomiorun.com\/es\/producto\/la-sportiva-uragano-gtx-hombre\/#primaryimage","url":"https:\/\/www.miomiorun.com\/app\/uploads\/2020\/09\/la-sportiva-uragano-GTX-36H999100.jpg","contentUrl":"https:\/\/www.miomiorun.com\/app\/uploads\/2020\/09\/la-sportiva-uragano-GTX-36H999100.jpg","width":600,"height":600,"caption":"la-sportiva-uragano-GTX-36H999100"},{"@type":"BreadcrumbList","@id":"https:\/\/www.miomiorun.com\/es\/producto\/la-sportiva-uragano-gtx-hombre\/#breadcrumb","itemListElement":[{"@type":"ListItem","position":1,"name":"Home","item":"https:\/\/www.miomiorun.com\/es\/"},{"@type":"ListItem","position":2,"name":"Shop","item":"https:\/\/www.miomiorun.com\/shop\/"},{"@type":"ListItem","position":3,"name":"Uragano GTX hombre"}]},{"@type":"WebSite","@id":"https:\/\/www.miomiorun.com\/es\/#website","url":"https:\/\/www.miomiorun.com\/es\/","name":"MioMioRun","description":"Tienda 100% running y trail","publisher":{"@id":"https:\/\/www.miomiorun.com\/es\/#organization"},"potentialAction":[{"@type":"SearchAction","target":{"@type":"EntryPoint","urlTemplate":"https:\/\/www.miomiorun.com\/es\/?s={search_term_string}"},"query-input":{"@type":"PropertyValueSpecification","valueRequired":true,"valueName":"search_term_string"}}],"inLanguage":"es-ES"},{"@type":"Organization","@id":"https:\/\/www.miomiorun.com\/es\/#organization","name":"MioMio Run","url":"https:\/\/www.miomiorun.com\/es\/","logo":{"@type":"ImageObject","inLanguage":"es-ES","@id":"https:\/\/www.miomiorun.com\/es\/#\/schema\/logo\/image\/","url":"https:\/\/www.miomiorun.com\/app\/uploads\/2019\/12\/logomio.png","contentUrl":"https:\/\/www.miomiorun.com\/app\/uploads\/2019\/12\/logomio.png","width":115,"height":82,"caption":"MioMio Run"},"image":{"@id":"https:\/\/www.miomiorun.com\/es\/#\/schema\/logo\/image\/"},"sameAs":["https:\/\/www.facebook.com\/miomiorun\/","https:\/\/www.instagram.com\/miomiorun\/"]}]}},"_links":{"self":[{"href":"https:\/\/www.miomiorun.com\/es\/wp-json\/wp\/v2\/product\/275672","targetHints":{"allow":["GET"]}}],"collection":[{"href":"https:\/\/www.miomiorun.com\/es\/wp-json\/wp\/v2\/product"}],"about":[{"href":"https:\/\/www.miomiorun.com\/es\/wp-json\/wp\/v2\/types\/product"}],"wp:featuredmedia":[{"embeddable":true,"href":"https:\/\/www.miomiorun.com\/es\/wp-json\/wp\/v2\/media\/230534"}],"wp:attachment":[{"href":"https:\/\/www.miomiorun.com\/es\/wp-json\/wp\/v2\/media?parent=275672"}],"wp:term":[{"taxonomy":"product_brand","embeddable":true,"href":"https:\/\/www.miomiorun.com\/es\/wp-json\/wp\/v2\/product_brand?post=275672"},{"taxonomy":"product_cat","embeddable":true,"href":"https:\/\/www.miomiorun.com\/es\/wp-json\/wp\/v2\/product_cat?post=275672"},{"taxonomy":"product_tag","embeddable":true,"href":"https:\/\/www.miomiorun.com\/es\/wp-json\/wp\/v2\/product_tag?post=275672"}],"curies":[{"name":"wp","href":"https:\/\/api.w.org\/{rel}","templated":true}]}}