{"id":275651,"date":"2020-09-19T10:15:07","date_gmt":"2020-09-19T08:15:07","guid":{"rendered":"https:\/\/miomiorun.com\/prodotto\/la-sportiva-chill-jkt-uomo\/"},"modified":"2026-04-29T16:12:14","modified_gmt":"2026-04-29T14:12:14","slug":"la-sportiva-chill-jkt-hombre","status":"publish","type":"product","link":"https:\/\/www.miomiorun.com\/es\/producto\/la-sportiva-chill-jkt-hombre\/","title":{"rendered":"Chill Jkt hombre"},"content":{"rendered":"<p>La Chill JKT, una prenda ligera con propiedades t\u00e9rmicas, es la capa intermedia perfecta para seguir con tus actividades al aire libre incluso cuando bajan las temperaturas. El bolsillo delantero adicional con cremallera la convierte en una prenda a\u00fan m\u00e1s vers\u00e1til.<\/p>\n<p>+ Apertura frontal con cremallera<br \/>\n+ Bolsillo delantero con cremallera<br \/>\n+ Antimicrobiano y antiolor (Polygiene\u00ae)<br \/>\n+ Orificio para el pulgar en el pu\u00f1o<br \/>\n<b>Ajuste: <\/b>Regular<br \/>\n<b>Materiales: <\/b>Principal: (DUF12) 94 % poli\u00e9ster, 6 % elastano<br \/>\n<b>Peso: <\/b>340 g (L)<\/p>\n","protected":false},"excerpt":{"rendered":"<p>La Chill JKT, una prenda ligera con propiedades t\u00e9rmicas, es la capa intermedia perfecta para seguir con tus actividades al aire libre incluso cuando bajan las temperaturas. El bolsillo delantero adicional con cremallera la convierte en una prenda a\u00fan m\u00e1s vers\u00e1til. + Apertura frontal con cremallera + Bolsillo delantero con cremallera + Antimicrobiano y antiolor &hellip; <a href=\"https:\/\/www.miomiorun.com\/es\/producto\/la-sportiva-chill-jkt-hombre\/\">Continued<\/a><\/p>\n","protected":false},"featured_media":230554,"template":"","meta":{"_acf_changed":false,"inline_featured_image":false},"product_brand":[],"product_cat":[24458,24463,24464],"product_tag":[23598,23600],"class_list":{"0":"post-275651","1":"product","2":"type-product","3":"status-publish","4":"has-post-thumbnail","6":"product_cat-camisetas-es-2","7":"product_cat-ropa-de-hombre-es","8":"product_cat-hombre","9":"product_tag-la-sportiva-es","10":"product_tag-la-sportiva-hombre","11":"pa_attivita-caminar","12":"pa_attivita-outdoor-es","13":"pa_colore-chill-jkt-deep-sea-tropic-blue-m-es","14":"pa_colore-chill-jkt-electric-blue-sangria-es","15":"pa_colore-chill-jkt-m-aquarius-opal-es","16":"pa_colore-chill-jkt-night-blue-atlantic-es","17":"pa_colore-chill-jkt-storm-blue-electric-blue-es","18":"pa_marca-la-sportiva-es","19":"pa_sesso-hombre","20":"pa_size-small-es","21":"pa_size-medium-es","22":"pa_size-large-es","23":"pa_size-extra-large-es","25":"first","26":"instock","27":"sale","28":"taxable","29":"shipping-taxable","30":"purchasable","31":"product-type-variable","32":"wvs-archive-product-wrapper"},"acf":[],"yoast_head":"<!-- This site is optimized with the Yoast SEO plugin v26.8 - https:\/\/yoast.com\/product\/yoast-seo-wordpress\/ -->\n<title>La Sportiva Chill Jkt hombre - Camiseta de running - MioMioRun<\/title>\n<meta name=\"description\" content=\"La Chill JKT, una prenda ligera con propiedades t\u00e9rmicas, es la capa intermedia perfecta para seguir disfrutando de las actividades al aire libre incluso cuando bajan las temperaturas.\" \/>\n<meta name=\"robots\" content=\"index, follow, max-snippet:-1, max-image-preview:large, max-video-preview:-1\" \/>\n<link rel=\"canonical\" href=\"https:\/\/www.miomiorun.com\/es\/producto\/la-sportiva-chill-jkt-hombre\/\" \/>\n<meta property=\"og:locale\" content=\"es_ES\" \/>\n<meta property=\"og:type\" content=\"article\" \/>\n<meta property=\"og:title\" content=\"La Sportiva Chill Jkt hombre - Camiseta de running - MioMioRun\" \/>\n<meta property=\"og:description\" content=\"La Chill JKT, una prenda ligera con propiedades t\u00e9rmicas, es la capa intermedia perfecta para seguir disfrutando de las actividades al aire libre incluso cuando bajan las temperaturas.\" \/>\n<meta property=\"og:url\" content=\"https:\/\/www.miomiorun.com\/es\/producto\/la-sportiva-chill-jkt-hombre\/\" \/>\n<meta property=\"og:site_name\" content=\"MioMioRun\" \/>\n<meta property=\"article:publisher\" content=\"https:\/\/www.facebook.com\/miomiorun\/\" \/>\n<meta property=\"article:modified_time\" content=\"2026-04-29T14:12:14+00:00\" \/>\n<meta property=\"og:image\" content=\"https:\/\/www.miomiorun.com\/app\/uploads\/2020\/09\/la-sportiva-Chill-JKT-P16622618.jpg\" \/>\n\t<meta property=\"og:image:width\" content=\"600\" \/>\n\t<meta property=\"og:image:height\" content=\"600\" \/>\n\t<meta property=\"og:image:type\" content=\"image\/jpeg\" \/>\n<meta name=\"twitter:card\" content=\"summary_large_image\" \/>\n<script type=\"application\/ld+json\" class=\"yoast-schema-graph\">{\"@context\":\"https:\/\/schema.org\",\"@graph\":[{\"@type\":\"WebPage\",\"@id\":\"https:\/\/www.miomiorun.com\/es\/producto\/la-sportiva-chill-jkt-hombre\/\",\"url\":\"https:\/\/www.miomiorun.com\/es\/producto\/la-sportiva-chill-jkt-hombre\/\",\"name\":\"La Sportiva Chill Jkt hombre - Camiseta de running - MioMioRun\",\"isPartOf\":{\"@id\":\"https:\/\/www.miomiorun.com\/es\/#website\"},\"primaryImageOfPage\":{\"@id\":\"https:\/\/www.miomiorun.com\/es\/producto\/la-sportiva-chill-jkt-hombre\/#primaryimage\"},\"image\":{\"@id\":\"https:\/\/www.miomiorun.com\/es\/producto\/la-sportiva-chill-jkt-hombre\/#primaryimage\"},\"thumbnailUrl\":\"https:\/\/www.miomiorun.com\/app\/uploads\/2020\/09\/la-sportiva-Chill-JKT-P16622618.jpg\",\"datePublished\":\"2020-09-19T08:15:07+00:00\",\"dateModified\":\"2026-04-29T14:12:14+00:00\",\"description\":\"La Chill JKT, una prenda ligera con propiedades t\u00e9rmicas, es la capa intermedia perfecta para seguir disfrutando de las actividades al aire libre incluso cuando bajan las temperaturas.\",\"breadcrumb\":{\"@id\":\"https:\/\/www.miomiorun.com\/es\/producto\/la-sportiva-chill-jkt-hombre\/#breadcrumb\"},\"inLanguage\":\"es-ES\",\"potentialAction\":[{\"@type\":\"ReadAction\",\"target\":[\"https:\/\/www.miomiorun.com\/es\/producto\/la-sportiva-chill-jkt-hombre\/\"]}]},{\"@type\":\"ImageObject\",\"inLanguage\":\"es-ES\",\"@id\":\"https:\/\/www.miomiorun.com\/es\/producto\/la-sportiva-chill-jkt-hombre\/#primaryimage\",\"url\":\"https:\/\/www.miomiorun.com\/app\/uploads\/2020\/09\/la-sportiva-Chill-JKT-P16622618.jpg\",\"contentUrl\":\"https:\/\/www.miomiorun.com\/app\/uploads\/2020\/09\/la-sportiva-Chill-JKT-P16622618.jpg\",\"width\":600,\"height\":600,\"caption\":\"la-sportiva-Chill-JKT-P16622618\"},{\"@type\":\"BreadcrumbList\",\"@id\":\"https:\/\/www.miomiorun.com\/es\/producto\/la-sportiva-chill-jkt-hombre\/#breadcrumb\",\"itemListElement\":[{\"@type\":\"ListItem\",\"position\":1,\"name\":\"Home\",\"item\":\"https:\/\/www.miomiorun.com\/es\/\"},{\"@type\":\"ListItem\",\"position\":2,\"name\":\"Shop\",\"item\":\"https:\/\/www.miomiorun.com\/shop\/\"},{\"@type\":\"ListItem\",\"position\":3,\"name\":\"Chill Jkt hombre\"}]},{\"@type\":\"WebSite\",\"@id\":\"https:\/\/www.miomiorun.com\/es\/#website\",\"url\":\"https:\/\/www.miomiorun.com\/es\/\",\"name\":\"MioMioRun\",\"description\":\"Tienda 100% running y trail\",\"publisher\":{\"@id\":\"https:\/\/www.miomiorun.com\/es\/#organization\"},\"potentialAction\":[{\"@type\":\"SearchAction\",\"target\":{\"@type\":\"EntryPoint\",\"urlTemplate\":\"https:\/\/www.miomiorun.com\/es\/?s={search_term_string}\"},\"query-input\":{\"@type\":\"PropertyValueSpecification\",\"valueRequired\":true,\"valueName\":\"search_term_string\"}}],\"inLanguage\":\"es-ES\"},{\"@type\":\"Organization\",\"@id\":\"https:\/\/www.miomiorun.com\/es\/#organization\",\"name\":\"MioMio Run\",\"url\":\"https:\/\/www.miomiorun.com\/es\/\",\"logo\":{\"@type\":\"ImageObject\",\"inLanguage\":\"es-ES\",\"@id\":\"https:\/\/www.miomiorun.com\/es\/#\/schema\/logo\/image\/\",\"url\":\"https:\/\/www.miomiorun.com\/app\/uploads\/2019\/12\/logomio.png\",\"contentUrl\":\"https:\/\/www.miomiorun.com\/app\/uploads\/2019\/12\/logomio.png\",\"width\":115,\"height\":82,\"caption\":\"MioMio Run\"},\"image\":{\"@id\":\"https:\/\/www.miomiorun.com\/es\/#\/schema\/logo\/image\/\"},\"sameAs\":[\"https:\/\/www.facebook.com\/miomiorun\/\",\"https:\/\/www.instagram.com\/miomiorun\/\"]}]}<\/script>\n<!-- \/ Yoast SEO plugin. -->","yoast_head_json":{"title":"La Sportiva Chill Jkt hombre - Camiseta de running - MioMioRun","description":"La Chill JKT, una prenda ligera con propiedades t\u00e9rmicas, es la capa intermedia perfecta para seguir disfrutando de las actividades al aire libre incluso cuando bajan las temperaturas.","robots":{"index":"index","follow":"follow","max-snippet":"max-snippet:-1","max-image-preview":"max-image-preview:large","max-video-preview":"max-video-preview:-1"},"canonical":"https:\/\/www.miomiorun.com\/es\/producto\/la-sportiva-chill-jkt-hombre\/","og_locale":"es_ES","og_type":"article","og_title":"La Sportiva Chill Jkt hombre - Camiseta de running - MioMioRun","og_description":"La Chill JKT, una prenda ligera con propiedades t\u00e9rmicas, es la capa intermedia perfecta para seguir disfrutando de las actividades al aire libre incluso cuando bajan las temperaturas.","og_url":"https:\/\/www.miomiorun.com\/es\/producto\/la-sportiva-chill-jkt-hombre\/","og_site_name":"MioMioRun","article_publisher":"https:\/\/www.facebook.com\/miomiorun\/","article_modified_time":"2026-04-29T14:12:14+00:00","og_image":[{"width":600,"height":600,"url":"https:\/\/www.miomiorun.com\/app\/uploads\/2020\/09\/la-sportiva-Chill-JKT-P16622618.jpg","type":"image\/jpeg"}],"twitter_card":"summary_large_image","schema":{"@context":"https:\/\/schema.org","@graph":[{"@type":"WebPage","@id":"https:\/\/www.miomiorun.com\/es\/producto\/la-sportiva-chill-jkt-hombre\/","url":"https:\/\/www.miomiorun.com\/es\/producto\/la-sportiva-chill-jkt-hombre\/","name":"La Sportiva Chill Jkt hombre - Camiseta de running - MioMioRun","isPartOf":{"@id":"https:\/\/www.miomiorun.com\/es\/#website"},"primaryImageOfPage":{"@id":"https:\/\/www.miomiorun.com\/es\/producto\/la-sportiva-chill-jkt-hombre\/#primaryimage"},"image":{"@id":"https:\/\/www.miomiorun.com\/es\/producto\/la-sportiva-chill-jkt-hombre\/#primaryimage"},"thumbnailUrl":"https:\/\/www.miomiorun.com\/app\/uploads\/2020\/09\/la-sportiva-Chill-JKT-P16622618.jpg","datePublished":"2020-09-19T08:15:07+00:00","dateModified":"2026-04-29T14:12:14+00:00","description":"La Chill JKT, una prenda ligera con propiedades t\u00e9rmicas, es la capa intermedia perfecta para seguir disfrutando de las actividades al aire libre incluso cuando bajan las temperaturas.","breadcrumb":{"@id":"https:\/\/www.miomiorun.com\/es\/producto\/la-sportiva-chill-jkt-hombre\/#breadcrumb"},"inLanguage":"es-ES","potentialAction":[{"@type":"ReadAction","target":["https:\/\/www.miomiorun.com\/es\/producto\/la-sportiva-chill-jkt-hombre\/"]}]},{"@type":"ImageObject","inLanguage":"es-ES","@id":"https:\/\/www.miomiorun.com\/es\/producto\/la-sportiva-chill-jkt-hombre\/#primaryimage","url":"https:\/\/www.miomiorun.com\/app\/uploads\/2020\/09\/la-sportiva-Chill-JKT-P16622618.jpg","contentUrl":"https:\/\/www.miomiorun.com\/app\/uploads\/2020\/09\/la-sportiva-Chill-JKT-P16622618.jpg","width":600,"height":600,"caption":"la-sportiva-Chill-JKT-P16622618"},{"@type":"BreadcrumbList","@id":"https:\/\/www.miomiorun.com\/es\/producto\/la-sportiva-chill-jkt-hombre\/#breadcrumb","itemListElement":[{"@type":"ListItem","position":1,"name":"Home","item":"https:\/\/www.miomiorun.com\/es\/"},{"@type":"ListItem","position":2,"name":"Shop","item":"https:\/\/www.miomiorun.com\/shop\/"},{"@type":"ListItem","position":3,"name":"Chill Jkt hombre"}]},{"@type":"WebSite","@id":"https:\/\/www.miomiorun.com\/es\/#website","url":"https:\/\/www.miomiorun.com\/es\/","name":"MioMioRun","description":"Tienda 100% running y trail","publisher":{"@id":"https:\/\/www.miomiorun.com\/es\/#organization"},"potentialAction":[{"@type":"SearchAction","target":{"@type":"EntryPoint","urlTemplate":"https:\/\/www.miomiorun.com\/es\/?s={search_term_string}"},"query-input":{"@type":"PropertyValueSpecification","valueRequired":true,"valueName":"search_term_string"}}],"inLanguage":"es-ES"},{"@type":"Organization","@id":"https:\/\/www.miomiorun.com\/es\/#organization","name":"MioMio Run","url":"https:\/\/www.miomiorun.com\/es\/","logo":{"@type":"ImageObject","inLanguage":"es-ES","@id":"https:\/\/www.miomiorun.com\/es\/#\/schema\/logo\/image\/","url":"https:\/\/www.miomiorun.com\/app\/uploads\/2019\/12\/logomio.png","contentUrl":"https:\/\/www.miomiorun.com\/app\/uploads\/2019\/12\/logomio.png","width":115,"height":82,"caption":"MioMio Run"},"image":{"@id":"https:\/\/www.miomiorun.com\/es\/#\/schema\/logo\/image\/"},"sameAs":["https:\/\/www.facebook.com\/miomiorun\/","https:\/\/www.instagram.com\/miomiorun\/"]}]}},"_links":{"self":[{"href":"https:\/\/www.miomiorun.com\/es\/wp-json\/wp\/v2\/product\/275651","targetHints":{"allow":["GET"]}}],"collection":[{"href":"https:\/\/www.miomiorun.com\/es\/wp-json\/wp\/v2\/product"}],"about":[{"href":"https:\/\/www.miomiorun.com\/es\/wp-json\/wp\/v2\/types\/product"}],"wp:featuredmedia":[{"embeddable":true,"href":"https:\/\/www.miomiorun.com\/es\/wp-json\/wp\/v2\/media\/230554"}],"wp:attachment":[{"href":"https:\/\/www.miomiorun.com\/es\/wp-json\/wp\/v2\/media?parent=275651"}],"wp:term":[{"taxonomy":"product_brand","embeddable":true,"href":"https:\/\/www.miomiorun.com\/es\/wp-json\/wp\/v2\/product_brand?post=275651"},{"taxonomy":"product_cat","embeddable":true,"href":"https:\/\/www.miomiorun.com\/es\/wp-json\/wp\/v2\/product_cat?post=275651"},{"taxonomy":"product_tag","embeddable":true,"href":"https:\/\/www.miomiorun.com\/es\/wp-json\/wp\/v2\/product_tag?post=275651"}],"curies":[{"name":"wp","href":"https:\/\/api.w.org\/{rel}","templated":true}]}}