{"id":275634,"date":"2020-09-19T10:21:45","date_gmt":"2020-09-19T08:21:45","guid":{"rendered":"https:\/\/miomiorun.com\/prodotto\/la-sportiva-vibe-jkt-donna\/"},"modified":"2026-04-29T16:13:22","modified_gmt":"2026-04-29T14:13:22","slug":"la-sportiva-vibe-jkt-mujer","status":"publish","type":"product","link":"https:\/\/www.miomiorun.com\/es\/producto\/la-sportiva-vibe-jkt-mujer\/","title":{"rendered":"Vibe Jkt mujer"},"content":{"rendered":"<p>La Vibe JKT, una prenda ligera con propiedades t\u00e9rmicas, es la capa intermedia perfecta para seguir con las actividades al aire libre incluso cuando bajan las temperaturas. El bolsillo frontal adicional con cremallera la convierte en una prenda a\u00fan m\u00e1s vers\u00e1til.<\/p>\n<p>+ Apertura frontal con cremallera<br \/>\n+ Bolsillo frontal con cremallera<br \/>\n+ Antimicrobiano y antiolor (Polygiene\u00ae)<br \/>\n+ Orificio para el pulgar en el pu\u00f1o<\/p>\n<p><b>Ajuste: <\/b>Regular<br \/>\n<b>Materiales: <\/b>Principal: (DUF12) 94 % poli\u00e9ster, 6 % elastano<br \/>\n<b>Peso: <\/b>285 g (M)<\/p>\n","protected":false},"excerpt":{"rendered":"<p>La Vibe JKT, una prenda ligera con propiedades t\u00e9rmicas, es la capa intermedia perfecta para seguir con las actividades al aire libre incluso cuando bajan las temperaturas. El bolsillo frontal adicional con cremallera la convierte en una prenda a\u00fan m\u00e1s vers\u00e1til. + Apertura frontal con cremallera + Bolsillo frontal con cremallera + Antimicrobiano y antiolor &hellip; <a href=\"https:\/\/www.miomiorun.com\/es\/producto\/la-sportiva-vibe-jkt-mujer\/\">Continued<\/a><\/p>\n","protected":false},"featured_media":230560,"template":"","meta":{"_acf_changed":false,"inline_featured_image":false},"product_brand":[],"product_cat":[24422,24420],"product_tag":[23598,23640],"class_list":{"0":"post-275634","1":"product","2":"type-product","3":"status-publish","4":"has-post-thumbnail","6":"product_cat-camisetas-es","7":"product_cat-ropa-de-mujer-es","8":"product_tag-la-sportiva-es","9":"product_tag-la-sportiva-mujer","10":"pa_attivita-caminar","11":"pa_attivita-outdoor-es","12":"pa_colore-vibe-jkt-w-opal-pacific-blue-es","13":"pa_marca-la-sportiva-es","14":"pa_sesso-mujer","15":"pa_size-small-es","17":"first","18":"instock","19":"sale","20":"taxable","21":"shipping-taxable","22":"purchasable","23":"product-type-variable","24":"wvs-archive-product-wrapper"},"acf":[],"yoast_head":"<!-- This site is optimized with the Yoast SEO plugin v26.8 - https:\/\/yoast.com\/product\/yoast-seo-wordpress\/ -->\n<title>La Sportiva Vibe Jkt mujer - Camiseta de running - MioMioRun<\/title>\n<meta name=\"description\" content=\"La Vibe JKT, una prenda ligera con propiedades t\u00e9rmicas, es la capa intermedia perfecta para seguir disfrutando de las actividades al aire libre incluso cuando bajan las temperaturas.\" \/>\n<meta name=\"robots\" content=\"index, follow, max-snippet:-1, max-image-preview:large, max-video-preview:-1\" \/>\n<link rel=\"canonical\" href=\"https:\/\/www.miomiorun.com\/es\/producto\/la-sportiva-vibe-jkt-mujer\/\" \/>\n<meta property=\"og:locale\" content=\"es_ES\" \/>\n<meta property=\"og:type\" content=\"article\" \/>\n<meta property=\"og:title\" content=\"La Sportiva Vibe Jkt mujer - Camiseta de running - MioMioRun\" \/>\n<meta property=\"og:description\" content=\"La Vibe JKT, una prenda ligera con propiedades t\u00e9rmicas, es la capa intermedia perfecta para seguir disfrutando de las actividades al aire libre incluso cuando bajan las temperaturas.\" \/>\n<meta property=\"og:url\" content=\"https:\/\/www.miomiorun.com\/es\/producto\/la-sportiva-vibe-jkt-mujer\/\" \/>\n<meta property=\"og:site_name\" content=\"MioMioRun\" \/>\n<meta property=\"article:publisher\" content=\"https:\/\/www.facebook.com\/miomiorun\/\" \/>\n<meta property=\"article:modified_time\" content=\"2026-04-29T14:13:22+00:00\" \/>\n<meta property=\"og:image\" content=\"https:\/\/www.miomiorun.com\/app\/uploads\/2020\/09\/la-sportiva-Vibe-JKT-Q01618621.jpg\" \/>\n\t<meta property=\"og:image:width\" content=\"600\" \/>\n\t<meta property=\"og:image:height\" content=\"600\" \/>\n\t<meta property=\"og:image:type\" content=\"image\/jpeg\" \/>\n<meta name=\"twitter:card\" content=\"summary_large_image\" \/>\n<script type=\"application\/ld+json\" class=\"yoast-schema-graph\">{\"@context\":\"https:\/\/schema.org\",\"@graph\":[{\"@type\":\"WebPage\",\"@id\":\"https:\/\/www.miomiorun.com\/es\/producto\/la-sportiva-vibe-jkt-mujer\/\",\"url\":\"https:\/\/www.miomiorun.com\/es\/producto\/la-sportiva-vibe-jkt-mujer\/\",\"name\":\"La Sportiva Vibe Jkt mujer - Camiseta de running - MioMioRun\",\"isPartOf\":{\"@id\":\"https:\/\/www.miomiorun.com\/es\/#website\"},\"primaryImageOfPage\":{\"@id\":\"https:\/\/www.miomiorun.com\/es\/producto\/la-sportiva-vibe-jkt-mujer\/#primaryimage\"},\"image\":{\"@id\":\"https:\/\/www.miomiorun.com\/es\/producto\/la-sportiva-vibe-jkt-mujer\/#primaryimage\"},\"thumbnailUrl\":\"https:\/\/www.miomiorun.com\/app\/uploads\/2020\/09\/la-sportiva-Vibe-JKT-Q01618621.jpg\",\"datePublished\":\"2020-09-19T08:21:45+00:00\",\"dateModified\":\"2026-04-29T14:13:22+00:00\",\"description\":\"La Vibe JKT, una prenda ligera con propiedades t\u00e9rmicas, es la capa intermedia perfecta para seguir disfrutando de las actividades al aire libre incluso cuando bajan las temperaturas.\",\"breadcrumb\":{\"@id\":\"https:\/\/www.miomiorun.com\/es\/producto\/la-sportiva-vibe-jkt-mujer\/#breadcrumb\"},\"inLanguage\":\"es-ES\",\"potentialAction\":[{\"@type\":\"ReadAction\",\"target\":[\"https:\/\/www.miomiorun.com\/es\/producto\/la-sportiva-vibe-jkt-mujer\/\"]}]},{\"@type\":\"ImageObject\",\"inLanguage\":\"es-ES\",\"@id\":\"https:\/\/www.miomiorun.com\/es\/producto\/la-sportiva-vibe-jkt-mujer\/#primaryimage\",\"url\":\"https:\/\/www.miomiorun.com\/app\/uploads\/2020\/09\/la-sportiva-Vibe-JKT-Q01618621.jpg\",\"contentUrl\":\"https:\/\/www.miomiorun.com\/app\/uploads\/2020\/09\/la-sportiva-Vibe-JKT-Q01618621.jpg\",\"width\":600,\"height\":600,\"caption\":\"la-sportiva-Vibe-JKT-Q01618621\"},{\"@type\":\"BreadcrumbList\",\"@id\":\"https:\/\/www.miomiorun.com\/es\/producto\/la-sportiva-vibe-jkt-mujer\/#breadcrumb\",\"itemListElement\":[{\"@type\":\"ListItem\",\"position\":1,\"name\":\"Home\",\"item\":\"https:\/\/www.miomiorun.com\/es\/\"},{\"@type\":\"ListItem\",\"position\":2,\"name\":\"Shop\",\"item\":\"https:\/\/www.miomiorun.com\/shop\/\"},{\"@type\":\"ListItem\",\"position\":3,\"name\":\"Vibe Jkt mujer\"}]},{\"@type\":\"WebSite\",\"@id\":\"https:\/\/www.miomiorun.com\/es\/#website\",\"url\":\"https:\/\/www.miomiorun.com\/es\/\",\"name\":\"MioMioRun\",\"description\":\"Tienda 100% running y trail\",\"publisher\":{\"@id\":\"https:\/\/www.miomiorun.com\/es\/#organization\"},\"potentialAction\":[{\"@type\":\"SearchAction\",\"target\":{\"@type\":\"EntryPoint\",\"urlTemplate\":\"https:\/\/www.miomiorun.com\/es\/?s={search_term_string}\"},\"query-input\":{\"@type\":\"PropertyValueSpecification\",\"valueRequired\":true,\"valueName\":\"search_term_string\"}}],\"inLanguage\":\"es-ES\"},{\"@type\":\"Organization\",\"@id\":\"https:\/\/www.miomiorun.com\/es\/#organization\",\"name\":\"MioMio Run\",\"url\":\"https:\/\/www.miomiorun.com\/es\/\",\"logo\":{\"@type\":\"ImageObject\",\"inLanguage\":\"es-ES\",\"@id\":\"https:\/\/www.miomiorun.com\/es\/#\/schema\/logo\/image\/\",\"url\":\"https:\/\/www.miomiorun.com\/app\/uploads\/2019\/12\/logomio.png\",\"contentUrl\":\"https:\/\/www.miomiorun.com\/app\/uploads\/2019\/12\/logomio.png\",\"width\":115,\"height\":82,\"caption\":\"MioMio Run\"},\"image\":{\"@id\":\"https:\/\/www.miomiorun.com\/es\/#\/schema\/logo\/image\/\"},\"sameAs\":[\"https:\/\/www.facebook.com\/miomiorun\/\",\"https:\/\/www.instagram.com\/miomiorun\/\"]}]}<\/script>\n<!-- \/ Yoast SEO plugin. -->","yoast_head_json":{"title":"La Sportiva Vibe Jkt mujer - Camiseta de running - MioMioRun","description":"La Vibe JKT, una prenda ligera con propiedades t\u00e9rmicas, es la capa intermedia perfecta para seguir disfrutando de las actividades al aire libre incluso cuando bajan las temperaturas.","robots":{"index":"index","follow":"follow","max-snippet":"max-snippet:-1","max-image-preview":"max-image-preview:large","max-video-preview":"max-video-preview:-1"},"canonical":"https:\/\/www.miomiorun.com\/es\/producto\/la-sportiva-vibe-jkt-mujer\/","og_locale":"es_ES","og_type":"article","og_title":"La Sportiva Vibe Jkt mujer - Camiseta de running - MioMioRun","og_description":"La Vibe JKT, una prenda ligera con propiedades t\u00e9rmicas, es la capa intermedia perfecta para seguir disfrutando de las actividades al aire libre incluso cuando bajan las temperaturas.","og_url":"https:\/\/www.miomiorun.com\/es\/producto\/la-sportiva-vibe-jkt-mujer\/","og_site_name":"MioMioRun","article_publisher":"https:\/\/www.facebook.com\/miomiorun\/","article_modified_time":"2026-04-29T14:13:22+00:00","og_image":[{"width":600,"height":600,"url":"https:\/\/www.miomiorun.com\/app\/uploads\/2020\/09\/la-sportiva-Vibe-JKT-Q01618621.jpg","type":"image\/jpeg"}],"twitter_card":"summary_large_image","schema":{"@context":"https:\/\/schema.org","@graph":[{"@type":"WebPage","@id":"https:\/\/www.miomiorun.com\/es\/producto\/la-sportiva-vibe-jkt-mujer\/","url":"https:\/\/www.miomiorun.com\/es\/producto\/la-sportiva-vibe-jkt-mujer\/","name":"La Sportiva Vibe Jkt mujer - Camiseta de running - MioMioRun","isPartOf":{"@id":"https:\/\/www.miomiorun.com\/es\/#website"},"primaryImageOfPage":{"@id":"https:\/\/www.miomiorun.com\/es\/producto\/la-sportiva-vibe-jkt-mujer\/#primaryimage"},"image":{"@id":"https:\/\/www.miomiorun.com\/es\/producto\/la-sportiva-vibe-jkt-mujer\/#primaryimage"},"thumbnailUrl":"https:\/\/www.miomiorun.com\/app\/uploads\/2020\/09\/la-sportiva-Vibe-JKT-Q01618621.jpg","datePublished":"2020-09-19T08:21:45+00:00","dateModified":"2026-04-29T14:13:22+00:00","description":"La Vibe JKT, una prenda ligera con propiedades t\u00e9rmicas, es la capa intermedia perfecta para seguir disfrutando de las actividades al aire libre incluso cuando bajan las temperaturas.","breadcrumb":{"@id":"https:\/\/www.miomiorun.com\/es\/producto\/la-sportiva-vibe-jkt-mujer\/#breadcrumb"},"inLanguage":"es-ES","potentialAction":[{"@type":"ReadAction","target":["https:\/\/www.miomiorun.com\/es\/producto\/la-sportiva-vibe-jkt-mujer\/"]}]},{"@type":"ImageObject","inLanguage":"es-ES","@id":"https:\/\/www.miomiorun.com\/es\/producto\/la-sportiva-vibe-jkt-mujer\/#primaryimage","url":"https:\/\/www.miomiorun.com\/app\/uploads\/2020\/09\/la-sportiva-Vibe-JKT-Q01618621.jpg","contentUrl":"https:\/\/www.miomiorun.com\/app\/uploads\/2020\/09\/la-sportiva-Vibe-JKT-Q01618621.jpg","width":600,"height":600,"caption":"la-sportiva-Vibe-JKT-Q01618621"},{"@type":"BreadcrumbList","@id":"https:\/\/www.miomiorun.com\/es\/producto\/la-sportiva-vibe-jkt-mujer\/#breadcrumb","itemListElement":[{"@type":"ListItem","position":1,"name":"Home","item":"https:\/\/www.miomiorun.com\/es\/"},{"@type":"ListItem","position":2,"name":"Shop","item":"https:\/\/www.miomiorun.com\/shop\/"},{"@type":"ListItem","position":3,"name":"Vibe Jkt mujer"}]},{"@type":"WebSite","@id":"https:\/\/www.miomiorun.com\/es\/#website","url":"https:\/\/www.miomiorun.com\/es\/","name":"MioMioRun","description":"Tienda 100% running y trail","publisher":{"@id":"https:\/\/www.miomiorun.com\/es\/#organization"},"potentialAction":[{"@type":"SearchAction","target":{"@type":"EntryPoint","urlTemplate":"https:\/\/www.miomiorun.com\/es\/?s={search_term_string}"},"query-input":{"@type":"PropertyValueSpecification","valueRequired":true,"valueName":"search_term_string"}}],"inLanguage":"es-ES"},{"@type":"Organization","@id":"https:\/\/www.miomiorun.com\/es\/#organization","name":"MioMio Run","url":"https:\/\/www.miomiorun.com\/es\/","logo":{"@type":"ImageObject","inLanguage":"es-ES","@id":"https:\/\/www.miomiorun.com\/es\/#\/schema\/logo\/image\/","url":"https:\/\/www.miomiorun.com\/app\/uploads\/2019\/12\/logomio.png","contentUrl":"https:\/\/www.miomiorun.com\/app\/uploads\/2019\/12\/logomio.png","width":115,"height":82,"caption":"MioMio Run"},"image":{"@id":"https:\/\/www.miomiorun.com\/es\/#\/schema\/logo\/image\/"},"sameAs":["https:\/\/www.facebook.com\/miomiorun\/","https:\/\/www.instagram.com\/miomiorun\/"]}]}},"_links":{"self":[{"href":"https:\/\/www.miomiorun.com\/es\/wp-json\/wp\/v2\/product\/275634","targetHints":{"allow":["GET"]}}],"collection":[{"href":"https:\/\/www.miomiorun.com\/es\/wp-json\/wp\/v2\/product"}],"about":[{"href":"https:\/\/www.miomiorun.com\/es\/wp-json\/wp\/v2\/types\/product"}],"wp:featuredmedia":[{"embeddable":true,"href":"https:\/\/www.miomiorun.com\/es\/wp-json\/wp\/v2\/media\/230560"}],"wp:attachment":[{"href":"https:\/\/www.miomiorun.com\/es\/wp-json\/wp\/v2\/media?parent=275634"}],"wp:term":[{"taxonomy":"product_brand","embeddable":true,"href":"https:\/\/www.miomiorun.com\/es\/wp-json\/wp\/v2\/product_brand?post=275634"},{"taxonomy":"product_cat","embeddable":true,"href":"https:\/\/www.miomiorun.com\/es\/wp-json\/wp\/v2\/product_cat?post=275634"},{"taxonomy":"product_tag","embeddable":true,"href":"https:\/\/www.miomiorun.com\/es\/wp-json\/wp\/v2\/product_tag?post=275634"}],"curies":[{"name":"wp","href":"https:\/\/api.w.org\/{rel}","templated":true}]}}