{"id":275619,"date":"2020-09-30T18:55:32","date_gmt":"2020-09-30T16:55:32","guid":{"rendered":"https:\/\/miomiorun.com\/prodotto\/nathan-the-hipster\/"},"modified":"2026-04-29T16:18:55","modified_gmt":"2026-04-29T14:18:55","slug":"nathan-the-hipster","status":"publish","type":"product","link":"https:\/\/www.miomiorun.com\/es\/producto\/nathan-the-hipster\/","title":{"rendered":"The Hipster"},"content":{"rendered":"<p>Con el modelo Hipster, varios bolsillos guardan a buen recaudo lo imprescindible, de modo que este cintur\u00f3n para correr, extremadamente suave, se puede llevar en el gimnasio, mientras corres o simplemente de compras por la ciudad. El \u00abTheHipster\u00bb se adapta c\u00f3modamente a tu silueta. Y, sobre todo, es compatible con todos los smartphones habituales.<\/p>\n<div class=\"elementor-element elementor-element-1c83cad elementor-widget elementor-widget-heading\" data-id=\"1c83cad\" data-element_type=\"widget\" data-widget_type=\"heading.default\">\n<div class=\"elementor-widget-container\">\n<h3 class=\"elementor-heading-title elementor-size-default\">Los cuatro bolsillos del Hipster cuentan con solapas superpuestas para guardar tus cosas con una sorprendente capacidad de espacio.<\/h3>\n<\/div>\n<\/div>\n<div class=\"elementor-element elementor-element-f6590d8 elementor-widget__width-initial elementor-widget-mobile__width-inherit elementor-view-default elementor-position-top elementor-vertical-align-top elementor-widget elementor-widget-icon-box\" data-id=\"f6590d8\" data-element_type=\"widget\" data-widget_type=\"icon-box.default\">\n<div class=\"elementor-widget-container\">\n<div class=\"elementor-icon-box-wrapper\">\n<div class=\"elementor-icon-box-icon\"><\/div>\n<\/div>\n<\/div>\n<\/div>\n<div class=\"elementor-element elementor-element-f6590d8 elementor-widget__width-initial elementor-widget-mobile__width-inherit elementor-view-default elementor-position-top elementor-vertical-align-top elementor-widget elementor-widget-icon-box\" data-id=\"f6590d8\" data-element_type=\"widget\" data-widget_type=\"icon-box.default\">\n<div class=\"elementor-widget-container\">\n<div class=\"elementor-icon-box-wrapper\">\n<div class=\"elementor-icon-box-content\">\n<p class=\"elementor-icon-box-description\">El cintur\u00f3n puede adaptarse a la mayor\u00eda de los smartphones, geles energ\u00e9ticos, barritas proteicas, llaves, dinero o incluso a tu pasaporte o tarjetas de cr\u00e9dito.<\/p>\n<\/div>\n<\/div>\n<\/div>\n<\/div>\n<div class=\"elementor-element elementor-element-31f697b elementor-widget__width-initial elementor-widget-mobile__width-inherit elementor-view-default elementor-position-top elementor-vertical-align-top elementor-widget elementor-widget-icon-box\" data-id=\"31f697b\" data-element_type=\"widget\" data-widget_type=\"icon-box.default\">\n<div class=\"elementor-widget-container\">\n<div class=\"elementor-icon-box-wrapper\">\n<div class=\"elementor-icon-box-icon\"><\/div>\n<\/div>\n<\/div>\n<\/div>\n<div class=\"elementor-element elementor-element-31f697b elementor-widget__width-initial elementor-widget-mobile__width-inherit elementor-view-default elementor-position-top elementor-vertical-align-top elementor-widget elementor-widget-icon-box\" data-id=\"31f697b\" data-element_type=\"widget\" data-widget_type=\"icon-box.default\">\n<div class=\"elementor-widget-container\">\n<div class=\"elementor-icon-box-wrapper\">\n<div class=\"elementor-icon-box-content\">\n<p class=\"elementor-icon-box-description\">Los amplios bolsillos delanteros y traseros son de f\u00e1cil acceso, perfectos para llevar un smartphone, guantes o una gorra.<\/p>\n<\/div>\n<\/div>\n<\/div>\n<\/div>\n<div class=\"elementor-element elementor-element-c8e3e61 elementor-widget__width-initial elementor-widget-mobile__width-inherit elementor-view-default elementor-position-top elementor-vertical-align-top elementor-widget elementor-widget-icon-box\" data-id=\"c8e3e61\" data-element_type=\"widget\" data-widget_type=\"icon-box.default\">\n<div class=\"elementor-widget-container\">\n<div class=\"elementor-icon-box-wrapper\">\n<div class=\"elementor-icon-box-icon\"><\/div>\n<\/div>\n<\/div>\n<\/div>\n<div class=\"elementor-element elementor-element-c8e3e61 elementor-widget__width-initial elementor-widget-mobile__width-inherit elementor-view-default elementor-position-top elementor-vertical-align-top elementor-widget elementor-widget-icon-box\" data-id=\"c8e3e61\" data-element_type=\"widget\" data-widget_type=\"icon-box.default\">\n<div class=\"elementor-widget-container\">\n<div class=\"elementor-icon-box-wrapper\">\n<div class=\"elementor-icon-box-content\">\n<p class=\"elementor-icon-box-description\">Los bolsillos laterales m\u00e1s peque\u00f1os pueden contener geles, spray de pimienta o tarjetas de cr\u00e9dito.<\/p>\n<\/div>\n<\/div>\n<\/div>\n<\/div>\n<div class=\"elementor-element elementor-element-384a0f8 elementor-widget__width-initial elementor-widget-mobile__width-inherit elementor-view-default elementor-position-top elementor-vertical-align-top elementor-widget elementor-widget-icon-box\" data-id=\"384a0f8\" data-element_type=\"widget\" data-widget_type=\"icon-box.default\">\n<div class=\"elementor-widget-container\">\n<div class=\"elementor-icon-box-wrapper\">\n<div class=\"elementor-icon-box-icon\"><\/div>\n<\/div>\n<\/div>\n<\/div>\n<div class=\"elementor-icon-box-content\">\n<p class=\"elementor-icon-box-description\">El Nathan Hipster es f\u00e1cil de lavar: m\u00e9telo en la lavadora cuando est\u00e9 sudado. Cu\u00e9lgalo para que se seque. \u00a1P\u00f3ntelo al d\u00eda siguiente!<\/p>\n<\/div>\n","protected":false},"excerpt":{"rendered":"<p>Con el modelo Hipster, varios bolsillos guardan a buen recaudo lo imprescindible, de modo que este cintur\u00f3n para correr, extremadamente suave, se puede llevar en el gimnasio, mientras corres o simplemente de compras por la ciudad. El \u00abTheHipster\u00bb se adapta c\u00f3modamente a tu silueta. Y, sobre todo, es compatible con todos los smartphones habituales. Los &hellip; <a href=\"https:\/\/www.miomiorun.com\/es\/producto\/nathan-the-hipster\/\">Continued<\/a><\/p>\n","protected":false},"featured_media":230648,"template":"","meta":{"_acf_changed":false,"inline_featured_image":false},"product_brand":[],"product_cat":[24205,24409,24426],"product_tag":[23510],"class_list":{"0":"post-275619","1":"product","2":"type-product","3":"status-publish","4":"has-post-thumbnail","6":"product_cat-accesorios","7":"product_cat-cinturones-es","8":"product_cat-mochilas-y-cinturones-es","9":"product_tag-nathan-es","10":"pa_attivita-caminar","11":"pa_attivita-running-es","12":"pa_colore-hipster-surf-the-web-blue-es","13":"pa_colore-hipster-very-berry-es","14":"pa_marca-nathan-es","15":"pa_sesso-hombre","16":"pa_sesso-mujer","17":"pa_size-small-es","18":"pa_size-medium-es","19":"pa_size-large-es","21":"first","22":"instock","23":"sale","24":"taxable","25":"shipping-taxable","26":"purchasable","27":"product-type-variable","28":"wvs-archive-product-wrapper"},"acf":[],"yoast_head":"<!-- This site is optimized with the Yoast SEO plugin v26.8 - https:\/\/yoast.com\/product\/yoast-seo-wordpress\/ -->\n<title>Nathan The Hipster - Accesorios para correr - MioMioRun<\/title>\n<meta name=\"description\" content=\"Con los pantalones de cintura alta, varios bolsillos permiten guardar lo imprescindible de forma segura; adem\u00e1s, el cintur\u00f3n para correr es extremadamente suave. Y, sobre todo, es compatible con todos los smartphones habituales.\" \/>\n<meta name=\"robots\" content=\"index, follow, max-snippet:-1, max-image-preview:large, max-video-preview:-1\" \/>\n<link rel=\"canonical\" href=\"https:\/\/www.miomiorun.com\/es\/producto\/nathan-the-hipster\/\" \/>\n<meta property=\"og:locale\" content=\"es_ES\" \/>\n<meta property=\"og:type\" content=\"article\" \/>\n<meta property=\"og:title\" content=\"Nathan The Hipster - Accesorios para correr - MioMioRun\" \/>\n<meta property=\"og:description\" content=\"Con los pantalones de cintura alta, varios bolsillos permiten guardar lo imprescindible de forma segura; adem\u00e1s, el cintur\u00f3n para correr es extremadamente suave. Y, sobre todo, es compatible con todos los smartphones habituales.\" \/>\n<meta property=\"og:url\" content=\"https:\/\/www.miomiorun.com\/es\/producto\/nathan-the-hipster\/\" \/>\n<meta property=\"og:site_name\" content=\"MioMioRun\" \/>\n<meta property=\"article:publisher\" content=\"https:\/\/www.facebook.com\/miomiorun\/\" \/>\n<meta property=\"article:modified_time\" content=\"2026-04-29T14:18:55+00:00\" \/>\n<meta property=\"og:image\" content=\"https:\/\/www.miomiorun.com\/app\/uploads\/2020\/09\/nathan-the-hipster-very-berry.jpg\" \/>\n\t<meta property=\"og:image:width\" content=\"600\" \/>\n\t<meta property=\"og:image:height\" content=\"600\" \/>\n\t<meta property=\"og:image:type\" content=\"image\/jpeg\" \/>\n<meta name=\"twitter:card\" content=\"summary_large_image\" \/>\n<meta name=\"twitter:label1\" content=\"Est. reading time\" \/>\n\t<meta name=\"twitter:data1\" content=\"1 minute\" \/>\n<script type=\"application\/ld+json\" class=\"yoast-schema-graph\">{\"@context\":\"https:\/\/schema.org\",\"@graph\":[{\"@type\":\"WebPage\",\"@id\":\"https:\/\/www.miomiorun.com\/es\/producto\/nathan-the-hipster\/\",\"url\":\"https:\/\/www.miomiorun.com\/es\/producto\/nathan-the-hipster\/\",\"name\":\"Nathan The Hipster - Accesorios para correr - MioMioRun\",\"isPartOf\":{\"@id\":\"https:\/\/www.miomiorun.com\/es\/#website\"},\"primaryImageOfPage\":{\"@id\":\"https:\/\/www.miomiorun.com\/es\/producto\/nathan-the-hipster\/#primaryimage\"},\"image\":{\"@id\":\"https:\/\/www.miomiorun.com\/es\/producto\/nathan-the-hipster\/#primaryimage\"},\"thumbnailUrl\":\"https:\/\/www.miomiorun.com\/app\/uploads\/2020\/09\/nathan-the-hipster-very-berry.jpg\",\"datePublished\":\"2020-09-30T16:55:32+00:00\",\"dateModified\":\"2026-04-29T14:18:55+00:00\",\"description\":\"Con los pantalones de cintura alta, varios bolsillos permiten guardar lo imprescindible de forma segura; adem\u00e1s, el cintur\u00f3n para correr es extremadamente suave. Y, sobre todo, es compatible con todos los smartphones habituales.\",\"breadcrumb\":{\"@id\":\"https:\/\/www.miomiorun.com\/es\/producto\/nathan-the-hipster\/#breadcrumb\"},\"inLanguage\":\"es-ES\",\"potentialAction\":[{\"@type\":\"ReadAction\",\"target\":[\"https:\/\/www.miomiorun.com\/es\/producto\/nathan-the-hipster\/\"]}]},{\"@type\":\"ImageObject\",\"inLanguage\":\"es-ES\",\"@id\":\"https:\/\/www.miomiorun.com\/es\/producto\/nathan-the-hipster\/#primaryimage\",\"url\":\"https:\/\/www.miomiorun.com\/app\/uploads\/2020\/09\/nathan-the-hipster-very-berry.jpg\",\"contentUrl\":\"https:\/\/www.miomiorun.com\/app\/uploads\/2020\/09\/nathan-the-hipster-very-berry.jpg\",\"width\":600,\"height\":600,\"caption\":\"nathan-the-hipster-very-berry\"},{\"@type\":\"BreadcrumbList\",\"@id\":\"https:\/\/www.miomiorun.com\/es\/producto\/nathan-the-hipster\/#breadcrumb\",\"itemListElement\":[{\"@type\":\"ListItem\",\"position\":1,\"name\":\"Home\",\"item\":\"https:\/\/www.miomiorun.com\/es\/\"},{\"@type\":\"ListItem\",\"position\":2,\"name\":\"Shop\",\"item\":\"https:\/\/www.miomiorun.com\/shop\/\"},{\"@type\":\"ListItem\",\"position\":3,\"name\":\"The Hipster\"}]},{\"@type\":\"WebSite\",\"@id\":\"https:\/\/www.miomiorun.com\/es\/#website\",\"url\":\"https:\/\/www.miomiorun.com\/es\/\",\"name\":\"MioMioRun\",\"description\":\"Tienda 100% running y trail\",\"publisher\":{\"@id\":\"https:\/\/www.miomiorun.com\/es\/#organization\"},\"potentialAction\":[{\"@type\":\"SearchAction\",\"target\":{\"@type\":\"EntryPoint\",\"urlTemplate\":\"https:\/\/www.miomiorun.com\/es\/?s={search_term_string}\"},\"query-input\":{\"@type\":\"PropertyValueSpecification\",\"valueRequired\":true,\"valueName\":\"search_term_string\"}}],\"inLanguage\":\"es-ES\"},{\"@type\":\"Organization\",\"@id\":\"https:\/\/www.miomiorun.com\/es\/#organization\",\"name\":\"MioMio Run\",\"url\":\"https:\/\/www.miomiorun.com\/es\/\",\"logo\":{\"@type\":\"ImageObject\",\"inLanguage\":\"es-ES\",\"@id\":\"https:\/\/www.miomiorun.com\/es\/#\/schema\/logo\/image\/\",\"url\":\"https:\/\/www.miomiorun.com\/app\/uploads\/2019\/12\/logomio.png\",\"contentUrl\":\"https:\/\/www.miomiorun.com\/app\/uploads\/2019\/12\/logomio.png\",\"width\":115,\"height\":82,\"caption\":\"MioMio Run\"},\"image\":{\"@id\":\"https:\/\/www.miomiorun.com\/es\/#\/schema\/logo\/image\/\"},\"sameAs\":[\"https:\/\/www.facebook.com\/miomiorun\/\",\"https:\/\/www.instagram.com\/miomiorun\/\"]}]}<\/script>\n<!-- \/ Yoast SEO plugin. -->","yoast_head_json":{"title":"Nathan The Hipster - Accesorios para correr - MioMioRun","description":"Con los pantalones de cintura alta, varios bolsillos permiten guardar lo imprescindible de forma segura; adem\u00e1s, el cintur\u00f3n para correr es extremadamente suave. Y, sobre todo, es compatible con todos los smartphones habituales.","robots":{"index":"index","follow":"follow","max-snippet":"max-snippet:-1","max-image-preview":"max-image-preview:large","max-video-preview":"max-video-preview:-1"},"canonical":"https:\/\/www.miomiorun.com\/es\/producto\/nathan-the-hipster\/","og_locale":"es_ES","og_type":"article","og_title":"Nathan The Hipster - Accesorios para correr - MioMioRun","og_description":"Con los pantalones de cintura alta, varios bolsillos permiten guardar lo imprescindible de forma segura; adem\u00e1s, el cintur\u00f3n para correr es extremadamente suave. Y, sobre todo, es compatible con todos los smartphones habituales.","og_url":"https:\/\/www.miomiorun.com\/es\/producto\/nathan-the-hipster\/","og_site_name":"MioMioRun","article_publisher":"https:\/\/www.facebook.com\/miomiorun\/","article_modified_time":"2026-04-29T14:18:55+00:00","og_image":[{"width":600,"height":600,"url":"https:\/\/www.miomiorun.com\/app\/uploads\/2020\/09\/nathan-the-hipster-very-berry.jpg","type":"image\/jpeg"}],"twitter_card":"summary_large_image","twitter_misc":{"Est. reading time":"1 minute"},"schema":{"@context":"https:\/\/schema.org","@graph":[{"@type":"WebPage","@id":"https:\/\/www.miomiorun.com\/es\/producto\/nathan-the-hipster\/","url":"https:\/\/www.miomiorun.com\/es\/producto\/nathan-the-hipster\/","name":"Nathan The Hipster - Accesorios para correr - MioMioRun","isPartOf":{"@id":"https:\/\/www.miomiorun.com\/es\/#website"},"primaryImageOfPage":{"@id":"https:\/\/www.miomiorun.com\/es\/producto\/nathan-the-hipster\/#primaryimage"},"image":{"@id":"https:\/\/www.miomiorun.com\/es\/producto\/nathan-the-hipster\/#primaryimage"},"thumbnailUrl":"https:\/\/www.miomiorun.com\/app\/uploads\/2020\/09\/nathan-the-hipster-very-berry.jpg","datePublished":"2020-09-30T16:55:32+00:00","dateModified":"2026-04-29T14:18:55+00:00","description":"Con los pantalones de cintura alta, varios bolsillos permiten guardar lo imprescindible de forma segura; adem\u00e1s, el cintur\u00f3n para correr es extremadamente suave. Y, sobre todo, es compatible con todos los smartphones habituales.","breadcrumb":{"@id":"https:\/\/www.miomiorun.com\/es\/producto\/nathan-the-hipster\/#breadcrumb"},"inLanguage":"es-ES","potentialAction":[{"@type":"ReadAction","target":["https:\/\/www.miomiorun.com\/es\/producto\/nathan-the-hipster\/"]}]},{"@type":"ImageObject","inLanguage":"es-ES","@id":"https:\/\/www.miomiorun.com\/es\/producto\/nathan-the-hipster\/#primaryimage","url":"https:\/\/www.miomiorun.com\/app\/uploads\/2020\/09\/nathan-the-hipster-very-berry.jpg","contentUrl":"https:\/\/www.miomiorun.com\/app\/uploads\/2020\/09\/nathan-the-hipster-very-berry.jpg","width":600,"height":600,"caption":"nathan-the-hipster-very-berry"},{"@type":"BreadcrumbList","@id":"https:\/\/www.miomiorun.com\/es\/producto\/nathan-the-hipster\/#breadcrumb","itemListElement":[{"@type":"ListItem","position":1,"name":"Home","item":"https:\/\/www.miomiorun.com\/es\/"},{"@type":"ListItem","position":2,"name":"Shop","item":"https:\/\/www.miomiorun.com\/shop\/"},{"@type":"ListItem","position":3,"name":"The Hipster"}]},{"@type":"WebSite","@id":"https:\/\/www.miomiorun.com\/es\/#website","url":"https:\/\/www.miomiorun.com\/es\/","name":"MioMioRun","description":"Tienda 100% running y trail","publisher":{"@id":"https:\/\/www.miomiorun.com\/es\/#organization"},"potentialAction":[{"@type":"SearchAction","target":{"@type":"EntryPoint","urlTemplate":"https:\/\/www.miomiorun.com\/es\/?s={search_term_string}"},"query-input":{"@type":"PropertyValueSpecification","valueRequired":true,"valueName":"search_term_string"}}],"inLanguage":"es-ES"},{"@type":"Organization","@id":"https:\/\/www.miomiorun.com\/es\/#organization","name":"MioMio Run","url":"https:\/\/www.miomiorun.com\/es\/","logo":{"@type":"ImageObject","inLanguage":"es-ES","@id":"https:\/\/www.miomiorun.com\/es\/#\/schema\/logo\/image\/","url":"https:\/\/www.miomiorun.com\/app\/uploads\/2019\/12\/logomio.png","contentUrl":"https:\/\/www.miomiorun.com\/app\/uploads\/2019\/12\/logomio.png","width":115,"height":82,"caption":"MioMio Run"},"image":{"@id":"https:\/\/www.miomiorun.com\/es\/#\/schema\/logo\/image\/"},"sameAs":["https:\/\/www.facebook.com\/miomiorun\/","https:\/\/www.instagram.com\/miomiorun\/"]}]}},"_links":{"self":[{"href":"https:\/\/www.miomiorun.com\/es\/wp-json\/wp\/v2\/product\/275619","targetHints":{"allow":["GET"]}}],"collection":[{"href":"https:\/\/www.miomiorun.com\/es\/wp-json\/wp\/v2\/product"}],"about":[{"href":"https:\/\/www.miomiorun.com\/es\/wp-json\/wp\/v2\/types\/product"}],"wp:featuredmedia":[{"embeddable":true,"href":"https:\/\/www.miomiorun.com\/es\/wp-json\/wp\/v2\/media\/230648"}],"wp:attachment":[{"href":"https:\/\/www.miomiorun.com\/es\/wp-json\/wp\/v2\/media?parent=275619"}],"wp:term":[{"taxonomy":"product_brand","embeddable":true,"href":"https:\/\/www.miomiorun.com\/es\/wp-json\/wp\/v2\/product_brand?post=275619"},{"taxonomy":"product_cat","embeddable":true,"href":"https:\/\/www.miomiorun.com\/es\/wp-json\/wp\/v2\/product_cat?post=275619"},{"taxonomy":"product_tag","embeddable":true,"href":"https:\/\/www.miomiorun.com\/es\/wp-json\/wp\/v2\/product_tag?post=275619"}],"curies":[{"name":"wp","href":"https:\/\/api.w.org\/{rel}","templated":true}]}}