{"id":275594,"date":"2020-10-01T18:32:25","date_gmt":"2020-10-01T16:32:25","guid":{"rendered":"https:\/\/miomiorun.com\/prodotto\/crazy-idea-short-air-uomo\/"},"modified":"2026-04-29T16:19:54","modified_gmt":"2026-04-29T14:19:54","slug":"crazy-idea-short-air-hombre","status":"publish","type":"product","link":"https:\/\/www.miomiorun.com\/es\/producto\/crazy-idea-short-air-hombre\/","title":{"rendered":"Short Air hombre"},"content":{"rendered":"<div class=\"single-product-description\">\n<p>Pantal\u00f3n corto ultraligero dise\u00f1ado para el alto rendimiento, ideal para carreras verticales y sky running de corta distancia. El tejido exterior es ligero y la transpirabilidad se ha mejorado mediante microperforaciones l\u00e1ser en el tejido. En el interior, cuenta con un calzoncillo de tejido perforado de alto rendimiento. La parte trasera tiene dos bolsillos de malla y un bolsillo con cremallera, perfecto tambi\u00e9n para el sky running de corta distancia. Pantal\u00f3n exterior con corte l\u00e1ser y dobladillo pegado.<\/p>\n<p><strong>Caracter\u00edsticas:<\/strong><\/p>\n<ul>\n<li>Slip integrado de microfibra y concha de malla con<\/li>\n<li>costuras antirozaduras<\/li>\n<li>Cintura con 3 bolsillos de malla + bolsillo con cremallera<\/li>\n<li>Cintura el\u00e1stica<\/li>\n<li>Borde inferior de la pierna soldado<\/li>\n<li>Microperforaci\u00f3n l\u00e1ser del tejido exterior<\/li>\n<\/ul>\n<\/div>\n","protected":false},"excerpt":{"rendered":"<p>Pantal\u00f3n corto ultraligero dise\u00f1ado para el alto rendimiento, ideal para carreras verticales y sky running de corta distancia. El tejido exterior es ligero y la transpirabilidad se ha mejorado mediante microperforaciones l\u00e1ser en el tejido. En el interior, cuenta con un calzoncillo de tejido perforado de alto rendimiento. La parte trasera tiene dos bolsillos de &hellip; <a href=\"https:\/\/www.miomiorun.com\/es\/producto\/crazy-idea-short-air-hombre\/\">Continued<\/a><\/p>\n","protected":false},"featured_media":306537,"template":"","meta":{"_acf_changed":false,"inline_featured_image":false},"product_brand":[],"product_cat":[24457,24463],"product_tag":[23488,23611],"class_list":{"0":"post-275594","1":"product","2":"type-product","3":"status-publish","4":"has-post-thumbnail","6":"product_cat-pantalones-cortos-es-2","7":"product_cat-ropa-de-hombre-es","8":"product_tag-crazy-idea-es","9":"product_tag-crazy-idea-hombre","10":"pa_attivita-trail-es","11":"pa_colore-short-air-21-m-black-es","12":"pa_colore-short-air-m-black-es","13":"pa_colore-short-air-print-bluette-scottish-es","14":"pa_colore-short-air-print-light-jeans-es-2","15":"pa_marca-crazy-idea-es","16":"pa_sesso-hombre","17":"pa_size-small-es","18":"pa_size-medium-es","19":"pa_size-large-es","20":"pa_size-extra-large-es","22":"first","23":"instock","24":"sale","25":"taxable","26":"shipping-taxable","27":"purchasable","28":"product-type-variable","29":"wvs-archive-product-wrapper"},"acf":[],"yoast_head":"<!-- This site is optimized with the Yoast SEO plugin v26.8 - https:\/\/yoast.com\/product\/yoast-seo-wordpress\/ -->\n<title>Crazy Idea Short Air hombre - Pantalones cortos para hombre - MioMioRun<\/title>\n<meta name=\"description\" content=\"Pantal\u00f3n corto ultraligero para un rendimiento de alto nivel. El tejido exterior es ligero y la transpirabilidad se ha mejorado mediante microperforaciones l\u00e1ser en el tejido.\" \/>\n<meta name=\"robots\" content=\"index, follow, max-snippet:-1, max-image-preview:large, max-video-preview:-1\" \/>\n<link rel=\"canonical\" href=\"https:\/\/www.miomiorun.com\/es\/producto\/crazy-idea-short-air-hombre\/\" \/>\n<meta property=\"og:locale\" content=\"es_ES\" \/>\n<meta property=\"og:type\" content=\"article\" \/>\n<meta property=\"og:title\" content=\"Crazy Idea Short Air hombre - Pantalones cortos para hombre - MioMioRun\" \/>\n<meta property=\"og:description\" content=\"Pantal\u00f3n corto ultraligero para un rendimiento de alto nivel. El tejido exterior es ligero y la transpirabilidad se ha mejorado mediante microperforaciones l\u00e1ser en el tejido.\" \/>\n<meta property=\"og:url\" content=\"https:\/\/www.miomiorun.com\/es\/producto\/crazy-idea-short-air-hombre\/\" \/>\n<meta property=\"og:site_name\" content=\"MioMioRun\" \/>\n<meta property=\"article:publisher\" content=\"https:\/\/www.facebook.com\/miomiorun\/\" \/>\n<meta property=\"article:modified_time\" content=\"2026-04-29T14:19:54+00:00\" \/>\n<meta property=\"og:image\" content=\"https:\/\/www.miomiorun.com\/app\/uploads\/2025\/04\/crazy-Short-air-pine-tree-S25015211U-00X121.webp\" \/>\n\t<meta property=\"og:image:width\" content=\"600\" \/>\n\t<meta property=\"og:image:height\" content=\"600\" \/>\n\t<meta property=\"og:image:type\" content=\"image\/webp\" \/>\n<meta name=\"twitter:card\" content=\"summary_large_image\" \/>\n<meta name=\"twitter:label1\" content=\"Est. reading time\" \/>\n\t<meta name=\"twitter:data1\" content=\"1 minute\" \/>\n<script type=\"application\/ld+json\" class=\"yoast-schema-graph\">{\"@context\":\"https:\/\/schema.org\",\"@graph\":[{\"@type\":\"WebPage\",\"@id\":\"https:\/\/www.miomiorun.com\/es\/producto\/crazy-idea-short-air-hombre\/\",\"url\":\"https:\/\/www.miomiorun.com\/es\/producto\/crazy-idea-short-air-hombre\/\",\"name\":\"Crazy Idea Short Air hombre - Pantalones cortos para hombre - MioMioRun\",\"isPartOf\":{\"@id\":\"https:\/\/www.miomiorun.com\/es\/#website\"},\"primaryImageOfPage\":{\"@id\":\"https:\/\/www.miomiorun.com\/es\/producto\/crazy-idea-short-air-hombre\/#primaryimage\"},\"image\":{\"@id\":\"https:\/\/www.miomiorun.com\/es\/producto\/crazy-idea-short-air-hombre\/#primaryimage\"},\"thumbnailUrl\":\"https:\/\/www.miomiorun.com\/app\/uploads\/2025\/04\/crazy-Short-air-pine-tree-S25015211U-00X121.webp\",\"datePublished\":\"2020-10-01T16:32:25+00:00\",\"dateModified\":\"2026-04-29T14:19:54+00:00\",\"description\":\"Pantal\u00f3n corto ultraligero para un rendimiento de alto nivel. El tejido exterior es ligero y la transpirabilidad se ha mejorado mediante microperforaciones l\u00e1ser en el tejido.\",\"breadcrumb\":{\"@id\":\"https:\/\/www.miomiorun.com\/es\/producto\/crazy-idea-short-air-hombre\/#breadcrumb\"},\"inLanguage\":\"es-ES\",\"potentialAction\":[{\"@type\":\"ReadAction\",\"target\":[\"https:\/\/www.miomiorun.com\/es\/producto\/crazy-idea-short-air-hombre\/\"]}]},{\"@type\":\"ImageObject\",\"inLanguage\":\"es-ES\",\"@id\":\"https:\/\/www.miomiorun.com\/es\/producto\/crazy-idea-short-air-hombre\/#primaryimage\",\"url\":\"https:\/\/www.miomiorun.com\/app\/uploads\/2025\/04\/crazy-Short-air-pine-tree-S25015211U-00X121.webp\",\"contentUrl\":\"https:\/\/www.miomiorun.com\/app\/uploads\/2025\/04\/crazy-Short-air-pine-tree-S25015211U-00X121.webp\",\"width\":600,\"height\":600,\"caption\":\"crazy Short air pine tree S25015211U-00X121\"},{\"@type\":\"BreadcrumbList\",\"@id\":\"https:\/\/www.miomiorun.com\/es\/producto\/crazy-idea-short-air-hombre\/#breadcrumb\",\"itemListElement\":[{\"@type\":\"ListItem\",\"position\":1,\"name\":\"Home\",\"item\":\"https:\/\/www.miomiorun.com\/es\/\"},{\"@type\":\"ListItem\",\"position\":2,\"name\":\"Shop\",\"item\":\"https:\/\/www.miomiorun.com\/shop\/\"},{\"@type\":\"ListItem\",\"position\":3,\"name\":\"Short Air hombre\"}]},{\"@type\":\"WebSite\",\"@id\":\"https:\/\/www.miomiorun.com\/es\/#website\",\"url\":\"https:\/\/www.miomiorun.com\/es\/\",\"name\":\"MioMioRun\",\"description\":\"Tienda 100% running y trail\",\"publisher\":{\"@id\":\"https:\/\/www.miomiorun.com\/es\/#organization\"},\"potentialAction\":[{\"@type\":\"SearchAction\",\"target\":{\"@type\":\"EntryPoint\",\"urlTemplate\":\"https:\/\/www.miomiorun.com\/es\/?s={search_term_string}\"},\"query-input\":{\"@type\":\"PropertyValueSpecification\",\"valueRequired\":true,\"valueName\":\"search_term_string\"}}],\"inLanguage\":\"es-ES\"},{\"@type\":\"Organization\",\"@id\":\"https:\/\/www.miomiorun.com\/es\/#organization\",\"name\":\"MioMio Run\",\"url\":\"https:\/\/www.miomiorun.com\/es\/\",\"logo\":{\"@type\":\"ImageObject\",\"inLanguage\":\"es-ES\",\"@id\":\"https:\/\/www.miomiorun.com\/es\/#\/schema\/logo\/image\/\",\"url\":\"https:\/\/www.miomiorun.com\/app\/uploads\/2019\/12\/logomio.png\",\"contentUrl\":\"https:\/\/www.miomiorun.com\/app\/uploads\/2019\/12\/logomio.png\",\"width\":115,\"height\":82,\"caption\":\"MioMio Run\"},\"image\":{\"@id\":\"https:\/\/www.miomiorun.com\/es\/#\/schema\/logo\/image\/\"},\"sameAs\":[\"https:\/\/www.facebook.com\/miomiorun\/\",\"https:\/\/www.instagram.com\/miomiorun\/\"]}]}<\/script>\n<!-- \/ Yoast SEO plugin. -->","yoast_head_json":{"title":"Crazy Idea Short Air hombre - Pantalones cortos para hombre - MioMioRun","description":"Pantal\u00f3n corto ultraligero para un rendimiento de alto nivel. El tejido exterior es ligero y la transpirabilidad se ha mejorado mediante microperforaciones l\u00e1ser en el tejido.","robots":{"index":"index","follow":"follow","max-snippet":"max-snippet:-1","max-image-preview":"max-image-preview:large","max-video-preview":"max-video-preview:-1"},"canonical":"https:\/\/www.miomiorun.com\/es\/producto\/crazy-idea-short-air-hombre\/","og_locale":"es_ES","og_type":"article","og_title":"Crazy Idea Short Air hombre - Pantalones cortos para hombre - MioMioRun","og_description":"Pantal\u00f3n corto ultraligero para un rendimiento de alto nivel. El tejido exterior es ligero y la transpirabilidad se ha mejorado mediante microperforaciones l\u00e1ser en el tejido.","og_url":"https:\/\/www.miomiorun.com\/es\/producto\/crazy-idea-short-air-hombre\/","og_site_name":"MioMioRun","article_publisher":"https:\/\/www.facebook.com\/miomiorun\/","article_modified_time":"2026-04-29T14:19:54+00:00","og_image":[{"width":600,"height":600,"url":"https:\/\/www.miomiorun.com\/app\/uploads\/2025\/04\/crazy-Short-air-pine-tree-S25015211U-00X121.webp","type":"image\/webp"}],"twitter_card":"summary_large_image","twitter_misc":{"Est. reading time":"1 minute"},"schema":{"@context":"https:\/\/schema.org","@graph":[{"@type":"WebPage","@id":"https:\/\/www.miomiorun.com\/es\/producto\/crazy-idea-short-air-hombre\/","url":"https:\/\/www.miomiorun.com\/es\/producto\/crazy-idea-short-air-hombre\/","name":"Crazy Idea Short Air hombre - Pantalones cortos para hombre - MioMioRun","isPartOf":{"@id":"https:\/\/www.miomiorun.com\/es\/#website"},"primaryImageOfPage":{"@id":"https:\/\/www.miomiorun.com\/es\/producto\/crazy-idea-short-air-hombre\/#primaryimage"},"image":{"@id":"https:\/\/www.miomiorun.com\/es\/producto\/crazy-idea-short-air-hombre\/#primaryimage"},"thumbnailUrl":"https:\/\/www.miomiorun.com\/app\/uploads\/2025\/04\/crazy-Short-air-pine-tree-S25015211U-00X121.webp","datePublished":"2020-10-01T16:32:25+00:00","dateModified":"2026-04-29T14:19:54+00:00","description":"Pantal\u00f3n corto ultraligero para un rendimiento de alto nivel. El tejido exterior es ligero y la transpirabilidad se ha mejorado mediante microperforaciones l\u00e1ser en el tejido.","breadcrumb":{"@id":"https:\/\/www.miomiorun.com\/es\/producto\/crazy-idea-short-air-hombre\/#breadcrumb"},"inLanguage":"es-ES","potentialAction":[{"@type":"ReadAction","target":["https:\/\/www.miomiorun.com\/es\/producto\/crazy-idea-short-air-hombre\/"]}]},{"@type":"ImageObject","inLanguage":"es-ES","@id":"https:\/\/www.miomiorun.com\/es\/producto\/crazy-idea-short-air-hombre\/#primaryimage","url":"https:\/\/www.miomiorun.com\/app\/uploads\/2025\/04\/crazy-Short-air-pine-tree-S25015211U-00X121.webp","contentUrl":"https:\/\/www.miomiorun.com\/app\/uploads\/2025\/04\/crazy-Short-air-pine-tree-S25015211U-00X121.webp","width":600,"height":600,"caption":"crazy Short air pine tree S25015211U-00X121"},{"@type":"BreadcrumbList","@id":"https:\/\/www.miomiorun.com\/es\/producto\/crazy-idea-short-air-hombre\/#breadcrumb","itemListElement":[{"@type":"ListItem","position":1,"name":"Home","item":"https:\/\/www.miomiorun.com\/es\/"},{"@type":"ListItem","position":2,"name":"Shop","item":"https:\/\/www.miomiorun.com\/shop\/"},{"@type":"ListItem","position":3,"name":"Short Air hombre"}]},{"@type":"WebSite","@id":"https:\/\/www.miomiorun.com\/es\/#website","url":"https:\/\/www.miomiorun.com\/es\/","name":"MioMioRun","description":"Tienda 100% running y trail","publisher":{"@id":"https:\/\/www.miomiorun.com\/es\/#organization"},"potentialAction":[{"@type":"SearchAction","target":{"@type":"EntryPoint","urlTemplate":"https:\/\/www.miomiorun.com\/es\/?s={search_term_string}"},"query-input":{"@type":"PropertyValueSpecification","valueRequired":true,"valueName":"search_term_string"}}],"inLanguage":"es-ES"},{"@type":"Organization","@id":"https:\/\/www.miomiorun.com\/es\/#organization","name":"MioMio Run","url":"https:\/\/www.miomiorun.com\/es\/","logo":{"@type":"ImageObject","inLanguage":"es-ES","@id":"https:\/\/www.miomiorun.com\/es\/#\/schema\/logo\/image\/","url":"https:\/\/www.miomiorun.com\/app\/uploads\/2019\/12\/logomio.png","contentUrl":"https:\/\/www.miomiorun.com\/app\/uploads\/2019\/12\/logomio.png","width":115,"height":82,"caption":"MioMio Run"},"image":{"@id":"https:\/\/www.miomiorun.com\/es\/#\/schema\/logo\/image\/"},"sameAs":["https:\/\/www.facebook.com\/miomiorun\/","https:\/\/www.instagram.com\/miomiorun\/"]}]}},"_links":{"self":[{"href":"https:\/\/www.miomiorun.com\/es\/wp-json\/wp\/v2\/product\/275594","targetHints":{"allow":["GET"]}}],"collection":[{"href":"https:\/\/www.miomiorun.com\/es\/wp-json\/wp\/v2\/product"}],"about":[{"href":"https:\/\/www.miomiorun.com\/es\/wp-json\/wp\/v2\/types\/product"}],"wp:featuredmedia":[{"embeddable":true,"href":"https:\/\/www.miomiorun.com\/es\/wp-json\/wp\/v2\/media\/306537"}],"wp:attachment":[{"href":"https:\/\/www.miomiorun.com\/es\/wp-json\/wp\/v2\/media?parent=275594"}],"wp:term":[{"taxonomy":"product_brand","embeddable":true,"href":"https:\/\/www.miomiorun.com\/es\/wp-json\/wp\/v2\/product_brand?post=275594"},{"taxonomy":"product_cat","embeddable":true,"href":"https:\/\/www.miomiorun.com\/es\/wp-json\/wp\/v2\/product_cat?post=275594"},{"taxonomy":"product_tag","embeddable":true,"href":"https:\/\/www.miomiorun.com\/es\/wp-json\/wp\/v2\/product_tag?post=275594"}],"curies":[{"name":"wp","href":"https:\/\/api.w.org\/{rel}","templated":true}]}}