{"id":275553,"date":"2020-10-01T18:52:15","date_gmt":"2020-10-01T16:52:15","guid":{"rendered":"https:\/\/miomiorun.com\/prodotto\/crazy-idea-short-flash-uomo\/"},"modified":"2026-04-29T16:21:39","modified_gmt":"2026-04-29T14:21:39","slug":"crazy-idea-short-flash-hombre","status":"publish","type":"product","link":"https:\/\/www.miomiorun.com\/es\/producto\/crazy-idea-short-flash-hombre\/","title":{"rendered":"Short Flash hombre"},"content":{"rendered":"<div class=\"single-product-description\">\n<div class=\"single-product-description\">\n<p>El \u00abprecursor\u00bb de los pantalones cortos dise\u00f1ados para el sky running. Peque\u00f1os cambios respecto al modelo original presentado en 1995, cuando a\u00fan no exist\u00eda el mercado del sky running. Cintura m\u00e1s completa, con 5 bolsillos para optimizar el transporte de geles, cortavientos y todo lo necesario para correr largas distancias. Pantal\u00f3n ajustado, pero muy ligero y transpirable. El pantal\u00f3n exterior tiene el dobladillo pegado y perforado con l\u00e1ser.<\/p>\n<p><strong>Caracter\u00edsticas:<\/strong><\/p>\n<ul>\n<li>Tejido exterior microperforado, repelente al agua<\/li>\n<li>Calzoncillo con gran sujeci\u00f3n de microfibra con costuras externas<\/li>\n<li>Bolsillos completos con 5 compartimentos<\/li>\n<\/ul>\n<\/div>\n<\/div>\n","protected":false},"excerpt":{"rendered":"<p>El \u00abprecursor\u00bb de los pantalones cortos dise\u00f1ados para el sky running. Peque\u00f1os cambios respecto al modelo original presentado en 1995, cuando a\u00fan no exist\u00eda el mercado del sky running. Cintura m\u00e1s completa, con 5 bolsillos para optimizar el transporte de geles, cortavientos y todo lo necesario para correr largas distancias. Pantal\u00f3n ajustado, pero muy ligero &hellip; <a href=\"https:\/\/www.miomiorun.com\/es\/producto\/crazy-idea-short-flash-hombre\/\">Continued<\/a><\/p>\n","protected":false},"featured_media":306657,"template":"","meta":{"_acf_changed":false,"inline_featured_image":false},"product_brand":[],"product_cat":[24457,24463],"product_tag":[23488,23611],"class_list":{"0":"post-275553","1":"product","2":"type-product","3":"status-publish","4":"has-post-thumbnail","6":"product_cat-pantalones-cortos-es-2","7":"product_cat-ropa-de-hombre-es","8":"product_tag-crazy-idea-es","9":"product_tag-crazy-idea-hombre","10":"pa_attivita-trail-es","11":"pa_colore-short-flash-pine-tree-es","12":"pa_colore-short-flash-print-bluette-scottish-es","13":"pa_colore-short-flash-print-light-jeans-es","14":"pa_marca-crazy-idea-es","15":"pa_sesso-hombre","16":"pa_size-small-es","17":"pa_size-medium-es","18":"pa_size-extra-large-es","20":"first","21":"instock","22":"sale","23":"taxable","24":"shipping-taxable","25":"purchasable","26":"product-type-variable","27":"wvs-archive-product-wrapper"},"acf":[],"yoast_head":"<!-- This site is optimized with the Yoast SEO plugin v26.8 - https:\/\/yoast.com\/product\/yoast-seo-wordpress\/ -->\n<title>Crazy Idea Short Flash hombre - Pantalones cortos para hombre - MioMioRun<\/title>\n<meta name=\"description\" content=\"El \u00abpionero\u00bb de los pantalones cortos dise\u00f1ados para el sky running. Un pantal\u00f3n corto muy completo, con 5 bolsillos y un dise\u00f1o ajustado, pero muy ligero y transpirable.\" \/>\n<meta name=\"robots\" content=\"index, follow, max-snippet:-1, max-image-preview:large, max-video-preview:-1\" \/>\n<link rel=\"canonical\" href=\"https:\/\/www.miomiorun.com\/es\/producto\/crazy-idea-short-flash-hombre\/\" \/>\n<meta property=\"og:locale\" content=\"es_ES\" \/>\n<meta property=\"og:type\" content=\"article\" \/>\n<meta property=\"og:title\" content=\"Crazy Idea Short Flash hombre - Pantalones cortos para hombre - MioMioRun\" \/>\n<meta property=\"og:description\" content=\"El \u00abpionero\u00bb de los pantalones cortos dise\u00f1ados para el sky running. Un pantal\u00f3n corto muy completo, con 5 bolsillos y un dise\u00f1o ajustado, pero muy ligero y transpirable.\" \/>\n<meta property=\"og:url\" content=\"https:\/\/www.miomiorun.com\/es\/producto\/crazy-idea-short-flash-hombre\/\" \/>\n<meta property=\"og:site_name\" content=\"MioMioRun\" \/>\n<meta property=\"article:publisher\" content=\"https:\/\/www.facebook.com\/miomiorun\/\" \/>\n<meta property=\"article:modified_time\" content=\"2026-04-29T14:21:39+00:00\" \/>\n<meta property=\"og:image\" content=\"https:\/\/www.miomiorun.com\/app\/uploads\/2025\/04\/crazy-Short-flash-print-bluette-scottish-S25015218U-00X019.webp\" \/>\n\t<meta property=\"og:image:width\" content=\"600\" \/>\n\t<meta property=\"og:image:height\" content=\"600\" \/>\n\t<meta property=\"og:image:type\" content=\"image\/webp\" \/>\n<meta name=\"twitter:card\" content=\"summary_large_image\" \/>\n<script type=\"application\/ld+json\" class=\"yoast-schema-graph\">{\"@context\":\"https:\/\/schema.org\",\"@graph\":[{\"@type\":\"WebPage\",\"@id\":\"https:\/\/www.miomiorun.com\/es\/producto\/crazy-idea-short-flash-hombre\/\",\"url\":\"https:\/\/www.miomiorun.com\/es\/producto\/crazy-idea-short-flash-hombre\/\",\"name\":\"Crazy Idea Short Flash hombre - Pantalones cortos para hombre - MioMioRun\",\"isPartOf\":{\"@id\":\"https:\/\/www.miomiorun.com\/es\/#website\"},\"primaryImageOfPage\":{\"@id\":\"https:\/\/www.miomiorun.com\/es\/producto\/crazy-idea-short-flash-hombre\/#primaryimage\"},\"image\":{\"@id\":\"https:\/\/www.miomiorun.com\/es\/producto\/crazy-idea-short-flash-hombre\/#primaryimage\"},\"thumbnailUrl\":\"https:\/\/www.miomiorun.com\/app\/uploads\/2025\/04\/crazy-Short-flash-print-bluette-scottish-S25015218U-00X019.webp\",\"datePublished\":\"2020-10-01T16:52:15+00:00\",\"dateModified\":\"2026-04-29T14:21:39+00:00\",\"description\":\"El \u00abpionero\u00bb de los pantalones cortos dise\u00f1ados para el sky running. Un pantal\u00f3n corto muy completo, con 5 bolsillos y un dise\u00f1o ajustado, pero muy ligero y transpirable.\",\"breadcrumb\":{\"@id\":\"https:\/\/www.miomiorun.com\/es\/producto\/crazy-idea-short-flash-hombre\/#breadcrumb\"},\"inLanguage\":\"es-ES\",\"potentialAction\":[{\"@type\":\"ReadAction\",\"target\":[\"https:\/\/www.miomiorun.com\/es\/producto\/crazy-idea-short-flash-hombre\/\"]}]},{\"@type\":\"ImageObject\",\"inLanguage\":\"es-ES\",\"@id\":\"https:\/\/www.miomiorun.com\/es\/producto\/crazy-idea-short-flash-hombre\/#primaryimage\",\"url\":\"https:\/\/www.miomiorun.com\/app\/uploads\/2025\/04\/crazy-Short-flash-print-bluette-scottish-S25015218U-00X019.webp\",\"contentUrl\":\"https:\/\/www.miomiorun.com\/app\/uploads\/2025\/04\/crazy-Short-flash-print-bluette-scottish-S25015218U-00X019.webp\",\"width\":600,\"height\":600,\"caption\":\"crazy Short flash print bluette scottish S25015218U-00X019\"},{\"@type\":\"BreadcrumbList\",\"@id\":\"https:\/\/www.miomiorun.com\/es\/producto\/crazy-idea-short-flash-hombre\/#breadcrumb\",\"itemListElement\":[{\"@type\":\"ListItem\",\"position\":1,\"name\":\"Home\",\"item\":\"https:\/\/www.miomiorun.com\/es\/\"},{\"@type\":\"ListItem\",\"position\":2,\"name\":\"Shop\",\"item\":\"https:\/\/www.miomiorun.com\/shop\/\"},{\"@type\":\"ListItem\",\"position\":3,\"name\":\"Short Flash hombre\"}]},{\"@type\":\"WebSite\",\"@id\":\"https:\/\/www.miomiorun.com\/es\/#website\",\"url\":\"https:\/\/www.miomiorun.com\/es\/\",\"name\":\"MioMioRun\",\"description\":\"Tienda 100% running y trail\",\"publisher\":{\"@id\":\"https:\/\/www.miomiorun.com\/es\/#organization\"},\"potentialAction\":[{\"@type\":\"SearchAction\",\"target\":{\"@type\":\"EntryPoint\",\"urlTemplate\":\"https:\/\/www.miomiorun.com\/es\/?s={search_term_string}\"},\"query-input\":{\"@type\":\"PropertyValueSpecification\",\"valueRequired\":true,\"valueName\":\"search_term_string\"}}],\"inLanguage\":\"es-ES\"},{\"@type\":\"Organization\",\"@id\":\"https:\/\/www.miomiorun.com\/es\/#organization\",\"name\":\"MioMio Run\",\"url\":\"https:\/\/www.miomiorun.com\/es\/\",\"logo\":{\"@type\":\"ImageObject\",\"inLanguage\":\"es-ES\",\"@id\":\"https:\/\/www.miomiorun.com\/es\/#\/schema\/logo\/image\/\",\"url\":\"https:\/\/www.miomiorun.com\/app\/uploads\/2019\/12\/logomio.png\",\"contentUrl\":\"https:\/\/www.miomiorun.com\/app\/uploads\/2019\/12\/logomio.png\",\"width\":115,\"height\":82,\"caption\":\"MioMio Run\"},\"image\":{\"@id\":\"https:\/\/www.miomiorun.com\/es\/#\/schema\/logo\/image\/\"},\"sameAs\":[\"https:\/\/www.facebook.com\/miomiorun\/\",\"https:\/\/www.instagram.com\/miomiorun\/\"]}]}<\/script>\n<!-- \/ Yoast SEO plugin. -->","yoast_head_json":{"title":"Crazy Idea Short Flash hombre - Pantalones cortos para hombre - MioMioRun","description":"El \u00abpionero\u00bb de los pantalones cortos dise\u00f1ados para el sky running. Un pantal\u00f3n corto muy completo, con 5 bolsillos y un dise\u00f1o ajustado, pero muy ligero y transpirable.","robots":{"index":"index","follow":"follow","max-snippet":"max-snippet:-1","max-image-preview":"max-image-preview:large","max-video-preview":"max-video-preview:-1"},"canonical":"https:\/\/www.miomiorun.com\/es\/producto\/crazy-idea-short-flash-hombre\/","og_locale":"es_ES","og_type":"article","og_title":"Crazy Idea Short Flash hombre - Pantalones cortos para hombre - MioMioRun","og_description":"El \u00abpionero\u00bb de los pantalones cortos dise\u00f1ados para el sky running. Un pantal\u00f3n corto muy completo, con 5 bolsillos y un dise\u00f1o ajustado, pero muy ligero y transpirable.","og_url":"https:\/\/www.miomiorun.com\/es\/producto\/crazy-idea-short-flash-hombre\/","og_site_name":"MioMioRun","article_publisher":"https:\/\/www.facebook.com\/miomiorun\/","article_modified_time":"2026-04-29T14:21:39+00:00","og_image":[{"width":600,"height":600,"url":"https:\/\/www.miomiorun.com\/app\/uploads\/2025\/04\/crazy-Short-flash-print-bluette-scottish-S25015218U-00X019.webp","type":"image\/webp"}],"twitter_card":"summary_large_image","schema":{"@context":"https:\/\/schema.org","@graph":[{"@type":"WebPage","@id":"https:\/\/www.miomiorun.com\/es\/producto\/crazy-idea-short-flash-hombre\/","url":"https:\/\/www.miomiorun.com\/es\/producto\/crazy-idea-short-flash-hombre\/","name":"Crazy Idea Short Flash hombre - Pantalones cortos para hombre - MioMioRun","isPartOf":{"@id":"https:\/\/www.miomiorun.com\/es\/#website"},"primaryImageOfPage":{"@id":"https:\/\/www.miomiorun.com\/es\/producto\/crazy-idea-short-flash-hombre\/#primaryimage"},"image":{"@id":"https:\/\/www.miomiorun.com\/es\/producto\/crazy-idea-short-flash-hombre\/#primaryimage"},"thumbnailUrl":"https:\/\/www.miomiorun.com\/app\/uploads\/2025\/04\/crazy-Short-flash-print-bluette-scottish-S25015218U-00X019.webp","datePublished":"2020-10-01T16:52:15+00:00","dateModified":"2026-04-29T14:21:39+00:00","description":"El \u00abpionero\u00bb de los pantalones cortos dise\u00f1ados para el sky running. Un pantal\u00f3n corto muy completo, con 5 bolsillos y un dise\u00f1o ajustado, pero muy ligero y transpirable.","breadcrumb":{"@id":"https:\/\/www.miomiorun.com\/es\/producto\/crazy-idea-short-flash-hombre\/#breadcrumb"},"inLanguage":"es-ES","potentialAction":[{"@type":"ReadAction","target":["https:\/\/www.miomiorun.com\/es\/producto\/crazy-idea-short-flash-hombre\/"]}]},{"@type":"ImageObject","inLanguage":"es-ES","@id":"https:\/\/www.miomiorun.com\/es\/producto\/crazy-idea-short-flash-hombre\/#primaryimage","url":"https:\/\/www.miomiorun.com\/app\/uploads\/2025\/04\/crazy-Short-flash-print-bluette-scottish-S25015218U-00X019.webp","contentUrl":"https:\/\/www.miomiorun.com\/app\/uploads\/2025\/04\/crazy-Short-flash-print-bluette-scottish-S25015218U-00X019.webp","width":600,"height":600,"caption":"crazy Short flash print bluette scottish S25015218U-00X019"},{"@type":"BreadcrumbList","@id":"https:\/\/www.miomiorun.com\/es\/producto\/crazy-idea-short-flash-hombre\/#breadcrumb","itemListElement":[{"@type":"ListItem","position":1,"name":"Home","item":"https:\/\/www.miomiorun.com\/es\/"},{"@type":"ListItem","position":2,"name":"Shop","item":"https:\/\/www.miomiorun.com\/shop\/"},{"@type":"ListItem","position":3,"name":"Short Flash hombre"}]},{"@type":"WebSite","@id":"https:\/\/www.miomiorun.com\/es\/#website","url":"https:\/\/www.miomiorun.com\/es\/","name":"MioMioRun","description":"Tienda 100% running y trail","publisher":{"@id":"https:\/\/www.miomiorun.com\/es\/#organization"},"potentialAction":[{"@type":"SearchAction","target":{"@type":"EntryPoint","urlTemplate":"https:\/\/www.miomiorun.com\/es\/?s={search_term_string}"},"query-input":{"@type":"PropertyValueSpecification","valueRequired":true,"valueName":"search_term_string"}}],"inLanguage":"es-ES"},{"@type":"Organization","@id":"https:\/\/www.miomiorun.com\/es\/#organization","name":"MioMio Run","url":"https:\/\/www.miomiorun.com\/es\/","logo":{"@type":"ImageObject","inLanguage":"es-ES","@id":"https:\/\/www.miomiorun.com\/es\/#\/schema\/logo\/image\/","url":"https:\/\/www.miomiorun.com\/app\/uploads\/2019\/12\/logomio.png","contentUrl":"https:\/\/www.miomiorun.com\/app\/uploads\/2019\/12\/logomio.png","width":115,"height":82,"caption":"MioMio Run"},"image":{"@id":"https:\/\/www.miomiorun.com\/es\/#\/schema\/logo\/image\/"},"sameAs":["https:\/\/www.facebook.com\/miomiorun\/","https:\/\/www.instagram.com\/miomiorun\/"]}]}},"_links":{"self":[{"href":"https:\/\/www.miomiorun.com\/es\/wp-json\/wp\/v2\/product\/275553","targetHints":{"allow":["GET"]}}],"collection":[{"href":"https:\/\/www.miomiorun.com\/es\/wp-json\/wp\/v2\/product"}],"about":[{"href":"https:\/\/www.miomiorun.com\/es\/wp-json\/wp\/v2\/types\/product"}],"wp:featuredmedia":[{"embeddable":true,"href":"https:\/\/www.miomiorun.com\/es\/wp-json\/wp\/v2\/media\/306657"}],"wp:attachment":[{"href":"https:\/\/www.miomiorun.com\/es\/wp-json\/wp\/v2\/media?parent=275553"}],"wp:term":[{"taxonomy":"product_brand","embeddable":true,"href":"https:\/\/www.miomiorun.com\/es\/wp-json\/wp\/v2\/product_brand?post=275553"},{"taxonomy":"product_cat","embeddable":true,"href":"https:\/\/www.miomiorun.com\/es\/wp-json\/wp\/v2\/product_cat?post=275553"},{"taxonomy":"product_tag","embeddable":true,"href":"https:\/\/www.miomiorun.com\/es\/wp-json\/wp\/v2\/product_tag?post=275553"}],"curies":[{"name":"wp","href":"https:\/\/api.w.org\/{rel}","templated":true}]}}