{"id":275547,"date":"2020-10-02T18:31:03","date_gmt":"2020-10-02T16:31:03","guid":{"rendered":"https:\/\/miomiorun.com\/prodotto\/crazy-idea-singlet-thunder-uomo\/"},"modified":"2026-04-29T16:23:39","modified_gmt":"2026-04-29T14:23:39","slug":"crazy-idea-singlet-thunder-hombre","status":"publish","type":"product","link":"https:\/\/www.miomiorun.com\/es\/producto\/crazy-idea-singlet-thunder-hombre\/","title":{"rendered":"Singlet Thunder hombre"},"content":{"rendered":"<div class=\"single-product-description\">\n<div class=\"single-product-description\">La camiseta <strong>Thunder<\/strong> para hombre es una prenda dise\u00f1ada para potenciar el rendimiento al m\u00e1s alto nivel. Es una joya de la tecnolog\u00eda que combina el corte por l\u00e1ser con la impresi\u00f3n digital. El tejido con el que est\u00e1 confeccionada es muy ligero, y el dise\u00f1o anat\u00f3mico formado por los diferentes cortes por l\u00e1ser le da un aspecto visiblemente m\u00e1s tecnol\u00f3gico y ofrece una ventilaci\u00f3n perfecta. El cuello y el bajo est\u00e1n cortados con l\u00e1ser.<\/div>\n<div><\/div>\n<div><strong>Caracter\u00edsticas:<\/strong><\/div>\n<\/div>\n<div>\n<div class=\"carProdotto\">\n<ul>\n<li>Mapeo corporal con l\u00e1ser<\/li>\n<li>Secado r\u00e1pido<\/li>\n<li>Impresi\u00f3n digital<\/li>\n<li>Parte inferior y escote cortados con l\u00e1ser<\/li>\n<\/ul>\n<\/div>\n<\/div>\n","protected":false},"excerpt":{"rendered":"<p>La camiseta Thunder para hombre es una prenda dise\u00f1ada para potenciar el rendimiento al m\u00e1s alto nivel. Es una joya de la tecnolog\u00eda que combina el corte por l\u00e1ser con la impresi\u00f3n digital. El tejido con el que est\u00e1 confeccionada es muy ligero, y el dise\u00f1o anat\u00f3mico formado por los diferentes cortes por l\u00e1ser le &hellip; <a href=\"https:\/\/www.miomiorun.com\/es\/producto\/crazy-idea-singlet-thunder-hombre\/\">Continued<\/a><\/p>\n","protected":false},"featured_media":247055,"template":"","meta":{"_acf_changed":false,"inline_featured_image":false},"product_brand":[],"product_cat":[24461,24463,24464],"product_tag":[23488,23611],"class_list":{"0":"post-275547","1":"product","2":"type-product","3":"status-publish","4":"has-post-thumbnail","6":"product_cat-chalecos-es-2","7":"product_cat-ropa-de-hombre-es","8":"product_cat-hombre","9":"product_tag-crazy-idea-es","10":"product_tag-crazy-idea-hombre","11":"pa_attivita-trail-es","12":"pa_colore-singlet-thunder-oriente-es","13":"pa_colore-singlet-thunder-pine-tree-es-2","14":"pa_colore-singlet-thunder-print-bluette-scottish-es","15":"pa_marca-crazy-idea-es","16":"pa_sesso-hombre","17":"pa_size-small-es","18":"pa_size-medium-es","19":"pa_size-large-es","20":"pa_size-extra-large-es","22":"first","23":"instock","24":"sale","25":"taxable","26":"shipping-taxable","27":"purchasable","28":"product-type-variable","29":"wvs-archive-product-wrapper"},"acf":[],"yoast_head":"<!-- This site is optimized with the Yoast SEO plugin v26.8 - https:\/\/yoast.com\/product\/yoast-seo-wordpress\/ -->\n<title>Crazy Idea Singlet Thunder hombre - Camiseta sin mangas para correr- MioMioRun<\/title>\n<meta name=\"description\" content=\"La camiseta Singlet Thunder para hombre es una prenda dise\u00f1ada para potenciar el rendimiento al m\u00e1s alto nivel. Es una peque\u00f1a joya de la tecnolog\u00eda con detalles de corte por l\u00e1ser.\" \/>\n<meta name=\"robots\" content=\"index, follow, max-snippet:-1, max-image-preview:large, max-video-preview:-1\" \/>\n<link rel=\"canonical\" href=\"https:\/\/www.miomiorun.com\/es\/producto\/crazy-idea-singlet-thunder-hombre\/\" \/>\n<meta property=\"og:locale\" content=\"es_ES\" \/>\n<meta property=\"og:type\" content=\"article\" \/>\n<meta property=\"og:title\" content=\"Crazy Idea Singlet Thunder hombre - Camiseta sin mangas para correr- MioMioRun\" \/>\n<meta property=\"og:description\" content=\"La camiseta Singlet Thunder para hombre es una prenda dise\u00f1ada para potenciar el rendimiento al m\u00e1s alto nivel. Es una peque\u00f1a joya de la tecnolog\u00eda con detalles de corte por l\u00e1ser.\" \/>\n<meta property=\"og:url\" content=\"https:\/\/www.miomiorun.com\/es\/producto\/crazy-idea-singlet-thunder-hombre\/\" \/>\n<meta property=\"og:site_name\" content=\"MioMioRun\" \/>\n<meta property=\"article:publisher\" content=\"https:\/\/www.facebook.com\/miomiorun\/\" \/>\n<meta property=\"article:modified_time\" content=\"2026-04-29T14:23:39+00:00\" \/>\n<meta property=\"og:image\" content=\"https:\/\/www.miomiorun.com\/app\/uploads\/2024\/05\/crazy-Singlet-thunder-energy-S24195028U-0062.webp\" \/>\n\t<meta property=\"og:image:width\" content=\"600\" \/>\n\t<meta property=\"og:image:height\" content=\"600\" \/>\n\t<meta property=\"og:image:type\" content=\"image\/webp\" \/>\n<meta name=\"twitter:card\" content=\"summary_large_image\" \/>\n<meta name=\"twitter:label1\" content=\"Est. reading time\" \/>\n\t<meta name=\"twitter:data1\" content=\"1 minute\" \/>\n<script type=\"application\/ld+json\" class=\"yoast-schema-graph\">{\"@context\":\"https:\/\/schema.org\",\"@graph\":[{\"@type\":\"WebPage\",\"@id\":\"https:\/\/www.miomiorun.com\/es\/producto\/crazy-idea-singlet-thunder-hombre\/\",\"url\":\"https:\/\/www.miomiorun.com\/es\/producto\/crazy-idea-singlet-thunder-hombre\/\",\"name\":\"Crazy Idea Singlet Thunder hombre - Camiseta sin mangas para correr- MioMioRun\",\"isPartOf\":{\"@id\":\"https:\/\/www.miomiorun.com\/es\/#website\"},\"primaryImageOfPage\":{\"@id\":\"https:\/\/www.miomiorun.com\/es\/producto\/crazy-idea-singlet-thunder-hombre\/#primaryimage\"},\"image\":{\"@id\":\"https:\/\/www.miomiorun.com\/es\/producto\/crazy-idea-singlet-thunder-hombre\/#primaryimage\"},\"thumbnailUrl\":\"https:\/\/www.miomiorun.com\/app\/uploads\/2024\/05\/crazy-Singlet-thunder-energy-S24195028U-0062.webp\",\"datePublished\":\"2020-10-02T16:31:03+00:00\",\"dateModified\":\"2026-04-29T14:23:39+00:00\",\"description\":\"La camiseta Singlet Thunder para hombre es una prenda dise\u00f1ada para potenciar el rendimiento al m\u00e1s alto nivel. Es una peque\u00f1a joya de la tecnolog\u00eda con detalles de corte por l\u00e1ser.\",\"breadcrumb\":{\"@id\":\"https:\/\/www.miomiorun.com\/es\/producto\/crazy-idea-singlet-thunder-hombre\/#breadcrumb\"},\"inLanguage\":\"es-ES\",\"potentialAction\":[{\"@type\":\"ReadAction\",\"target\":[\"https:\/\/www.miomiorun.com\/es\/producto\/crazy-idea-singlet-thunder-hombre\/\"]}]},{\"@type\":\"ImageObject\",\"inLanguage\":\"es-ES\",\"@id\":\"https:\/\/www.miomiorun.com\/es\/producto\/crazy-idea-singlet-thunder-hombre\/#primaryimage\",\"url\":\"https:\/\/www.miomiorun.com\/app\/uploads\/2024\/05\/crazy-Singlet-thunder-energy-S24195028U-0062.webp\",\"contentUrl\":\"https:\/\/www.miomiorun.com\/app\/uploads\/2024\/05\/crazy-Singlet-thunder-energy-S24195028U-0062.webp\",\"width\":600,\"height\":600,\"caption\":\"crazy Singlet thunder energy S24195028U-0062\"},{\"@type\":\"BreadcrumbList\",\"@id\":\"https:\/\/www.miomiorun.com\/es\/producto\/crazy-idea-singlet-thunder-hombre\/#breadcrumb\",\"itemListElement\":[{\"@type\":\"ListItem\",\"position\":1,\"name\":\"Home\",\"item\":\"https:\/\/www.miomiorun.com\/es\/\"},{\"@type\":\"ListItem\",\"position\":2,\"name\":\"Shop\",\"item\":\"https:\/\/www.miomiorun.com\/shop\/\"},{\"@type\":\"ListItem\",\"position\":3,\"name\":\"Singlet Thunder hombre\"}]},{\"@type\":\"WebSite\",\"@id\":\"https:\/\/www.miomiorun.com\/es\/#website\",\"url\":\"https:\/\/www.miomiorun.com\/es\/\",\"name\":\"MioMioRun\",\"description\":\"Tienda 100% running y trail\",\"publisher\":{\"@id\":\"https:\/\/www.miomiorun.com\/es\/#organization\"},\"potentialAction\":[{\"@type\":\"SearchAction\",\"target\":{\"@type\":\"EntryPoint\",\"urlTemplate\":\"https:\/\/www.miomiorun.com\/es\/?s={search_term_string}\"},\"query-input\":{\"@type\":\"PropertyValueSpecification\",\"valueRequired\":true,\"valueName\":\"search_term_string\"}}],\"inLanguage\":\"es-ES\"},{\"@type\":\"Organization\",\"@id\":\"https:\/\/www.miomiorun.com\/es\/#organization\",\"name\":\"MioMio Run\",\"url\":\"https:\/\/www.miomiorun.com\/es\/\",\"logo\":{\"@type\":\"ImageObject\",\"inLanguage\":\"es-ES\",\"@id\":\"https:\/\/www.miomiorun.com\/es\/#\/schema\/logo\/image\/\",\"url\":\"https:\/\/www.miomiorun.com\/app\/uploads\/2019\/12\/logomio.png\",\"contentUrl\":\"https:\/\/www.miomiorun.com\/app\/uploads\/2019\/12\/logomio.png\",\"width\":115,\"height\":82,\"caption\":\"MioMio Run\"},\"image\":{\"@id\":\"https:\/\/www.miomiorun.com\/es\/#\/schema\/logo\/image\/\"},\"sameAs\":[\"https:\/\/www.facebook.com\/miomiorun\/\",\"https:\/\/www.instagram.com\/miomiorun\/\"]}]}<\/script>\n<!-- \/ Yoast SEO plugin. -->","yoast_head_json":{"title":"Crazy Idea Singlet Thunder hombre - Camiseta sin mangas para correr- MioMioRun","description":"La camiseta Singlet Thunder para hombre es una prenda dise\u00f1ada para potenciar el rendimiento al m\u00e1s alto nivel. Es una peque\u00f1a joya de la tecnolog\u00eda con detalles de corte por l\u00e1ser.","robots":{"index":"index","follow":"follow","max-snippet":"max-snippet:-1","max-image-preview":"max-image-preview:large","max-video-preview":"max-video-preview:-1"},"canonical":"https:\/\/www.miomiorun.com\/es\/producto\/crazy-idea-singlet-thunder-hombre\/","og_locale":"es_ES","og_type":"article","og_title":"Crazy Idea Singlet Thunder hombre - Camiseta sin mangas para correr- MioMioRun","og_description":"La camiseta Singlet Thunder para hombre es una prenda dise\u00f1ada para potenciar el rendimiento al m\u00e1s alto nivel. Es una peque\u00f1a joya de la tecnolog\u00eda con detalles de corte por l\u00e1ser.","og_url":"https:\/\/www.miomiorun.com\/es\/producto\/crazy-idea-singlet-thunder-hombre\/","og_site_name":"MioMioRun","article_publisher":"https:\/\/www.facebook.com\/miomiorun\/","article_modified_time":"2026-04-29T14:23:39+00:00","og_image":[{"width":600,"height":600,"url":"https:\/\/www.miomiorun.com\/app\/uploads\/2024\/05\/crazy-Singlet-thunder-energy-S24195028U-0062.webp","type":"image\/webp"}],"twitter_card":"summary_large_image","twitter_misc":{"Est. reading time":"1 minute"},"schema":{"@context":"https:\/\/schema.org","@graph":[{"@type":"WebPage","@id":"https:\/\/www.miomiorun.com\/es\/producto\/crazy-idea-singlet-thunder-hombre\/","url":"https:\/\/www.miomiorun.com\/es\/producto\/crazy-idea-singlet-thunder-hombre\/","name":"Crazy Idea Singlet Thunder hombre - Camiseta sin mangas para correr- MioMioRun","isPartOf":{"@id":"https:\/\/www.miomiorun.com\/es\/#website"},"primaryImageOfPage":{"@id":"https:\/\/www.miomiorun.com\/es\/producto\/crazy-idea-singlet-thunder-hombre\/#primaryimage"},"image":{"@id":"https:\/\/www.miomiorun.com\/es\/producto\/crazy-idea-singlet-thunder-hombre\/#primaryimage"},"thumbnailUrl":"https:\/\/www.miomiorun.com\/app\/uploads\/2024\/05\/crazy-Singlet-thunder-energy-S24195028U-0062.webp","datePublished":"2020-10-02T16:31:03+00:00","dateModified":"2026-04-29T14:23:39+00:00","description":"La camiseta Singlet Thunder para hombre es una prenda dise\u00f1ada para potenciar el rendimiento al m\u00e1s alto nivel. Es una peque\u00f1a joya de la tecnolog\u00eda con detalles de corte por l\u00e1ser.","breadcrumb":{"@id":"https:\/\/www.miomiorun.com\/es\/producto\/crazy-idea-singlet-thunder-hombre\/#breadcrumb"},"inLanguage":"es-ES","potentialAction":[{"@type":"ReadAction","target":["https:\/\/www.miomiorun.com\/es\/producto\/crazy-idea-singlet-thunder-hombre\/"]}]},{"@type":"ImageObject","inLanguage":"es-ES","@id":"https:\/\/www.miomiorun.com\/es\/producto\/crazy-idea-singlet-thunder-hombre\/#primaryimage","url":"https:\/\/www.miomiorun.com\/app\/uploads\/2024\/05\/crazy-Singlet-thunder-energy-S24195028U-0062.webp","contentUrl":"https:\/\/www.miomiorun.com\/app\/uploads\/2024\/05\/crazy-Singlet-thunder-energy-S24195028U-0062.webp","width":600,"height":600,"caption":"crazy Singlet thunder energy S24195028U-0062"},{"@type":"BreadcrumbList","@id":"https:\/\/www.miomiorun.com\/es\/producto\/crazy-idea-singlet-thunder-hombre\/#breadcrumb","itemListElement":[{"@type":"ListItem","position":1,"name":"Home","item":"https:\/\/www.miomiorun.com\/es\/"},{"@type":"ListItem","position":2,"name":"Shop","item":"https:\/\/www.miomiorun.com\/shop\/"},{"@type":"ListItem","position":3,"name":"Singlet Thunder hombre"}]},{"@type":"WebSite","@id":"https:\/\/www.miomiorun.com\/es\/#website","url":"https:\/\/www.miomiorun.com\/es\/","name":"MioMioRun","description":"Tienda 100% running y trail","publisher":{"@id":"https:\/\/www.miomiorun.com\/es\/#organization"},"potentialAction":[{"@type":"SearchAction","target":{"@type":"EntryPoint","urlTemplate":"https:\/\/www.miomiorun.com\/es\/?s={search_term_string}"},"query-input":{"@type":"PropertyValueSpecification","valueRequired":true,"valueName":"search_term_string"}}],"inLanguage":"es-ES"},{"@type":"Organization","@id":"https:\/\/www.miomiorun.com\/es\/#organization","name":"MioMio Run","url":"https:\/\/www.miomiorun.com\/es\/","logo":{"@type":"ImageObject","inLanguage":"es-ES","@id":"https:\/\/www.miomiorun.com\/es\/#\/schema\/logo\/image\/","url":"https:\/\/www.miomiorun.com\/app\/uploads\/2019\/12\/logomio.png","contentUrl":"https:\/\/www.miomiorun.com\/app\/uploads\/2019\/12\/logomio.png","width":115,"height":82,"caption":"MioMio Run"},"image":{"@id":"https:\/\/www.miomiorun.com\/es\/#\/schema\/logo\/image\/"},"sameAs":["https:\/\/www.facebook.com\/miomiorun\/","https:\/\/www.instagram.com\/miomiorun\/"]}]}},"_links":{"self":[{"href":"https:\/\/www.miomiorun.com\/es\/wp-json\/wp\/v2\/product\/275547","targetHints":{"allow":["GET"]}}],"collection":[{"href":"https:\/\/www.miomiorun.com\/es\/wp-json\/wp\/v2\/product"}],"about":[{"href":"https:\/\/www.miomiorun.com\/es\/wp-json\/wp\/v2\/types\/product"}],"wp:featuredmedia":[{"embeddable":true,"href":"https:\/\/www.miomiorun.com\/es\/wp-json\/wp\/v2\/media\/247055"}],"wp:attachment":[{"href":"https:\/\/www.miomiorun.com\/es\/wp-json\/wp\/v2\/media?parent=275547"}],"wp:term":[{"taxonomy":"product_brand","embeddable":true,"href":"https:\/\/www.miomiorun.com\/es\/wp-json\/wp\/v2\/product_brand?post=275547"},{"taxonomy":"product_cat","embeddable":true,"href":"https:\/\/www.miomiorun.com\/es\/wp-json\/wp\/v2\/product_cat?post=275547"},{"taxonomy":"product_tag","embeddable":true,"href":"https:\/\/www.miomiorun.com\/es\/wp-json\/wp\/v2\/product_tag?post=275547"}],"curies":[{"name":"wp","href":"https:\/\/api.w.org\/{rel}","templated":true}]}}