{"id":275545,"date":"2020-10-03T16:45:39","date_gmt":"2020-10-03T14:45:39","guid":{"rendered":"https:\/\/miomiorun.com\/prodotto\/crazy-idea-t-shirt-air-uomo\/"},"modified":"2026-03-05T18:32:26","modified_gmt":"2026-03-05T17:32:26","slug":"crazy-idea-t-shirt-air-hermano","status":"publish","type":"product","link":"https:\/\/www.miomiorun.com\/es\/producto\/crazy-idea-t-shirt-air-hermano\/","title":{"rendered":"T-Shirt Air hermano"},"content":{"rendered":"<div class=\"single-product-description\">\n<div class=\"single-product-description\">\n<div class=\"single-product-description\">\n<p>Camiseta confeccionada combinando tejidos de diferentes tipos para mejorar sus caracter\u00edsticas t\u00e9cnicas. Malla microperforada en la espalda y las mangas para mejorar la evaporaci\u00f3n del vapor e inserciones reflectantes en los hombros para mejorar la visibilidad nocturna, adem\u00e1s de una inserci\u00f3n del tejido Delta de Polartec, m\u00e1s t\u00e9cnico. El dobladillo de la parte inferior est\u00e1 cortado con l\u00e1ser y pegado. El tejido frontal est\u00e1 provisto de mapeado y resaltado con agujeros l\u00e1ser.<\/p>\n<p><strong>Caracter\u00edsticas:<\/strong><\/p>\n<ul>\n<li>Tejidos diferenciados<\/li>\n<li>Secado r\u00e1pido<\/li>\n<li>Hombros y costados con tejido reflectante<\/li>\n<li>Costuras planas<\/li>\n<li>Borde inferior pegado<\/li>\n<\/ul>\n<\/div>\n<\/div>\n<\/div>\n","protected":false},"excerpt":{"rendered":"<p>Camiseta confeccionada combinando tejidos de diferentes tipos para mejorar sus caracter\u00edsticas t\u00e9cnicas. Malla microperforada en la espalda y las mangas para mejorar la evaporaci\u00f3n del vapor e inserciones reflectantes en los hombros para mejorar la visibilidad nocturna, adem\u00e1s de una inserci\u00f3n del tejido Delta de Polartec, m\u00e1s t\u00e9cnico. El dobladillo de la parte inferior est\u00e1 &hellip; <a href=\"https:\/\/www.miomiorun.com\/es\/producto\/crazy-idea-t-shirt-air-hermano\/\">Continued<\/a><\/p>\n","protected":false},"featured_media":432132,"template":"","meta":{"_acf_changed":false,"inline_featured_image":false},"product_brand":[],"product_cat":[24455,24463,24464],"product_tag":[23488,23611],"class_list":{"0":"post-275545","1":"product","2":"type-product","3":"status-publish","4":"has-post-thumbnail","6":"product_cat-camiseta-es-2","7":"product_cat-ropa-de-hombre-es","8":"product_cat-hombre","9":"product_tag-crazy-idea-es","10":"product_tag-crazy-idea-hombre","11":"pa_attivita-outdoor-es","12":"pa_attivita-running-es","13":"pa_attivita-trail-es","14":"pa_colore-shirt-air-lost-in-paradisse","15":"pa_colore-shirt-air-magic-mountain","16":"pa_colore-shirt-air-pine-tree","17":"pa_colore-t-shirt-air-early-degrade-es","18":"pa_colore-t-shirt-air-energy-es","19":"pa_colore-t-shirt-air-energy-2-es","20":"pa_marca-crazy-idea-es","21":"pa_sesso-hombre","22":"pa_size-small-es","23":"pa_size-medium-es","24":"pa_size-large-es","25":"pa_size-extra-large-es","27":"first","28":"instock","29":"sale","30":"taxable","31":"shipping-taxable","32":"purchasable","33":"product-type-variable","34":"wvs-archive-product-wrapper"},"acf":[],"yoast_head":"<!-- This site is optimized with the Yoast SEO plugin v26.8 - https:\/\/yoast.com\/product\/yoast-seo-wordpress\/ -->\n<title>Crazy Idea T-Shirt Air hermano - Camiseta para correr - MioMioRun.com<\/title>\n<meta name=\"description\" content=\"Camiseta confeccionada combinando tejidos de diferentes tipos para mejorar sus caracter\u00edsticas t\u00e9cnicas. El tejido frontal cuenta con mapeado y est\u00e1 resaltado con agujeros l\u00e1ser.\" \/>\n<meta name=\"robots\" content=\"index, follow, max-snippet:-1, max-image-preview:large, max-video-preview:-1\" \/>\n<link rel=\"canonical\" href=\"https:\/\/www.miomiorun.com\/es\/producto\/crazy-idea-t-shirt-air-hermano\/\" \/>\n<meta property=\"og:locale\" content=\"es_ES\" \/>\n<meta property=\"og:type\" content=\"article\" \/>\n<meta property=\"og:title\" content=\"Crazy Idea T-Shirt Air hermano - Camiseta para correr - MioMioRun.com\" \/>\n<meta property=\"og:description\" content=\"Camiseta confeccionada combinando tejidos de diferentes tipos para mejorar sus caracter\u00edsticas t\u00e9cnicas. El tejido frontal cuenta con mapeado y est\u00e1 resaltado con agujeros l\u00e1ser.\" \/>\n<meta property=\"og:url\" content=\"https:\/\/www.miomiorun.com\/es\/producto\/crazy-idea-t-shirt-air-hermano\/\" \/>\n<meta property=\"og:site_name\" content=\"MioMioRun\" \/>\n<meta property=\"article:publisher\" content=\"https:\/\/www.facebook.com\/miomiorun\/\" \/>\n<meta property=\"article:modified_time\" content=\"2026-03-05T17:32:26+00:00\" \/>\n<meta property=\"og:image\" content=\"https:\/\/www.miomiorun.com\/app\/uploads\/2026\/04\/crazy-Shirt-air-lost-in-paradisse-S26095114U-00X138.webp\" \/>\n\t<meta property=\"og:image:width\" content=\"720\" \/>\n\t<meta property=\"og:image:height\" content=\"720\" \/>\n\t<meta property=\"og:image:type\" content=\"image\/webp\" \/>\n<meta name=\"twitter:card\" content=\"summary_large_image\" \/>\n<script type=\"application\/ld+json\" class=\"yoast-schema-graph\">{\"@context\":\"https:\/\/schema.org\",\"@graph\":[{\"@type\":\"WebPage\",\"@id\":\"https:\/\/www.miomiorun.com\/es\/producto\/crazy-idea-t-shirt-air-hermano\/\",\"url\":\"https:\/\/www.miomiorun.com\/es\/producto\/crazy-idea-t-shirt-air-hermano\/\",\"name\":\"Crazy Idea T-Shirt Air hermano - Camiseta para correr - MioMioRun.com\",\"isPartOf\":{\"@id\":\"https:\/\/www.miomiorun.com\/es\/#website\"},\"primaryImageOfPage\":{\"@id\":\"https:\/\/www.miomiorun.com\/es\/producto\/crazy-idea-t-shirt-air-hermano\/#primaryimage\"},\"image\":{\"@id\":\"https:\/\/www.miomiorun.com\/es\/producto\/crazy-idea-t-shirt-air-hermano\/#primaryimage\"},\"thumbnailUrl\":\"https:\/\/www.miomiorun.com\/app\/uploads\/2026\/04\/crazy-Shirt-air-lost-in-paradisse-S26095114U-00X138.webp\",\"datePublished\":\"2020-10-03T14:45:39+00:00\",\"dateModified\":\"2026-03-05T17:32:26+00:00\",\"description\":\"Camiseta confeccionada combinando tejidos de diferentes tipos para mejorar sus caracter\u00edsticas t\u00e9cnicas. El tejido frontal cuenta con mapeado y est\u00e1 resaltado con agujeros l\u00e1ser.\",\"breadcrumb\":{\"@id\":\"https:\/\/www.miomiorun.com\/es\/producto\/crazy-idea-t-shirt-air-hermano\/#breadcrumb\"},\"inLanguage\":\"es-ES\",\"potentialAction\":[{\"@type\":\"ReadAction\",\"target\":[\"https:\/\/www.miomiorun.com\/es\/producto\/crazy-idea-t-shirt-air-hermano\/\"]}]},{\"@type\":\"ImageObject\",\"inLanguage\":\"es-ES\",\"@id\":\"https:\/\/www.miomiorun.com\/es\/producto\/crazy-idea-t-shirt-air-hermano\/#primaryimage\",\"url\":\"https:\/\/www.miomiorun.com\/app\/uploads\/2026\/04\/crazy-Shirt-air-lost-in-paradisse-S26095114U-00X138.webp\",\"contentUrl\":\"https:\/\/www.miomiorun.com\/app\/uploads\/2026\/04\/crazy-Shirt-air-lost-in-paradisse-S26095114U-00X138.webp\",\"width\":720,\"height\":720,\"caption\":\"crazy Shirt air lost in paradisse S26095114U-00X138\"},{\"@type\":\"BreadcrumbList\",\"@id\":\"https:\/\/www.miomiorun.com\/es\/producto\/crazy-idea-t-shirt-air-hermano\/#breadcrumb\",\"itemListElement\":[{\"@type\":\"ListItem\",\"position\":1,\"name\":\"Home\",\"item\":\"https:\/\/www.miomiorun.com\/es\/\"},{\"@type\":\"ListItem\",\"position\":2,\"name\":\"Shop\",\"item\":\"https:\/\/www.miomiorun.com\/shop\/\"},{\"@type\":\"ListItem\",\"position\":3,\"name\":\"T-Shirt Air hermano\"}]},{\"@type\":\"WebSite\",\"@id\":\"https:\/\/www.miomiorun.com\/es\/#website\",\"url\":\"https:\/\/www.miomiorun.com\/es\/\",\"name\":\"MioMioRun\",\"description\":\"Tienda 100% running y trail\",\"publisher\":{\"@id\":\"https:\/\/www.miomiorun.com\/es\/#organization\"},\"potentialAction\":[{\"@type\":\"SearchAction\",\"target\":{\"@type\":\"EntryPoint\",\"urlTemplate\":\"https:\/\/www.miomiorun.com\/es\/?s={search_term_string}\"},\"query-input\":{\"@type\":\"PropertyValueSpecification\",\"valueRequired\":true,\"valueName\":\"search_term_string\"}}],\"inLanguage\":\"es-ES\"},{\"@type\":\"Organization\",\"@id\":\"https:\/\/www.miomiorun.com\/es\/#organization\",\"name\":\"MioMio Run\",\"url\":\"https:\/\/www.miomiorun.com\/es\/\",\"logo\":{\"@type\":\"ImageObject\",\"inLanguage\":\"es-ES\",\"@id\":\"https:\/\/www.miomiorun.com\/es\/#\/schema\/logo\/image\/\",\"url\":\"https:\/\/www.miomiorun.com\/app\/uploads\/2019\/12\/logomio.png\",\"contentUrl\":\"https:\/\/www.miomiorun.com\/app\/uploads\/2019\/12\/logomio.png\",\"width\":115,\"height\":82,\"caption\":\"MioMio Run\"},\"image\":{\"@id\":\"https:\/\/www.miomiorun.com\/es\/#\/schema\/logo\/image\/\"},\"sameAs\":[\"https:\/\/www.facebook.com\/miomiorun\/\",\"https:\/\/www.instagram.com\/miomiorun\/\"]}]}<\/script>\n<!-- \/ Yoast SEO plugin. -->","yoast_head_json":{"title":"Crazy Idea T-Shirt Air hermano - Camiseta para correr - MioMioRun.com","description":"Camiseta confeccionada combinando tejidos de diferentes tipos para mejorar sus caracter\u00edsticas t\u00e9cnicas. El tejido frontal cuenta con mapeado y est\u00e1 resaltado con agujeros l\u00e1ser.","robots":{"index":"index","follow":"follow","max-snippet":"max-snippet:-1","max-image-preview":"max-image-preview:large","max-video-preview":"max-video-preview:-1"},"canonical":"https:\/\/www.miomiorun.com\/es\/producto\/crazy-idea-t-shirt-air-hermano\/","og_locale":"es_ES","og_type":"article","og_title":"Crazy Idea T-Shirt Air hermano - Camiseta para correr - MioMioRun.com","og_description":"Camiseta confeccionada combinando tejidos de diferentes tipos para mejorar sus caracter\u00edsticas t\u00e9cnicas. El tejido frontal cuenta con mapeado y est\u00e1 resaltado con agujeros l\u00e1ser.","og_url":"https:\/\/www.miomiorun.com\/es\/producto\/crazy-idea-t-shirt-air-hermano\/","og_site_name":"MioMioRun","article_publisher":"https:\/\/www.facebook.com\/miomiorun\/","article_modified_time":"2026-03-05T17:32:26+00:00","og_image":[{"width":720,"height":720,"url":"https:\/\/www.miomiorun.com\/app\/uploads\/2026\/04\/crazy-Shirt-air-lost-in-paradisse-S26095114U-00X138.webp","type":"image\/webp"}],"twitter_card":"summary_large_image","schema":{"@context":"https:\/\/schema.org","@graph":[{"@type":"WebPage","@id":"https:\/\/www.miomiorun.com\/es\/producto\/crazy-idea-t-shirt-air-hermano\/","url":"https:\/\/www.miomiorun.com\/es\/producto\/crazy-idea-t-shirt-air-hermano\/","name":"Crazy Idea T-Shirt Air hermano - Camiseta para correr - MioMioRun.com","isPartOf":{"@id":"https:\/\/www.miomiorun.com\/es\/#website"},"primaryImageOfPage":{"@id":"https:\/\/www.miomiorun.com\/es\/producto\/crazy-idea-t-shirt-air-hermano\/#primaryimage"},"image":{"@id":"https:\/\/www.miomiorun.com\/es\/producto\/crazy-idea-t-shirt-air-hermano\/#primaryimage"},"thumbnailUrl":"https:\/\/www.miomiorun.com\/app\/uploads\/2026\/04\/crazy-Shirt-air-lost-in-paradisse-S26095114U-00X138.webp","datePublished":"2020-10-03T14:45:39+00:00","dateModified":"2026-03-05T17:32:26+00:00","description":"Camiseta confeccionada combinando tejidos de diferentes tipos para mejorar sus caracter\u00edsticas t\u00e9cnicas. El tejido frontal cuenta con mapeado y est\u00e1 resaltado con agujeros l\u00e1ser.","breadcrumb":{"@id":"https:\/\/www.miomiorun.com\/es\/producto\/crazy-idea-t-shirt-air-hermano\/#breadcrumb"},"inLanguage":"es-ES","potentialAction":[{"@type":"ReadAction","target":["https:\/\/www.miomiorun.com\/es\/producto\/crazy-idea-t-shirt-air-hermano\/"]}]},{"@type":"ImageObject","inLanguage":"es-ES","@id":"https:\/\/www.miomiorun.com\/es\/producto\/crazy-idea-t-shirt-air-hermano\/#primaryimage","url":"https:\/\/www.miomiorun.com\/app\/uploads\/2026\/04\/crazy-Shirt-air-lost-in-paradisse-S26095114U-00X138.webp","contentUrl":"https:\/\/www.miomiorun.com\/app\/uploads\/2026\/04\/crazy-Shirt-air-lost-in-paradisse-S26095114U-00X138.webp","width":720,"height":720,"caption":"crazy Shirt air lost in paradisse S26095114U-00X138"},{"@type":"BreadcrumbList","@id":"https:\/\/www.miomiorun.com\/es\/producto\/crazy-idea-t-shirt-air-hermano\/#breadcrumb","itemListElement":[{"@type":"ListItem","position":1,"name":"Home","item":"https:\/\/www.miomiorun.com\/es\/"},{"@type":"ListItem","position":2,"name":"Shop","item":"https:\/\/www.miomiorun.com\/shop\/"},{"@type":"ListItem","position":3,"name":"T-Shirt Air hermano"}]},{"@type":"WebSite","@id":"https:\/\/www.miomiorun.com\/es\/#website","url":"https:\/\/www.miomiorun.com\/es\/","name":"MioMioRun","description":"Tienda 100% running y trail","publisher":{"@id":"https:\/\/www.miomiorun.com\/es\/#organization"},"potentialAction":[{"@type":"SearchAction","target":{"@type":"EntryPoint","urlTemplate":"https:\/\/www.miomiorun.com\/es\/?s={search_term_string}"},"query-input":{"@type":"PropertyValueSpecification","valueRequired":true,"valueName":"search_term_string"}}],"inLanguage":"es-ES"},{"@type":"Organization","@id":"https:\/\/www.miomiorun.com\/es\/#organization","name":"MioMio Run","url":"https:\/\/www.miomiorun.com\/es\/","logo":{"@type":"ImageObject","inLanguage":"es-ES","@id":"https:\/\/www.miomiorun.com\/es\/#\/schema\/logo\/image\/","url":"https:\/\/www.miomiorun.com\/app\/uploads\/2019\/12\/logomio.png","contentUrl":"https:\/\/www.miomiorun.com\/app\/uploads\/2019\/12\/logomio.png","width":115,"height":82,"caption":"MioMio Run"},"image":{"@id":"https:\/\/www.miomiorun.com\/es\/#\/schema\/logo\/image\/"},"sameAs":["https:\/\/www.facebook.com\/miomiorun\/","https:\/\/www.instagram.com\/miomiorun\/"]}]}},"_links":{"self":[{"href":"https:\/\/www.miomiorun.com\/es\/wp-json\/wp\/v2\/product\/275545","targetHints":{"allow":["GET"]}}],"collection":[{"href":"https:\/\/www.miomiorun.com\/es\/wp-json\/wp\/v2\/product"}],"about":[{"href":"https:\/\/www.miomiorun.com\/es\/wp-json\/wp\/v2\/types\/product"}],"wp:featuredmedia":[{"embeddable":true,"href":"https:\/\/www.miomiorun.com\/es\/wp-json\/wp\/v2\/media\/432132"}],"wp:attachment":[{"href":"https:\/\/www.miomiorun.com\/es\/wp-json\/wp\/v2\/media?parent=275545"}],"wp:term":[{"taxonomy":"product_brand","embeddable":true,"href":"https:\/\/www.miomiorun.com\/es\/wp-json\/wp\/v2\/product_brand?post=275545"},{"taxonomy":"product_cat","embeddable":true,"href":"https:\/\/www.miomiorun.com\/es\/wp-json\/wp\/v2\/product_cat?post=275545"},{"taxonomy":"product_tag","embeddable":true,"href":"https:\/\/www.miomiorun.com\/es\/wp-json\/wp\/v2\/product_tag?post=275545"}],"curies":[{"name":"wp","href":"https:\/\/api.w.org\/{rel}","templated":true}]}}