{"id":275487,"date":"2020-04-18T11:34:04","date_gmt":"2020-04-18T09:34:04","guid":{"rendered":"https:\/\/miomiorun.com\/prodotto\/newline-black-2-lay-shorts-donna\/"},"modified":"2026-04-29T11:53:18","modified_gmt":"2026-04-29T09:53:18","slug":"newline-black-2-lay-shorts-mujer","status":"publish","type":"product","link":"https:\/\/www.miomiorun.com\/es\/producto\/newline-black-2-lay-shorts-mujer\/","title":{"rendered":"Black 2-Lay Shorts mujer"},"content":{"rendered":"<p>Los pantalones cortos Newline Black 2-Lay Shorts est\u00e1n confeccionados con un tejido ligero, mientras que la capa exterior est\u00e1 fabricada con un tejido perforado que proporciona una mayor ventilaci\u00f3n. Los pantalones interiores est\u00e1n confeccionados con un tejido suave y el\u00e1stico, y la cintura el\u00e1stica aporta mayor comodidad.<\/p>\n<p>Caracter\u00edsticas:<br \/>\n\u2022 Tejido ligero<br \/>\n\u2022 Tejido exterior perforado para mayor ventilaci\u00f3n<br \/>\n\u2022 Pantalones interiores el\u00e1sticos<br \/>\n\u2022 Cintura el\u00e1stica<br \/>\n\u2022 Tejido exterior: 100 % poliamida \/\/ Pantalones interiores: 88 % poli\u00e9ster \/ 12 % elastano<\/p>\n","protected":false},"excerpt":{"rendered":"<p>Los pantalones cortos Newline Black 2-Lay Shorts est\u00e1n confeccionados con un tejido ligero, mientras que la capa exterior est\u00e1 fabricada con un tejido perforado que proporciona una mayor ventilaci\u00f3n. Los pantalones interiores est\u00e1n confeccionados con un tejido suave y el\u00e1stico, y la cintura el\u00e1stica aporta mayor comodidad. Caracter\u00edsticas: \u2022 Tejido ligero \u2022 Tejido exterior perforado &hellip; <a href=\"https:\/\/www.miomiorun.com\/es\/producto\/newline-black-2-lay-shorts-mujer\/\">Continued<\/a><\/p>\n","protected":false},"featured_media":229828,"template":"","meta":{"_acf_changed":false,"inline_featured_image":false},"product_brand":[],"product_cat":[24423,24420,24244],"product_tag":[23509,23636],"class_list":{"0":"post-275487","1":"product","2":"type-product","3":"status-publish","4":"has-post-thumbnail","6":"product_cat-pantalones-cortos-es","7":"product_cat-ropa-de-mujer-es","8":"product_cat-ofertas-para-mujeres","9":"product_tag-newline-es","10":"product_tag-newline-mujer","11":"pa_attivita-running-es","12":"pa_colore-black-2-lay-shorts-70512-060-es","13":"pa_colore-black-2-lay-shorts-70512-767-es","14":"pa_marca-newline-es","15":"pa_sesso-mujer","16":"pa_size-extra-small-es","18":"first","19":"instock","20":"sale","21":"taxable","22":"shipping-taxable","23":"purchasable","24":"product-type-variable","25":"wvs-archive-product-wrapper"},"acf":[],"yoast_head":"<!-- This site is optimized with the Yoast SEO plugin v26.8 - https:\/\/yoast.com\/product\/yoast-seo-wordpress\/ -->\n<title>Newline Black 2-Lay Shorts mujer - Pantalones cortos para mujer - MioMioRun<\/title>\n<meta name=\"description\" content=\"Los pantalones Newline Black 2-Lay Shorts est\u00e1n confeccionados con un tejido ligero; la capa exterior est\u00e1 fabricada con un tejido que proporciona una mayor ventilaci\u00f3n.\" \/>\n<meta name=\"robots\" content=\"index, follow, max-snippet:-1, max-image-preview:large, max-video-preview:-1\" \/>\n<link rel=\"canonical\" href=\"https:\/\/www.miomiorun.com\/es\/producto\/newline-black-2-lay-shorts-mujer\/\" \/>\n<meta property=\"og:locale\" content=\"es_ES\" \/>\n<meta property=\"og:type\" content=\"article\" \/>\n<meta property=\"og:title\" content=\"Newline Black 2-Lay Shorts mujer - Pantalones cortos para mujer - MioMioRun\" \/>\n<meta property=\"og:description\" content=\"Los pantalones Newline Black 2-Lay Shorts est\u00e1n confeccionados con un tejido ligero; la capa exterior est\u00e1 fabricada con un tejido que proporciona una mayor ventilaci\u00f3n.\" \/>\n<meta property=\"og:url\" content=\"https:\/\/www.miomiorun.com\/es\/producto\/newline-black-2-lay-shorts-mujer\/\" \/>\n<meta property=\"og:site_name\" content=\"MioMioRun\" \/>\n<meta property=\"article:publisher\" content=\"https:\/\/www.facebook.com\/miomiorun\/\" \/>\n<meta property=\"article:modified_time\" content=\"2026-04-29T09:53:18+00:00\" \/>\n<meta property=\"og:image\" content=\"https:\/\/www.miomiorun.com\/app\/uploads\/2020\/04\/Black-2-lay-shorts-70512-767.jpg\" \/>\n\t<meta property=\"og:image:width\" content=\"600\" \/>\n\t<meta property=\"og:image:height\" content=\"600\" \/>\n\t<meta property=\"og:image:type\" content=\"image\/jpeg\" \/>\n<meta name=\"twitter:card\" content=\"summary_large_image\" \/>\n<script type=\"application\/ld+json\" class=\"yoast-schema-graph\">{\"@context\":\"https:\/\/schema.org\",\"@graph\":[{\"@type\":\"WebPage\",\"@id\":\"https:\/\/www.miomiorun.com\/es\/producto\/newline-black-2-lay-shorts-mujer\/\",\"url\":\"https:\/\/www.miomiorun.com\/es\/producto\/newline-black-2-lay-shorts-mujer\/\",\"name\":\"Newline Black 2-Lay Shorts mujer - Pantalones cortos para mujer - MioMioRun\",\"isPartOf\":{\"@id\":\"https:\/\/www.miomiorun.com\/es\/#website\"},\"primaryImageOfPage\":{\"@id\":\"https:\/\/www.miomiorun.com\/es\/producto\/newline-black-2-lay-shorts-mujer\/#primaryimage\"},\"image\":{\"@id\":\"https:\/\/www.miomiorun.com\/es\/producto\/newline-black-2-lay-shorts-mujer\/#primaryimage\"},\"thumbnailUrl\":\"https:\/\/www.miomiorun.com\/app\/uploads\/2020\/04\/Black-2-lay-shorts-70512-767.jpg\",\"datePublished\":\"2020-04-18T09:34:04+00:00\",\"dateModified\":\"2026-04-29T09:53:18+00:00\",\"description\":\"Los pantalones Newline Black 2-Lay Shorts est\u00e1n confeccionados con un tejido ligero; la capa exterior est\u00e1 fabricada con un tejido que proporciona una mayor ventilaci\u00f3n.\",\"breadcrumb\":{\"@id\":\"https:\/\/www.miomiorun.com\/es\/producto\/newline-black-2-lay-shorts-mujer\/#breadcrumb\"},\"inLanguage\":\"es-ES\",\"potentialAction\":[{\"@type\":\"ReadAction\",\"target\":[\"https:\/\/www.miomiorun.com\/es\/producto\/newline-black-2-lay-shorts-mujer\/\"]}]},{\"@type\":\"ImageObject\",\"inLanguage\":\"es-ES\",\"@id\":\"https:\/\/www.miomiorun.com\/es\/producto\/newline-black-2-lay-shorts-mujer\/#primaryimage\",\"url\":\"https:\/\/www.miomiorun.com\/app\/uploads\/2020\/04\/Black-2-lay-shorts-70512-767.jpg\",\"contentUrl\":\"https:\/\/www.miomiorun.com\/app\/uploads\/2020\/04\/Black-2-lay-shorts-70512-767.jpg\",\"width\":600,\"height\":600,\"caption\":\"Black-2-lay-shorts-70512-767\"},{\"@type\":\"BreadcrumbList\",\"@id\":\"https:\/\/www.miomiorun.com\/es\/producto\/newline-black-2-lay-shorts-mujer\/#breadcrumb\",\"itemListElement\":[{\"@type\":\"ListItem\",\"position\":1,\"name\":\"Home\",\"item\":\"https:\/\/www.miomiorun.com\/es\/\"},{\"@type\":\"ListItem\",\"position\":2,\"name\":\"Shop\",\"item\":\"https:\/\/www.miomiorun.com\/shop\/\"},{\"@type\":\"ListItem\",\"position\":3,\"name\":\"Black 2-Lay Shorts mujer\"}]},{\"@type\":\"WebSite\",\"@id\":\"https:\/\/www.miomiorun.com\/es\/#website\",\"url\":\"https:\/\/www.miomiorun.com\/es\/\",\"name\":\"MioMioRun\",\"description\":\"Tienda 100% running y trail\",\"publisher\":{\"@id\":\"https:\/\/www.miomiorun.com\/es\/#organization\"},\"potentialAction\":[{\"@type\":\"SearchAction\",\"target\":{\"@type\":\"EntryPoint\",\"urlTemplate\":\"https:\/\/www.miomiorun.com\/es\/?s={search_term_string}\"},\"query-input\":{\"@type\":\"PropertyValueSpecification\",\"valueRequired\":true,\"valueName\":\"search_term_string\"}}],\"inLanguage\":\"es-ES\"},{\"@type\":\"Organization\",\"@id\":\"https:\/\/www.miomiorun.com\/es\/#organization\",\"name\":\"MioMio Run\",\"url\":\"https:\/\/www.miomiorun.com\/es\/\",\"logo\":{\"@type\":\"ImageObject\",\"inLanguage\":\"es-ES\",\"@id\":\"https:\/\/www.miomiorun.com\/es\/#\/schema\/logo\/image\/\",\"url\":\"https:\/\/www.miomiorun.com\/app\/uploads\/2019\/12\/logomio.png\",\"contentUrl\":\"https:\/\/www.miomiorun.com\/app\/uploads\/2019\/12\/logomio.png\",\"width\":115,\"height\":82,\"caption\":\"MioMio Run\"},\"image\":{\"@id\":\"https:\/\/www.miomiorun.com\/es\/#\/schema\/logo\/image\/\"},\"sameAs\":[\"https:\/\/www.facebook.com\/miomiorun\/\",\"https:\/\/www.instagram.com\/miomiorun\/\"]}]}<\/script>\n<!-- \/ Yoast SEO plugin. -->","yoast_head_json":{"title":"Newline Black 2-Lay Shorts mujer - Pantalones cortos para mujer - MioMioRun","description":"Los pantalones Newline Black 2-Lay Shorts est\u00e1n confeccionados con un tejido ligero; la capa exterior est\u00e1 fabricada con un tejido que proporciona una mayor ventilaci\u00f3n.","robots":{"index":"index","follow":"follow","max-snippet":"max-snippet:-1","max-image-preview":"max-image-preview:large","max-video-preview":"max-video-preview:-1"},"canonical":"https:\/\/www.miomiorun.com\/es\/producto\/newline-black-2-lay-shorts-mujer\/","og_locale":"es_ES","og_type":"article","og_title":"Newline Black 2-Lay Shorts mujer - Pantalones cortos para mujer - MioMioRun","og_description":"Los pantalones Newline Black 2-Lay Shorts est\u00e1n confeccionados con un tejido ligero; la capa exterior est\u00e1 fabricada con un tejido que proporciona una mayor ventilaci\u00f3n.","og_url":"https:\/\/www.miomiorun.com\/es\/producto\/newline-black-2-lay-shorts-mujer\/","og_site_name":"MioMioRun","article_publisher":"https:\/\/www.facebook.com\/miomiorun\/","article_modified_time":"2026-04-29T09:53:18+00:00","og_image":[{"width":600,"height":600,"url":"https:\/\/www.miomiorun.com\/app\/uploads\/2020\/04\/Black-2-lay-shorts-70512-767.jpg","type":"image\/jpeg"}],"twitter_card":"summary_large_image","schema":{"@context":"https:\/\/schema.org","@graph":[{"@type":"WebPage","@id":"https:\/\/www.miomiorun.com\/es\/producto\/newline-black-2-lay-shorts-mujer\/","url":"https:\/\/www.miomiorun.com\/es\/producto\/newline-black-2-lay-shorts-mujer\/","name":"Newline Black 2-Lay Shorts mujer - Pantalones cortos para mujer - MioMioRun","isPartOf":{"@id":"https:\/\/www.miomiorun.com\/es\/#website"},"primaryImageOfPage":{"@id":"https:\/\/www.miomiorun.com\/es\/producto\/newline-black-2-lay-shorts-mujer\/#primaryimage"},"image":{"@id":"https:\/\/www.miomiorun.com\/es\/producto\/newline-black-2-lay-shorts-mujer\/#primaryimage"},"thumbnailUrl":"https:\/\/www.miomiorun.com\/app\/uploads\/2020\/04\/Black-2-lay-shorts-70512-767.jpg","datePublished":"2020-04-18T09:34:04+00:00","dateModified":"2026-04-29T09:53:18+00:00","description":"Los pantalones Newline Black 2-Lay Shorts est\u00e1n confeccionados con un tejido ligero; la capa exterior est\u00e1 fabricada con un tejido que proporciona una mayor ventilaci\u00f3n.","breadcrumb":{"@id":"https:\/\/www.miomiorun.com\/es\/producto\/newline-black-2-lay-shorts-mujer\/#breadcrumb"},"inLanguage":"es-ES","potentialAction":[{"@type":"ReadAction","target":["https:\/\/www.miomiorun.com\/es\/producto\/newline-black-2-lay-shorts-mujer\/"]}]},{"@type":"ImageObject","inLanguage":"es-ES","@id":"https:\/\/www.miomiorun.com\/es\/producto\/newline-black-2-lay-shorts-mujer\/#primaryimage","url":"https:\/\/www.miomiorun.com\/app\/uploads\/2020\/04\/Black-2-lay-shorts-70512-767.jpg","contentUrl":"https:\/\/www.miomiorun.com\/app\/uploads\/2020\/04\/Black-2-lay-shorts-70512-767.jpg","width":600,"height":600,"caption":"Black-2-lay-shorts-70512-767"},{"@type":"BreadcrumbList","@id":"https:\/\/www.miomiorun.com\/es\/producto\/newline-black-2-lay-shorts-mujer\/#breadcrumb","itemListElement":[{"@type":"ListItem","position":1,"name":"Home","item":"https:\/\/www.miomiorun.com\/es\/"},{"@type":"ListItem","position":2,"name":"Shop","item":"https:\/\/www.miomiorun.com\/shop\/"},{"@type":"ListItem","position":3,"name":"Black 2-Lay Shorts mujer"}]},{"@type":"WebSite","@id":"https:\/\/www.miomiorun.com\/es\/#website","url":"https:\/\/www.miomiorun.com\/es\/","name":"MioMioRun","description":"Tienda 100% running y trail","publisher":{"@id":"https:\/\/www.miomiorun.com\/es\/#organization"},"potentialAction":[{"@type":"SearchAction","target":{"@type":"EntryPoint","urlTemplate":"https:\/\/www.miomiorun.com\/es\/?s={search_term_string}"},"query-input":{"@type":"PropertyValueSpecification","valueRequired":true,"valueName":"search_term_string"}}],"inLanguage":"es-ES"},{"@type":"Organization","@id":"https:\/\/www.miomiorun.com\/es\/#organization","name":"MioMio Run","url":"https:\/\/www.miomiorun.com\/es\/","logo":{"@type":"ImageObject","inLanguage":"es-ES","@id":"https:\/\/www.miomiorun.com\/es\/#\/schema\/logo\/image\/","url":"https:\/\/www.miomiorun.com\/app\/uploads\/2019\/12\/logomio.png","contentUrl":"https:\/\/www.miomiorun.com\/app\/uploads\/2019\/12\/logomio.png","width":115,"height":82,"caption":"MioMio Run"},"image":{"@id":"https:\/\/www.miomiorun.com\/es\/#\/schema\/logo\/image\/"},"sameAs":["https:\/\/www.facebook.com\/miomiorun\/","https:\/\/www.instagram.com\/miomiorun\/"]}]}},"_links":{"self":[{"href":"https:\/\/www.miomiorun.com\/es\/wp-json\/wp\/v2\/product\/275487","targetHints":{"allow":["GET"]}}],"collection":[{"href":"https:\/\/www.miomiorun.com\/es\/wp-json\/wp\/v2\/product"}],"about":[{"href":"https:\/\/www.miomiorun.com\/es\/wp-json\/wp\/v2\/types\/product"}],"wp:featuredmedia":[{"embeddable":true,"href":"https:\/\/www.miomiorun.com\/es\/wp-json\/wp\/v2\/media\/229828"}],"wp:attachment":[{"href":"https:\/\/www.miomiorun.com\/es\/wp-json\/wp\/v2\/media?parent=275487"}],"wp:term":[{"taxonomy":"product_brand","embeddable":true,"href":"https:\/\/www.miomiorun.com\/es\/wp-json\/wp\/v2\/product_brand?post=275487"},{"taxonomy":"product_cat","embeddable":true,"href":"https:\/\/www.miomiorun.com\/es\/wp-json\/wp\/v2\/product_cat?post=275487"},{"taxonomy":"product_tag","embeddable":true,"href":"https:\/\/www.miomiorun.com\/es\/wp-json\/wp\/v2\/product_tag?post=275487"}],"curies":[{"name":"wp","href":"https:\/\/api.w.org\/{rel}","templated":true}]}}