{"id":275462,"date":"2020-04-26T10:21:14","date_gmt":"2020-04-26T08:21:14","guid":{"rendered":"https:\/\/miomiorun.com\/prodotto\/wild-tee-parrots-donna\/"},"modified":"2026-04-29T11:55:54","modified_gmt":"2026-04-29T09:55:54","slug":"wild-tee-parrots-mujer","status":"publish","type":"product","link":"https:\/\/www.miomiorun.com\/es\/producto\/wild-tee-parrots-mujer\/","title":{"rendered":"Parrots mujer"},"content":{"rendered":"<p>Ya sea urbana o tropical, sea cual sea la jungla por la que te muevas, dale vida con los c\u00e1lidos colores de los loros de Wild Tee.<\/p>\n<p>Camiseta sin mangas t\u00e9cnica, ligera y transpirable. Confeccionada en tejido Micromesh, suave como la seda. Ideal tanto para carreras de Ultra Trail como para tomar algo con los amigos.<\/p>\n<p><strong>FABRICADA EN EUROPA<\/strong><\/p>\n<p><strong>PESO<\/strong> 75 g.<\/p>\n<p><strong>COMPOSICI\u00d3N<\/strong> 100 % PES estampado por sublimaci\u00f3n total.<\/p>\n<p><strong>INSTRUCCIONES DE LAVADO<br \/>\n<\/strong>Los productos Wild Tee est\u00e1n hechos para durar, su cuidado es muy sencillo: lavar del rev\u00e9s, en lavadora, con un programa para prendas deportivas, sin suavizante, a una temperatura m\u00e1xima de 40 \u00b0C, secar al aire.<\/p>\n<p>&nbsp;<\/p>\n","protected":false},"excerpt":{"rendered":"<p>Ya sea urbana o tropical, sea cual sea la jungla por la que te muevas, dale vida con los c\u00e1lidos colores de los loros de Wild Tee. Camiseta sin mangas t\u00e9cnica, ligera y transpirable. Confeccionada en tejido Micromesh, suave como la seda. Ideal tanto para carreras de Ultra Trail como para tomar algo con los &hellip; <a href=\"https:\/\/www.miomiorun.com\/es\/producto\/wild-tee-parrots-mujer\/\">Continued<\/a><\/p>\n","protected":false},"featured_media":229850,"template":"","meta":{"_acf_changed":false,"inline_featured_image":false},"product_brand":[],"product_cat":[24399,24401,24402],"product_tag":[23527,23624],"class_list":{"0":"post-275462","1":"product","2":"type-product","3":"status-publish","4":"has-post-thumbnail","6":"product_cat-chalecos","7":"product_cat-ropa-de-mujer","8":"product_cat-mujer","9":"product_tag-wild-tee-es","10":"product_tag-wild-tee-mujer","11":"pa_attivita-caminar","12":"pa_attivita-running-es","13":"pa_marca-wild-tee-es","14":"pa_sesso-mujer","15":"pa_size-small-es","17":"first","18":"instock","19":"sale","20":"taxable","21":"shipping-taxable","22":"purchasable","23":"product-type-variable","24":"wvs-archive-product-wrapper"},"acf":[],"yoast_head":"<!-- This site is optimized with the Yoast SEO plugin v26.8 - https:\/\/yoast.com\/product\/yoast-seo-wordpress\/ -->\n<title>Wild Tee Parrots mujer - Camiseta sin mangas para correr - MioMioRun<\/title>\n<meta name=\"description\" content=\"Camiseta sin mangas t\u00e9cnica, ligera y transpirable. Confeccionada en tejido Micromesh, suave como la seda. Ideal tanto para carreras de ultratrail como para tomar algo con los amigos.\" \/>\n<meta name=\"robots\" content=\"index, follow, max-snippet:-1, max-image-preview:large, max-video-preview:-1\" \/>\n<link rel=\"canonical\" href=\"https:\/\/www.miomiorun.com\/es\/producto\/wild-tee-parrots-mujer\/\" \/>\n<meta property=\"og:locale\" content=\"es_ES\" \/>\n<meta property=\"og:type\" content=\"article\" \/>\n<meta property=\"og:title\" content=\"Wild Tee Parrots mujer - Camiseta sin mangas para correr - MioMioRun\" \/>\n<meta property=\"og:description\" content=\"Camiseta sin mangas t\u00e9cnica, ligera y transpirable. Confeccionada en tejido Micromesh, suave como la seda. Ideal tanto para carreras de ultratrail como para tomar algo con los amigos.\" \/>\n<meta property=\"og:url\" content=\"https:\/\/www.miomiorun.com\/es\/producto\/wild-tee-parrots-mujer\/\" \/>\n<meta property=\"og:site_name\" content=\"MioMioRun\" \/>\n<meta property=\"article:publisher\" content=\"https:\/\/www.facebook.com\/miomiorun\/\" \/>\n<meta property=\"article:modified_time\" content=\"2026-04-29T09:55:54+00:00\" \/>\n<meta property=\"og:image\" content=\"https:\/\/www.miomiorun.com\/app\/uploads\/2020\/04\/parrots-tank-women.jpg\" \/>\n\t<meta property=\"og:image:width\" content=\"600\" \/>\n\t<meta property=\"og:image:height\" content=\"600\" \/>\n\t<meta property=\"og:image:type\" content=\"image\/jpeg\" \/>\n<meta name=\"twitter:card\" content=\"summary_large_image\" \/>\n<meta name=\"twitter:label1\" content=\"Est. reading time\" \/>\n\t<meta name=\"twitter:data1\" content=\"1 minute\" \/>\n<script type=\"application\/ld+json\" class=\"yoast-schema-graph\">{\"@context\":\"https:\/\/schema.org\",\"@graph\":[{\"@type\":\"WebPage\",\"@id\":\"https:\/\/www.miomiorun.com\/es\/producto\/wild-tee-parrots-mujer\/\",\"url\":\"https:\/\/www.miomiorun.com\/es\/producto\/wild-tee-parrots-mujer\/\",\"name\":\"Wild Tee Parrots mujer - Camiseta sin mangas para correr - MioMioRun\",\"isPartOf\":{\"@id\":\"https:\/\/www.miomiorun.com\/es\/#website\"},\"primaryImageOfPage\":{\"@id\":\"https:\/\/www.miomiorun.com\/es\/producto\/wild-tee-parrots-mujer\/#primaryimage\"},\"image\":{\"@id\":\"https:\/\/www.miomiorun.com\/es\/producto\/wild-tee-parrots-mujer\/#primaryimage\"},\"thumbnailUrl\":\"https:\/\/www.miomiorun.com\/app\/uploads\/2020\/04\/parrots-tank-women.jpg\",\"datePublished\":\"2020-04-26T08:21:14+00:00\",\"dateModified\":\"2026-04-29T09:55:54+00:00\",\"description\":\"Camiseta sin mangas t\u00e9cnica, ligera y transpirable. Confeccionada en tejido Micromesh, suave como la seda. Ideal tanto para carreras de ultratrail como para tomar algo con los amigos.\",\"breadcrumb\":{\"@id\":\"https:\/\/www.miomiorun.com\/es\/producto\/wild-tee-parrots-mujer\/#breadcrumb\"},\"inLanguage\":\"es-ES\",\"potentialAction\":[{\"@type\":\"ReadAction\",\"target\":[\"https:\/\/www.miomiorun.com\/es\/producto\/wild-tee-parrots-mujer\/\"]}]},{\"@type\":\"ImageObject\",\"inLanguage\":\"es-ES\",\"@id\":\"https:\/\/www.miomiorun.com\/es\/producto\/wild-tee-parrots-mujer\/#primaryimage\",\"url\":\"https:\/\/www.miomiorun.com\/app\/uploads\/2020\/04\/parrots-tank-women.jpg\",\"contentUrl\":\"https:\/\/www.miomiorun.com\/app\/uploads\/2020\/04\/parrots-tank-women.jpg\",\"width\":600,\"height\":600,\"caption\":\"CREATOR: gd-jpeg v1.0 (using IJG JPEG v62), quality = 90\"},{\"@type\":\"BreadcrumbList\",\"@id\":\"https:\/\/www.miomiorun.com\/es\/producto\/wild-tee-parrots-mujer\/#breadcrumb\",\"itemListElement\":[{\"@type\":\"ListItem\",\"position\":1,\"name\":\"Home\",\"item\":\"https:\/\/www.miomiorun.com\/es\/\"},{\"@type\":\"ListItem\",\"position\":2,\"name\":\"Shop\",\"item\":\"https:\/\/www.miomiorun.com\/shop\/\"},{\"@type\":\"ListItem\",\"position\":3,\"name\":\"Parrots mujer\"}]},{\"@type\":\"WebSite\",\"@id\":\"https:\/\/www.miomiorun.com\/es\/#website\",\"url\":\"https:\/\/www.miomiorun.com\/es\/\",\"name\":\"MioMioRun\",\"description\":\"Tienda 100% running y trail\",\"publisher\":{\"@id\":\"https:\/\/www.miomiorun.com\/es\/#organization\"},\"potentialAction\":[{\"@type\":\"SearchAction\",\"target\":{\"@type\":\"EntryPoint\",\"urlTemplate\":\"https:\/\/www.miomiorun.com\/es\/?s={search_term_string}\"},\"query-input\":{\"@type\":\"PropertyValueSpecification\",\"valueRequired\":true,\"valueName\":\"search_term_string\"}}],\"inLanguage\":\"es-ES\"},{\"@type\":\"Organization\",\"@id\":\"https:\/\/www.miomiorun.com\/es\/#organization\",\"name\":\"MioMio Run\",\"url\":\"https:\/\/www.miomiorun.com\/es\/\",\"logo\":{\"@type\":\"ImageObject\",\"inLanguage\":\"es-ES\",\"@id\":\"https:\/\/www.miomiorun.com\/es\/#\/schema\/logo\/image\/\",\"url\":\"https:\/\/www.miomiorun.com\/app\/uploads\/2019\/12\/logomio.png\",\"contentUrl\":\"https:\/\/www.miomiorun.com\/app\/uploads\/2019\/12\/logomio.png\",\"width\":115,\"height\":82,\"caption\":\"MioMio Run\"},\"image\":{\"@id\":\"https:\/\/www.miomiorun.com\/es\/#\/schema\/logo\/image\/\"},\"sameAs\":[\"https:\/\/www.facebook.com\/miomiorun\/\",\"https:\/\/www.instagram.com\/miomiorun\/\"]}]}<\/script>\n<!-- \/ Yoast SEO plugin. -->","yoast_head_json":{"title":"Wild Tee Parrots mujer - Camiseta sin mangas para correr - MioMioRun","description":"Camiseta sin mangas t\u00e9cnica, ligera y transpirable. Confeccionada en tejido Micromesh, suave como la seda. Ideal tanto para carreras de ultratrail como para tomar algo con los amigos.","robots":{"index":"index","follow":"follow","max-snippet":"max-snippet:-1","max-image-preview":"max-image-preview:large","max-video-preview":"max-video-preview:-1"},"canonical":"https:\/\/www.miomiorun.com\/es\/producto\/wild-tee-parrots-mujer\/","og_locale":"es_ES","og_type":"article","og_title":"Wild Tee Parrots mujer - Camiseta sin mangas para correr - MioMioRun","og_description":"Camiseta sin mangas t\u00e9cnica, ligera y transpirable. Confeccionada en tejido Micromesh, suave como la seda. Ideal tanto para carreras de ultratrail como para tomar algo con los amigos.","og_url":"https:\/\/www.miomiorun.com\/es\/producto\/wild-tee-parrots-mujer\/","og_site_name":"MioMioRun","article_publisher":"https:\/\/www.facebook.com\/miomiorun\/","article_modified_time":"2026-04-29T09:55:54+00:00","og_image":[{"width":600,"height":600,"url":"https:\/\/www.miomiorun.com\/app\/uploads\/2020\/04\/parrots-tank-women.jpg","type":"image\/jpeg"}],"twitter_card":"summary_large_image","twitter_misc":{"Est. reading time":"1 minute"},"schema":{"@context":"https:\/\/schema.org","@graph":[{"@type":"WebPage","@id":"https:\/\/www.miomiorun.com\/es\/producto\/wild-tee-parrots-mujer\/","url":"https:\/\/www.miomiorun.com\/es\/producto\/wild-tee-parrots-mujer\/","name":"Wild Tee Parrots mujer - Camiseta sin mangas para correr - MioMioRun","isPartOf":{"@id":"https:\/\/www.miomiorun.com\/es\/#website"},"primaryImageOfPage":{"@id":"https:\/\/www.miomiorun.com\/es\/producto\/wild-tee-parrots-mujer\/#primaryimage"},"image":{"@id":"https:\/\/www.miomiorun.com\/es\/producto\/wild-tee-parrots-mujer\/#primaryimage"},"thumbnailUrl":"https:\/\/www.miomiorun.com\/app\/uploads\/2020\/04\/parrots-tank-women.jpg","datePublished":"2020-04-26T08:21:14+00:00","dateModified":"2026-04-29T09:55:54+00:00","description":"Camiseta sin mangas t\u00e9cnica, ligera y transpirable. Confeccionada en tejido Micromesh, suave como la seda. Ideal tanto para carreras de ultratrail como para tomar algo con los amigos.","breadcrumb":{"@id":"https:\/\/www.miomiorun.com\/es\/producto\/wild-tee-parrots-mujer\/#breadcrumb"},"inLanguage":"es-ES","potentialAction":[{"@type":"ReadAction","target":["https:\/\/www.miomiorun.com\/es\/producto\/wild-tee-parrots-mujer\/"]}]},{"@type":"ImageObject","inLanguage":"es-ES","@id":"https:\/\/www.miomiorun.com\/es\/producto\/wild-tee-parrots-mujer\/#primaryimage","url":"https:\/\/www.miomiorun.com\/app\/uploads\/2020\/04\/parrots-tank-women.jpg","contentUrl":"https:\/\/www.miomiorun.com\/app\/uploads\/2020\/04\/parrots-tank-women.jpg","width":600,"height":600,"caption":"CREATOR: gd-jpeg v1.0 (using IJG JPEG v62), quality = 90"},{"@type":"BreadcrumbList","@id":"https:\/\/www.miomiorun.com\/es\/producto\/wild-tee-parrots-mujer\/#breadcrumb","itemListElement":[{"@type":"ListItem","position":1,"name":"Home","item":"https:\/\/www.miomiorun.com\/es\/"},{"@type":"ListItem","position":2,"name":"Shop","item":"https:\/\/www.miomiorun.com\/shop\/"},{"@type":"ListItem","position":3,"name":"Parrots mujer"}]},{"@type":"WebSite","@id":"https:\/\/www.miomiorun.com\/es\/#website","url":"https:\/\/www.miomiorun.com\/es\/","name":"MioMioRun","description":"Tienda 100% running y trail","publisher":{"@id":"https:\/\/www.miomiorun.com\/es\/#organization"},"potentialAction":[{"@type":"SearchAction","target":{"@type":"EntryPoint","urlTemplate":"https:\/\/www.miomiorun.com\/es\/?s={search_term_string}"},"query-input":{"@type":"PropertyValueSpecification","valueRequired":true,"valueName":"search_term_string"}}],"inLanguage":"es-ES"},{"@type":"Organization","@id":"https:\/\/www.miomiorun.com\/es\/#organization","name":"MioMio Run","url":"https:\/\/www.miomiorun.com\/es\/","logo":{"@type":"ImageObject","inLanguage":"es-ES","@id":"https:\/\/www.miomiorun.com\/es\/#\/schema\/logo\/image\/","url":"https:\/\/www.miomiorun.com\/app\/uploads\/2019\/12\/logomio.png","contentUrl":"https:\/\/www.miomiorun.com\/app\/uploads\/2019\/12\/logomio.png","width":115,"height":82,"caption":"MioMio Run"},"image":{"@id":"https:\/\/www.miomiorun.com\/es\/#\/schema\/logo\/image\/"},"sameAs":["https:\/\/www.facebook.com\/miomiorun\/","https:\/\/www.instagram.com\/miomiorun\/"]}]}},"_links":{"self":[{"href":"https:\/\/www.miomiorun.com\/es\/wp-json\/wp\/v2\/product\/275462","targetHints":{"allow":["GET"]}}],"collection":[{"href":"https:\/\/www.miomiorun.com\/es\/wp-json\/wp\/v2\/product"}],"about":[{"href":"https:\/\/www.miomiorun.com\/es\/wp-json\/wp\/v2\/types\/product"}],"wp:featuredmedia":[{"embeddable":true,"href":"https:\/\/www.miomiorun.com\/es\/wp-json\/wp\/v2\/media\/229850"}],"wp:attachment":[{"href":"https:\/\/www.miomiorun.com\/es\/wp-json\/wp\/v2\/media?parent=275462"}],"wp:term":[{"taxonomy":"product_brand","embeddable":true,"href":"https:\/\/www.miomiorun.com\/es\/wp-json\/wp\/v2\/product_brand?post=275462"},{"taxonomy":"product_cat","embeddable":true,"href":"https:\/\/www.miomiorun.com\/es\/wp-json\/wp\/v2\/product_cat?post=275462"},{"taxonomy":"product_tag","embeddable":true,"href":"https:\/\/www.miomiorun.com\/es\/wp-json\/wp\/v2\/product_tag?post=275462"}],"curies":[{"name":"wp","href":"https:\/\/api.w.org\/{rel}","templated":true}]}}