{"id":275461,"date":"2020-04-26T11:03:04","date_gmt":"2020-04-26T09:03:04","guid":{"rendered":"https:\/\/miomiorun.com\/prodotto\/casall-iconic-sports-bra-donna\/"},"modified":"2026-04-29T11:58:43","modified_gmt":"2026-04-29T09:58:43","slug":"casall-iconic-sports-bra-mujer","status":"publish","type":"product","link":"https:\/\/www.miomiorun.com\/es\/producto\/casall-iconic-sports-bra-mujer\/","title":{"rendered":"Iconic Sports Bra mujer"},"content":{"rendered":"<div class=\"single-product-description\">El Iconic Bra es un sujetador vers\u00e1til, apto tanto para actividades de bajo como de alto impacto. Cuenta con una estructura muy resistente pero suave que permite un uso muy vers\u00e1til. Est\u00e1 fabricado en dos capas: la capa interior es de Tactel Micro Aquator y permite transferir el sudor al exterior muy r\u00e1pidamente, mientras que la capa exterior del sujetador es de poli\u00e9ster, lo que permite dispersar el sudor y hacer que se evapore m\u00e1s r\u00e1pidamente. Todas las zonas en contacto con la piel en los puntos de fricci\u00f3n cuentan con materiales extra suaves y muy transpirables.<\/div>\n","protected":false},"excerpt":{"rendered":"<p>El Iconic Bra es un sujetador vers\u00e1til, apto tanto para actividades de bajo como de alto impacto. Cuenta con una estructura muy resistente pero suave que permite un uso muy vers\u00e1til. Est\u00e1 fabricado en dos capas: la capa interior es de Tactel Micro Aquator y permite transferir el sudor al exterior muy r\u00e1pidamente, mientras que &hellip; <a href=\"https:\/\/www.miomiorun.com\/es\/producto\/casall-iconic-sports-bra-mujer\/\">Continued<\/a><\/p>\n","protected":false},"featured_media":229856,"template":"","meta":{"_acf_changed":false,"inline_featured_image":false},"product_brand":[],"product_cat":[24420,24424,24244],"product_tag":[23465,23657],"class_list":{"0":"post-275461","1":"product","2":"type-product","3":"status-publish","4":"has-post-thumbnail","6":"product_cat-ropa-de-mujer-es","7":"product_cat-ropa-interior-es","8":"product_cat-ofertas-para-mujeres","9":"product_tag-casall-es","10":"product_tag-casall-mujer","11":"pa_colore-iconic-sports-bra-a-b-249-es","12":"pa_colore-iconic-sports-bra-a-b-901-es","13":"pa_marca-casall-es","14":"pa_sesso-mujer","15":"pa_size-extra-small-es","16":"pa_size-small-es","17":"pa_size-medium-es","19":"first","20":"instock","21":"sale","22":"taxable","23":"shipping-taxable","24":"purchasable","25":"product-type-variable","26":"wvs-archive-product-wrapper"},"acf":[],"yoast_head":"<!-- This site is optimized with the Yoast SEO plugin v26.8 - https:\/\/yoast.com\/product\/yoast-seo-wordpress\/ -->\n<title>Casall Iconic Sports Bra mujer - Sujetador deportivo - MioMioRun.com<\/title>\n<meta name=\"description\" content=\"El Iconic Bra es un sujetador vers\u00e1til, apto tanto para actividades de bajo impacto como de alto impacto. Tiene una estructura muy resistente, pero suave.\" \/>\n<meta name=\"robots\" content=\"index, follow, max-snippet:-1, max-image-preview:large, max-video-preview:-1\" \/>\n<link rel=\"canonical\" href=\"https:\/\/www.miomiorun.com\/es\/producto\/casall-iconic-sports-bra-mujer\/\" \/>\n<meta property=\"og:locale\" content=\"es_ES\" \/>\n<meta property=\"og:type\" content=\"article\" \/>\n<meta property=\"og:title\" content=\"Casall Iconic Sports Bra mujer - Sujetador deportivo - MioMioRun.com\" \/>\n<meta property=\"og:description\" content=\"El Iconic Bra es un sujetador vers\u00e1til, apto tanto para actividades de bajo impacto como de alto impacto. Tiene una estructura muy resistente, pero suave.\" \/>\n<meta property=\"og:url\" content=\"https:\/\/www.miomiorun.com\/es\/producto\/casall-iconic-sports-bra-mujer\/\" \/>\n<meta property=\"og:site_name\" content=\"MioMioRun\" \/>\n<meta property=\"article:publisher\" content=\"https:\/\/www.facebook.com\/miomiorun\/\" \/>\n<meta property=\"article:modified_time\" content=\"2026-04-29T09:58:43+00:00\" \/>\n<meta property=\"og:image\" content=\"https:\/\/www.miomiorun.com\/app\/uploads\/2020\/04\/Iconic-sports-bra-A-B-black-1620-300-AB901.jpg\" \/>\n\t<meta property=\"og:image:width\" content=\"600\" \/>\n\t<meta property=\"og:image:height\" content=\"600\" \/>\n\t<meta property=\"og:image:type\" content=\"image\/jpeg\" \/>\n<meta name=\"twitter:card\" content=\"summary_large_image\" \/>\n<meta name=\"twitter:label1\" content=\"Est. reading time\" \/>\n\t<meta name=\"twitter:data1\" content=\"1 minute\" \/>\n<script type=\"application\/ld+json\" class=\"yoast-schema-graph\">{\"@context\":\"https:\/\/schema.org\",\"@graph\":[{\"@type\":\"WebPage\",\"@id\":\"https:\/\/www.miomiorun.com\/es\/producto\/casall-iconic-sports-bra-mujer\/\",\"url\":\"https:\/\/www.miomiorun.com\/es\/producto\/casall-iconic-sports-bra-mujer\/\",\"name\":\"Casall Iconic Sports Bra mujer - Sujetador deportivo - MioMioRun.com\",\"isPartOf\":{\"@id\":\"https:\/\/www.miomiorun.com\/es\/#website\"},\"primaryImageOfPage\":{\"@id\":\"https:\/\/www.miomiorun.com\/es\/producto\/casall-iconic-sports-bra-mujer\/#primaryimage\"},\"image\":{\"@id\":\"https:\/\/www.miomiorun.com\/es\/producto\/casall-iconic-sports-bra-mujer\/#primaryimage\"},\"thumbnailUrl\":\"https:\/\/www.miomiorun.com\/app\/uploads\/2020\/04\/Iconic-sports-bra-A-B-black-1620-300-AB901.jpg\",\"datePublished\":\"2020-04-26T09:03:04+00:00\",\"dateModified\":\"2026-04-29T09:58:43+00:00\",\"description\":\"El Iconic Bra es un sujetador vers\u00e1til, apto tanto para actividades de bajo impacto como de alto impacto. Tiene una estructura muy resistente, pero suave.\",\"breadcrumb\":{\"@id\":\"https:\/\/www.miomiorun.com\/es\/producto\/casall-iconic-sports-bra-mujer\/#breadcrumb\"},\"inLanguage\":\"es-ES\",\"potentialAction\":[{\"@type\":\"ReadAction\",\"target\":[\"https:\/\/www.miomiorun.com\/es\/producto\/casall-iconic-sports-bra-mujer\/\"]}]},{\"@type\":\"ImageObject\",\"inLanguage\":\"es-ES\",\"@id\":\"https:\/\/www.miomiorun.com\/es\/producto\/casall-iconic-sports-bra-mujer\/#primaryimage\",\"url\":\"https:\/\/www.miomiorun.com\/app\/uploads\/2020\/04\/Iconic-sports-bra-A-B-black-1620-300-AB901.jpg\",\"contentUrl\":\"https:\/\/www.miomiorun.com\/app\/uploads\/2020\/04\/Iconic-sports-bra-A-B-black-1620-300-AB901.jpg\",\"width\":600,\"height\":600,\"caption\":\"Iconic-sports-bra-A-B-black-1620-300-AB901\"},{\"@type\":\"BreadcrumbList\",\"@id\":\"https:\/\/www.miomiorun.com\/es\/producto\/casall-iconic-sports-bra-mujer\/#breadcrumb\",\"itemListElement\":[{\"@type\":\"ListItem\",\"position\":1,\"name\":\"Home\",\"item\":\"https:\/\/www.miomiorun.com\/es\/\"},{\"@type\":\"ListItem\",\"position\":2,\"name\":\"Shop\",\"item\":\"https:\/\/www.miomiorun.com\/shop\/\"},{\"@type\":\"ListItem\",\"position\":3,\"name\":\"Iconic Sports Bra mujer\"}]},{\"@type\":\"WebSite\",\"@id\":\"https:\/\/www.miomiorun.com\/es\/#website\",\"url\":\"https:\/\/www.miomiorun.com\/es\/\",\"name\":\"MioMioRun\",\"description\":\"Tienda 100% running y trail\",\"publisher\":{\"@id\":\"https:\/\/www.miomiorun.com\/es\/#organization\"},\"potentialAction\":[{\"@type\":\"SearchAction\",\"target\":{\"@type\":\"EntryPoint\",\"urlTemplate\":\"https:\/\/www.miomiorun.com\/es\/?s={search_term_string}\"},\"query-input\":{\"@type\":\"PropertyValueSpecification\",\"valueRequired\":true,\"valueName\":\"search_term_string\"}}],\"inLanguage\":\"es-ES\"},{\"@type\":\"Organization\",\"@id\":\"https:\/\/www.miomiorun.com\/es\/#organization\",\"name\":\"MioMio Run\",\"url\":\"https:\/\/www.miomiorun.com\/es\/\",\"logo\":{\"@type\":\"ImageObject\",\"inLanguage\":\"es-ES\",\"@id\":\"https:\/\/www.miomiorun.com\/es\/#\/schema\/logo\/image\/\",\"url\":\"https:\/\/www.miomiorun.com\/app\/uploads\/2019\/12\/logomio.png\",\"contentUrl\":\"https:\/\/www.miomiorun.com\/app\/uploads\/2019\/12\/logomio.png\",\"width\":115,\"height\":82,\"caption\":\"MioMio Run\"},\"image\":{\"@id\":\"https:\/\/www.miomiorun.com\/es\/#\/schema\/logo\/image\/\"},\"sameAs\":[\"https:\/\/www.facebook.com\/miomiorun\/\",\"https:\/\/www.instagram.com\/miomiorun\/\"]}]}<\/script>\n<!-- \/ Yoast SEO plugin. -->","yoast_head_json":{"title":"Casall Iconic Sports Bra mujer - Sujetador deportivo - MioMioRun.com","description":"El Iconic Bra es un sujetador vers\u00e1til, apto tanto para actividades de bajo impacto como de alto impacto. Tiene una estructura muy resistente, pero suave.","robots":{"index":"index","follow":"follow","max-snippet":"max-snippet:-1","max-image-preview":"max-image-preview:large","max-video-preview":"max-video-preview:-1"},"canonical":"https:\/\/www.miomiorun.com\/es\/producto\/casall-iconic-sports-bra-mujer\/","og_locale":"es_ES","og_type":"article","og_title":"Casall Iconic Sports Bra mujer - Sujetador deportivo - MioMioRun.com","og_description":"El Iconic Bra es un sujetador vers\u00e1til, apto tanto para actividades de bajo impacto como de alto impacto. Tiene una estructura muy resistente, pero suave.","og_url":"https:\/\/www.miomiorun.com\/es\/producto\/casall-iconic-sports-bra-mujer\/","og_site_name":"MioMioRun","article_publisher":"https:\/\/www.facebook.com\/miomiorun\/","article_modified_time":"2026-04-29T09:58:43+00:00","og_image":[{"width":600,"height":600,"url":"https:\/\/www.miomiorun.com\/app\/uploads\/2020\/04\/Iconic-sports-bra-A-B-black-1620-300-AB901.jpg","type":"image\/jpeg"}],"twitter_card":"summary_large_image","twitter_misc":{"Est. reading time":"1 minute"},"schema":{"@context":"https:\/\/schema.org","@graph":[{"@type":"WebPage","@id":"https:\/\/www.miomiorun.com\/es\/producto\/casall-iconic-sports-bra-mujer\/","url":"https:\/\/www.miomiorun.com\/es\/producto\/casall-iconic-sports-bra-mujer\/","name":"Casall Iconic Sports Bra mujer - Sujetador deportivo - MioMioRun.com","isPartOf":{"@id":"https:\/\/www.miomiorun.com\/es\/#website"},"primaryImageOfPage":{"@id":"https:\/\/www.miomiorun.com\/es\/producto\/casall-iconic-sports-bra-mujer\/#primaryimage"},"image":{"@id":"https:\/\/www.miomiorun.com\/es\/producto\/casall-iconic-sports-bra-mujer\/#primaryimage"},"thumbnailUrl":"https:\/\/www.miomiorun.com\/app\/uploads\/2020\/04\/Iconic-sports-bra-A-B-black-1620-300-AB901.jpg","datePublished":"2020-04-26T09:03:04+00:00","dateModified":"2026-04-29T09:58:43+00:00","description":"El Iconic Bra es un sujetador vers\u00e1til, apto tanto para actividades de bajo impacto como de alto impacto. Tiene una estructura muy resistente, pero suave.","breadcrumb":{"@id":"https:\/\/www.miomiorun.com\/es\/producto\/casall-iconic-sports-bra-mujer\/#breadcrumb"},"inLanguage":"es-ES","potentialAction":[{"@type":"ReadAction","target":["https:\/\/www.miomiorun.com\/es\/producto\/casall-iconic-sports-bra-mujer\/"]}]},{"@type":"ImageObject","inLanguage":"es-ES","@id":"https:\/\/www.miomiorun.com\/es\/producto\/casall-iconic-sports-bra-mujer\/#primaryimage","url":"https:\/\/www.miomiorun.com\/app\/uploads\/2020\/04\/Iconic-sports-bra-A-B-black-1620-300-AB901.jpg","contentUrl":"https:\/\/www.miomiorun.com\/app\/uploads\/2020\/04\/Iconic-sports-bra-A-B-black-1620-300-AB901.jpg","width":600,"height":600,"caption":"Iconic-sports-bra-A-B-black-1620-300-AB901"},{"@type":"BreadcrumbList","@id":"https:\/\/www.miomiorun.com\/es\/producto\/casall-iconic-sports-bra-mujer\/#breadcrumb","itemListElement":[{"@type":"ListItem","position":1,"name":"Home","item":"https:\/\/www.miomiorun.com\/es\/"},{"@type":"ListItem","position":2,"name":"Shop","item":"https:\/\/www.miomiorun.com\/shop\/"},{"@type":"ListItem","position":3,"name":"Iconic Sports Bra mujer"}]},{"@type":"WebSite","@id":"https:\/\/www.miomiorun.com\/es\/#website","url":"https:\/\/www.miomiorun.com\/es\/","name":"MioMioRun","description":"Tienda 100% running y trail","publisher":{"@id":"https:\/\/www.miomiorun.com\/es\/#organization"},"potentialAction":[{"@type":"SearchAction","target":{"@type":"EntryPoint","urlTemplate":"https:\/\/www.miomiorun.com\/es\/?s={search_term_string}"},"query-input":{"@type":"PropertyValueSpecification","valueRequired":true,"valueName":"search_term_string"}}],"inLanguage":"es-ES"},{"@type":"Organization","@id":"https:\/\/www.miomiorun.com\/es\/#organization","name":"MioMio Run","url":"https:\/\/www.miomiorun.com\/es\/","logo":{"@type":"ImageObject","inLanguage":"es-ES","@id":"https:\/\/www.miomiorun.com\/es\/#\/schema\/logo\/image\/","url":"https:\/\/www.miomiorun.com\/app\/uploads\/2019\/12\/logomio.png","contentUrl":"https:\/\/www.miomiorun.com\/app\/uploads\/2019\/12\/logomio.png","width":115,"height":82,"caption":"MioMio Run"},"image":{"@id":"https:\/\/www.miomiorun.com\/es\/#\/schema\/logo\/image\/"},"sameAs":["https:\/\/www.facebook.com\/miomiorun\/","https:\/\/www.instagram.com\/miomiorun\/"]}]}},"_links":{"self":[{"href":"https:\/\/www.miomiorun.com\/es\/wp-json\/wp\/v2\/product\/275461","targetHints":{"allow":["GET"]}}],"collection":[{"href":"https:\/\/www.miomiorun.com\/es\/wp-json\/wp\/v2\/product"}],"about":[{"href":"https:\/\/www.miomiorun.com\/es\/wp-json\/wp\/v2\/types\/product"}],"wp:featuredmedia":[{"embeddable":true,"href":"https:\/\/www.miomiorun.com\/es\/wp-json\/wp\/v2\/media\/229856"}],"wp:attachment":[{"href":"https:\/\/www.miomiorun.com\/es\/wp-json\/wp\/v2\/media?parent=275461"}],"wp:term":[{"taxonomy":"product_brand","embeddable":true,"href":"https:\/\/www.miomiorun.com\/es\/wp-json\/wp\/v2\/product_brand?post=275461"},{"taxonomy":"product_cat","embeddable":true,"href":"https:\/\/www.miomiorun.com\/es\/wp-json\/wp\/v2\/product_cat?post=275461"},{"taxonomy":"product_tag","embeddable":true,"href":"https:\/\/www.miomiorun.com\/es\/wp-json\/wp\/v2\/product_tag?post=275461"}],"curies":[{"name":"wp","href":"https:\/\/api.w.org\/{rel}","templated":true}]}}