{"id":275444,"date":"2020-04-28T18:47:25","date_gmt":"2020-04-28T16:47:25","guid":{"rendered":"https:\/\/miomiorun.com\/prodotto\/wild-tee-bambu\/"},"modified":"2026-04-29T12:01:07","modified_gmt":"2026-04-29T10:01:07","slug":"wild-tee-bambu","status":"publish","type":"product","link":"https:\/\/www.miomiorun.com\/es\/producto\/wild-tee-bambu\/","title":{"rendered":"Bamb\u00f9"},"content":{"rendered":"<p>La gorra perfecta para tus entrenamientos en la monta\u00f1a o en climas fr\u00edos, con un estampado de bamb\u00fa. Puedes elegir qu\u00e9 lado ponerte seg\u00fan tu estado de \u00e1nimo.<\/p>\n<p>Gorra reversible de tejido t\u00e9cnico estampada por ambos lados, con etiqueta con el logotipo de Wild Tee bordado. Talla \u00fanica. Lavable a m\u00e1quina.<\/p>\n<p><strong>PESO<\/strong> 40 g.<\/p>\n<p><strong>COMPOSICI\u00d3N<\/strong> 100 % PES estampado por sublimaci\u00f3n.<\/p>\n<p><strong>INSTRUCCIONES DE LAVADO<br \/>\n<\/strong>Los productos Wild Tee est\u00e1n hechos para durar, y su cuidado es muy sencillo: lavar a m\u00e1quina, con un programa para ropa deportiva, sin suavizante, a una temperatura m\u00e1xima de 30 \u00b0C, y secar al aire.<\/p>\n","protected":false},"excerpt":{"rendered":"<p>La gorra perfecta para tus entrenamientos en la monta\u00f1a o en climas fr\u00edos, con un estampado de bamb\u00fa. Puedes elegir qu\u00e9 lado ponerte seg\u00fan tu estado de \u00e1nimo. Gorra reversible de tejido t\u00e9cnico estampada por ambos lados, con etiqueta con el logotipo de Wild Tee bordado. Talla \u00fanica. Lavable a m\u00e1quina. PESO 40 g. COMPOSICI\u00d3N &hellip; <a href=\"https:\/\/www.miomiorun.com\/es\/producto\/wild-tee-bambu\/\">Continued<\/a><\/p>\n","protected":false},"featured_media":229864,"template":"","meta":{"_acf_changed":false,"inline_featured_image":false},"product_brand":[],"product_cat":[24205,24221,24222],"product_tag":[23527],"class_list":{"0":"post-275444","1":"product","2":"type-product","3":"status-publish","4":"has-post-thumbnail","6":"product_cat-accesorios","7":"product_cat-calefaccion","8":"product_cat-sombreros-gorras","9":"product_tag-wild-tee-es","10":"pa_attivita-outdoor-es","11":"pa_attivita-trail-es","12":"pa_marca-wild-tee-es","13":"pa_sesso-hombre","14":"pa_sesso-mujer","16":"first","17":"instock","18":"sale","19":"taxable","20":"shipping-taxable","21":"purchasable","22":"product-type-simple"},"acf":[],"yoast_head":"<!-- This site is optimized with the Yoast SEO plugin v26.8 - https:\/\/yoast.com\/product\/yoast-seo-wordpress\/ -->\n<title>Wild Tee Bamb\u00f9 - Gorro de invierno - MioMioRun.com<\/title>\n<meta name=\"description\" content=\"La gorra perfecta para tus entrenamientos en la monta\u00f1a o en climas fr\u00edos, con un estampado de bamb\u00fa. Puedes elegir qu\u00e9 lado ponerte seg\u00fan tu estado de \u00e1nimo.\" \/>\n<meta name=\"robots\" content=\"index, follow, max-snippet:-1, max-image-preview:large, max-video-preview:-1\" \/>\n<link rel=\"canonical\" href=\"https:\/\/www.miomiorun.com\/es\/producto\/wild-tee-bambu\/\" \/>\n<meta property=\"og:locale\" content=\"es_ES\" \/>\n<meta property=\"og:type\" content=\"article\" \/>\n<meta property=\"og:title\" content=\"Wild Tee Bamb\u00f9 - Gorro de invierno - MioMioRun.com\" \/>\n<meta property=\"og:description\" content=\"La gorra perfecta para tus entrenamientos en la monta\u00f1a o en climas fr\u00edos, con un estampado de bamb\u00fa. Puedes elegir qu\u00e9 lado ponerte seg\u00fan tu estado de \u00e1nimo.\" \/>\n<meta property=\"og:url\" content=\"https:\/\/www.miomiorun.com\/es\/producto\/wild-tee-bambu\/\" \/>\n<meta property=\"og:site_name\" content=\"MioMioRun\" \/>\n<meta property=\"article:publisher\" content=\"https:\/\/www.facebook.com\/miomiorun\/\" \/>\n<meta property=\"article:modified_time\" content=\"2026-04-29T10:01:07+00:00\" \/>\n<meta property=\"og:image\" content=\"https:\/\/www.miomiorun.com\/app\/uploads\/2020\/04\/wild-tee-bambu-cappello-outside.jpg\" \/>\n\t<meta property=\"og:image:width\" content=\"600\" \/>\n\t<meta property=\"og:image:height\" content=\"600\" \/>\n\t<meta property=\"og:image:type\" content=\"image\/jpeg\" \/>\n<meta name=\"twitter:card\" content=\"summary_large_image\" \/>\n<meta name=\"twitter:label1\" content=\"Est. reading time\" \/>\n\t<meta name=\"twitter:data1\" content=\"1 minute\" \/>\n<script type=\"application\/ld+json\" class=\"yoast-schema-graph\">{\"@context\":\"https:\/\/schema.org\",\"@graph\":[{\"@type\":\"WebPage\",\"@id\":\"https:\/\/www.miomiorun.com\/es\/producto\/wild-tee-bambu\/\",\"url\":\"https:\/\/www.miomiorun.com\/es\/producto\/wild-tee-bambu\/\",\"name\":\"Wild Tee Bamb\u00f9 - Gorro de invierno - MioMioRun.com\",\"isPartOf\":{\"@id\":\"https:\/\/www.miomiorun.com\/es\/#website\"},\"primaryImageOfPage\":{\"@id\":\"https:\/\/www.miomiorun.com\/es\/producto\/wild-tee-bambu\/#primaryimage\"},\"image\":{\"@id\":\"https:\/\/www.miomiorun.com\/es\/producto\/wild-tee-bambu\/#primaryimage\"},\"thumbnailUrl\":\"https:\/\/www.miomiorun.com\/app\/uploads\/2020\/04\/wild-tee-bambu-cappello-outside.jpg\",\"datePublished\":\"2020-04-28T16:47:25+00:00\",\"dateModified\":\"2026-04-29T10:01:07+00:00\",\"description\":\"La gorra perfecta para tus entrenamientos en la monta\u00f1a o en climas fr\u00edos, con un estampado de bamb\u00fa. Puedes elegir qu\u00e9 lado ponerte seg\u00fan tu estado de \u00e1nimo.\",\"breadcrumb\":{\"@id\":\"https:\/\/www.miomiorun.com\/es\/producto\/wild-tee-bambu\/#breadcrumb\"},\"inLanguage\":\"es-ES\",\"potentialAction\":[{\"@type\":\"ReadAction\",\"target\":[\"https:\/\/www.miomiorun.com\/es\/producto\/wild-tee-bambu\/\"]}]},{\"@type\":\"ImageObject\",\"inLanguage\":\"es-ES\",\"@id\":\"https:\/\/www.miomiorun.com\/es\/producto\/wild-tee-bambu\/#primaryimage\",\"url\":\"https:\/\/www.miomiorun.com\/app\/uploads\/2020\/04\/wild-tee-bambu-cappello-outside.jpg\",\"contentUrl\":\"https:\/\/www.miomiorun.com\/app\/uploads\/2020\/04\/wild-tee-bambu-cappello-outside.jpg\",\"width\":600,\"height\":600,\"caption\":\"CREATOR: gd-jpeg v1.0 (using IJG JPEG v62), quality = 90\"},{\"@type\":\"BreadcrumbList\",\"@id\":\"https:\/\/www.miomiorun.com\/es\/producto\/wild-tee-bambu\/#breadcrumb\",\"itemListElement\":[{\"@type\":\"ListItem\",\"position\":1,\"name\":\"Home\",\"item\":\"https:\/\/www.miomiorun.com\/es\/\"},{\"@type\":\"ListItem\",\"position\":2,\"name\":\"Shop\",\"item\":\"https:\/\/www.miomiorun.com\/shop\/\"},{\"@type\":\"ListItem\",\"position\":3,\"name\":\"Bamb\u00f9\"}]},{\"@type\":\"WebSite\",\"@id\":\"https:\/\/www.miomiorun.com\/es\/#website\",\"url\":\"https:\/\/www.miomiorun.com\/es\/\",\"name\":\"MioMioRun\",\"description\":\"Tienda 100% running y trail\",\"publisher\":{\"@id\":\"https:\/\/www.miomiorun.com\/es\/#organization\"},\"potentialAction\":[{\"@type\":\"SearchAction\",\"target\":{\"@type\":\"EntryPoint\",\"urlTemplate\":\"https:\/\/www.miomiorun.com\/es\/?s={search_term_string}\"},\"query-input\":{\"@type\":\"PropertyValueSpecification\",\"valueRequired\":true,\"valueName\":\"search_term_string\"}}],\"inLanguage\":\"es-ES\"},{\"@type\":\"Organization\",\"@id\":\"https:\/\/www.miomiorun.com\/es\/#organization\",\"name\":\"MioMio Run\",\"url\":\"https:\/\/www.miomiorun.com\/es\/\",\"logo\":{\"@type\":\"ImageObject\",\"inLanguage\":\"es-ES\",\"@id\":\"https:\/\/www.miomiorun.com\/es\/#\/schema\/logo\/image\/\",\"url\":\"https:\/\/www.miomiorun.com\/app\/uploads\/2019\/12\/logomio.png\",\"contentUrl\":\"https:\/\/www.miomiorun.com\/app\/uploads\/2019\/12\/logomio.png\",\"width\":115,\"height\":82,\"caption\":\"MioMio Run\"},\"image\":{\"@id\":\"https:\/\/www.miomiorun.com\/es\/#\/schema\/logo\/image\/\"},\"sameAs\":[\"https:\/\/www.facebook.com\/miomiorun\/\",\"https:\/\/www.instagram.com\/miomiorun\/\"]}]}<\/script>\n<!-- \/ Yoast SEO plugin. -->","yoast_head_json":{"title":"Wild Tee Bamb\u00f9 - Gorro de invierno - MioMioRun.com","description":"La gorra perfecta para tus entrenamientos en la monta\u00f1a o en climas fr\u00edos, con un estampado de bamb\u00fa. Puedes elegir qu\u00e9 lado ponerte seg\u00fan tu estado de \u00e1nimo.","robots":{"index":"index","follow":"follow","max-snippet":"max-snippet:-1","max-image-preview":"max-image-preview:large","max-video-preview":"max-video-preview:-1"},"canonical":"https:\/\/www.miomiorun.com\/es\/producto\/wild-tee-bambu\/","og_locale":"es_ES","og_type":"article","og_title":"Wild Tee Bamb\u00f9 - Gorro de invierno - MioMioRun.com","og_description":"La gorra perfecta para tus entrenamientos en la monta\u00f1a o en climas fr\u00edos, con un estampado de bamb\u00fa. Puedes elegir qu\u00e9 lado ponerte seg\u00fan tu estado de \u00e1nimo.","og_url":"https:\/\/www.miomiorun.com\/es\/producto\/wild-tee-bambu\/","og_site_name":"MioMioRun","article_publisher":"https:\/\/www.facebook.com\/miomiorun\/","article_modified_time":"2026-04-29T10:01:07+00:00","og_image":[{"width":600,"height":600,"url":"https:\/\/www.miomiorun.com\/app\/uploads\/2020\/04\/wild-tee-bambu-cappello-outside.jpg","type":"image\/jpeg"}],"twitter_card":"summary_large_image","twitter_misc":{"Est. reading time":"1 minute"},"schema":{"@context":"https:\/\/schema.org","@graph":[{"@type":"WebPage","@id":"https:\/\/www.miomiorun.com\/es\/producto\/wild-tee-bambu\/","url":"https:\/\/www.miomiorun.com\/es\/producto\/wild-tee-bambu\/","name":"Wild Tee Bamb\u00f9 - Gorro de invierno - MioMioRun.com","isPartOf":{"@id":"https:\/\/www.miomiorun.com\/es\/#website"},"primaryImageOfPage":{"@id":"https:\/\/www.miomiorun.com\/es\/producto\/wild-tee-bambu\/#primaryimage"},"image":{"@id":"https:\/\/www.miomiorun.com\/es\/producto\/wild-tee-bambu\/#primaryimage"},"thumbnailUrl":"https:\/\/www.miomiorun.com\/app\/uploads\/2020\/04\/wild-tee-bambu-cappello-outside.jpg","datePublished":"2020-04-28T16:47:25+00:00","dateModified":"2026-04-29T10:01:07+00:00","description":"La gorra perfecta para tus entrenamientos en la monta\u00f1a o en climas fr\u00edos, con un estampado de bamb\u00fa. Puedes elegir qu\u00e9 lado ponerte seg\u00fan tu estado de \u00e1nimo.","breadcrumb":{"@id":"https:\/\/www.miomiorun.com\/es\/producto\/wild-tee-bambu\/#breadcrumb"},"inLanguage":"es-ES","potentialAction":[{"@type":"ReadAction","target":["https:\/\/www.miomiorun.com\/es\/producto\/wild-tee-bambu\/"]}]},{"@type":"ImageObject","inLanguage":"es-ES","@id":"https:\/\/www.miomiorun.com\/es\/producto\/wild-tee-bambu\/#primaryimage","url":"https:\/\/www.miomiorun.com\/app\/uploads\/2020\/04\/wild-tee-bambu-cappello-outside.jpg","contentUrl":"https:\/\/www.miomiorun.com\/app\/uploads\/2020\/04\/wild-tee-bambu-cappello-outside.jpg","width":600,"height":600,"caption":"CREATOR: gd-jpeg v1.0 (using IJG JPEG v62), quality = 90"},{"@type":"BreadcrumbList","@id":"https:\/\/www.miomiorun.com\/es\/producto\/wild-tee-bambu\/#breadcrumb","itemListElement":[{"@type":"ListItem","position":1,"name":"Home","item":"https:\/\/www.miomiorun.com\/es\/"},{"@type":"ListItem","position":2,"name":"Shop","item":"https:\/\/www.miomiorun.com\/shop\/"},{"@type":"ListItem","position":3,"name":"Bamb\u00f9"}]},{"@type":"WebSite","@id":"https:\/\/www.miomiorun.com\/es\/#website","url":"https:\/\/www.miomiorun.com\/es\/","name":"MioMioRun","description":"Tienda 100% running y trail","publisher":{"@id":"https:\/\/www.miomiorun.com\/es\/#organization"},"potentialAction":[{"@type":"SearchAction","target":{"@type":"EntryPoint","urlTemplate":"https:\/\/www.miomiorun.com\/es\/?s={search_term_string}"},"query-input":{"@type":"PropertyValueSpecification","valueRequired":true,"valueName":"search_term_string"}}],"inLanguage":"es-ES"},{"@type":"Organization","@id":"https:\/\/www.miomiorun.com\/es\/#organization","name":"MioMio Run","url":"https:\/\/www.miomiorun.com\/es\/","logo":{"@type":"ImageObject","inLanguage":"es-ES","@id":"https:\/\/www.miomiorun.com\/es\/#\/schema\/logo\/image\/","url":"https:\/\/www.miomiorun.com\/app\/uploads\/2019\/12\/logomio.png","contentUrl":"https:\/\/www.miomiorun.com\/app\/uploads\/2019\/12\/logomio.png","width":115,"height":82,"caption":"MioMio Run"},"image":{"@id":"https:\/\/www.miomiorun.com\/es\/#\/schema\/logo\/image\/"},"sameAs":["https:\/\/www.facebook.com\/miomiorun\/","https:\/\/www.instagram.com\/miomiorun\/"]}]}},"_links":{"self":[{"href":"https:\/\/www.miomiorun.com\/es\/wp-json\/wp\/v2\/product\/275444","targetHints":{"allow":["GET"]}}],"collection":[{"href":"https:\/\/www.miomiorun.com\/es\/wp-json\/wp\/v2\/product"}],"about":[{"href":"https:\/\/www.miomiorun.com\/es\/wp-json\/wp\/v2\/types\/product"}],"wp:featuredmedia":[{"embeddable":true,"href":"https:\/\/www.miomiorun.com\/es\/wp-json\/wp\/v2\/media\/229864"}],"wp:attachment":[{"href":"https:\/\/www.miomiorun.com\/es\/wp-json\/wp\/v2\/media?parent=275444"}],"wp:term":[{"taxonomy":"product_brand","embeddable":true,"href":"https:\/\/www.miomiorun.com\/es\/wp-json\/wp\/v2\/product_brand?post=275444"},{"taxonomy":"product_cat","embeddable":true,"href":"https:\/\/www.miomiorun.com\/es\/wp-json\/wp\/v2\/product_cat?post=275444"},{"taxonomy":"product_tag","embeddable":true,"href":"https:\/\/www.miomiorun.com\/es\/wp-json\/wp\/v2\/product_tag?post=275444"}],"curies":[{"name":"wp","href":"https:\/\/api.w.org\/{rel}","templated":true}]}}