{"id":275423,"date":"2020-05-03T09:42:20","date_gmt":"2020-05-03T07:42:20","guid":{"rendered":"https:\/\/miomiorun.com\/prodotto\/la-sportiva-dash-long-sleeve-donna\/"},"modified":"2026-04-29T12:07:04","modified_gmt":"2026-04-29T10:07:04","slug":"la-sportiva-dash-long-sleeve-mujer","status":"publish","type":"product","link":"https:\/\/www.miomiorun.com\/es\/producto\/la-sportiva-dash-long-sleeve-mujer\/","title":{"rendered":"Dash Long Sleeve mujer"},"content":{"rendered":"<p>La Dash Long Sleeve es una primera capa t\u00e9rmica y transpirable que ofrece un excelente confort clim\u00e1tico durante la actividad.<br \/>\nConfeccionada en tejido de punto, garantiza una perfecta retenci\u00f3n del calor para los d\u00edas m\u00e1s fr\u00edos. La capucha integrada ofrece una protecci\u00f3n adicional.<\/p>\n<p>+ Costuras planas antidesgaste<\/p>\n<p><b>Ajuste: <\/b>Slim<br \/>\n<b>Materiales: <\/b>Principal: (PN23) 90 % poli\u00e9ster reciclado, 10 % elastano<br \/>\n<b>Peso: <\/b>140 g (M)<\/p>\n","protected":false},"excerpt":{"rendered":"<p>La Dash Long Sleeve es una primera capa t\u00e9rmica y transpirable que ofrece un excelente confort clim\u00e1tico durante la actividad. Confeccionada en tejido de punto, garantiza una perfecta retenci\u00f3n del calor para los d\u00edas m\u00e1s fr\u00edos. La capucha integrada ofrece una protecci\u00f3n adicional. + Costuras planas antidesgaste Ajuste: Slim Materiales: Principal: (PN23) 90 % poli\u00e9ster &hellip; <a href=\"https:\/\/www.miomiorun.com\/es\/producto\/la-sportiva-dash-long-sleeve-mujer\/\">Continued<\/a><\/p>\n","protected":false},"featured_media":229898,"template":"","meta":{"_acf_changed":false,"inline_featured_image":false},"product_brand":[],"product_cat":[24422,24420],"product_tag":[23598,23640],"class_list":{"0":"post-275423","1":"product","2":"type-product","3":"status-publish","4":"has-post-thumbnail","6":"product_cat-camisetas-es","7":"product_cat-ropa-de-mujer-es","8":"product_tag-la-sportiva-es","9":"product_tag-la-sportiva-mujer","10":"pa_attivita-outdoor-es","11":"pa_attivita-trail-es","12":"pa_colore-dash-long-sleeve-w-atlantic-aquarelle-es","13":"pa_colore-dash-long-sleeve-w-pacific-blue-opal-es","14":"pa_marca-la-sportiva-es","15":"pa_sesso-mujer","16":"pa_size-extra-small-es","17":"pa_size-medium-es","19":"first","20":"instock","21":"sale","22":"taxable","23":"shipping-taxable","24":"purchasable","25":"product-type-variable","26":"wvs-archive-product-wrapper"},"acf":[],"yoast_head":"<!-- This site is optimized with the Yoast SEO plugin v26.8 - https:\/\/yoast.com\/product\/yoast-seo-wordpress\/ -->\n<title>La Sportiva Dash Long Sleeve mujer - Camiseta de running - MioMioRun<\/title>\n<meta name=\"description\" content=\"La camiseta Dash Long Sleeve es una primera capa t\u00e9rmica y transpirable que ofrece un excelente confort clim\u00e1tico durante la actividad f\u00edsica, confeccionada en tejido de punto.\" \/>\n<meta name=\"robots\" content=\"index, follow, max-snippet:-1, max-image-preview:large, max-video-preview:-1\" \/>\n<link rel=\"canonical\" href=\"https:\/\/www.miomiorun.com\/es\/producto\/la-sportiva-dash-long-sleeve-mujer\/\" \/>\n<meta property=\"og:locale\" content=\"es_ES\" \/>\n<meta property=\"og:type\" content=\"article\" \/>\n<meta property=\"og:title\" content=\"La Sportiva Dash Long Sleeve mujer - Camiseta de running - MioMioRun\" \/>\n<meta property=\"og:description\" content=\"La camiseta Dash Long Sleeve es una primera capa t\u00e9rmica y transpirable que ofrece un excelente confort clim\u00e1tico durante la actividad f\u00edsica, confeccionada en tejido de punto.\" \/>\n<meta property=\"og:url\" content=\"https:\/\/www.miomiorun.com\/es\/producto\/la-sportiva-dash-long-sleeve-mujer\/\" \/>\n<meta property=\"og:site_name\" content=\"MioMioRun\" \/>\n<meta property=\"article:publisher\" content=\"https:\/\/www.facebook.com\/miomiorun\/\" \/>\n<meta property=\"article:modified_time\" content=\"2026-04-29T10:07:04+00:00\" \/>\n<meta property=\"og:image\" content=\"https:\/\/www.miomiorun.com\/app\/uploads\/2020\/05\/Dash-long-sleeve-W-wine-orchid.jpg\" \/>\n\t<meta property=\"og:image:width\" content=\"600\" \/>\n\t<meta property=\"og:image:height\" content=\"600\" \/>\n\t<meta property=\"og:image:type\" content=\"image\/jpeg\" \/>\n<meta name=\"twitter:card\" content=\"summary_large_image\" \/>\n<script type=\"application\/ld+json\" class=\"yoast-schema-graph\">{\"@context\":\"https:\/\/schema.org\",\"@graph\":[{\"@type\":\"WebPage\",\"@id\":\"https:\/\/www.miomiorun.com\/es\/producto\/la-sportiva-dash-long-sleeve-mujer\/\",\"url\":\"https:\/\/www.miomiorun.com\/es\/producto\/la-sportiva-dash-long-sleeve-mujer\/\",\"name\":\"La Sportiva Dash Long Sleeve mujer - Camiseta de running - MioMioRun\",\"isPartOf\":{\"@id\":\"https:\/\/www.miomiorun.com\/es\/#website\"},\"primaryImageOfPage\":{\"@id\":\"https:\/\/www.miomiorun.com\/es\/producto\/la-sportiva-dash-long-sleeve-mujer\/#primaryimage\"},\"image\":{\"@id\":\"https:\/\/www.miomiorun.com\/es\/producto\/la-sportiva-dash-long-sleeve-mujer\/#primaryimage\"},\"thumbnailUrl\":\"https:\/\/www.miomiorun.com\/app\/uploads\/2020\/05\/Dash-long-sleeve-W-wine-orchid.jpg\",\"datePublished\":\"2020-05-03T07:42:20+00:00\",\"dateModified\":\"2026-04-29T10:07:04+00:00\",\"description\":\"La camiseta Dash Long Sleeve es una primera capa t\u00e9rmica y transpirable que ofrece un excelente confort clim\u00e1tico durante la actividad f\u00edsica, confeccionada en tejido de punto.\",\"breadcrumb\":{\"@id\":\"https:\/\/www.miomiorun.com\/es\/producto\/la-sportiva-dash-long-sleeve-mujer\/#breadcrumb\"},\"inLanguage\":\"es-ES\",\"potentialAction\":[{\"@type\":\"ReadAction\",\"target\":[\"https:\/\/www.miomiorun.com\/es\/producto\/la-sportiva-dash-long-sleeve-mujer\/\"]}]},{\"@type\":\"ImageObject\",\"inLanguage\":\"es-ES\",\"@id\":\"https:\/\/www.miomiorun.com\/es\/producto\/la-sportiva-dash-long-sleeve-mujer\/#primaryimage\",\"url\":\"https:\/\/www.miomiorun.com\/app\/uploads\/2020\/05\/Dash-long-sleeve-W-wine-orchid.jpg\",\"contentUrl\":\"https:\/\/www.miomiorun.com\/app\/uploads\/2020\/05\/Dash-long-sleeve-W-wine-orchid.jpg\",\"width\":600,\"height\":600,\"caption\":\"Dash Long Sleeve \u00e8 un primo strato termico e traspirante per un ottimo comfort climatico attivo, realizzato in tessuto knit.\"},{\"@type\":\"BreadcrumbList\",\"@id\":\"https:\/\/www.miomiorun.com\/es\/producto\/la-sportiva-dash-long-sleeve-mujer\/#breadcrumb\",\"itemListElement\":[{\"@type\":\"ListItem\",\"position\":1,\"name\":\"Home\",\"item\":\"https:\/\/www.miomiorun.com\/es\/\"},{\"@type\":\"ListItem\",\"position\":2,\"name\":\"Shop\",\"item\":\"https:\/\/www.miomiorun.com\/shop\/\"},{\"@type\":\"ListItem\",\"position\":3,\"name\":\"Dash Long Sleeve mujer\"}]},{\"@type\":\"WebSite\",\"@id\":\"https:\/\/www.miomiorun.com\/es\/#website\",\"url\":\"https:\/\/www.miomiorun.com\/es\/\",\"name\":\"MioMioRun\",\"description\":\"Tienda 100% running y trail\",\"publisher\":{\"@id\":\"https:\/\/www.miomiorun.com\/es\/#organization\"},\"potentialAction\":[{\"@type\":\"SearchAction\",\"target\":{\"@type\":\"EntryPoint\",\"urlTemplate\":\"https:\/\/www.miomiorun.com\/es\/?s={search_term_string}\"},\"query-input\":{\"@type\":\"PropertyValueSpecification\",\"valueRequired\":true,\"valueName\":\"search_term_string\"}}],\"inLanguage\":\"es-ES\"},{\"@type\":\"Organization\",\"@id\":\"https:\/\/www.miomiorun.com\/es\/#organization\",\"name\":\"MioMio Run\",\"url\":\"https:\/\/www.miomiorun.com\/es\/\",\"logo\":{\"@type\":\"ImageObject\",\"inLanguage\":\"es-ES\",\"@id\":\"https:\/\/www.miomiorun.com\/es\/#\/schema\/logo\/image\/\",\"url\":\"https:\/\/www.miomiorun.com\/app\/uploads\/2019\/12\/logomio.png\",\"contentUrl\":\"https:\/\/www.miomiorun.com\/app\/uploads\/2019\/12\/logomio.png\",\"width\":115,\"height\":82,\"caption\":\"MioMio Run\"},\"image\":{\"@id\":\"https:\/\/www.miomiorun.com\/es\/#\/schema\/logo\/image\/\"},\"sameAs\":[\"https:\/\/www.facebook.com\/miomiorun\/\",\"https:\/\/www.instagram.com\/miomiorun\/\"]}]}<\/script>\n<!-- \/ Yoast SEO plugin. -->","yoast_head_json":{"title":"La Sportiva Dash Long Sleeve mujer - Camiseta de running - MioMioRun","description":"La camiseta Dash Long Sleeve es una primera capa t\u00e9rmica y transpirable que ofrece un excelente confort clim\u00e1tico durante la actividad f\u00edsica, confeccionada en tejido de punto.","robots":{"index":"index","follow":"follow","max-snippet":"max-snippet:-1","max-image-preview":"max-image-preview:large","max-video-preview":"max-video-preview:-1"},"canonical":"https:\/\/www.miomiorun.com\/es\/producto\/la-sportiva-dash-long-sleeve-mujer\/","og_locale":"es_ES","og_type":"article","og_title":"La Sportiva Dash Long Sleeve mujer - Camiseta de running - MioMioRun","og_description":"La camiseta Dash Long Sleeve es una primera capa t\u00e9rmica y transpirable que ofrece un excelente confort clim\u00e1tico durante la actividad f\u00edsica, confeccionada en tejido de punto.","og_url":"https:\/\/www.miomiorun.com\/es\/producto\/la-sportiva-dash-long-sleeve-mujer\/","og_site_name":"MioMioRun","article_publisher":"https:\/\/www.facebook.com\/miomiorun\/","article_modified_time":"2026-04-29T10:07:04+00:00","og_image":[{"width":600,"height":600,"url":"https:\/\/www.miomiorun.com\/app\/uploads\/2020\/05\/Dash-long-sleeve-W-wine-orchid.jpg","type":"image\/jpeg"}],"twitter_card":"summary_large_image","schema":{"@context":"https:\/\/schema.org","@graph":[{"@type":"WebPage","@id":"https:\/\/www.miomiorun.com\/es\/producto\/la-sportiva-dash-long-sleeve-mujer\/","url":"https:\/\/www.miomiorun.com\/es\/producto\/la-sportiva-dash-long-sleeve-mujer\/","name":"La Sportiva Dash Long Sleeve mujer - Camiseta de running - MioMioRun","isPartOf":{"@id":"https:\/\/www.miomiorun.com\/es\/#website"},"primaryImageOfPage":{"@id":"https:\/\/www.miomiorun.com\/es\/producto\/la-sportiva-dash-long-sleeve-mujer\/#primaryimage"},"image":{"@id":"https:\/\/www.miomiorun.com\/es\/producto\/la-sportiva-dash-long-sleeve-mujer\/#primaryimage"},"thumbnailUrl":"https:\/\/www.miomiorun.com\/app\/uploads\/2020\/05\/Dash-long-sleeve-W-wine-orchid.jpg","datePublished":"2020-05-03T07:42:20+00:00","dateModified":"2026-04-29T10:07:04+00:00","description":"La camiseta Dash Long Sleeve es una primera capa t\u00e9rmica y transpirable que ofrece un excelente confort clim\u00e1tico durante la actividad f\u00edsica, confeccionada en tejido de punto.","breadcrumb":{"@id":"https:\/\/www.miomiorun.com\/es\/producto\/la-sportiva-dash-long-sleeve-mujer\/#breadcrumb"},"inLanguage":"es-ES","potentialAction":[{"@type":"ReadAction","target":["https:\/\/www.miomiorun.com\/es\/producto\/la-sportiva-dash-long-sleeve-mujer\/"]}]},{"@type":"ImageObject","inLanguage":"es-ES","@id":"https:\/\/www.miomiorun.com\/es\/producto\/la-sportiva-dash-long-sleeve-mujer\/#primaryimage","url":"https:\/\/www.miomiorun.com\/app\/uploads\/2020\/05\/Dash-long-sleeve-W-wine-orchid.jpg","contentUrl":"https:\/\/www.miomiorun.com\/app\/uploads\/2020\/05\/Dash-long-sleeve-W-wine-orchid.jpg","width":600,"height":600,"caption":"Dash Long Sleeve \u00e8 un primo strato termico e traspirante per un ottimo comfort climatico attivo, realizzato in tessuto knit."},{"@type":"BreadcrumbList","@id":"https:\/\/www.miomiorun.com\/es\/producto\/la-sportiva-dash-long-sleeve-mujer\/#breadcrumb","itemListElement":[{"@type":"ListItem","position":1,"name":"Home","item":"https:\/\/www.miomiorun.com\/es\/"},{"@type":"ListItem","position":2,"name":"Shop","item":"https:\/\/www.miomiorun.com\/shop\/"},{"@type":"ListItem","position":3,"name":"Dash Long Sleeve mujer"}]},{"@type":"WebSite","@id":"https:\/\/www.miomiorun.com\/es\/#website","url":"https:\/\/www.miomiorun.com\/es\/","name":"MioMioRun","description":"Tienda 100% running y trail","publisher":{"@id":"https:\/\/www.miomiorun.com\/es\/#organization"},"potentialAction":[{"@type":"SearchAction","target":{"@type":"EntryPoint","urlTemplate":"https:\/\/www.miomiorun.com\/es\/?s={search_term_string}"},"query-input":{"@type":"PropertyValueSpecification","valueRequired":true,"valueName":"search_term_string"}}],"inLanguage":"es-ES"},{"@type":"Organization","@id":"https:\/\/www.miomiorun.com\/es\/#organization","name":"MioMio Run","url":"https:\/\/www.miomiorun.com\/es\/","logo":{"@type":"ImageObject","inLanguage":"es-ES","@id":"https:\/\/www.miomiorun.com\/es\/#\/schema\/logo\/image\/","url":"https:\/\/www.miomiorun.com\/app\/uploads\/2019\/12\/logomio.png","contentUrl":"https:\/\/www.miomiorun.com\/app\/uploads\/2019\/12\/logomio.png","width":115,"height":82,"caption":"MioMio Run"},"image":{"@id":"https:\/\/www.miomiorun.com\/es\/#\/schema\/logo\/image\/"},"sameAs":["https:\/\/www.facebook.com\/miomiorun\/","https:\/\/www.instagram.com\/miomiorun\/"]}]}},"_links":{"self":[{"href":"https:\/\/www.miomiorun.com\/es\/wp-json\/wp\/v2\/product\/275423","targetHints":{"allow":["GET"]}}],"collection":[{"href":"https:\/\/www.miomiorun.com\/es\/wp-json\/wp\/v2\/product"}],"about":[{"href":"https:\/\/www.miomiorun.com\/es\/wp-json\/wp\/v2\/types\/product"}],"wp:featuredmedia":[{"embeddable":true,"href":"https:\/\/www.miomiorun.com\/es\/wp-json\/wp\/v2\/media\/229898"}],"wp:attachment":[{"href":"https:\/\/www.miomiorun.com\/es\/wp-json\/wp\/v2\/media?parent=275423"}],"wp:term":[{"taxonomy":"product_brand","embeddable":true,"href":"https:\/\/www.miomiorun.com\/es\/wp-json\/wp\/v2\/product_brand?post=275423"},{"taxonomy":"product_cat","embeddable":true,"href":"https:\/\/www.miomiorun.com\/es\/wp-json\/wp\/v2\/product_cat?post=275423"},{"taxonomy":"product_tag","embeddable":true,"href":"https:\/\/www.miomiorun.com\/es\/wp-json\/wp\/v2\/product_tag?post=275423"}],"curies":[{"name":"wp","href":"https:\/\/api.w.org\/{rel}","templated":true}]}}