{"id":275412,"date":"2020-05-05T19:21:33","date_gmt":"2020-05-05T17:21:33","guid":{"rendered":"https:\/\/miomiorun.com\/prodotto\/la-sportiva-vector-short-donna\/"},"modified":"2026-04-29T12:09:08","modified_gmt":"2026-04-29T10:09:08","slug":"la-sportiva-vector-short-mujer","status":"publish","type":"product","link":"https:\/\/www.miomiorun.com\/es\/producto\/la-sportiva-vector-short-mujer\/","title":{"rendered":"Vector Short mujer"},"content":{"rendered":"<p>Los Vector Short son unos pantalones cortos de trail running dise\u00f1ados para su uso en competici\u00f3n por parte de las atletas m\u00e1s exigentes. El dise\u00f1o especial de la cintura permite guardar peque\u00f1os objetos gracias a un sistema oculto. El bolsillo trasero con cremallera y los detalles reflectantes aumentan la versatilidad de la prenda, mientras que el uso de materiales ligeros y el\u00e1sticos garantiza la m\u00e1xima libertad de movimiento. Interior c\u00f3modo sin costuras.<\/p>\n<p>+ 1 bolsillo trasero con cremallera<br \/>\n+ Dise\u00f1o con m\u00faltiples compartimentos en la cintura<br \/>\n+ Slip interior antideslizante<br \/>\n+ Sistema de ventilaci\u00f3n body-mapping<br \/>\n+ Tratamiento antideslizante con tecnolog\u00eda Sensitive\u00ae Life Unito fabric<br \/>\n+ Detalles reflectantes<\/p>\n<p><b>Ajuste: <\/b>Regular<br \/>\n<b>Materiales: <\/b>Tejido exterior: (PW07) 86 % poli\u00e9ster, 14 % elastano. Tejido del slip interior y la cintura: (PN06) GOAQ (Sensitive\u00ae Life Unito &#8211; Eurojersey): 71 % PA, 29 % EA<br \/>\n<b>Peso: <\/b>130 g (M)<\/p>\n","protected":false},"excerpt":{"rendered":"<p>Los Vector Short son unos pantalones cortos de trail running dise\u00f1ados para su uso en competici\u00f3n por parte de las atletas m\u00e1s exigentes. El dise\u00f1o especial de la cintura permite guardar peque\u00f1os objetos gracias a un sistema oculto. El bolsillo trasero con cremallera y los detalles reflectantes aumentan la versatilidad de la prenda, mientras que &hellip; <a href=\"https:\/\/www.miomiorun.com\/es\/producto\/la-sportiva-vector-short-mujer\/\">Continued<\/a><\/p>\n","protected":false},"featured_media":240580,"template":"","meta":{"_acf_changed":false,"inline_featured_image":false},"product_brand":[],"product_cat":[24423,24420],"product_tag":[23598,23640],"class_list":{"0":"post-275412","1":"product","2":"type-product","3":"status-publish","4":"has-post-thumbnail","6":"product_cat-pantalones-cortos-es","7":"product_cat-ropa-de-mujer-es","8":"product_tag-la-sportiva-es","9":"product_tag-la-sportiva-mujer","10":"pa_attivita-trail-es","11":"pa_colore-vector-short-w-hibiscus-malibu-blue-es","12":"pa_colore-vector-short-w-malibu-blue-hibiscus-es","13":"pa_marca-la-sportiva-es","14":"pa_sesso-mujer","15":"pa_size-small-es","16":"pa_size-medium-es","18":"first","19":"instock","20":"sale","21":"taxable","22":"shipping-taxable","23":"purchasable","24":"product-type-variable","25":"wvs-archive-product-wrapper"},"acf":[],"yoast_head":"<!-- This site is optimized with the Yoast SEO plugin v26.8 - https:\/\/yoast.com\/product\/yoast-seo-wordpress\/ -->\n<title>La Sportiva Vector Short mujer - Pantaloncini mujer- MioMioRun<\/title>\n<meta name=\"description\" content=\"Los pantalones cortos Vector Short son unos pantalones de trail running pensados para las atletas m\u00e1s exigentes; sus tejidos ligeros y el\u00e1sticos permiten una m\u00e1xima libertad de movimiento.\" \/>\n<meta name=\"robots\" content=\"index, follow, max-snippet:-1, max-image-preview:large, max-video-preview:-1\" \/>\n<link rel=\"canonical\" href=\"https:\/\/www.miomiorun.com\/es\/producto\/la-sportiva-vector-short-mujer\/\" \/>\n<meta property=\"og:locale\" content=\"es_ES\" \/>\n<meta property=\"og:type\" content=\"article\" \/>\n<meta property=\"og:title\" content=\"La Sportiva Vector Short mujer - Pantaloncini mujer- MioMioRun\" \/>\n<meta property=\"og:description\" content=\"Los pantalones cortos Vector Short son unos pantalones de trail running pensados para las atletas m\u00e1s exigentes; sus tejidos ligeros y el\u00e1sticos permiten una m\u00e1xima libertad de movimiento.\" \/>\n<meta property=\"og:url\" content=\"https:\/\/www.miomiorun.com\/es\/producto\/la-sportiva-vector-short-mujer\/\" \/>\n<meta property=\"og:site_name\" content=\"MioMioRun\" \/>\n<meta property=\"article:publisher\" content=\"https:\/\/www.facebook.com\/miomiorun\/\" \/>\n<meta property=\"article:modified_time\" content=\"2026-04-29T10:09:08+00:00\" \/>\n<meta property=\"og:image\" content=\"https:\/\/www.miomiorun.com\/app\/uploads\/2023\/05\/la-sportiva-vector-short-W-hibiscus-malibu-blue-Q51402602.jpg\" \/>\n\t<meta property=\"og:image:width\" content=\"600\" \/>\n\t<meta property=\"og:image:height\" content=\"600\" \/>\n\t<meta property=\"og:image:type\" content=\"image\/jpeg\" \/>\n<meta name=\"twitter:card\" content=\"summary_large_image\" \/>\n<meta name=\"twitter:label1\" content=\"Est. reading time\" \/>\n\t<meta name=\"twitter:data1\" content=\"1 minute\" \/>\n<script type=\"application\/ld+json\" class=\"yoast-schema-graph\">{\"@context\":\"https:\/\/schema.org\",\"@graph\":[{\"@type\":\"WebPage\",\"@id\":\"https:\/\/www.miomiorun.com\/es\/producto\/la-sportiva-vector-short-mujer\/\",\"url\":\"https:\/\/www.miomiorun.com\/es\/producto\/la-sportiva-vector-short-mujer\/\",\"name\":\"La Sportiva Vector Short mujer - Pantaloncini mujer- MioMioRun\",\"isPartOf\":{\"@id\":\"https:\/\/www.miomiorun.com\/es\/#website\"},\"primaryImageOfPage\":{\"@id\":\"https:\/\/www.miomiorun.com\/es\/producto\/la-sportiva-vector-short-mujer\/#primaryimage\"},\"image\":{\"@id\":\"https:\/\/www.miomiorun.com\/es\/producto\/la-sportiva-vector-short-mujer\/#primaryimage\"},\"thumbnailUrl\":\"https:\/\/www.miomiorun.com\/app\/uploads\/2023\/05\/la-sportiva-vector-short-W-hibiscus-malibu-blue-Q51402602.jpg\",\"datePublished\":\"2020-05-05T17:21:33+00:00\",\"dateModified\":\"2026-04-29T10:09:08+00:00\",\"description\":\"Los pantalones cortos Vector Short son unos pantalones de trail running pensados para las atletas m\u00e1s exigentes; sus tejidos ligeros y el\u00e1sticos permiten una m\u00e1xima libertad de movimiento.\",\"breadcrumb\":{\"@id\":\"https:\/\/www.miomiorun.com\/es\/producto\/la-sportiva-vector-short-mujer\/#breadcrumb\"},\"inLanguage\":\"es-ES\",\"potentialAction\":[{\"@type\":\"ReadAction\",\"target\":[\"https:\/\/www.miomiorun.com\/es\/producto\/la-sportiva-vector-short-mujer\/\"]}]},{\"@type\":\"ImageObject\",\"inLanguage\":\"es-ES\",\"@id\":\"https:\/\/www.miomiorun.com\/es\/producto\/la-sportiva-vector-short-mujer\/#primaryimage\",\"url\":\"https:\/\/www.miomiorun.com\/app\/uploads\/2023\/05\/la-sportiva-vector-short-W-hibiscus-malibu-blue-Q51402602.jpg\",\"contentUrl\":\"https:\/\/www.miomiorun.com\/app\/uploads\/2023\/05\/la-sportiva-vector-short-W-hibiscus-malibu-blue-Q51402602.jpg\",\"width\":600,\"height\":600,\"caption\":\"la-sportiva-vector-short-W-hibiscus-malibu-blue-Q51402602\"},{\"@type\":\"BreadcrumbList\",\"@id\":\"https:\/\/www.miomiorun.com\/es\/producto\/la-sportiva-vector-short-mujer\/#breadcrumb\",\"itemListElement\":[{\"@type\":\"ListItem\",\"position\":1,\"name\":\"Home\",\"item\":\"https:\/\/www.miomiorun.com\/es\/\"},{\"@type\":\"ListItem\",\"position\":2,\"name\":\"Shop\",\"item\":\"https:\/\/www.miomiorun.com\/shop\/\"},{\"@type\":\"ListItem\",\"position\":3,\"name\":\"Vector Short mujer\"}]},{\"@type\":\"WebSite\",\"@id\":\"https:\/\/www.miomiorun.com\/es\/#website\",\"url\":\"https:\/\/www.miomiorun.com\/es\/\",\"name\":\"MioMioRun\",\"description\":\"Tienda 100% running y trail\",\"publisher\":{\"@id\":\"https:\/\/www.miomiorun.com\/es\/#organization\"},\"potentialAction\":[{\"@type\":\"SearchAction\",\"target\":{\"@type\":\"EntryPoint\",\"urlTemplate\":\"https:\/\/www.miomiorun.com\/es\/?s={search_term_string}\"},\"query-input\":{\"@type\":\"PropertyValueSpecification\",\"valueRequired\":true,\"valueName\":\"search_term_string\"}}],\"inLanguage\":\"es-ES\"},{\"@type\":\"Organization\",\"@id\":\"https:\/\/www.miomiorun.com\/es\/#organization\",\"name\":\"MioMio Run\",\"url\":\"https:\/\/www.miomiorun.com\/es\/\",\"logo\":{\"@type\":\"ImageObject\",\"inLanguage\":\"es-ES\",\"@id\":\"https:\/\/www.miomiorun.com\/es\/#\/schema\/logo\/image\/\",\"url\":\"https:\/\/www.miomiorun.com\/app\/uploads\/2019\/12\/logomio.png\",\"contentUrl\":\"https:\/\/www.miomiorun.com\/app\/uploads\/2019\/12\/logomio.png\",\"width\":115,\"height\":82,\"caption\":\"MioMio Run\"},\"image\":{\"@id\":\"https:\/\/www.miomiorun.com\/es\/#\/schema\/logo\/image\/\"},\"sameAs\":[\"https:\/\/www.facebook.com\/miomiorun\/\",\"https:\/\/www.instagram.com\/miomiorun\/\"]}]}<\/script>\n<!-- \/ Yoast SEO plugin. -->","yoast_head_json":{"title":"La Sportiva Vector Short mujer - Pantaloncini mujer- MioMioRun","description":"Los pantalones cortos Vector Short son unos pantalones de trail running pensados para las atletas m\u00e1s exigentes; sus tejidos ligeros y el\u00e1sticos permiten una m\u00e1xima libertad de movimiento.","robots":{"index":"index","follow":"follow","max-snippet":"max-snippet:-1","max-image-preview":"max-image-preview:large","max-video-preview":"max-video-preview:-1"},"canonical":"https:\/\/www.miomiorun.com\/es\/producto\/la-sportiva-vector-short-mujer\/","og_locale":"es_ES","og_type":"article","og_title":"La Sportiva Vector Short mujer - Pantaloncini mujer- MioMioRun","og_description":"Los pantalones cortos Vector Short son unos pantalones de trail running pensados para las atletas m\u00e1s exigentes; sus tejidos ligeros y el\u00e1sticos permiten una m\u00e1xima libertad de movimiento.","og_url":"https:\/\/www.miomiorun.com\/es\/producto\/la-sportiva-vector-short-mujer\/","og_site_name":"MioMioRun","article_publisher":"https:\/\/www.facebook.com\/miomiorun\/","article_modified_time":"2026-04-29T10:09:08+00:00","og_image":[{"width":600,"height":600,"url":"https:\/\/www.miomiorun.com\/app\/uploads\/2023\/05\/la-sportiva-vector-short-W-hibiscus-malibu-blue-Q51402602.jpg","type":"image\/jpeg"}],"twitter_card":"summary_large_image","twitter_misc":{"Est. reading time":"1 minute"},"schema":{"@context":"https:\/\/schema.org","@graph":[{"@type":"WebPage","@id":"https:\/\/www.miomiorun.com\/es\/producto\/la-sportiva-vector-short-mujer\/","url":"https:\/\/www.miomiorun.com\/es\/producto\/la-sportiva-vector-short-mujer\/","name":"La Sportiva Vector Short mujer - Pantaloncini mujer- MioMioRun","isPartOf":{"@id":"https:\/\/www.miomiorun.com\/es\/#website"},"primaryImageOfPage":{"@id":"https:\/\/www.miomiorun.com\/es\/producto\/la-sportiva-vector-short-mujer\/#primaryimage"},"image":{"@id":"https:\/\/www.miomiorun.com\/es\/producto\/la-sportiva-vector-short-mujer\/#primaryimage"},"thumbnailUrl":"https:\/\/www.miomiorun.com\/app\/uploads\/2023\/05\/la-sportiva-vector-short-W-hibiscus-malibu-blue-Q51402602.jpg","datePublished":"2020-05-05T17:21:33+00:00","dateModified":"2026-04-29T10:09:08+00:00","description":"Los pantalones cortos Vector Short son unos pantalones de trail running pensados para las atletas m\u00e1s exigentes; sus tejidos ligeros y el\u00e1sticos permiten una m\u00e1xima libertad de movimiento.","breadcrumb":{"@id":"https:\/\/www.miomiorun.com\/es\/producto\/la-sportiva-vector-short-mujer\/#breadcrumb"},"inLanguage":"es-ES","potentialAction":[{"@type":"ReadAction","target":["https:\/\/www.miomiorun.com\/es\/producto\/la-sportiva-vector-short-mujer\/"]}]},{"@type":"ImageObject","inLanguage":"es-ES","@id":"https:\/\/www.miomiorun.com\/es\/producto\/la-sportiva-vector-short-mujer\/#primaryimage","url":"https:\/\/www.miomiorun.com\/app\/uploads\/2023\/05\/la-sportiva-vector-short-W-hibiscus-malibu-blue-Q51402602.jpg","contentUrl":"https:\/\/www.miomiorun.com\/app\/uploads\/2023\/05\/la-sportiva-vector-short-W-hibiscus-malibu-blue-Q51402602.jpg","width":600,"height":600,"caption":"la-sportiva-vector-short-W-hibiscus-malibu-blue-Q51402602"},{"@type":"BreadcrumbList","@id":"https:\/\/www.miomiorun.com\/es\/producto\/la-sportiva-vector-short-mujer\/#breadcrumb","itemListElement":[{"@type":"ListItem","position":1,"name":"Home","item":"https:\/\/www.miomiorun.com\/es\/"},{"@type":"ListItem","position":2,"name":"Shop","item":"https:\/\/www.miomiorun.com\/shop\/"},{"@type":"ListItem","position":3,"name":"Vector Short mujer"}]},{"@type":"WebSite","@id":"https:\/\/www.miomiorun.com\/es\/#website","url":"https:\/\/www.miomiorun.com\/es\/","name":"MioMioRun","description":"Tienda 100% running y trail","publisher":{"@id":"https:\/\/www.miomiorun.com\/es\/#organization"},"potentialAction":[{"@type":"SearchAction","target":{"@type":"EntryPoint","urlTemplate":"https:\/\/www.miomiorun.com\/es\/?s={search_term_string}"},"query-input":{"@type":"PropertyValueSpecification","valueRequired":true,"valueName":"search_term_string"}}],"inLanguage":"es-ES"},{"@type":"Organization","@id":"https:\/\/www.miomiorun.com\/es\/#organization","name":"MioMio Run","url":"https:\/\/www.miomiorun.com\/es\/","logo":{"@type":"ImageObject","inLanguage":"es-ES","@id":"https:\/\/www.miomiorun.com\/es\/#\/schema\/logo\/image\/","url":"https:\/\/www.miomiorun.com\/app\/uploads\/2019\/12\/logomio.png","contentUrl":"https:\/\/www.miomiorun.com\/app\/uploads\/2019\/12\/logomio.png","width":115,"height":82,"caption":"MioMio Run"},"image":{"@id":"https:\/\/www.miomiorun.com\/es\/#\/schema\/logo\/image\/"},"sameAs":["https:\/\/www.facebook.com\/miomiorun\/","https:\/\/www.instagram.com\/miomiorun\/"]}]}},"_links":{"self":[{"href":"https:\/\/www.miomiorun.com\/es\/wp-json\/wp\/v2\/product\/275412","targetHints":{"allow":["GET"]}}],"collection":[{"href":"https:\/\/www.miomiorun.com\/es\/wp-json\/wp\/v2\/product"}],"about":[{"href":"https:\/\/www.miomiorun.com\/es\/wp-json\/wp\/v2\/types\/product"}],"wp:featuredmedia":[{"embeddable":true,"href":"https:\/\/www.miomiorun.com\/es\/wp-json\/wp\/v2\/media\/240580"}],"wp:attachment":[{"href":"https:\/\/www.miomiorun.com\/es\/wp-json\/wp\/v2\/media?parent=275412"}],"wp:term":[{"taxonomy":"product_brand","embeddable":true,"href":"https:\/\/www.miomiorun.com\/es\/wp-json\/wp\/v2\/product_brand?post=275412"},{"taxonomy":"product_cat","embeddable":true,"href":"https:\/\/www.miomiorun.com\/es\/wp-json\/wp\/v2\/product_cat?post=275412"},{"taxonomy":"product_tag","embeddable":true,"href":"https:\/\/www.miomiorun.com\/es\/wp-json\/wp\/v2\/product_tag?post=275412"}],"curies":[{"name":"wp","href":"https:\/\/api.w.org\/{rel}","templated":true}]}}