{"id":275368,"date":"2020-05-23T10:46:08","date_gmt":"2020-05-23T08:46:08","guid":{"rendered":"https:\/\/miomiorun.com\/prodotto\/helios-iii-uomo\/"},"modified":"2026-04-23T19:11:22","modified_gmt":"2026-04-23T17:11:22","slug":"helios-iii-hombre","status":"publish","type":"product","link":"https:\/\/www.miomiorun.com\/es\/producto\/helios-iii-hombre\/","title":{"rendered":"Helios III hombre"},"content":{"rendered":"<div class=\"vc-row container\"><div class=\"vc-column\"><div class=\"vc-column-text\"><\/p>\n<p><strong>Especificaciones t\u00e9cnicas<\/strong><\/p>\n<p>Categor\u00eda: Amortiguaci\u00f3n media<br \/>\nDesnivel: 4 mm<br \/>\nPeso: 219 g<br \/>\nIdeal para: amantes del trail running, pero tambi\u00e9n para correr o caminar por terrenos sin asfaltar, que buscan una zapatilla ligera y el\u00e1stica, y que, en caso necesario, tambi\u00e9n sea reactiva.<br \/>\nPeso del deportista: 60-70 kg<br \/>\nRitmo de carrera: vers\u00e1til (4,30-6 min\/km)<br \/>\n<a href=\"https:\/\/miomiorun.com\/guida-alle-specifiche-tecniche\/\">Gu\u00eda de especificaciones t\u00e9cnicas<\/a><\/p>\n<p><\/div><\/div><div class=\"vc-column\"><div class=\"vc-column-text\"><b><\/b>Helios III es el calzado \u00abdoor to trail\u00bb dise\u00f1ado para entrenamientos y carreras en terrenos duros todoterreno. Es un producto de estilo \u00abathleisure\u00bb con una parte superior ligera y transpirable, confeccionada con una combinaci\u00f3n \u00fanica y termorregulada de tejido rip-stop, malla monofibra, malla s\u00e1ndwich y refuerzos de TPU. El ajuste es extremadamente c\u00f3modo y envolvente, inspirado en el modelo Helios SR. La presencia del contrafuerte en el tal\u00f3n evita aplastamientos al calzarse, mientras que el cuello envolvente y suave con almohadillas de espuma 3D garantiza una comodidad perfecta. La suela est\u00e1 fabricada con la mezcla de alta durabilidad FriXion Blu: perfecta para su uso en terrenos duros y rocosos. La puntera termoformada contribuye a la ligereza general del producto, adem\u00e1s de proteger contra los impactos frontales. La entresuela de EVA inyectada con tecnolog\u00eda MorphoDynamic garantiza la elevada amortiguaci\u00f3n caracter\u00edstica del modelo Helios desde su lanzamiento al mercado, mientras que la plantilla Cushoning Platform aumenta sus propiedades amortiguadoras y el confort general. Helios III: es hora de volar, otra vez.<\/p>\n<p>+ Actualizaci\u00f3n t\u00e9cnica y est\u00e9tica del modelo Helios II, manteniendo el \u00e9nfasis en la ligereza, la transpirabilidad y la comodidad<br \/>\n+ Ajuste c\u00f3modo y envolvente, inspirado en el modelo Helios SR<br \/>\n+ Cuello envolvente con almohadillas de m\u00e1xima comodidad de espuma 3D<\/p>\n<p><b>Empeine:<\/b><br \/>\nMalla de un solo hilo + tejido rip-stop + malla tipo s\u00e1ndwich + refuerzos de TPU<br \/>\n<b>Forro:<\/b><br \/>\nMalla antideslizante<br \/>\n<b>Entresuela: <\/b><br \/>\nMEMElex EVA inyectado e inserto Cushoning Platform<br \/>\n<b>Suela: <\/b><br \/>\nFriXion\u00ae Blue con Impact Brake System<br \/>\n<b>Plantilla:<\/b><br \/>\nOrtholite\u00ae Mountain Running Ergonomic 4 mm<\/div><\/div><\/div>\n","protected":false},"excerpt":{"rendered":"<p>+ Actualizaci\u00f3n t\u00e9cnica y est\u00e9tica de las Helios II, manteniendo el \u00e9nfasis en la ligereza, la transpirabilidad y la comodidad<br \/>\n+ Ajuste c\u00f3modo y envolvente, inspirado en el modelo Helios SR<br \/>\n+ Cuello envolvente con almohadillas de m\u00e1xima comodidad de espuma 3D<\/p>\n","protected":false},"featured_media":241563,"template":"","meta":{"_acf_changed":false,"inline_featured_image":false},"product_brand":[],"product_cat":[24454,24451],"product_tag":[23598,23600],"class_list":{"0":"post-275368","1":"product","2":"type-product","3":"status-publish","4":"has-post-thumbnail","6":"product_cat-calzado-para-hombre","7":"product_cat-trail-es-3","8":"product_tag-la-sportiva-es","9":"product_tag-la-sportiva-hombre","10":"pa_attivita-caminar","11":"pa_attivita-outdoor-es","12":"pa_attivita-trail-es","13":"pa_colore-helios-iii-chalk-cypress-es","14":"pa_colore-helios-iii-cherry-tomato-tropic-blue-es","15":"pa_colore-helios-iii-hurricane-chalk-es","16":"pa_colore-helios-iii-yellow-black-es","17":"pa_marca-la-sportiva-es","18":"pa_sesso-hombre","19":"pa_size-41-es","20":"pa_size-41-5-es","21":"pa_size-42-es","22":"pa_size-42-5-es","23":"pa_size-43-es","24":"pa_size-43-5-es","25":"pa_size-44-es","26":"pa_size-44-5-es","27":"pa_size-45-es","28":"pa_size-45-5-es","30":"first","31":"instock","32":"sale","33":"taxable","34":"shipping-taxable","35":"purchasable","36":"product-type-variable","37":"wvs-archive-product-wrapper"},"acf":[],"yoast_head":"<!-- This site is optimized with the Yoast SEO plugin v26.8 - https:\/\/yoast.com\/product\/yoast-seo-wordpress\/ -->\n<title>La sportiva Helios III hombre -zapatillas de trail para hombre - MioMioRun<\/title>\n<meta name=\"description\" content=\"Las Helios III son unas zapatillas \u00abdoor to trail\u00bb dise\u00f1adas para entrenamientos y carreras en terrenos duros fuera de pista. Cuentan con una parte superior ligera y transpirable.\" \/>\n<meta name=\"robots\" content=\"index, follow, max-snippet:-1, max-image-preview:large, max-video-preview:-1\" \/>\n<link rel=\"canonical\" href=\"https:\/\/www.miomiorun.com\/es\/producto\/helios-iii-hombre\/\" \/>\n<meta property=\"og:locale\" content=\"es_ES\" \/>\n<meta property=\"og:type\" content=\"article\" \/>\n<meta property=\"og:title\" content=\"La sportiva Helios III hombre -zapatillas de trail para hombre - MioMioRun\" \/>\n<meta property=\"og:description\" content=\"Las Helios III son unas zapatillas \u00abdoor to trail\u00bb dise\u00f1adas para entrenamientos y carreras en terrenos duros fuera de pista. Cuentan con una parte superior ligera y transpirable.\" \/>\n<meta property=\"og:url\" content=\"https:\/\/www.miomiorun.com\/es\/producto\/helios-iii-hombre\/\" \/>\n<meta property=\"og:site_name\" content=\"MioMioRun\" \/>\n<meta property=\"article:publisher\" content=\"https:\/\/www.facebook.com\/miomiorun\/\" \/>\n<meta property=\"article:modified_time\" content=\"2026-04-23T17:11:22+00:00\" \/>\n<meta property=\"og:image\" content=\"https:\/\/www.miomiorun.com\/app\/uploads\/2023\/06\/la-sportiva-helios-III-metal-electric-blue-46D917634.jpg\" \/>\n\t<meta property=\"og:image:width\" content=\"600\" \/>\n\t<meta property=\"og:image:height\" content=\"600\" \/>\n\t<meta property=\"og:image:type\" content=\"image\/jpeg\" \/>\n<meta name=\"twitter:card\" content=\"summary_large_image\" \/>\n<meta name=\"twitter:label1\" content=\"Est. reading time\" \/>\n\t<meta name=\"twitter:data1\" content=\"2 minutes\" \/>\n<script type=\"application\/ld+json\" class=\"yoast-schema-graph\">{\"@context\":\"https:\/\/schema.org\",\"@graph\":[{\"@type\":\"WebPage\",\"@id\":\"https:\/\/www.miomiorun.com\/es\/producto\/helios-iii-hombre\/\",\"url\":\"https:\/\/www.miomiorun.com\/es\/producto\/helios-iii-hombre\/\",\"name\":\"La sportiva Helios III hombre -zapatillas de trail para hombre - MioMioRun\",\"isPartOf\":{\"@id\":\"https:\/\/www.miomiorun.com\/es\/#website\"},\"primaryImageOfPage\":{\"@id\":\"https:\/\/www.miomiorun.com\/es\/producto\/helios-iii-hombre\/#primaryimage\"},\"image\":{\"@id\":\"https:\/\/www.miomiorun.com\/es\/producto\/helios-iii-hombre\/#primaryimage\"},\"thumbnailUrl\":\"https:\/\/www.miomiorun.com\/app\/uploads\/2023\/06\/la-sportiva-helios-III-metal-electric-blue-46D917634.jpg\",\"datePublished\":\"2020-05-23T08:46:08+00:00\",\"dateModified\":\"2026-04-23T17:11:22+00:00\",\"description\":\"Las Helios III son unas zapatillas \u00abdoor to trail\u00bb dise\u00f1adas para entrenamientos y carreras en terrenos duros fuera de pista. Cuentan con una parte superior ligera y transpirable.\",\"breadcrumb\":{\"@id\":\"https:\/\/www.miomiorun.com\/es\/producto\/helios-iii-hombre\/#breadcrumb\"},\"inLanguage\":\"es-ES\",\"potentialAction\":[{\"@type\":\"ReadAction\",\"target\":[\"https:\/\/www.miomiorun.com\/es\/producto\/helios-iii-hombre\/\"]}]},{\"@type\":\"ImageObject\",\"inLanguage\":\"es-ES\",\"@id\":\"https:\/\/www.miomiorun.com\/es\/producto\/helios-iii-hombre\/#primaryimage\",\"url\":\"https:\/\/www.miomiorun.com\/app\/uploads\/2023\/06\/la-sportiva-helios-III-metal-electric-blue-46D917634.jpg\",\"contentUrl\":\"https:\/\/www.miomiorun.com\/app\/uploads\/2023\/06\/la-sportiva-helios-III-metal-electric-blue-46D917634.jpg\",\"width\":600,\"height\":600,\"caption\":\"la-sportiva-helios-III-metal-electric-blue-46D917634\"},{\"@type\":\"BreadcrumbList\",\"@id\":\"https:\/\/www.miomiorun.com\/es\/producto\/helios-iii-hombre\/#breadcrumb\",\"itemListElement\":[{\"@type\":\"ListItem\",\"position\":1,\"name\":\"Home\",\"item\":\"https:\/\/www.miomiorun.com\/es\/\"},{\"@type\":\"ListItem\",\"position\":2,\"name\":\"Shop\",\"item\":\"https:\/\/www.miomiorun.com\/shop\/\"},{\"@type\":\"ListItem\",\"position\":3,\"name\":\"Helios III hombre\"}]},{\"@type\":\"WebSite\",\"@id\":\"https:\/\/www.miomiorun.com\/es\/#website\",\"url\":\"https:\/\/www.miomiorun.com\/es\/\",\"name\":\"MioMioRun\",\"description\":\"Tienda 100% running y trail\",\"publisher\":{\"@id\":\"https:\/\/www.miomiorun.com\/es\/#organization\"},\"potentialAction\":[{\"@type\":\"SearchAction\",\"target\":{\"@type\":\"EntryPoint\",\"urlTemplate\":\"https:\/\/www.miomiorun.com\/es\/?s={search_term_string}\"},\"query-input\":{\"@type\":\"PropertyValueSpecification\",\"valueRequired\":true,\"valueName\":\"search_term_string\"}}],\"inLanguage\":\"es-ES\"},{\"@type\":\"Organization\",\"@id\":\"https:\/\/www.miomiorun.com\/es\/#organization\",\"name\":\"MioMio Run\",\"url\":\"https:\/\/www.miomiorun.com\/es\/\",\"logo\":{\"@type\":\"ImageObject\",\"inLanguage\":\"es-ES\",\"@id\":\"https:\/\/www.miomiorun.com\/es\/#\/schema\/logo\/image\/\",\"url\":\"https:\/\/www.miomiorun.com\/app\/uploads\/2019\/12\/logomio.png\",\"contentUrl\":\"https:\/\/www.miomiorun.com\/app\/uploads\/2019\/12\/logomio.png\",\"width\":115,\"height\":82,\"caption\":\"MioMio Run\"},\"image\":{\"@id\":\"https:\/\/www.miomiorun.com\/es\/#\/schema\/logo\/image\/\"},\"sameAs\":[\"https:\/\/www.facebook.com\/miomiorun\/\",\"https:\/\/www.instagram.com\/miomiorun\/\"]}]}<\/script>\n<!-- \/ Yoast SEO plugin. -->","yoast_head_json":{"title":"La sportiva Helios III hombre -zapatillas de trail para hombre - MioMioRun","description":"Las Helios III son unas zapatillas \u00abdoor to trail\u00bb dise\u00f1adas para entrenamientos y carreras en terrenos duros fuera de pista. Cuentan con una parte superior ligera y transpirable.","robots":{"index":"index","follow":"follow","max-snippet":"max-snippet:-1","max-image-preview":"max-image-preview:large","max-video-preview":"max-video-preview:-1"},"canonical":"https:\/\/www.miomiorun.com\/es\/producto\/helios-iii-hombre\/","og_locale":"es_ES","og_type":"article","og_title":"La sportiva Helios III hombre -zapatillas de trail para hombre - MioMioRun","og_description":"Las Helios III son unas zapatillas \u00abdoor to trail\u00bb dise\u00f1adas para entrenamientos y carreras en terrenos duros fuera de pista. Cuentan con una parte superior ligera y transpirable.","og_url":"https:\/\/www.miomiorun.com\/es\/producto\/helios-iii-hombre\/","og_site_name":"MioMioRun","article_publisher":"https:\/\/www.facebook.com\/miomiorun\/","article_modified_time":"2026-04-23T17:11:22+00:00","og_image":[{"width":600,"height":600,"url":"https:\/\/www.miomiorun.com\/app\/uploads\/2023\/06\/la-sportiva-helios-III-metal-electric-blue-46D917634.jpg","type":"image\/jpeg"}],"twitter_card":"summary_large_image","twitter_misc":{"Est. reading time":"2 minutes"},"schema":{"@context":"https:\/\/schema.org","@graph":[{"@type":"WebPage","@id":"https:\/\/www.miomiorun.com\/es\/producto\/helios-iii-hombre\/","url":"https:\/\/www.miomiorun.com\/es\/producto\/helios-iii-hombre\/","name":"La sportiva Helios III hombre -zapatillas de trail para hombre - MioMioRun","isPartOf":{"@id":"https:\/\/www.miomiorun.com\/es\/#website"},"primaryImageOfPage":{"@id":"https:\/\/www.miomiorun.com\/es\/producto\/helios-iii-hombre\/#primaryimage"},"image":{"@id":"https:\/\/www.miomiorun.com\/es\/producto\/helios-iii-hombre\/#primaryimage"},"thumbnailUrl":"https:\/\/www.miomiorun.com\/app\/uploads\/2023\/06\/la-sportiva-helios-III-metal-electric-blue-46D917634.jpg","datePublished":"2020-05-23T08:46:08+00:00","dateModified":"2026-04-23T17:11:22+00:00","description":"Las Helios III son unas zapatillas \u00abdoor to trail\u00bb dise\u00f1adas para entrenamientos y carreras en terrenos duros fuera de pista. Cuentan con una parte superior ligera y transpirable.","breadcrumb":{"@id":"https:\/\/www.miomiorun.com\/es\/producto\/helios-iii-hombre\/#breadcrumb"},"inLanguage":"es-ES","potentialAction":[{"@type":"ReadAction","target":["https:\/\/www.miomiorun.com\/es\/producto\/helios-iii-hombre\/"]}]},{"@type":"ImageObject","inLanguage":"es-ES","@id":"https:\/\/www.miomiorun.com\/es\/producto\/helios-iii-hombre\/#primaryimage","url":"https:\/\/www.miomiorun.com\/app\/uploads\/2023\/06\/la-sportiva-helios-III-metal-electric-blue-46D917634.jpg","contentUrl":"https:\/\/www.miomiorun.com\/app\/uploads\/2023\/06\/la-sportiva-helios-III-metal-electric-blue-46D917634.jpg","width":600,"height":600,"caption":"la-sportiva-helios-III-metal-electric-blue-46D917634"},{"@type":"BreadcrumbList","@id":"https:\/\/www.miomiorun.com\/es\/producto\/helios-iii-hombre\/#breadcrumb","itemListElement":[{"@type":"ListItem","position":1,"name":"Home","item":"https:\/\/www.miomiorun.com\/es\/"},{"@type":"ListItem","position":2,"name":"Shop","item":"https:\/\/www.miomiorun.com\/shop\/"},{"@type":"ListItem","position":3,"name":"Helios III hombre"}]},{"@type":"WebSite","@id":"https:\/\/www.miomiorun.com\/es\/#website","url":"https:\/\/www.miomiorun.com\/es\/","name":"MioMioRun","description":"Tienda 100% running y trail","publisher":{"@id":"https:\/\/www.miomiorun.com\/es\/#organization"},"potentialAction":[{"@type":"SearchAction","target":{"@type":"EntryPoint","urlTemplate":"https:\/\/www.miomiorun.com\/es\/?s={search_term_string}"},"query-input":{"@type":"PropertyValueSpecification","valueRequired":true,"valueName":"search_term_string"}}],"inLanguage":"es-ES"},{"@type":"Organization","@id":"https:\/\/www.miomiorun.com\/es\/#organization","name":"MioMio Run","url":"https:\/\/www.miomiorun.com\/es\/","logo":{"@type":"ImageObject","inLanguage":"es-ES","@id":"https:\/\/www.miomiorun.com\/es\/#\/schema\/logo\/image\/","url":"https:\/\/www.miomiorun.com\/app\/uploads\/2019\/12\/logomio.png","contentUrl":"https:\/\/www.miomiorun.com\/app\/uploads\/2019\/12\/logomio.png","width":115,"height":82,"caption":"MioMio Run"},"image":{"@id":"https:\/\/www.miomiorun.com\/es\/#\/schema\/logo\/image\/"},"sameAs":["https:\/\/www.facebook.com\/miomiorun\/","https:\/\/www.instagram.com\/miomiorun\/"]}]}},"_links":{"self":[{"href":"https:\/\/www.miomiorun.com\/es\/wp-json\/wp\/v2\/product\/275368","targetHints":{"allow":["GET"]}}],"collection":[{"href":"https:\/\/www.miomiorun.com\/es\/wp-json\/wp\/v2\/product"}],"about":[{"href":"https:\/\/www.miomiorun.com\/es\/wp-json\/wp\/v2\/types\/product"}],"wp:featuredmedia":[{"embeddable":true,"href":"https:\/\/www.miomiorun.com\/es\/wp-json\/wp\/v2\/media\/241563"}],"wp:attachment":[{"href":"https:\/\/www.miomiorun.com\/es\/wp-json\/wp\/v2\/media?parent=275368"}],"wp:term":[{"taxonomy":"product_brand","embeddable":true,"href":"https:\/\/www.miomiorun.com\/es\/wp-json\/wp\/v2\/product_brand?post=275368"},{"taxonomy":"product_cat","embeddable":true,"href":"https:\/\/www.miomiorun.com\/es\/wp-json\/wp\/v2\/product_cat?post=275368"},{"taxonomy":"product_tag","embeddable":true,"href":"https:\/\/www.miomiorun.com\/es\/wp-json\/wp\/v2\/product_tag?post=275368"}],"curies":[{"name":"wp","href":"https:\/\/api.w.org\/{rel}","templated":true}]}}