{"id":275344,"date":"2020-05-23T10:58:34","date_gmt":"2020-05-23T08:58:34","guid":{"rendered":"https:\/\/miomiorun.com\/prodotto\/la-sportiva-helios-iii-donna\/"},"modified":"2026-05-08T20:41:34","modified_gmt":"2026-05-08T18:41:34","slug":"la-sportiva-helios-iii-mujer","status":"publish","type":"product","link":"https:\/\/www.miomiorun.com\/es\/producto\/la-sportiva-helios-iii-mujer\/","title":{"rendered":"Helios III mujer"},"content":{"rendered":"<table style=\"border-collapse: collapse;width: 100%\">\n<tbody>\n<tr>\n<td style=\"width: 33.3333%;vertical-align: top;text-align: center\"><strong>Especificaciones t\u00e9cnicas<\/strong><\/p>\n<p>Categor\u00eda: Amortiguaci\u00f3n media<br \/>\nDiferencial: 4 mm<br \/>\nPeso: 175 g<br \/>\nIdeal para: amantes del trail running, pero tambi\u00e9n para quienes simplemente corren o caminan por terrenos sin asfaltar y buscan una zapatilla ligera y el\u00e1stica, y reactiva cuando sea necesario.<br \/>\nPeso del deportista: 50-65 kg<br \/>\nRitmo de carrera: vers\u00e1til (4,30-6 min\/km)<br \/>\n<a href=\"https:\/\/miomiorun.com\/guida-alle-specifiche-tecniche\/\">Gu\u00eda de especificaciones t\u00e9cnicas<\/a><\/td>\n<td style=\"width: 66.6666%;vertical-align: top;text-align: center\">Helios III es la zapatilla \u00abdoor to trail\u00bb dise\u00f1ada para entrenamientos y carreras en terrenos duros todoterreno. Es un producto de estilo \u00abathleisure\u00bb con una parte superior ligera y transpirable, fabricada con una combinaci\u00f3n \u00fanica y termorregulada de tejido rip-stop, malla monofibra, malla s\u00e1ndwich y refuerzos de TPU. El ajuste es extremadamente c\u00f3modo y envolvente, derivado del modelo Helios SR. La presencia del contrafuerte en el tal\u00f3n evita aplastamientos al calzarlas, mientras que el cuello envolvente y suave con almohadillas de espuma 3D garantiza un confort perfecto. La suela est\u00e1 fabricada con la mezcla de alta durabilidad FriXion Blu: perfecta para su uso en terrenos duros y rocosos. La puntera termoformada contribuye a la ligereza general del producto, adem\u00e1s de proteger contra los impactos frontales. La entresuela de EVA inyectada con tecnolog\u00eda MorphoDynamic garantiza la elevada amortiguaci\u00f3n t\u00edpica del modelo Helios desde su lanzamiento al mercado, mientras que la plantilla Cushoning Platform aumenta sus propiedades amortiguadoras y el confort general. Helios III: es hora de volar, otra vez.<\/p>\n<p>+ Actualizaci\u00f3n t\u00e9cnica y est\u00e9tica del modelo Helios II, manteniendo el enfoque en la ligereza, la transpirabilidad y el confort<br \/>\n+ Calzada c\u00f3moda y envolvente derivada del modelo Helios SR<br \/>\n+ Collar envolvente con almohadillas de m\u00e1ximo confort de espuma 3D<br \/>\n+ Suela de goma FriXion\u00ae Blue de alta durabilidad<br \/>\n+ Sistema de cordones tradicional para permitir un ajuste perfecto del volumen<br \/>\n+ Puntera termoformada para una ligereza m\u00e1xima y contenci\u00f3n del volumen<br \/>\n+ Entresuela con construcci\u00f3n Morpho-Dynamic para una amortiguaci\u00f3n m\u00e1xima<br \/>\n+ Inserto Cushoning Platform de EVA que aumenta la amortiguaci\u00f3n<\/p>\n<p><b>Empeine:<\/b><br \/>\nMalla de una sola capa + tejido rip-stop + malla tipo s\u00e1ndwich + refuerzos de TPU<br \/>\n<b>Forro:<\/b><br \/>\nMalla antideslizante<br \/>\n<b>Entresuela:<\/b><br \/>\nMEMElex EVA inyectada e inserto Cushoning Platform<br \/>\n<b>Suela:<\/b><br \/>\nFriXion\u00ae Blue con Impact Brake System<br \/>\n<b>Plantilla:<\/b><br \/>\nOrtholite\u00ae Mountain Running Ergonomic 4 mm<\/td>\n<\/tr>\n<\/tbody>\n<\/table>\n<p>&nbsp;<\/p>\n","protected":false},"excerpt":{"rendered":"<p>Especificaciones t\u00e9cnicas Categor\u00eda: Amortiguaci\u00f3n media Diferencial: 4 mm Peso: 175 g Ideal para: amantes del trail running, pero tambi\u00e9n para quienes simplemente corren o caminan por terrenos sin asfaltar y buscan una zapatilla ligera y el\u00e1stica, y reactiva cuando sea necesario. Peso del deportista: 50-65 kg Ritmo de carrera: vers\u00e1til (4,30-6 min\/km) Gu\u00eda de especificaciones &hellip; <a href=\"https:\/\/www.miomiorun.com\/es\/producto\/la-sportiva-helios-iii-mujer\/\">Continued<\/a><\/p>\n","protected":false},"featured_media":245869,"template":"","meta":{"_acf_changed":false,"inline_featured_image":false},"product_brand":[],"product_cat":[24227,24230],"product_tag":[23598,23640],"class_list":{"0":"post-275344","1":"product","2":"type-product","3":"status-publish","4":"has-post-thumbnail","6":"product_cat-calzado-femenino","7":"product_cat-trail-es","8":"product_tag-la-sportiva-es","9":"product_tag-la-sportiva-mujer","10":"pa_attivita-caminar","11":"pa_attivita-outdoor-es","12":"pa_attivita-trail-es","13":"pa_colore-helios-iii-w-hibiscus-malibu-blue-es","14":"pa_colore-helios-iii-w-mineral-red-hurricane-es","15":"pa_colore-helios-iii-w-zest-night-sky-es","16":"pa_marca-la-sportiva-es","17":"pa_sesso-mujer","18":"pa_size-37-5-es","19":"pa_size-38-es","20":"pa_size-38-5-es","21":"pa_size-39-es","22":"pa_size-39-5-es","23":"pa_size-40-es","24":"pa_size-40-5-es","25":"pa_size-41-es","27":"first","28":"instock","29":"sale","30":"taxable","31":"shipping-taxable","32":"purchasable","33":"product-type-variable","34":"wvs-archive-product-wrapper"},"acf":[],"yoast_head":"<!-- This site is optimized with the Yoast SEO plugin v26.8 - https:\/\/yoast.com\/product\/yoast-seo-wordpress\/ -->\n<title>La sportiva Helios III mujer -zapatillas de trail para mujer - MioMioRun .com<\/title>\n<meta name=\"description\" content=\"Las Helios III son unas zapatillas \u00abdoor to trail\u00bb dise\u00f1adas para entrenamientos y carreras en terrenos duros fuera de pista. Cuentan con una parte superior ligera y transpirable.\" \/>\n<meta name=\"robots\" content=\"index, follow, max-snippet:-1, max-image-preview:large, max-video-preview:-1\" \/>\n<link rel=\"canonical\" href=\"https:\/\/www.miomiorun.com\/es\/producto\/la-sportiva-helios-iii-mujer\/\" \/>\n<meta property=\"og:locale\" content=\"es_ES\" \/>\n<meta property=\"og:type\" content=\"article\" \/>\n<meta property=\"og:title\" content=\"La sportiva Helios III mujer -zapatillas de trail para mujer - MioMioRun .com\" \/>\n<meta property=\"og:description\" content=\"Las Helios III son unas zapatillas \u00abdoor to trail\u00bb dise\u00f1adas para entrenamientos y carreras en terrenos duros fuera de pista. Cuentan con una parte superior ligera y transpirable.\" \/>\n<meta property=\"og:url\" content=\"https:\/\/www.miomiorun.com\/es\/producto\/la-sportiva-helios-iii-mujer\/\" \/>\n<meta property=\"og:site_name\" content=\"MioMioRun\" \/>\n<meta property=\"article:publisher\" content=\"https:\/\/www.facebook.com\/miomiorun\/\" \/>\n<meta property=\"article:modified_time\" content=\"2026-05-08T18:41:34+00:00\" \/>\n<meta property=\"og:image\" content=\"https:\/\/www.miomiorun.com\/app\/uploads\/2024\/03\/La-Sportiva-Helios-III-W-topaz-red-plum-46E624502.jpg\" \/>\n\t<meta property=\"og:image:width\" content=\"600\" \/>\n\t<meta property=\"og:image:height\" content=\"600\" \/>\n\t<meta property=\"og:image:type\" content=\"image\/jpeg\" \/>\n<meta name=\"twitter:card\" content=\"summary_large_image\" \/>\n<meta name=\"twitter:label1\" content=\"Est. reading time\" \/>\n\t<meta name=\"twitter:data1\" content=\"2 minutes\" \/>\n<script type=\"application\/ld+json\" class=\"yoast-schema-graph\">{\"@context\":\"https:\/\/schema.org\",\"@graph\":[{\"@type\":\"WebPage\",\"@id\":\"https:\/\/www.miomiorun.com\/es\/producto\/la-sportiva-helios-iii-mujer\/\",\"url\":\"https:\/\/www.miomiorun.com\/es\/producto\/la-sportiva-helios-iii-mujer\/\",\"name\":\"La sportiva Helios III mujer -zapatillas de trail para mujer - MioMioRun .com\",\"isPartOf\":{\"@id\":\"https:\/\/www.miomiorun.com\/es\/#website\"},\"primaryImageOfPage\":{\"@id\":\"https:\/\/www.miomiorun.com\/es\/producto\/la-sportiva-helios-iii-mujer\/#primaryimage\"},\"image\":{\"@id\":\"https:\/\/www.miomiorun.com\/es\/producto\/la-sportiva-helios-iii-mujer\/#primaryimage\"},\"thumbnailUrl\":\"https:\/\/www.miomiorun.com\/app\/uploads\/2024\/03\/La-Sportiva-Helios-III-W-topaz-red-plum-46E624502.jpg\",\"datePublished\":\"2020-05-23T08:58:34+00:00\",\"dateModified\":\"2026-05-08T18:41:34+00:00\",\"description\":\"Las Helios III son unas zapatillas \u00abdoor to trail\u00bb dise\u00f1adas para entrenamientos y carreras en terrenos duros fuera de pista. Cuentan con una parte superior ligera y transpirable.\",\"breadcrumb\":{\"@id\":\"https:\/\/www.miomiorun.com\/es\/producto\/la-sportiva-helios-iii-mujer\/#breadcrumb\"},\"inLanguage\":\"es-ES\",\"potentialAction\":[{\"@type\":\"ReadAction\",\"target\":[\"https:\/\/www.miomiorun.com\/es\/producto\/la-sportiva-helios-iii-mujer\/\"]}]},{\"@type\":\"ImageObject\",\"inLanguage\":\"es-ES\",\"@id\":\"https:\/\/www.miomiorun.com\/es\/producto\/la-sportiva-helios-iii-mujer\/#primaryimage\",\"url\":\"https:\/\/www.miomiorun.com\/app\/uploads\/2024\/03\/La-Sportiva-Helios-III-W-topaz-red-plum-46E624502.jpg\",\"contentUrl\":\"https:\/\/www.miomiorun.com\/app\/uploads\/2024\/03\/La-Sportiva-Helios-III-W-topaz-red-plum-46E624502.jpg\",\"width\":600,\"height\":600,\"caption\":\"La-Sportiva-Helios-III-W-topaz-red-plum-46E624502\"},{\"@type\":\"BreadcrumbList\",\"@id\":\"https:\/\/www.miomiorun.com\/es\/producto\/la-sportiva-helios-iii-mujer\/#breadcrumb\",\"itemListElement\":[{\"@type\":\"ListItem\",\"position\":1,\"name\":\"Home\",\"item\":\"https:\/\/www.miomiorun.com\/es\/\"},{\"@type\":\"ListItem\",\"position\":2,\"name\":\"Shop\",\"item\":\"https:\/\/www.miomiorun.com\/shop\/\"},{\"@type\":\"ListItem\",\"position\":3,\"name\":\"Helios III mujer\"}]},{\"@type\":\"WebSite\",\"@id\":\"https:\/\/www.miomiorun.com\/es\/#website\",\"url\":\"https:\/\/www.miomiorun.com\/es\/\",\"name\":\"MioMioRun\",\"description\":\"Tienda 100% running y trail\",\"publisher\":{\"@id\":\"https:\/\/www.miomiorun.com\/es\/#organization\"},\"potentialAction\":[{\"@type\":\"SearchAction\",\"target\":{\"@type\":\"EntryPoint\",\"urlTemplate\":\"https:\/\/www.miomiorun.com\/es\/?s={search_term_string}\"},\"query-input\":{\"@type\":\"PropertyValueSpecification\",\"valueRequired\":true,\"valueName\":\"search_term_string\"}}],\"inLanguage\":\"es-ES\"},{\"@type\":\"Organization\",\"@id\":\"https:\/\/www.miomiorun.com\/es\/#organization\",\"name\":\"MioMio Run\",\"url\":\"https:\/\/www.miomiorun.com\/es\/\",\"logo\":{\"@type\":\"ImageObject\",\"inLanguage\":\"es-ES\",\"@id\":\"https:\/\/www.miomiorun.com\/es\/#\/schema\/logo\/image\/\",\"url\":\"https:\/\/www.miomiorun.com\/app\/uploads\/2019\/12\/logomio.png\",\"contentUrl\":\"https:\/\/www.miomiorun.com\/app\/uploads\/2019\/12\/logomio.png\",\"width\":115,\"height\":82,\"caption\":\"MioMio Run\"},\"image\":{\"@id\":\"https:\/\/www.miomiorun.com\/es\/#\/schema\/logo\/image\/\"},\"sameAs\":[\"https:\/\/www.facebook.com\/miomiorun\/\",\"https:\/\/www.instagram.com\/miomiorun\/\"]}]}<\/script>\n<!-- \/ Yoast SEO plugin. -->","yoast_head_json":{"title":"La sportiva Helios III mujer -zapatillas de trail para mujer - MioMioRun .com","description":"Las Helios III son unas zapatillas \u00abdoor to trail\u00bb dise\u00f1adas para entrenamientos y carreras en terrenos duros fuera de pista. Cuentan con una parte superior ligera y transpirable.","robots":{"index":"index","follow":"follow","max-snippet":"max-snippet:-1","max-image-preview":"max-image-preview:large","max-video-preview":"max-video-preview:-1"},"canonical":"https:\/\/www.miomiorun.com\/es\/producto\/la-sportiva-helios-iii-mujer\/","og_locale":"es_ES","og_type":"article","og_title":"La sportiva Helios III mujer -zapatillas de trail para mujer - MioMioRun .com","og_description":"Las Helios III son unas zapatillas \u00abdoor to trail\u00bb dise\u00f1adas para entrenamientos y carreras en terrenos duros fuera de pista. Cuentan con una parte superior ligera y transpirable.","og_url":"https:\/\/www.miomiorun.com\/es\/producto\/la-sportiva-helios-iii-mujer\/","og_site_name":"MioMioRun","article_publisher":"https:\/\/www.facebook.com\/miomiorun\/","article_modified_time":"2026-05-08T18:41:34+00:00","og_image":[{"width":600,"height":600,"url":"https:\/\/www.miomiorun.com\/app\/uploads\/2024\/03\/La-Sportiva-Helios-III-W-topaz-red-plum-46E624502.jpg","type":"image\/jpeg"}],"twitter_card":"summary_large_image","twitter_misc":{"Est. reading time":"2 minutes"},"schema":{"@context":"https:\/\/schema.org","@graph":[{"@type":"WebPage","@id":"https:\/\/www.miomiorun.com\/es\/producto\/la-sportiva-helios-iii-mujer\/","url":"https:\/\/www.miomiorun.com\/es\/producto\/la-sportiva-helios-iii-mujer\/","name":"La sportiva Helios III mujer -zapatillas de trail para mujer - MioMioRun .com","isPartOf":{"@id":"https:\/\/www.miomiorun.com\/es\/#website"},"primaryImageOfPage":{"@id":"https:\/\/www.miomiorun.com\/es\/producto\/la-sportiva-helios-iii-mujer\/#primaryimage"},"image":{"@id":"https:\/\/www.miomiorun.com\/es\/producto\/la-sportiva-helios-iii-mujer\/#primaryimage"},"thumbnailUrl":"https:\/\/www.miomiorun.com\/app\/uploads\/2024\/03\/La-Sportiva-Helios-III-W-topaz-red-plum-46E624502.jpg","datePublished":"2020-05-23T08:58:34+00:00","dateModified":"2026-05-08T18:41:34+00:00","description":"Las Helios III son unas zapatillas \u00abdoor to trail\u00bb dise\u00f1adas para entrenamientos y carreras en terrenos duros fuera de pista. Cuentan con una parte superior ligera y transpirable.","breadcrumb":{"@id":"https:\/\/www.miomiorun.com\/es\/producto\/la-sportiva-helios-iii-mujer\/#breadcrumb"},"inLanguage":"es-ES","potentialAction":[{"@type":"ReadAction","target":["https:\/\/www.miomiorun.com\/es\/producto\/la-sportiva-helios-iii-mujer\/"]}]},{"@type":"ImageObject","inLanguage":"es-ES","@id":"https:\/\/www.miomiorun.com\/es\/producto\/la-sportiva-helios-iii-mujer\/#primaryimage","url":"https:\/\/www.miomiorun.com\/app\/uploads\/2024\/03\/La-Sportiva-Helios-III-W-topaz-red-plum-46E624502.jpg","contentUrl":"https:\/\/www.miomiorun.com\/app\/uploads\/2024\/03\/La-Sportiva-Helios-III-W-topaz-red-plum-46E624502.jpg","width":600,"height":600,"caption":"La-Sportiva-Helios-III-W-topaz-red-plum-46E624502"},{"@type":"BreadcrumbList","@id":"https:\/\/www.miomiorun.com\/es\/producto\/la-sportiva-helios-iii-mujer\/#breadcrumb","itemListElement":[{"@type":"ListItem","position":1,"name":"Home","item":"https:\/\/www.miomiorun.com\/es\/"},{"@type":"ListItem","position":2,"name":"Shop","item":"https:\/\/www.miomiorun.com\/shop\/"},{"@type":"ListItem","position":3,"name":"Helios III mujer"}]},{"@type":"WebSite","@id":"https:\/\/www.miomiorun.com\/es\/#website","url":"https:\/\/www.miomiorun.com\/es\/","name":"MioMioRun","description":"Tienda 100% running y trail","publisher":{"@id":"https:\/\/www.miomiorun.com\/es\/#organization"},"potentialAction":[{"@type":"SearchAction","target":{"@type":"EntryPoint","urlTemplate":"https:\/\/www.miomiorun.com\/es\/?s={search_term_string}"},"query-input":{"@type":"PropertyValueSpecification","valueRequired":true,"valueName":"search_term_string"}}],"inLanguage":"es-ES"},{"@type":"Organization","@id":"https:\/\/www.miomiorun.com\/es\/#organization","name":"MioMio Run","url":"https:\/\/www.miomiorun.com\/es\/","logo":{"@type":"ImageObject","inLanguage":"es-ES","@id":"https:\/\/www.miomiorun.com\/es\/#\/schema\/logo\/image\/","url":"https:\/\/www.miomiorun.com\/app\/uploads\/2019\/12\/logomio.png","contentUrl":"https:\/\/www.miomiorun.com\/app\/uploads\/2019\/12\/logomio.png","width":115,"height":82,"caption":"MioMio Run"},"image":{"@id":"https:\/\/www.miomiorun.com\/es\/#\/schema\/logo\/image\/"},"sameAs":["https:\/\/www.facebook.com\/miomiorun\/","https:\/\/www.instagram.com\/miomiorun\/"]}]}},"_links":{"self":[{"href":"https:\/\/www.miomiorun.com\/es\/wp-json\/wp\/v2\/product\/275344","targetHints":{"allow":["GET"]}}],"collection":[{"href":"https:\/\/www.miomiorun.com\/es\/wp-json\/wp\/v2\/product"}],"about":[{"href":"https:\/\/www.miomiorun.com\/es\/wp-json\/wp\/v2\/types\/product"}],"wp:featuredmedia":[{"embeddable":true,"href":"https:\/\/www.miomiorun.com\/es\/wp-json\/wp\/v2\/media\/245869"}],"wp:attachment":[{"href":"https:\/\/www.miomiorun.com\/es\/wp-json\/wp\/v2\/media?parent=275344"}],"wp:term":[{"taxonomy":"product_brand","embeddable":true,"href":"https:\/\/www.miomiorun.com\/es\/wp-json\/wp\/v2\/product_brand?post=275344"},{"taxonomy":"product_cat","embeddable":true,"href":"https:\/\/www.miomiorun.com\/es\/wp-json\/wp\/v2\/product_cat?post=275344"},{"taxonomy":"product_tag","embeddable":true,"href":"https:\/\/www.miomiorun.com\/es\/wp-json\/wp\/v2\/product_tag?post=275344"}],"curies":[{"name":"wp","href":"https:\/\/api.w.org\/{rel}","templated":true}]}}