{"id":275312,"date":"2020-05-27T17:23:39","date_gmt":"2020-05-27T15:23:39","guid":{"rendered":"https:\/\/miomiorun.com\/prodotto\/garmin-sensore-di-velocita-bluetooth-e-ant\/"},"modified":"2026-04-29T12:16:54","modified_gmt":"2026-04-29T10:16:54","slug":"garmin-sensor-de-velocidad-bluetooth-y-ant","status":"publish","type":"product","link":"https:\/\/www.miomiorun.com\/es\/producto\/garmin-sensor-de-velocidad-bluetooth-y-ant\/","title":{"rendered":"Sensor de velocidad Bluetooth y ANT+"},"content":{"rendered":"<p style=\"text-align: left\">Controla tu pedaleo con el sensor de velocidad, inal\u00e1mbrico y f\u00e1cil de instalar. Sin imanes ni otras piezas expuestas que requieran alineaci\u00f3n, este sensor es f\u00e1cil de instalar, guardar y trasladar de una bicicleta a otra.<\/p>\n<p><img decoding=\"async\" class=\"bottom-s aligncenter\" src=\"https:\/\/static.garmincdn.com\/en\/products\/010-12103-00\/g\/cadence_v02-48cecb15-1857-43db-b7a2-be42052f299a.jpg\" alt=\"At a Glance\" width=\"700\" height=\"\" border=\"0\"><\/p>\n<p style=\"text-align: left\">El sensor de velocidad de segunda generaci\u00f3n se fija al buje de una de tus ruedas y se calibra autom\u00e1ticamente a trav\u00e9s del ciclocomputador Edge<sup>\u00ae<\/sup> o un dispositivo Garmin compatible para proporcionarte datos precisos sobre la velocidad y la distancia en todo momento. El sensor almacena los datos de tus salidas incluso sin el Edge o un dispositivo compatible; una vez conectados, los datos se compartir\u00e1n entre los dos dispositivos<\/p>\n<div class=\"row top-m bottom-m\">\n<div class=\"span9\">\n<p>Env\u00eda datos en tiempo real sobre la velocidad y la distancia a las aplicaciones de entrenamiento compatibles o visual\u00edzalos utilizando la conectividad ANT+<sup>\u00ae<\/sup> y la tecnolog\u00eda Bluetooth<sup>\u00ae<\/sup> Low Energy.<\/p>\n<p>Con este sensor en la bicicleta, podr\u00e1s entrenar para mejorar tu mejor marca personal o ver tu posici\u00f3n con respecto a la de otros ciclistas.<\/p>\n<\/div>\n<\/div>\n","protected":false},"excerpt":{"rendered":"<p>Controla tu pedaleo con este sensor inal\u00e1mbrico f\u00e1cil de instalar. Sin imanes ni otras piezas expuestas que requieran alineaci\u00f3n, es f\u00e1cil de guardar y de pasar de una bicicleta a otra.<\/p>\n","protected":false},"featured_media":229996,"template":"","meta":{"_acf_changed":false,"inline_featured_image":false},"product_brand":[],"product_cat":[24208,22536],"product_tag":[23481],"class_list":{"0":"post-275312","1":"product","2":"type-product","3":"status-publish","4":"has-post-thumbnail","6":"product_cat-accesorios-es","7":"product_cat-garmin-es","8":"product_tag-garmin-es","9":"pa_marca-garmin-es","10":"pa_sesso-hombre","11":"pa_sesso-mujer","13":"first","14":"instock","15":"sale","16":"taxable","17":"shipping-taxable","18":"purchasable","19":"product-type-simple"},"acf":[],"yoast_head":"<!-- This site is optimized with the Yoast SEO plugin v26.8 - https:\/\/yoast.com\/product\/yoast-seo-wordpress\/ -->\n<title>Garmin Sensor de velocidad Bluetooth y ANT+ - MioMioRun<\/title>\n<meta name=\"description\" content=\"Controla tu pedaleo con este sensor de velocidad inal\u00e1mbrico. Sin piezas expuestas, f\u00e1cil de instalar, guardar y transportar.\" \/>\n<meta name=\"robots\" content=\"index, follow, max-snippet:-1, max-image-preview:large, max-video-preview:-1\" \/>\n<link rel=\"canonical\" href=\"https:\/\/www.miomiorun.com\/es\/producto\/garmin-sensor-de-velocidad-bluetooth-y-ant\/\" \/>\n<meta property=\"og:locale\" content=\"es_ES\" \/>\n<meta property=\"og:type\" content=\"article\" \/>\n<meta property=\"og:title\" content=\"Garmin Sensor de velocidad Bluetooth y ANT+ - MioMioRun\" \/>\n<meta property=\"og:description\" content=\"Controla tu pedaleo con este sensor de velocidad inal\u00e1mbrico. Sin piezas expuestas, f\u00e1cil de instalar, guardar y transportar.\" \/>\n<meta property=\"og:url\" content=\"https:\/\/www.miomiorun.com\/es\/producto\/garmin-sensor-de-velocidad-bluetooth-y-ant\/\" \/>\n<meta property=\"og:site_name\" content=\"MioMioRun\" \/>\n<meta property=\"article:publisher\" content=\"https:\/\/www.facebook.com\/miomiorun\/\" \/>\n<meta property=\"article:modified_time\" content=\"2026-04-29T10:16:54+00:00\" \/>\n<meta property=\"og:image\" content=\"https:\/\/www.miomiorun.com\/app\/uploads\/2020\/05\/Garmin-sensore-velocit\u00e0-bici.jpg\" \/>\n\t<meta property=\"og:image:width\" content=\"600\" \/>\n\t<meta property=\"og:image:height\" content=\"600\" \/>\n\t<meta property=\"og:image:type\" content=\"image\/jpeg\" \/>\n<meta name=\"twitter:card\" content=\"summary_large_image\" \/>\n<meta name=\"twitter:label1\" content=\"Est. reading time\" \/>\n\t<meta name=\"twitter:data1\" content=\"1 minute\" \/>\n<script type=\"application\/ld+json\" class=\"yoast-schema-graph\">{\"@context\":\"https:\/\/schema.org\",\"@graph\":[{\"@type\":\"WebPage\",\"@id\":\"https:\/\/www.miomiorun.com\/es\/producto\/garmin-sensor-de-velocidad-bluetooth-y-ant\/\",\"url\":\"https:\/\/www.miomiorun.com\/es\/producto\/garmin-sensor-de-velocidad-bluetooth-y-ant\/\",\"name\":\"Garmin Sensor de velocidad Bluetooth y ANT+ - MioMioRun\",\"isPartOf\":{\"@id\":\"https:\/\/www.miomiorun.com\/es\/#website\"},\"primaryImageOfPage\":{\"@id\":\"https:\/\/www.miomiorun.com\/es\/producto\/garmin-sensor-de-velocidad-bluetooth-y-ant\/#primaryimage\"},\"image\":{\"@id\":\"https:\/\/www.miomiorun.com\/es\/producto\/garmin-sensor-de-velocidad-bluetooth-y-ant\/#primaryimage\"},\"thumbnailUrl\":\"https:\/\/www.miomiorun.com\/app\/uploads\/2020\/05\/Garmin-sensore-velocit\u00e0-bici.jpg\",\"datePublished\":\"2020-05-27T15:23:39+00:00\",\"dateModified\":\"2026-04-29T10:16:54+00:00\",\"description\":\"Controla tu pedaleo con este sensor de velocidad inal\u00e1mbrico. Sin piezas expuestas, f\u00e1cil de instalar, guardar y transportar.\",\"breadcrumb\":{\"@id\":\"https:\/\/www.miomiorun.com\/es\/producto\/garmin-sensor-de-velocidad-bluetooth-y-ant\/#breadcrumb\"},\"inLanguage\":\"es-ES\",\"potentialAction\":[{\"@type\":\"ReadAction\",\"target\":[\"https:\/\/www.miomiorun.com\/es\/producto\/garmin-sensor-de-velocidad-bluetooth-y-ant\/\"]}]},{\"@type\":\"ImageObject\",\"inLanguage\":\"es-ES\",\"@id\":\"https:\/\/www.miomiorun.com\/es\/producto\/garmin-sensor-de-velocidad-bluetooth-y-ant\/#primaryimage\",\"url\":\"https:\/\/www.miomiorun.com\/app\/uploads\/2020\/05\/Garmin-sensore-velocit\u00e0-bici.jpg\",\"contentUrl\":\"https:\/\/www.miomiorun.com\/app\/uploads\/2020\/05\/Garmin-sensore-velocit\u00e0-bici.jpg\",\"width\":600,\"height\":600,\"caption\":\"Garmin-sensore-velocit\u00e0-bici\"},{\"@type\":\"BreadcrumbList\",\"@id\":\"https:\/\/www.miomiorun.com\/es\/producto\/garmin-sensor-de-velocidad-bluetooth-y-ant\/#breadcrumb\",\"itemListElement\":[{\"@type\":\"ListItem\",\"position\":1,\"name\":\"Home\",\"item\":\"https:\/\/www.miomiorun.com\/es\/\"},{\"@type\":\"ListItem\",\"position\":2,\"name\":\"Shop\",\"item\":\"https:\/\/www.miomiorun.com\/shop\/\"},{\"@type\":\"ListItem\",\"position\":3,\"name\":\"Sensor de velocidad Bluetooth y ANT+\"}]},{\"@type\":\"WebSite\",\"@id\":\"https:\/\/www.miomiorun.com\/es\/#website\",\"url\":\"https:\/\/www.miomiorun.com\/es\/\",\"name\":\"MioMioRun\",\"description\":\"Tienda 100% running y trail\",\"publisher\":{\"@id\":\"https:\/\/www.miomiorun.com\/es\/#organization\"},\"potentialAction\":[{\"@type\":\"SearchAction\",\"target\":{\"@type\":\"EntryPoint\",\"urlTemplate\":\"https:\/\/www.miomiorun.com\/es\/?s={search_term_string}\"},\"query-input\":{\"@type\":\"PropertyValueSpecification\",\"valueRequired\":true,\"valueName\":\"search_term_string\"}}],\"inLanguage\":\"es-ES\"},{\"@type\":\"Organization\",\"@id\":\"https:\/\/www.miomiorun.com\/es\/#organization\",\"name\":\"MioMio Run\",\"url\":\"https:\/\/www.miomiorun.com\/es\/\",\"logo\":{\"@type\":\"ImageObject\",\"inLanguage\":\"es-ES\",\"@id\":\"https:\/\/www.miomiorun.com\/es\/#\/schema\/logo\/image\/\",\"url\":\"https:\/\/www.miomiorun.com\/app\/uploads\/2019\/12\/logomio.png\",\"contentUrl\":\"https:\/\/www.miomiorun.com\/app\/uploads\/2019\/12\/logomio.png\",\"width\":115,\"height\":82,\"caption\":\"MioMio Run\"},\"image\":{\"@id\":\"https:\/\/www.miomiorun.com\/es\/#\/schema\/logo\/image\/\"},\"sameAs\":[\"https:\/\/www.facebook.com\/miomiorun\/\",\"https:\/\/www.instagram.com\/miomiorun\/\"]}]}<\/script>\n<!-- \/ Yoast SEO plugin. -->","yoast_head_json":{"title":"Garmin Sensor de velocidad Bluetooth y ANT+ - MioMioRun","description":"Controla tu pedaleo con este sensor de velocidad inal\u00e1mbrico. Sin piezas expuestas, f\u00e1cil de instalar, guardar y transportar.","robots":{"index":"index","follow":"follow","max-snippet":"max-snippet:-1","max-image-preview":"max-image-preview:large","max-video-preview":"max-video-preview:-1"},"canonical":"https:\/\/www.miomiorun.com\/es\/producto\/garmin-sensor-de-velocidad-bluetooth-y-ant\/","og_locale":"es_ES","og_type":"article","og_title":"Garmin Sensor de velocidad Bluetooth y ANT+ - MioMioRun","og_description":"Controla tu pedaleo con este sensor de velocidad inal\u00e1mbrico. Sin piezas expuestas, f\u00e1cil de instalar, guardar y transportar.","og_url":"https:\/\/www.miomiorun.com\/es\/producto\/garmin-sensor-de-velocidad-bluetooth-y-ant\/","og_site_name":"MioMioRun","article_publisher":"https:\/\/www.facebook.com\/miomiorun\/","article_modified_time":"2026-04-29T10:16:54+00:00","og_image":[{"width":600,"height":600,"url":"https:\/\/www.miomiorun.com\/app\/uploads\/2020\/05\/Garmin-sensore-velocit\u00e0-bici.jpg","type":"image\/jpeg"}],"twitter_card":"summary_large_image","twitter_misc":{"Est. reading time":"1 minute"},"schema":{"@context":"https:\/\/schema.org","@graph":[{"@type":"WebPage","@id":"https:\/\/www.miomiorun.com\/es\/producto\/garmin-sensor-de-velocidad-bluetooth-y-ant\/","url":"https:\/\/www.miomiorun.com\/es\/producto\/garmin-sensor-de-velocidad-bluetooth-y-ant\/","name":"Garmin Sensor de velocidad Bluetooth y ANT+ - MioMioRun","isPartOf":{"@id":"https:\/\/www.miomiorun.com\/es\/#website"},"primaryImageOfPage":{"@id":"https:\/\/www.miomiorun.com\/es\/producto\/garmin-sensor-de-velocidad-bluetooth-y-ant\/#primaryimage"},"image":{"@id":"https:\/\/www.miomiorun.com\/es\/producto\/garmin-sensor-de-velocidad-bluetooth-y-ant\/#primaryimage"},"thumbnailUrl":"https:\/\/www.miomiorun.com\/app\/uploads\/2020\/05\/Garmin-sensore-velocit\u00e0-bici.jpg","datePublished":"2020-05-27T15:23:39+00:00","dateModified":"2026-04-29T10:16:54+00:00","description":"Controla tu pedaleo con este sensor de velocidad inal\u00e1mbrico. Sin piezas expuestas, f\u00e1cil de instalar, guardar y transportar.","breadcrumb":{"@id":"https:\/\/www.miomiorun.com\/es\/producto\/garmin-sensor-de-velocidad-bluetooth-y-ant\/#breadcrumb"},"inLanguage":"es-ES","potentialAction":[{"@type":"ReadAction","target":["https:\/\/www.miomiorun.com\/es\/producto\/garmin-sensor-de-velocidad-bluetooth-y-ant\/"]}]},{"@type":"ImageObject","inLanguage":"es-ES","@id":"https:\/\/www.miomiorun.com\/es\/producto\/garmin-sensor-de-velocidad-bluetooth-y-ant\/#primaryimage","url":"https:\/\/www.miomiorun.com\/app\/uploads\/2020\/05\/Garmin-sensore-velocit\u00e0-bici.jpg","contentUrl":"https:\/\/www.miomiorun.com\/app\/uploads\/2020\/05\/Garmin-sensore-velocit\u00e0-bici.jpg","width":600,"height":600,"caption":"Garmin-sensore-velocit\u00e0-bici"},{"@type":"BreadcrumbList","@id":"https:\/\/www.miomiorun.com\/es\/producto\/garmin-sensor-de-velocidad-bluetooth-y-ant\/#breadcrumb","itemListElement":[{"@type":"ListItem","position":1,"name":"Home","item":"https:\/\/www.miomiorun.com\/es\/"},{"@type":"ListItem","position":2,"name":"Shop","item":"https:\/\/www.miomiorun.com\/shop\/"},{"@type":"ListItem","position":3,"name":"Sensor de velocidad Bluetooth y ANT+"}]},{"@type":"WebSite","@id":"https:\/\/www.miomiorun.com\/es\/#website","url":"https:\/\/www.miomiorun.com\/es\/","name":"MioMioRun","description":"Tienda 100% running y trail","publisher":{"@id":"https:\/\/www.miomiorun.com\/es\/#organization"},"potentialAction":[{"@type":"SearchAction","target":{"@type":"EntryPoint","urlTemplate":"https:\/\/www.miomiorun.com\/es\/?s={search_term_string}"},"query-input":{"@type":"PropertyValueSpecification","valueRequired":true,"valueName":"search_term_string"}}],"inLanguage":"es-ES"},{"@type":"Organization","@id":"https:\/\/www.miomiorun.com\/es\/#organization","name":"MioMio Run","url":"https:\/\/www.miomiorun.com\/es\/","logo":{"@type":"ImageObject","inLanguage":"es-ES","@id":"https:\/\/www.miomiorun.com\/es\/#\/schema\/logo\/image\/","url":"https:\/\/www.miomiorun.com\/app\/uploads\/2019\/12\/logomio.png","contentUrl":"https:\/\/www.miomiorun.com\/app\/uploads\/2019\/12\/logomio.png","width":115,"height":82,"caption":"MioMio Run"},"image":{"@id":"https:\/\/www.miomiorun.com\/es\/#\/schema\/logo\/image\/"},"sameAs":["https:\/\/www.facebook.com\/miomiorun\/","https:\/\/www.instagram.com\/miomiorun\/"]}]}},"_links":{"self":[{"href":"https:\/\/www.miomiorun.com\/es\/wp-json\/wp\/v2\/product\/275312","targetHints":{"allow":["GET"]}}],"collection":[{"href":"https:\/\/www.miomiorun.com\/es\/wp-json\/wp\/v2\/product"}],"about":[{"href":"https:\/\/www.miomiorun.com\/es\/wp-json\/wp\/v2\/types\/product"}],"wp:featuredmedia":[{"embeddable":true,"href":"https:\/\/www.miomiorun.com\/es\/wp-json\/wp\/v2\/media\/229996"}],"wp:attachment":[{"href":"https:\/\/www.miomiorun.com\/es\/wp-json\/wp\/v2\/media?parent=275312"}],"wp:term":[{"taxonomy":"product_brand","embeddable":true,"href":"https:\/\/www.miomiorun.com\/es\/wp-json\/wp\/v2\/product_brand?post=275312"},{"taxonomy":"product_cat","embeddable":true,"href":"https:\/\/www.miomiorun.com\/es\/wp-json\/wp\/v2\/product_cat?post=275312"},{"taxonomy":"product_tag","embeddable":true,"href":"https:\/\/www.miomiorun.com\/es\/wp-json\/wp\/v2\/product_tag?post=275312"}],"curies":[{"name":"wp","href":"https:\/\/api.w.org\/{rel}","templated":true}]}}