{"id":275210,"date":"2020-06-05T17:55:12","date_gmt":"2020-06-05T15:55:12","guid":{"rendered":"https:\/\/miomiorun.com\/prodotto\/craft-pro-dry-nanoweight-sl-donna\/"},"modified":"2026-04-29T12:25:17","modified_gmt":"2026-04-29T10:25:17","slug":"craft-pro-dry-nanoweight-sl-mujer","status":"publish","type":"product","link":"https:\/\/www.miomiorun.com\/es\/producto\/craft-pro-dry-nanoweight-sl-mujer\/","title":{"rendered":"Pro Dry Nanoweight SL mujer"},"content":{"rendered":"<p>Camiseta de malla ultraligera para un rendimiento de primer nivel.<\/p>\n<p>La Pro Dry Nanoweight SL es una camiseta de malla ultraligera con una excelente gesti\u00f3n de la humedad, dise\u00f1ada para deportistas de alto rendimiento. Esta camiseta sin mangas est\u00e1 confeccionada con un tejido de malla excepcionalmente fino y cuenta con detalles ribeteados que le confieren un corte ajustado y ligero. La elecci\u00f3n perfecta cuando se necesita la mejor evacuaci\u00f3n posible de la humedad de la piel hacia la capa siguiente.<\/p>\n<p>\u2022 Camiseta de malla superligera y refrescante (80 g\/m\u00b2)<br \/>\n\u2022 Poli\u00e9ster reciclado<br \/>\n\u2022 Detalles ribeteados<br \/>\n\u2022 Ajuste ce\u00f1ido<br \/>\nTejido<\/p>\n<p>48 % poli\u00e9ster, 39 % poli\u00e9ster reciclado, 13 % elastano<\/p>\n<div class=\"vertical-gutter--medium--top vertical-gutter--xmedium--top--medium-up\">\n<h4>Caracter\u00edsticas del producto<\/h4>\n<p>ligero<br \/>\nMaterial ultraligero que ofrece una sensaci\u00f3n de desafiar la gravedad.<\/p>\n<p>Evacuaci\u00f3n de la humedad<br \/>\nEvacua la humedad de la piel hacia el exterior de la prenda y te mantiene fresco y seco durante los entrenamientos intensos.<\/p>\n<p>Stay Cool<br \/>\nStay Cool ofrece una excelente refrigeraci\u00f3n y libertad de movimiento durante los entrenamientos en condiciones de calor.<\/p>\n<\/div>\n","protected":false},"excerpt":{"rendered":"<p>Camiseta de malla ultraligera para un rendimiento de primer nivel. La Pro Dry Nanoweight SL es una camiseta de malla ultraligera con una excelente gesti\u00f3n de la humedad, dise\u00f1ada para deportistas de alto rendimiento. Esta camiseta sin mangas est\u00e1 confeccionada con un tejido de malla excepcionalmente fino y cuenta con detalles ribeteados que le confieren &hellip; <a href=\"https:\/\/www.miomiorun.com\/es\/producto\/craft-pro-dry-nanoweight-sl-mujer\/\">Continued<\/a><\/p>\n","protected":false},"featured_media":230024,"template":"","meta":{"_acf_changed":false,"inline_featured_image":false},"product_brand":[],"product_cat":[24401,24397,24402],"product_tag":[23553,23659],"class_list":{"0":"post-275210","1":"product","2":"type-product","3":"status-publish","4":"has-post-thumbnail","6":"product_cat-ropa-de-mujer","7":"product_cat-ropa-interior","8":"product_cat-mujer","9":"product_tag-craft-es","10":"product_tag-craft-mujer","11":"pa_attivita-caminar","12":"pa_attivita-outdoor-es","13":"pa_attivita-running-es","14":"pa_attivita-trail-es","15":"pa_colore-nanoweight-sl-1908853-410000-es","16":"pa_colore-nanoweight-sl-1908853-999000-es","17":"pa_colore-pro-dry-nanoweiht-sl-w-white-es","18":"pa_marca-craft-es","19":"pa_sesso-mujer","20":"pa_size-extra-small-es","21":"pa_size-small-es","22":"pa_size-medium-es","23":"pa_size-large-es","25":"first","26":"instock","27":"sale","28":"taxable","29":"shipping-taxable","30":"purchasable","31":"product-type-variable","32":"wvs-archive-product-wrapper"},"acf":[],"yoast_head":"<!-- This site is optimized with the Yoast SEO plugin v26.8 - https:\/\/yoast.com\/product\/yoast-seo-wordpress\/ -->\n<title>Craft Pro Dry Nanoweight SL mujer - Ropa interior t\u00e9rmica - MioMioRun.com<\/title>\n<meta name=\"description\" content=\"La Pro Dry Nanoweight SL es una camiseta de malla ultraligera con una excelente gesti\u00f3n de la humedad, dise\u00f1ada para deportistas de alto rendimiento.\" \/>\n<meta name=\"robots\" content=\"index, follow, max-snippet:-1, max-image-preview:large, max-video-preview:-1\" \/>\n<link rel=\"canonical\" href=\"https:\/\/www.miomiorun.com\/es\/producto\/craft-pro-dry-nanoweight-sl-mujer\/\" \/>\n<meta property=\"og:locale\" content=\"es_ES\" \/>\n<meta property=\"og:type\" content=\"article\" \/>\n<meta property=\"og:title\" content=\"Craft Pro Dry Nanoweight SL mujer - Ropa interior t\u00e9rmica - MioMioRun.com\" \/>\n<meta property=\"og:description\" content=\"La Pro Dry Nanoweight SL es una camiseta de malla ultraligera con una excelente gesti\u00f3n de la humedad, dise\u00f1ada para deportistas de alto rendimiento.\" \/>\n<meta property=\"og:url\" content=\"https:\/\/www.miomiorun.com\/es\/producto\/craft-pro-dry-nanoweight-sl-mujer\/\" \/>\n<meta property=\"og:site_name\" content=\"MioMioRun\" \/>\n<meta property=\"article:publisher\" content=\"https:\/\/www.facebook.com\/miomiorun\/\" \/>\n<meta property=\"article:modified_time\" content=\"2026-04-29T10:25:17+00:00\" \/>\n<meta property=\"og:image\" content=\"https:\/\/www.miomiorun.com\/app\/uploads\/2020\/06\/Pro-Dry-Nanoweight-SL-1908853-410000.jpg\" \/>\n\t<meta property=\"og:image:width\" content=\"600\" \/>\n\t<meta property=\"og:image:height\" content=\"600\" \/>\n\t<meta property=\"og:image:type\" content=\"image\/jpeg\" \/>\n<meta name=\"twitter:card\" content=\"summary_large_image\" \/>\n<meta name=\"twitter:label1\" content=\"Est. reading time\" \/>\n\t<meta name=\"twitter:data1\" content=\"1 minute\" \/>\n<script type=\"application\/ld+json\" class=\"yoast-schema-graph\">{\"@context\":\"https:\/\/schema.org\",\"@graph\":[{\"@type\":\"WebPage\",\"@id\":\"https:\/\/www.miomiorun.com\/es\/producto\/craft-pro-dry-nanoweight-sl-mujer\/\",\"url\":\"https:\/\/www.miomiorun.com\/es\/producto\/craft-pro-dry-nanoweight-sl-mujer\/\",\"name\":\"Craft Pro Dry Nanoweight SL mujer - Ropa interior t\u00e9rmica - MioMioRun.com\",\"isPartOf\":{\"@id\":\"https:\/\/www.miomiorun.com\/es\/#website\"},\"primaryImageOfPage\":{\"@id\":\"https:\/\/www.miomiorun.com\/es\/producto\/craft-pro-dry-nanoweight-sl-mujer\/#primaryimage\"},\"image\":{\"@id\":\"https:\/\/www.miomiorun.com\/es\/producto\/craft-pro-dry-nanoweight-sl-mujer\/#primaryimage\"},\"thumbnailUrl\":\"https:\/\/www.miomiorun.com\/app\/uploads\/2020\/06\/Pro-Dry-Nanoweight-SL-1908853-410000.jpg\",\"datePublished\":\"2020-06-05T15:55:12+00:00\",\"dateModified\":\"2026-04-29T10:25:17+00:00\",\"description\":\"La Pro Dry Nanoweight SL es una camiseta de malla ultraligera con una excelente gesti\u00f3n de la humedad, dise\u00f1ada para deportistas de alto rendimiento.\",\"breadcrumb\":{\"@id\":\"https:\/\/www.miomiorun.com\/es\/producto\/craft-pro-dry-nanoweight-sl-mujer\/#breadcrumb\"},\"inLanguage\":\"es-ES\",\"potentialAction\":[{\"@type\":\"ReadAction\",\"target\":[\"https:\/\/www.miomiorun.com\/es\/producto\/craft-pro-dry-nanoweight-sl-mujer\/\"]}]},{\"@type\":\"ImageObject\",\"inLanguage\":\"es-ES\",\"@id\":\"https:\/\/www.miomiorun.com\/es\/producto\/craft-pro-dry-nanoweight-sl-mujer\/#primaryimage\",\"url\":\"https:\/\/www.miomiorun.com\/app\/uploads\/2020\/06\/Pro-Dry-Nanoweight-SL-1908853-410000.jpg\",\"contentUrl\":\"https:\/\/www.miomiorun.com\/app\/uploads\/2020\/06\/Pro-Dry-Nanoweight-SL-1908853-410000.jpg\",\"width\":600,\"height\":600,\"caption\":\"Pro-Dry-Nanoweight-SL-1908853-410000\"},{\"@type\":\"BreadcrumbList\",\"@id\":\"https:\/\/www.miomiorun.com\/es\/producto\/craft-pro-dry-nanoweight-sl-mujer\/#breadcrumb\",\"itemListElement\":[{\"@type\":\"ListItem\",\"position\":1,\"name\":\"Home\",\"item\":\"https:\/\/www.miomiorun.com\/es\/\"},{\"@type\":\"ListItem\",\"position\":2,\"name\":\"Shop\",\"item\":\"https:\/\/www.miomiorun.com\/shop\/\"},{\"@type\":\"ListItem\",\"position\":3,\"name\":\"Pro Dry Nanoweight SL mujer\"}]},{\"@type\":\"WebSite\",\"@id\":\"https:\/\/www.miomiorun.com\/es\/#website\",\"url\":\"https:\/\/www.miomiorun.com\/es\/\",\"name\":\"MioMioRun\",\"description\":\"Tienda 100% running y trail\",\"publisher\":{\"@id\":\"https:\/\/www.miomiorun.com\/es\/#organization\"},\"potentialAction\":[{\"@type\":\"SearchAction\",\"target\":{\"@type\":\"EntryPoint\",\"urlTemplate\":\"https:\/\/www.miomiorun.com\/es\/?s={search_term_string}\"},\"query-input\":{\"@type\":\"PropertyValueSpecification\",\"valueRequired\":true,\"valueName\":\"search_term_string\"}}],\"inLanguage\":\"es-ES\"},{\"@type\":\"Organization\",\"@id\":\"https:\/\/www.miomiorun.com\/es\/#organization\",\"name\":\"MioMio Run\",\"url\":\"https:\/\/www.miomiorun.com\/es\/\",\"logo\":{\"@type\":\"ImageObject\",\"inLanguage\":\"es-ES\",\"@id\":\"https:\/\/www.miomiorun.com\/es\/#\/schema\/logo\/image\/\",\"url\":\"https:\/\/www.miomiorun.com\/app\/uploads\/2019\/12\/logomio.png\",\"contentUrl\":\"https:\/\/www.miomiorun.com\/app\/uploads\/2019\/12\/logomio.png\",\"width\":115,\"height\":82,\"caption\":\"MioMio Run\"},\"image\":{\"@id\":\"https:\/\/www.miomiorun.com\/es\/#\/schema\/logo\/image\/\"},\"sameAs\":[\"https:\/\/www.facebook.com\/miomiorun\/\",\"https:\/\/www.instagram.com\/miomiorun\/\"]}]}<\/script>\n<!-- \/ Yoast SEO plugin. -->","yoast_head_json":{"title":"Craft Pro Dry Nanoweight SL mujer - Ropa interior t\u00e9rmica - MioMioRun.com","description":"La Pro Dry Nanoweight SL es una camiseta de malla ultraligera con una excelente gesti\u00f3n de la humedad, dise\u00f1ada para deportistas de alto rendimiento.","robots":{"index":"index","follow":"follow","max-snippet":"max-snippet:-1","max-image-preview":"max-image-preview:large","max-video-preview":"max-video-preview:-1"},"canonical":"https:\/\/www.miomiorun.com\/es\/producto\/craft-pro-dry-nanoweight-sl-mujer\/","og_locale":"es_ES","og_type":"article","og_title":"Craft Pro Dry Nanoweight SL mujer - Ropa interior t\u00e9rmica - MioMioRun.com","og_description":"La Pro Dry Nanoweight SL es una camiseta de malla ultraligera con una excelente gesti\u00f3n de la humedad, dise\u00f1ada para deportistas de alto rendimiento.","og_url":"https:\/\/www.miomiorun.com\/es\/producto\/craft-pro-dry-nanoweight-sl-mujer\/","og_site_name":"MioMioRun","article_publisher":"https:\/\/www.facebook.com\/miomiorun\/","article_modified_time":"2026-04-29T10:25:17+00:00","og_image":[{"width":600,"height":600,"url":"https:\/\/www.miomiorun.com\/app\/uploads\/2020\/06\/Pro-Dry-Nanoweight-SL-1908853-410000.jpg","type":"image\/jpeg"}],"twitter_card":"summary_large_image","twitter_misc":{"Est. reading time":"1 minute"},"schema":{"@context":"https:\/\/schema.org","@graph":[{"@type":"WebPage","@id":"https:\/\/www.miomiorun.com\/es\/producto\/craft-pro-dry-nanoweight-sl-mujer\/","url":"https:\/\/www.miomiorun.com\/es\/producto\/craft-pro-dry-nanoweight-sl-mujer\/","name":"Craft Pro Dry Nanoweight SL mujer - Ropa interior t\u00e9rmica - MioMioRun.com","isPartOf":{"@id":"https:\/\/www.miomiorun.com\/es\/#website"},"primaryImageOfPage":{"@id":"https:\/\/www.miomiorun.com\/es\/producto\/craft-pro-dry-nanoweight-sl-mujer\/#primaryimage"},"image":{"@id":"https:\/\/www.miomiorun.com\/es\/producto\/craft-pro-dry-nanoweight-sl-mujer\/#primaryimage"},"thumbnailUrl":"https:\/\/www.miomiorun.com\/app\/uploads\/2020\/06\/Pro-Dry-Nanoweight-SL-1908853-410000.jpg","datePublished":"2020-06-05T15:55:12+00:00","dateModified":"2026-04-29T10:25:17+00:00","description":"La Pro Dry Nanoweight SL es una camiseta de malla ultraligera con una excelente gesti\u00f3n de la humedad, dise\u00f1ada para deportistas de alto rendimiento.","breadcrumb":{"@id":"https:\/\/www.miomiorun.com\/es\/producto\/craft-pro-dry-nanoweight-sl-mujer\/#breadcrumb"},"inLanguage":"es-ES","potentialAction":[{"@type":"ReadAction","target":["https:\/\/www.miomiorun.com\/es\/producto\/craft-pro-dry-nanoweight-sl-mujer\/"]}]},{"@type":"ImageObject","inLanguage":"es-ES","@id":"https:\/\/www.miomiorun.com\/es\/producto\/craft-pro-dry-nanoweight-sl-mujer\/#primaryimage","url":"https:\/\/www.miomiorun.com\/app\/uploads\/2020\/06\/Pro-Dry-Nanoweight-SL-1908853-410000.jpg","contentUrl":"https:\/\/www.miomiorun.com\/app\/uploads\/2020\/06\/Pro-Dry-Nanoweight-SL-1908853-410000.jpg","width":600,"height":600,"caption":"Pro-Dry-Nanoweight-SL-1908853-410000"},{"@type":"BreadcrumbList","@id":"https:\/\/www.miomiorun.com\/es\/producto\/craft-pro-dry-nanoweight-sl-mujer\/#breadcrumb","itemListElement":[{"@type":"ListItem","position":1,"name":"Home","item":"https:\/\/www.miomiorun.com\/es\/"},{"@type":"ListItem","position":2,"name":"Shop","item":"https:\/\/www.miomiorun.com\/shop\/"},{"@type":"ListItem","position":3,"name":"Pro Dry Nanoweight SL mujer"}]},{"@type":"WebSite","@id":"https:\/\/www.miomiorun.com\/es\/#website","url":"https:\/\/www.miomiorun.com\/es\/","name":"MioMioRun","description":"Tienda 100% running y trail","publisher":{"@id":"https:\/\/www.miomiorun.com\/es\/#organization"},"potentialAction":[{"@type":"SearchAction","target":{"@type":"EntryPoint","urlTemplate":"https:\/\/www.miomiorun.com\/es\/?s={search_term_string}"},"query-input":{"@type":"PropertyValueSpecification","valueRequired":true,"valueName":"search_term_string"}}],"inLanguage":"es-ES"},{"@type":"Organization","@id":"https:\/\/www.miomiorun.com\/es\/#organization","name":"MioMio Run","url":"https:\/\/www.miomiorun.com\/es\/","logo":{"@type":"ImageObject","inLanguage":"es-ES","@id":"https:\/\/www.miomiorun.com\/es\/#\/schema\/logo\/image\/","url":"https:\/\/www.miomiorun.com\/app\/uploads\/2019\/12\/logomio.png","contentUrl":"https:\/\/www.miomiorun.com\/app\/uploads\/2019\/12\/logomio.png","width":115,"height":82,"caption":"MioMio Run"},"image":{"@id":"https:\/\/www.miomiorun.com\/es\/#\/schema\/logo\/image\/"},"sameAs":["https:\/\/www.facebook.com\/miomiorun\/","https:\/\/www.instagram.com\/miomiorun\/"]}]}},"_links":{"self":[{"href":"https:\/\/www.miomiorun.com\/es\/wp-json\/wp\/v2\/product\/275210","targetHints":{"allow":["GET"]}}],"collection":[{"href":"https:\/\/www.miomiorun.com\/es\/wp-json\/wp\/v2\/product"}],"about":[{"href":"https:\/\/www.miomiorun.com\/es\/wp-json\/wp\/v2\/types\/product"}],"wp:featuredmedia":[{"embeddable":true,"href":"https:\/\/www.miomiorun.com\/es\/wp-json\/wp\/v2\/media\/230024"}],"wp:attachment":[{"href":"https:\/\/www.miomiorun.com\/es\/wp-json\/wp\/v2\/media?parent=275210"}],"wp:term":[{"taxonomy":"product_brand","embeddable":true,"href":"https:\/\/www.miomiorun.com\/es\/wp-json\/wp\/v2\/product_brand?post=275210"},{"taxonomy":"product_cat","embeddable":true,"href":"https:\/\/www.miomiorun.com\/es\/wp-json\/wp\/v2\/product_cat?post=275210"},{"taxonomy":"product_tag","embeddable":true,"href":"https:\/\/www.miomiorun.com\/es\/wp-json\/wp\/v2\/product_tag?post=275210"}],"curies":[{"name":"wp","href":"https:\/\/api.w.org\/{rel}","templated":true}]}}