{"id":275105,"date":"2020-06-06T15:59:46","date_gmt":"2020-06-06T13:59:46","guid":{"rendered":"https:\/\/miomiorun.com\/prodotto\/craft-fuseknit-light-rn-ss-donna\/"},"modified":"2026-04-29T12:27:28","modified_gmt":"2026-04-29T10:27:28","slug":"craft-fuseknit-light-rn-ss-mujer","status":"publish","type":"product","link":"https:\/\/www.miomiorun.com\/es\/producto\/craft-fuseknit-light-rn-ss-mujer\/","title":{"rendered":"Fuseknit Light RN SS mujer"},"content":{"rendered":"<p>Camiseta fina y ligera para el entrenamiento y las actividades al aire libre.<\/p>\n<p>La Fuseknit Light RN SS es una camiseta de capas finas y ligeras que ofrece una excelente ventilaci\u00f3n y evacuaci\u00f3n de la humedad durante el entrenamiento y las actividades al aire libre, como el senderismo, el pirag\u00fcismo y la equitaci\u00f3n. El poli\u00e9ster reciclado y el dise\u00f1o atemporal reducen el impacto medioambiental, mientras que la innovadora tecnolog\u00eda Fuseknit combina tejido de punto sin costuras con costuras estrat\u00e9gicas para crear una confecci\u00f3n suave y el\u00e1stica.<\/p>\n<p>\u2022 Tejido fino y ligero (130 g\/m\u00b2)<br \/>\n\u2022 Poli\u00e9ster reciclado<br \/>\n\u2022 Eficaz evacuaci\u00f3n de la humedad<br \/>\n\u2022 Dise\u00f1o sin costuras Fuseknit para una comodidad \u00f3ptima<br \/>\n\u2022 Cuello redondo<br \/>\n\u2022 Corte recto<\/p>\n<h4>Tejido<\/h4>\n<p>70 % poli\u00e9ster reciclado, 30 % poli\u00e9ster<\/p>\n<h4>Caracter\u00edsticas del producto<\/h4>\n<h5>Evacuaci\u00f3n de la humedad<\/h5>\n<p>Transfiere la humedad de la piel al exterior de la prenda y te mantiene fresco y seco durante los entrenamientos intensos.<\/p>\n<h5>Sin costuras<\/h5>\n<p>Dise\u00f1o sin costuras que elimina las rozaduras y ofrece un tacto suave.<\/p>\n<h4>Be Active<\/h4>\n<p>Be Active ofrece una gesti\u00f3n \u00f3ptima de la temperatura durante los entrenamientos en condiciones de fr\u00edo moderado a intenso.<\/p>\n","protected":false},"excerpt":{"rendered":"<p>Camiseta fina y ligera para el entrenamiento y las actividades al aire libre. La Fuseknit Light RN SS es una camiseta de capas finas y ligeras que ofrece una excelente ventilaci\u00f3n y evacuaci\u00f3n de la humedad durante el entrenamiento y las actividades al aire libre, como el senderismo, el pirag\u00fcismo y la equitaci\u00f3n. El poli\u00e9ster &hellip; <a href=\"https:\/\/www.miomiorun.com\/es\/producto\/craft-fuseknit-light-rn-ss-mujer\/\">Continued<\/a><\/p>\n","protected":false},"featured_media":230032,"template":"","meta":{"_acf_changed":false,"inline_featured_image":false},"product_brand":[],"product_cat":[24401,24397,24402],"product_tag":[23553,23659],"class_list":{"0":"post-275105","1":"product","2":"type-product","3":"status-publish","4":"has-post-thumbnail","6":"product_cat-ropa-de-mujer","7":"product_cat-ropa-interior","8":"product_cat-mujer","9":"product_tag-craft-es","10":"product_tag-craft-mujer","11":"pa_attivita-caminar","12":"pa_attivita-outdoor-es","13":"pa_attivita-running-es","14":"pa_attivita-trail-es","15":"pa_marca-craft-es","16":"pa_sesso-mujer","17":"pa_size-medium-es","19":"first","20":"instock","21":"sale","22":"taxable","23":"shipping-taxable","24":"purchasable","25":"product-type-variable","26":"wvs-archive-product-wrapper"},"acf":[],"yoast_head":"<!-- This site is optimized with the Yoast SEO plugin v26.8 - https:\/\/yoast.com\/product\/yoast-seo-wordpress\/ -->\n<title>Craft Fuseknit Light RN SS mujer - Ropa interior t\u00e9rmica - MioMioRun.com<\/title>\n<meta name=\"description\" content=\"La Fuseknit Light RN SS es una camiseta de tejido fino y ligero que ofrece una excelente ventilaci\u00f3n y evacuaci\u00f3n de la humedad durante el entrenamiento\" \/>\n<meta name=\"robots\" content=\"index, follow, max-snippet:-1, max-image-preview:large, max-video-preview:-1\" \/>\n<link rel=\"canonical\" href=\"https:\/\/www.miomiorun.com\/es\/producto\/craft-fuseknit-light-rn-ss-mujer\/\" \/>\n<meta property=\"og:locale\" content=\"es_ES\" \/>\n<meta property=\"og:type\" content=\"article\" \/>\n<meta property=\"og:title\" content=\"Craft Fuseknit Light RN SS mujer - Ropa interior t\u00e9rmica - MioMioRun.com\" \/>\n<meta property=\"og:description\" content=\"La Fuseknit Light RN SS es una camiseta de tejido fino y ligero que ofrece una excelente ventilaci\u00f3n y evacuaci\u00f3n de la humedad durante el entrenamiento\" \/>\n<meta property=\"og:url\" content=\"https:\/\/www.miomiorun.com\/es\/producto\/craft-fuseknit-light-rn-ss-mujer\/\" \/>\n<meta property=\"og:site_name\" content=\"MioMioRun\" \/>\n<meta property=\"article:publisher\" content=\"https:\/\/www.facebook.com\/miomiorun\/\" \/>\n<meta property=\"article:modified_time\" content=\"2026-04-29T10:27:28+00:00\" \/>\n<meta property=\"og:image\" content=\"https:\/\/www.miomiorun.com\/app\/uploads\/2020\/06\/Fuseknit-Light-RN-SS-1908846-738000.jpg\" \/>\n\t<meta property=\"og:image:width\" content=\"600\" \/>\n\t<meta property=\"og:image:height\" content=\"600\" \/>\n\t<meta property=\"og:image:type\" content=\"image\/jpeg\" \/>\n<meta name=\"twitter:card\" content=\"summary_large_image\" \/>\n<meta name=\"twitter:label1\" content=\"Est. reading time\" \/>\n\t<meta name=\"twitter:data1\" content=\"1 minute\" \/>\n<script type=\"application\/ld+json\" class=\"yoast-schema-graph\">{\"@context\":\"https:\/\/schema.org\",\"@graph\":[{\"@type\":\"WebPage\",\"@id\":\"https:\/\/www.miomiorun.com\/es\/producto\/craft-fuseknit-light-rn-ss-mujer\/\",\"url\":\"https:\/\/www.miomiorun.com\/es\/producto\/craft-fuseknit-light-rn-ss-mujer\/\",\"name\":\"Craft Fuseknit Light RN SS mujer - Ropa interior t\u00e9rmica - MioMioRun.com\",\"isPartOf\":{\"@id\":\"https:\/\/www.miomiorun.com\/es\/#website\"},\"primaryImageOfPage\":{\"@id\":\"https:\/\/www.miomiorun.com\/es\/producto\/craft-fuseknit-light-rn-ss-mujer\/#primaryimage\"},\"image\":{\"@id\":\"https:\/\/www.miomiorun.com\/es\/producto\/craft-fuseknit-light-rn-ss-mujer\/#primaryimage\"},\"thumbnailUrl\":\"https:\/\/www.miomiorun.com\/app\/uploads\/2020\/06\/Fuseknit-Light-RN-SS-1908846-738000.jpg\",\"datePublished\":\"2020-06-06T13:59:46+00:00\",\"dateModified\":\"2026-04-29T10:27:28+00:00\",\"description\":\"La Fuseknit Light RN SS es una camiseta de tejido fino y ligero que ofrece una excelente ventilaci\u00f3n y evacuaci\u00f3n de la humedad durante el entrenamiento\",\"breadcrumb\":{\"@id\":\"https:\/\/www.miomiorun.com\/es\/producto\/craft-fuseknit-light-rn-ss-mujer\/#breadcrumb\"},\"inLanguage\":\"es-ES\",\"potentialAction\":[{\"@type\":\"ReadAction\",\"target\":[\"https:\/\/www.miomiorun.com\/es\/producto\/craft-fuseknit-light-rn-ss-mujer\/\"]}]},{\"@type\":\"ImageObject\",\"inLanguage\":\"es-ES\",\"@id\":\"https:\/\/www.miomiorun.com\/es\/producto\/craft-fuseknit-light-rn-ss-mujer\/#primaryimage\",\"url\":\"https:\/\/www.miomiorun.com\/app\/uploads\/2020\/06\/Fuseknit-Light-RN-SS-1908846-738000.jpg\",\"contentUrl\":\"https:\/\/www.miomiorun.com\/app\/uploads\/2020\/06\/Fuseknit-Light-RN-SS-1908846-738000.jpg\",\"width\":600,\"height\":600,\"caption\":\"Fuseknit-Light-RN-SS-1908846-738000\"},{\"@type\":\"BreadcrumbList\",\"@id\":\"https:\/\/www.miomiorun.com\/es\/producto\/craft-fuseknit-light-rn-ss-mujer\/#breadcrumb\",\"itemListElement\":[{\"@type\":\"ListItem\",\"position\":1,\"name\":\"Home\",\"item\":\"https:\/\/www.miomiorun.com\/es\/\"},{\"@type\":\"ListItem\",\"position\":2,\"name\":\"Shop\",\"item\":\"https:\/\/www.miomiorun.com\/shop\/\"},{\"@type\":\"ListItem\",\"position\":3,\"name\":\"Fuseknit Light RN SS mujer\"}]},{\"@type\":\"WebSite\",\"@id\":\"https:\/\/www.miomiorun.com\/es\/#website\",\"url\":\"https:\/\/www.miomiorun.com\/es\/\",\"name\":\"MioMioRun\",\"description\":\"Tienda 100% running y trail\",\"publisher\":{\"@id\":\"https:\/\/www.miomiorun.com\/es\/#organization\"},\"potentialAction\":[{\"@type\":\"SearchAction\",\"target\":{\"@type\":\"EntryPoint\",\"urlTemplate\":\"https:\/\/www.miomiorun.com\/es\/?s={search_term_string}\"},\"query-input\":{\"@type\":\"PropertyValueSpecification\",\"valueRequired\":true,\"valueName\":\"search_term_string\"}}],\"inLanguage\":\"es-ES\"},{\"@type\":\"Organization\",\"@id\":\"https:\/\/www.miomiorun.com\/es\/#organization\",\"name\":\"MioMio Run\",\"url\":\"https:\/\/www.miomiorun.com\/es\/\",\"logo\":{\"@type\":\"ImageObject\",\"inLanguage\":\"es-ES\",\"@id\":\"https:\/\/www.miomiorun.com\/es\/#\/schema\/logo\/image\/\",\"url\":\"https:\/\/www.miomiorun.com\/app\/uploads\/2019\/12\/logomio.png\",\"contentUrl\":\"https:\/\/www.miomiorun.com\/app\/uploads\/2019\/12\/logomio.png\",\"width\":115,\"height\":82,\"caption\":\"MioMio Run\"},\"image\":{\"@id\":\"https:\/\/www.miomiorun.com\/es\/#\/schema\/logo\/image\/\"},\"sameAs\":[\"https:\/\/www.facebook.com\/miomiorun\/\",\"https:\/\/www.instagram.com\/miomiorun\/\"]}]}<\/script>\n<!-- \/ Yoast SEO plugin. -->","yoast_head_json":{"title":"Craft Fuseknit Light RN SS mujer - Ropa interior t\u00e9rmica - MioMioRun.com","description":"La Fuseknit Light RN SS es una camiseta de tejido fino y ligero que ofrece una excelente ventilaci\u00f3n y evacuaci\u00f3n de la humedad durante el entrenamiento","robots":{"index":"index","follow":"follow","max-snippet":"max-snippet:-1","max-image-preview":"max-image-preview:large","max-video-preview":"max-video-preview:-1"},"canonical":"https:\/\/www.miomiorun.com\/es\/producto\/craft-fuseknit-light-rn-ss-mujer\/","og_locale":"es_ES","og_type":"article","og_title":"Craft Fuseknit Light RN SS mujer - Ropa interior t\u00e9rmica - MioMioRun.com","og_description":"La Fuseknit Light RN SS es una camiseta de tejido fino y ligero que ofrece una excelente ventilaci\u00f3n y evacuaci\u00f3n de la humedad durante el entrenamiento","og_url":"https:\/\/www.miomiorun.com\/es\/producto\/craft-fuseknit-light-rn-ss-mujer\/","og_site_name":"MioMioRun","article_publisher":"https:\/\/www.facebook.com\/miomiorun\/","article_modified_time":"2026-04-29T10:27:28+00:00","og_image":[{"width":600,"height":600,"url":"https:\/\/www.miomiorun.com\/app\/uploads\/2020\/06\/Fuseknit-Light-RN-SS-1908846-738000.jpg","type":"image\/jpeg"}],"twitter_card":"summary_large_image","twitter_misc":{"Est. reading time":"1 minute"},"schema":{"@context":"https:\/\/schema.org","@graph":[{"@type":"WebPage","@id":"https:\/\/www.miomiorun.com\/es\/producto\/craft-fuseknit-light-rn-ss-mujer\/","url":"https:\/\/www.miomiorun.com\/es\/producto\/craft-fuseknit-light-rn-ss-mujer\/","name":"Craft Fuseknit Light RN SS mujer - Ropa interior t\u00e9rmica - MioMioRun.com","isPartOf":{"@id":"https:\/\/www.miomiorun.com\/es\/#website"},"primaryImageOfPage":{"@id":"https:\/\/www.miomiorun.com\/es\/producto\/craft-fuseknit-light-rn-ss-mujer\/#primaryimage"},"image":{"@id":"https:\/\/www.miomiorun.com\/es\/producto\/craft-fuseknit-light-rn-ss-mujer\/#primaryimage"},"thumbnailUrl":"https:\/\/www.miomiorun.com\/app\/uploads\/2020\/06\/Fuseknit-Light-RN-SS-1908846-738000.jpg","datePublished":"2020-06-06T13:59:46+00:00","dateModified":"2026-04-29T10:27:28+00:00","description":"La Fuseknit Light RN SS es una camiseta de tejido fino y ligero que ofrece una excelente ventilaci\u00f3n y evacuaci\u00f3n de la humedad durante el entrenamiento","breadcrumb":{"@id":"https:\/\/www.miomiorun.com\/es\/producto\/craft-fuseknit-light-rn-ss-mujer\/#breadcrumb"},"inLanguage":"es-ES","potentialAction":[{"@type":"ReadAction","target":["https:\/\/www.miomiorun.com\/es\/producto\/craft-fuseknit-light-rn-ss-mujer\/"]}]},{"@type":"ImageObject","inLanguage":"es-ES","@id":"https:\/\/www.miomiorun.com\/es\/producto\/craft-fuseknit-light-rn-ss-mujer\/#primaryimage","url":"https:\/\/www.miomiorun.com\/app\/uploads\/2020\/06\/Fuseknit-Light-RN-SS-1908846-738000.jpg","contentUrl":"https:\/\/www.miomiorun.com\/app\/uploads\/2020\/06\/Fuseknit-Light-RN-SS-1908846-738000.jpg","width":600,"height":600,"caption":"Fuseknit-Light-RN-SS-1908846-738000"},{"@type":"BreadcrumbList","@id":"https:\/\/www.miomiorun.com\/es\/producto\/craft-fuseknit-light-rn-ss-mujer\/#breadcrumb","itemListElement":[{"@type":"ListItem","position":1,"name":"Home","item":"https:\/\/www.miomiorun.com\/es\/"},{"@type":"ListItem","position":2,"name":"Shop","item":"https:\/\/www.miomiorun.com\/shop\/"},{"@type":"ListItem","position":3,"name":"Fuseknit Light RN SS mujer"}]},{"@type":"WebSite","@id":"https:\/\/www.miomiorun.com\/es\/#website","url":"https:\/\/www.miomiorun.com\/es\/","name":"MioMioRun","description":"Tienda 100% running y trail","publisher":{"@id":"https:\/\/www.miomiorun.com\/es\/#organization"},"potentialAction":[{"@type":"SearchAction","target":{"@type":"EntryPoint","urlTemplate":"https:\/\/www.miomiorun.com\/es\/?s={search_term_string}"},"query-input":{"@type":"PropertyValueSpecification","valueRequired":true,"valueName":"search_term_string"}}],"inLanguage":"es-ES"},{"@type":"Organization","@id":"https:\/\/www.miomiorun.com\/es\/#organization","name":"MioMio Run","url":"https:\/\/www.miomiorun.com\/es\/","logo":{"@type":"ImageObject","inLanguage":"es-ES","@id":"https:\/\/www.miomiorun.com\/es\/#\/schema\/logo\/image\/","url":"https:\/\/www.miomiorun.com\/app\/uploads\/2019\/12\/logomio.png","contentUrl":"https:\/\/www.miomiorun.com\/app\/uploads\/2019\/12\/logomio.png","width":115,"height":82,"caption":"MioMio Run"},"image":{"@id":"https:\/\/www.miomiorun.com\/es\/#\/schema\/logo\/image\/"},"sameAs":["https:\/\/www.facebook.com\/miomiorun\/","https:\/\/www.instagram.com\/miomiorun\/"]}]}},"_links":{"self":[{"href":"https:\/\/www.miomiorun.com\/es\/wp-json\/wp\/v2\/product\/275105","targetHints":{"allow":["GET"]}}],"collection":[{"href":"https:\/\/www.miomiorun.com\/es\/wp-json\/wp\/v2\/product"}],"about":[{"href":"https:\/\/www.miomiorun.com\/es\/wp-json\/wp\/v2\/types\/product"}],"wp:featuredmedia":[{"embeddable":true,"href":"https:\/\/www.miomiorun.com\/es\/wp-json\/wp\/v2\/media\/230032"}],"wp:attachment":[{"href":"https:\/\/www.miomiorun.com\/es\/wp-json\/wp\/v2\/media?parent=275105"}],"wp:term":[{"taxonomy":"product_brand","embeddable":true,"href":"https:\/\/www.miomiorun.com\/es\/wp-json\/wp\/v2\/product_brand?post=275105"},{"taxonomy":"product_cat","embeddable":true,"href":"https:\/\/www.miomiorun.com\/es\/wp-json\/wp\/v2\/product_cat?post=275105"},{"taxonomy":"product_tag","embeddable":true,"href":"https:\/\/www.miomiorun.com\/es\/wp-json\/wp\/v2\/product_tag?post=275105"}],"curies":[{"name":"wp","href":"https:\/\/api.w.org\/{rel}","templated":true}]}}