{"id":275044,"date":"2020-06-20T15:45:25","date_gmt":"2020-06-20T13:45:25","guid":{"rendered":"https:\/\/miomiorun.com\/prodotto\/tacx-neo-2t-smart-trainer\/"},"modified":"2026-03-24T10:51:07","modified_gmt":"2026-03-24T09:51:07","slug":"tacx-neo-2t-smart-trainer","status":"publish","type":"product","link":"https:\/\/www.miomiorun.com\/es\/producto\/tacx-neo-2t-smart-trainer\/","title":{"rendered":"NEO 2T Smart Trainer"},"content":{"rendered":"<p><div class=\"vc-row container\"><div class=\"vc-column\"><div class=\"vc-column-text\"><\/p>\n<h2 style=\"text-align: left\">MEJORA TU ENTRENAMIENTO EN INTERIORES COMO NUNCA ANTES<\/h2>\n<p>Con un dise\u00f1o optimizado y componentes renovados, el NEO 2T Smart ofrece una experiencia m\u00e1s envolvente, mayor compatibilidad con el an\u00e1lisis de la pedalada y mucho m\u00e1s.<\/p>\n<p><\/div><div style=\"height:32px\" class=\"vc-empty-space\"><\/div><\/div><\/div><div class=\"vc-row container\"><div class=\"vc-column\"><div class=\"vc-column-text\"><\/p>\n<p><img decoding=\"async\" class=\"app__feature__card__image\" src=\"https:\/\/static.garmincdn.com\/gdc\/Product_Pages\/ICONS\/Silent_Internal_Design.svg\" alt=\"\" \/><\/p>\n<p>Mayor estabilidad significa un pedaleo m\u00e1s silencioso. As\u00ed que sigue adelante, no te rindas<\/p>\n<p><\/div><\/div><div class=\"vc-column\"><div class=\"vc-column-text\"><\/p>\n<p><img decoding=\"async\" class=\"app__feature__card__image\" src=\"https:\/\/static.garmincdn.com\/gdc\/Product_Pages\/ICONS\/Measure_Data.svg\" alt=\"\" \/><\/p>\n<p>Para ti es importante. Por eso medimos par\u00e1metros como la potencia y la cadencia con una precisi\u00f3n del 1 %<\/p>\n<p><\/div><\/div><div class=\"vc-column\"><div class=\"vc-column-text\"><\/p>\n<p><img decoding=\"async\" class=\"app__feature__card__image\" src=\"https:\/\/static.garmincdn.com\/gdc\/Product_Pages\/ICONS\/Pedal_Stroke_Analysis.svg\" alt=\"\" \/><\/p>\n<p>\u00bfPedaleo equilibrado? Consulta las estad\u00edsticas de tu recorrido en la app o en el ciclocomputador Edge\u00ae<\/p>\n<p><\/div><\/div><div class=\"vc-column\"><div class=\"vc-column-text\"><\/p>\n<p><img decoding=\"async\" class=\"app__feature__card__image\" src=\"https:\/\/static.garmincdn.com\/gdc\/Product_Pages\/ICONS\/Dynamic_Inertia_Feature.svg\" alt=\"\" \/><\/p>\n<p>Es la herramienta que te permite pedalear en interiores como si estuvieras al aire libre<\/p>\n<p><\/div><\/div><div class=\"vc-column\"><div class=\"vc-column-text\"><\/p>\n<p><img decoding=\"async\" class=\"app__feature__card__image\" src=\"https:\/\/static.garmincdn.com\/gdc\/Product_Pages\/ICONS\/Simulate_Feel_of_Road.svg\" alt=\"\" \/><\/p>\n<p>Ya no tendr\u00e1s que renunciar a la sensaci\u00f3n de la carretera. Ya est\u00e1 aqu\u00ed<\/p>\n<p><\/div><\/div><\/div><div class=\"vc-row container\"><div class=\"vc-column\"><div style=\"height:32px\" class=\"vc-empty-space\"><\/div><\/div><\/div><div class=\"vc-row container\"><div class=\"vc-column\"><div class=\"vc-column-text\"><\/p>\n<h3>EL SONIDO DEL SILENCIO<\/h3>\n<p>Los imanes redise\u00f1ados permiten una mejora significativa de la estabilidad del NEO 2T Smart. Se reducen los movimientos de aire y las vibraciones internas, lo que se traduce en un rodillo extremadamente silencioso.<\/p>\n<p><\/div><\/div><div class=\"vc-column\"><div class=\"vc-column-text\"><\/p>\n<h3>UN PEDALEADO M\u00c1S C\u00d3MODO<\/h3>\n<p>El NEO 2T Smart reacciona al instante a los cambios de velocidad o inclinaci\u00f3n y permite el movimiento hacia la izquierda y hacia la derecha durante el pedaleo, siguiendo la trayectoria natural del cuerpo.<\/p>\n<p><\/div><\/div><div class=\"vc-column\"> <div class=\"vc-column-text\"><\/p>\n<h3>INERCIA DIN\u00c1MICA<\/h3>\n<p>Dise\u00f1ada para simular una salida al aire libre, la inercia din\u00e1mica controla la inercia de la masa y la compensa en funci\u00f3n del peso, la velocidad y el \u00e1ngulo de inclinaci\u00f3n para que tu experiencia de pedaleo sea lo m\u00e1s realista posible.<\/p>\n<p><\/div><\/div><div class=\"vc-column\"><div class=\"vc-column-text\"><\/p>\n<h3>SENSACI\u00d3N DE PEDALEAR EN CARRETERA<\/h3>\n<p>Esta funci\u00f3n es compatible con el software Tacx o con la aplicaci\u00f3n Zwift para generar vibraciones en el rodillo y simular la sensaci\u00f3n de pedalear sobre diferentes superficies de carretera, como el adoqu\u00edn y la grava.<\/p>\n<p><\/div><\/div><div class=\"vc-column\"><div class=\"vc-column-text\"><\/p>\n<h3>M\u00c1XIMA IMMERSI\u00d3N<\/h3>\n<p>Si se conecta a una fuente de alimentaci\u00f3n externa, la simulaci\u00f3n de descenso imita con precisi\u00f3n una aut\u00e9ntica bajada en bicicleta.<\/p>\n<p><\/div><\/div><\/div><div class=\"vc-row container\"><div class=\"vc-column\"><div style=\"height:32px\" class=\"vc-empty-space\"><\/div><\/div><\/div><div class=\"vc-row container\"><div class=\"vc-column\"><div class=\"vc-column-text\"><\/p>\n<h3>AN\u00c1LISIS OPTIMIZADO DEL PEDALEADO<\/h3>\n<p>Al combinar la din\u00e1mica del ciclismo con la conectividad ANT+\u00ae est\u00e1ndar, el NEO 2T Smart analiza tu pedaleo mediante software de terceros, incluido el software de nuestros ciclocomputadores Edge\u00ae.<\/p>\n<p><\/div><\/div><div class=\"vc-column\"><div class=\"vc-column-text\"><\/p>\n<h3>DISE\u00d1ADO PARA OFRECER POTENCIA<\/h3>\n<p>El NEO 2T Smart presenta un nuevo dise\u00f1o del motor que ofrece mayor potencia a bajas velocidades, con una sensaci\u00f3n de pedaleo muy mejorada durante una subida o una aceleraci\u00f3n.<\/p>\n<p><\/div><\/div><div class=\"vc-column\"><div class=\"vc-column-text\"><\/p>\n<h3>LISTO PARA EL SPRINT<\/h3>\n<p>Los 32 imanes de neodimio permiten una elevada fuerza de frenado y altos niveles de potencia. NEO 2T Smart garantiza la m\u00e1xima estabilidad, incluso durante los sprints m\u00e1s explosivos, hasta 2.200 vatios.<\/p>\n<p><\/div><\/div><div class=\"vc-column\"><div class=\"vc-column-text\"><\/p>\n<h3>PEDALE\u00c1 M\u00c1S ALTO<\/h3>\n<p>Saca el m\u00e1ximo partido a tus entrenamientos m\u00e1s intensos entrenando en subidas simuladas de forma realista con una pendiente de hasta el 25 %.<\/p>\n<p><\/div><\/div><div class=\"vc-column\"><div class=\"vc-column-text\"><\/p>\n<h3>PRECISO Y FIABLE<\/h3>\n<p>Realiza un seguimiento de tu rendimiento y tus progresos con mediciones fiables y constantes, sin necesidad de calibraci\u00f3n. Incluye potencia, velocidad y cadencia, medidas con una precisi\u00f3n del 1 %.<\/p>\n<p><\/div><\/div><\/div><div class=\"vc-row container\"><div class=\"vc-column\"><div style=\"height:32px\" class=\"vc-empty-space\"><\/div><\/div><\/div><div class=\"vc-row container\"><div class=\"vc-column\"><div class=\"vc-column-text\"><\/p>\n<h3>ALTAMENTE COMPATIBLE<\/h3>\n<p>NEO 2T Smart se comunica mediante la tecnolog\u00eda Bluetooth\u00ae Smart y el protocolo ANT+\u00ae FE-C, por lo que es compatible con una serie de aplicaciones de entrenamiento populares, como TrainerRoad y Zwift.<\/p>\n<p><\/div><\/div><div class=\"vc-column\"><div class=\"vc-column-text\"><\/p>\n<h3>MODO AUT\u00d3NOMO<\/h3>\n<p>Es posible utilizar el rodillo de entrenamiento en modo aut\u00f3nomo. Cuando no est\u00e1 conectado, simula una carretera llana; cuanto m\u00e1s r\u00e1pido pedalees, mayor ser\u00e1 la resistencia.<\/p>\n<p><\/div><\/div><div class=\"vc-column\"> <div class=\"vc-column-text\"><\/p>\n<h3>COMPATIBILIDAD DE DISPOSITIVOS<\/h3>\n<p>Conecta el NEO 2T Smart a varios dispositivos simult\u00e1neamente para utilizar el software Tacx y realizar un seguimiento de tu rendimiento en el ciclocomputador Garmin al mismo tiempo.<\/p>\n<p><\/div><\/div><div class=\"vc-column\"><div class=\"vc-column-text\"><\/p>\n<h3>SOFTWARE DE ENTRENAMIENTO TACX<\/h3>\n<p>Disfruta de una completa serie de m\u00e1s de 100 v\u00eddeos de alta calidad, que te permiten experimentar la emoci\u00f3n de las escarpadas cumbres de los Alpes o las calles empedradas de Mil\u00e1n.<\/p>\n<p><\/div><\/div><div class=\"vc-column\"><div class=\"vc-column-text\"><\/p>\n<h3>PLANES DE ENTRENAMIENTO TACX<\/h3>\n<p>Aprovecha los planes de entrenamiento estructurados, dise\u00f1ados para tu nivel de forma f\u00edsica, que te ayudar\u00e1n a alcanzar tus objetivos. Compite contra rivales en tiempo real, carga datos GPS, pedalea con mapas 3D y mucho m\u00e1s.<\/p>\n<p><\/div><\/div><\/div><\/p>\n","protected":false},"excerpt":{"rendered":"","protected":false},"featured_media":230092,"template":"","meta":{"_acf_changed":false,"inline_featured_image":false},"product_brand":[],"product_cat":[24214,22536],"product_tag":[23481,23536],"class_list":{"0":"post-275044","1":"product","2":"type-product","3":"status-publish","4":"has-post-thumbnail","6":"product_cat-entrenamiento-en-interiores","7":"product_cat-garmin-es","8":"product_tag-garmin-es","9":"product_tag-tacx-es","10":"pa_marca-tacx-es","11":"pa_sesso-hombre","12":"pa_sesso-mujer","14":"first","15":"instock","16":"sale","17":"taxable","18":"shipping-taxable","19":"purchasable","20":"product-type-simple"},"acf":[],"yoast_head":"<!-- This site is optimized with the Yoast SEO plugin v26.8 - https:\/\/yoast.com\/product\/yoast-seo-wordpress\/ -->\n<title>Tacx NEO 2T Smart Trainer - Rodillos interactivos- MioMioRun<\/title>\n<meta name=\"description\" content=\"Con un dise\u00f1o optimizado y componentes renovados, el NEO 2T Smart ofrece una experiencia m\u00e1s envolvente y una mayor compatibilidad con el an\u00e1lisis de la pedalada\" \/>\n<meta name=\"robots\" content=\"index, follow, max-snippet:-1, max-image-preview:large, max-video-preview:-1\" \/>\n<link rel=\"canonical\" href=\"https:\/\/www.miomiorun.com\/es\/producto\/tacx-neo-2t-smart-trainer\/\" \/>\n<meta property=\"og:locale\" content=\"es_ES\" \/>\n<meta property=\"og:type\" content=\"article\" \/>\n<meta property=\"og:title\" content=\"Tacx NEO 2T Smart Trainer - Rodillos interactivos- MioMioRun\" \/>\n<meta property=\"og:description\" content=\"Con un dise\u00f1o optimizado y componentes renovados, el NEO 2T Smart ofrece una experiencia m\u00e1s envolvente y una mayor compatibilidad con el an\u00e1lisis de la pedalada\" \/>\n<meta property=\"og:url\" content=\"https:\/\/www.miomiorun.com\/es\/producto\/tacx-neo-2t-smart-trainer\/\" \/>\n<meta property=\"og:site_name\" content=\"MioMioRun\" \/>\n<meta property=\"article:publisher\" content=\"https:\/\/www.facebook.com\/miomiorun\/\" \/>\n<meta property=\"article:modified_time\" content=\"2026-03-24T09:51:07+00:00\" \/>\n<meta property=\"og:image\" content=\"https:\/\/www.miomiorun.com\/app\/uploads\/2020\/06\/Tacx-NEO-2T-Smart-Trainer.jpg\" \/>\n\t<meta property=\"og:image:width\" content=\"600\" \/>\n\t<meta property=\"og:image:height\" content=\"600\" \/>\n\t<meta property=\"og:image:type\" content=\"image\/jpeg\" \/>\n<meta name=\"twitter:card\" content=\"summary_large_image\" \/>\n<meta name=\"twitter:label1\" content=\"Est. reading time\" \/>\n\t<meta name=\"twitter:data1\" content=\"5 minutes\" \/>\n<script type=\"application\/ld+json\" class=\"yoast-schema-graph\">{\"@context\":\"https:\/\/schema.org\",\"@graph\":[{\"@type\":\"WebPage\",\"@id\":\"https:\/\/www.miomiorun.com\/es\/producto\/tacx-neo-2t-smart-trainer\/\",\"url\":\"https:\/\/www.miomiorun.com\/es\/producto\/tacx-neo-2t-smart-trainer\/\",\"name\":\"Tacx NEO 2T Smart Trainer - Rodillos interactivos- MioMioRun\",\"isPartOf\":{\"@id\":\"https:\/\/www.miomiorun.com\/es\/#website\"},\"primaryImageOfPage\":{\"@id\":\"https:\/\/www.miomiorun.com\/es\/producto\/tacx-neo-2t-smart-trainer\/#primaryimage\"},\"image\":{\"@id\":\"https:\/\/www.miomiorun.com\/es\/producto\/tacx-neo-2t-smart-trainer\/#primaryimage\"},\"thumbnailUrl\":\"https:\/\/www.miomiorun.com\/app\/uploads\/2020\/06\/Tacx-NEO-2T-Smart-Trainer.jpg\",\"datePublished\":\"2020-06-20T13:45:25+00:00\",\"dateModified\":\"2026-03-24T09:51:07+00:00\",\"description\":\"Con un dise\u00f1o optimizado y componentes renovados, el NEO 2T Smart ofrece una experiencia m\u00e1s envolvente y una mayor compatibilidad con el an\u00e1lisis de la pedalada\",\"breadcrumb\":{\"@id\":\"https:\/\/www.miomiorun.com\/es\/producto\/tacx-neo-2t-smart-trainer\/#breadcrumb\"},\"inLanguage\":\"es-ES\",\"potentialAction\":[{\"@type\":\"ReadAction\",\"target\":[\"https:\/\/www.miomiorun.com\/es\/producto\/tacx-neo-2t-smart-trainer\/\"]}]},{\"@type\":\"ImageObject\",\"inLanguage\":\"es-ES\",\"@id\":\"https:\/\/www.miomiorun.com\/es\/producto\/tacx-neo-2t-smart-trainer\/#primaryimage\",\"url\":\"https:\/\/www.miomiorun.com\/app\/uploads\/2020\/06\/Tacx-NEO-2T-Smart-Trainer.jpg\",\"contentUrl\":\"https:\/\/www.miomiorun.com\/app\/uploads\/2020\/06\/Tacx-NEO-2T-Smart-Trainer.jpg\",\"width\":600,\"height\":600,\"caption\":\"Tacx-NEO-2T-Smart-Trainer\"},{\"@type\":\"BreadcrumbList\",\"@id\":\"https:\/\/www.miomiorun.com\/es\/producto\/tacx-neo-2t-smart-trainer\/#breadcrumb\",\"itemListElement\":[{\"@type\":\"ListItem\",\"position\":1,\"name\":\"Home\",\"item\":\"https:\/\/www.miomiorun.com\/es\/\"},{\"@type\":\"ListItem\",\"position\":2,\"name\":\"Shop\",\"item\":\"https:\/\/www.miomiorun.com\/shop\/\"},{\"@type\":\"ListItem\",\"position\":3,\"name\":\"NEO 2T Smart Trainer\"}]},{\"@type\":\"WebSite\",\"@id\":\"https:\/\/www.miomiorun.com\/es\/#website\",\"url\":\"https:\/\/www.miomiorun.com\/es\/\",\"name\":\"MioMioRun\",\"description\":\"Tienda 100% running y trail\",\"publisher\":{\"@id\":\"https:\/\/www.miomiorun.com\/es\/#organization\"},\"potentialAction\":[{\"@type\":\"SearchAction\",\"target\":{\"@type\":\"EntryPoint\",\"urlTemplate\":\"https:\/\/www.miomiorun.com\/es\/?s={search_term_string}\"},\"query-input\":{\"@type\":\"PropertyValueSpecification\",\"valueRequired\":true,\"valueName\":\"search_term_string\"}}],\"inLanguage\":\"es-ES\"},{\"@type\":\"Organization\",\"@id\":\"https:\/\/www.miomiorun.com\/es\/#organization\",\"name\":\"MioMio Run\",\"url\":\"https:\/\/www.miomiorun.com\/es\/\",\"logo\":{\"@type\":\"ImageObject\",\"inLanguage\":\"es-ES\",\"@id\":\"https:\/\/www.miomiorun.com\/es\/#\/schema\/logo\/image\/\",\"url\":\"https:\/\/www.miomiorun.com\/app\/uploads\/2019\/12\/logomio.png\",\"contentUrl\":\"https:\/\/www.miomiorun.com\/app\/uploads\/2019\/12\/logomio.png\",\"width\":115,\"height\":82,\"caption\":\"MioMio Run\"},\"image\":{\"@id\":\"https:\/\/www.miomiorun.com\/es\/#\/schema\/logo\/image\/\"},\"sameAs\":[\"https:\/\/www.facebook.com\/miomiorun\/\",\"https:\/\/www.instagram.com\/miomiorun\/\"]}]}<\/script>\n<!-- \/ Yoast SEO plugin. -->","yoast_head_json":{"title":"Tacx NEO 2T Smart Trainer - Rodillos interactivos- MioMioRun","description":"Con un dise\u00f1o optimizado y componentes renovados, el NEO 2T Smart ofrece una experiencia m\u00e1s envolvente y una mayor compatibilidad con el an\u00e1lisis de la pedalada","robots":{"index":"index","follow":"follow","max-snippet":"max-snippet:-1","max-image-preview":"max-image-preview:large","max-video-preview":"max-video-preview:-1"},"canonical":"https:\/\/www.miomiorun.com\/es\/producto\/tacx-neo-2t-smart-trainer\/","og_locale":"es_ES","og_type":"article","og_title":"Tacx NEO 2T Smart Trainer - Rodillos interactivos- MioMioRun","og_description":"Con un dise\u00f1o optimizado y componentes renovados, el NEO 2T Smart ofrece una experiencia m\u00e1s envolvente y una mayor compatibilidad con el an\u00e1lisis de la pedalada","og_url":"https:\/\/www.miomiorun.com\/es\/producto\/tacx-neo-2t-smart-trainer\/","og_site_name":"MioMioRun","article_publisher":"https:\/\/www.facebook.com\/miomiorun\/","article_modified_time":"2026-03-24T09:51:07+00:00","og_image":[{"width":600,"height":600,"url":"https:\/\/www.miomiorun.com\/app\/uploads\/2020\/06\/Tacx-NEO-2T-Smart-Trainer.jpg","type":"image\/jpeg"}],"twitter_card":"summary_large_image","twitter_misc":{"Est. reading time":"5 minutes"},"schema":{"@context":"https:\/\/schema.org","@graph":[{"@type":"WebPage","@id":"https:\/\/www.miomiorun.com\/es\/producto\/tacx-neo-2t-smart-trainer\/","url":"https:\/\/www.miomiorun.com\/es\/producto\/tacx-neo-2t-smart-trainer\/","name":"Tacx NEO 2T Smart Trainer - Rodillos interactivos- MioMioRun","isPartOf":{"@id":"https:\/\/www.miomiorun.com\/es\/#website"},"primaryImageOfPage":{"@id":"https:\/\/www.miomiorun.com\/es\/producto\/tacx-neo-2t-smart-trainer\/#primaryimage"},"image":{"@id":"https:\/\/www.miomiorun.com\/es\/producto\/tacx-neo-2t-smart-trainer\/#primaryimage"},"thumbnailUrl":"https:\/\/www.miomiorun.com\/app\/uploads\/2020\/06\/Tacx-NEO-2T-Smart-Trainer.jpg","datePublished":"2020-06-20T13:45:25+00:00","dateModified":"2026-03-24T09:51:07+00:00","description":"Con un dise\u00f1o optimizado y componentes renovados, el NEO 2T Smart ofrece una experiencia m\u00e1s envolvente y una mayor compatibilidad con el an\u00e1lisis de la pedalada","breadcrumb":{"@id":"https:\/\/www.miomiorun.com\/es\/producto\/tacx-neo-2t-smart-trainer\/#breadcrumb"},"inLanguage":"es-ES","potentialAction":[{"@type":"ReadAction","target":["https:\/\/www.miomiorun.com\/es\/producto\/tacx-neo-2t-smart-trainer\/"]}]},{"@type":"ImageObject","inLanguage":"es-ES","@id":"https:\/\/www.miomiorun.com\/es\/producto\/tacx-neo-2t-smart-trainer\/#primaryimage","url":"https:\/\/www.miomiorun.com\/app\/uploads\/2020\/06\/Tacx-NEO-2T-Smart-Trainer.jpg","contentUrl":"https:\/\/www.miomiorun.com\/app\/uploads\/2020\/06\/Tacx-NEO-2T-Smart-Trainer.jpg","width":600,"height":600,"caption":"Tacx-NEO-2T-Smart-Trainer"},{"@type":"BreadcrumbList","@id":"https:\/\/www.miomiorun.com\/es\/producto\/tacx-neo-2t-smart-trainer\/#breadcrumb","itemListElement":[{"@type":"ListItem","position":1,"name":"Home","item":"https:\/\/www.miomiorun.com\/es\/"},{"@type":"ListItem","position":2,"name":"Shop","item":"https:\/\/www.miomiorun.com\/shop\/"},{"@type":"ListItem","position":3,"name":"NEO 2T Smart Trainer"}]},{"@type":"WebSite","@id":"https:\/\/www.miomiorun.com\/es\/#website","url":"https:\/\/www.miomiorun.com\/es\/","name":"MioMioRun","description":"Tienda 100% running y trail","publisher":{"@id":"https:\/\/www.miomiorun.com\/es\/#organization"},"potentialAction":[{"@type":"SearchAction","target":{"@type":"EntryPoint","urlTemplate":"https:\/\/www.miomiorun.com\/es\/?s={search_term_string}"},"query-input":{"@type":"PropertyValueSpecification","valueRequired":true,"valueName":"search_term_string"}}],"inLanguage":"es-ES"},{"@type":"Organization","@id":"https:\/\/www.miomiorun.com\/es\/#organization","name":"MioMio Run","url":"https:\/\/www.miomiorun.com\/es\/","logo":{"@type":"ImageObject","inLanguage":"es-ES","@id":"https:\/\/www.miomiorun.com\/es\/#\/schema\/logo\/image\/","url":"https:\/\/www.miomiorun.com\/app\/uploads\/2019\/12\/logomio.png","contentUrl":"https:\/\/www.miomiorun.com\/app\/uploads\/2019\/12\/logomio.png","width":115,"height":82,"caption":"MioMio Run"},"image":{"@id":"https:\/\/www.miomiorun.com\/es\/#\/schema\/logo\/image\/"},"sameAs":["https:\/\/www.facebook.com\/miomiorun\/","https:\/\/www.instagram.com\/miomiorun\/"]}]}},"_links":{"self":[{"href":"https:\/\/www.miomiorun.com\/es\/wp-json\/wp\/v2\/product\/275044","targetHints":{"allow":["GET"]}}],"collection":[{"href":"https:\/\/www.miomiorun.com\/es\/wp-json\/wp\/v2\/product"}],"about":[{"href":"https:\/\/www.miomiorun.com\/es\/wp-json\/wp\/v2\/types\/product"}],"wp:featuredmedia":[{"embeddable":true,"href":"https:\/\/www.miomiorun.com\/es\/wp-json\/wp\/v2\/media\/230092"}],"wp:attachment":[{"href":"https:\/\/www.miomiorun.com\/es\/wp-json\/wp\/v2\/media?parent=275044"}],"wp:term":[{"taxonomy":"product_brand","embeddable":true,"href":"https:\/\/www.miomiorun.com\/es\/wp-json\/wp\/v2\/product_brand?post=275044"},{"taxonomy":"product_cat","embeddable":true,"href":"https:\/\/www.miomiorun.com\/es\/wp-json\/wp\/v2\/product_cat?post=275044"},{"taxonomy":"product_tag","embeddable":true,"href":"https:\/\/www.miomiorun.com\/es\/wp-json\/wp\/v2\/product_tag?post=275044"}],"curies":[{"name":"wp","href":"https:\/\/api.w.org\/{rel}","templated":true}]}}