{"id":275016,"date":"2020-06-29T16:38:13","date_gmt":"2020-06-29T14:38:13","guid":{"rendered":"https:\/\/miomiorun.com\/prodotto\/salming-breeze-top-donna\/"},"modified":"2026-04-29T15:39:57","modified_gmt":"2026-04-29T13:39:57","slug":"salming-breeze-top-mujer","status":"publish","type":"product","link":"https:\/\/www.miomiorun.com\/es\/producto\/salming-breeze-top-mujer\/","title":{"rendered":"Breeze Top mujer"},"content":{"rendered":"<p>S\u00e9 la versi\u00f3n m\u00e1s r\u00e1pida de ti mismo con Salming Breeze. Su ligereza extrema, su gran ventilaci\u00f3n y su corte sencillo te garantizan que esta camiseta no te limitar\u00e1 en absoluto. El llamativo estampado de camuflaje en toda la prenda y los logotipos reflectantes te har\u00e1n destacar de la mejor manera posible.<\/p>\n<p>Ajuste<br \/>\nRegular<\/p>\n<p>Material<br \/>\nMaterial: 100 % poli\u00e9ster<\/p>\n","protected":false},"excerpt":{"rendered":"<p>S\u00e9 la versi\u00f3n m\u00e1s r\u00e1pida de ti mismo con Salming Breeze. Su ligereza extrema, su gran ventilaci\u00f3n y su corte sencillo te garantizan que esta camiseta no te limitar\u00e1 en absoluto. El llamativo estampado de camuflaje en toda la prenda y los logotipos reflectantes te har\u00e1n destacar de la mejor manera posible. Ajuste Regular Material &hellip; <a href=\"https:\/\/www.miomiorun.com\/es\/producto\/salming-breeze-top-mujer\/\">Continued<\/a><\/p>\n","protected":false},"featured_media":230178,"template":"","meta":{"_acf_changed":false,"inline_featured_image":false},"product_brand":[],"product_cat":[24416,24420,24244],"product_tag":[23587,23632],"class_list":{"0":"post-275016","1":"product","2":"type-product","3":"status-publish","4":"has-post-thumbnail","6":"product_cat-camiseta-es","7":"product_cat-ropa-de-mujer-es","8":"product_cat-ofertas-para-mujeres","9":"product_tag-salming-es","10":"product_tag-salming-mujer","11":"pa_attivita-caminar","12":"pa_attivita-running-es","13":"pa_marca-salming-es","14":"pa_sesso-mujer","15":"pa_size-small-es","17":"first","18":"instock","19":"sale","20":"taxable","21":"shipping-taxable","22":"purchasable","23":"product-type-variable","24":"wvs-archive-product-wrapper"},"acf":[],"yoast_head":"<!-- This site is optimized with the Yoast SEO plugin v26.8 - https:\/\/yoast.com\/product\/yoast-seo-wordpress\/ -->\n<title>Salming Breeze Top mujer - camiseta sin mangas para correr - MioMioRun<\/title>\n<meta name=\"description\" content=\"Descubre la camiseta Salming Breeze para mujer. Su ligereza extrema, su gran ventilaci\u00f3n y su corte sencillo te garantizar\u00e1n una total libertad de movimientos con esta camiseta.\" \/>\n<meta name=\"robots\" content=\"index, follow, max-snippet:-1, max-image-preview:large, max-video-preview:-1\" \/>\n<link rel=\"canonical\" href=\"https:\/\/www.miomiorun.com\/es\/producto\/salming-breeze-top-mujer\/\" \/>\n<meta property=\"og:locale\" content=\"es_ES\" \/>\n<meta property=\"og:type\" content=\"article\" \/>\n<meta property=\"og:title\" content=\"Salming Breeze Top mujer - camiseta sin mangas para correr - MioMioRun\" \/>\n<meta property=\"og:description\" content=\"Descubre la camiseta Salming Breeze para mujer. Su ligereza extrema, su gran ventilaci\u00f3n y su corte sencillo te garantizar\u00e1n una total libertad de movimientos con esta camiseta.\" \/>\n<meta property=\"og:url\" content=\"https:\/\/www.miomiorun.com\/es\/producto\/salming-breeze-top-mujer\/\" \/>\n<meta property=\"og:site_name\" content=\"MioMioRun\" \/>\n<meta property=\"article:publisher\" content=\"https:\/\/www.facebook.com\/miomiorun\/\" \/>\n<meta property=\"article:modified_time\" content=\"2026-04-29T13:39:57+00:00\" \/>\n<meta property=\"og:image\" content=\"https:\/\/www.miomiorun.com\/app\/uploads\/2020\/06\/Salming-Breeze-Top-1279706-0101.jpg\" \/>\n\t<meta property=\"og:image:width\" content=\"600\" \/>\n\t<meta property=\"og:image:height\" content=\"600\" \/>\n\t<meta property=\"og:image:type\" content=\"image\/jpeg\" \/>\n<meta name=\"twitter:card\" content=\"summary_large_image\" \/>\n<script type=\"application\/ld+json\" class=\"yoast-schema-graph\">{\"@context\":\"https:\/\/schema.org\",\"@graph\":[{\"@type\":\"WebPage\",\"@id\":\"https:\/\/www.miomiorun.com\/es\/producto\/salming-breeze-top-mujer\/\",\"url\":\"https:\/\/www.miomiorun.com\/es\/producto\/salming-breeze-top-mujer\/\",\"name\":\"Salming Breeze Top mujer - camiseta sin mangas para correr - MioMioRun\",\"isPartOf\":{\"@id\":\"https:\/\/www.miomiorun.com\/es\/#website\"},\"primaryImageOfPage\":{\"@id\":\"https:\/\/www.miomiorun.com\/es\/producto\/salming-breeze-top-mujer\/#primaryimage\"},\"image\":{\"@id\":\"https:\/\/www.miomiorun.com\/es\/producto\/salming-breeze-top-mujer\/#primaryimage\"},\"thumbnailUrl\":\"https:\/\/www.miomiorun.com\/app\/uploads\/2020\/06\/Salming-Breeze-Top-1279706-0101.jpg\",\"datePublished\":\"2020-06-29T14:38:13+00:00\",\"dateModified\":\"2026-04-29T13:39:57+00:00\",\"description\":\"Descubre la camiseta Salming Breeze para mujer. Su ligereza extrema, su gran ventilaci\u00f3n y su corte sencillo te garantizar\u00e1n una total libertad de movimientos con esta camiseta.\",\"breadcrumb\":{\"@id\":\"https:\/\/www.miomiorun.com\/es\/producto\/salming-breeze-top-mujer\/#breadcrumb\"},\"inLanguage\":\"es-ES\",\"potentialAction\":[{\"@type\":\"ReadAction\",\"target\":[\"https:\/\/www.miomiorun.com\/es\/producto\/salming-breeze-top-mujer\/\"]}]},{\"@type\":\"ImageObject\",\"inLanguage\":\"es-ES\",\"@id\":\"https:\/\/www.miomiorun.com\/es\/producto\/salming-breeze-top-mujer\/#primaryimage\",\"url\":\"https:\/\/www.miomiorun.com\/app\/uploads\/2020\/06\/Salming-Breeze-Top-1279706-0101.jpg\",\"contentUrl\":\"https:\/\/www.miomiorun.com\/app\/uploads\/2020\/06\/Salming-Breeze-Top-1279706-0101.jpg\",\"width\":600,\"height\":600,\"caption\":\"Salming-Breeze-Top-1279706-0101\"},{\"@type\":\"BreadcrumbList\",\"@id\":\"https:\/\/www.miomiorun.com\/es\/producto\/salming-breeze-top-mujer\/#breadcrumb\",\"itemListElement\":[{\"@type\":\"ListItem\",\"position\":1,\"name\":\"Home\",\"item\":\"https:\/\/www.miomiorun.com\/es\/\"},{\"@type\":\"ListItem\",\"position\":2,\"name\":\"Shop\",\"item\":\"https:\/\/www.miomiorun.com\/shop\/\"},{\"@type\":\"ListItem\",\"position\":3,\"name\":\"Breeze Top mujer\"}]},{\"@type\":\"WebSite\",\"@id\":\"https:\/\/www.miomiorun.com\/es\/#website\",\"url\":\"https:\/\/www.miomiorun.com\/es\/\",\"name\":\"MioMioRun\",\"description\":\"Tienda 100% running y trail\",\"publisher\":{\"@id\":\"https:\/\/www.miomiorun.com\/es\/#organization\"},\"potentialAction\":[{\"@type\":\"SearchAction\",\"target\":{\"@type\":\"EntryPoint\",\"urlTemplate\":\"https:\/\/www.miomiorun.com\/es\/?s={search_term_string}\"},\"query-input\":{\"@type\":\"PropertyValueSpecification\",\"valueRequired\":true,\"valueName\":\"search_term_string\"}}],\"inLanguage\":\"es-ES\"},{\"@type\":\"Organization\",\"@id\":\"https:\/\/www.miomiorun.com\/es\/#organization\",\"name\":\"MioMio Run\",\"url\":\"https:\/\/www.miomiorun.com\/es\/\",\"logo\":{\"@type\":\"ImageObject\",\"inLanguage\":\"es-ES\",\"@id\":\"https:\/\/www.miomiorun.com\/es\/#\/schema\/logo\/image\/\",\"url\":\"https:\/\/www.miomiorun.com\/app\/uploads\/2019\/12\/logomio.png\",\"contentUrl\":\"https:\/\/www.miomiorun.com\/app\/uploads\/2019\/12\/logomio.png\",\"width\":115,\"height\":82,\"caption\":\"MioMio Run\"},\"image\":{\"@id\":\"https:\/\/www.miomiorun.com\/es\/#\/schema\/logo\/image\/\"},\"sameAs\":[\"https:\/\/www.facebook.com\/miomiorun\/\",\"https:\/\/www.instagram.com\/miomiorun\/\"]}]}<\/script>\n<!-- \/ Yoast SEO plugin. -->","yoast_head_json":{"title":"Salming Breeze Top mujer - camiseta sin mangas para correr - MioMioRun","description":"Descubre la camiseta Salming Breeze para mujer. Su ligereza extrema, su gran ventilaci\u00f3n y su corte sencillo te garantizar\u00e1n una total libertad de movimientos con esta camiseta.","robots":{"index":"index","follow":"follow","max-snippet":"max-snippet:-1","max-image-preview":"max-image-preview:large","max-video-preview":"max-video-preview:-1"},"canonical":"https:\/\/www.miomiorun.com\/es\/producto\/salming-breeze-top-mujer\/","og_locale":"es_ES","og_type":"article","og_title":"Salming Breeze Top mujer - camiseta sin mangas para correr - MioMioRun","og_description":"Descubre la camiseta Salming Breeze para mujer. Su ligereza extrema, su gran ventilaci\u00f3n y su corte sencillo te garantizar\u00e1n una total libertad de movimientos con esta camiseta.","og_url":"https:\/\/www.miomiorun.com\/es\/producto\/salming-breeze-top-mujer\/","og_site_name":"MioMioRun","article_publisher":"https:\/\/www.facebook.com\/miomiorun\/","article_modified_time":"2026-04-29T13:39:57+00:00","og_image":[{"width":600,"height":600,"url":"https:\/\/www.miomiorun.com\/app\/uploads\/2020\/06\/Salming-Breeze-Top-1279706-0101.jpg","type":"image\/jpeg"}],"twitter_card":"summary_large_image","schema":{"@context":"https:\/\/schema.org","@graph":[{"@type":"WebPage","@id":"https:\/\/www.miomiorun.com\/es\/producto\/salming-breeze-top-mujer\/","url":"https:\/\/www.miomiorun.com\/es\/producto\/salming-breeze-top-mujer\/","name":"Salming Breeze Top mujer - camiseta sin mangas para correr - MioMioRun","isPartOf":{"@id":"https:\/\/www.miomiorun.com\/es\/#website"},"primaryImageOfPage":{"@id":"https:\/\/www.miomiorun.com\/es\/producto\/salming-breeze-top-mujer\/#primaryimage"},"image":{"@id":"https:\/\/www.miomiorun.com\/es\/producto\/salming-breeze-top-mujer\/#primaryimage"},"thumbnailUrl":"https:\/\/www.miomiorun.com\/app\/uploads\/2020\/06\/Salming-Breeze-Top-1279706-0101.jpg","datePublished":"2020-06-29T14:38:13+00:00","dateModified":"2026-04-29T13:39:57+00:00","description":"Descubre la camiseta Salming Breeze para mujer. Su ligereza extrema, su gran ventilaci\u00f3n y su corte sencillo te garantizar\u00e1n una total libertad de movimientos con esta camiseta.","breadcrumb":{"@id":"https:\/\/www.miomiorun.com\/es\/producto\/salming-breeze-top-mujer\/#breadcrumb"},"inLanguage":"es-ES","potentialAction":[{"@type":"ReadAction","target":["https:\/\/www.miomiorun.com\/es\/producto\/salming-breeze-top-mujer\/"]}]},{"@type":"ImageObject","inLanguage":"es-ES","@id":"https:\/\/www.miomiorun.com\/es\/producto\/salming-breeze-top-mujer\/#primaryimage","url":"https:\/\/www.miomiorun.com\/app\/uploads\/2020\/06\/Salming-Breeze-Top-1279706-0101.jpg","contentUrl":"https:\/\/www.miomiorun.com\/app\/uploads\/2020\/06\/Salming-Breeze-Top-1279706-0101.jpg","width":600,"height":600,"caption":"Salming-Breeze-Top-1279706-0101"},{"@type":"BreadcrumbList","@id":"https:\/\/www.miomiorun.com\/es\/producto\/salming-breeze-top-mujer\/#breadcrumb","itemListElement":[{"@type":"ListItem","position":1,"name":"Home","item":"https:\/\/www.miomiorun.com\/es\/"},{"@type":"ListItem","position":2,"name":"Shop","item":"https:\/\/www.miomiorun.com\/shop\/"},{"@type":"ListItem","position":3,"name":"Breeze Top mujer"}]},{"@type":"WebSite","@id":"https:\/\/www.miomiorun.com\/es\/#website","url":"https:\/\/www.miomiorun.com\/es\/","name":"MioMioRun","description":"Tienda 100% running y trail","publisher":{"@id":"https:\/\/www.miomiorun.com\/es\/#organization"},"potentialAction":[{"@type":"SearchAction","target":{"@type":"EntryPoint","urlTemplate":"https:\/\/www.miomiorun.com\/es\/?s={search_term_string}"},"query-input":{"@type":"PropertyValueSpecification","valueRequired":true,"valueName":"search_term_string"}}],"inLanguage":"es-ES"},{"@type":"Organization","@id":"https:\/\/www.miomiorun.com\/es\/#organization","name":"MioMio Run","url":"https:\/\/www.miomiorun.com\/es\/","logo":{"@type":"ImageObject","inLanguage":"es-ES","@id":"https:\/\/www.miomiorun.com\/es\/#\/schema\/logo\/image\/","url":"https:\/\/www.miomiorun.com\/app\/uploads\/2019\/12\/logomio.png","contentUrl":"https:\/\/www.miomiorun.com\/app\/uploads\/2019\/12\/logomio.png","width":115,"height":82,"caption":"MioMio Run"},"image":{"@id":"https:\/\/www.miomiorun.com\/es\/#\/schema\/logo\/image\/"},"sameAs":["https:\/\/www.facebook.com\/miomiorun\/","https:\/\/www.instagram.com\/miomiorun\/"]}]}},"_links":{"self":[{"href":"https:\/\/www.miomiorun.com\/es\/wp-json\/wp\/v2\/product\/275016","targetHints":{"allow":["GET"]}}],"collection":[{"href":"https:\/\/www.miomiorun.com\/es\/wp-json\/wp\/v2\/product"}],"about":[{"href":"https:\/\/www.miomiorun.com\/es\/wp-json\/wp\/v2\/types\/product"}],"wp:featuredmedia":[{"embeddable":true,"href":"https:\/\/www.miomiorun.com\/es\/wp-json\/wp\/v2\/media\/230178"}],"wp:attachment":[{"href":"https:\/\/www.miomiorun.com\/es\/wp-json\/wp\/v2\/media?parent=275016"}],"wp:term":[{"taxonomy":"product_brand","embeddable":true,"href":"https:\/\/www.miomiorun.com\/es\/wp-json\/wp\/v2\/product_brand?post=275016"},{"taxonomy":"product_cat","embeddable":true,"href":"https:\/\/www.miomiorun.com\/es\/wp-json\/wp\/v2\/product_cat?post=275016"},{"taxonomy":"product_tag","embeddable":true,"href":"https:\/\/www.miomiorun.com\/es\/wp-json\/wp\/v2\/product_tag?post=275016"}],"curies":[{"name":"wp","href":"https:\/\/api.w.org\/{rel}","templated":true}]}}