{"id":274981,"date":"2020-03-24T09:42:34","date_gmt":"2020-03-24T08:42:34","guid":{"rendered":"https:\/\/miomiorun.com\/prodotto\/newline-iconic-protect-tight-uomo\/"},"modified":"2026-04-29T11:08:59","modified_gmt":"2026-04-29T09:08:59","slug":"newline-iconic-protect-tight-hombre","status":"publish","type":"product","link":"https:\/\/www.miomiorun.com\/es\/producto\/newline-iconic-protect-tight-hombre\/","title":{"rendered":"Iconic Protect Tight hombre"},"content":{"rendered":"<p>Los pantalones largos Newline Iconic Protect Tight para hombre son unos pantalones ajustados con tres capas de protecci\u00f3n. Cuentan con un forro interior de felpa, un bajo con cremallera en los tobillos y tres bolsillos traseros. Disponen de una zona contorneada en la rodilla con panel de malla y cord\u00f3n el\u00e1stico en la cintura para una funcionalidad y comodidad \u00f3ptimas. Son unos pantalones ideales para el invierno.<br \/>\nTejido: 90 % poli\u00e9ster \/ 10 % elastano<br \/>\n&#8211; 3 capas protectoras<\/p>\n<p>&#8211; Interior de felpa<\/p>\n<p>&#8211; Zona moldeada en la rodilla<\/p>\n<p>&#8211; Bajo con cremallera en los tobillos<\/p>\n<p>&#8211; 3 bolsillos traseros<\/p>\n<p>&#8211; Cord\u00f3n el\u00e1stico en la cintura<\/p>\n","protected":false},"excerpt":{"rendered":"<p>Los pantalones largos Newline Iconic Protect Tight para hombre son unos pantalones ajustados con tres capas de protecci\u00f3n. Cuentan con un forro interior de felpa, un bajo con cremallera en los tobillos y tres bolsillos traseros. Disponen de una zona contorneada en la rodilla con panel de malla y cord\u00f3n el\u00e1stico en la cintura para &hellip; <a href=\"https:\/\/www.miomiorun.com\/es\/producto\/newline-iconic-protect-tight-hombre\/\">Continued<\/a><\/p>\n","protected":false},"featured_media":229560,"template":"","meta":{"_acf_changed":false,"inline_featured_image":false},"product_brand":[],"product_cat":[24471,24410,24411],"product_tag":[23509,23590],"class_list":{"0":"post-274981","1":"product","2":"type-product","3":"status-publish","4":"has-post-thumbnail","6":"product_cat-pantalones-largos-es-3","7":"product_cat-ropa-de-hombre","8":"product_cat-ofertas-para-hombres","9":"product_tag-newline-es","10":"product_tag-newline-hombre","11":"pa_attivita-caminar","12":"pa_attivita-running-es","13":"pa_colore-newline-iconic-protect-tight-73142356-es","14":"pa_marca-newline-es","15":"pa_sesso-hombre","16":"pa_size-small-es","18":"first","19":"instock","20":"sale","21":"taxable","22":"shipping-taxable","23":"purchasable","24":"product-type-variable","25":"wvs-archive-product-wrapper"},"acf":[],"yoast_head":"<!-- This site is optimized with the Yoast SEO plugin v26.8 - https:\/\/yoast.com\/product\/yoast-seo-wordpress\/ -->\n<title>Newline Iconic Protect Tight hombre - Pantalones largos - MioMioRun<\/title>\n<meta name=\"description\" content=\"Los pantalones Newline Iconic Protect Tight para hombre son ajustados, cuentan con tres capas de protecci\u00f3n, un forro interior de felpa, un bajo con cremallera en los tobillos y tres bolsillos.\" \/>\n<meta name=\"robots\" content=\"index, follow, max-snippet:-1, max-image-preview:large, max-video-preview:-1\" \/>\n<link rel=\"canonical\" href=\"https:\/\/www.miomiorun.com\/es\/producto\/newline-iconic-protect-tight-hombre\/\" \/>\n<meta property=\"og:locale\" content=\"es_ES\" \/>\n<meta property=\"og:type\" content=\"article\" \/>\n<meta property=\"og:title\" content=\"Newline Iconic Protect Tight hombre - Pantalones largos - MioMioRun\" \/>\n<meta property=\"og:description\" content=\"Los pantalones Newline Iconic Protect Tight para hombre son ajustados, cuentan con tres capas de protecci\u00f3n, un forro interior de felpa, un bajo con cremallera en los tobillos y tres bolsillos.\" \/>\n<meta property=\"og:url\" content=\"https:\/\/www.miomiorun.com\/es\/producto\/newline-iconic-protect-tight-hombre\/\" \/>\n<meta property=\"og:site_name\" content=\"MioMioRun\" \/>\n<meta property=\"article:publisher\" content=\"https:\/\/www.facebook.com\/miomiorun\/\" \/>\n<meta property=\"article:modified_time\" content=\"2026-04-29T09:08:59+00:00\" \/>\n<meta property=\"og:image\" content=\"https:\/\/www.miomiorun.com\/app\/uploads\/2020\/03\/Newline-Iconic-Protect-Tight-73142_356.jpg\" \/>\n\t<meta property=\"og:image:width\" content=\"595\" \/>\n\t<meta property=\"og:image:height\" content=\"595\" \/>\n\t<meta property=\"og:image:type\" content=\"image\/jpeg\" \/>\n<meta name=\"twitter:card\" content=\"summary_large_image\" \/>\n<meta name=\"twitter:label1\" content=\"Est. reading time\" \/>\n\t<meta name=\"twitter:data1\" content=\"1 minute\" \/>\n<script type=\"application\/ld+json\" class=\"yoast-schema-graph\">{\"@context\":\"https:\/\/schema.org\",\"@graph\":[{\"@type\":\"WebPage\",\"@id\":\"https:\/\/www.miomiorun.com\/es\/producto\/newline-iconic-protect-tight-hombre\/\",\"url\":\"https:\/\/www.miomiorun.com\/es\/producto\/newline-iconic-protect-tight-hombre\/\",\"name\":\"Newline Iconic Protect Tight hombre - Pantalones largos - MioMioRun\",\"isPartOf\":{\"@id\":\"https:\/\/www.miomiorun.com\/es\/#website\"},\"primaryImageOfPage\":{\"@id\":\"https:\/\/www.miomiorun.com\/es\/producto\/newline-iconic-protect-tight-hombre\/#primaryimage\"},\"image\":{\"@id\":\"https:\/\/www.miomiorun.com\/es\/producto\/newline-iconic-protect-tight-hombre\/#primaryimage\"},\"thumbnailUrl\":\"https:\/\/www.miomiorun.com\/app\/uploads\/2020\/03\/Newline-Iconic-Protect-Tight-73142_356.jpg\",\"datePublished\":\"2020-03-24T08:42:34+00:00\",\"dateModified\":\"2026-04-29T09:08:59+00:00\",\"description\":\"Los pantalones Newline Iconic Protect Tight para hombre son ajustados, cuentan con tres capas de protecci\u00f3n, un forro interior de felpa, un bajo con cremallera en los tobillos y tres bolsillos.\",\"breadcrumb\":{\"@id\":\"https:\/\/www.miomiorun.com\/es\/producto\/newline-iconic-protect-tight-hombre\/#breadcrumb\"},\"inLanguage\":\"es-ES\",\"potentialAction\":[{\"@type\":\"ReadAction\",\"target\":[\"https:\/\/www.miomiorun.com\/es\/producto\/newline-iconic-protect-tight-hombre\/\"]}]},{\"@type\":\"ImageObject\",\"inLanguage\":\"es-ES\",\"@id\":\"https:\/\/www.miomiorun.com\/es\/producto\/newline-iconic-protect-tight-hombre\/#primaryimage\",\"url\":\"https:\/\/www.miomiorun.com\/app\/uploads\/2020\/03\/Newline-Iconic-Protect-Tight-73142_356.jpg\",\"contentUrl\":\"https:\/\/www.miomiorun.com\/app\/uploads\/2020\/03\/Newline-Iconic-Protect-Tight-73142_356.jpg\",\"width\":595,\"height\":595,\"caption\":\"Newline-Iconic-Protect-Tight-73142_356\"},{\"@type\":\"BreadcrumbList\",\"@id\":\"https:\/\/www.miomiorun.com\/es\/producto\/newline-iconic-protect-tight-hombre\/#breadcrumb\",\"itemListElement\":[{\"@type\":\"ListItem\",\"position\":1,\"name\":\"Home\",\"item\":\"https:\/\/www.miomiorun.com\/es\/\"},{\"@type\":\"ListItem\",\"position\":2,\"name\":\"Shop\",\"item\":\"https:\/\/www.miomiorun.com\/shop\/\"},{\"@type\":\"ListItem\",\"position\":3,\"name\":\"Iconic Protect Tight hombre\"}]},{\"@type\":\"WebSite\",\"@id\":\"https:\/\/www.miomiorun.com\/es\/#website\",\"url\":\"https:\/\/www.miomiorun.com\/es\/\",\"name\":\"MioMioRun\",\"description\":\"Tienda 100% running y trail\",\"publisher\":{\"@id\":\"https:\/\/www.miomiorun.com\/es\/#organization\"},\"potentialAction\":[{\"@type\":\"SearchAction\",\"target\":{\"@type\":\"EntryPoint\",\"urlTemplate\":\"https:\/\/www.miomiorun.com\/es\/?s={search_term_string}\"},\"query-input\":{\"@type\":\"PropertyValueSpecification\",\"valueRequired\":true,\"valueName\":\"search_term_string\"}}],\"inLanguage\":\"es-ES\"},{\"@type\":\"Organization\",\"@id\":\"https:\/\/www.miomiorun.com\/es\/#organization\",\"name\":\"MioMio Run\",\"url\":\"https:\/\/www.miomiorun.com\/es\/\",\"logo\":{\"@type\":\"ImageObject\",\"inLanguage\":\"es-ES\",\"@id\":\"https:\/\/www.miomiorun.com\/es\/#\/schema\/logo\/image\/\",\"url\":\"https:\/\/www.miomiorun.com\/app\/uploads\/2019\/12\/logomio.png\",\"contentUrl\":\"https:\/\/www.miomiorun.com\/app\/uploads\/2019\/12\/logomio.png\",\"width\":115,\"height\":82,\"caption\":\"MioMio Run\"},\"image\":{\"@id\":\"https:\/\/www.miomiorun.com\/es\/#\/schema\/logo\/image\/\"},\"sameAs\":[\"https:\/\/www.facebook.com\/miomiorun\/\",\"https:\/\/www.instagram.com\/miomiorun\/\"]}]}<\/script>\n<!-- \/ Yoast SEO plugin. -->","yoast_head_json":{"title":"Newline Iconic Protect Tight hombre - Pantalones largos - MioMioRun","description":"Los pantalones Newline Iconic Protect Tight para hombre son ajustados, cuentan con tres capas de protecci\u00f3n, un forro interior de felpa, un bajo con cremallera en los tobillos y tres bolsillos.","robots":{"index":"index","follow":"follow","max-snippet":"max-snippet:-1","max-image-preview":"max-image-preview:large","max-video-preview":"max-video-preview:-1"},"canonical":"https:\/\/www.miomiorun.com\/es\/producto\/newline-iconic-protect-tight-hombre\/","og_locale":"es_ES","og_type":"article","og_title":"Newline Iconic Protect Tight hombre - Pantalones largos - MioMioRun","og_description":"Los pantalones Newline Iconic Protect Tight para hombre son ajustados, cuentan con tres capas de protecci\u00f3n, un forro interior de felpa, un bajo con cremallera en los tobillos y tres bolsillos.","og_url":"https:\/\/www.miomiorun.com\/es\/producto\/newline-iconic-protect-tight-hombre\/","og_site_name":"MioMioRun","article_publisher":"https:\/\/www.facebook.com\/miomiorun\/","article_modified_time":"2026-04-29T09:08:59+00:00","og_image":[{"width":595,"height":595,"url":"https:\/\/www.miomiorun.com\/app\/uploads\/2020\/03\/Newline-Iconic-Protect-Tight-73142_356.jpg","type":"image\/jpeg"}],"twitter_card":"summary_large_image","twitter_misc":{"Est. reading time":"1 minute"},"schema":{"@context":"https:\/\/schema.org","@graph":[{"@type":"WebPage","@id":"https:\/\/www.miomiorun.com\/es\/producto\/newline-iconic-protect-tight-hombre\/","url":"https:\/\/www.miomiorun.com\/es\/producto\/newline-iconic-protect-tight-hombre\/","name":"Newline Iconic Protect Tight hombre - Pantalones largos - MioMioRun","isPartOf":{"@id":"https:\/\/www.miomiorun.com\/es\/#website"},"primaryImageOfPage":{"@id":"https:\/\/www.miomiorun.com\/es\/producto\/newline-iconic-protect-tight-hombre\/#primaryimage"},"image":{"@id":"https:\/\/www.miomiorun.com\/es\/producto\/newline-iconic-protect-tight-hombre\/#primaryimage"},"thumbnailUrl":"https:\/\/www.miomiorun.com\/app\/uploads\/2020\/03\/Newline-Iconic-Protect-Tight-73142_356.jpg","datePublished":"2020-03-24T08:42:34+00:00","dateModified":"2026-04-29T09:08:59+00:00","description":"Los pantalones Newline Iconic Protect Tight para hombre son ajustados, cuentan con tres capas de protecci\u00f3n, un forro interior de felpa, un bajo con cremallera en los tobillos y tres bolsillos.","breadcrumb":{"@id":"https:\/\/www.miomiorun.com\/es\/producto\/newline-iconic-protect-tight-hombre\/#breadcrumb"},"inLanguage":"es-ES","potentialAction":[{"@type":"ReadAction","target":["https:\/\/www.miomiorun.com\/es\/producto\/newline-iconic-protect-tight-hombre\/"]}]},{"@type":"ImageObject","inLanguage":"es-ES","@id":"https:\/\/www.miomiorun.com\/es\/producto\/newline-iconic-protect-tight-hombre\/#primaryimage","url":"https:\/\/www.miomiorun.com\/app\/uploads\/2020\/03\/Newline-Iconic-Protect-Tight-73142_356.jpg","contentUrl":"https:\/\/www.miomiorun.com\/app\/uploads\/2020\/03\/Newline-Iconic-Protect-Tight-73142_356.jpg","width":595,"height":595,"caption":"Newline-Iconic-Protect-Tight-73142_356"},{"@type":"BreadcrumbList","@id":"https:\/\/www.miomiorun.com\/es\/producto\/newline-iconic-protect-tight-hombre\/#breadcrumb","itemListElement":[{"@type":"ListItem","position":1,"name":"Home","item":"https:\/\/www.miomiorun.com\/es\/"},{"@type":"ListItem","position":2,"name":"Shop","item":"https:\/\/www.miomiorun.com\/shop\/"},{"@type":"ListItem","position":3,"name":"Iconic Protect Tight hombre"}]},{"@type":"WebSite","@id":"https:\/\/www.miomiorun.com\/es\/#website","url":"https:\/\/www.miomiorun.com\/es\/","name":"MioMioRun","description":"Tienda 100% running y trail","publisher":{"@id":"https:\/\/www.miomiorun.com\/es\/#organization"},"potentialAction":[{"@type":"SearchAction","target":{"@type":"EntryPoint","urlTemplate":"https:\/\/www.miomiorun.com\/es\/?s={search_term_string}"},"query-input":{"@type":"PropertyValueSpecification","valueRequired":true,"valueName":"search_term_string"}}],"inLanguage":"es-ES"},{"@type":"Organization","@id":"https:\/\/www.miomiorun.com\/es\/#organization","name":"MioMio Run","url":"https:\/\/www.miomiorun.com\/es\/","logo":{"@type":"ImageObject","inLanguage":"es-ES","@id":"https:\/\/www.miomiorun.com\/es\/#\/schema\/logo\/image\/","url":"https:\/\/www.miomiorun.com\/app\/uploads\/2019\/12\/logomio.png","contentUrl":"https:\/\/www.miomiorun.com\/app\/uploads\/2019\/12\/logomio.png","width":115,"height":82,"caption":"MioMio Run"},"image":{"@id":"https:\/\/www.miomiorun.com\/es\/#\/schema\/logo\/image\/"},"sameAs":["https:\/\/www.facebook.com\/miomiorun\/","https:\/\/www.instagram.com\/miomiorun\/"]}]}},"_links":{"self":[{"href":"https:\/\/www.miomiorun.com\/es\/wp-json\/wp\/v2\/product\/274981","targetHints":{"allow":["GET"]}}],"collection":[{"href":"https:\/\/www.miomiorun.com\/es\/wp-json\/wp\/v2\/product"}],"about":[{"href":"https:\/\/www.miomiorun.com\/es\/wp-json\/wp\/v2\/types\/product"}],"wp:featuredmedia":[{"embeddable":true,"href":"https:\/\/www.miomiorun.com\/es\/wp-json\/wp\/v2\/media\/229560"}],"wp:attachment":[{"href":"https:\/\/www.miomiorun.com\/es\/wp-json\/wp\/v2\/media?parent=274981"}],"wp:term":[{"taxonomy":"product_brand","embeddable":true,"href":"https:\/\/www.miomiorun.com\/es\/wp-json\/wp\/v2\/product_brand?post=274981"},{"taxonomy":"product_cat","embeddable":true,"href":"https:\/\/www.miomiorun.com\/es\/wp-json\/wp\/v2\/product_cat?post=274981"},{"taxonomy":"product_tag","embeddable":true,"href":"https:\/\/www.miomiorun.com\/es\/wp-json\/wp\/v2\/product_tag?post=274981"}],"curies":[{"name":"wp","href":"https:\/\/api.w.org\/{rel}","templated":true}]}}