{"id":274955,"date":"2020-03-24T09:43:16","date_gmt":"2020-03-24T08:43:16","guid":{"rendered":"https:\/\/miomiorun.com\/prodotto\/zoot-west-coast-tee-donna\/"},"modified":"2026-04-29T11:13:37","modified_gmt":"2026-04-29T09:13:37","slug":"zoot-west-coast-tee-mujer","status":"publish","type":"product","link":"https:\/\/www.miomiorun.com\/es\/producto\/zoot-west-coast-tee-mujer\/","title":{"rendered":"West Coast Tee mujer"},"content":{"rendered":"<p>La camiseta t\u00e9cnica Zoot West Coast Tee para mujer est\u00e1 confeccionada con un tejido mixto que incorpora la tecnolog\u00eda xilitol. Esto proporciona una agradable sensaci\u00f3n de frescor sobre la piel. Es ultraligera y, al mismo tiempo, ultratranspirable.<\/p>\n<p>Caracter\u00edsticas t\u00e9cnicas.<\/p>\n<p>&#8211; Inserciones de malla que aumentan la transpirabilidad<\/p>\n<p>&#8211; Costuras planas que no rozan la piel y evitan las rozaduras<\/p>\n<p>&#8211; Los detalles reflectantes te ayudan a mantener la seguridad incluso en condiciones de poca visibilidad<\/p>\n<p>&#8211; Protecci\u00f3n solar UPF 50+<\/p>\n","protected":false},"excerpt":{"rendered":"<p>La camiseta t\u00e9cnica Zoot West Coast Tee para mujer est\u00e1 confeccionada con un tejido mixto que incorpora la tecnolog\u00eda xilitol. Esto proporciona una agradable sensaci\u00f3n de frescor sobre la piel. Es ultraligera y, al mismo tiempo, ultratranspirable. Caracter\u00edsticas t\u00e9cnicas. &#8211; Inserciones de malla que aumentan la transpirabilidad &#8211; Costuras planas que no rozan la piel &hellip; <a href=\"https:\/\/www.miomiorun.com\/es\/producto\/zoot-west-coast-tee-mujer\/\">Continued<\/a><\/p>\n","protected":false},"featured_media":229582,"template":"","meta":{"_acf_changed":false,"inline_featured_image":false},"product_brand":[],"product_cat":[24416,24420,24244],"product_tag":[23556,23625],"class_list":{"0":"post-274955","1":"product","2":"type-product","3":"status-publish","4":"has-post-thumbnail","6":"product_cat-camiseta-es","7":"product_cat-ropa-de-mujer-es","8":"product_cat-ofertas-para-mujeres","9":"product_tag-zoot-es","10":"product_tag-zoot-mujer","11":"pa_attivita-running-es","12":"pa_colore-west-coast-tee-26b2055-1-1-es","13":"pa_marca-zoot-es","14":"pa_sesso-mujer","15":"pa_size-large-es","17":"first","18":"instock","19":"sale","20":"taxable","21":"shipping-taxable","22":"purchasable","23":"product-type-variable","24":"wvs-archive-product-wrapper"},"acf":[],"yoast_head":"<!-- This site is optimized with the Yoast SEO plugin v26.8 - https:\/\/yoast.com\/product\/yoast-seo-wordpress\/ -->\n<title>Zoot West Coast Tee mujer - Camiseta para correr - MioMioRun<\/title>\n<meta name=\"description\" content=\"La camiseta t\u00e9cnica Zoot West Coast Tee est\u00e1 confeccionada con un tejido con tecnolog\u00eda de xilitol que proporciona una agradable sensaci\u00f3n de frescor sobre la piel\" \/>\n<meta name=\"robots\" content=\"index, follow, max-snippet:-1, max-image-preview:large, max-video-preview:-1\" \/>\n<link rel=\"canonical\" href=\"https:\/\/www.miomiorun.com\/es\/producto\/zoot-west-coast-tee-mujer\/\" \/>\n<meta property=\"og:locale\" content=\"es_ES\" \/>\n<meta property=\"og:type\" content=\"article\" \/>\n<meta property=\"og:title\" content=\"Zoot West Coast Tee mujer - Camiseta para correr - MioMioRun\" \/>\n<meta property=\"og:description\" content=\"La camiseta t\u00e9cnica Zoot West Coast Tee est\u00e1 confeccionada con un tejido con tecnolog\u00eda de xilitol que proporciona una agradable sensaci\u00f3n de frescor sobre la piel\" \/>\n<meta property=\"og:url\" content=\"https:\/\/www.miomiorun.com\/es\/producto\/zoot-west-coast-tee-mujer\/\" \/>\n<meta property=\"og:site_name\" content=\"MioMioRun\" \/>\n<meta property=\"article:publisher\" content=\"https:\/\/www.facebook.com\/miomiorun\/\" \/>\n<meta property=\"article:modified_time\" content=\"2026-04-29T09:13:37+00:00\" \/>\n<meta property=\"og:image\" content=\"https:\/\/www.miomiorun.com\/app\/uploads\/2020\/03\/Zoot-West-Coast-Tee-26b2055.jpg\" \/>\n\t<meta property=\"og:image:width\" content=\"595\" \/>\n\t<meta property=\"og:image:height\" content=\"595\" \/>\n\t<meta property=\"og:image:type\" content=\"image\/jpeg\" \/>\n<meta name=\"twitter:card\" content=\"summary_large_image\" \/>\n<script type=\"application\/ld+json\" class=\"yoast-schema-graph\">{\"@context\":\"https:\/\/schema.org\",\"@graph\":[{\"@type\":\"WebPage\",\"@id\":\"https:\/\/www.miomiorun.com\/es\/producto\/zoot-west-coast-tee-mujer\/\",\"url\":\"https:\/\/www.miomiorun.com\/es\/producto\/zoot-west-coast-tee-mujer\/\",\"name\":\"Zoot West Coast Tee mujer - Camiseta para correr - MioMioRun\",\"isPartOf\":{\"@id\":\"https:\/\/www.miomiorun.com\/es\/#website\"},\"primaryImageOfPage\":{\"@id\":\"https:\/\/www.miomiorun.com\/es\/producto\/zoot-west-coast-tee-mujer\/#primaryimage\"},\"image\":{\"@id\":\"https:\/\/www.miomiorun.com\/es\/producto\/zoot-west-coast-tee-mujer\/#primaryimage\"},\"thumbnailUrl\":\"https:\/\/www.miomiorun.com\/app\/uploads\/2020\/03\/Zoot-West-Coast-Tee-26b2055.jpg\",\"datePublished\":\"2020-03-24T08:43:16+00:00\",\"dateModified\":\"2026-04-29T09:13:37+00:00\",\"description\":\"La camiseta t\u00e9cnica Zoot West Coast Tee est\u00e1 confeccionada con un tejido con tecnolog\u00eda de xilitol que proporciona una agradable sensaci\u00f3n de frescor sobre la piel\",\"breadcrumb\":{\"@id\":\"https:\/\/www.miomiorun.com\/es\/producto\/zoot-west-coast-tee-mujer\/#breadcrumb\"},\"inLanguage\":\"es-ES\",\"potentialAction\":[{\"@type\":\"ReadAction\",\"target\":[\"https:\/\/www.miomiorun.com\/es\/producto\/zoot-west-coast-tee-mujer\/\"]}]},{\"@type\":\"ImageObject\",\"inLanguage\":\"es-ES\",\"@id\":\"https:\/\/www.miomiorun.com\/es\/producto\/zoot-west-coast-tee-mujer\/#primaryimage\",\"url\":\"https:\/\/www.miomiorun.com\/app\/uploads\/2020\/03\/Zoot-West-Coast-Tee-26b2055.jpg\",\"contentUrl\":\"https:\/\/www.miomiorun.com\/app\/uploads\/2020\/03\/Zoot-West-Coast-Tee-26b2055.jpg\",\"width\":595,\"height\":595,\"caption\":\"Zoot-West-Coast-Tee-26b2055\"},{\"@type\":\"BreadcrumbList\",\"@id\":\"https:\/\/www.miomiorun.com\/es\/producto\/zoot-west-coast-tee-mujer\/#breadcrumb\",\"itemListElement\":[{\"@type\":\"ListItem\",\"position\":1,\"name\":\"Home\",\"item\":\"https:\/\/www.miomiorun.com\/es\/\"},{\"@type\":\"ListItem\",\"position\":2,\"name\":\"Shop\",\"item\":\"https:\/\/www.miomiorun.com\/shop\/\"},{\"@type\":\"ListItem\",\"position\":3,\"name\":\"West Coast Tee mujer\"}]},{\"@type\":\"WebSite\",\"@id\":\"https:\/\/www.miomiorun.com\/es\/#website\",\"url\":\"https:\/\/www.miomiorun.com\/es\/\",\"name\":\"MioMioRun\",\"description\":\"Tienda 100% running y trail\",\"publisher\":{\"@id\":\"https:\/\/www.miomiorun.com\/es\/#organization\"},\"potentialAction\":[{\"@type\":\"SearchAction\",\"target\":{\"@type\":\"EntryPoint\",\"urlTemplate\":\"https:\/\/www.miomiorun.com\/es\/?s={search_term_string}\"},\"query-input\":{\"@type\":\"PropertyValueSpecification\",\"valueRequired\":true,\"valueName\":\"search_term_string\"}}],\"inLanguage\":\"es-ES\"},{\"@type\":\"Organization\",\"@id\":\"https:\/\/www.miomiorun.com\/es\/#organization\",\"name\":\"MioMio Run\",\"url\":\"https:\/\/www.miomiorun.com\/es\/\",\"logo\":{\"@type\":\"ImageObject\",\"inLanguage\":\"es-ES\",\"@id\":\"https:\/\/www.miomiorun.com\/es\/#\/schema\/logo\/image\/\",\"url\":\"https:\/\/www.miomiorun.com\/app\/uploads\/2019\/12\/logomio.png\",\"contentUrl\":\"https:\/\/www.miomiorun.com\/app\/uploads\/2019\/12\/logomio.png\",\"width\":115,\"height\":82,\"caption\":\"MioMio Run\"},\"image\":{\"@id\":\"https:\/\/www.miomiorun.com\/es\/#\/schema\/logo\/image\/\"},\"sameAs\":[\"https:\/\/www.facebook.com\/miomiorun\/\",\"https:\/\/www.instagram.com\/miomiorun\/\"]}]}<\/script>\n<!-- \/ Yoast SEO plugin. -->","yoast_head_json":{"title":"Zoot West Coast Tee mujer - Camiseta para correr - MioMioRun","description":"La camiseta t\u00e9cnica Zoot West Coast Tee est\u00e1 confeccionada con un tejido con tecnolog\u00eda de xilitol que proporciona una agradable sensaci\u00f3n de frescor sobre la piel","robots":{"index":"index","follow":"follow","max-snippet":"max-snippet:-1","max-image-preview":"max-image-preview:large","max-video-preview":"max-video-preview:-1"},"canonical":"https:\/\/www.miomiorun.com\/es\/producto\/zoot-west-coast-tee-mujer\/","og_locale":"es_ES","og_type":"article","og_title":"Zoot West Coast Tee mujer - Camiseta para correr - MioMioRun","og_description":"La camiseta t\u00e9cnica Zoot West Coast Tee est\u00e1 confeccionada con un tejido con tecnolog\u00eda de xilitol que proporciona una agradable sensaci\u00f3n de frescor sobre la piel","og_url":"https:\/\/www.miomiorun.com\/es\/producto\/zoot-west-coast-tee-mujer\/","og_site_name":"MioMioRun","article_publisher":"https:\/\/www.facebook.com\/miomiorun\/","article_modified_time":"2026-04-29T09:13:37+00:00","og_image":[{"width":595,"height":595,"url":"https:\/\/www.miomiorun.com\/app\/uploads\/2020\/03\/Zoot-West-Coast-Tee-26b2055.jpg","type":"image\/jpeg"}],"twitter_card":"summary_large_image","schema":{"@context":"https:\/\/schema.org","@graph":[{"@type":"WebPage","@id":"https:\/\/www.miomiorun.com\/es\/producto\/zoot-west-coast-tee-mujer\/","url":"https:\/\/www.miomiorun.com\/es\/producto\/zoot-west-coast-tee-mujer\/","name":"Zoot West Coast Tee mujer - Camiseta para correr - MioMioRun","isPartOf":{"@id":"https:\/\/www.miomiorun.com\/es\/#website"},"primaryImageOfPage":{"@id":"https:\/\/www.miomiorun.com\/es\/producto\/zoot-west-coast-tee-mujer\/#primaryimage"},"image":{"@id":"https:\/\/www.miomiorun.com\/es\/producto\/zoot-west-coast-tee-mujer\/#primaryimage"},"thumbnailUrl":"https:\/\/www.miomiorun.com\/app\/uploads\/2020\/03\/Zoot-West-Coast-Tee-26b2055.jpg","datePublished":"2020-03-24T08:43:16+00:00","dateModified":"2026-04-29T09:13:37+00:00","description":"La camiseta t\u00e9cnica Zoot West Coast Tee est\u00e1 confeccionada con un tejido con tecnolog\u00eda de xilitol que proporciona una agradable sensaci\u00f3n de frescor sobre la piel","breadcrumb":{"@id":"https:\/\/www.miomiorun.com\/es\/producto\/zoot-west-coast-tee-mujer\/#breadcrumb"},"inLanguage":"es-ES","potentialAction":[{"@type":"ReadAction","target":["https:\/\/www.miomiorun.com\/es\/producto\/zoot-west-coast-tee-mujer\/"]}]},{"@type":"ImageObject","inLanguage":"es-ES","@id":"https:\/\/www.miomiorun.com\/es\/producto\/zoot-west-coast-tee-mujer\/#primaryimage","url":"https:\/\/www.miomiorun.com\/app\/uploads\/2020\/03\/Zoot-West-Coast-Tee-26b2055.jpg","contentUrl":"https:\/\/www.miomiorun.com\/app\/uploads\/2020\/03\/Zoot-West-Coast-Tee-26b2055.jpg","width":595,"height":595,"caption":"Zoot-West-Coast-Tee-26b2055"},{"@type":"BreadcrumbList","@id":"https:\/\/www.miomiorun.com\/es\/producto\/zoot-west-coast-tee-mujer\/#breadcrumb","itemListElement":[{"@type":"ListItem","position":1,"name":"Home","item":"https:\/\/www.miomiorun.com\/es\/"},{"@type":"ListItem","position":2,"name":"Shop","item":"https:\/\/www.miomiorun.com\/shop\/"},{"@type":"ListItem","position":3,"name":"West Coast Tee mujer"}]},{"@type":"WebSite","@id":"https:\/\/www.miomiorun.com\/es\/#website","url":"https:\/\/www.miomiorun.com\/es\/","name":"MioMioRun","description":"Tienda 100% running y trail","publisher":{"@id":"https:\/\/www.miomiorun.com\/es\/#organization"},"potentialAction":[{"@type":"SearchAction","target":{"@type":"EntryPoint","urlTemplate":"https:\/\/www.miomiorun.com\/es\/?s={search_term_string}"},"query-input":{"@type":"PropertyValueSpecification","valueRequired":true,"valueName":"search_term_string"}}],"inLanguage":"es-ES"},{"@type":"Organization","@id":"https:\/\/www.miomiorun.com\/es\/#organization","name":"MioMio Run","url":"https:\/\/www.miomiorun.com\/es\/","logo":{"@type":"ImageObject","inLanguage":"es-ES","@id":"https:\/\/www.miomiorun.com\/es\/#\/schema\/logo\/image\/","url":"https:\/\/www.miomiorun.com\/app\/uploads\/2019\/12\/logomio.png","contentUrl":"https:\/\/www.miomiorun.com\/app\/uploads\/2019\/12\/logomio.png","width":115,"height":82,"caption":"MioMio Run"},"image":{"@id":"https:\/\/www.miomiorun.com\/es\/#\/schema\/logo\/image\/"},"sameAs":["https:\/\/www.facebook.com\/miomiorun\/","https:\/\/www.instagram.com\/miomiorun\/"]}]}},"_links":{"self":[{"href":"https:\/\/www.miomiorun.com\/es\/wp-json\/wp\/v2\/product\/274955","targetHints":{"allow":["GET"]}}],"collection":[{"href":"https:\/\/www.miomiorun.com\/es\/wp-json\/wp\/v2\/product"}],"about":[{"href":"https:\/\/www.miomiorun.com\/es\/wp-json\/wp\/v2\/types\/product"}],"wp:featuredmedia":[{"embeddable":true,"href":"https:\/\/www.miomiorun.com\/es\/wp-json\/wp\/v2\/media\/229582"}],"wp:attachment":[{"href":"https:\/\/www.miomiorun.com\/es\/wp-json\/wp\/v2\/media?parent=274955"}],"wp:term":[{"taxonomy":"product_brand","embeddable":true,"href":"https:\/\/www.miomiorun.com\/es\/wp-json\/wp\/v2\/product_brand?post=274955"},{"taxonomy":"product_cat","embeddable":true,"href":"https:\/\/www.miomiorun.com\/es\/wp-json\/wp\/v2\/product_cat?post=274955"},{"taxonomy":"product_tag","embeddable":true,"href":"https:\/\/www.miomiorun.com\/es\/wp-json\/wp\/v2\/product_tag?post=274955"}],"curies":[{"name":"wp","href":"https:\/\/api.w.org\/{rel}","templated":true}]}}