{"id":274944,"date":"2020-03-24T09:43:17","date_gmt":"2020-03-24T08:43:17","guid":{"rendered":"https:\/\/miomiorun.com\/prodotto\/desigual-tank-dress-donna\/"},"modified":"2026-04-29T11:14:35","modified_gmt":"2026-04-29T09:14:35","slug":"desigual-tank-dress-donna","status":"publish","type":"product","link":"https:\/\/www.miomiorun.com\/es\/producto\/desigual-tank-dress-donna\/","title":{"rendered":"Tank Dress mujer"},"content":{"rendered":"<p>La camiseta sin mangas para correr Desigual Tank Dress Garden est\u00e1 confeccionada en un tejido fresco que garantiza una comodidad \u00f3ptima.<\/p>\n<p>Esta camiseta sin mangas forma parte de la l\u00ednea Garden, prendas que se caracterizan por sus vivos estampados florales multicolores.<\/p>\n<p>Detalles:<\/p>\n<p>Cuello redondo<\/p>\n<p>Cruzado al estilo americano en la espalda<\/p>\n<p>Estampado integral<\/p>\n<p>Logotipo de Desigual estampado en el pecho<\/p>\n<p>Aberturas laterales<\/p>\n<p>Tejido: 98 % poli\u00e9ster, 2 % elastano<\/p>\n","protected":false},"excerpt":{"rendered":"<p>La camiseta sin mangas para correr Desigual Tank Dress Garden est\u00e1 confeccionada en un tejido fresco que garantiza una comodidad \u00f3ptima. Esta camiseta sin mangas forma parte de la l\u00ednea Garden, prendas que se caracterizan por sus vivos estampados florales multicolores. Detalles: Cuello redondo Cruzado al estilo americano en la espalda Estampado integral Logotipo de &hellip; <a href=\"https:\/\/www.miomiorun.com\/es\/producto\/desigual-tank-dress-donna\/\">Continued<\/a><\/p>\n","protected":false},"featured_media":229548,"template":"","meta":{"_acf_changed":false,"inline_featured_image":false},"product_brand":[],"product_cat":[24421,24420,24244],"product_tag":[23486,23644],"class_list":{"0":"post-274944","1":"product","2":"type-product","3":"status-publish","4":"has-post-thumbnail","6":"product_cat-chalecos-es","7":"product_cat-ropa-de-mujer-es","8":"product_cat-ofertas-para-mujeres","9":"product_tag-desigual-es","10":"product_tag-desigual-mujer","11":"pa_attivita-running-es","12":"pa_marca-desigual-es","13":"pa_sesso-mujer","14":"pa_size-extra-small-es","15":"pa_size-small-es","17":"first","18":"instock","19":"sale","20":"taxable","21":"shipping-taxable","22":"purchasable","23":"product-type-variable","24":"wvs-archive-product-wrapper"},"acf":[],"yoast_head":"<!-- This site is optimized with the Yoast SEO plugin v26.8 - https:\/\/yoast.com\/product\/yoast-seo-wordpress\/ -->\n<title>Desigual Tank Dress mujer - Camiseta sin mangas para correr - MioMioRun<\/title>\n<meta name=\"description\" content=\"La camiseta sin mangas para correr Desigual Tank Dress Garden est\u00e1 confeccionada en un tejido fresco que garantiza una comodidad \u00f3ptima. Esta camiseta sin mangas forma parte de la l\u00ednea Garden.\" \/>\n<meta name=\"robots\" content=\"index, follow, max-snippet:-1, max-image-preview:large, max-video-preview:-1\" \/>\n<link rel=\"canonical\" href=\"https:\/\/www.miomiorun.com\/es\/producto\/desigual-tank-dress-donna\/\" \/>\n<meta property=\"og:locale\" content=\"es_ES\" \/>\n<meta property=\"og:type\" content=\"article\" \/>\n<meta property=\"og:title\" content=\"Desigual Tank Dress mujer - Camiseta sin mangas para correr - MioMioRun\" \/>\n<meta property=\"og:description\" content=\"La camiseta sin mangas para correr Desigual Tank Dress Garden est\u00e1 confeccionada en un tejido fresco que garantiza una comodidad \u00f3ptima. Esta camiseta sin mangas forma parte de la l\u00ednea Garden.\" \/>\n<meta property=\"og:url\" content=\"https:\/\/www.miomiorun.com\/es\/producto\/desigual-tank-dress-donna\/\" \/>\n<meta property=\"og:site_name\" content=\"MioMioRun\" \/>\n<meta property=\"article:publisher\" content=\"https:\/\/www.facebook.com\/miomiorun\/\" \/>\n<meta property=\"article:modified_time\" content=\"2026-04-29T09:14:35+00:00\" \/>\n<meta property=\"og:image\" content=\"https:\/\/www.miomiorun.com\/app\/uploads\/2020\/03\/Desigual-Tank-Dress-71t2sb2.jpg\" \/>\n\t<meta property=\"og:image:width\" content=\"595\" \/>\n\t<meta property=\"og:image:height\" content=\"595\" \/>\n\t<meta property=\"og:image:type\" content=\"image\/jpeg\" \/>\n<meta name=\"twitter:card\" content=\"summary_large_image\" \/>\n<script type=\"application\/ld+json\" class=\"yoast-schema-graph\">{\"@context\":\"https:\/\/schema.org\",\"@graph\":[{\"@type\":\"WebPage\",\"@id\":\"https:\/\/www.miomiorun.com\/es\/producto\/desigual-tank-dress-donna\/\",\"url\":\"https:\/\/www.miomiorun.com\/es\/producto\/desigual-tank-dress-donna\/\",\"name\":\"Desigual Tank Dress mujer - Camiseta sin mangas para correr - MioMioRun\",\"isPartOf\":{\"@id\":\"https:\/\/www.miomiorun.com\/es\/#website\"},\"primaryImageOfPage\":{\"@id\":\"https:\/\/www.miomiorun.com\/es\/producto\/desigual-tank-dress-donna\/#primaryimage\"},\"image\":{\"@id\":\"https:\/\/www.miomiorun.com\/es\/producto\/desigual-tank-dress-donna\/#primaryimage\"},\"thumbnailUrl\":\"https:\/\/www.miomiorun.com\/app\/uploads\/2020\/03\/Desigual-Tank-Dress-71t2sb2.jpg\",\"datePublished\":\"2020-03-24T08:43:17+00:00\",\"dateModified\":\"2026-04-29T09:14:35+00:00\",\"description\":\"La camiseta sin mangas para correr Desigual Tank Dress Garden est\u00e1 confeccionada en un tejido fresco que garantiza una comodidad \u00f3ptima. Esta camiseta sin mangas forma parte de la l\u00ednea Garden.\",\"breadcrumb\":{\"@id\":\"https:\/\/www.miomiorun.com\/es\/producto\/desigual-tank-dress-donna\/#breadcrumb\"},\"inLanguage\":\"es-ES\",\"potentialAction\":[{\"@type\":\"ReadAction\",\"target\":[\"https:\/\/www.miomiorun.com\/es\/producto\/desigual-tank-dress-donna\/\"]}]},{\"@type\":\"ImageObject\",\"inLanguage\":\"es-ES\",\"@id\":\"https:\/\/www.miomiorun.com\/es\/producto\/desigual-tank-dress-donna\/#primaryimage\",\"url\":\"https:\/\/www.miomiorun.com\/app\/uploads\/2020\/03\/Desigual-Tank-Dress-71t2sb2.jpg\",\"contentUrl\":\"https:\/\/www.miomiorun.com\/app\/uploads\/2020\/03\/Desigual-Tank-Dress-71t2sb2.jpg\",\"width\":595,\"height\":595,\"caption\":\"Desigual-Tank-Dress-71t2sb2\"},{\"@type\":\"BreadcrumbList\",\"@id\":\"https:\/\/www.miomiorun.com\/es\/producto\/desigual-tank-dress-donna\/#breadcrumb\",\"itemListElement\":[{\"@type\":\"ListItem\",\"position\":1,\"name\":\"Home\",\"item\":\"https:\/\/www.miomiorun.com\/es\/\"},{\"@type\":\"ListItem\",\"position\":2,\"name\":\"Shop\",\"item\":\"https:\/\/www.miomiorun.com\/shop\/\"},{\"@type\":\"ListItem\",\"position\":3,\"name\":\"Tank Dress mujer\"}]},{\"@type\":\"WebSite\",\"@id\":\"https:\/\/www.miomiorun.com\/es\/#website\",\"url\":\"https:\/\/www.miomiorun.com\/es\/\",\"name\":\"MioMioRun\",\"description\":\"Tienda 100% running y trail\",\"publisher\":{\"@id\":\"https:\/\/www.miomiorun.com\/es\/#organization\"},\"potentialAction\":[{\"@type\":\"SearchAction\",\"target\":{\"@type\":\"EntryPoint\",\"urlTemplate\":\"https:\/\/www.miomiorun.com\/es\/?s={search_term_string}\"},\"query-input\":{\"@type\":\"PropertyValueSpecification\",\"valueRequired\":true,\"valueName\":\"search_term_string\"}}],\"inLanguage\":\"es-ES\"},{\"@type\":\"Organization\",\"@id\":\"https:\/\/www.miomiorun.com\/es\/#organization\",\"name\":\"MioMio Run\",\"url\":\"https:\/\/www.miomiorun.com\/es\/\",\"logo\":{\"@type\":\"ImageObject\",\"inLanguage\":\"es-ES\",\"@id\":\"https:\/\/www.miomiorun.com\/es\/#\/schema\/logo\/image\/\",\"url\":\"https:\/\/www.miomiorun.com\/app\/uploads\/2019\/12\/logomio.png\",\"contentUrl\":\"https:\/\/www.miomiorun.com\/app\/uploads\/2019\/12\/logomio.png\",\"width\":115,\"height\":82,\"caption\":\"MioMio Run\"},\"image\":{\"@id\":\"https:\/\/www.miomiorun.com\/es\/#\/schema\/logo\/image\/\"},\"sameAs\":[\"https:\/\/www.facebook.com\/miomiorun\/\",\"https:\/\/www.instagram.com\/miomiorun\/\"]}]}<\/script>\n<!-- \/ Yoast SEO plugin. -->","yoast_head_json":{"title":"Desigual Tank Dress mujer - Camiseta sin mangas para correr - MioMioRun","description":"La camiseta sin mangas para correr Desigual Tank Dress Garden est\u00e1 confeccionada en un tejido fresco que garantiza una comodidad \u00f3ptima. Esta camiseta sin mangas forma parte de la l\u00ednea Garden.","robots":{"index":"index","follow":"follow","max-snippet":"max-snippet:-1","max-image-preview":"max-image-preview:large","max-video-preview":"max-video-preview:-1"},"canonical":"https:\/\/www.miomiorun.com\/es\/producto\/desigual-tank-dress-donna\/","og_locale":"es_ES","og_type":"article","og_title":"Desigual Tank Dress mujer - Camiseta sin mangas para correr - MioMioRun","og_description":"La camiseta sin mangas para correr Desigual Tank Dress Garden est\u00e1 confeccionada en un tejido fresco que garantiza una comodidad \u00f3ptima. Esta camiseta sin mangas forma parte de la l\u00ednea Garden.","og_url":"https:\/\/www.miomiorun.com\/es\/producto\/desigual-tank-dress-donna\/","og_site_name":"MioMioRun","article_publisher":"https:\/\/www.facebook.com\/miomiorun\/","article_modified_time":"2026-04-29T09:14:35+00:00","og_image":[{"width":595,"height":595,"url":"https:\/\/www.miomiorun.com\/app\/uploads\/2020\/03\/Desigual-Tank-Dress-71t2sb2.jpg","type":"image\/jpeg"}],"twitter_card":"summary_large_image","schema":{"@context":"https:\/\/schema.org","@graph":[{"@type":"WebPage","@id":"https:\/\/www.miomiorun.com\/es\/producto\/desigual-tank-dress-donna\/","url":"https:\/\/www.miomiorun.com\/es\/producto\/desigual-tank-dress-donna\/","name":"Desigual Tank Dress mujer - Camiseta sin mangas para correr - MioMioRun","isPartOf":{"@id":"https:\/\/www.miomiorun.com\/es\/#website"},"primaryImageOfPage":{"@id":"https:\/\/www.miomiorun.com\/es\/producto\/desigual-tank-dress-donna\/#primaryimage"},"image":{"@id":"https:\/\/www.miomiorun.com\/es\/producto\/desigual-tank-dress-donna\/#primaryimage"},"thumbnailUrl":"https:\/\/www.miomiorun.com\/app\/uploads\/2020\/03\/Desigual-Tank-Dress-71t2sb2.jpg","datePublished":"2020-03-24T08:43:17+00:00","dateModified":"2026-04-29T09:14:35+00:00","description":"La camiseta sin mangas para correr Desigual Tank Dress Garden est\u00e1 confeccionada en un tejido fresco que garantiza una comodidad \u00f3ptima. Esta camiseta sin mangas forma parte de la l\u00ednea Garden.","breadcrumb":{"@id":"https:\/\/www.miomiorun.com\/es\/producto\/desigual-tank-dress-donna\/#breadcrumb"},"inLanguage":"es-ES","potentialAction":[{"@type":"ReadAction","target":["https:\/\/www.miomiorun.com\/es\/producto\/desigual-tank-dress-donna\/"]}]},{"@type":"ImageObject","inLanguage":"es-ES","@id":"https:\/\/www.miomiorun.com\/es\/producto\/desigual-tank-dress-donna\/#primaryimage","url":"https:\/\/www.miomiorun.com\/app\/uploads\/2020\/03\/Desigual-Tank-Dress-71t2sb2.jpg","contentUrl":"https:\/\/www.miomiorun.com\/app\/uploads\/2020\/03\/Desigual-Tank-Dress-71t2sb2.jpg","width":595,"height":595,"caption":"Desigual-Tank-Dress-71t2sb2"},{"@type":"BreadcrumbList","@id":"https:\/\/www.miomiorun.com\/es\/producto\/desigual-tank-dress-donna\/#breadcrumb","itemListElement":[{"@type":"ListItem","position":1,"name":"Home","item":"https:\/\/www.miomiorun.com\/es\/"},{"@type":"ListItem","position":2,"name":"Shop","item":"https:\/\/www.miomiorun.com\/shop\/"},{"@type":"ListItem","position":3,"name":"Tank Dress mujer"}]},{"@type":"WebSite","@id":"https:\/\/www.miomiorun.com\/es\/#website","url":"https:\/\/www.miomiorun.com\/es\/","name":"MioMioRun","description":"Tienda 100% running y trail","publisher":{"@id":"https:\/\/www.miomiorun.com\/es\/#organization"},"potentialAction":[{"@type":"SearchAction","target":{"@type":"EntryPoint","urlTemplate":"https:\/\/www.miomiorun.com\/es\/?s={search_term_string}"},"query-input":{"@type":"PropertyValueSpecification","valueRequired":true,"valueName":"search_term_string"}}],"inLanguage":"es-ES"},{"@type":"Organization","@id":"https:\/\/www.miomiorun.com\/es\/#organization","name":"MioMio Run","url":"https:\/\/www.miomiorun.com\/es\/","logo":{"@type":"ImageObject","inLanguage":"es-ES","@id":"https:\/\/www.miomiorun.com\/es\/#\/schema\/logo\/image\/","url":"https:\/\/www.miomiorun.com\/app\/uploads\/2019\/12\/logomio.png","contentUrl":"https:\/\/www.miomiorun.com\/app\/uploads\/2019\/12\/logomio.png","width":115,"height":82,"caption":"MioMio Run"},"image":{"@id":"https:\/\/www.miomiorun.com\/es\/#\/schema\/logo\/image\/"},"sameAs":["https:\/\/www.facebook.com\/miomiorun\/","https:\/\/www.instagram.com\/miomiorun\/"]}]}},"_links":{"self":[{"href":"https:\/\/www.miomiorun.com\/es\/wp-json\/wp\/v2\/product\/274944","targetHints":{"allow":["GET"]}}],"collection":[{"href":"https:\/\/www.miomiorun.com\/es\/wp-json\/wp\/v2\/product"}],"about":[{"href":"https:\/\/www.miomiorun.com\/es\/wp-json\/wp\/v2\/types\/product"}],"wp:featuredmedia":[{"embeddable":true,"href":"https:\/\/www.miomiorun.com\/es\/wp-json\/wp\/v2\/media\/229548"}],"wp:attachment":[{"href":"https:\/\/www.miomiorun.com\/es\/wp-json\/wp\/v2\/media?parent=274944"}],"wp:term":[{"taxonomy":"product_brand","embeddable":true,"href":"https:\/\/www.miomiorun.com\/es\/wp-json\/wp\/v2\/product_brand?post=274944"},{"taxonomy":"product_cat","embeddable":true,"href":"https:\/\/www.miomiorun.com\/es\/wp-json\/wp\/v2\/product_cat?post=274944"},{"taxonomy":"product_tag","embeddable":true,"href":"https:\/\/www.miomiorun.com\/es\/wp-json\/wp\/v2\/product_tag?post=274944"}],"curies":[{"name":"wp","href":"https:\/\/api.w.org\/{rel}","templated":true}]}}