{"id":274938,"date":"2020-03-24T09:43:28","date_gmt":"2020-03-24T08:43:28","guid":{"rendered":"https:\/\/miomiorun.com\/prodotto\/desigual-pant-short-donna\/"},"modified":"2026-04-29T11:16:32","modified_gmt":"2026-04-29T09:16:32","slug":"desigual-pant-short-mujer","status":"publish","type":"product","link":"https:\/\/www.miomiorun.com\/es\/producto\/desigual-pant-short-mujer\/","title":{"rendered":"Pant Short mujer"},"content":{"rendered":"<p>Los pantalones cortos de running Desigual Pant Short son ideales para las sesiones de entrenamiento m\u00e1s intensas.<\/p>\n<p>Estos pantalones cortos forman parte de la l\u00ednea Garden, prendas que se caracterizan por sus vivos estampados florales multicolores.<\/p>\n<p>Detalles:<\/p>\n<p>Cintura el\u00e1stica con cordones<\/p>\n<p>Corte c\u00f3modo<\/p>\n<p>Braguita interior para mayor comodidad<\/p>\n<p>Logotipo de Desigual estampado en la parte delantera<\/p>\n<p>Tejido: 94 % poli\u00e9ster, 6 % elastano<\/p>\n","protected":false},"excerpt":{"rendered":"<p>Los pantalones cortos de running Desigual Pant Short son ideales para las sesiones de entrenamiento m\u00e1s intensas. Estos pantalones cortos forman parte de la l\u00ednea Garden, prendas que se caracterizan por sus vivos estampados florales multicolores. Detalles: Cintura el\u00e1stica con cordones Corte c\u00f3modo Braguita interior para mayor comodidad Logotipo de Desigual estampado en la parte &hellip; <a href=\"https:\/\/www.miomiorun.com\/es\/producto\/desigual-pant-short-mujer\/\">Continued<\/a><\/p>\n","protected":false},"featured_media":229532,"template":"","meta":{"_acf_changed":false,"inline_featured_image":false},"product_brand":[],"product_cat":[24423,24420,24244],"product_tag":[23486,23644],"class_list":{"0":"post-274938","1":"product","2":"type-product","3":"status-publish","4":"has-post-thumbnail","6":"product_cat-pantalones-cortos-es","7":"product_cat-ropa-de-mujer-es","8":"product_cat-ofertas-para-mujeres","9":"product_tag-desigual-es","10":"product_tag-desigual-mujer","11":"pa_attivita-running-es","12":"pa_colore-pant-short-60p2sa4-es","13":"pa_colore-pant-short-60p2sa7-es","14":"pa_colore-pant-short-71p2sa1-es","15":"pa_marca-desigual-es","16":"pa_sesso-mujer","17":"pa_size-extra-small-es","18":"pa_size-small-es","19":"pa_size-medium-es","21":"first","22":"instock","23":"sale","24":"taxable","25":"shipping-taxable","26":"purchasable","27":"product-type-variable","28":"wvs-archive-product-wrapper"},"acf":[],"yoast_head":"<!-- This site is optimized with the Yoast SEO plugin v26.8 - https:\/\/yoast.com\/product\/yoast-seo-wordpress\/ -->\n<title>Desigual Pant Short mujer - Pantalones cortos para mujer - MioMioRun<\/title>\n<meta name=\"description\" content=\"Los pantalones de running Desigual Pant Short son ideales para sesiones de entrenamiento intensas y destacan por sus llamativos estampados florales.\" \/>\n<meta name=\"robots\" content=\"index, follow, max-snippet:-1, max-image-preview:large, max-video-preview:-1\" \/>\n<link rel=\"canonical\" href=\"https:\/\/www.miomiorun.com\/es\/producto\/desigual-pant-short-mujer\/\" \/>\n<meta property=\"og:locale\" content=\"es_ES\" \/>\n<meta property=\"og:type\" content=\"article\" \/>\n<meta property=\"og:title\" content=\"Desigual Pant Short mujer - Pantalones cortos para mujer - MioMioRun\" \/>\n<meta property=\"og:description\" content=\"Los pantalones de running Desigual Pant Short son ideales para sesiones de entrenamiento intensas y destacan por sus llamativos estampados florales.\" \/>\n<meta property=\"og:url\" content=\"https:\/\/www.miomiorun.com\/es\/producto\/desigual-pant-short-mujer\/\" \/>\n<meta property=\"og:site_name\" content=\"MioMioRun\" \/>\n<meta property=\"article:publisher\" content=\"https:\/\/www.facebook.com\/miomiorun\/\" \/>\n<meta property=\"article:modified_time\" content=\"2026-04-29T09:16:32+00:00\" \/>\n<meta property=\"og:image\" content=\"https:\/\/www.miomiorun.com\/app\/uploads\/2020\/03\/Desigual-Pant-Short-71p2sa1.jpg\" \/>\n\t<meta property=\"og:image:width\" content=\"595\" \/>\n\t<meta property=\"og:image:height\" content=\"595\" \/>\n\t<meta property=\"og:image:type\" content=\"image\/jpeg\" \/>\n<meta name=\"twitter:card\" content=\"summary_large_image\" \/>\n<script type=\"application\/ld+json\" class=\"yoast-schema-graph\">{\"@context\":\"https:\/\/schema.org\",\"@graph\":[{\"@type\":\"WebPage\",\"@id\":\"https:\/\/www.miomiorun.com\/es\/producto\/desigual-pant-short-mujer\/\",\"url\":\"https:\/\/www.miomiorun.com\/es\/producto\/desigual-pant-short-mujer\/\",\"name\":\"Desigual Pant Short mujer - Pantalones cortos para mujer - MioMioRun\",\"isPartOf\":{\"@id\":\"https:\/\/www.miomiorun.com\/es\/#website\"},\"primaryImageOfPage\":{\"@id\":\"https:\/\/www.miomiorun.com\/es\/producto\/desigual-pant-short-mujer\/#primaryimage\"},\"image\":{\"@id\":\"https:\/\/www.miomiorun.com\/es\/producto\/desigual-pant-short-mujer\/#primaryimage\"},\"thumbnailUrl\":\"https:\/\/www.miomiorun.com\/app\/uploads\/2020\/03\/Desigual-Pant-Short-71p2sa1.jpg\",\"datePublished\":\"2020-03-24T08:43:28+00:00\",\"dateModified\":\"2026-04-29T09:16:32+00:00\",\"description\":\"Los pantalones de running Desigual Pant Short son ideales para sesiones de entrenamiento intensas y destacan por sus llamativos estampados florales.\",\"breadcrumb\":{\"@id\":\"https:\/\/www.miomiorun.com\/es\/producto\/desigual-pant-short-mujer\/#breadcrumb\"},\"inLanguage\":\"es-ES\",\"potentialAction\":[{\"@type\":\"ReadAction\",\"target\":[\"https:\/\/www.miomiorun.com\/es\/producto\/desigual-pant-short-mujer\/\"]}]},{\"@type\":\"ImageObject\",\"inLanguage\":\"es-ES\",\"@id\":\"https:\/\/www.miomiorun.com\/es\/producto\/desigual-pant-short-mujer\/#primaryimage\",\"url\":\"https:\/\/www.miomiorun.com\/app\/uploads\/2020\/03\/Desigual-Pant-Short-71p2sa1.jpg\",\"contentUrl\":\"https:\/\/www.miomiorun.com\/app\/uploads\/2020\/03\/Desigual-Pant-Short-71p2sa1.jpg\",\"width\":595,\"height\":595,\"caption\":\"Desigual-Pant-Short-71p2sa1\"},{\"@type\":\"BreadcrumbList\",\"@id\":\"https:\/\/www.miomiorun.com\/es\/producto\/desigual-pant-short-mujer\/#breadcrumb\",\"itemListElement\":[{\"@type\":\"ListItem\",\"position\":1,\"name\":\"Home\",\"item\":\"https:\/\/www.miomiorun.com\/es\/\"},{\"@type\":\"ListItem\",\"position\":2,\"name\":\"Shop\",\"item\":\"https:\/\/www.miomiorun.com\/shop\/\"},{\"@type\":\"ListItem\",\"position\":3,\"name\":\"Pant Short mujer\"}]},{\"@type\":\"WebSite\",\"@id\":\"https:\/\/www.miomiorun.com\/es\/#website\",\"url\":\"https:\/\/www.miomiorun.com\/es\/\",\"name\":\"MioMioRun\",\"description\":\"Tienda 100% running y trail\",\"publisher\":{\"@id\":\"https:\/\/www.miomiorun.com\/es\/#organization\"},\"potentialAction\":[{\"@type\":\"SearchAction\",\"target\":{\"@type\":\"EntryPoint\",\"urlTemplate\":\"https:\/\/www.miomiorun.com\/es\/?s={search_term_string}\"},\"query-input\":{\"@type\":\"PropertyValueSpecification\",\"valueRequired\":true,\"valueName\":\"search_term_string\"}}],\"inLanguage\":\"es-ES\"},{\"@type\":\"Organization\",\"@id\":\"https:\/\/www.miomiorun.com\/es\/#organization\",\"name\":\"MioMio Run\",\"url\":\"https:\/\/www.miomiorun.com\/es\/\",\"logo\":{\"@type\":\"ImageObject\",\"inLanguage\":\"es-ES\",\"@id\":\"https:\/\/www.miomiorun.com\/es\/#\/schema\/logo\/image\/\",\"url\":\"https:\/\/www.miomiorun.com\/app\/uploads\/2019\/12\/logomio.png\",\"contentUrl\":\"https:\/\/www.miomiorun.com\/app\/uploads\/2019\/12\/logomio.png\",\"width\":115,\"height\":82,\"caption\":\"MioMio Run\"},\"image\":{\"@id\":\"https:\/\/www.miomiorun.com\/es\/#\/schema\/logo\/image\/\"},\"sameAs\":[\"https:\/\/www.facebook.com\/miomiorun\/\",\"https:\/\/www.instagram.com\/miomiorun\/\"]}]}<\/script>\n<!-- \/ Yoast SEO plugin. -->","yoast_head_json":{"title":"Desigual Pant Short mujer - Pantalones cortos para mujer - MioMioRun","description":"Los pantalones de running Desigual Pant Short son ideales para sesiones de entrenamiento intensas y destacan por sus llamativos estampados florales.","robots":{"index":"index","follow":"follow","max-snippet":"max-snippet:-1","max-image-preview":"max-image-preview:large","max-video-preview":"max-video-preview:-1"},"canonical":"https:\/\/www.miomiorun.com\/es\/producto\/desigual-pant-short-mujer\/","og_locale":"es_ES","og_type":"article","og_title":"Desigual Pant Short mujer - Pantalones cortos para mujer - MioMioRun","og_description":"Los pantalones de running Desigual Pant Short son ideales para sesiones de entrenamiento intensas y destacan por sus llamativos estampados florales.","og_url":"https:\/\/www.miomiorun.com\/es\/producto\/desigual-pant-short-mujer\/","og_site_name":"MioMioRun","article_publisher":"https:\/\/www.facebook.com\/miomiorun\/","article_modified_time":"2026-04-29T09:16:32+00:00","og_image":[{"width":595,"height":595,"url":"https:\/\/www.miomiorun.com\/app\/uploads\/2020\/03\/Desigual-Pant-Short-71p2sa1.jpg","type":"image\/jpeg"}],"twitter_card":"summary_large_image","schema":{"@context":"https:\/\/schema.org","@graph":[{"@type":"WebPage","@id":"https:\/\/www.miomiorun.com\/es\/producto\/desigual-pant-short-mujer\/","url":"https:\/\/www.miomiorun.com\/es\/producto\/desigual-pant-short-mujer\/","name":"Desigual Pant Short mujer - Pantalones cortos para mujer - MioMioRun","isPartOf":{"@id":"https:\/\/www.miomiorun.com\/es\/#website"},"primaryImageOfPage":{"@id":"https:\/\/www.miomiorun.com\/es\/producto\/desigual-pant-short-mujer\/#primaryimage"},"image":{"@id":"https:\/\/www.miomiorun.com\/es\/producto\/desigual-pant-short-mujer\/#primaryimage"},"thumbnailUrl":"https:\/\/www.miomiorun.com\/app\/uploads\/2020\/03\/Desigual-Pant-Short-71p2sa1.jpg","datePublished":"2020-03-24T08:43:28+00:00","dateModified":"2026-04-29T09:16:32+00:00","description":"Los pantalones de running Desigual Pant Short son ideales para sesiones de entrenamiento intensas y destacan por sus llamativos estampados florales.","breadcrumb":{"@id":"https:\/\/www.miomiorun.com\/es\/producto\/desigual-pant-short-mujer\/#breadcrumb"},"inLanguage":"es-ES","potentialAction":[{"@type":"ReadAction","target":["https:\/\/www.miomiorun.com\/es\/producto\/desigual-pant-short-mujer\/"]}]},{"@type":"ImageObject","inLanguage":"es-ES","@id":"https:\/\/www.miomiorun.com\/es\/producto\/desigual-pant-short-mujer\/#primaryimage","url":"https:\/\/www.miomiorun.com\/app\/uploads\/2020\/03\/Desigual-Pant-Short-71p2sa1.jpg","contentUrl":"https:\/\/www.miomiorun.com\/app\/uploads\/2020\/03\/Desigual-Pant-Short-71p2sa1.jpg","width":595,"height":595,"caption":"Desigual-Pant-Short-71p2sa1"},{"@type":"BreadcrumbList","@id":"https:\/\/www.miomiorun.com\/es\/producto\/desigual-pant-short-mujer\/#breadcrumb","itemListElement":[{"@type":"ListItem","position":1,"name":"Home","item":"https:\/\/www.miomiorun.com\/es\/"},{"@type":"ListItem","position":2,"name":"Shop","item":"https:\/\/www.miomiorun.com\/shop\/"},{"@type":"ListItem","position":3,"name":"Pant Short mujer"}]},{"@type":"WebSite","@id":"https:\/\/www.miomiorun.com\/es\/#website","url":"https:\/\/www.miomiorun.com\/es\/","name":"MioMioRun","description":"Tienda 100% running y trail","publisher":{"@id":"https:\/\/www.miomiorun.com\/es\/#organization"},"potentialAction":[{"@type":"SearchAction","target":{"@type":"EntryPoint","urlTemplate":"https:\/\/www.miomiorun.com\/es\/?s={search_term_string}"},"query-input":{"@type":"PropertyValueSpecification","valueRequired":true,"valueName":"search_term_string"}}],"inLanguage":"es-ES"},{"@type":"Organization","@id":"https:\/\/www.miomiorun.com\/es\/#organization","name":"MioMio Run","url":"https:\/\/www.miomiorun.com\/es\/","logo":{"@type":"ImageObject","inLanguage":"es-ES","@id":"https:\/\/www.miomiorun.com\/es\/#\/schema\/logo\/image\/","url":"https:\/\/www.miomiorun.com\/app\/uploads\/2019\/12\/logomio.png","contentUrl":"https:\/\/www.miomiorun.com\/app\/uploads\/2019\/12\/logomio.png","width":115,"height":82,"caption":"MioMio Run"},"image":{"@id":"https:\/\/www.miomiorun.com\/es\/#\/schema\/logo\/image\/"},"sameAs":["https:\/\/www.facebook.com\/miomiorun\/","https:\/\/www.instagram.com\/miomiorun\/"]}]}},"_links":{"self":[{"href":"https:\/\/www.miomiorun.com\/es\/wp-json\/wp\/v2\/product\/274938","targetHints":{"allow":["GET"]}}],"collection":[{"href":"https:\/\/www.miomiorun.com\/es\/wp-json\/wp\/v2\/product"}],"about":[{"href":"https:\/\/www.miomiorun.com\/es\/wp-json\/wp\/v2\/types\/product"}],"wp:featuredmedia":[{"embeddable":true,"href":"https:\/\/www.miomiorun.com\/es\/wp-json\/wp\/v2\/media\/229532"}],"wp:attachment":[{"href":"https:\/\/www.miomiorun.com\/es\/wp-json\/wp\/v2\/media?parent=274938"}],"wp:term":[{"taxonomy":"product_brand","embeddable":true,"href":"https:\/\/www.miomiorun.com\/es\/wp-json\/wp\/v2\/product_brand?post=274938"},{"taxonomy":"product_cat","embeddable":true,"href":"https:\/\/www.miomiorun.com\/es\/wp-json\/wp\/v2\/product_cat?post=274938"},{"taxonomy":"product_tag","embeddable":true,"href":"https:\/\/www.miomiorun.com\/es\/wp-json\/wp\/v2\/product_tag?post=274938"}],"curies":[{"name":"wp","href":"https:\/\/api.w.org\/{rel}","templated":true}]}}