{"id":274918,"date":"2020-03-24T09:43:20","date_gmt":"2020-03-24T08:43:20","guid":{"rendered":"https:\/\/miomiorun.com\/prodotto\/desigual-tank-top-donna\/"},"modified":"2026-04-29T11:15:32","modified_gmt":"2026-04-29T09:15:32","slug":"desigual-tank-top-mujer","status":"publish","type":"product","link":"https:\/\/www.miomiorun.com\/es\/producto\/desigual-tank-top-mujer\/","title":{"rendered":"Tank Top mujer"},"content":{"rendered":"<p>La camiseta sin mangas para correr Desigual Tank Top es transpirable y el\u00e1stica. Las inserciones de malla, estrat\u00e9gicamente situadas, facilitan la transpiraci\u00f3n.<\/p>\n<p>Esta camiseta sin mangas forma parte de la l\u00ednea Garden, compuesta por prendas que se caracterizan por sus delicados estampados florales.<\/p>\n<p>Detalles:<\/p>\n<p>Escote amplio<\/p>\n<p>Cruzado al estilo americano en la espalda para una mayor libertad de movimiento<\/p>\n<p>Estampado integral<\/p>\n<p>Logotipo de Desigual estampado en el pecho<\/p>\n<p>Tejido: 88 % poli\u00e9ster, 12 % elastano<\/p>\n","protected":false},"excerpt":{"rendered":"<p>La camiseta sin mangas para correr Desigual Tank Top es transpirable y el\u00e1stica. Las inserciones de malla, estrat\u00e9gicamente situadas, facilitan la transpiraci\u00f3n. Esta camiseta sin mangas forma parte de la l\u00ednea Garden, compuesta por prendas que se caracterizan por sus delicados estampados florales. Detalles: Escote amplio Cruzado al estilo americano en la espalda para una &hellip; <a href=\"https:\/\/www.miomiorun.com\/es\/producto\/desigual-tank-top-mujer\/\">Continued<\/a><\/p>\n","protected":false},"featured_media":229546,"template":"","meta":{"_acf_changed":false,"inline_featured_image":false},"product_brand":[],"product_cat":[24421,24420,24244],"product_tag":[23486,23644],"class_list":{"0":"post-274918","1":"product","2":"type-product","3":"status-publish","4":"has-post-thumbnail","6":"product_cat-chalecos-es","7":"product_cat-ropa-de-mujer-es","8":"product_cat-ofertas-para-mujeres","9":"product_tag-desigual-es","10":"product_tag-desigual-mujer","11":"pa_attivita-running-es","12":"pa_colore-desigual-tank-71t2sa7-es","13":"pa_marca-desigual-es","14":"pa_sesso-mujer","15":"pa_size-medium-es","17":"first","18":"instock","19":"sale","20":"taxable","21":"shipping-taxable","22":"purchasable","23":"product-type-variable","24":"wvs-archive-product-wrapper"},"acf":[],"yoast_head":"<!-- This site is optimized with the Yoast SEO plugin v26.8 - https:\/\/yoast.com\/product\/yoast-seo-wordpress\/ -->\n<title>Desigual Tank Top mujer - Camiseta sin mangas para correr - MioMioRun<\/title>\n<meta name=\"description\" content=\"La camiseta sin mangas para correr Desigual Tank Top es transpirable y el\u00e1stica. Los insertos de malla, estrat\u00e9gicamente situados, facilitan la transpiraci\u00f3n.\" \/>\n<meta name=\"robots\" content=\"index, follow, max-snippet:-1, max-image-preview:large, max-video-preview:-1\" \/>\n<link rel=\"canonical\" href=\"https:\/\/www.miomiorun.com\/es\/producto\/desigual-tank-top-mujer\/\" \/>\n<meta property=\"og:locale\" content=\"es_ES\" \/>\n<meta property=\"og:type\" content=\"article\" \/>\n<meta property=\"og:title\" content=\"Desigual Tank Top mujer - Camiseta sin mangas para correr - MioMioRun\" \/>\n<meta property=\"og:description\" content=\"La camiseta sin mangas para correr Desigual Tank Top es transpirable y el\u00e1stica. Los insertos de malla, estrat\u00e9gicamente situados, facilitan la transpiraci\u00f3n.\" \/>\n<meta property=\"og:url\" content=\"https:\/\/www.miomiorun.com\/es\/producto\/desigual-tank-top-mujer\/\" \/>\n<meta property=\"og:site_name\" content=\"MioMioRun\" \/>\n<meta property=\"article:publisher\" content=\"https:\/\/www.facebook.com\/miomiorun\/\" \/>\n<meta property=\"article:modified_time\" content=\"2026-04-29T09:15:32+00:00\" \/>\n<meta property=\"og:image\" content=\"https:\/\/www.miomiorun.com\/app\/uploads\/2020\/03\/Desigual-Tank-71t2sa7.jpg\" \/>\n\t<meta property=\"og:image:width\" content=\"595\" \/>\n\t<meta property=\"og:image:height\" content=\"595\" \/>\n\t<meta property=\"og:image:type\" content=\"image\/jpeg\" \/>\n<meta name=\"twitter:card\" content=\"summary_large_image\" \/>\n<script type=\"application\/ld+json\" class=\"yoast-schema-graph\">{\"@context\":\"https:\/\/schema.org\",\"@graph\":[{\"@type\":\"WebPage\",\"@id\":\"https:\/\/www.miomiorun.com\/es\/producto\/desigual-tank-top-mujer\/\",\"url\":\"https:\/\/www.miomiorun.com\/es\/producto\/desigual-tank-top-mujer\/\",\"name\":\"Desigual Tank Top mujer - Camiseta sin mangas para correr - MioMioRun\",\"isPartOf\":{\"@id\":\"https:\/\/www.miomiorun.com\/es\/#website\"},\"primaryImageOfPage\":{\"@id\":\"https:\/\/www.miomiorun.com\/es\/producto\/desigual-tank-top-mujer\/#primaryimage\"},\"image\":{\"@id\":\"https:\/\/www.miomiorun.com\/es\/producto\/desigual-tank-top-mujer\/#primaryimage\"},\"thumbnailUrl\":\"https:\/\/www.miomiorun.com\/app\/uploads\/2020\/03\/Desigual-Tank-71t2sa7.jpg\",\"datePublished\":\"2020-03-24T08:43:20+00:00\",\"dateModified\":\"2026-04-29T09:15:32+00:00\",\"description\":\"La camiseta sin mangas para correr Desigual Tank Top es transpirable y el\u00e1stica. Los insertos de malla, estrat\u00e9gicamente situados, facilitan la transpiraci\u00f3n.\",\"breadcrumb\":{\"@id\":\"https:\/\/www.miomiorun.com\/es\/producto\/desigual-tank-top-mujer\/#breadcrumb\"},\"inLanguage\":\"es-ES\",\"potentialAction\":[{\"@type\":\"ReadAction\",\"target\":[\"https:\/\/www.miomiorun.com\/es\/producto\/desigual-tank-top-mujer\/\"]}]},{\"@type\":\"ImageObject\",\"inLanguage\":\"es-ES\",\"@id\":\"https:\/\/www.miomiorun.com\/es\/producto\/desigual-tank-top-mujer\/#primaryimage\",\"url\":\"https:\/\/www.miomiorun.com\/app\/uploads\/2020\/03\/Desigual-Tank-71t2sa7.jpg\",\"contentUrl\":\"https:\/\/www.miomiorun.com\/app\/uploads\/2020\/03\/Desigual-Tank-71t2sa7.jpg\",\"width\":595,\"height\":595,\"caption\":\"Desigual-Tank-71t2sa7\"},{\"@type\":\"BreadcrumbList\",\"@id\":\"https:\/\/www.miomiorun.com\/es\/producto\/desigual-tank-top-mujer\/#breadcrumb\",\"itemListElement\":[{\"@type\":\"ListItem\",\"position\":1,\"name\":\"Home\",\"item\":\"https:\/\/www.miomiorun.com\/es\/\"},{\"@type\":\"ListItem\",\"position\":2,\"name\":\"Shop\",\"item\":\"https:\/\/www.miomiorun.com\/shop\/\"},{\"@type\":\"ListItem\",\"position\":3,\"name\":\"Tank Top mujer\"}]},{\"@type\":\"WebSite\",\"@id\":\"https:\/\/www.miomiorun.com\/es\/#website\",\"url\":\"https:\/\/www.miomiorun.com\/es\/\",\"name\":\"MioMioRun\",\"description\":\"Tienda 100% running y trail\",\"publisher\":{\"@id\":\"https:\/\/www.miomiorun.com\/es\/#organization\"},\"potentialAction\":[{\"@type\":\"SearchAction\",\"target\":{\"@type\":\"EntryPoint\",\"urlTemplate\":\"https:\/\/www.miomiorun.com\/es\/?s={search_term_string}\"},\"query-input\":{\"@type\":\"PropertyValueSpecification\",\"valueRequired\":true,\"valueName\":\"search_term_string\"}}],\"inLanguage\":\"es-ES\"},{\"@type\":\"Organization\",\"@id\":\"https:\/\/www.miomiorun.com\/es\/#organization\",\"name\":\"MioMio Run\",\"url\":\"https:\/\/www.miomiorun.com\/es\/\",\"logo\":{\"@type\":\"ImageObject\",\"inLanguage\":\"es-ES\",\"@id\":\"https:\/\/www.miomiorun.com\/es\/#\/schema\/logo\/image\/\",\"url\":\"https:\/\/www.miomiorun.com\/app\/uploads\/2019\/12\/logomio.png\",\"contentUrl\":\"https:\/\/www.miomiorun.com\/app\/uploads\/2019\/12\/logomio.png\",\"width\":115,\"height\":82,\"caption\":\"MioMio Run\"},\"image\":{\"@id\":\"https:\/\/www.miomiorun.com\/es\/#\/schema\/logo\/image\/\"},\"sameAs\":[\"https:\/\/www.facebook.com\/miomiorun\/\",\"https:\/\/www.instagram.com\/miomiorun\/\"]}]}<\/script>\n<!-- \/ Yoast SEO plugin. -->","yoast_head_json":{"title":"Desigual Tank Top mujer - Camiseta sin mangas para correr - MioMioRun","description":"La camiseta sin mangas para correr Desigual Tank Top es transpirable y el\u00e1stica. Los insertos de malla, estrat\u00e9gicamente situados, facilitan la transpiraci\u00f3n.","robots":{"index":"index","follow":"follow","max-snippet":"max-snippet:-1","max-image-preview":"max-image-preview:large","max-video-preview":"max-video-preview:-1"},"canonical":"https:\/\/www.miomiorun.com\/es\/producto\/desigual-tank-top-mujer\/","og_locale":"es_ES","og_type":"article","og_title":"Desigual Tank Top mujer - Camiseta sin mangas para correr - MioMioRun","og_description":"La camiseta sin mangas para correr Desigual Tank Top es transpirable y el\u00e1stica. Los insertos de malla, estrat\u00e9gicamente situados, facilitan la transpiraci\u00f3n.","og_url":"https:\/\/www.miomiorun.com\/es\/producto\/desigual-tank-top-mujer\/","og_site_name":"MioMioRun","article_publisher":"https:\/\/www.facebook.com\/miomiorun\/","article_modified_time":"2026-04-29T09:15:32+00:00","og_image":[{"width":595,"height":595,"url":"https:\/\/www.miomiorun.com\/app\/uploads\/2020\/03\/Desigual-Tank-71t2sa7.jpg","type":"image\/jpeg"}],"twitter_card":"summary_large_image","schema":{"@context":"https:\/\/schema.org","@graph":[{"@type":"WebPage","@id":"https:\/\/www.miomiorun.com\/es\/producto\/desigual-tank-top-mujer\/","url":"https:\/\/www.miomiorun.com\/es\/producto\/desigual-tank-top-mujer\/","name":"Desigual Tank Top mujer - Camiseta sin mangas para correr - MioMioRun","isPartOf":{"@id":"https:\/\/www.miomiorun.com\/es\/#website"},"primaryImageOfPage":{"@id":"https:\/\/www.miomiorun.com\/es\/producto\/desigual-tank-top-mujer\/#primaryimage"},"image":{"@id":"https:\/\/www.miomiorun.com\/es\/producto\/desigual-tank-top-mujer\/#primaryimage"},"thumbnailUrl":"https:\/\/www.miomiorun.com\/app\/uploads\/2020\/03\/Desigual-Tank-71t2sa7.jpg","datePublished":"2020-03-24T08:43:20+00:00","dateModified":"2026-04-29T09:15:32+00:00","description":"La camiseta sin mangas para correr Desigual Tank Top es transpirable y el\u00e1stica. Los insertos de malla, estrat\u00e9gicamente situados, facilitan la transpiraci\u00f3n.","breadcrumb":{"@id":"https:\/\/www.miomiorun.com\/es\/producto\/desigual-tank-top-mujer\/#breadcrumb"},"inLanguage":"es-ES","potentialAction":[{"@type":"ReadAction","target":["https:\/\/www.miomiorun.com\/es\/producto\/desigual-tank-top-mujer\/"]}]},{"@type":"ImageObject","inLanguage":"es-ES","@id":"https:\/\/www.miomiorun.com\/es\/producto\/desigual-tank-top-mujer\/#primaryimage","url":"https:\/\/www.miomiorun.com\/app\/uploads\/2020\/03\/Desigual-Tank-71t2sa7.jpg","contentUrl":"https:\/\/www.miomiorun.com\/app\/uploads\/2020\/03\/Desigual-Tank-71t2sa7.jpg","width":595,"height":595,"caption":"Desigual-Tank-71t2sa7"},{"@type":"BreadcrumbList","@id":"https:\/\/www.miomiorun.com\/es\/producto\/desigual-tank-top-mujer\/#breadcrumb","itemListElement":[{"@type":"ListItem","position":1,"name":"Home","item":"https:\/\/www.miomiorun.com\/es\/"},{"@type":"ListItem","position":2,"name":"Shop","item":"https:\/\/www.miomiorun.com\/shop\/"},{"@type":"ListItem","position":3,"name":"Tank Top mujer"}]},{"@type":"WebSite","@id":"https:\/\/www.miomiorun.com\/es\/#website","url":"https:\/\/www.miomiorun.com\/es\/","name":"MioMioRun","description":"Tienda 100% running y trail","publisher":{"@id":"https:\/\/www.miomiorun.com\/es\/#organization"},"potentialAction":[{"@type":"SearchAction","target":{"@type":"EntryPoint","urlTemplate":"https:\/\/www.miomiorun.com\/es\/?s={search_term_string}"},"query-input":{"@type":"PropertyValueSpecification","valueRequired":true,"valueName":"search_term_string"}}],"inLanguage":"es-ES"},{"@type":"Organization","@id":"https:\/\/www.miomiorun.com\/es\/#organization","name":"MioMio Run","url":"https:\/\/www.miomiorun.com\/es\/","logo":{"@type":"ImageObject","inLanguage":"es-ES","@id":"https:\/\/www.miomiorun.com\/es\/#\/schema\/logo\/image\/","url":"https:\/\/www.miomiorun.com\/app\/uploads\/2019\/12\/logomio.png","contentUrl":"https:\/\/www.miomiorun.com\/app\/uploads\/2019\/12\/logomio.png","width":115,"height":82,"caption":"MioMio Run"},"image":{"@id":"https:\/\/www.miomiorun.com\/es\/#\/schema\/logo\/image\/"},"sameAs":["https:\/\/www.facebook.com\/miomiorun\/","https:\/\/www.instagram.com\/miomiorun\/"]}]}},"_links":{"self":[{"href":"https:\/\/www.miomiorun.com\/es\/wp-json\/wp\/v2\/product\/274918","targetHints":{"allow":["GET"]}}],"collection":[{"href":"https:\/\/www.miomiorun.com\/es\/wp-json\/wp\/v2\/product"}],"about":[{"href":"https:\/\/www.miomiorun.com\/es\/wp-json\/wp\/v2\/types\/product"}],"wp:featuredmedia":[{"embeddable":true,"href":"https:\/\/www.miomiorun.com\/es\/wp-json\/wp\/v2\/media\/229546"}],"wp:attachment":[{"href":"https:\/\/www.miomiorun.com\/es\/wp-json\/wp\/v2\/media?parent=274918"}],"wp:term":[{"taxonomy":"product_brand","embeddable":true,"href":"https:\/\/www.miomiorun.com\/es\/wp-json\/wp\/v2\/product_brand?post=274918"},{"taxonomy":"product_cat","embeddable":true,"href":"https:\/\/www.miomiorun.com\/es\/wp-json\/wp\/v2\/product_cat?post=274918"},{"taxonomy":"product_tag","embeddable":true,"href":"https:\/\/www.miomiorun.com\/es\/wp-json\/wp\/v2\/product_tag?post=274918"}],"curies":[{"name":"wp","href":"https:\/\/api.w.org\/{rel}","templated":true}]}}