{"id":274818,"date":"2020-03-31T17:27:21","date_gmt":"2020-03-31T15:27:21","guid":{"rendered":"https:\/\/miomiorun.com\/prodotto\/stance-medium-crew\/"},"modified":"2026-04-29T11:32:48","modified_gmt":"2026-04-29T09:32:48","slug":"stance-medium-crew","status":"publish","type":"product","link":"https:\/\/www.miomiorun.com\/es\/producto\/stance-medium-crew\/","title":{"rendered":"Medium Crew"},"content":{"rendered":"<p><span style=\"font-weight: 400\">Los calcetines Stance Medium Crew tienen una altura cl\u00e1sica de unos 20 cm por encima del tobillo y un grosor medio, lo que proporciona una amortiguaci\u00f3n adicional en todo el calcet\u00edn para un ajuste m\u00e1s seguro y c\u00f3modo, con mayor protecci\u00f3n contra los impactos.<\/span><\/p>\n<p><span style=\"font-weight: 400\">CARACTER\u00cdSTICAS<\/span><\/p>\n<p>&nbsp;<\/p>\n<ul>\n<li style=\"font-weight: 400\"><span style=\"font-weight: 400\">Logotipo reflectante para una mayor visibilidad<\/span><\/li>\n<li style=\"font-weight: 400\"><span style=\"font-weight: 400\">Malla transpirable<\/span><\/li>\n<li style=\"font-weight: 400\"><span style=\"font-weight: 400\">Amortiguaci\u00f3n de espuma ligera<\/span><\/li>\n<li style=\"font-weight: 400\"><span style=\"font-weight: 400\">Soporte del arco plantar espec\u00edfico para pie izquierdo\/derecho<\/span><\/li>\n<li style=\"font-weight: 400\"><span style=\"font-weight: 400\">Puntera y tal\u00f3n reforzados<\/span><\/li>\n<li style=\"font-weight: 400\"><span style=\"font-weight: 400\">Tecnolog\u00eda FEEL360 \u2122<\/span><\/li>\n<\/ul>\n<p><span style=\"font-weight: 400\">CUIDADO DEL PRODUCTO<\/span><\/p>\n<ul>\n<li style=\"font-weight: 400\"><span style=\"font-weight: 400\">Lavar a m\u00e1quina a 40 \u00b0C<\/span><\/li>\n<li style=\"font-weight: 400\"><span style=\"font-weight: 400\">Evitar el uso de lej\u00eda o planchar<\/span><\/li>\n<li style=\"font-weight: 400\"><span style=\"font-weight: 400\">Los calcetines durar\u00e1n m\u00e1s si no los metes en la secadora<\/span><\/li>\n<\/ul>\n","protected":false},"excerpt":{"rendered":"<p>Elige la talla y el color para descubrir las caracter\u00edsticas de los distintos modelos disponibles<\/p>\n","protected":false},"featured_media":229664,"template":"","meta":{"_acf_changed":false,"inline_featured_image":false},"product_brand":[],"product_cat":[24400,24462,24463,24401,24464,24402],"product_tag":[23537,23576,23616],"class_list":{"0":"post-274818","1":"product","2":"type-product","3":"status-publish","4":"has-post-thumbnail","6":"product_cat-calcetines","7":"product_cat-calcetines-es-2","8":"product_cat-ropa-de-hombre-es","9":"product_cat-ropa-de-mujer","10":"product_cat-hombre","11":"product_cat-mujer","12":"product_tag-stance-es","13":"product_tag-stance-hombre","14":"product_tag-stance-mujer","15":"pa_attivita-caminar","16":"pa_attivita-outdoor-es","17":"pa_attivita-running-es","18":"pa_attivita-trail-es","19":"pa_colore-anti-gravity-crew-es","20":"pa_colore-deleon-crew-multi-es","21":"pa_colore-exchange-crew-es","22":"pa_colore-motivation-crew-w-purple-es","23":"pa_colore-xwing-w-crew-es","24":"pa_marca-stance-es","25":"pa_sesso-hombre","26":"pa_sesso-mujer","27":"pa_size-35-37-es","28":"pa_size-38-42-es","30":"first","31":"instock","32":"sale","33":"taxable","34":"shipping-taxable","35":"purchasable","36":"product-type-variable","37":"wvs-archive-product-wrapper"},"acf":[],"yoast_head":"<!-- This site is optimized with the Yoast SEO plugin v26.8 - https:\/\/yoast.com\/product\/yoast-seo-wordpress\/ -->\n<title>Stance Medium Crew - Calcetines para correr - MioMioRun.com<\/title>\n<meta name=\"description\" content=\"Los calcetines Stance Medium Crew tienen una altura de unos 20 cm por encima del tobillo y un grosor medio, lo que les confiere amortiguaci\u00f3n y un ajuste m\u00e1s seguro y c\u00f3modo.\" \/>\n<meta name=\"robots\" content=\"index, follow, max-snippet:-1, max-image-preview:large, max-video-preview:-1\" \/>\n<link rel=\"canonical\" href=\"https:\/\/www.miomiorun.com\/es\/producto\/stance-medium-crew\/\" \/>\n<meta property=\"og:locale\" content=\"es_ES\" \/>\n<meta property=\"og:type\" content=\"article\" \/>\n<meta property=\"og:title\" content=\"Stance Medium Crew - Calcetines para correr - MioMioRun.com\" \/>\n<meta property=\"og:description\" content=\"Los calcetines Stance Medium Crew tienen una altura de unos 20 cm por encima del tobillo y un grosor medio, lo que les confiere amortiguaci\u00f3n y un ajuste m\u00e1s seguro y c\u00f3modo.\" \/>\n<meta property=\"og:url\" content=\"https:\/\/www.miomiorun.com\/es\/producto\/stance-medium-crew\/\" \/>\n<meta property=\"og:site_name\" content=\"MioMioRun\" \/>\n<meta property=\"article:publisher\" content=\"https:\/\/www.facebook.com\/miomiorun\/\" \/>\n<meta property=\"article:modified_time\" content=\"2026-04-29T09:32:48+00:00\" \/>\n<meta property=\"og:image\" content=\"https:\/\/www.miomiorun.com\/app\/uploads\/2020\/04\/Anti-gravity-crew.jpg\" \/>\n\t<meta property=\"og:image:width\" content=\"600\" \/>\n\t<meta property=\"og:image:height\" content=\"600\" \/>\n\t<meta property=\"og:image:type\" content=\"image\/jpeg\" \/>\n<meta name=\"twitter:card\" content=\"summary_large_image\" \/>\n<meta name=\"twitter:label1\" content=\"Est. reading time\" \/>\n\t<meta name=\"twitter:data1\" content=\"1 minute\" \/>\n<script type=\"application\/ld+json\" class=\"yoast-schema-graph\">{\"@context\":\"https:\/\/schema.org\",\"@graph\":[{\"@type\":\"WebPage\",\"@id\":\"https:\/\/www.miomiorun.com\/es\/producto\/stance-medium-crew\/\",\"url\":\"https:\/\/www.miomiorun.com\/es\/producto\/stance-medium-crew\/\",\"name\":\"Stance Medium Crew - Calcetines para correr - MioMioRun.com\",\"isPartOf\":{\"@id\":\"https:\/\/www.miomiorun.com\/es\/#website\"},\"primaryImageOfPage\":{\"@id\":\"https:\/\/www.miomiorun.com\/es\/producto\/stance-medium-crew\/#primaryimage\"},\"image\":{\"@id\":\"https:\/\/www.miomiorun.com\/es\/producto\/stance-medium-crew\/#primaryimage\"},\"thumbnailUrl\":\"https:\/\/www.miomiorun.com\/app\/uploads\/2020\/04\/Anti-gravity-crew.jpg\",\"datePublished\":\"2020-03-31T15:27:21+00:00\",\"dateModified\":\"2026-04-29T09:32:48+00:00\",\"description\":\"Los calcetines Stance Medium Crew tienen una altura de unos 20 cm por encima del tobillo y un grosor medio, lo que les confiere amortiguaci\u00f3n y un ajuste m\u00e1s seguro y c\u00f3modo.\",\"breadcrumb\":{\"@id\":\"https:\/\/www.miomiorun.com\/es\/producto\/stance-medium-crew\/#breadcrumb\"},\"inLanguage\":\"es-ES\",\"potentialAction\":[{\"@type\":\"ReadAction\",\"target\":[\"https:\/\/www.miomiorun.com\/es\/producto\/stance-medium-crew\/\"]}]},{\"@type\":\"ImageObject\",\"inLanguage\":\"es-ES\",\"@id\":\"https:\/\/www.miomiorun.com\/es\/producto\/stance-medium-crew\/#primaryimage\",\"url\":\"https:\/\/www.miomiorun.com\/app\/uploads\/2020\/04\/Anti-gravity-crew.jpg\",\"contentUrl\":\"https:\/\/www.miomiorun.com\/app\/uploads\/2020\/04\/Anti-gravity-crew.jpg\",\"width\":600,\"height\":600,\"caption\":\"Anti-gravity-crew\"},{\"@type\":\"BreadcrumbList\",\"@id\":\"https:\/\/www.miomiorun.com\/es\/producto\/stance-medium-crew\/#breadcrumb\",\"itemListElement\":[{\"@type\":\"ListItem\",\"position\":1,\"name\":\"Home\",\"item\":\"https:\/\/www.miomiorun.com\/es\/\"},{\"@type\":\"ListItem\",\"position\":2,\"name\":\"Shop\",\"item\":\"https:\/\/www.miomiorun.com\/shop\/\"},{\"@type\":\"ListItem\",\"position\":3,\"name\":\"Medium Crew\"}]},{\"@type\":\"WebSite\",\"@id\":\"https:\/\/www.miomiorun.com\/es\/#website\",\"url\":\"https:\/\/www.miomiorun.com\/es\/\",\"name\":\"MioMioRun\",\"description\":\"Tienda 100% running y trail\",\"publisher\":{\"@id\":\"https:\/\/www.miomiorun.com\/es\/#organization\"},\"potentialAction\":[{\"@type\":\"SearchAction\",\"target\":{\"@type\":\"EntryPoint\",\"urlTemplate\":\"https:\/\/www.miomiorun.com\/es\/?s={search_term_string}\"},\"query-input\":{\"@type\":\"PropertyValueSpecification\",\"valueRequired\":true,\"valueName\":\"search_term_string\"}}],\"inLanguage\":\"es-ES\"},{\"@type\":\"Organization\",\"@id\":\"https:\/\/www.miomiorun.com\/es\/#organization\",\"name\":\"MioMio Run\",\"url\":\"https:\/\/www.miomiorun.com\/es\/\",\"logo\":{\"@type\":\"ImageObject\",\"inLanguage\":\"es-ES\",\"@id\":\"https:\/\/www.miomiorun.com\/es\/#\/schema\/logo\/image\/\",\"url\":\"https:\/\/www.miomiorun.com\/app\/uploads\/2019\/12\/logomio.png\",\"contentUrl\":\"https:\/\/www.miomiorun.com\/app\/uploads\/2019\/12\/logomio.png\",\"width\":115,\"height\":82,\"caption\":\"MioMio Run\"},\"image\":{\"@id\":\"https:\/\/www.miomiorun.com\/es\/#\/schema\/logo\/image\/\"},\"sameAs\":[\"https:\/\/www.facebook.com\/miomiorun\/\",\"https:\/\/www.instagram.com\/miomiorun\/\"]}]}<\/script>\n<!-- \/ Yoast SEO plugin. -->","yoast_head_json":{"title":"Stance Medium Crew - Calcetines para correr - MioMioRun.com","description":"Los calcetines Stance Medium Crew tienen una altura de unos 20 cm por encima del tobillo y un grosor medio, lo que les confiere amortiguaci\u00f3n y un ajuste m\u00e1s seguro y c\u00f3modo.","robots":{"index":"index","follow":"follow","max-snippet":"max-snippet:-1","max-image-preview":"max-image-preview:large","max-video-preview":"max-video-preview:-1"},"canonical":"https:\/\/www.miomiorun.com\/es\/producto\/stance-medium-crew\/","og_locale":"es_ES","og_type":"article","og_title":"Stance Medium Crew - Calcetines para correr - MioMioRun.com","og_description":"Los calcetines Stance Medium Crew tienen una altura de unos 20 cm por encima del tobillo y un grosor medio, lo que les confiere amortiguaci\u00f3n y un ajuste m\u00e1s seguro y c\u00f3modo.","og_url":"https:\/\/www.miomiorun.com\/es\/producto\/stance-medium-crew\/","og_site_name":"MioMioRun","article_publisher":"https:\/\/www.facebook.com\/miomiorun\/","article_modified_time":"2026-04-29T09:32:48+00:00","og_image":[{"width":600,"height":600,"url":"https:\/\/www.miomiorun.com\/app\/uploads\/2020\/04\/Anti-gravity-crew.jpg","type":"image\/jpeg"}],"twitter_card":"summary_large_image","twitter_misc":{"Est. reading time":"1 minute"},"schema":{"@context":"https:\/\/schema.org","@graph":[{"@type":"WebPage","@id":"https:\/\/www.miomiorun.com\/es\/producto\/stance-medium-crew\/","url":"https:\/\/www.miomiorun.com\/es\/producto\/stance-medium-crew\/","name":"Stance Medium Crew - Calcetines para correr - MioMioRun.com","isPartOf":{"@id":"https:\/\/www.miomiorun.com\/es\/#website"},"primaryImageOfPage":{"@id":"https:\/\/www.miomiorun.com\/es\/producto\/stance-medium-crew\/#primaryimage"},"image":{"@id":"https:\/\/www.miomiorun.com\/es\/producto\/stance-medium-crew\/#primaryimage"},"thumbnailUrl":"https:\/\/www.miomiorun.com\/app\/uploads\/2020\/04\/Anti-gravity-crew.jpg","datePublished":"2020-03-31T15:27:21+00:00","dateModified":"2026-04-29T09:32:48+00:00","description":"Los calcetines Stance Medium Crew tienen una altura de unos 20 cm por encima del tobillo y un grosor medio, lo que les confiere amortiguaci\u00f3n y un ajuste m\u00e1s seguro y c\u00f3modo.","breadcrumb":{"@id":"https:\/\/www.miomiorun.com\/es\/producto\/stance-medium-crew\/#breadcrumb"},"inLanguage":"es-ES","potentialAction":[{"@type":"ReadAction","target":["https:\/\/www.miomiorun.com\/es\/producto\/stance-medium-crew\/"]}]},{"@type":"ImageObject","inLanguage":"es-ES","@id":"https:\/\/www.miomiorun.com\/es\/producto\/stance-medium-crew\/#primaryimage","url":"https:\/\/www.miomiorun.com\/app\/uploads\/2020\/04\/Anti-gravity-crew.jpg","contentUrl":"https:\/\/www.miomiorun.com\/app\/uploads\/2020\/04\/Anti-gravity-crew.jpg","width":600,"height":600,"caption":"Anti-gravity-crew"},{"@type":"BreadcrumbList","@id":"https:\/\/www.miomiorun.com\/es\/producto\/stance-medium-crew\/#breadcrumb","itemListElement":[{"@type":"ListItem","position":1,"name":"Home","item":"https:\/\/www.miomiorun.com\/es\/"},{"@type":"ListItem","position":2,"name":"Shop","item":"https:\/\/www.miomiorun.com\/shop\/"},{"@type":"ListItem","position":3,"name":"Medium Crew"}]},{"@type":"WebSite","@id":"https:\/\/www.miomiorun.com\/es\/#website","url":"https:\/\/www.miomiorun.com\/es\/","name":"MioMioRun","description":"Tienda 100% running y trail","publisher":{"@id":"https:\/\/www.miomiorun.com\/es\/#organization"},"potentialAction":[{"@type":"SearchAction","target":{"@type":"EntryPoint","urlTemplate":"https:\/\/www.miomiorun.com\/es\/?s={search_term_string}"},"query-input":{"@type":"PropertyValueSpecification","valueRequired":true,"valueName":"search_term_string"}}],"inLanguage":"es-ES"},{"@type":"Organization","@id":"https:\/\/www.miomiorun.com\/es\/#organization","name":"MioMio Run","url":"https:\/\/www.miomiorun.com\/es\/","logo":{"@type":"ImageObject","inLanguage":"es-ES","@id":"https:\/\/www.miomiorun.com\/es\/#\/schema\/logo\/image\/","url":"https:\/\/www.miomiorun.com\/app\/uploads\/2019\/12\/logomio.png","contentUrl":"https:\/\/www.miomiorun.com\/app\/uploads\/2019\/12\/logomio.png","width":115,"height":82,"caption":"MioMio Run"},"image":{"@id":"https:\/\/www.miomiorun.com\/es\/#\/schema\/logo\/image\/"},"sameAs":["https:\/\/www.facebook.com\/miomiorun\/","https:\/\/www.instagram.com\/miomiorun\/"]}]}},"_links":{"self":[{"href":"https:\/\/www.miomiorun.com\/es\/wp-json\/wp\/v2\/product\/274818","targetHints":{"allow":["GET"]}}],"collection":[{"href":"https:\/\/www.miomiorun.com\/es\/wp-json\/wp\/v2\/product"}],"about":[{"href":"https:\/\/www.miomiorun.com\/es\/wp-json\/wp\/v2\/types\/product"}],"wp:featuredmedia":[{"embeddable":true,"href":"https:\/\/www.miomiorun.com\/es\/wp-json\/wp\/v2\/media\/229664"}],"wp:attachment":[{"href":"https:\/\/www.miomiorun.com\/es\/wp-json\/wp\/v2\/media?parent=274818"}],"wp:term":[{"taxonomy":"product_brand","embeddable":true,"href":"https:\/\/www.miomiorun.com\/es\/wp-json\/wp\/v2\/product_brand?post=274818"},{"taxonomy":"product_cat","embeddable":true,"href":"https:\/\/www.miomiorun.com\/es\/wp-json\/wp\/v2\/product_cat?post=274818"},{"taxonomy":"product_tag","embeddable":true,"href":"https:\/\/www.miomiorun.com\/es\/wp-json\/wp\/v2\/product_tag?post=274818"}],"curies":[{"name":"wp","href":"https:\/\/api.w.org\/{rel}","templated":true}]}}