{"id":274744,"date":"2020-04-10T09:10:18","date_gmt":"2020-04-10T07:10:18","guid":{"rendered":"https:\/\/miomiorun.com\/prodotto\/garmin-cinturini-a-rilascio-rapido20-mm\/"},"modified":"2025-10-03T10:44:11","modified_gmt":"2025-10-03T08:44:11","slug":"garmin-correas-de-liberacion-rapida-20-mm","status":"publish","type":"product","link":"https:\/\/www.miomiorun.com\/es\/producto\/garmin-correas-de-liberacion-rapida-20-mm\/","title":{"rendered":"Correas de liberaci\u00f3n r\u00e1pida (20 mm)"},"content":{"rendered":"<p>Aprovecha la elegancia y la funcionalidad de estas correas ajustables de liberaci\u00f3n r\u00e1pida para tu reloj Garmin compatible. Desengancha las correas f\u00e1cilmente deslizando la barra y engancha otras para personalizar al m\u00e1ximo tu accesorio.<\/p>\n","protected":false},"excerpt":{"rendered":"<p>Correa de silicona con componentes de acero inoxidable<\/p>\n","protected":false},"featured_media":229772,"template":"","meta":{"_acf_changed":false,"inline_featured_image":false},"product_brand":[],"product_cat":[24208,22536],"product_tag":[23481],"class_list":{"0":"post-274744","1":"product","2":"type-product","3":"status-publish","4":"has-post-thumbnail","6":"product_cat-accesorios-es","7":"product_cat-garmin-es","8":"product_tag-garmin-es","9":"pa_colore-cinturini-quick-release-20-mm-black","10":"pa_colore-cinturino-20mm-bianco-es","11":"pa_colore-cinturino-20mm-quick-release-ivory-es","12":"pa_colore-cinturino-20mm-translucent-bone-mango-es","13":"pa_colore-cinturino-20mm-vivoactive-5-es","14":"pa_colore-cinturino-azzurro-for55-es","15":"pa_colore-cinturino-for570-white-es","16":"pa_colore-cinturino-quickrelease-20-mm-light-sand-es","17":"pa_colore-cinturino-quickrelease-20-mm-merlot-es","18":"pa_colore-cinturino-vivoactive-5-20mm-navy-es","19":"pa_colore-quick-release-20-mm-neo-tropic-es","20":"pa_colore-quick-release-20mm-es","21":"pa_colore-quickrelease-20-mm-black-slate-es","22":"pa_colore-quickrelease-20-mm-white-es","23":"pa_colore-ultrafit-nylon-20mm-es","24":"pa_marca-garmin-es","25":"pa_sesso-hombre","26":"pa_sesso-mujer","28":"first","29":"instock","30":"sale","31":"taxable","32":"shipping-taxable","33":"purchasable","34":"product-type-variable","35":"wvs-archive-product-wrapper"},"acf":[],"yoast_head":"<!-- This site is optimized with the Yoast SEO plugin v26.8 - https:\/\/yoast.com\/product\/yoast-seo-wordpress\/ -->\n<title>Garmin Correas de liberaci\u00f3n r\u00e1pida (20 mm) - MioMioRun<\/title>\n<meta name=\"description\" content=\"Aprovecha la elegancia y la funcionalidad de estas correas ajustables de liberaci\u00f3n r\u00e1pida para tu reloj Garmin compatible.\" \/>\n<meta name=\"robots\" content=\"index, follow, max-snippet:-1, max-image-preview:large, max-video-preview:-1\" \/>\n<link rel=\"canonical\" href=\"https:\/\/www.miomiorun.com\/es\/producto\/garmin-correas-de-liberacion-rapida-20-mm\/\" \/>\n<meta property=\"og:locale\" content=\"es_ES\" \/>\n<meta property=\"og:type\" content=\"article\" \/>\n<meta property=\"og:title\" content=\"Garmin Correas de liberaci\u00f3n r\u00e1pida (20 mm) - MioMioRun\" \/>\n<meta property=\"og:description\" content=\"Aprovecha la elegancia y la funcionalidad de estas correas ajustables de liberaci\u00f3n r\u00e1pida para tu reloj Garmin compatible.\" \/>\n<meta property=\"og:url\" content=\"https:\/\/www.miomiorun.com\/es\/producto\/garmin-correas-de-liberacion-rapida-20-mm\/\" \/>\n<meta property=\"og:site_name\" content=\"MioMioRun\" \/>\n<meta property=\"article:publisher\" content=\"https:\/\/www.facebook.com\/miomiorun\/\" \/>\n<meta property=\"article:modified_time\" content=\"2025-10-03T08:44:11+00:00\" \/>\n<meta property=\"og:image\" content=\"https:\/\/www.miomiorun.com\/app\/uploads\/2020\/04\/Cinturino-For245-aqua.jpg\" \/>\n\t<meta property=\"og:image:width\" content=\"600\" \/>\n\t<meta property=\"og:image:height\" content=\"600\" \/>\n\t<meta property=\"og:image:type\" content=\"image\/jpeg\" \/>\n<meta name=\"twitter:card\" content=\"summary_large_image\" \/>\n<script type=\"application\/ld+json\" class=\"yoast-schema-graph\">{\"@context\":\"https:\/\/schema.org\",\"@graph\":[{\"@type\":\"WebPage\",\"@id\":\"https:\/\/www.miomiorun.com\/es\/producto\/garmin-correas-de-liberacion-rapida-20-mm\/\",\"url\":\"https:\/\/www.miomiorun.com\/es\/producto\/garmin-correas-de-liberacion-rapida-20-mm\/\",\"name\":\"Garmin Correas de liberaci\u00f3n r\u00e1pida (20 mm) - MioMioRun\",\"isPartOf\":{\"@id\":\"https:\/\/www.miomiorun.com\/es\/#website\"},\"primaryImageOfPage\":{\"@id\":\"https:\/\/www.miomiorun.com\/es\/producto\/garmin-correas-de-liberacion-rapida-20-mm\/#primaryimage\"},\"image\":{\"@id\":\"https:\/\/www.miomiorun.com\/es\/producto\/garmin-correas-de-liberacion-rapida-20-mm\/#primaryimage\"},\"thumbnailUrl\":\"https:\/\/www.miomiorun.com\/app\/uploads\/2020\/04\/Cinturino-For245-aqua.jpg\",\"datePublished\":\"2020-04-10T07:10:18+00:00\",\"dateModified\":\"2025-10-03T08:44:11+00:00\",\"description\":\"Aprovecha la elegancia y la funcionalidad de estas correas ajustables de liberaci\u00f3n r\u00e1pida para tu reloj Garmin compatible.\",\"breadcrumb\":{\"@id\":\"https:\/\/www.miomiorun.com\/es\/producto\/garmin-correas-de-liberacion-rapida-20-mm\/#breadcrumb\"},\"inLanguage\":\"es-ES\",\"potentialAction\":[{\"@type\":\"ReadAction\",\"target\":[\"https:\/\/www.miomiorun.com\/es\/producto\/garmin-correas-de-liberacion-rapida-20-mm\/\"]}]},{\"@type\":\"ImageObject\",\"inLanguage\":\"es-ES\",\"@id\":\"https:\/\/www.miomiorun.com\/es\/producto\/garmin-correas-de-liberacion-rapida-20-mm\/#primaryimage\",\"url\":\"https:\/\/www.miomiorun.com\/app\/uploads\/2020\/04\/Cinturino-For245-aqua.jpg\",\"contentUrl\":\"https:\/\/www.miomiorun.com\/app\/uploads\/2020\/04\/Cinturino-For245-aqua.jpg\",\"width\":600,\"height\":600,\"caption\":\"Cinturino-For245-aqua\"},{\"@type\":\"BreadcrumbList\",\"@id\":\"https:\/\/www.miomiorun.com\/es\/producto\/garmin-correas-de-liberacion-rapida-20-mm\/#breadcrumb\",\"itemListElement\":[{\"@type\":\"ListItem\",\"position\":1,\"name\":\"Home\",\"item\":\"https:\/\/www.miomiorun.com\/es\/\"},{\"@type\":\"ListItem\",\"position\":2,\"name\":\"Shop\",\"item\":\"https:\/\/www.miomiorun.com\/shop\/\"},{\"@type\":\"ListItem\",\"position\":3,\"name\":\"Correas de liberaci\u00f3n r\u00e1pida (20 mm)\"}]},{\"@type\":\"WebSite\",\"@id\":\"https:\/\/www.miomiorun.com\/es\/#website\",\"url\":\"https:\/\/www.miomiorun.com\/es\/\",\"name\":\"MioMioRun\",\"description\":\"Tienda 100% running y trail\",\"publisher\":{\"@id\":\"https:\/\/www.miomiorun.com\/es\/#organization\"},\"potentialAction\":[{\"@type\":\"SearchAction\",\"target\":{\"@type\":\"EntryPoint\",\"urlTemplate\":\"https:\/\/www.miomiorun.com\/es\/?s={search_term_string}\"},\"query-input\":{\"@type\":\"PropertyValueSpecification\",\"valueRequired\":true,\"valueName\":\"search_term_string\"}}],\"inLanguage\":\"es-ES\"},{\"@type\":\"Organization\",\"@id\":\"https:\/\/www.miomiorun.com\/es\/#organization\",\"name\":\"MioMio Run\",\"url\":\"https:\/\/www.miomiorun.com\/es\/\",\"logo\":{\"@type\":\"ImageObject\",\"inLanguage\":\"es-ES\",\"@id\":\"https:\/\/www.miomiorun.com\/es\/#\/schema\/logo\/image\/\",\"url\":\"https:\/\/www.miomiorun.com\/app\/uploads\/2019\/12\/logomio.png\",\"contentUrl\":\"https:\/\/www.miomiorun.com\/app\/uploads\/2019\/12\/logomio.png\",\"width\":115,\"height\":82,\"caption\":\"MioMio Run\"},\"image\":{\"@id\":\"https:\/\/www.miomiorun.com\/es\/#\/schema\/logo\/image\/\"},\"sameAs\":[\"https:\/\/www.facebook.com\/miomiorun\/\",\"https:\/\/www.instagram.com\/miomiorun\/\"]}]}<\/script>\n<!-- \/ Yoast SEO plugin. -->","yoast_head_json":{"title":"Garmin Correas de liberaci\u00f3n r\u00e1pida (20 mm) - MioMioRun","description":"Aprovecha la elegancia y la funcionalidad de estas correas ajustables de liberaci\u00f3n r\u00e1pida para tu reloj Garmin compatible.","robots":{"index":"index","follow":"follow","max-snippet":"max-snippet:-1","max-image-preview":"max-image-preview:large","max-video-preview":"max-video-preview:-1"},"canonical":"https:\/\/www.miomiorun.com\/es\/producto\/garmin-correas-de-liberacion-rapida-20-mm\/","og_locale":"es_ES","og_type":"article","og_title":"Garmin Correas de liberaci\u00f3n r\u00e1pida (20 mm) - MioMioRun","og_description":"Aprovecha la elegancia y la funcionalidad de estas correas ajustables de liberaci\u00f3n r\u00e1pida para tu reloj Garmin compatible.","og_url":"https:\/\/www.miomiorun.com\/es\/producto\/garmin-correas-de-liberacion-rapida-20-mm\/","og_site_name":"MioMioRun","article_publisher":"https:\/\/www.facebook.com\/miomiorun\/","article_modified_time":"2025-10-03T08:44:11+00:00","og_image":[{"width":600,"height":600,"url":"https:\/\/www.miomiorun.com\/app\/uploads\/2020\/04\/Cinturino-For245-aqua.jpg","type":"image\/jpeg"}],"twitter_card":"summary_large_image","schema":{"@context":"https:\/\/schema.org","@graph":[{"@type":"WebPage","@id":"https:\/\/www.miomiorun.com\/es\/producto\/garmin-correas-de-liberacion-rapida-20-mm\/","url":"https:\/\/www.miomiorun.com\/es\/producto\/garmin-correas-de-liberacion-rapida-20-mm\/","name":"Garmin Correas de liberaci\u00f3n r\u00e1pida (20 mm) - MioMioRun","isPartOf":{"@id":"https:\/\/www.miomiorun.com\/es\/#website"},"primaryImageOfPage":{"@id":"https:\/\/www.miomiorun.com\/es\/producto\/garmin-correas-de-liberacion-rapida-20-mm\/#primaryimage"},"image":{"@id":"https:\/\/www.miomiorun.com\/es\/producto\/garmin-correas-de-liberacion-rapida-20-mm\/#primaryimage"},"thumbnailUrl":"https:\/\/www.miomiorun.com\/app\/uploads\/2020\/04\/Cinturino-For245-aqua.jpg","datePublished":"2020-04-10T07:10:18+00:00","dateModified":"2025-10-03T08:44:11+00:00","description":"Aprovecha la elegancia y la funcionalidad de estas correas ajustables de liberaci\u00f3n r\u00e1pida para tu reloj Garmin compatible.","breadcrumb":{"@id":"https:\/\/www.miomiorun.com\/es\/producto\/garmin-correas-de-liberacion-rapida-20-mm\/#breadcrumb"},"inLanguage":"es-ES","potentialAction":[{"@type":"ReadAction","target":["https:\/\/www.miomiorun.com\/es\/producto\/garmin-correas-de-liberacion-rapida-20-mm\/"]}]},{"@type":"ImageObject","inLanguage":"es-ES","@id":"https:\/\/www.miomiorun.com\/es\/producto\/garmin-correas-de-liberacion-rapida-20-mm\/#primaryimage","url":"https:\/\/www.miomiorun.com\/app\/uploads\/2020\/04\/Cinturino-For245-aqua.jpg","contentUrl":"https:\/\/www.miomiorun.com\/app\/uploads\/2020\/04\/Cinturino-For245-aqua.jpg","width":600,"height":600,"caption":"Cinturino-For245-aqua"},{"@type":"BreadcrumbList","@id":"https:\/\/www.miomiorun.com\/es\/producto\/garmin-correas-de-liberacion-rapida-20-mm\/#breadcrumb","itemListElement":[{"@type":"ListItem","position":1,"name":"Home","item":"https:\/\/www.miomiorun.com\/es\/"},{"@type":"ListItem","position":2,"name":"Shop","item":"https:\/\/www.miomiorun.com\/shop\/"},{"@type":"ListItem","position":3,"name":"Correas de liberaci\u00f3n r\u00e1pida (20 mm)"}]},{"@type":"WebSite","@id":"https:\/\/www.miomiorun.com\/es\/#website","url":"https:\/\/www.miomiorun.com\/es\/","name":"MioMioRun","description":"Tienda 100% running y trail","publisher":{"@id":"https:\/\/www.miomiorun.com\/es\/#organization"},"potentialAction":[{"@type":"SearchAction","target":{"@type":"EntryPoint","urlTemplate":"https:\/\/www.miomiorun.com\/es\/?s={search_term_string}"},"query-input":{"@type":"PropertyValueSpecification","valueRequired":true,"valueName":"search_term_string"}}],"inLanguage":"es-ES"},{"@type":"Organization","@id":"https:\/\/www.miomiorun.com\/es\/#organization","name":"MioMio Run","url":"https:\/\/www.miomiorun.com\/es\/","logo":{"@type":"ImageObject","inLanguage":"es-ES","@id":"https:\/\/www.miomiorun.com\/es\/#\/schema\/logo\/image\/","url":"https:\/\/www.miomiorun.com\/app\/uploads\/2019\/12\/logomio.png","contentUrl":"https:\/\/www.miomiorun.com\/app\/uploads\/2019\/12\/logomio.png","width":115,"height":82,"caption":"MioMio Run"},"image":{"@id":"https:\/\/www.miomiorun.com\/es\/#\/schema\/logo\/image\/"},"sameAs":["https:\/\/www.facebook.com\/miomiorun\/","https:\/\/www.instagram.com\/miomiorun\/"]}]}},"_links":{"self":[{"href":"https:\/\/www.miomiorun.com\/es\/wp-json\/wp\/v2\/product\/274744","targetHints":{"allow":["GET"]}}],"collection":[{"href":"https:\/\/www.miomiorun.com\/es\/wp-json\/wp\/v2\/product"}],"about":[{"href":"https:\/\/www.miomiorun.com\/es\/wp-json\/wp\/v2\/types\/product"}],"wp:featuredmedia":[{"embeddable":true,"href":"https:\/\/www.miomiorun.com\/es\/wp-json\/wp\/v2\/media\/229772"}],"wp:attachment":[{"href":"https:\/\/www.miomiorun.com\/es\/wp-json\/wp\/v2\/media?parent=274744"}],"wp:term":[{"taxonomy":"product_brand","embeddable":true,"href":"https:\/\/www.miomiorun.com\/es\/wp-json\/wp\/v2\/product_brand?post=274744"},{"taxonomy":"product_cat","embeddable":true,"href":"https:\/\/www.miomiorun.com\/es\/wp-json\/wp\/v2\/product_cat?post=274744"},{"taxonomy":"product_tag","embeddable":true,"href":"https:\/\/www.miomiorun.com\/es\/wp-json\/wp\/v2\/product_tag?post=274744"}],"curies":[{"name":"wp","href":"https:\/\/api.w.org\/{rel}","templated":true}]}}