{"id":274736,"date":"2020-04-07T09:33:46","date_gmt":"2020-04-07T07:33:46","guid":{"rendered":"https:\/\/miomiorun.com\/prodotto\/nathan-vaporzach-2-5-liter-mens-race-vest\/"},"modified":"2026-04-29T11:43:12","modified_gmt":"2026-04-29T09:43:12","slug":"nathan-vaporzach-2-5-liter-race-vest-hombre","status":"publish","type":"product","link":"https:\/\/www.miomiorun.com\/es\/producto\/nathan-vaporzach-2-5-liter-race-vest-hombre\/","title":{"rendered":"VaporZach 2.5 Liter Race Vest hombre"},"content":{"rendered":"<p>Vapor Zach 2.5L True Navy\/Blue Nights<\/p>\n","protected":false},"excerpt":{"rendered":"<p><span style=\"font-weight: 400\">La mochila de competici\u00f3n para hombre m\u00e1s ligera de la galardonada serie Vapor ofrece un equilibrio ideal entre peso, capacidad de almacenamiento y durabilidad, incluso para los corredores m\u00e1s preocupados por el peso.<\/span><\/p>\n","protected":false},"featured_media":229718,"template":"","meta":{"_acf_changed":false,"inline_featured_image":false},"product_brand":[],"product_cat":[24205,24408,24426],"product_tag":[23510],"class_list":{"0":"post-274736","1":"product","2":"type-product","3":"status-publish","4":"has-post-thumbnail","6":"product_cat-accesorios","7":"product_cat-mochilas-es","8":"product_cat-mochilas-y-cinturones-es","9":"product_tag-nathan-es","10":"pa_attivita-trail-es","11":"pa_marca-nathan-es","12":"pa_sesso-hombre","13":"pa_sesso-mujer","15":"first","16":"instock","17":"sale","18":"taxable","19":"shipping-taxable","20":"purchasable","21":"product-type-simple"},"acf":[],"yoast_head":"<!-- This site is optimized with the Yoast SEO plugin v26.8 - https:\/\/yoast.com\/product\/yoast-seo-wordpress\/ -->\n<title>Nathan VaporZach 2.5 Liter Race Vest hombre - mochilas con sistema de hidrataci\u00f3n MioMioRun<\/title>\n<meta name=\"description\" content=\"Este chaleco de hidrataci\u00f3n para competici\u00f3n se ha dise\u00f1ado siguiendo las especificaciones precisas del actual campe\u00f3n, Zach Miller.\" \/>\n<meta name=\"robots\" content=\"index, follow, max-snippet:-1, max-image-preview:large, max-video-preview:-1\" \/>\n<link rel=\"canonical\" href=\"https:\/\/www.miomiorun.com\/es\/producto\/nathan-vaporzach-2-5-liter-race-vest-hombre\/\" \/>\n<meta property=\"og:locale\" content=\"es_ES\" \/>\n<meta property=\"og:type\" content=\"article\" \/>\n<meta property=\"og:title\" content=\"Nathan VaporZach 2.5 Liter Race Vest hombre - mochilas con sistema de hidrataci\u00f3n MioMioRun\" \/>\n<meta property=\"og:description\" content=\"Este chaleco de hidrataci\u00f3n para competici\u00f3n se ha dise\u00f1ado siguiendo las especificaciones precisas del actual campe\u00f3n, Zach Miller.\" \/>\n<meta property=\"og:url\" content=\"https:\/\/www.miomiorun.com\/es\/producto\/nathan-vaporzach-2-5-liter-race-vest-hombre\/\" \/>\n<meta property=\"og:site_name\" content=\"MioMioRun\" \/>\n<meta property=\"article:publisher\" content=\"https:\/\/www.facebook.com\/miomiorun\/\" \/>\n<meta property=\"article:modified_time\" content=\"2026-04-29T09:43:12+00:00\" \/>\n<meta property=\"og:image\" content=\"https:\/\/www.miomiorun.com\/app\/uploads\/2020\/04\/Nathan-VaporZach-2.5-Liter-Men-Race-Vest.jpg\" \/>\n\t<meta property=\"og:image:width\" content=\"600\" \/>\n\t<meta property=\"og:image:height\" content=\"600\" \/>\n\t<meta property=\"og:image:type\" content=\"image\/jpeg\" \/>\n<meta name=\"twitter:card\" content=\"summary_large_image\" \/>\n<script type=\"application\/ld+json\" class=\"yoast-schema-graph\">{\"@context\":\"https:\/\/schema.org\",\"@graph\":[{\"@type\":\"WebPage\",\"@id\":\"https:\/\/www.miomiorun.com\/es\/producto\/nathan-vaporzach-2-5-liter-race-vest-hombre\/\",\"url\":\"https:\/\/www.miomiorun.com\/es\/producto\/nathan-vaporzach-2-5-liter-race-vest-hombre\/\",\"name\":\"Nathan VaporZach 2.5 Liter Race Vest hombre - mochilas con sistema de hidrataci\u00f3n MioMioRun\",\"isPartOf\":{\"@id\":\"https:\/\/www.miomiorun.com\/es\/#website\"},\"primaryImageOfPage\":{\"@id\":\"https:\/\/www.miomiorun.com\/es\/producto\/nathan-vaporzach-2-5-liter-race-vest-hombre\/#primaryimage\"},\"image\":{\"@id\":\"https:\/\/www.miomiorun.com\/es\/producto\/nathan-vaporzach-2-5-liter-race-vest-hombre\/#primaryimage\"},\"thumbnailUrl\":\"https:\/\/www.miomiorun.com\/app\/uploads\/2020\/04\/Nathan-VaporZach-2.5-Liter-Men-Race-Vest.jpg\",\"datePublished\":\"2020-04-07T07:33:46+00:00\",\"dateModified\":\"2026-04-29T09:43:12+00:00\",\"description\":\"Este chaleco de hidrataci\u00f3n para competici\u00f3n se ha dise\u00f1ado siguiendo las especificaciones precisas del actual campe\u00f3n, Zach Miller.\",\"breadcrumb\":{\"@id\":\"https:\/\/www.miomiorun.com\/es\/producto\/nathan-vaporzach-2-5-liter-race-vest-hombre\/#breadcrumb\"},\"inLanguage\":\"es-ES\",\"potentialAction\":[{\"@type\":\"ReadAction\",\"target\":[\"https:\/\/www.miomiorun.com\/es\/producto\/nathan-vaporzach-2-5-liter-race-vest-hombre\/\"]}]},{\"@type\":\"ImageObject\",\"inLanguage\":\"es-ES\",\"@id\":\"https:\/\/www.miomiorun.com\/es\/producto\/nathan-vaporzach-2-5-liter-race-vest-hombre\/#primaryimage\",\"url\":\"https:\/\/www.miomiorun.com\/app\/uploads\/2020\/04\/Nathan-VaporZach-2.5-Liter-Men-Race-Vest.jpg\",\"contentUrl\":\"https:\/\/www.miomiorun.com\/app\/uploads\/2020\/04\/Nathan-VaporZach-2.5-Liter-Men-Race-Vest.jpg\",\"width\":600,\"height\":600,\"caption\":\"Nathan-VaporZach-2.5-Liter-Men-Race-Vest\"},{\"@type\":\"BreadcrumbList\",\"@id\":\"https:\/\/www.miomiorun.com\/es\/producto\/nathan-vaporzach-2-5-liter-race-vest-hombre\/#breadcrumb\",\"itemListElement\":[{\"@type\":\"ListItem\",\"position\":1,\"name\":\"Home\",\"item\":\"https:\/\/www.miomiorun.com\/es\/\"},{\"@type\":\"ListItem\",\"position\":2,\"name\":\"Shop\",\"item\":\"https:\/\/www.miomiorun.com\/shop\/\"},{\"@type\":\"ListItem\",\"position\":3,\"name\":\"VaporZach 2.5 Liter Race Vest hombre\"}]},{\"@type\":\"WebSite\",\"@id\":\"https:\/\/www.miomiorun.com\/es\/#website\",\"url\":\"https:\/\/www.miomiorun.com\/es\/\",\"name\":\"MioMioRun\",\"description\":\"Tienda 100% running y trail\",\"publisher\":{\"@id\":\"https:\/\/www.miomiorun.com\/es\/#organization\"},\"potentialAction\":[{\"@type\":\"SearchAction\",\"target\":{\"@type\":\"EntryPoint\",\"urlTemplate\":\"https:\/\/www.miomiorun.com\/es\/?s={search_term_string}\"},\"query-input\":{\"@type\":\"PropertyValueSpecification\",\"valueRequired\":true,\"valueName\":\"search_term_string\"}}],\"inLanguage\":\"es-ES\"},{\"@type\":\"Organization\",\"@id\":\"https:\/\/www.miomiorun.com\/es\/#organization\",\"name\":\"MioMio Run\",\"url\":\"https:\/\/www.miomiorun.com\/es\/\",\"logo\":{\"@type\":\"ImageObject\",\"inLanguage\":\"es-ES\",\"@id\":\"https:\/\/www.miomiorun.com\/es\/#\/schema\/logo\/image\/\",\"url\":\"https:\/\/www.miomiorun.com\/app\/uploads\/2019\/12\/logomio.png\",\"contentUrl\":\"https:\/\/www.miomiorun.com\/app\/uploads\/2019\/12\/logomio.png\",\"width\":115,\"height\":82,\"caption\":\"MioMio Run\"},\"image\":{\"@id\":\"https:\/\/www.miomiorun.com\/es\/#\/schema\/logo\/image\/\"},\"sameAs\":[\"https:\/\/www.facebook.com\/miomiorun\/\",\"https:\/\/www.instagram.com\/miomiorun\/\"]}]}<\/script>\n<!-- \/ Yoast SEO plugin. -->","yoast_head_json":{"title":"Nathan VaporZach 2.5 Liter Race Vest hombre - mochilas con sistema de hidrataci\u00f3n MioMioRun","description":"Este chaleco de hidrataci\u00f3n para competici\u00f3n se ha dise\u00f1ado siguiendo las especificaciones precisas del actual campe\u00f3n, Zach Miller.","robots":{"index":"index","follow":"follow","max-snippet":"max-snippet:-1","max-image-preview":"max-image-preview:large","max-video-preview":"max-video-preview:-1"},"canonical":"https:\/\/www.miomiorun.com\/es\/producto\/nathan-vaporzach-2-5-liter-race-vest-hombre\/","og_locale":"es_ES","og_type":"article","og_title":"Nathan VaporZach 2.5 Liter Race Vest hombre - mochilas con sistema de hidrataci\u00f3n MioMioRun","og_description":"Este chaleco de hidrataci\u00f3n para competici\u00f3n se ha dise\u00f1ado siguiendo las especificaciones precisas del actual campe\u00f3n, Zach Miller.","og_url":"https:\/\/www.miomiorun.com\/es\/producto\/nathan-vaporzach-2-5-liter-race-vest-hombre\/","og_site_name":"MioMioRun","article_publisher":"https:\/\/www.facebook.com\/miomiorun\/","article_modified_time":"2026-04-29T09:43:12+00:00","og_image":[{"width":600,"height":600,"url":"https:\/\/www.miomiorun.com\/app\/uploads\/2020\/04\/Nathan-VaporZach-2.5-Liter-Men-Race-Vest.jpg","type":"image\/jpeg"}],"twitter_card":"summary_large_image","schema":{"@context":"https:\/\/schema.org","@graph":[{"@type":"WebPage","@id":"https:\/\/www.miomiorun.com\/es\/producto\/nathan-vaporzach-2-5-liter-race-vest-hombre\/","url":"https:\/\/www.miomiorun.com\/es\/producto\/nathan-vaporzach-2-5-liter-race-vest-hombre\/","name":"Nathan VaporZach 2.5 Liter Race Vest hombre - mochilas con sistema de hidrataci\u00f3n MioMioRun","isPartOf":{"@id":"https:\/\/www.miomiorun.com\/es\/#website"},"primaryImageOfPage":{"@id":"https:\/\/www.miomiorun.com\/es\/producto\/nathan-vaporzach-2-5-liter-race-vest-hombre\/#primaryimage"},"image":{"@id":"https:\/\/www.miomiorun.com\/es\/producto\/nathan-vaporzach-2-5-liter-race-vest-hombre\/#primaryimage"},"thumbnailUrl":"https:\/\/www.miomiorun.com\/app\/uploads\/2020\/04\/Nathan-VaporZach-2.5-Liter-Men-Race-Vest.jpg","datePublished":"2020-04-07T07:33:46+00:00","dateModified":"2026-04-29T09:43:12+00:00","description":"Este chaleco de hidrataci\u00f3n para competici\u00f3n se ha dise\u00f1ado siguiendo las especificaciones precisas del actual campe\u00f3n, Zach Miller.","breadcrumb":{"@id":"https:\/\/www.miomiorun.com\/es\/producto\/nathan-vaporzach-2-5-liter-race-vest-hombre\/#breadcrumb"},"inLanguage":"es-ES","potentialAction":[{"@type":"ReadAction","target":["https:\/\/www.miomiorun.com\/es\/producto\/nathan-vaporzach-2-5-liter-race-vest-hombre\/"]}]},{"@type":"ImageObject","inLanguage":"es-ES","@id":"https:\/\/www.miomiorun.com\/es\/producto\/nathan-vaporzach-2-5-liter-race-vest-hombre\/#primaryimage","url":"https:\/\/www.miomiorun.com\/app\/uploads\/2020\/04\/Nathan-VaporZach-2.5-Liter-Men-Race-Vest.jpg","contentUrl":"https:\/\/www.miomiorun.com\/app\/uploads\/2020\/04\/Nathan-VaporZach-2.5-Liter-Men-Race-Vest.jpg","width":600,"height":600,"caption":"Nathan-VaporZach-2.5-Liter-Men-Race-Vest"},{"@type":"BreadcrumbList","@id":"https:\/\/www.miomiorun.com\/es\/producto\/nathan-vaporzach-2-5-liter-race-vest-hombre\/#breadcrumb","itemListElement":[{"@type":"ListItem","position":1,"name":"Home","item":"https:\/\/www.miomiorun.com\/es\/"},{"@type":"ListItem","position":2,"name":"Shop","item":"https:\/\/www.miomiorun.com\/shop\/"},{"@type":"ListItem","position":3,"name":"VaporZach 2.5 Liter Race Vest hombre"}]},{"@type":"WebSite","@id":"https:\/\/www.miomiorun.com\/es\/#website","url":"https:\/\/www.miomiorun.com\/es\/","name":"MioMioRun","description":"Tienda 100% running y trail","publisher":{"@id":"https:\/\/www.miomiorun.com\/es\/#organization"},"potentialAction":[{"@type":"SearchAction","target":{"@type":"EntryPoint","urlTemplate":"https:\/\/www.miomiorun.com\/es\/?s={search_term_string}"},"query-input":{"@type":"PropertyValueSpecification","valueRequired":true,"valueName":"search_term_string"}}],"inLanguage":"es-ES"},{"@type":"Organization","@id":"https:\/\/www.miomiorun.com\/es\/#organization","name":"MioMio Run","url":"https:\/\/www.miomiorun.com\/es\/","logo":{"@type":"ImageObject","inLanguage":"es-ES","@id":"https:\/\/www.miomiorun.com\/es\/#\/schema\/logo\/image\/","url":"https:\/\/www.miomiorun.com\/app\/uploads\/2019\/12\/logomio.png","contentUrl":"https:\/\/www.miomiorun.com\/app\/uploads\/2019\/12\/logomio.png","width":115,"height":82,"caption":"MioMio Run"},"image":{"@id":"https:\/\/www.miomiorun.com\/es\/#\/schema\/logo\/image\/"},"sameAs":["https:\/\/www.facebook.com\/miomiorun\/","https:\/\/www.instagram.com\/miomiorun\/"]}]}},"_links":{"self":[{"href":"https:\/\/www.miomiorun.com\/es\/wp-json\/wp\/v2\/product\/274736","targetHints":{"allow":["GET"]}}],"collection":[{"href":"https:\/\/www.miomiorun.com\/es\/wp-json\/wp\/v2\/product"}],"about":[{"href":"https:\/\/www.miomiorun.com\/es\/wp-json\/wp\/v2\/types\/product"}],"wp:featuredmedia":[{"embeddable":true,"href":"https:\/\/www.miomiorun.com\/es\/wp-json\/wp\/v2\/media\/229718"}],"wp:attachment":[{"href":"https:\/\/www.miomiorun.com\/es\/wp-json\/wp\/v2\/media?parent=274736"}],"wp:term":[{"taxonomy":"product_brand","embeddable":true,"href":"https:\/\/www.miomiorun.com\/es\/wp-json\/wp\/v2\/product_brand?post=274736"},{"taxonomy":"product_cat","embeddable":true,"href":"https:\/\/www.miomiorun.com\/es\/wp-json\/wp\/v2\/product_cat?post=274736"},{"taxonomy":"product_tag","embeddable":true,"href":"https:\/\/www.miomiorun.com\/es\/wp-json\/wp\/v2\/product_tag?post=274736"}],"curies":[{"name":"wp","href":"https:\/\/api.w.org\/{rel}","templated":true}]}}