{"id":274623,"date":"2020-04-10T16:38:53","date_gmt":"2020-04-10T14:38:53","guid":{"rendered":"https:\/\/miomiorun.com\/prodotto\/newline-core-warm-tights-uomo\/"},"modified":"2026-04-29T11:49:23","modified_gmt":"2026-04-29T09:49:23","slug":"newline-core-warm-tights-hombre","status":"publish","type":"product","link":"https:\/\/www.miomiorun.com\/es\/producto\/newline-core-warm-tights-hombre\/","title":{"rendered":"Core Warm Tights hombre"},"content":{"rendered":"<p>Los pantalones Core Warm Tights est\u00e1n confeccionados con un c\u00f3modo tejido el\u00e1stico que favorece la evacuaci\u00f3n de la humedad. Cuentan con un bolsillo trasero con cremallera, una cintura el\u00e1stica con cord\u00f3n ajustable y cremalleras en las piernas. Adem\u00e1s, su dise\u00f1o con costuras planas garantiza una comodidad \u00f3ptima.<\/p>\n<p>Tejido: 90 % poli\u00e9ster \/ 10 % elastano<\/p>\n","protected":false},"excerpt":{"rendered":"<p>Los pantalones Core Warm Tights est\u00e1n confeccionados con un c\u00f3modo tejido el\u00e1stico que favorece la evacuaci\u00f3n de la humedad. Cuentan con un bolsillo trasero con cremallera, una cintura el\u00e1stica con cord\u00f3n ajustable y cremalleras en las piernas. Adem\u00e1s, su dise\u00f1o con costuras planas garantiza una comodidad \u00f3ptima. Tejido: 90 % poli\u00e9ster \/ 10 % elastano<\/p>\n","protected":false},"featured_media":229798,"template":"","meta":{"_acf_changed":false,"inline_featured_image":false},"product_brand":[],"product_cat":[24471,24410,24411],"product_tag":[23509,23590],"class_list":{"0":"post-274623","1":"product","2":"type-product","3":"status-publish","4":"has-post-thumbnail","6":"product_cat-pantalones-largos-es-3","7":"product_cat-ropa-de-hombre","8":"product_cat-ofertas-para-hombres","9":"product_tag-newline-es","10":"product_tag-newline-hombre","11":"pa_attivita-caminar","12":"pa_attivita-running-es","13":"pa_marca-newline-es","14":"pa_sesso-hombre","15":"pa_size-small-es","17":"first","18":"instock","19":"sale","20":"taxable","21":"shipping-taxable","22":"purchasable","23":"product-type-variable","24":"wvs-archive-product-wrapper"},"acf":[],"yoast_head":"<!-- This site is optimized with the Yoast SEO plugin v26.8 - https:\/\/yoast.com\/product\/yoast-seo-wordpress\/ -->\n<title>Newline Core Warm Tights hombre - Pantalones largos - MioMioRun<\/title>\n<meta name=\"description\" content=\"Los pantalones Core Warm Tights est\u00e1n confeccionados con un c\u00f3modo tejido el\u00e1stico que favorece la evacuaci\u00f3n de la humedad.\" \/>\n<meta name=\"robots\" content=\"index, follow, max-snippet:-1, max-image-preview:large, max-video-preview:-1\" \/>\n<link rel=\"canonical\" href=\"https:\/\/www.miomiorun.com\/es\/producto\/newline-core-warm-tights-hombre\/\" \/>\n<meta property=\"og:locale\" content=\"es_ES\" \/>\n<meta property=\"og:type\" content=\"article\" \/>\n<meta property=\"og:title\" content=\"Newline Core Warm Tights hombre - Pantalones largos - MioMioRun\" \/>\n<meta property=\"og:description\" content=\"Los pantalones Core Warm Tights est\u00e1n confeccionados con un c\u00f3modo tejido el\u00e1stico que favorece la evacuaci\u00f3n de la humedad.\" \/>\n<meta property=\"og:url\" content=\"https:\/\/www.miomiorun.com\/es\/producto\/newline-core-warm-tights-hombre\/\" \/>\n<meta property=\"og:site_name\" content=\"MioMioRun\" \/>\n<meta property=\"article:publisher\" content=\"https:\/\/www.facebook.com\/miomiorun\/\" \/>\n<meta property=\"article:modified_time\" content=\"2026-04-29T09:49:23+00:00\" \/>\n<meta property=\"og:image\" content=\"https:\/\/www.miomiorun.com\/app\/uploads\/2020\/04\/Core-warm-tights.jpg\" \/>\n\t<meta property=\"og:image:width\" content=\"600\" \/>\n\t<meta property=\"og:image:height\" content=\"600\" \/>\n\t<meta property=\"og:image:type\" content=\"image\/jpeg\" \/>\n<meta name=\"twitter:card\" content=\"summary_large_image\" \/>\n<script type=\"application\/ld+json\" class=\"yoast-schema-graph\">{\"@context\":\"https:\/\/schema.org\",\"@graph\":[{\"@type\":\"WebPage\",\"@id\":\"https:\/\/www.miomiorun.com\/es\/producto\/newline-core-warm-tights-hombre\/\",\"url\":\"https:\/\/www.miomiorun.com\/es\/producto\/newline-core-warm-tights-hombre\/\",\"name\":\"Newline Core Warm Tights hombre - Pantalones largos - MioMioRun\",\"isPartOf\":{\"@id\":\"https:\/\/www.miomiorun.com\/es\/#website\"},\"primaryImageOfPage\":{\"@id\":\"https:\/\/www.miomiorun.com\/es\/producto\/newline-core-warm-tights-hombre\/#primaryimage\"},\"image\":{\"@id\":\"https:\/\/www.miomiorun.com\/es\/producto\/newline-core-warm-tights-hombre\/#primaryimage\"},\"thumbnailUrl\":\"https:\/\/www.miomiorun.com\/app\/uploads\/2020\/04\/Core-warm-tights.jpg\",\"datePublished\":\"2020-04-10T14:38:53+00:00\",\"dateModified\":\"2026-04-29T09:49:23+00:00\",\"description\":\"Los pantalones Core Warm Tights est\u00e1n confeccionados con un c\u00f3modo tejido el\u00e1stico que favorece la evacuaci\u00f3n de la humedad.\",\"breadcrumb\":{\"@id\":\"https:\/\/www.miomiorun.com\/es\/producto\/newline-core-warm-tights-hombre\/#breadcrumb\"},\"inLanguage\":\"es-ES\",\"potentialAction\":[{\"@type\":\"ReadAction\",\"target\":[\"https:\/\/www.miomiorun.com\/es\/producto\/newline-core-warm-tights-hombre\/\"]}]},{\"@type\":\"ImageObject\",\"inLanguage\":\"es-ES\",\"@id\":\"https:\/\/www.miomiorun.com\/es\/producto\/newline-core-warm-tights-hombre\/#primaryimage\",\"url\":\"https:\/\/www.miomiorun.com\/app\/uploads\/2020\/04\/Core-warm-tights.jpg\",\"contentUrl\":\"https:\/\/www.miomiorun.com\/app\/uploads\/2020\/04\/Core-warm-tights.jpg\",\"width\":600,\"height\":600,\"caption\":\"Core-warm-tights\"},{\"@type\":\"BreadcrumbList\",\"@id\":\"https:\/\/www.miomiorun.com\/es\/producto\/newline-core-warm-tights-hombre\/#breadcrumb\",\"itemListElement\":[{\"@type\":\"ListItem\",\"position\":1,\"name\":\"Home\",\"item\":\"https:\/\/www.miomiorun.com\/es\/\"},{\"@type\":\"ListItem\",\"position\":2,\"name\":\"Shop\",\"item\":\"https:\/\/www.miomiorun.com\/shop\/\"},{\"@type\":\"ListItem\",\"position\":3,\"name\":\"Core Warm Tights hombre\"}]},{\"@type\":\"WebSite\",\"@id\":\"https:\/\/www.miomiorun.com\/es\/#website\",\"url\":\"https:\/\/www.miomiorun.com\/es\/\",\"name\":\"MioMioRun\",\"description\":\"Tienda 100% running y trail\",\"publisher\":{\"@id\":\"https:\/\/www.miomiorun.com\/es\/#organization\"},\"potentialAction\":[{\"@type\":\"SearchAction\",\"target\":{\"@type\":\"EntryPoint\",\"urlTemplate\":\"https:\/\/www.miomiorun.com\/es\/?s={search_term_string}\"},\"query-input\":{\"@type\":\"PropertyValueSpecification\",\"valueRequired\":true,\"valueName\":\"search_term_string\"}}],\"inLanguage\":\"es-ES\"},{\"@type\":\"Organization\",\"@id\":\"https:\/\/www.miomiorun.com\/es\/#organization\",\"name\":\"MioMio Run\",\"url\":\"https:\/\/www.miomiorun.com\/es\/\",\"logo\":{\"@type\":\"ImageObject\",\"inLanguage\":\"es-ES\",\"@id\":\"https:\/\/www.miomiorun.com\/es\/#\/schema\/logo\/image\/\",\"url\":\"https:\/\/www.miomiorun.com\/app\/uploads\/2019\/12\/logomio.png\",\"contentUrl\":\"https:\/\/www.miomiorun.com\/app\/uploads\/2019\/12\/logomio.png\",\"width\":115,\"height\":82,\"caption\":\"MioMio Run\"},\"image\":{\"@id\":\"https:\/\/www.miomiorun.com\/es\/#\/schema\/logo\/image\/\"},\"sameAs\":[\"https:\/\/www.facebook.com\/miomiorun\/\",\"https:\/\/www.instagram.com\/miomiorun\/\"]}]}<\/script>\n<!-- \/ Yoast SEO plugin. -->","yoast_head_json":{"title":"Newline Core Warm Tights hombre - Pantalones largos - MioMioRun","description":"Los pantalones Core Warm Tights est\u00e1n confeccionados con un c\u00f3modo tejido el\u00e1stico que favorece la evacuaci\u00f3n de la humedad.","robots":{"index":"index","follow":"follow","max-snippet":"max-snippet:-1","max-image-preview":"max-image-preview:large","max-video-preview":"max-video-preview:-1"},"canonical":"https:\/\/www.miomiorun.com\/es\/producto\/newline-core-warm-tights-hombre\/","og_locale":"es_ES","og_type":"article","og_title":"Newline Core Warm Tights hombre - Pantalones largos - MioMioRun","og_description":"Los pantalones Core Warm Tights est\u00e1n confeccionados con un c\u00f3modo tejido el\u00e1stico que favorece la evacuaci\u00f3n de la humedad.","og_url":"https:\/\/www.miomiorun.com\/es\/producto\/newline-core-warm-tights-hombre\/","og_site_name":"MioMioRun","article_publisher":"https:\/\/www.facebook.com\/miomiorun\/","article_modified_time":"2026-04-29T09:49:23+00:00","og_image":[{"width":600,"height":600,"url":"https:\/\/www.miomiorun.com\/app\/uploads\/2020\/04\/Core-warm-tights.jpg","type":"image\/jpeg"}],"twitter_card":"summary_large_image","schema":{"@context":"https:\/\/schema.org","@graph":[{"@type":"WebPage","@id":"https:\/\/www.miomiorun.com\/es\/producto\/newline-core-warm-tights-hombre\/","url":"https:\/\/www.miomiorun.com\/es\/producto\/newline-core-warm-tights-hombre\/","name":"Newline Core Warm Tights hombre - Pantalones largos - MioMioRun","isPartOf":{"@id":"https:\/\/www.miomiorun.com\/es\/#website"},"primaryImageOfPage":{"@id":"https:\/\/www.miomiorun.com\/es\/producto\/newline-core-warm-tights-hombre\/#primaryimage"},"image":{"@id":"https:\/\/www.miomiorun.com\/es\/producto\/newline-core-warm-tights-hombre\/#primaryimage"},"thumbnailUrl":"https:\/\/www.miomiorun.com\/app\/uploads\/2020\/04\/Core-warm-tights.jpg","datePublished":"2020-04-10T14:38:53+00:00","dateModified":"2026-04-29T09:49:23+00:00","description":"Los pantalones Core Warm Tights est\u00e1n confeccionados con un c\u00f3modo tejido el\u00e1stico que favorece la evacuaci\u00f3n de la humedad.","breadcrumb":{"@id":"https:\/\/www.miomiorun.com\/es\/producto\/newline-core-warm-tights-hombre\/#breadcrumb"},"inLanguage":"es-ES","potentialAction":[{"@type":"ReadAction","target":["https:\/\/www.miomiorun.com\/es\/producto\/newline-core-warm-tights-hombre\/"]}]},{"@type":"ImageObject","inLanguage":"es-ES","@id":"https:\/\/www.miomiorun.com\/es\/producto\/newline-core-warm-tights-hombre\/#primaryimage","url":"https:\/\/www.miomiorun.com\/app\/uploads\/2020\/04\/Core-warm-tights.jpg","contentUrl":"https:\/\/www.miomiorun.com\/app\/uploads\/2020\/04\/Core-warm-tights.jpg","width":600,"height":600,"caption":"Core-warm-tights"},{"@type":"BreadcrumbList","@id":"https:\/\/www.miomiorun.com\/es\/producto\/newline-core-warm-tights-hombre\/#breadcrumb","itemListElement":[{"@type":"ListItem","position":1,"name":"Home","item":"https:\/\/www.miomiorun.com\/es\/"},{"@type":"ListItem","position":2,"name":"Shop","item":"https:\/\/www.miomiorun.com\/shop\/"},{"@type":"ListItem","position":3,"name":"Core Warm Tights hombre"}]},{"@type":"WebSite","@id":"https:\/\/www.miomiorun.com\/es\/#website","url":"https:\/\/www.miomiorun.com\/es\/","name":"MioMioRun","description":"Tienda 100% running y trail","publisher":{"@id":"https:\/\/www.miomiorun.com\/es\/#organization"},"potentialAction":[{"@type":"SearchAction","target":{"@type":"EntryPoint","urlTemplate":"https:\/\/www.miomiorun.com\/es\/?s={search_term_string}"},"query-input":{"@type":"PropertyValueSpecification","valueRequired":true,"valueName":"search_term_string"}}],"inLanguage":"es-ES"},{"@type":"Organization","@id":"https:\/\/www.miomiorun.com\/es\/#organization","name":"MioMio Run","url":"https:\/\/www.miomiorun.com\/es\/","logo":{"@type":"ImageObject","inLanguage":"es-ES","@id":"https:\/\/www.miomiorun.com\/es\/#\/schema\/logo\/image\/","url":"https:\/\/www.miomiorun.com\/app\/uploads\/2019\/12\/logomio.png","contentUrl":"https:\/\/www.miomiorun.com\/app\/uploads\/2019\/12\/logomio.png","width":115,"height":82,"caption":"MioMio Run"},"image":{"@id":"https:\/\/www.miomiorun.com\/es\/#\/schema\/logo\/image\/"},"sameAs":["https:\/\/www.facebook.com\/miomiorun\/","https:\/\/www.instagram.com\/miomiorun\/"]}]}},"_links":{"self":[{"href":"https:\/\/www.miomiorun.com\/es\/wp-json\/wp\/v2\/product\/274623","targetHints":{"allow":["GET"]}}],"collection":[{"href":"https:\/\/www.miomiorun.com\/es\/wp-json\/wp\/v2\/product"}],"about":[{"href":"https:\/\/www.miomiorun.com\/es\/wp-json\/wp\/v2\/types\/product"}],"wp:featuredmedia":[{"embeddable":true,"href":"https:\/\/www.miomiorun.com\/es\/wp-json\/wp\/v2\/media\/229798"}],"wp:attachment":[{"href":"https:\/\/www.miomiorun.com\/es\/wp-json\/wp\/v2\/media?parent=274623"}],"wp:term":[{"taxonomy":"product_brand","embeddable":true,"href":"https:\/\/www.miomiorun.com\/es\/wp-json\/wp\/v2\/product_brand?post=274623"},{"taxonomy":"product_cat","embeddable":true,"href":"https:\/\/www.miomiorun.com\/es\/wp-json\/wp\/v2\/product_cat?post=274623"},{"taxonomy":"product_tag","embeddable":true,"href":"https:\/\/www.miomiorun.com\/es\/wp-json\/wp\/v2\/product_tag?post=274623"}],"curies":[{"name":"wp","href":"https:\/\/api.w.org\/{rel}","templated":true}]}}