{"id":274432,"date":"2019-12-21T15:50:47","date_gmt":"2019-12-21T14:50:47","guid":{"rendered":"https:\/\/miomiorun.com\/prodotto\/seamless-arm-warmer-2-0\/"},"modified":"2025-05-23T17:18:03","modified_gmt":"2025-05-23T15:18:03","slug":"seamless-arm-warmer-2-0","status":"publish","type":"product","link":"https:\/\/www.miomiorun.com\/es\/producto\/seamless-arm-warmer-2-0\/","title":{"rendered":"Seamless Arm Warmer 2.0"},"content":{"rendered":"<p>Mangas sin costuras que mantienen los brazos calientes en condiciones de fr\u00edo. Confeccionadas en tejido muy el\u00e1stico con diferentes grosores en las distintas zonas t\u00e9rmicas para una gesti\u00f3n \u00f3ptima de la temperatura y libertad de movimientos.<\/p>\n<p>Tejido: 50% poli\u00e9ster, 40% poliamida, 10% elast\u00e1n.<\/p>\n","protected":false},"excerpt":{"rendered":"<p><span style=\"font-weight: 400;\">Mant\u00e9n los brazos calientes y c\u00f3modos durante tus paseos a pie o en bicicleta incluso a bajas temperaturas<\/span><\/p>\n","protected":false},"featured_media":229138,"template":"","meta":{"_acf_changed":false,"inline_featured_image":false},"product_brand":[],"product_cat":[24205,24221,24224],"product_tag":[23553],"class_list":{"0":"post-274432","1":"product","2":"type-product","3":"status-publish","4":"has-post-thumbnail","6":"product_cat-accesorios","7":"product_cat-calefaccion","8":"product_cat-mangas","9":"product_tag-craft-es","10":"pa_attivita-running-es","11":"pa_attivita-trail-es","12":"pa_marca-craft-es","13":"pa_sesso-hombre","14":"pa_sesso-mujer","15":"pa_size-xs-s-es","16":"pa_size-xl-xxl-es","18":"first","19":"instock","20":"sale","21":"taxable","22":"shipping-taxable","23":"purchasable","24":"product-type-variable","25":"wvs-archive-product-wrapper"},"acf":[],"yoast_head":"<!-- This site is optimized with the Yoast SEO plugin v26.8 - https:\/\/yoast.com\/product\/yoast-seo-wordpress\/ -->\n<title>Craft Seamless Arm Warmer 2.0 - Manguitos para correr - MioMioRun.com<\/title>\n<meta name=\"description\" content=\"Las mangas sin costuras mantienen los brazos calientes incluso en condiciones de fr\u00edo para una \u00f3ptima gesti\u00f3n de la temperatura y libertad de movimientos\" \/>\n<meta name=\"robots\" content=\"index, follow, max-snippet:-1, max-image-preview:large, max-video-preview:-1\" \/>\n<link rel=\"canonical\" href=\"https:\/\/www.miomiorun.com\/es\/producto\/seamless-arm-warmer-2-0\/\" \/>\n<meta property=\"og:locale\" content=\"es_ES\" \/>\n<meta property=\"og:type\" content=\"article\" \/>\n<meta property=\"og:title\" content=\"Craft Seamless Arm Warmer 2.0 - Manguitos para correr - MioMioRun.com\" \/>\n<meta property=\"og:description\" content=\"Las mangas sin costuras mantienen los brazos calientes incluso en condiciones de fr\u00edo para una \u00f3ptima gesti\u00f3n de la temperatura y libertad de movimientos\" \/>\n<meta property=\"og:url\" content=\"https:\/\/www.miomiorun.com\/es\/producto\/seamless-arm-warmer-2-0\/\" \/>\n<meta property=\"og:site_name\" content=\"MioMioRun\" \/>\n<meta property=\"article:publisher\" content=\"https:\/\/www.facebook.com\/miomiorun\/\" \/>\n<meta property=\"article:modified_time\" content=\"2025-05-23T15:18:03+00:00\" \/>\n<meta property=\"og:image\" content=\"https:\/\/www.miomiorun.com\/app\/uploads\/2019\/12\/Seamless-armwarmer-manicotto-Craft.jpg\" \/>\n\t<meta property=\"og:image:width\" content=\"600\" \/>\n\t<meta property=\"og:image:height\" content=\"600\" \/>\n\t<meta property=\"og:image:type\" content=\"image\/jpeg\" \/>\n<meta name=\"twitter:card\" content=\"summary_large_image\" \/>\n<script type=\"application\/ld+json\" class=\"yoast-schema-graph\">{\"@context\":\"https:\/\/schema.org\",\"@graph\":[{\"@type\":\"WebPage\",\"@id\":\"https:\/\/www.miomiorun.com\/es\/producto\/seamless-arm-warmer-2-0\/\",\"url\":\"https:\/\/www.miomiorun.com\/es\/producto\/seamless-arm-warmer-2-0\/\",\"name\":\"Craft Seamless Arm Warmer 2.0 - Manguitos para correr - MioMioRun.com\",\"isPartOf\":{\"@id\":\"https:\/\/www.miomiorun.com\/es\/#website\"},\"primaryImageOfPage\":{\"@id\":\"https:\/\/www.miomiorun.com\/es\/producto\/seamless-arm-warmer-2-0\/#primaryimage\"},\"image\":{\"@id\":\"https:\/\/www.miomiorun.com\/es\/producto\/seamless-arm-warmer-2-0\/#primaryimage\"},\"thumbnailUrl\":\"https:\/\/www.miomiorun.com\/app\/uploads\/2019\/12\/Seamless-armwarmer-manicotto-Craft.jpg\",\"datePublished\":\"2019-12-21T14:50:47+00:00\",\"dateModified\":\"2025-05-23T15:18:03+00:00\",\"description\":\"Las mangas sin costuras mantienen los brazos calientes incluso en condiciones de fr\u00edo para una \u00f3ptima gesti\u00f3n de la temperatura y libertad de movimientos\",\"breadcrumb\":{\"@id\":\"https:\/\/www.miomiorun.com\/es\/producto\/seamless-arm-warmer-2-0\/#breadcrumb\"},\"inLanguage\":\"es-ES\",\"potentialAction\":[{\"@type\":\"ReadAction\",\"target\":[\"https:\/\/www.miomiorun.com\/es\/producto\/seamless-arm-warmer-2-0\/\"]}]},{\"@type\":\"ImageObject\",\"inLanguage\":\"es-ES\",\"@id\":\"https:\/\/www.miomiorun.com\/es\/producto\/seamless-arm-warmer-2-0\/#primaryimage\",\"url\":\"https:\/\/www.miomiorun.com\/app\/uploads\/2019\/12\/Seamless-armwarmer-manicotto-Craft.jpg\",\"contentUrl\":\"https:\/\/www.miomiorun.com\/app\/uploads\/2019\/12\/Seamless-armwarmer-manicotto-Craft.jpg\",\"width\":600,\"height\":600,\"caption\":\"Seamless-armwarmer-manicotto-Craft\"},{\"@type\":\"BreadcrumbList\",\"@id\":\"https:\/\/www.miomiorun.com\/es\/producto\/seamless-arm-warmer-2-0\/#breadcrumb\",\"itemListElement\":[{\"@type\":\"ListItem\",\"position\":1,\"name\":\"Home\",\"item\":\"https:\/\/www.miomiorun.com\/es\/\"},{\"@type\":\"ListItem\",\"position\":2,\"name\":\"Shop\",\"item\":\"https:\/\/www.miomiorun.com\/shop\/\"},{\"@type\":\"ListItem\",\"position\":3,\"name\":\"Seamless Arm Warmer 2.0\"}]},{\"@type\":\"WebSite\",\"@id\":\"https:\/\/www.miomiorun.com\/es\/#website\",\"url\":\"https:\/\/www.miomiorun.com\/es\/\",\"name\":\"MioMioRun\",\"description\":\"Tienda 100% running y trail\",\"publisher\":{\"@id\":\"https:\/\/www.miomiorun.com\/es\/#organization\"},\"potentialAction\":[{\"@type\":\"SearchAction\",\"target\":{\"@type\":\"EntryPoint\",\"urlTemplate\":\"https:\/\/www.miomiorun.com\/es\/?s={search_term_string}\"},\"query-input\":{\"@type\":\"PropertyValueSpecification\",\"valueRequired\":true,\"valueName\":\"search_term_string\"}}],\"inLanguage\":\"es-ES\"},{\"@type\":\"Organization\",\"@id\":\"https:\/\/www.miomiorun.com\/es\/#organization\",\"name\":\"MioMio Run\",\"url\":\"https:\/\/www.miomiorun.com\/es\/\",\"logo\":{\"@type\":\"ImageObject\",\"inLanguage\":\"es-ES\",\"@id\":\"https:\/\/www.miomiorun.com\/es\/#\/schema\/logo\/image\/\",\"url\":\"https:\/\/www.miomiorun.com\/app\/uploads\/2019\/12\/logomio.png\",\"contentUrl\":\"https:\/\/www.miomiorun.com\/app\/uploads\/2019\/12\/logomio.png\",\"width\":115,\"height\":82,\"caption\":\"MioMio Run\"},\"image\":{\"@id\":\"https:\/\/www.miomiorun.com\/es\/#\/schema\/logo\/image\/\"},\"sameAs\":[\"https:\/\/www.facebook.com\/miomiorun\/\",\"https:\/\/www.instagram.com\/miomiorun\/\"]}]}<\/script>\n<!-- \/ Yoast SEO plugin. -->","yoast_head_json":{"title":"Craft Seamless Arm Warmer 2.0 - Manguitos para correr - MioMioRun.com","description":"Las mangas sin costuras mantienen los brazos calientes incluso en condiciones de fr\u00edo para una \u00f3ptima gesti\u00f3n de la temperatura y libertad de movimientos","robots":{"index":"index","follow":"follow","max-snippet":"max-snippet:-1","max-image-preview":"max-image-preview:large","max-video-preview":"max-video-preview:-1"},"canonical":"https:\/\/www.miomiorun.com\/es\/producto\/seamless-arm-warmer-2-0\/","og_locale":"es_ES","og_type":"article","og_title":"Craft Seamless Arm Warmer 2.0 - Manguitos para correr - MioMioRun.com","og_description":"Las mangas sin costuras mantienen los brazos calientes incluso en condiciones de fr\u00edo para una \u00f3ptima gesti\u00f3n de la temperatura y libertad de movimientos","og_url":"https:\/\/www.miomiorun.com\/es\/producto\/seamless-arm-warmer-2-0\/","og_site_name":"MioMioRun","article_publisher":"https:\/\/www.facebook.com\/miomiorun\/","article_modified_time":"2025-05-23T15:18:03+00:00","og_image":[{"width":600,"height":600,"url":"https:\/\/www.miomiorun.com\/app\/uploads\/2019\/12\/Seamless-armwarmer-manicotto-Craft.jpg","type":"image\/jpeg"}],"twitter_card":"summary_large_image","schema":{"@context":"https:\/\/schema.org","@graph":[{"@type":"WebPage","@id":"https:\/\/www.miomiorun.com\/es\/producto\/seamless-arm-warmer-2-0\/","url":"https:\/\/www.miomiorun.com\/es\/producto\/seamless-arm-warmer-2-0\/","name":"Craft Seamless Arm Warmer 2.0 - Manguitos para correr - MioMioRun.com","isPartOf":{"@id":"https:\/\/www.miomiorun.com\/es\/#website"},"primaryImageOfPage":{"@id":"https:\/\/www.miomiorun.com\/es\/producto\/seamless-arm-warmer-2-0\/#primaryimage"},"image":{"@id":"https:\/\/www.miomiorun.com\/es\/producto\/seamless-arm-warmer-2-0\/#primaryimage"},"thumbnailUrl":"https:\/\/www.miomiorun.com\/app\/uploads\/2019\/12\/Seamless-armwarmer-manicotto-Craft.jpg","datePublished":"2019-12-21T14:50:47+00:00","dateModified":"2025-05-23T15:18:03+00:00","description":"Las mangas sin costuras mantienen los brazos calientes incluso en condiciones de fr\u00edo para una \u00f3ptima gesti\u00f3n de la temperatura y libertad de movimientos","breadcrumb":{"@id":"https:\/\/www.miomiorun.com\/es\/producto\/seamless-arm-warmer-2-0\/#breadcrumb"},"inLanguage":"es-ES","potentialAction":[{"@type":"ReadAction","target":["https:\/\/www.miomiorun.com\/es\/producto\/seamless-arm-warmer-2-0\/"]}]},{"@type":"ImageObject","inLanguage":"es-ES","@id":"https:\/\/www.miomiorun.com\/es\/producto\/seamless-arm-warmer-2-0\/#primaryimage","url":"https:\/\/www.miomiorun.com\/app\/uploads\/2019\/12\/Seamless-armwarmer-manicotto-Craft.jpg","contentUrl":"https:\/\/www.miomiorun.com\/app\/uploads\/2019\/12\/Seamless-armwarmer-manicotto-Craft.jpg","width":600,"height":600,"caption":"Seamless-armwarmer-manicotto-Craft"},{"@type":"BreadcrumbList","@id":"https:\/\/www.miomiorun.com\/es\/producto\/seamless-arm-warmer-2-0\/#breadcrumb","itemListElement":[{"@type":"ListItem","position":1,"name":"Home","item":"https:\/\/www.miomiorun.com\/es\/"},{"@type":"ListItem","position":2,"name":"Shop","item":"https:\/\/www.miomiorun.com\/shop\/"},{"@type":"ListItem","position":3,"name":"Seamless Arm Warmer 2.0"}]},{"@type":"WebSite","@id":"https:\/\/www.miomiorun.com\/es\/#website","url":"https:\/\/www.miomiorun.com\/es\/","name":"MioMioRun","description":"Tienda 100% running y trail","publisher":{"@id":"https:\/\/www.miomiorun.com\/es\/#organization"},"potentialAction":[{"@type":"SearchAction","target":{"@type":"EntryPoint","urlTemplate":"https:\/\/www.miomiorun.com\/es\/?s={search_term_string}"},"query-input":{"@type":"PropertyValueSpecification","valueRequired":true,"valueName":"search_term_string"}}],"inLanguage":"es-ES"},{"@type":"Organization","@id":"https:\/\/www.miomiorun.com\/es\/#organization","name":"MioMio Run","url":"https:\/\/www.miomiorun.com\/es\/","logo":{"@type":"ImageObject","inLanguage":"es-ES","@id":"https:\/\/www.miomiorun.com\/es\/#\/schema\/logo\/image\/","url":"https:\/\/www.miomiorun.com\/app\/uploads\/2019\/12\/logomio.png","contentUrl":"https:\/\/www.miomiorun.com\/app\/uploads\/2019\/12\/logomio.png","width":115,"height":82,"caption":"MioMio Run"},"image":{"@id":"https:\/\/www.miomiorun.com\/es\/#\/schema\/logo\/image\/"},"sameAs":["https:\/\/www.facebook.com\/miomiorun\/","https:\/\/www.instagram.com\/miomiorun\/"]}]}},"_links":{"self":[{"href":"https:\/\/www.miomiorun.com\/es\/wp-json\/wp\/v2\/product\/274432","targetHints":{"allow":["GET"]}}],"collection":[{"href":"https:\/\/www.miomiorun.com\/es\/wp-json\/wp\/v2\/product"}],"about":[{"href":"https:\/\/www.miomiorun.com\/es\/wp-json\/wp\/v2\/types\/product"}],"wp:featuredmedia":[{"embeddable":true,"href":"https:\/\/www.miomiorun.com\/es\/wp-json\/wp\/v2\/media\/229138"}],"wp:attachment":[{"href":"https:\/\/www.miomiorun.com\/es\/wp-json\/wp\/v2\/media?parent=274432"}],"wp:term":[{"taxonomy":"product_brand","embeddable":true,"href":"https:\/\/www.miomiorun.com\/es\/wp-json\/wp\/v2\/product_brand?post=274432"},{"taxonomy":"product_cat","embeddable":true,"href":"https:\/\/www.miomiorun.com\/es\/wp-json\/wp\/v2\/product_cat?post=274432"},{"taxonomy":"product_tag","embeddable":true,"href":"https:\/\/www.miomiorun.com\/es\/wp-json\/wp\/v2\/product_tag?post=274432"}],"curies":[{"name":"wp","href":"https:\/\/api.w.org\/{rel}","templated":true}]}}