{"id":274395,"date":"2019-12-22T23:20:26","date_gmt":"2019-12-22T22:20:26","guid":{"rendered":"https:\/\/miomiorun.com\/prodotto\/exodraw-2-0\/"},"modified":"2025-12-02T19:04:33","modified_gmt":"2025-12-02T18:04:33","slug":"exodraw-2-0","status":"publish","type":"product","link":"https:\/\/www.miomiorun.com\/es\/producto\/exodraw-2-0\/","title":{"rendered":"ExoDraw 2.0"},"content":{"rendered":"<p>Mantente hidratado durante kil\u00f3metros y kil\u00f3metros con la botella de agua port\u00e1til <strong>Exodraw 2.0<\/strong> de 535 ml de Nathan. La botella de agua suave, ultra eficiente y s\u00faper c\u00f3moda tiene un peque\u00f1o bolsillo oculto para llevar tu llave o geles para la mejor hidrataci\u00f3n sobre la marcha.<\/p>\n<p><strong>Caracter\u00edsticas:<\/strong><\/p>\n<ul>\n<li><span class=\"metafield-multi_line_text_field\">Frasco blando de 535 ml SIN BPA con v\u00e1lvula de mordida.<br \/>\n<\/span><\/li>\n<li><span class=\"metafield-multi_line_text_field\">ExoSpine\u2122 r\u00edgido para una sensaci\u00f3n y un apoyo superiores de la mano.<\/span><\/li>\n<li><span class=\"metafield-multi_line_text_field\">Correa ergon\u00f3mica que proporciona comodidad sin agarre.<\/span><\/li>\n<li><span class=\"metafield-multi_line_text_field\">Malla transpirable bajo la mano que proporciona agarre.<\/span><\/li>\n<li><span class=\"metafield-multi_line_text_field\">Peque\u00f1os bolsillos ocultos para geles o una llave.<\/span><\/li>\n<li><span class=\"metafield-multi_line_text_field\">La cantimplora blanda puede extraerse f\u00e1cilmente de la funda.<\/span><\/li>\n<\/ul>\n<p>&nbsp;<\/p>\n<p><strong>Peso con botella:<\/strong> 91 g<br \/>\n<strong>Capacidad de almacenamiento:<\/strong> 0,25 litros.<\/p>\n","protected":false},"excerpt":{"rendered":"<ul>\n<li>Botella de agua blanda ideal para sostener en la mano durante la actividad deportiva.<\/li>\n<li>Equipada con un bolsillo para llevar las llaves<\/li>\n<\/ul>\n","protected":false},"featured_media":247075,"template":"","meta":{"_acf_changed":false,"inline_featured_image":false},"product_brand":[],"product_cat":[24205,24217,24216],"product_tag":[23510],"class_list":{"0":"post-274395","1":"product","2":"type-product","3":"status-publish","4":"has-post-thumbnail","6":"product_cat-accesorios","7":"product_cat-frascos","8":"product_cat-hidratacion","9":"product_tag-nathan-es","10":"pa_attivita-outdoor-es","11":"pa_attivita-running-es","12":"pa_attivita-trail-es","13":"pa_marca-nathan-es","14":"pa_sesso-hombre","15":"pa_sesso-mujer","17":"first","18":"instock","19":"sale","20":"taxable","21":"shipping-taxable","22":"purchasable","23":"product-type-simple"},"acf":[],"yoast_head":"<!-- This site is optimized with the Yoast SEO plugin v26.8 - https:\/\/yoast.com\/product\/yoast-seo-wordpress\/ -->\n<title>Nathan ExoDraw 2.0 - comedor en funcionamiento - MioMioRun<\/title>\n<meta name=\"description\" content=\"Botella de agua port\u00e1til Nathan&#039;s Exodraw 2.0 de 535 ml. La botella de agua suave, ultra eficiente y s\u00faper c\u00f3moda tiene un peque\u00f1o bolsillo oculto\" \/>\n<meta name=\"robots\" content=\"index, follow, max-snippet:-1, max-image-preview:large, max-video-preview:-1\" \/>\n<link rel=\"canonical\" href=\"https:\/\/www.miomiorun.com\/es\/producto\/exodraw-2-0\/\" \/>\n<meta property=\"og:locale\" content=\"es_ES\" \/>\n<meta property=\"og:type\" content=\"article\" \/>\n<meta property=\"og:title\" content=\"Nathan ExoDraw 2.0 - comedor en funcionamiento - MioMioRun\" \/>\n<meta property=\"og:description\" content=\"Botella de agua port\u00e1til Nathan&#039;s Exodraw 2.0 de 535 ml. La botella de agua suave, ultra eficiente y s\u00faper c\u00f3moda tiene un peque\u00f1o bolsillo oculto\" \/>\n<meta property=\"og:url\" content=\"https:\/\/www.miomiorun.com\/es\/producto\/exodraw-2-0\/\" \/>\n<meta property=\"og:site_name\" content=\"MioMioRun\" \/>\n<meta property=\"article:publisher\" content=\"https:\/\/www.facebook.com\/miomiorun\/\" \/>\n<meta property=\"article:modified_time\" content=\"2025-12-02T18:04:33+00:00\" \/>\n<meta property=\"og:image\" content=\"https:\/\/www.miomiorun.com\/app\/uploads\/2019\/12\/nathan-Exodraw-2-4863.webp\" \/>\n\t<meta property=\"og:image:width\" content=\"600\" \/>\n\t<meta property=\"og:image:height\" content=\"600\" \/>\n\t<meta property=\"og:image:type\" content=\"image\/webp\" \/>\n<meta name=\"twitter:card\" content=\"summary_large_image\" \/>\n<meta name=\"twitter:label1\" content=\"Est. reading time\" \/>\n\t<meta name=\"twitter:data1\" content=\"1 minute\" \/>\n<script type=\"application\/ld+json\" class=\"yoast-schema-graph\">{\"@context\":\"https:\/\/schema.org\",\"@graph\":[{\"@type\":\"WebPage\",\"@id\":\"https:\/\/www.miomiorun.com\/es\/producto\/exodraw-2-0\/\",\"url\":\"https:\/\/www.miomiorun.com\/es\/producto\/exodraw-2-0\/\",\"name\":\"Nathan ExoDraw 2.0 - comedor en funcionamiento - MioMioRun\",\"isPartOf\":{\"@id\":\"https:\/\/www.miomiorun.com\/es\/#website\"},\"primaryImageOfPage\":{\"@id\":\"https:\/\/www.miomiorun.com\/es\/producto\/exodraw-2-0\/#primaryimage\"},\"image\":{\"@id\":\"https:\/\/www.miomiorun.com\/es\/producto\/exodraw-2-0\/#primaryimage\"},\"thumbnailUrl\":\"https:\/\/www.miomiorun.com\/app\/uploads\/2019\/12\/nathan-Exodraw-2-4863.webp\",\"datePublished\":\"2019-12-22T22:20:26+00:00\",\"dateModified\":\"2025-12-02T18:04:33+00:00\",\"description\":\"Botella de agua port\u00e1til Nathan's Exodraw 2.0 de 535 ml. La botella de agua suave, ultra eficiente y s\u00faper c\u00f3moda tiene un peque\u00f1o bolsillo oculto\",\"breadcrumb\":{\"@id\":\"https:\/\/www.miomiorun.com\/es\/producto\/exodraw-2-0\/#breadcrumb\"},\"inLanguage\":\"es-ES\",\"potentialAction\":[{\"@type\":\"ReadAction\",\"target\":[\"https:\/\/www.miomiorun.com\/es\/producto\/exodraw-2-0\/\"]}]},{\"@type\":\"ImageObject\",\"inLanguage\":\"es-ES\",\"@id\":\"https:\/\/www.miomiorun.com\/es\/producto\/exodraw-2-0\/#primaryimage\",\"url\":\"https:\/\/www.miomiorun.com\/app\/uploads\/2019\/12\/nathan-Exodraw-2-4863.webp\",\"contentUrl\":\"https:\/\/www.miomiorun.com\/app\/uploads\/2019\/12\/nathan-Exodraw-2-4863.webp\",\"width\":600,\"height\":600,\"caption\":\"nathan Exodraw 2 4863\"},{\"@type\":\"BreadcrumbList\",\"@id\":\"https:\/\/www.miomiorun.com\/es\/producto\/exodraw-2-0\/#breadcrumb\",\"itemListElement\":[{\"@type\":\"ListItem\",\"position\":1,\"name\":\"Home\",\"item\":\"https:\/\/www.miomiorun.com\/es\/\"},{\"@type\":\"ListItem\",\"position\":2,\"name\":\"Shop\",\"item\":\"https:\/\/www.miomiorun.com\/shop\/\"},{\"@type\":\"ListItem\",\"position\":3,\"name\":\"ExoDraw 2.0\"}]},{\"@type\":\"WebSite\",\"@id\":\"https:\/\/www.miomiorun.com\/es\/#website\",\"url\":\"https:\/\/www.miomiorun.com\/es\/\",\"name\":\"MioMioRun\",\"description\":\"Tienda 100% running y trail\",\"publisher\":{\"@id\":\"https:\/\/www.miomiorun.com\/es\/#organization\"},\"potentialAction\":[{\"@type\":\"SearchAction\",\"target\":{\"@type\":\"EntryPoint\",\"urlTemplate\":\"https:\/\/www.miomiorun.com\/es\/?s={search_term_string}\"},\"query-input\":{\"@type\":\"PropertyValueSpecification\",\"valueRequired\":true,\"valueName\":\"search_term_string\"}}],\"inLanguage\":\"es-ES\"},{\"@type\":\"Organization\",\"@id\":\"https:\/\/www.miomiorun.com\/es\/#organization\",\"name\":\"MioMio Run\",\"url\":\"https:\/\/www.miomiorun.com\/es\/\",\"logo\":{\"@type\":\"ImageObject\",\"inLanguage\":\"es-ES\",\"@id\":\"https:\/\/www.miomiorun.com\/es\/#\/schema\/logo\/image\/\",\"url\":\"https:\/\/www.miomiorun.com\/app\/uploads\/2019\/12\/logomio.png\",\"contentUrl\":\"https:\/\/www.miomiorun.com\/app\/uploads\/2019\/12\/logomio.png\",\"width\":115,\"height\":82,\"caption\":\"MioMio Run\"},\"image\":{\"@id\":\"https:\/\/www.miomiorun.com\/es\/#\/schema\/logo\/image\/\"},\"sameAs\":[\"https:\/\/www.facebook.com\/miomiorun\/\",\"https:\/\/www.instagram.com\/miomiorun\/\"]}]}<\/script>\n<!-- \/ Yoast SEO plugin. -->","yoast_head_json":{"title":"Nathan ExoDraw 2.0 - comedor en funcionamiento - MioMioRun","description":"Botella de agua port\u00e1til Nathan's Exodraw 2.0 de 535 ml. La botella de agua suave, ultra eficiente y s\u00faper c\u00f3moda tiene un peque\u00f1o bolsillo oculto","robots":{"index":"index","follow":"follow","max-snippet":"max-snippet:-1","max-image-preview":"max-image-preview:large","max-video-preview":"max-video-preview:-1"},"canonical":"https:\/\/www.miomiorun.com\/es\/producto\/exodraw-2-0\/","og_locale":"es_ES","og_type":"article","og_title":"Nathan ExoDraw 2.0 - comedor en funcionamiento - MioMioRun","og_description":"Botella de agua port\u00e1til Nathan's Exodraw 2.0 de 535 ml. La botella de agua suave, ultra eficiente y s\u00faper c\u00f3moda tiene un peque\u00f1o bolsillo oculto","og_url":"https:\/\/www.miomiorun.com\/es\/producto\/exodraw-2-0\/","og_site_name":"MioMioRun","article_publisher":"https:\/\/www.facebook.com\/miomiorun\/","article_modified_time":"2025-12-02T18:04:33+00:00","og_image":[{"width":600,"height":600,"url":"https:\/\/www.miomiorun.com\/app\/uploads\/2019\/12\/nathan-Exodraw-2-4863.webp","type":"image\/webp"}],"twitter_card":"summary_large_image","twitter_misc":{"Est. reading time":"1 minute"},"schema":{"@context":"https:\/\/schema.org","@graph":[{"@type":"WebPage","@id":"https:\/\/www.miomiorun.com\/es\/producto\/exodraw-2-0\/","url":"https:\/\/www.miomiorun.com\/es\/producto\/exodraw-2-0\/","name":"Nathan ExoDraw 2.0 - comedor en funcionamiento - MioMioRun","isPartOf":{"@id":"https:\/\/www.miomiorun.com\/es\/#website"},"primaryImageOfPage":{"@id":"https:\/\/www.miomiorun.com\/es\/producto\/exodraw-2-0\/#primaryimage"},"image":{"@id":"https:\/\/www.miomiorun.com\/es\/producto\/exodraw-2-0\/#primaryimage"},"thumbnailUrl":"https:\/\/www.miomiorun.com\/app\/uploads\/2019\/12\/nathan-Exodraw-2-4863.webp","datePublished":"2019-12-22T22:20:26+00:00","dateModified":"2025-12-02T18:04:33+00:00","description":"Botella de agua port\u00e1til Nathan's Exodraw 2.0 de 535 ml. La botella de agua suave, ultra eficiente y s\u00faper c\u00f3moda tiene un peque\u00f1o bolsillo oculto","breadcrumb":{"@id":"https:\/\/www.miomiorun.com\/es\/producto\/exodraw-2-0\/#breadcrumb"},"inLanguage":"es-ES","potentialAction":[{"@type":"ReadAction","target":["https:\/\/www.miomiorun.com\/es\/producto\/exodraw-2-0\/"]}]},{"@type":"ImageObject","inLanguage":"es-ES","@id":"https:\/\/www.miomiorun.com\/es\/producto\/exodraw-2-0\/#primaryimage","url":"https:\/\/www.miomiorun.com\/app\/uploads\/2019\/12\/nathan-Exodraw-2-4863.webp","contentUrl":"https:\/\/www.miomiorun.com\/app\/uploads\/2019\/12\/nathan-Exodraw-2-4863.webp","width":600,"height":600,"caption":"nathan Exodraw 2 4863"},{"@type":"BreadcrumbList","@id":"https:\/\/www.miomiorun.com\/es\/producto\/exodraw-2-0\/#breadcrumb","itemListElement":[{"@type":"ListItem","position":1,"name":"Home","item":"https:\/\/www.miomiorun.com\/es\/"},{"@type":"ListItem","position":2,"name":"Shop","item":"https:\/\/www.miomiorun.com\/shop\/"},{"@type":"ListItem","position":3,"name":"ExoDraw 2.0"}]},{"@type":"WebSite","@id":"https:\/\/www.miomiorun.com\/es\/#website","url":"https:\/\/www.miomiorun.com\/es\/","name":"MioMioRun","description":"Tienda 100% running y trail","publisher":{"@id":"https:\/\/www.miomiorun.com\/es\/#organization"},"potentialAction":[{"@type":"SearchAction","target":{"@type":"EntryPoint","urlTemplate":"https:\/\/www.miomiorun.com\/es\/?s={search_term_string}"},"query-input":{"@type":"PropertyValueSpecification","valueRequired":true,"valueName":"search_term_string"}}],"inLanguage":"es-ES"},{"@type":"Organization","@id":"https:\/\/www.miomiorun.com\/es\/#organization","name":"MioMio Run","url":"https:\/\/www.miomiorun.com\/es\/","logo":{"@type":"ImageObject","inLanguage":"es-ES","@id":"https:\/\/www.miomiorun.com\/es\/#\/schema\/logo\/image\/","url":"https:\/\/www.miomiorun.com\/app\/uploads\/2019\/12\/logomio.png","contentUrl":"https:\/\/www.miomiorun.com\/app\/uploads\/2019\/12\/logomio.png","width":115,"height":82,"caption":"MioMio Run"},"image":{"@id":"https:\/\/www.miomiorun.com\/es\/#\/schema\/logo\/image\/"},"sameAs":["https:\/\/www.facebook.com\/miomiorun\/","https:\/\/www.instagram.com\/miomiorun\/"]}]}},"_links":{"self":[{"href":"https:\/\/www.miomiorun.com\/es\/wp-json\/wp\/v2\/product\/274395","targetHints":{"allow":["GET"]}}],"collection":[{"href":"https:\/\/www.miomiorun.com\/es\/wp-json\/wp\/v2\/product"}],"about":[{"href":"https:\/\/www.miomiorun.com\/es\/wp-json\/wp\/v2\/types\/product"}],"wp:featuredmedia":[{"embeddable":true,"href":"https:\/\/www.miomiorun.com\/es\/wp-json\/wp\/v2\/media\/247075"}],"wp:attachment":[{"href":"https:\/\/www.miomiorun.com\/es\/wp-json\/wp\/v2\/media?parent=274395"}],"wp:term":[{"taxonomy":"product_brand","embeddable":true,"href":"https:\/\/www.miomiorun.com\/es\/wp-json\/wp\/v2\/product_brand?post=274395"},{"taxonomy":"product_cat","embeddable":true,"href":"https:\/\/www.miomiorun.com\/es\/wp-json\/wp\/v2\/product_cat?post=274395"},{"taxonomy":"product_tag","embeddable":true,"href":"https:\/\/www.miomiorun.com\/es\/wp-json\/wp\/v2\/product_tag?post=274395"}],"curies":[{"name":"wp","href":"https:\/\/api.w.org\/{rel}","templated":true}]}}