{"id":274354,"date":"2020-01-21T19:22:24","date_gmt":"2020-01-21T18:22:24","guid":{"rendered":"https:\/\/miomiorun.com\/prodotto\/raidlight-zaino-gilet-running-uomo-responsiv-vest-6-litri\/"},"modified":"2026-04-29T10:40:19","modified_gmt":"2026-04-29T08:40:19","slug":"responsiv-vest-6-litros-hombre","status":"publish","type":"product","link":"https:\/\/www.miomiorun.com\/es\/producto\/responsiv-vest-6-litros-hombre\/","title":{"rendered":"Responsiv Vest 6 litros hombre"},"content":{"rendered":"<p>\u00bfBuscas rendimiento y sencillez? \u00a1La l\u00ednea Responsiv es lo que necesitas! Si prefieres viajar ligero, la Responsiv de 6 litros es la mochila m\u00e1s peque\u00f1a, tanto en tama\u00f1o como en capacidad, y es ideal para llevar contigo lo imprescindible en tus carreras de corta y media distancia.<\/p>\n<p>Gracias a su dise\u00f1o tipo \u00abchaleco\u00bb, esta mochila ultraligera se lleva colocada en la parte alta de los hombros. El tejido el\u00e1stico y las hebillas de ajuste microm\u00e9trico de los laterales permiten adaptarla perfectamente a la forma del cuerpo y evitan que se mueva durante el ejercicio. El amplio compartimento principal de 5 litros es compatible con una bolsa de agua.<\/p>\n<p>Adem\u00e1s, este chaleco cuenta con bolsillos especialmente dise\u00f1ados para las botellas EazyFlask y \u00abPress to drink\u00bb, situados estrat\u00e9gicamente en los tirantes, as\u00ed como con c\u00f3modos portabastones de f\u00e1cil acceso.<\/p>\n<table>\n<tbody>\n<tr>\n<td>Caracter\u00edsticas principales<\/td>\n<td>Costuras planas cortadas con l\u00e1ser, tejido el\u00e1stico para un equilibrio \u00f3ptimo entre estabilidad y durabilidad, elementos reflectantes estampados en la parte delantera y trasera; el env\u00edo incluye 2 botellas EazyFlask de 600 ml.<\/td>\n<\/tr>\n<tr>\n<td>Bolso<\/td>\n<td>Mochila tipo chaleco con 9 bolsillos, entre los que se incluyen un bolsillo delantero con cremallera, bolsillos para GPS en los hombros y bolsillos compartimentados para una mejor organizaci\u00f3n interna (1 bolsillo con cremallera)<\/td>\n<\/tr>\n<tr>\n<td>Sistema de hidrataci\u00f3n<\/td>\n<td>2 bolsillos delanteros compatibles con nuestra botella EazyFlask \u00abPress to drink\u00bb; los bolsillos principales, de 5 litros, tienen capacidad para una bolsa de agua.<\/td>\n<\/tr>\n<tr>\n<td>Sistema de cierre<\/td>\n<td>Arn\u00e9s de monofilamento de poli\u00e9ster (hidr\u00f3fobo) para un ajuste perfecto al cuerpo, 2 hebillas microm\u00e9tricas Freelock\u00ae de ajuste y 2 correas pectorales.<\/td>\n<\/tr>\n<tr>\n<td>Porta-p\u00e1los<\/td>\n<td>Porta-bastones<\/td>\n<\/tr>\n<tr>\n<td>Seguridad<\/td>\n<td>Silbato y detalles reflectantes de seguridad impresos.<\/td>\n<\/tr>\n<tr>\n<td>Material exterior<\/td>\n<td>61 % poli\u00e9ster, 33 % nailon, 6 % elastano<\/td>\n<\/tr>\n<\/tbody>\n<\/table>\n","protected":false},"excerpt":{"rendered":"<p><span style=\"font-weight: 400\">\u00bfBuscas rendimiento y sencillez? \u00a1La l\u00ednea Responsiv es lo que necesitas! Si prefieres viajar ligero, la Responsiv de 6 litros es la mochila m\u00e1s peque\u00f1a tanto en tama\u00f1o como en capacidad, y es ideal para llevar contigo lo imprescindible en tus carreras de corta y media distancia.<\/span><\/p>\n","protected":false},"featured_media":232352,"template":"","meta":{"_acf_changed":false,"inline_featured_image":false},"product_brand":[],"product_cat":[24205,24408,24426],"product_tag":[23502],"class_list":{"0":"post-274354","1":"product","2":"type-product","3":"status-publish","4":"has-post-thumbnail","6":"product_cat-accesorios","7":"product_cat-mochilas-es","8":"product_cat-mochilas-y-cinturones-es","9":"product_tag-raidlight-es","10":"pa_attivita-trail-es","11":"pa_colore-responsiv-vest-6l-black-blue-es","12":"pa_colore-responsiv-vest-6l-blu-es","13":"pa_marca-raidlight-es","14":"pa_sesso-hombre","15":"pa_size-small-es","17":"first","18":"instock","19":"sale","20":"taxable","21":"shipping-taxable","22":"purchasable","23":"product-type-variable","24":"wvs-archive-product-wrapper"},"acf":[],"yoast_head":"<!-- This site is optimized with the Yoast SEO plugin v26.8 - https:\/\/yoast.com\/product\/yoast-seo-wordpress\/ -->\n<title>Raidlight Responsiv Vest 6 litros hombre - MioMioRun.com<\/title>\n<meta name=\"description\" content=\"\u00a1La l\u00ednea Responsiv es justo lo que necesitas! La Responsiv es la mochila m\u00e1s peque\u00f1a, ideal para llevar contigo lo imprescindible para tus carreras\" \/>\n<meta name=\"robots\" content=\"index, follow, max-snippet:-1, max-image-preview:large, max-video-preview:-1\" \/>\n<link rel=\"canonical\" href=\"https:\/\/www.miomiorun.com\/es\/producto\/responsiv-vest-6-litros-hombre\/\" \/>\n<meta property=\"og:locale\" content=\"es_ES\" \/>\n<meta property=\"og:type\" content=\"article\" \/>\n<meta property=\"og:title\" content=\"Raidlight Responsiv Vest 6 litros hombre - MioMioRun.com\" \/>\n<meta property=\"og:description\" content=\"\u00a1La l\u00ednea Responsiv es justo lo que necesitas! La Responsiv es la mochila m\u00e1s peque\u00f1a, ideal para llevar contigo lo imprescindible para tus carreras\" \/>\n<meta property=\"og:url\" content=\"https:\/\/www.miomiorun.com\/es\/producto\/responsiv-vest-6-litros-hombre\/\" \/>\n<meta property=\"og:site_name\" content=\"MioMioRun\" \/>\n<meta property=\"article:publisher\" content=\"https:\/\/www.facebook.com\/miomiorun\/\" \/>\n<meta property=\"article:modified_time\" content=\"2026-04-29T08:40:19+00:00\" \/>\n<meta property=\"og:image\" content=\"https:\/\/www.miomiorun.com\/app\/uploads\/2021\/06\/raidlight-Responsiv-Vest-6L-GRJMB55.jpg\" \/>\n\t<meta property=\"og:image:width\" content=\"600\" \/>\n\t<meta property=\"og:image:height\" content=\"600\" \/>\n\t<meta property=\"og:image:type\" content=\"image\/jpeg\" \/>\n<meta name=\"twitter:card\" content=\"summary_large_image\" \/>\n<meta name=\"twitter:label1\" content=\"Est. reading time\" \/>\n\t<meta name=\"twitter:data1\" content=\"1 minute\" \/>\n<script type=\"application\/ld+json\" class=\"yoast-schema-graph\">{\"@context\":\"https:\/\/schema.org\",\"@graph\":[{\"@type\":\"WebPage\",\"@id\":\"https:\/\/www.miomiorun.com\/es\/producto\/responsiv-vest-6-litros-hombre\/\",\"url\":\"https:\/\/www.miomiorun.com\/es\/producto\/responsiv-vest-6-litros-hombre\/\",\"name\":\"Raidlight Responsiv Vest 6 litros hombre - MioMioRun.com\",\"isPartOf\":{\"@id\":\"https:\/\/www.miomiorun.com\/es\/#website\"},\"primaryImageOfPage\":{\"@id\":\"https:\/\/www.miomiorun.com\/es\/producto\/responsiv-vest-6-litros-hombre\/#primaryimage\"},\"image\":{\"@id\":\"https:\/\/www.miomiorun.com\/es\/producto\/responsiv-vest-6-litros-hombre\/#primaryimage\"},\"thumbnailUrl\":\"https:\/\/www.miomiorun.com\/app\/uploads\/2021\/06\/raidlight-Responsiv-Vest-6L-GRJMB55.jpg\",\"datePublished\":\"2020-01-21T18:22:24+00:00\",\"dateModified\":\"2026-04-29T08:40:19+00:00\",\"description\":\"\u00a1La l\u00ednea Responsiv es justo lo que necesitas! La Responsiv es la mochila m\u00e1s peque\u00f1a, ideal para llevar contigo lo imprescindible para tus carreras\",\"breadcrumb\":{\"@id\":\"https:\/\/www.miomiorun.com\/es\/producto\/responsiv-vest-6-litros-hombre\/#breadcrumb\"},\"inLanguage\":\"es-ES\",\"potentialAction\":[{\"@type\":\"ReadAction\",\"target\":[\"https:\/\/www.miomiorun.com\/es\/producto\/responsiv-vest-6-litros-hombre\/\"]}]},{\"@type\":\"ImageObject\",\"inLanguage\":\"es-ES\",\"@id\":\"https:\/\/www.miomiorun.com\/es\/producto\/responsiv-vest-6-litros-hombre\/#primaryimage\",\"url\":\"https:\/\/www.miomiorun.com\/app\/uploads\/2021\/06\/raidlight-Responsiv-Vest-6L-GRJMB55.jpg\",\"contentUrl\":\"https:\/\/www.miomiorun.com\/app\/uploads\/2021\/06\/raidlight-Responsiv-Vest-6L-GRJMB55.jpg\",\"width\":600,\"height\":600,\"caption\":\"raidlight responsiv vest 6l\"},{\"@type\":\"BreadcrumbList\",\"@id\":\"https:\/\/www.miomiorun.com\/es\/producto\/responsiv-vest-6-litros-hombre\/#breadcrumb\",\"itemListElement\":[{\"@type\":\"ListItem\",\"position\":1,\"name\":\"Home\",\"item\":\"https:\/\/www.miomiorun.com\/es\/\"},{\"@type\":\"ListItem\",\"position\":2,\"name\":\"Shop\",\"item\":\"https:\/\/www.miomiorun.com\/shop\/\"},{\"@type\":\"ListItem\",\"position\":3,\"name\":\"Responsiv Vest 6 litros hombre\"}]},{\"@type\":\"WebSite\",\"@id\":\"https:\/\/www.miomiorun.com\/es\/#website\",\"url\":\"https:\/\/www.miomiorun.com\/es\/\",\"name\":\"MioMioRun\",\"description\":\"Tienda 100% running y trail\",\"publisher\":{\"@id\":\"https:\/\/www.miomiorun.com\/es\/#organization\"},\"potentialAction\":[{\"@type\":\"SearchAction\",\"target\":{\"@type\":\"EntryPoint\",\"urlTemplate\":\"https:\/\/www.miomiorun.com\/es\/?s={search_term_string}\"},\"query-input\":{\"@type\":\"PropertyValueSpecification\",\"valueRequired\":true,\"valueName\":\"search_term_string\"}}],\"inLanguage\":\"es-ES\"},{\"@type\":\"Organization\",\"@id\":\"https:\/\/www.miomiorun.com\/es\/#organization\",\"name\":\"MioMio Run\",\"url\":\"https:\/\/www.miomiorun.com\/es\/\",\"logo\":{\"@type\":\"ImageObject\",\"inLanguage\":\"es-ES\",\"@id\":\"https:\/\/www.miomiorun.com\/es\/#\/schema\/logo\/image\/\",\"url\":\"https:\/\/www.miomiorun.com\/app\/uploads\/2019\/12\/logomio.png\",\"contentUrl\":\"https:\/\/www.miomiorun.com\/app\/uploads\/2019\/12\/logomio.png\",\"width\":115,\"height\":82,\"caption\":\"MioMio Run\"},\"image\":{\"@id\":\"https:\/\/www.miomiorun.com\/es\/#\/schema\/logo\/image\/\"},\"sameAs\":[\"https:\/\/www.facebook.com\/miomiorun\/\",\"https:\/\/www.instagram.com\/miomiorun\/\"]}]}<\/script>\n<!-- \/ Yoast SEO plugin. -->","yoast_head_json":{"title":"Raidlight Responsiv Vest 6 litros hombre - MioMioRun.com","description":"\u00a1La l\u00ednea Responsiv es justo lo que necesitas! La Responsiv es la mochila m\u00e1s peque\u00f1a, ideal para llevar contigo lo imprescindible para tus carreras","robots":{"index":"index","follow":"follow","max-snippet":"max-snippet:-1","max-image-preview":"max-image-preview:large","max-video-preview":"max-video-preview:-1"},"canonical":"https:\/\/www.miomiorun.com\/es\/producto\/responsiv-vest-6-litros-hombre\/","og_locale":"es_ES","og_type":"article","og_title":"Raidlight Responsiv Vest 6 litros hombre - MioMioRun.com","og_description":"\u00a1La l\u00ednea Responsiv es justo lo que necesitas! La Responsiv es la mochila m\u00e1s peque\u00f1a, ideal para llevar contigo lo imprescindible para tus carreras","og_url":"https:\/\/www.miomiorun.com\/es\/producto\/responsiv-vest-6-litros-hombre\/","og_site_name":"MioMioRun","article_publisher":"https:\/\/www.facebook.com\/miomiorun\/","article_modified_time":"2026-04-29T08:40:19+00:00","og_image":[{"width":600,"height":600,"url":"https:\/\/www.miomiorun.com\/app\/uploads\/2021\/06\/raidlight-Responsiv-Vest-6L-GRJMB55.jpg","type":"image\/jpeg"}],"twitter_card":"summary_large_image","twitter_misc":{"Est. reading time":"1 minute"},"schema":{"@context":"https:\/\/schema.org","@graph":[{"@type":"WebPage","@id":"https:\/\/www.miomiorun.com\/es\/producto\/responsiv-vest-6-litros-hombre\/","url":"https:\/\/www.miomiorun.com\/es\/producto\/responsiv-vest-6-litros-hombre\/","name":"Raidlight Responsiv Vest 6 litros hombre - MioMioRun.com","isPartOf":{"@id":"https:\/\/www.miomiorun.com\/es\/#website"},"primaryImageOfPage":{"@id":"https:\/\/www.miomiorun.com\/es\/producto\/responsiv-vest-6-litros-hombre\/#primaryimage"},"image":{"@id":"https:\/\/www.miomiorun.com\/es\/producto\/responsiv-vest-6-litros-hombre\/#primaryimage"},"thumbnailUrl":"https:\/\/www.miomiorun.com\/app\/uploads\/2021\/06\/raidlight-Responsiv-Vest-6L-GRJMB55.jpg","datePublished":"2020-01-21T18:22:24+00:00","dateModified":"2026-04-29T08:40:19+00:00","description":"\u00a1La l\u00ednea Responsiv es justo lo que necesitas! La Responsiv es la mochila m\u00e1s peque\u00f1a, ideal para llevar contigo lo imprescindible para tus carreras","breadcrumb":{"@id":"https:\/\/www.miomiorun.com\/es\/producto\/responsiv-vest-6-litros-hombre\/#breadcrumb"},"inLanguage":"es-ES","potentialAction":[{"@type":"ReadAction","target":["https:\/\/www.miomiorun.com\/es\/producto\/responsiv-vest-6-litros-hombre\/"]}]},{"@type":"ImageObject","inLanguage":"es-ES","@id":"https:\/\/www.miomiorun.com\/es\/producto\/responsiv-vest-6-litros-hombre\/#primaryimage","url":"https:\/\/www.miomiorun.com\/app\/uploads\/2021\/06\/raidlight-Responsiv-Vest-6L-GRJMB55.jpg","contentUrl":"https:\/\/www.miomiorun.com\/app\/uploads\/2021\/06\/raidlight-Responsiv-Vest-6L-GRJMB55.jpg","width":600,"height":600,"caption":"raidlight responsiv vest 6l"},{"@type":"BreadcrumbList","@id":"https:\/\/www.miomiorun.com\/es\/producto\/responsiv-vest-6-litros-hombre\/#breadcrumb","itemListElement":[{"@type":"ListItem","position":1,"name":"Home","item":"https:\/\/www.miomiorun.com\/es\/"},{"@type":"ListItem","position":2,"name":"Shop","item":"https:\/\/www.miomiorun.com\/shop\/"},{"@type":"ListItem","position":3,"name":"Responsiv Vest 6 litros hombre"}]},{"@type":"WebSite","@id":"https:\/\/www.miomiorun.com\/es\/#website","url":"https:\/\/www.miomiorun.com\/es\/","name":"MioMioRun","description":"Tienda 100% running y trail","publisher":{"@id":"https:\/\/www.miomiorun.com\/es\/#organization"},"potentialAction":[{"@type":"SearchAction","target":{"@type":"EntryPoint","urlTemplate":"https:\/\/www.miomiorun.com\/es\/?s={search_term_string}"},"query-input":{"@type":"PropertyValueSpecification","valueRequired":true,"valueName":"search_term_string"}}],"inLanguage":"es-ES"},{"@type":"Organization","@id":"https:\/\/www.miomiorun.com\/es\/#organization","name":"MioMio Run","url":"https:\/\/www.miomiorun.com\/es\/","logo":{"@type":"ImageObject","inLanguage":"es-ES","@id":"https:\/\/www.miomiorun.com\/es\/#\/schema\/logo\/image\/","url":"https:\/\/www.miomiorun.com\/app\/uploads\/2019\/12\/logomio.png","contentUrl":"https:\/\/www.miomiorun.com\/app\/uploads\/2019\/12\/logomio.png","width":115,"height":82,"caption":"MioMio Run"},"image":{"@id":"https:\/\/www.miomiorun.com\/es\/#\/schema\/logo\/image\/"},"sameAs":["https:\/\/www.facebook.com\/miomiorun\/","https:\/\/www.instagram.com\/miomiorun\/"]}]}},"_links":{"self":[{"href":"https:\/\/www.miomiorun.com\/es\/wp-json\/wp\/v2\/product\/274354","targetHints":{"allow":["GET"]}}],"collection":[{"href":"https:\/\/www.miomiorun.com\/es\/wp-json\/wp\/v2\/product"}],"about":[{"href":"https:\/\/www.miomiorun.com\/es\/wp-json\/wp\/v2\/types\/product"}],"wp:featuredmedia":[{"embeddable":true,"href":"https:\/\/www.miomiorun.com\/es\/wp-json\/wp\/v2\/media\/232352"}],"wp:attachment":[{"href":"https:\/\/www.miomiorun.com\/es\/wp-json\/wp\/v2\/media?parent=274354"}],"wp:term":[{"taxonomy":"product_brand","embeddable":true,"href":"https:\/\/www.miomiorun.com\/es\/wp-json\/wp\/v2\/product_brand?post=274354"},{"taxonomy":"product_cat","embeddable":true,"href":"https:\/\/www.miomiorun.com\/es\/wp-json\/wp\/v2\/product_cat?post=274354"},{"taxonomy":"product_tag","embeddable":true,"href":"https:\/\/www.miomiorun.com\/es\/wp-json\/wp\/v2\/product_tag?post=274354"}],"curies":[{"name":"wp","href":"https:\/\/api.w.org\/{rel}","templated":true}]}}