{"id":274293,"date":"2020-02-24T19:43:30","date_gmt":"2020-02-24T18:43:30","guid":{"rendered":"https:\/\/miomiorun.com\/prodotto\/la-sportiva-tempesta-gtx-donna\/"},"modified":"2025-05-23T18:23:22","modified_gmt":"2025-05-23T16:23:22","slug":"la-sportiva-tempesta-gtx-mujer","status":"publish","type":"product","link":"https:\/\/www.miomiorun.com\/es\/producto\/la-sportiva-tempesta-gtx-mujer\/","title":{"rendered":"Tempesta GTX mujer"},"content":{"rendered":"<div class=\"vc-row container\"><div class=\"vc-column\"><div class=\"vc-column-text\"><\/p>\n<p><strong>Especificaciones t\u00e9cnicas<\/strong><\/p>\n<p>Categor\u00eda: amortiguaci\u00f3n superior<br \/>\nOffset: 10 mm<br \/>\nPeso: 300 g<br \/>\nIdeal para : corredores y senderistas de monta\u00f1a que buscan un modelo de cross-country que proporcione tracci\u00f3n, protecci\u00f3n, impermeabilidad y un ajuste c\u00f3modo tanto en distancias largas como medias.<br \/>\nPeso del atleta : 60-70 kg<br \/>\nRitmo de carrera : medio-lento (&gt;5.00 min\/km)<br \/>\n<a href=\"https:\/\/miomiorun.com\/es\/guia-especifica\/\">Gu\u00eda de especificaciones<\/a><\/p>\n<p><\/div><\/div><div class=\"vc-column\"><div class=\"vc-column-text\">Zapatilla de invierno impermeable dise\u00f1ada para el entrenamiento y el uso diario en los meses de invierno como preparaci\u00f3n para las carreras de primavera. Vers\u00e1til, ligera y r\u00e1pida de calzar gracias a la construcci\u00f3n Sock-Shield, es perfecta para correr en diferentes tipos de terreno todoterreno gracias a la suela de tacos con At Grip Spikes.<br \/>\nLa suela de gran agarre hace que sea m\u00e1s f\u00e1cil enfrentarse a superficies resbaladizas y mantener el agarre en terrenos blandos o helados gracias a los tacos pronunciados y a la compatibilidad con los AT-Grip Spikes extra\u00edbles. El sistema de lazada r\u00e1pido e intuitivo con bolsillo de cordones retr\u00e1ctil combinado con el collar Sock-Shield de construcci\u00f3n deslizante ofrece un buen rendimiento y comodidad con una polaina integrada para envolver el pie por completo sin huecos ni fuelles adicionales: impide totalmente la entrada de piedras, barro y nieve. El sistema de lazada est\u00e1 integrado con la estructura del empeine interior: esta soluci\u00f3n permite ajustar los vol\u00famenes y el nivel de adherencia del calzado al pie para una conducci\u00f3n precisa y estable, incluso en traves\u00edas. La ausencia total de costuras externas y la membrana Gore-Tex superflexible, impermeable y transpirable hacen de la Tempesta la zapatilla perfecta para el entrenamiento atl\u00e9tico en los meses de invierno.<\/p>\n<p><b>Parte superior:<\/b><br \/>\nMalla \u00fanica antiabrasi\u00f3n repelente al agua con impresi\u00f3n por sublimaci\u00f3n + cuello de construcci\u00f3n Sock-Shield<br \/>\nForro<b>:<\/b><br \/>\nConstrucci\u00f3n Gore\u00ae Flex<br \/>\n<b>Plantilla:<\/b><br \/>\nOrtholite Mountain Running Ergonomic 4 mm<br \/>\n<b>Entresuela:<\/b><br \/>\nMEMlex EVA inyectada con inserto estabilizador<br \/>\n<b>Suela:<\/b><br \/>\nFriXion AT compuesto compatible con AT Grip Spike extra\u00edble.<\/div><\/div><\/div>\n","protected":false},"excerpt":{"rendered":"","protected":false},"featured_media":355912,"template":"","meta":{"_acf_changed":false,"inline_featured_image":false},"product_brand":[],"product_cat":[24227,24230],"product_tag":[23598,23640],"class_list":{"0":"post-274293","1":"product","2":"type-product","3":"status-publish","4":"has-post-thumbnail","6":"product_cat-calzado-femenino","7":"product_cat-trail-es","8":"product_tag-la-sportiva-es","9":"product_tag-la-sportiva-mujer","10":"pa_attivita-outdoor-es","11":"pa_attivita-trail-es","12":"pa_colore-tempesta-gtx-w-tea-cherry-tomato-es","13":"pa_colore-tempesta-w-gtx-carbon-savana","14":"pa_marca-la-sportiva-es","15":"pa_sesso-mujer","16":"pa_size-37-5-es","17":"pa_size-38-5-es","18":"pa_size-39-es","19":"pa_size-39-5-es","20":"pa_size-40-es","21":"pa_size-40-5-es","22":"pa_size-41-5-es","23":"pa_size-42-es","25":"first","26":"instock","27":"sale","28":"taxable","29":"shipping-taxable","30":"purchasable","31":"product-type-variable","32":"wvs-archive-product-wrapper"},"acf":[],"yoast_head":"<!-- This site is optimized with the Yoast SEO plugin v26.8 - https:\/\/yoast.com\/product\/yoast-seo-wordpress\/ -->\n<title>La sportiva Tempesta GTX mujer - Zapatos de trail - MioMioRun .com<\/title>\n<meta name=\"description\" content=\"Descubre La Sportiva Tempesta GTX para mujer en MioMioRun.com, una zapatilla de running de invierno dise\u00f1ada para el entrenamiento diario en los meses de invierno.\" \/>\n<meta name=\"robots\" content=\"index, follow, max-snippet:-1, max-image-preview:large, max-video-preview:-1\" \/>\n<link rel=\"canonical\" href=\"https:\/\/www.miomiorun.com\/es\/producto\/la-sportiva-tempesta-gtx-mujer\/\" \/>\n<meta property=\"og:locale\" content=\"es_ES\" \/>\n<meta property=\"og:type\" content=\"article\" \/>\n<meta property=\"og:title\" content=\"La sportiva Tempesta GTX mujer - Zapatos de trail - MioMioRun .com\" \/>\n<meta property=\"og:description\" content=\"Descubre La Sportiva Tempesta GTX para mujer en MioMioRun.com, una zapatilla de running de invierno dise\u00f1ada para el entrenamiento diario en los meses de invierno.\" \/>\n<meta property=\"og:url\" content=\"https:\/\/www.miomiorun.com\/es\/producto\/la-sportiva-tempesta-gtx-mujer\/\" \/>\n<meta property=\"og:site_name\" content=\"MioMioRun\" \/>\n<meta property=\"article:publisher\" content=\"https:\/\/www.facebook.com\/miomiorun\/\" \/>\n<meta property=\"article:modified_time\" content=\"2025-05-23T16:23:22+00:00\" \/>\n<meta property=\"og:image\" content=\"https:\/\/www.miomiorun.com\/app\/uploads\/2022\/09\/la-sportiva-tempesta-GTX-W-denim-taupe-36G628801.jpg\" \/>\n\t<meta property=\"og:image:width\" content=\"600\" \/>\n\t<meta property=\"og:image:height\" content=\"600\" \/>\n\t<meta property=\"og:image:type\" content=\"image\/jpeg\" \/>\n<meta name=\"twitter:card\" content=\"summary_large_image\" \/>\n<meta name=\"twitter:label1\" content=\"Est. reading time\" \/>\n\t<meta name=\"twitter:data1\" content=\"2 minutes\" \/>\n<script type=\"application\/ld+json\" class=\"yoast-schema-graph\">{\"@context\":\"https:\/\/schema.org\",\"@graph\":[{\"@type\":\"WebPage\",\"@id\":\"https:\/\/www.miomiorun.com\/es\/producto\/la-sportiva-tempesta-gtx-mujer\/\",\"url\":\"https:\/\/www.miomiorun.com\/es\/producto\/la-sportiva-tempesta-gtx-mujer\/\",\"name\":\"La sportiva Tempesta GTX mujer - Zapatos de trail - MioMioRun .com\",\"isPartOf\":{\"@id\":\"https:\/\/www.miomiorun.com\/es\/#website\"},\"primaryImageOfPage\":{\"@id\":\"https:\/\/www.miomiorun.com\/es\/producto\/la-sportiva-tempesta-gtx-mujer\/#primaryimage\"},\"image\":{\"@id\":\"https:\/\/www.miomiorun.com\/es\/producto\/la-sportiva-tempesta-gtx-mujer\/#primaryimage\"},\"thumbnailUrl\":\"https:\/\/www.miomiorun.com\/app\/uploads\/2025\/10\/la-sportiva-Tempesta-W-GTX-carbon-savana-ZFRS119G00E32.webp\",\"datePublished\":\"2020-02-24T18:43:30+00:00\",\"dateModified\":\"2025-05-23T16:23:22+00:00\",\"description\":\"Descubre La Sportiva Tempesta GTX para mujer en MioMioRun.com, una zapatilla de running de invierno dise\u00f1ada para el entrenamiento diario en los meses de invierno.\",\"breadcrumb\":{\"@id\":\"https:\/\/www.miomiorun.com\/es\/producto\/la-sportiva-tempesta-gtx-mujer\/#breadcrumb\"},\"inLanguage\":\"es-ES\",\"potentialAction\":[{\"@type\":\"ReadAction\",\"target\":[\"https:\/\/www.miomiorun.com\/es\/producto\/la-sportiva-tempesta-gtx-mujer\/\"]}]},{\"@type\":\"ImageObject\",\"inLanguage\":\"es-ES\",\"@id\":\"https:\/\/www.miomiorun.com\/es\/producto\/la-sportiva-tempesta-gtx-mujer\/#primaryimage\",\"url\":\"https:\/\/www.miomiorun.com\/app\/uploads\/2025\/10\/la-sportiva-Tempesta-W-GTX-carbon-savana-ZFRS119G00E32.webp\",\"contentUrl\":\"https:\/\/www.miomiorun.com\/app\/uploads\/2025\/10\/la-sportiva-Tempesta-W-GTX-carbon-savana-ZFRS119G00E32.webp\",\"width\":720,\"height\":720,\"caption\":\"la sportiva Tempesta W GTX carbon savana ZFRS119G00E32\"},{\"@type\":\"BreadcrumbList\",\"@id\":\"https:\/\/www.miomiorun.com\/es\/producto\/la-sportiva-tempesta-gtx-mujer\/#breadcrumb\",\"itemListElement\":[{\"@type\":\"ListItem\",\"position\":1,\"name\":\"Home\",\"item\":\"https:\/\/www.miomiorun.com\/es\/\"},{\"@type\":\"ListItem\",\"position\":2,\"name\":\"Shop\",\"item\":\"https:\/\/www.miomiorun.com\/shop\/\"},{\"@type\":\"ListItem\",\"position\":3,\"name\":\"Tempesta GTX mujer\"}]},{\"@type\":\"WebSite\",\"@id\":\"https:\/\/www.miomiorun.com\/es\/#website\",\"url\":\"https:\/\/www.miomiorun.com\/es\/\",\"name\":\"MioMioRun\",\"description\":\"Tienda 100% running y trail\",\"publisher\":{\"@id\":\"https:\/\/www.miomiorun.com\/es\/#organization\"},\"potentialAction\":[{\"@type\":\"SearchAction\",\"target\":{\"@type\":\"EntryPoint\",\"urlTemplate\":\"https:\/\/www.miomiorun.com\/es\/?s={search_term_string}\"},\"query-input\":{\"@type\":\"PropertyValueSpecification\",\"valueRequired\":true,\"valueName\":\"search_term_string\"}}],\"inLanguage\":\"es-ES\"},{\"@type\":\"Organization\",\"@id\":\"https:\/\/www.miomiorun.com\/es\/#organization\",\"name\":\"MioMio Run\",\"url\":\"https:\/\/www.miomiorun.com\/es\/\",\"logo\":{\"@type\":\"ImageObject\",\"inLanguage\":\"es-ES\",\"@id\":\"https:\/\/www.miomiorun.com\/es\/#\/schema\/logo\/image\/\",\"url\":\"https:\/\/www.miomiorun.com\/app\/uploads\/2019\/12\/logomio.png\",\"contentUrl\":\"https:\/\/www.miomiorun.com\/app\/uploads\/2019\/12\/logomio.png\",\"width\":115,\"height\":82,\"caption\":\"MioMio Run\"},\"image\":{\"@id\":\"https:\/\/www.miomiorun.com\/es\/#\/schema\/logo\/image\/\"},\"sameAs\":[\"https:\/\/www.facebook.com\/miomiorun\/\",\"https:\/\/www.instagram.com\/miomiorun\/\"]}]}<\/script>\n<!-- \/ Yoast SEO plugin. -->","yoast_head_json":{"title":"La sportiva Tempesta GTX mujer - Zapatos de trail - MioMioRun .com","description":"Descubre La Sportiva Tempesta GTX para mujer en MioMioRun.com, una zapatilla de running de invierno dise\u00f1ada para el entrenamiento diario en los meses de invierno.","robots":{"index":"index","follow":"follow","max-snippet":"max-snippet:-1","max-image-preview":"max-image-preview:large","max-video-preview":"max-video-preview:-1"},"canonical":"https:\/\/www.miomiorun.com\/es\/producto\/la-sportiva-tempesta-gtx-mujer\/","og_locale":"es_ES","og_type":"article","og_title":"La sportiva Tempesta GTX mujer - Zapatos de trail - MioMioRun .com","og_description":"Descubre La Sportiva Tempesta GTX para mujer en MioMioRun.com, una zapatilla de running de invierno dise\u00f1ada para el entrenamiento diario en los meses de invierno.","og_url":"https:\/\/www.miomiorun.com\/es\/producto\/la-sportiva-tempesta-gtx-mujer\/","og_site_name":"MioMioRun","article_publisher":"https:\/\/www.facebook.com\/miomiorun\/","article_modified_time":"2025-05-23T16:23:22+00:00","og_image":[{"width":600,"height":600,"url":"https:\/\/www.miomiorun.com\/app\/uploads\/2022\/09\/la-sportiva-tempesta-GTX-W-denim-taupe-36G628801.jpg","type":"image\/jpeg"}],"twitter_card":"summary_large_image","twitter_misc":{"Est. reading time":"2 minutes"},"schema":{"@context":"https:\/\/schema.org","@graph":[{"@type":"WebPage","@id":"https:\/\/www.miomiorun.com\/es\/producto\/la-sportiva-tempesta-gtx-mujer\/","url":"https:\/\/www.miomiorun.com\/es\/producto\/la-sportiva-tempesta-gtx-mujer\/","name":"La sportiva Tempesta GTX mujer - Zapatos de trail - MioMioRun .com","isPartOf":{"@id":"https:\/\/www.miomiorun.com\/es\/#website"},"primaryImageOfPage":{"@id":"https:\/\/www.miomiorun.com\/es\/producto\/la-sportiva-tempesta-gtx-mujer\/#primaryimage"},"image":{"@id":"https:\/\/www.miomiorun.com\/es\/producto\/la-sportiva-tempesta-gtx-mujer\/#primaryimage"},"thumbnailUrl":"https:\/\/www.miomiorun.com\/app\/uploads\/2025\/10\/la-sportiva-Tempesta-W-GTX-carbon-savana-ZFRS119G00E32.webp","datePublished":"2020-02-24T18:43:30+00:00","dateModified":"2025-05-23T16:23:22+00:00","description":"Descubre La Sportiva Tempesta GTX para mujer en MioMioRun.com, una zapatilla de running de invierno dise\u00f1ada para el entrenamiento diario en los meses de invierno.","breadcrumb":{"@id":"https:\/\/www.miomiorun.com\/es\/producto\/la-sportiva-tempesta-gtx-mujer\/#breadcrumb"},"inLanguage":"es-ES","potentialAction":[{"@type":"ReadAction","target":["https:\/\/www.miomiorun.com\/es\/producto\/la-sportiva-tempesta-gtx-mujer\/"]}]},{"@type":"ImageObject","inLanguage":"es-ES","@id":"https:\/\/www.miomiorun.com\/es\/producto\/la-sportiva-tempesta-gtx-mujer\/#primaryimage","url":"https:\/\/www.miomiorun.com\/app\/uploads\/2025\/10\/la-sportiva-Tempesta-W-GTX-carbon-savana-ZFRS119G00E32.webp","contentUrl":"https:\/\/www.miomiorun.com\/app\/uploads\/2025\/10\/la-sportiva-Tempesta-W-GTX-carbon-savana-ZFRS119G00E32.webp","width":720,"height":720,"caption":"la sportiva Tempesta W GTX carbon savana ZFRS119G00E32"},{"@type":"BreadcrumbList","@id":"https:\/\/www.miomiorun.com\/es\/producto\/la-sportiva-tempesta-gtx-mujer\/#breadcrumb","itemListElement":[{"@type":"ListItem","position":1,"name":"Home","item":"https:\/\/www.miomiorun.com\/es\/"},{"@type":"ListItem","position":2,"name":"Shop","item":"https:\/\/www.miomiorun.com\/shop\/"},{"@type":"ListItem","position":3,"name":"Tempesta GTX mujer"}]},{"@type":"WebSite","@id":"https:\/\/www.miomiorun.com\/es\/#website","url":"https:\/\/www.miomiorun.com\/es\/","name":"MioMioRun","description":"Tienda 100% running y trail","publisher":{"@id":"https:\/\/www.miomiorun.com\/es\/#organization"},"potentialAction":[{"@type":"SearchAction","target":{"@type":"EntryPoint","urlTemplate":"https:\/\/www.miomiorun.com\/es\/?s={search_term_string}"},"query-input":{"@type":"PropertyValueSpecification","valueRequired":true,"valueName":"search_term_string"}}],"inLanguage":"es-ES"},{"@type":"Organization","@id":"https:\/\/www.miomiorun.com\/es\/#organization","name":"MioMio Run","url":"https:\/\/www.miomiorun.com\/es\/","logo":{"@type":"ImageObject","inLanguage":"es-ES","@id":"https:\/\/www.miomiorun.com\/es\/#\/schema\/logo\/image\/","url":"https:\/\/www.miomiorun.com\/app\/uploads\/2019\/12\/logomio.png","contentUrl":"https:\/\/www.miomiorun.com\/app\/uploads\/2019\/12\/logomio.png","width":115,"height":82,"caption":"MioMio Run"},"image":{"@id":"https:\/\/www.miomiorun.com\/es\/#\/schema\/logo\/image\/"},"sameAs":["https:\/\/www.facebook.com\/miomiorun\/","https:\/\/www.instagram.com\/miomiorun\/"]}]}},"_links":{"self":[{"href":"https:\/\/www.miomiorun.com\/es\/wp-json\/wp\/v2\/product\/274293","targetHints":{"allow":["GET"]}}],"collection":[{"href":"https:\/\/www.miomiorun.com\/es\/wp-json\/wp\/v2\/product"}],"about":[{"href":"https:\/\/www.miomiorun.com\/es\/wp-json\/wp\/v2\/types\/product"}],"wp:featuredmedia":[{"embeddable":true,"href":"https:\/\/www.miomiorun.com\/es\/wp-json\/wp\/v2\/media\/355912"}],"wp:attachment":[{"href":"https:\/\/www.miomiorun.com\/es\/wp-json\/wp\/v2\/media?parent=274293"}],"wp:term":[{"taxonomy":"product_brand","embeddable":true,"href":"https:\/\/www.miomiorun.com\/es\/wp-json\/wp\/v2\/product_brand?post=274293"},{"taxonomy":"product_cat","embeddable":true,"href":"https:\/\/www.miomiorun.com\/es\/wp-json\/wp\/v2\/product_cat?post=274293"},{"taxonomy":"product_tag","embeddable":true,"href":"https:\/\/www.miomiorun.com\/es\/wp-json\/wp\/v2\/product_tag?post=274293"}],"curies":[{"name":"wp","href":"https:\/\/api.w.org\/{rel}","templated":true}]}}